{"id":13,"date":"2013-05-17T13:46:46","date_gmt":"2013-05-17T10:46:46","guid":{"rendered":"http:\/\/www.kaani.net\/?page_id=13"},"modified":"2021-10-06T11:26:09","modified_gmt":"2021-10-06T08:26:09","slug":"tuotesuunnittelu","status":"publish","type":"page","link":"https:\/\/kaani.net\/en\/tuotesuunnittelu\/","title":{"rendered":"Product Design"},"content":{"rendered":"<p align=\"LEFT\">&#8220;Me Kaanilla olemme sanomattoman onnellisia joka kerran kuullessamme kuluttajan hankkivan vaihtohuppua tuoliinsa tai kunnostuttavan vanhan ja pinnaltaan jo kuluneen Kaani tuotteen. Silloin tied\u00e4mme asiakkaan olevan tyytyv\u00e4inen valitsemaansa Kaani tuotteeseen.<\/p>\n<p align=\"LEFT\">My goal is to design products that stand the test of time - both in structure and appearance. We don't want to make products that are only momentarily at the top fashion trend of the era.   My aim is that our products feel stylish from decade to decade.<\/p>\n<p align=\"LEFT\">The structure of our products is designed in such a way that refurbishing is efforthless, especially in terms of surface treatment.<\/p>\n<p align=\"LEFT\">Our objective is to design timeless and durable products. Kaani furniture withstands not only physical stress but also time. \"<\/p>\n<p align=\"LEFT\">Esko Niinikorpi<\/p>\n<p align=\"LEFT\">Product designer and artist<\/p>\n<p align=\"LEFT\"><a href=\"http:\/\/&lt;iframe width=&quot;750&quot; height=&quot;1200&quot; src=&quot;https:\/\/www.finnishdesigners.fi\/portfolio\/esko.niinikorpi\/embed&quot; frameborder=&quot;0&quot;&gt;&lt;\/iframe&gt;\" target=\"_blank\" rel=\"noopener\" data-wplink-url-error=\"true\">Finnish Designers portfolio<\/a><\/p>\n<p align=\"LEFT\">\n<p align=\"LEFT\"><img loading=\"lazy\" decoding=\"async\" class=\"aligncenter size-full wp-image-3763\" src=\"https:\/\/kaani.net\/wp-content\/uploads\/2018\/09\/EN_200.jpg\" alt=\"Esko Niinikorpi\" width=\"200\" height=\"200\" srcset=\"https:\/\/kaani.net\/wp-content\/uploads\/2018\/09\/EN_200.jpg 200w, https:\/\/kaani.net\/wp-content\/uploads\/2018\/09\/EN_200-150x150.jpg 150w, https:\/\/kaani.net\/wp-content\/uploads\/2018\/09\/EN_200-100x100.jpg 100w\" sizes=\"auto, (max-width: 200px) 100vw, 200px\" \/><\/p>\n<figure id=\"attachment_2559\" aria-describedby=\"caption-attachment-2559\" style=\"width: 1000px\" class=\"wp-caption aligncenter\"><img loading=\"lazy\" decoding=\"async\" class=\"size-full wp-image-2559\" src=\"https:\/\/kaani.net\/wp-content\/uploads\/2018\/07\/jazz-chair-drawing_1000.jpg\" alt=\"Jazz chair drawing\" width=\"1000\" height=\"1000\" srcset=\"https:\/\/kaani.net\/wp-content\/uploads\/2018\/07\/jazz-chair-drawing_1000.jpg 1000w, https:\/\/kaani.net\/wp-content\/uploads\/2018\/07\/jazz-chair-drawing_1000-150x150.jpg 150w, https:\/\/kaani.net\/wp-content\/uploads\/2018\/07\/jazz-chair-drawing_1000-100x100.jpg 100w, https:\/\/kaani.net\/wp-content\/uploads\/2018\/07\/jazz-chair-drawing_1000-800x800.jpg 800w, https:\/\/kaani.net\/wp-content\/uploads\/2018\/07\/jazz-chair-drawing_1000-460x460.jpg 460w, https:\/\/kaani.net\/wp-content\/uploads\/2018\/07\/jazz-chair-drawing_1000-768x768.jpg 768w, https:\/\/kaani.net\/wp-content\/uploads\/2018\/07\/jazz-chair-drawing_1000-750x750.jpg 750w\" sizes=\"auto, (max-width: 1000px) 100vw, 1000px\" \/><figcaption id=\"caption-attachment-2559\" class=\"wp-caption-text\">Original Jazz sketch from year 2002.<\/figcaption><\/figure>\n<figure id=\"attachment_2510\" aria-describedby=\"caption-attachment-2510\" style=\"width: 1000px\" class=\"wp-caption aligncenter\"><img loading=\"lazy\" decoding=\"async\" class=\"size-full wp-image-2510\" src=\"https:\/\/kaani.net\/wp-content\/uploads\/2018\/07\/PoP_luonnos_1000.jpg\" alt=\"PoP recliner drawing\" width=\"1000\" height=\"1000\" srcset=\"https:\/\/kaani.net\/wp-content\/uploads\/2018\/07\/PoP_luonnos_1000.jpg 1000w, https:\/\/kaani.net\/wp-content\/uploads\/2018\/07\/PoP_luonnos_1000-150x150.jpg 150w, https:\/\/kaani.net\/wp-content\/uploads\/2018\/07\/PoP_luonnos_1000-100x100.jpg 100w, https:\/\/kaani.net\/wp-content\/uploads\/2018\/07\/PoP_luonnos_1000-800x800.jpg 800w, https:\/\/kaani.net\/wp-content\/uploads\/2018\/07\/PoP_luonnos_1000-460x460.jpg 460w, https:\/\/kaani.net\/wp-content\/uploads\/2018\/07\/PoP_luonnos_1000-768x768.jpg 768w, https:\/\/kaani.net\/wp-content\/uploads\/2018\/07\/PoP_luonnos_1000-750x750.jpg 750w\" sizes=\"auto, (max-width: 1000px) 100vw, 1000px\" \/><figcaption id=\"caption-attachment-2510\" class=\"wp-caption-text\">Original PoP sketch from year 2010.<\/figcaption><\/figure>\n<figure id=\"attachment_3766\" aria-describedby=\"caption-attachment-3766\" style=\"width: 1000px\" class=\"wp-caption aligncenter\"><img loading=\"lazy\" decoding=\"async\" class=\"size-full wp-image-3766\" src=\"https:\/\/kaani.net\/wp-content\/uploads\/2018\/09\/123_luonnos_20170911A_1000.jpg\" alt=\"Alkuper\u00e4inen 123 luonnos vuodelta 2017.\" width=\"1000\" height=\"1000\" srcset=\"https:\/\/kaani.net\/wp-content\/uploads\/2018\/09\/123_luonnos_20170911A_1000.jpg 1000w, https:\/\/kaani.net\/wp-content\/uploads\/2018\/09\/123_luonnos_20170911A_1000-150x150.jpg 150w, https:\/\/kaani.net\/wp-content\/uploads\/2018\/09\/123_luonnos_20170911A_1000-100x100.jpg 100w, https:\/\/kaani.net\/wp-content\/uploads\/2018\/09\/123_luonnos_20170911A_1000-800x800.jpg 800w, https:\/\/kaani.net\/wp-content\/uploads\/2018\/09\/123_luonnos_20170911A_1000-460x460.jpg 460w, https:\/\/kaani.net\/wp-content\/uploads\/2018\/09\/123_luonnos_20170911A_1000-768x768.jpg 768w, https:\/\/kaani.net\/wp-content\/uploads\/2018\/09\/123_luonnos_20170911A_1000-750x750.jpg 750w\" sizes=\"auto, (max-width: 1000px) 100vw, 1000px\" \/><figcaption id=\"caption-attachment-3766\" class=\"wp-caption-text\">Original 123 sketch from year 2017.<\/figcaption><\/figure>","protected":false},"excerpt":{"rendered":"<p>&#8220;Me Kaanilla olemme sanomattoman onnellisia joka kerran kuullessamme kuluttajan hankkivan vaihtohuppua tuoliinsa tai kunnostuttavan vanhan ja pinnaltaan jo kuluneen Kaani tuotteen. Silloin tied\u00e4mme asiakkaan olevan tyytyv\u00e4inen valitsemaansa Kaani tuotteeseen. P\u00e4\u00e4m\u00e4\u00e4r\u00e4ni on suunnitella tuotteita, jotka kest\u00e4v\u00e4t aikaa. Niin rakenteeltaan kuin ulkon\u00e4\u00f6lt\u00e4\u00e4n. Emme halua valmistaa tuotteita, jotka ovat vain hetken aikakauden jonkin muotivirtauksen huipulla. Pyrkimykseni on, ett\u00e4 [&hellip;]<\/p>","protected":false},"author":7,"featured_media":0,"parent":0,"menu_order":0,"comment_status":"closed","ping_status":"open","template":"","meta":{"om_disable_all_campaigns":false,"_monsterinsights_skip_tracking":false,"_monsterinsights_sitenote_active":false,"_monsterinsights_sitenote_note":"","_monsterinsights_sitenote_category":0,"_uf_show_specific_survey":0,"_uf_disable_surveys":false,"footnotes":""},"class_list":["post-13","page","type-page","status-publish","hentry"],"yoast_head":"<!-- This site is optimized with the Yoast SEO plugin v26.7 - https:\/\/yoast.com\/wordpress\/plugins\/seo\/ -->\n<title>Tuotesuunnittelu - Kaani<\/title>\n<meta name=\"robots\" content=\"index, follow, max-snippet:-1, max-image-preview:large, max-video-preview:-1\" \/>\n<link rel=\"canonical\" href=\"https:\/\/kaani.net\/en\/tuotesuunnittelu\/\" \/>\n<meta property=\"og:locale\" content=\"en_US\" \/>\n<meta property=\"og:type\" content=\"article\" \/>\n<meta property=\"og:title\" content=\"Tuotesuunnittelu - Kaani\" \/>\n<meta property=\"og:description\" content=\"&#8220;Me Kaanilla olemme sanomattoman onnellisia joka kerran kuullessamme kuluttajan hankkivan vaihtohuppua tuoliinsa tai kunnostuttavan vanhan ja pinnaltaan jo kuluneen Kaani tuotteen. Silloin tied\u00e4mme asiakkaan olevan tyytyv\u00e4inen valitsemaansa Kaani tuotteeseen. P\u00e4\u00e4m\u00e4\u00e4r\u00e4ni on suunnitella tuotteita, jotka kest\u00e4v\u00e4t aikaa. Niin rakenteeltaan kuin ulkon\u00e4\u00f6lt\u00e4\u00e4n. Emme halua valmistaa tuotteita, jotka ovat vain hetken aikakauden jonkin muotivirtauksen huipulla. Pyrkimykseni on, ett\u00e4 [&hellip;]\" \/>\n<meta property=\"og:url\" content=\"https:\/\/kaani.net\/en\/tuotesuunnittelu\/\" \/>\n<meta property=\"og:site_name\" content=\"Kaani\" \/>\n<meta property=\"article:modified_time\" content=\"2021-10-06T08:26:09+00:00\" \/>\n<meta property=\"og:image\" content=\"https:\/\/kaani.net\/wp-content\/uploads\/2018\/09\/EN_200.jpg\" \/>\n<meta name=\"twitter:label1\" content=\"Est. reading time\" \/>\n\t<meta name=\"twitter:data1\" content=\"2 minutes\" \/>\n<script type=\"application\/ld+json\" class=\"yoast-schema-graph\">{\"@context\":\"https:\/\/schema.org\",\"@graph\":[{\"@type\":\"WebPage\",\"@id\":\"https:\/\/kaani.net\/tuotesuunnittelu\/\",\"url\":\"https:\/\/kaani.net\/tuotesuunnittelu\/\",\"name\":\"Tuotesuunnittelu - Kaani\",\"isPartOf\":{\"@id\":\"https:\/\/kaani.net\/#website\"},\"primaryImageOfPage\":{\"@id\":\"https:\/\/kaani.net\/tuotesuunnittelu\/#primaryimage\"},\"image\":{\"@id\":\"https:\/\/kaani.net\/tuotesuunnittelu\/#primaryimage\"},\"thumbnailUrl\":\"https:\/\/kaani.net\/wp-content\/uploads\/2018\/09\/EN_200.jpg\",\"datePublished\":\"2013-05-17T10:46:46+00:00\",\"dateModified\":\"2021-10-06T08:26:09+00:00\",\"breadcrumb\":{\"@id\":\"https:\/\/kaani.net\/tuotesuunnittelu\/#breadcrumb\"},\"inLanguage\":\"en-US\",\"potentialAction\":[{\"@type\":\"ReadAction\",\"target\":[\"https:\/\/kaani.net\/tuotesuunnittelu\/\"]}]},{\"@type\":\"ImageObject\",\"inLanguage\":\"en-US\",\"@id\":\"https:\/\/kaani.net\/tuotesuunnittelu\/#primaryimage\",\"url\":\"https:\/\/kaani.net\/wp-content\/uploads\/2018\/09\/EN_200.jpg\",\"contentUrl\":\"https:\/\/kaani.net\/wp-content\/uploads\/2018\/09\/EN_200.jpg\"},{\"@type\":\"BreadcrumbList\",\"@id\":\"https:\/\/kaani.net\/tuotesuunnittelu\/#breadcrumb\",\"itemListElement\":[{\"@type\":\"ListItem\",\"position\":1,\"name\":\"Etusivu\",\"item\":\"https:\/\/kaani.net\/\"},{\"@type\":\"ListItem\",\"position\":2,\"name\":\"Tuotesuunnittelu\"}]},{\"@type\":\"WebSite\",\"@id\":\"https:\/\/kaani.net\/#website\",\"url\":\"https:\/\/kaani.net\/\",\"name\":\"Kaani\",\"description\":\"See the future!\",\"publisher\":{\"@id\":\"https:\/\/kaani.net\/#organization\"},\"potentialAction\":[{\"@type\":\"SearchAction\",\"target\":{\"@type\":\"EntryPoint\",\"urlTemplate\":\"https:\/\/kaani.net\/?s={search_term_string}\"},\"query-input\":{\"@type\":\"PropertyValueSpecification\",\"valueRequired\":true,\"valueName\":\"search_term_string\"}}],\"inLanguage\":\"en-US\"},{\"@type\":\"Organization\",\"@id\":\"https:\/\/kaani.net\/#organization\",\"name\":\"Kaani\",\"url\":\"https:\/\/kaani.net\/\",\"logo\":{\"@type\":\"ImageObject\",\"inLanguage\":\"en-US\",\"@id\":\"https:\/\/kaani.net\/#\/schema\/logo\/image\/\",\"url\":\"https:\/\/kaani.net\/wp-content\/uploads\/2017\/09\/cropped-123_kaani_logoS-2-1.jpg\",\"contentUrl\":\"https:\/\/kaani.net\/wp-content\/uploads\/2017\/09\/cropped-123_kaani_logoS-2-1.jpg\",\"width\":184,\"height\":80,\"caption\":\"Kaani\"},\"image\":{\"@id\":\"https:\/\/kaani.net\/#\/schema\/logo\/image\/\"}}]}<\/script>\n<!-- \/ Yoast SEO plugin. -->","yoast_head_json":{"title":"Tuotesuunnittelu - Kaani","robots":{"index":"index","follow":"follow","max-snippet":"max-snippet:-1","max-image-preview":"max-image-preview:large","max-video-preview":"max-video-preview:-1"},"canonical":"https:\/\/kaani.net\/en\/tuotesuunnittelu\/","og_locale":"en_US","og_type":"article","og_title":"Tuotesuunnittelu - Kaani","og_description":"&#8220;Me Kaanilla olemme sanomattoman onnellisia joka kerran kuullessamme kuluttajan hankkivan vaihtohuppua tuoliinsa tai kunnostuttavan vanhan ja pinnaltaan jo kuluneen Kaani tuotteen. Silloin tied\u00e4mme asiakkaan olevan tyytyv\u00e4inen valitsemaansa Kaani tuotteeseen. P\u00e4\u00e4m\u00e4\u00e4r\u00e4ni on suunnitella tuotteita, jotka kest\u00e4v\u00e4t aikaa. Niin rakenteeltaan kuin ulkon\u00e4\u00f6lt\u00e4\u00e4n. Emme halua valmistaa tuotteita, jotka ovat vain hetken aikakauden jonkin muotivirtauksen huipulla. Pyrkimykseni on, ett\u00e4 [&hellip;]","og_url":"https:\/\/kaani.net\/en\/tuotesuunnittelu\/","og_site_name":"Kaani","article_modified_time":"2021-10-06T08:26:09+00:00","og_image":[{"url":"https:\/\/kaani.net\/wp-content\/uploads\/2018\/09\/EN_200.jpg","type":"","width":"","height":""}],"twitter_misc":{"Est. reading time":"2 minutes"},"schema":{"@context":"https:\/\/schema.org","@graph":[{"@type":"WebPage","@id":"https:\/\/kaani.net\/tuotesuunnittelu\/","url":"https:\/\/kaani.net\/tuotesuunnittelu\/","name":"Tuotesuunnittelu - Kaani","isPartOf":{"@id":"https:\/\/kaani.net\/#website"},"primaryImageOfPage":{"@id":"https:\/\/kaani.net\/tuotesuunnittelu\/#primaryimage"},"image":{"@id":"https:\/\/kaani.net\/tuotesuunnittelu\/#primaryimage"},"thumbnailUrl":"https:\/\/kaani.net\/wp-content\/uploads\/2018\/09\/EN_200.jpg","datePublished":"2013-05-17T10:46:46+00:00","dateModified":"2021-10-06T08:26:09+00:00","breadcrumb":{"@id":"https:\/\/kaani.net\/tuotesuunnittelu\/#breadcrumb"},"inLanguage":"en-US","potentialAction":[{"@type":"ReadAction","target":["https:\/\/kaani.net\/tuotesuunnittelu\/"]}]},{"@type":"ImageObject","inLanguage":"en-US","@id":"https:\/\/kaani.net\/tuotesuunnittelu\/#primaryimage","url":"https:\/\/kaani.net\/wp-content\/uploads\/2018\/09\/EN_200.jpg","contentUrl":"https:\/\/kaani.net\/wp-content\/uploads\/2018\/09\/EN_200.jpg"},{"@type":"BreadcrumbList","@id":"https:\/\/kaani.net\/tuotesuunnittelu\/#breadcrumb","itemListElement":[{"@type":"ListItem","position":1,"name":"Etusivu","item":"https:\/\/kaani.net\/"},{"@type":"ListItem","position":2,"name":"Tuotesuunnittelu"}]},{"@type":"WebSite","@id":"https:\/\/kaani.net\/#website","url":"https:\/\/kaani.net\/","name":"Kaani","description":"See the future!","publisher":{"@id":"https:\/\/kaani.net\/#organization"},"potentialAction":[{"@type":"SearchAction","target":{"@type":"EntryPoint","urlTemplate":"https:\/\/kaani.net\/?s={search_term_string}"},"query-input":{"@type":"PropertyValueSpecification","valueRequired":true,"valueName":"search_term_string"}}],"inLanguage":"en-US"},{"@type":"Organization","@id":"https:\/\/kaani.net\/#organization","name":"Kaani","url":"https:\/\/kaani.net\/","logo":{"@type":"ImageObject","inLanguage":"en-US","@id":"https:\/\/kaani.net\/#\/schema\/logo\/image\/","url":"https:\/\/kaani.net\/wp-content\/uploads\/2017\/09\/cropped-123_kaani_logoS-2-1.jpg","contentUrl":"https:\/\/kaani.net\/wp-content\/uploads\/2017\/09\/cropped-123_kaani_logoS-2-1.jpg","width":184,"height":80,"caption":"Kaani"},"image":{"@id":"https:\/\/kaani.net\/#\/schema\/logo\/image\/"}}]}},"_links":{"self":[{"href":"https:\/\/kaani.net\/en\/wp-json\/wp\/v2\/pages\/13","targetHints":{"allow":["GET"]}}],"collection":[{"href":"https:\/\/kaani.net\/en\/wp-json\/wp\/v2\/pages"}],"about":[{"href":"https:\/\/kaani.net\/en\/wp-json\/wp\/v2\/types\/page"}],"author":[{"embeddable":true,"href":"https:\/\/kaani.net\/en\/wp-json\/wp\/v2\/users\/7"}],"replies":[{"embeddable":true,"href":"https:\/\/kaani.net\/en\/wp-json\/wp\/v2\/comments?post=13"}],"version-history":[{"count":5,"href":"https:\/\/kaani.net\/en\/wp-json\/wp\/v2\/pages\/13\/revisions"}],"predecessor-version":[{"id":5736,"href":"https:\/\/kaani.net\/en\/wp-json\/wp\/v2\/pages\/13\/revisions\/5736"}],"wp:attachment":[{"href":"https:\/\/kaani.net\/en\/wp-json\/wp\/v2\/media?parent=13"}],"curies":[{"name":"wp","href":"https:\/\/api.w.org\/{rel}","templated":true}]}}