{"id":13378,"date":"2024-12-15T13:47:04","date_gmt":"2024-12-15T11:47:04","guid":{"rendered":"https:\/\/kaani.net\/?page_id=13378"},"modified":"2025-03-09T16:16:45","modified_gmt":"2025-03-09T14:16:45","slug":"asiakastyytyvaisyys","status":"publish","type":"page","link":"https:\/\/kaani.net\/en\/ajankohtaista\/asiakastyytyvaisyys\/","title":{"rendered":"Asiakastyytyv\u00e4isyys"},"content":{"rendered":"<div class=\"vc_row wpb_row vc_row-fluid vc_custom_1520845250363\"><\/div><div class=\"wpb_column vc_column_container vc_col-sm-12\"><div class=\"vc_column-inner vc_custom_1520845295012\"><div class=\"wpb_wrapper\"><\/div><\/div><\/div>\n\t<div class=\"wpb_text_column wpb_content_element  vc_custom_1536742736075\" >\n\t\t<div class=\"wpb_wrapper\">\n\t\t\t\n\t\t<\/div>\n\t<\/div>\n\n\n\n<p><strong>Olemme nyt muutaman kuukauden ajan ker\u00e4nneet kirjallisesti asiakaspalautteita. Tulos laittaa n\u00f6yr\u00e4ksi. Olemme kaikkien vastanneiden mielest\u00e4 onnistuneet. Mietimme, miten pystymme pit\u00e4m\u00e4\u00e4n t\u00e4m\u00e4n tason jatkossa? Teemme parhaamme!<\/strong><\/p>\n\n\n\n<p><strong>Sanna:<\/strong><\/p>\n\n\n\n<p>&#8220;Tein tilaukseni s-postitse pitk\u00e4llisten s-postitiedustelujeni j\u00e4lkeen. Kaikissa vaiheissaan palvelunne oli erittain nopeaa, miellytt\u00e4v\u00e4\u00e4 ja asiantuntevaa. Kiitos erinomaisesta palvelusta!&#8221;<\/p>\n\n\n\n<p>Mill\u00e4 tavoin voisimme parantaa toimintaamme? &#8221; Vaikea keksia parannettavaa. &#8220;<\/p>\n\n\n\n<p><strong>Nimet\u00f6n:<\/strong><\/p>\n\n\n\n<p>Mill\u00e4 tavoin voisimme parantaa toimintaamme?<br>&#8221; Jatkakaa samalla tyylill\u00e4! &#8220;<\/p>\n\n\n\n<p><strong>Nimet\u00f6n:<\/strong><\/p>\n\n\n\n<p>Milla tavoin voisimme parantaa toimintaamme? &#8221; Kaikkiaan positiivinen ostokokemus (puhelin\/nettitilaus)&#8221;<\/p>\n\n\n\n<p><strong>P\u00e4ivi Annikki Kaunisto:<\/strong><\/p>\n\n\n\n<p>Mill\u00e4 tavoin voisimme parantaa toimintaamme?<\/p>\n\n\n\n<p>&#8220;En nyt keksi mit\u00e4\u00e4n.&#8221;<\/p>\n\n\n\n<p>&#8220;Olen eritt\u00e4in tyytyv\u00e4inen huonekalujen laatuun, ulkon\u00e4k\u00f6\u00f6n ja ty\u00f6n j\u00e4lkeen. Syntyy vahva vaikutelma k\u00e4sity\u00f6st\u00e4. Olin pitk\u00e4\u00e4n etsinyt sopivia huonekaluja ja n\u00e4hdess\u00e4ni n\u00e4m\u00e4 tiesin heti l\u00f6yt\u00e4neeni etsim\u00e4ni. Huonekalut sopivat kotiini t\u00e4ydellisesti. Samoin olin tyytyv\u00e4inen palveluun, joka tuntui yksil\u00f6lliselt\u00e4 ja huomioon ottavalta.&#8221;<\/p>\n\n\n\n<p><strong>Teija Kauppinen:<\/strong><\/p>\n\n\n\n<p>&#8220;Kaikki toiminnot asteikolla 5, eli parasta.&#8221;<\/p>\n\n\n\n<p><strong>Otto:<\/strong><\/p>\n\n\n\n<p>Suosittelisitko Kaani tuttavillesi?<\/p>\n\n\n\n<p>&#8220;Kyll\u00e4 voisin suositella&#8221;<\/p>\n\n\n\n<p>&#8220;Kalusteiden valmistamisen aikana olisi kiva saada pient\u00e4 v\u00e4liaikatietoa, ett\u00e4 miss\u00e4 vaiheessa menn\u00e4\u00e4n.&#8221;<\/p>\n\n\n\n<p><strong>Anne ja Mika Nummisto:<\/strong><\/p>\n\n\n\n<p>&#8220;Kaikki vuosien varrella hankkimamme KAANI-tuotteet olleet laadukkaita, ja suunnittelu sek\u00e4 ratkaisut yksil\u00f6llisi\u00e4. Tuotteet poikkeavat useimmiten sopivasti muiden tuotteista.&#8221;<\/p>\n\n\n\n<p><strong>Nimet\u00f6n:<\/strong><\/p>\n\n\n\n<p>Suosittelisitko Kaani tuttavillesi?<\/p>\n\n\n\n<p>&#8220;Kyll\u00e4&#8221;<\/p>\n\n\n\n<p>&#8220;Kaanin tuotteet ovat mielest\u00e4ni paitsi kauniita, niin laadukkaita.&#8221;<\/p>\n\n\n\n<p><strong>Jaana ja Esa:<\/strong><\/p>\n\n\n\n<p>&#8220;Liikkeess\u00e4 oli kiva asioida, koska saimme paitsi asiantuntevaa my\u00f6s yst\u00e4v\u00e4llist\u00e4 palvelua. Luulimme tulevamme Iskuun, mutta nopeasti huomasimme olevamme design-myym\u00e4l\u00e4ss\u00e4. Kaanin tiesimme entuudestaan, mutta vain lehtijuttujen perusteella.<\/p>\n\n\n\n<p>Koska Kaanin tuotteet ovat arvokkaita, emme tehneet p\u00e4\u00e4t\u00f6ksi\u00e4 heti vaan k\u00e4vimme Iskussa ja Veps\u00e4l\u00e4isell\u00e4 ensin. Turhaan!<\/p>\n\n\n\n<p>Ajaton ja selke\u00e4 muotoilu ja materiaalien laadukkuus vakuutti meid\u00e4t. My\u00f6s meill\u00e4 k\u00e4yneet vieraat ovat ihastelleet uutta ruokailuryhm\u00e4\u00e4 ja TV-tasoa, joten on ollut mukava kertoa Kaanista heille.&#8221;<\/p>\n\n\n\n<p><strong>Laura:&nbsp;<\/strong><\/p>\n\n\n\n<p>Mill\u00e4 tavoin voimme parantaa toimintaamme: &#8220;Ei ole tullut mit\u00e4\u00e4n parannusehdotuksia mieleen t\u00e4m\u00e4n kokemuksen perusteella. Sain henkil\u00f6kohtaista palvelua Eskolta, niin tuotteiden valinnassa, kuin my\u00f6s niiden toimitusta kuumeisesti odotellessani (toimitus p\u00e4iv\u00e4lleen silloin, kun luvattiin). Upeaa ja k\u00e4rsiv\u00e4llist\u00e4 palvelua ja asiantuntemusta. Kiitos!&#8221;<\/p>\n\n\n\n<p><strong>P\u00e4ivi:<\/strong><\/p>\n\n\n\n<p>&#8220;Minulla on k\u00e4yt\u00f6ss\u00e4 18 vuotta sitten ostetut JAZZ tuolit. Nyt uusittiin verhoilu. Ja nyt l\u00e4hes uuden veroiset &lt;3&#8221; .<\/p>\n\n\n\n<p><strong>Helena:<\/strong><\/p>\n\n\n\n<p>&#8220;Kaanin suunnittelija tuli kotiini k\u00e4ym\u00e4\u00e4n, kun pyysin apua. Oma suunnitelmani huonekalujen sijoittamisesta oli hankala (nyt sen huomaan) ja sohva olisi jakanut koko olo-ruokahuoneen. Esko teki huoneesta suunitelman. Pohdin sit\u00e4 vain yhden p\u00e4iv\u00e4n ja tein tilauksen.&nbsp; Kun huonekalut tulivat, olen vain ihastellut ja ollut ihan onnessani! T\u00e4m\u00e4 suunnitelma tosiaan toimii ja kaunis. Tuli avaruutta ja selkeytt\u00e4. Ja Kaanin huonekalut ovat niin ihania! Suosittelen kaikille yst\u00e4villenikin. &#8220;<\/p>\n\n\n\n<p><strong>Olemme my\u00f6s pyyt\u00e4neet arviota asteikolla 1 &#8211; 5 seuraavista: <\/strong>Ostotapahtuma, Toimituksen aikataulu suhteessa luvattuun, Kuljetusliikkeen henkil\u00f6kunnan toiminta, Tuotteiden pakkaukset, Tuotteiden laatu suhteessa odotettuun, Tuotteiden toimivuus ja Tuotteiden sopivuus kotiini.<\/p>\n\n\n\n<p>Kaikkien vastausten keskiarvo on ollut 4,98. Olemme nyt n\u00f6yri\u00e4 ja pyrimme edelleen parhaimpaamme. Vain muutama vastaus on ollut muuta kuin t\u00e4ydet viisi pistett\u00e4! <\/p>\n\n\n\n<p><strong>KIITOS!<\/strong><\/p>\n\n\n\n<p><\/p>\n\n\n\n<p>T\u00e4h\u00e4n olemme kopioineet osia muutamasta vastauksesta. Suurimmat kiitokset kaikille muillekin vastanneille.<\/p>","protected":false},"excerpt":{"rendered":"<p>Olemme nyt muutaman kuukauden ajan ker\u00e4nneet kirjallisesti asiakaspalautteita. Tulos laittaa n\u00f6yr\u00e4ksi. Olemme kaikkien vastanneiden mielest\u00e4 onnistuneet. Mietimme, miten pystymme pit\u00e4m\u00e4\u00e4n t\u00e4m\u00e4n tason jatkossa? Teemme parhaamme! Sanna: &#8220;Tein tilaukseni s-postitse pitk\u00e4llisten s-postitiedustelujeni j\u00e4lkeen. Kaikissa vaiheissaan palvelunne oli erittain nopeaa, miellytt\u00e4v\u00e4\u00e4 ja asiantuntevaa. Kiitos erinomaisesta palvelusta!&#8221; Mill\u00e4 tavoin voisimme parantaa toimintaamme? &#8221; Vaikea keksia parannettavaa. &#8220; Nimet\u00f6n: [&hellip;]<\/p>","protected":false},"author":102,"featured_media":0,"parent":8,"menu_order":0,"comment_status":"closed","ping_status":"closed","template":"","meta":{"om_disable_all_campaigns":false,"_monsterinsights_skip_tracking":false,"_monsterinsights_sitenote_active":false,"_monsterinsights_sitenote_note":"","_monsterinsights_sitenote_category":0,"_uf_show_specific_survey":0,"_uf_disable_surveys":false,"footnotes":""},"class_list":["post-13378","page","type-page","status-publish","hentry"],"yoast_head":"<!-- This site is optimized with the Yoast SEO plugin v26.7 - https:\/\/yoast.com\/wordpress\/plugins\/seo\/ -->\n<title>Asiakastyytyv\u00e4isyys - Kaani<\/title>\n<meta name=\"robots\" content=\"index, follow, max-snippet:-1, max-image-preview:large, max-video-preview:-1\" \/>\n<link rel=\"canonical\" href=\"https:\/\/kaani.net\/en\/ajankohtaista\/asiakastyytyvaisyys\/\" \/>\n<meta property=\"og:locale\" content=\"en_US\" \/>\n<meta property=\"og:type\" content=\"article\" \/>\n<meta property=\"og:title\" content=\"Asiakastyytyv\u00e4isyys - Kaani\" \/>\n<meta property=\"og:description\" content=\"Olemme nyt muutaman kuukauden ajan ker\u00e4nneet kirjallisesti asiakaspalautteita. Tulos laittaa n\u00f6yr\u00e4ksi. Olemme kaikkien vastanneiden mielest\u00e4 onnistuneet. Mietimme, miten pystymme pit\u00e4m\u00e4\u00e4n t\u00e4m\u00e4n tason jatkossa? Teemme parhaamme! Sanna: &#8220;Tein tilaukseni s-postitse pitk\u00e4llisten s-postitiedustelujeni j\u00e4lkeen. Kaikissa vaiheissaan palvelunne oli erittain nopeaa, miellytt\u00e4v\u00e4\u00e4 ja asiantuntevaa. Kiitos erinomaisesta palvelusta!&#8221; Mill\u00e4 tavoin voisimme parantaa toimintaamme? &#8221; Vaikea keksia parannettavaa. &#8220; Nimet\u00f6n: [&hellip;]\" \/>\n<meta property=\"og:url\" content=\"https:\/\/kaani.net\/en\/ajankohtaista\/asiakastyytyvaisyys\/\" \/>\n<meta property=\"og:site_name\" content=\"Kaani\" \/>\n<meta property=\"article:modified_time\" content=\"2025-03-09T14:16:45+00:00\" \/>\n<meta name=\"twitter:label1\" content=\"Est. reading time\" \/>\n\t<meta name=\"twitter:data1\" content=\"3 minutes\" \/>\n<script type=\"application\/ld+json\" class=\"yoast-schema-graph\">{\"@context\":\"https:\/\/schema.org\",\"@graph\":[{\"@type\":\"WebPage\",\"@id\":\"https:\/\/kaani.net\/ajankohtaista\/asiakastyytyvaisyys\/\",\"url\":\"https:\/\/kaani.net\/ajankohtaista\/asiakastyytyvaisyys\/\",\"name\":\"Asiakastyytyv\u00e4isyys - Kaani\",\"isPartOf\":{\"@id\":\"https:\/\/kaani.net\/#website\"},\"datePublished\":\"2024-12-15T11:47:04+00:00\",\"dateModified\":\"2025-03-09T14:16:45+00:00\",\"breadcrumb\":{\"@id\":\"https:\/\/kaani.net\/ajankohtaista\/asiakastyytyvaisyys\/#breadcrumb\"},\"inLanguage\":\"en-US\",\"potentialAction\":[{\"@type\":\"ReadAction\",\"target\":[\"https:\/\/kaani.net\/ajankohtaista\/asiakastyytyvaisyys\/\"]}]},{\"@type\":\"BreadcrumbList\",\"@id\":\"https:\/\/kaani.net\/ajankohtaista\/asiakastyytyvaisyys\/#breadcrumb\",\"itemListElement\":[{\"@type\":\"ListItem\",\"position\":1,\"name\":\"Etusivu\",\"item\":\"https:\/\/kaani.net\/\"},{\"@type\":\"ListItem\",\"position\":2,\"name\":\"Ajankohtaista\",\"item\":\"https:\/\/kaani.net\/ajankohtaista\/\"},{\"@type\":\"ListItem\",\"position\":3,\"name\":\"Asiakastyytyv\u00e4isyys\"}]},{\"@type\":\"WebSite\",\"@id\":\"https:\/\/kaani.net\/#website\",\"url\":\"https:\/\/kaani.net\/\",\"name\":\"Kaani\",\"description\":\"See the future!\",\"publisher\":{\"@id\":\"https:\/\/kaani.net\/#organization\"},\"potentialAction\":[{\"@type\":\"SearchAction\",\"target\":{\"@type\":\"EntryPoint\",\"urlTemplate\":\"https:\/\/kaani.net\/?s={search_term_string}\"},\"query-input\":{\"@type\":\"PropertyValueSpecification\",\"valueRequired\":true,\"valueName\":\"search_term_string\"}}],\"inLanguage\":\"en-US\"},{\"@type\":\"Organization\",\"@id\":\"https:\/\/kaani.net\/#organization\",\"name\":\"Kaani\",\"url\":\"https:\/\/kaani.net\/\",\"logo\":{\"@type\":\"ImageObject\",\"inLanguage\":\"en-US\",\"@id\":\"https:\/\/kaani.net\/#\/schema\/logo\/image\/\",\"url\":\"https:\/\/kaani.net\/wp-content\/uploads\/2017\/09\/cropped-123_kaani_logoS-2-1.jpg\",\"contentUrl\":\"https:\/\/kaani.net\/wp-content\/uploads\/2017\/09\/cropped-123_kaani_logoS-2-1.jpg\",\"width\":184,\"height\":80,\"caption\":\"Kaani\"},\"image\":{\"@id\":\"https:\/\/kaani.net\/#\/schema\/logo\/image\/\"}}]}<\/script>\n<!-- \/ Yoast SEO plugin. -->","yoast_head_json":{"title":"Asiakastyytyv\u00e4isyys - Kaani","robots":{"index":"index","follow":"follow","max-snippet":"max-snippet:-1","max-image-preview":"max-image-preview:large","max-video-preview":"max-video-preview:-1"},"canonical":"https:\/\/kaani.net\/en\/ajankohtaista\/asiakastyytyvaisyys\/","og_locale":"en_US","og_type":"article","og_title":"Asiakastyytyv\u00e4isyys - Kaani","og_description":"Olemme nyt muutaman kuukauden ajan ker\u00e4nneet kirjallisesti asiakaspalautteita. Tulos laittaa n\u00f6yr\u00e4ksi. Olemme kaikkien vastanneiden mielest\u00e4 onnistuneet. Mietimme, miten pystymme pit\u00e4m\u00e4\u00e4n t\u00e4m\u00e4n tason jatkossa? Teemme parhaamme! Sanna: &#8220;Tein tilaukseni s-postitse pitk\u00e4llisten s-postitiedustelujeni j\u00e4lkeen. Kaikissa vaiheissaan palvelunne oli erittain nopeaa, miellytt\u00e4v\u00e4\u00e4 ja asiantuntevaa. Kiitos erinomaisesta palvelusta!&#8221; Mill\u00e4 tavoin voisimme parantaa toimintaamme? &#8221; Vaikea keksia parannettavaa. &#8220; Nimet\u00f6n: [&hellip;]","og_url":"https:\/\/kaani.net\/en\/ajankohtaista\/asiakastyytyvaisyys\/","og_site_name":"Kaani","article_modified_time":"2025-03-09T14:16:45+00:00","twitter_misc":{"Est. reading time":"3 minutes"},"schema":{"@context":"https:\/\/schema.org","@graph":[{"@type":"WebPage","@id":"https:\/\/kaani.net\/ajankohtaista\/asiakastyytyvaisyys\/","url":"https:\/\/kaani.net\/ajankohtaista\/asiakastyytyvaisyys\/","name":"Asiakastyytyv\u00e4isyys - Kaani","isPartOf":{"@id":"https:\/\/kaani.net\/#website"},"datePublished":"2024-12-15T11:47:04+00:00","dateModified":"2025-03-09T14:16:45+00:00","breadcrumb":{"@id":"https:\/\/kaani.net\/ajankohtaista\/asiakastyytyvaisyys\/#breadcrumb"},"inLanguage":"en-US","potentialAction":[{"@type":"ReadAction","target":["https:\/\/kaani.net\/ajankohtaista\/asiakastyytyvaisyys\/"]}]},{"@type":"BreadcrumbList","@id":"https:\/\/kaani.net\/ajankohtaista\/asiakastyytyvaisyys\/#breadcrumb","itemListElement":[{"@type":"ListItem","position":1,"name":"Etusivu","item":"https:\/\/kaani.net\/"},{"@type":"ListItem","position":2,"name":"Ajankohtaista","item":"https:\/\/kaani.net\/ajankohtaista\/"},{"@type":"ListItem","position":3,"name":"Asiakastyytyv\u00e4isyys"}]},{"@type":"WebSite","@id":"https:\/\/kaani.net\/#website","url":"https:\/\/kaani.net\/","name":"Kaani","description":"See the future!","publisher":{"@id":"https:\/\/kaani.net\/#organization"},"potentialAction":[{"@type":"SearchAction","target":{"@type":"EntryPoint","urlTemplate":"https:\/\/kaani.net\/?s={search_term_string}"},"query-input":{"@type":"PropertyValueSpecification","valueRequired":true,"valueName":"search_term_string"}}],"inLanguage":"en-US"},{"@type":"Organization","@id":"https:\/\/kaani.net\/#organization","name":"Kaani","url":"https:\/\/kaani.net\/","logo":{"@type":"ImageObject","inLanguage":"en-US","@id":"https:\/\/kaani.net\/#\/schema\/logo\/image\/","url":"https:\/\/kaani.net\/wp-content\/uploads\/2017\/09\/cropped-123_kaani_logoS-2-1.jpg","contentUrl":"https:\/\/kaani.net\/wp-content\/uploads\/2017\/09\/cropped-123_kaani_logoS-2-1.jpg","width":184,"height":80,"caption":"Kaani"},"image":{"@id":"https:\/\/kaani.net\/#\/schema\/logo\/image\/"}}]}},"_links":{"self":[{"href":"https:\/\/kaani.net\/en\/wp-json\/wp\/v2\/pages\/13378","targetHints":{"allow":["GET"]}}],"collection":[{"href":"https:\/\/kaani.net\/en\/wp-json\/wp\/v2\/pages"}],"about":[{"href":"https:\/\/kaani.net\/en\/wp-json\/wp\/v2\/types\/page"}],"author":[{"embeddable":true,"href":"https:\/\/kaani.net\/en\/wp-json\/wp\/v2\/users\/102"}],"replies":[{"embeddable":true,"href":"https:\/\/kaani.net\/en\/wp-json\/wp\/v2\/comments?post=13378"}],"version-history":[{"count":6,"href":"https:\/\/kaani.net\/en\/wp-json\/wp\/v2\/pages\/13378\/revisions"}],"predecessor-version":[{"id":13970,"href":"https:\/\/kaani.net\/en\/wp-json\/wp\/v2\/pages\/13378\/revisions\/13970"}],"up":[{"embeddable":true,"href":"https:\/\/kaani.net\/en\/wp-json\/wp\/v2\/pages\/8"}],"wp:attachment":[{"href":"https:\/\/kaani.net\/en\/wp-json\/wp\/v2\/media?parent=13378"}],"curies":[{"name":"wp","href":"https:\/\/api.w.org\/{rel}","templated":true}]}}