{"id":17,"date":"2013-05-17T13:50:16","date_gmt":"2013-05-17T10:50:16","guid":{"rendered":"http:\/\/www.kaani.net\/?page_id=17"},"modified":"2019-03-03T14:27:10","modified_gmt":"2019-03-03T12:27:10","slug":"kaani","status":"publish","type":"page","link":"https:\/\/kaani.net\/en\/kaani\/","title":{"rendered":"Kaani"},"content":{"rendered":"<p>Kaani on suomalainen ja lajimme on selke\u00e4 skandinaavinen tyylikkyys.<\/p>\n<p>Esko Niinikorpi, Kaani taiteellinen johtaja ja suunnittelija:<br \/>\n\u201dPid\u00e4n tiukasti kiinni periaatteestani luoda rakenteellisesti kest\u00e4vi\u00e4 ja esteettisesti pitk\u00e4ik\u00e4isi\u00e4 tuotteita. Ekologisuuteen ei viel\u00e4 riit\u00e4 tuotteen kest\u00e4vyys. Siihen tarvitaan se, ett\u00e4 tuotetta halutaan k\u00e4ytt\u00e4\u00e4 viel\u00e4 vuosikymmenten kuluttua.\u201d<\/p>\n<p>Korkealaatuiset Kaani-tuotteet luovat kehykset kotiisi tavalla joka kest\u00e4\u00e4 vuodesta toiseen. N\u00e4m\u00e4 tuotteet ovat tulevaisuuden klassikkoja.<\/p>\n<p><a href=\"http:\/\/www.kaani.net\/wp-content\/uploads\/2013\/05\/Ymp\u00e4rist\u00f6selvitys-Kaani-Oy.pdf\" target=\"_blank\" rel=\"noopener noreferrer\">Ymp\u00e4rist\u00f6selvitys Kaani Oy<\/a><\/p>","protected":false},"excerpt":{"rendered":"<p>Kaani on suomalainen ja lajimme on selke\u00e4 skandinaavinen tyylikkyys. Esko Niinikorpi, Kaani taiteellinen johtaja ja suunnittelija: \u201dPid\u00e4n tiukasti kiinni periaatteestani luoda rakenteellisesti kest\u00e4vi\u00e4 ja esteettisesti pitk\u00e4ik\u00e4isi\u00e4 tuotteita. Ekologisuuteen ei viel\u00e4 riit\u00e4 tuotteen kest\u00e4vyys. Siihen tarvitaan se, ett\u00e4 tuotetta halutaan k\u00e4ytt\u00e4\u00e4 viel\u00e4 vuosikymmenten kuluttua.\u201d Korkealaatuiset Kaani-tuotteet luovat kehykset kotiisi tavalla joka kest\u00e4\u00e4 vuodesta toiseen. N\u00e4m\u00e4 tuotteet [&hellip;]<\/p>","protected":false},"author":7,"featured_media":0,"parent":0,"menu_order":0,"comment_status":"closed","ping_status":"open","template":"","meta":{"om_disable_all_campaigns":false,"_monsterinsights_skip_tracking":false,"_monsterinsights_sitenote_active":false,"_monsterinsights_sitenote_note":"","_monsterinsights_sitenote_category":0,"_uf_show_specific_survey":0,"_uf_disable_surveys":false,"footnotes":""},"class_list":["post-17","page","type-page","status-publish","hentry"],"yoast_head":"<!-- This site is optimized with the Yoast SEO plugin v26.7 - https:\/\/yoast.com\/wordpress\/plugins\/seo\/ -->\n<title>Kaani - Kaani<\/title>\n<meta name=\"robots\" content=\"index, follow, max-snippet:-1, max-image-preview:large, max-video-preview:-1\" \/>\n<link rel=\"canonical\" href=\"https:\/\/kaani.net\/en\/kaani\/\" \/>\n<meta property=\"og:locale\" content=\"en_US\" \/>\n<meta property=\"og:type\" content=\"article\" \/>\n<meta property=\"og:title\" content=\"Kaani - Kaani\" \/>\n<meta property=\"og:description\" content=\"Kaani on suomalainen ja lajimme on selke\u00e4 skandinaavinen tyylikkyys. Esko Niinikorpi, Kaani taiteellinen johtaja ja suunnittelija: \u201dPid\u00e4n tiukasti kiinni periaatteestani luoda rakenteellisesti kest\u00e4vi\u00e4 ja esteettisesti pitk\u00e4ik\u00e4isi\u00e4 tuotteita. Ekologisuuteen ei viel\u00e4 riit\u00e4 tuotteen kest\u00e4vyys. Siihen tarvitaan se, ett\u00e4 tuotetta halutaan k\u00e4ytt\u00e4\u00e4 viel\u00e4 vuosikymmenten kuluttua.\u201d Korkealaatuiset Kaani-tuotteet luovat kehykset kotiisi tavalla joka kest\u00e4\u00e4 vuodesta toiseen. N\u00e4m\u00e4 tuotteet [&hellip;]\" \/>\n<meta property=\"og:url\" content=\"https:\/\/kaani.net\/en\/kaani\/\" \/>\n<meta property=\"og:site_name\" content=\"Kaani\" \/>\n<meta property=\"article:modified_time\" content=\"2019-03-03T12:27:10+00:00\" \/>\n<script type=\"application\/ld+json\" class=\"yoast-schema-graph\">{\"@context\":\"https:\/\/schema.org\",\"@graph\":[{\"@type\":\"WebPage\",\"@id\":\"https:\/\/kaani.net\/kaani\/\",\"url\":\"https:\/\/kaani.net\/kaani\/\",\"name\":\"Kaani - Kaani\",\"isPartOf\":{\"@id\":\"https:\/\/kaani.net\/#website\"},\"datePublished\":\"2013-05-17T10:50:16+00:00\",\"dateModified\":\"2019-03-03T12:27:10+00:00\",\"breadcrumb\":{\"@id\":\"https:\/\/kaani.net\/kaani\/#breadcrumb\"},\"inLanguage\":\"en-US\",\"potentialAction\":[{\"@type\":\"ReadAction\",\"target\":[\"https:\/\/kaani.net\/kaani\/\"]}]},{\"@type\":\"BreadcrumbList\",\"@id\":\"https:\/\/kaani.net\/kaani\/#breadcrumb\",\"itemListElement\":[{\"@type\":\"ListItem\",\"position\":1,\"name\":\"Etusivu\",\"item\":\"https:\/\/kaani.net\/\"},{\"@type\":\"ListItem\",\"position\":2,\"name\":\"Kaani\"}]},{\"@type\":\"WebSite\",\"@id\":\"https:\/\/kaani.net\/#website\",\"url\":\"https:\/\/kaani.net\/\",\"name\":\"Kaani\",\"description\":\"See the future!\",\"publisher\":{\"@id\":\"https:\/\/kaani.net\/#organization\"},\"potentialAction\":[{\"@type\":\"SearchAction\",\"target\":{\"@type\":\"EntryPoint\",\"urlTemplate\":\"https:\/\/kaani.net\/?s={search_term_string}\"},\"query-input\":{\"@type\":\"PropertyValueSpecification\",\"valueRequired\":true,\"valueName\":\"search_term_string\"}}],\"inLanguage\":\"en-US\"},{\"@type\":\"Organization\",\"@id\":\"https:\/\/kaani.net\/#organization\",\"name\":\"Kaani\",\"url\":\"https:\/\/kaani.net\/\",\"logo\":{\"@type\":\"ImageObject\",\"inLanguage\":\"en-US\",\"@id\":\"https:\/\/kaani.net\/#\/schema\/logo\/image\/\",\"url\":\"https:\/\/kaani.net\/wp-content\/uploads\/2017\/09\/cropped-123_kaani_logoS-2-1.jpg\",\"contentUrl\":\"https:\/\/kaani.net\/wp-content\/uploads\/2017\/09\/cropped-123_kaani_logoS-2-1.jpg\",\"width\":184,\"height\":80,\"caption\":\"Kaani\"},\"image\":{\"@id\":\"https:\/\/kaani.net\/#\/schema\/logo\/image\/\"}}]}<\/script>\n<!-- \/ Yoast SEO plugin. -->","yoast_head_json":{"title":"Kaani - Kaani","robots":{"index":"index","follow":"follow","max-snippet":"max-snippet:-1","max-image-preview":"max-image-preview:large","max-video-preview":"max-video-preview:-1"},"canonical":"https:\/\/kaani.net\/en\/kaani\/","og_locale":"en_US","og_type":"article","og_title":"Kaani - Kaani","og_description":"Kaani on suomalainen ja lajimme on selke\u00e4 skandinaavinen tyylikkyys. Esko Niinikorpi, Kaani taiteellinen johtaja ja suunnittelija: \u201dPid\u00e4n tiukasti kiinni periaatteestani luoda rakenteellisesti kest\u00e4vi\u00e4 ja esteettisesti pitk\u00e4ik\u00e4isi\u00e4 tuotteita. Ekologisuuteen ei viel\u00e4 riit\u00e4 tuotteen kest\u00e4vyys. Siihen tarvitaan se, ett\u00e4 tuotetta halutaan k\u00e4ytt\u00e4\u00e4 viel\u00e4 vuosikymmenten kuluttua.\u201d Korkealaatuiset Kaani-tuotteet luovat kehykset kotiisi tavalla joka kest\u00e4\u00e4 vuodesta toiseen. N\u00e4m\u00e4 tuotteet [&hellip;]","og_url":"https:\/\/kaani.net\/en\/kaani\/","og_site_name":"Kaani","article_modified_time":"2019-03-03T12:27:10+00:00","schema":{"@context":"https:\/\/schema.org","@graph":[{"@type":"WebPage","@id":"https:\/\/kaani.net\/kaani\/","url":"https:\/\/kaani.net\/kaani\/","name":"Kaani - Kaani","isPartOf":{"@id":"https:\/\/kaani.net\/#website"},"datePublished":"2013-05-17T10:50:16+00:00","dateModified":"2019-03-03T12:27:10+00:00","breadcrumb":{"@id":"https:\/\/kaani.net\/kaani\/#breadcrumb"},"inLanguage":"en-US","potentialAction":[{"@type":"ReadAction","target":["https:\/\/kaani.net\/kaani\/"]}]},{"@type":"BreadcrumbList","@id":"https:\/\/kaani.net\/kaani\/#breadcrumb","itemListElement":[{"@type":"ListItem","position":1,"name":"Etusivu","item":"https:\/\/kaani.net\/"},{"@type":"ListItem","position":2,"name":"Kaani"}]},{"@type":"WebSite","@id":"https:\/\/kaani.net\/#website","url":"https:\/\/kaani.net\/","name":"Kaani","description":"See the future!","publisher":{"@id":"https:\/\/kaani.net\/#organization"},"potentialAction":[{"@type":"SearchAction","target":{"@type":"EntryPoint","urlTemplate":"https:\/\/kaani.net\/?s={search_term_string}"},"query-input":{"@type":"PropertyValueSpecification","valueRequired":true,"valueName":"search_term_string"}}],"inLanguage":"en-US"},{"@type":"Organization","@id":"https:\/\/kaani.net\/#organization","name":"Kaani","url":"https:\/\/kaani.net\/","logo":{"@type":"ImageObject","inLanguage":"en-US","@id":"https:\/\/kaani.net\/#\/schema\/logo\/image\/","url":"https:\/\/kaani.net\/wp-content\/uploads\/2017\/09\/cropped-123_kaani_logoS-2-1.jpg","contentUrl":"https:\/\/kaani.net\/wp-content\/uploads\/2017\/09\/cropped-123_kaani_logoS-2-1.jpg","width":184,"height":80,"caption":"Kaani"},"image":{"@id":"https:\/\/kaani.net\/#\/schema\/logo\/image\/"}}]}},"_links":{"self":[{"href":"https:\/\/kaani.net\/en\/wp-json\/wp\/v2\/pages\/17","targetHints":{"allow":["GET"]}}],"collection":[{"href":"https:\/\/kaani.net\/en\/wp-json\/wp\/v2\/pages"}],"about":[{"href":"https:\/\/kaani.net\/en\/wp-json\/wp\/v2\/types\/page"}],"author":[{"embeddable":true,"href":"https:\/\/kaani.net\/en\/wp-json\/wp\/v2\/users\/7"}],"replies":[{"embeddable":true,"href":"https:\/\/kaani.net\/en\/wp-json\/wp\/v2\/comments?post=17"}],"version-history":[{"count":2,"href":"https:\/\/kaani.net\/en\/wp-json\/wp\/v2\/pages\/17\/revisions"}],"predecessor-version":[{"id":3917,"href":"https:\/\/kaani.net\/en\/wp-json\/wp\/v2\/pages\/17\/revisions\/3917"}],"wp:attachment":[{"href":"https:\/\/kaani.net\/en\/wp-json\/wp\/v2\/media?parent=17"}],"curies":[{"name":"wp","href":"https:\/\/api.w.org\/{rel}","templated":true}]}}