{"id":3407,"date":"2018-08-21T13:24:05","date_gmt":"2018-08-21T10:24:05","guid":{"rendered":"https:\/\/kaani.net\/?page_id=3407"},"modified":"2019-03-03T14:27:10","modified_gmt":"2019-03-03T12:27:10","slug":"kaani-retailers","status":"publish","type":"page","link":"https:\/\/kaani.net\/en\/kaani-retailers\/","title":{"rendered":"Kaani Retailers"},"content":{"rendered":"<table id=\"tablepress-3\" class=\"tablepress tablepress-id-3\">\n<tbody class=\"row-striping row-hover\">\n<tr class=\"row-1\">\n\t<td class=\"column-1\"><strong>Kaani shop<\/strong><\/td><td class=\"column-2\">Address<\/td><td class=\"column-3\">Postal code<\/td><td class=\"column-4\">City<\/td>\n<\/tr>\n<tr class=\"row-2\">\n\t<td class=\"column-1\">Turku <\/td><td class=\"column-2\">Satakunnantie 162<\/td><td class=\"column-3\">20320<\/td><td class=\"column-4\">TURKU<\/td>\n<\/tr>\n<tr class=\"row-3\">\n\t<td class=\"column-1\"><\/td><td class=\"column-2\"><\/td><td class=\"column-3\"><\/td><td class=\"column-4\"><\/td>\n<\/tr>\n<tr class=\"row-4\">\n\t<td class=\"column-1\"><strong>Retailers<\/strong><\/td><td class=\"column-2\">Address<\/td><td class=\"column-3\">Postal code<\/td><td class=\"column-4\">City<\/td>\n<\/tr>\n<tr class=\"row-5\">\n\t<td class=\"column-1\"><strong>Metropolitan Area<\/strong><\/td><td class=\"column-2\"><\/td><td class=\"column-3\"><\/td><td class=\"column-4\"><\/td>\n<\/tr>\n<tr class=\"row-6\">\n\t<td class=\"column-1\"><strong>TURKU<\/strong><\/td><td class=\"column-2\"><\/td><td class=\"column-3\"><\/td><td class=\"column-4\"><\/td>\n<\/tr>\n<tr class=\"row-7\">\n\t<td class=\"column-1\">Sisustusliike Uniikki Ky<\/td><td class=\"column-2\">Linnankatu 20<\/td><td class=\"column-3\">20100<\/td><td class=\"column-4\">TURKU<\/td>\n<\/tr>\n<tr class=\"row-8\">\n\t<td class=\"column-1\"><strong>TAMPERE<\/strong><\/td><td class=\"column-2\"><\/td><td class=\"column-3\"><\/td><td class=\"column-4\"><\/td>\n<\/tr>\n<tr class=\"row-9\">\n\t<td class=\"column-1\">Kalustetalo Juurikivi Oy<\/td><td class=\"column-2\">Soppeentie 18<\/td><td class=\"column-3\">33470<\/td><td class=\"column-4\">YL\u00d6J\u00c4RVI<\/td>\n<\/tr>\n<tr class=\"row-10\">\n\t<td class=\"column-1\"><strong>Other parts of Finland<\/strong><\/td><td class=\"column-2\"><\/td><td class=\"column-3\"><\/td><td class=\"column-4\"><\/td>\n<\/tr>\n<tr class=\"row-11\">\n\t<td class=\"column-1\">Porvoon Vaihtokaluste Oy<\/td><td class=\"column-2\">Raivaajantie 3<\/td><td class=\"column-3\">06450<\/td><td class=\"column-4\">PORVOO<\/td>\n<\/tr>\n<tr class=\"row-12\">\n\t<td class=\"column-1\">Sisustussuunnitteluanne <\/td><td class=\"column-2\">Maaherrankatu 28<\/td><td class=\"column-3\">50100<\/td><td class=\"column-4\">MIKKELI<\/td>\n<\/tr>\n<tr class=\"row-13\">\n\t<td class=\"column-1\">Sisustustalo J. Lehmusto Oy<\/td><td class=\"column-2\">Kasarminkatu 5<\/td><td class=\"column-3\">13100<\/td><td class=\"column-4\">H\u00c4MEENLINNA<\/td>\n<\/tr>\n<tr class=\"row-14\">\n\t<td class=\"column-1\">Kalustetalo Juurikivi Oy<\/td><td class=\"column-2\">Katsastusmiehentie 6<\/td><td class=\"column-3\">13130<\/td><td class=\"column-4\">H\u00c4MEENLINNA<\/td>\n<\/tr>\n<tr class=\"row-15\">\n\t<td class=\"column-1\">F.W.Irjala<\/td><td class=\"column-2\">Kanavapuistikko 20<\/td><td class=\"column-3\">68600<\/td><td class=\"column-4\">Pietarsaari<\/td>\n<\/tr>\n<tr class=\"row-16\">\n\t<td class=\"column-1\">Sisustustalo Kodinonni<\/td><td class=\"column-2\">Kauppakatu 17<\/td><td class=\"column-3\">26100<\/td><td class=\"column-4\">RAUMA<\/td>\n<\/tr>\n<tr class=\"row-17\">\n\t<td class=\"column-1\">Porin kalustetalo Oy<\/td><td class=\"column-2\">Gallen-Kallelankatu 20<\/td><td class=\"column-3\">28100<\/td><td class=\"column-4\">PORI<\/td>\n<\/tr>\n<tr class=\"row-18\">\n\t<td class=\"column-1\">Huonekaluliike Pekka Ahonen Oy<\/td><td class=\"column-2\">Kennintie 1<\/td><td class=\"column-3\">31640<\/td><td class=\"column-4\">HUMPPILA<\/td>\n<\/tr>\n<tr class=\"row-19\">\n\t<td class=\"column-1\">Sisustustalo Ribbon tmi Auli Willman\u00a0<\/td><td class=\"column-2\">Turuntie 6<\/td><td class=\"column-3\">32200<\/td><td class=\"column-4\">LOIMAA<\/td>\n<\/tr>\n<tr class=\"row-20\">\n\t<td class=\"column-1\">Huonekaluliike Pekka Ahonen Oy<\/td><td class=\"column-2\">Itsen\u00e4isyydenkatu 62<\/td><td class=\"column-3\">38200<\/td><td class=\"column-4\">SASTAMALA<\/td>\n<\/tr>\n<tr class=\"row-21\">\n\t<td class=\"column-1\">Tyrv\u00e4\u00e4n Huonekaluliike, T. &amp; H. Kalliokoski<\/td><td class=\"column-2\">Onkiniemenkatu 8<\/td><td class=\"column-3\">38200<\/td><td class=\"column-4\">SASTAMALA<\/td>\n<\/tr>\n<tr class=\"row-22\">\n\t<td class=\"column-1\">Kalustemyynti Pekka Ali-Tolppa Ky<\/td><td class=\"column-2\">Kamraatintie 5<\/td><td class=\"column-3\">39500<\/td><td class=\"column-4\">IKAALINEN<\/td>\n<\/tr>\n<tr class=\"row-23\">\n\t<td class=\"column-1\">Kaluste 10 Oy<\/td><td class=\"column-2\">Kirrinpolku 2<\/td><td class=\"column-3\">40270<\/td><td class=\"column-4\">PALOKKA<\/td>\n<\/tr>\n<tr class=\"row-24\">\n\t<td class=\"column-1\">Huonekalu- ja Sisustusliike Marsalkka Ay<\/td><td class=\"column-2\">Porrassalmenkatu 29<\/td><td class=\"column-3\">50100<\/td><td class=\"column-4\">MIKKELI<\/td>\n<\/tr>\n<tr class=\"row-25\">\n\t<td class=\"column-1\">Tyylikotka Oy<\/td><td class=\"column-2\">Kirkkokatu 11<\/td><td class=\"column-3\">48100<\/td><td class=\"column-4\">Kotka<\/td>\n<\/tr>\n<tr class=\"row-26\">\n\t<td class=\"column-1\">Kaluste Kaakko \/ Lappeenranta<\/td><td class=\"column-2\">Hyrym\u00e4enkatu 3<\/td><td class=\"column-3\">53550<\/td><td class=\"column-4\">LAPPEENRANTA<\/td>\n<\/tr>\n<tr class=\"row-27\">\n\t<td class=\"column-1\">Kaluste Kaakko \/ Imatra<\/td><td class=\"column-2\">Tainionkoskentie 68<\/td><td class=\"column-3\">55120<\/td><td class=\"column-4\">IMATRA<\/td>\n<\/tr>\n<tr class=\"row-28\">\n\t<td class=\"column-1\">Kuopion Huonekalukeskus Oy<\/td><td class=\"column-2\">Kallantie 13<\/td><td class=\"column-3\">70340<\/td><td class=\"column-4\">KUOPIO<\/td>\n<\/tr>\n<tr class=\"row-29\">\n\t<td class=\"column-1\">Kustaa Surakka Oy<\/td><td class=\"column-2\">Pilkontie 7<\/td><td class=\"column-3\">80130<\/td><td class=\"column-4\">JOENSUU<\/td>\n<\/tr>\n<tr class=\"row-30\">\n\t<td class=\"column-1\">TerraNova \/ Sisustus Trendo<\/td><td class=\"column-2\">Valtakatu 6<\/td><td class=\"column-3\">84100<\/td><td class=\"column-4\">YLIVIESKA<\/td>\n<\/tr>\n<tr class=\"row-31\">\n\t<td class=\"column-1\">Sisustajankauppa Oksanen Ky\u00a0<\/td><td class=\"column-2\">Torikatu 6<\/td><td class=\"column-3\">88600<\/td><td class=\"column-4\">SOTKAMO<\/td>\n<\/tr>\n<tr class=\"row-32\">\n\t<td class=\"column-1\">E-M Kaluste Oy<\/td><td class=\"column-2\">Koulukatu 14<\/td><td class=\"column-3\">88900<\/td><td class=\"column-4\">KUHMO<\/td>\n<\/tr>\n<tr class=\"row-33\">\n\t<td class=\"column-1\">Kalustetalo Tuovinen Oy<\/td><td class=\"column-2\">Airotie 2<\/td><td class=\"column-3\">93600<\/td><td class=\"column-4\">KUUSAMO<\/td>\n<\/tr>\n<\/tbody>\n<\/table>\n<!-- #tablepress-3 from cache -->","protected":false},"excerpt":{"rendered":"Kaani myym\u00e4l\u00e4OsoitePostinumeroKaupunki Turku Satakunnantie 16220320TURKU J\u00e4lleenmyyj\u00e4tOsoitePostinumeroKaupunki PK-SEUTU TURKU Sisustusliike Uniikki KyLinnankatu 2020100TURKU TAMPERE Kalustetalo Juurikivi OySoppeentie 1833470YL\u00d6J\u00c4RVI MUU SUOMI Porvoon Vaihtokaluste OyRaivaajantie 306450PORVOO Sisustussuunnitteluanne Maaherrankatu 2850100MIKKELI Sisustustalo J. Lehmusto OyKasarminkatu 513100H\u00c4MEENLINNA Kalustetalo Juurikivi OyKatsastusmiehentie 613130H\u00c4MEENLINNA F.W.IrjalaKanavapuistikko 2068600Pietarsaari Sisustustalo KodinonniKauppakatu 1726100RAUMA Porin kalustetalo OyGallen-Kallelankatu 2028100PORI Huonekaluliike Pekka Ahonen OyKennintie 131640HUMPPILA Sisustustalo Ribbon tmi Auli Willman\u00a0Turuntie 632200LOIMAA [...]","protected":false},"author":2,"featured_media":0,"parent":0,"menu_order":0,"comment_status":"closed","ping_status":"open","template":"","meta":{"om_disable_all_campaigns":false,"_monsterinsights_skip_tracking":false,"_monsterinsights_sitenote_active":false,"_monsterinsights_sitenote_note":"","_monsterinsights_sitenote_category":0,"_uf_show_specific_survey":0,"_uf_disable_surveys":false,"footnotes":""},"class_list":["post-3407","page","type-page","status-publish","hentry"],"yoast_head":"<!-- This site is optimized with the Yoast SEO plugin v26.7 - https:\/\/yoast.com\/wordpress\/plugins\/seo\/ -->\n<title>Kaani Retailers - Kaani<\/title>\n<meta name=\"robots\" content=\"index, follow, max-snippet:-1, max-image-preview:large, max-video-preview:-1\" \/>\n<link rel=\"canonical\" href=\"https:\/\/kaani.net\/en\/kaani-retailers\/\" \/>\n<meta property=\"og:locale\" content=\"en_US\" \/>\n<meta property=\"og:type\" content=\"article\" \/>\n<meta property=\"og:title\" content=\"Kaani Retailers - Kaani\" \/>\n<meta property=\"og:url\" content=\"https:\/\/kaani.net\/en\/kaani-retailers\/\" \/>\n<meta property=\"og:site_name\" content=\"Kaani\" \/>\n<meta property=\"article:modified_time\" content=\"2019-03-03T12:27:10+00:00\" \/>\n<script type=\"application\/ld+json\" class=\"yoast-schema-graph\">{\"@context\":\"https:\/\/schema.org\",\"@graph\":[{\"@type\":\"WebPage\",\"@id\":\"https:\/\/kaani.net\/kaani-retailers\/\",\"url\":\"https:\/\/kaani.net\/kaani-retailers\/\",\"name\":\"Kaani Retailers - Kaani\",\"isPartOf\":{\"@id\":\"https:\/\/kaani.net\/#website\"},\"datePublished\":\"2018-08-21T10:24:05+00:00\",\"dateModified\":\"2019-03-03T12:27:10+00:00\",\"breadcrumb\":{\"@id\":\"https:\/\/kaani.net\/kaani-retailers\/#breadcrumb\"},\"inLanguage\":\"en-US\",\"potentialAction\":[{\"@type\":\"ReadAction\",\"target\":[\"https:\/\/kaani.net\/kaani-retailers\/\"]}]},{\"@type\":\"BreadcrumbList\",\"@id\":\"https:\/\/kaani.net\/kaani-retailers\/#breadcrumb\",\"itemListElement\":[{\"@type\":\"ListItem\",\"position\":1,\"name\":\"Etusivu\",\"item\":\"https:\/\/kaani.net\/\"},{\"@type\":\"ListItem\",\"position\":2,\"name\":\"Kaani Retailers\"}]},{\"@type\":\"WebSite\",\"@id\":\"https:\/\/kaani.net\/#website\",\"url\":\"https:\/\/kaani.net\/\",\"name\":\"Kaani\",\"description\":\"See the future!\",\"publisher\":{\"@id\":\"https:\/\/kaani.net\/#organization\"},\"potentialAction\":[{\"@type\":\"SearchAction\",\"target\":{\"@type\":\"EntryPoint\",\"urlTemplate\":\"https:\/\/kaani.net\/?s={search_term_string}\"},\"query-input\":{\"@type\":\"PropertyValueSpecification\",\"valueRequired\":true,\"valueName\":\"search_term_string\"}}],\"inLanguage\":\"en-US\"},{\"@type\":\"Organization\",\"@id\":\"https:\/\/kaani.net\/#organization\",\"name\":\"Kaani\",\"url\":\"https:\/\/kaani.net\/\",\"logo\":{\"@type\":\"ImageObject\",\"inLanguage\":\"en-US\",\"@id\":\"https:\/\/kaani.net\/#\/schema\/logo\/image\/\",\"url\":\"https:\/\/kaani.net\/wp-content\/uploads\/2017\/09\/cropped-123_kaani_logoS-2-1.jpg\",\"contentUrl\":\"https:\/\/kaani.net\/wp-content\/uploads\/2017\/09\/cropped-123_kaani_logoS-2-1.jpg\",\"width\":184,\"height\":80,\"caption\":\"Kaani\"},\"image\":{\"@id\":\"https:\/\/kaani.net\/#\/schema\/logo\/image\/\"}}]}<\/script>\n<!-- \/ Yoast SEO plugin. -->","yoast_head_json":{"title":"Kaani Retailers - Kaani","robots":{"index":"index","follow":"follow","max-snippet":"max-snippet:-1","max-image-preview":"max-image-preview:large","max-video-preview":"max-video-preview:-1"},"canonical":"https:\/\/kaani.net\/en\/kaani-retailers\/","og_locale":"en_US","og_type":"article","og_title":"Kaani Retailers - Kaani","og_url":"https:\/\/kaani.net\/en\/kaani-retailers\/","og_site_name":"Kaani","article_modified_time":"2019-03-03T12:27:10+00:00","schema":{"@context":"https:\/\/schema.org","@graph":[{"@type":"WebPage","@id":"https:\/\/kaani.net\/kaani-retailers\/","url":"https:\/\/kaani.net\/kaani-retailers\/","name":"Kaani Retailers - Kaani","isPartOf":{"@id":"https:\/\/kaani.net\/#website"},"datePublished":"2018-08-21T10:24:05+00:00","dateModified":"2019-03-03T12:27:10+00:00","breadcrumb":{"@id":"https:\/\/kaani.net\/kaani-retailers\/#breadcrumb"},"inLanguage":"en-US","potentialAction":[{"@type":"ReadAction","target":["https:\/\/kaani.net\/kaani-retailers\/"]}]},{"@type":"BreadcrumbList","@id":"https:\/\/kaani.net\/kaani-retailers\/#breadcrumb","itemListElement":[{"@type":"ListItem","position":1,"name":"Etusivu","item":"https:\/\/kaani.net\/"},{"@type":"ListItem","position":2,"name":"Kaani Retailers"}]},{"@type":"WebSite","@id":"https:\/\/kaani.net\/#website","url":"https:\/\/kaani.net\/","name":"Kaani","description":"See the future!","publisher":{"@id":"https:\/\/kaani.net\/#organization"},"potentialAction":[{"@type":"SearchAction","target":{"@type":"EntryPoint","urlTemplate":"https:\/\/kaani.net\/?s={search_term_string}"},"query-input":{"@type":"PropertyValueSpecification","valueRequired":true,"valueName":"search_term_string"}}],"inLanguage":"en-US"},{"@type":"Organization","@id":"https:\/\/kaani.net\/#organization","name":"Kaani","url":"https:\/\/kaani.net\/","logo":{"@type":"ImageObject","inLanguage":"en-US","@id":"https:\/\/kaani.net\/#\/schema\/logo\/image\/","url":"https:\/\/kaani.net\/wp-content\/uploads\/2017\/09\/cropped-123_kaani_logoS-2-1.jpg","contentUrl":"https:\/\/kaani.net\/wp-content\/uploads\/2017\/09\/cropped-123_kaani_logoS-2-1.jpg","width":184,"height":80,"caption":"Kaani"},"image":{"@id":"https:\/\/kaani.net\/#\/schema\/logo\/image\/"}}]}},"_links":{"self":[{"href":"https:\/\/kaani.net\/en\/wp-json\/wp\/v2\/pages\/3407","targetHints":{"allow":["GET"]}}],"collection":[{"href":"https:\/\/kaani.net\/en\/wp-json\/wp\/v2\/pages"}],"about":[{"href":"https:\/\/kaani.net\/en\/wp-json\/wp\/v2\/types\/page"}],"author":[{"embeddable":true,"href":"https:\/\/kaani.net\/en\/wp-json\/wp\/v2\/users\/2"}],"replies":[{"embeddable":true,"href":"https:\/\/kaani.net\/en\/wp-json\/wp\/v2\/comments?post=3407"}],"version-history":[{"count":1,"href":"https:\/\/kaani.net\/en\/wp-json\/wp\/v2\/pages\/3407\/revisions"}],"predecessor-version":[{"id":3408,"href":"https:\/\/kaani.net\/en\/wp-json\/wp\/v2\/pages\/3407\/revisions\/3408"}],"wp:attachment":[{"href":"https:\/\/kaani.net\/en\/wp-json\/wp\/v2\/media?parent=3407"}],"curies":[{"name":"wp","href":"https:\/\/api.w.org\/{rel}","templated":true}]}}