{"id":3428,"date":"2018-08-21T20:25:45","date_gmt":"2018-08-21T17:25:45","guid":{"rendered":"https:\/\/kaani.net\/?page_id=3428"},"modified":"2023-04-13T19:10:13","modified_gmt":"2023-04-13T16:10:13","slug":"frontpage","status":"publish","type":"page","link":"https:\/\/kaani.net\/en\/frontpage\/","title":{"rendered":"Frontpage"},"content":{"rendered":"<div class=\"vc_row wpb_row vc_row-fluid vc_custom_1520845250363\"><div class=\"wpb_column vc_column_container vc_col-sm-12\"><div class=\"vc_column-inner vc_custom_1520845295012\"><div class=\"wpb_wrapper\">\n\t<div class=\"wpb_text_column wpb_content_element  vc_custom_1520845370186\" >\n\t\t<div class=\"wpb_wrapper\">\n\t\t\t<h3>See tomorrow!<\/h3>\n\n\t\t<\/div>\n\t<\/div>\n<\/div><\/div><\/div><\/div><div id=\"Slider\" data-vc-full-width=\"true\" data-vc-full-width-init=\"false\" data-vc-stretch-content=\"true\" class=\"vc_row wpb_row vc_row-fluid vc_custom_1520845416139\"><div class=\"wpb_column vc_column_container vc_col-sm-12 vc_col-has-fill\"><div class=\"vc_column-inner vc_custom_1520845184787\"><div class=\"wpb_wrapper\"><div class=\"wpb_revslider_element wpb_content_element\">\n\t\t\t<!-- START Kuvakaruselli2 REVOLUTION SLIDER 6.2.23 --><p class=\"rs-p-wp-fix\"><\/p>\n\t\t\t<rs-module-wrap id=\"rev_slider_4_1_wrapper\" data-source=\"gallery\" style=\"background:transparent;padding:0;margin:0px auto;margin-top:0;margin-bottom:0;\">\n\t\t\t\t<rs-module id=\"rev_slider_4_1\" style=\"\" data-version=\"6.2.23\">\n\t\t\t\t\t<rs-slides>\n\t\t\t\t\t\t<rs-slide data-key=\"rs-17\" data-title=\"Slide\" data-anim=\"ei:d;eo:d;r:0;t:slideleft;sl:d;\">\n\t\t\t\t\t\t\t<img decoding=\"async\" src=\"\/\/kaani.net\/wp-content\/plugins\/revslider\/public\/assets\/assets\/transparent.png\" alt=\"Slide\" title=\"Frontpage\" data-bg=\"p:center top;f:contain;\" class=\"rev-slidebg\" data-no-retina>\n<!--\n\t\t\t\t\t\t\t--><rs-layer\n\t\t\t\t\t\t\t\tid=\"slider-4-slide-17-layer-1\" \n\t\t\t\t\t\t\t\tdata-type=\"image\"\n\t\t\t\t\t\t\t\tdata-rsp_ch=\"on\"\n\t\t\t\t\t\t\t\tdata-xy=\"x:1px;\"\n\t\t\t\t\t\t\t\tdata-text=\"l:22;a:inherit;\"\n\t\t\t\t\t\t\t\tdata-dim=\"w:1200px;h:800px;\"\n\t\t\t\t\t\t\t\tdata-frame_999=\"o:0;st:w;sR:2700;\"\n\t\t\t\t\t\t\t\tstyle=\"z-index:5;\"\n\t\t\t\t\t\t\t><img loading=\"lazy\" decoding=\"async\" src=\"\/\/kaani.net\/wp-content\/uploads\/2021\/06\/Helsinki_pikkuhylly_O9A2600_1200_800.jpg\" width=\"1200\" height=\"800\" data-no-retina> \n\t\t\t\t\t\t\t<\/rs-layer><!--\n-->\t\t\t\t\t\t<\/rs-slide>\n\t\t\t\t\t\t<rs-slide data-key=\"rs-19\" data-title=\"Slide\" data-anim=\"ei:d;eo:d;r:0;t:slideleft;sl:d;\">\n\t\t\t\t\t\t\t<img decoding=\"async\" src=\"\/\/kaani.net\/wp-content\/plugins\/revslider\/public\/assets\/assets\/transparent.png\" alt=\"Slide\" title=\"Frontpage\" class=\"rev-slidebg\" data-no-retina>\n<!--\n\t\t\t\t\t\t\t--><rs-layer\n\t\t\t\t\t\t\t\tid=\"slider-4-slide-19-layer-1\" \n\t\t\t\t\t\t\t\tdata-type=\"image\"\n\t\t\t\t\t\t\t\tdata-rsp_ch=\"on\"\n\t\t\t\t\t\t\t\tdata-xy=\"x:c;\"\n\t\t\t\t\t\t\t\tdata-text=\"l:22;a:inherit;\"\n\t\t\t\t\t\t\t\tdata-dim=\"w:1200px;h:800px;\"\n\t\t\t\t\t\t\t\tdata-basealign=\"slide\"\n\t\t\t\t\t\t\t\tdata-frame_999=\"o:0;st:w;sR:2700;\"\n\t\t\t\t\t\t\t\tstyle=\"z-index:5;\"\n\t\t\t\t\t\t\t><img loading=\"lazy\" decoding=\"async\" src=\"\/\/kaani.net\/wp-content\/uploads\/2021\/06\/Helsinki_LT_O9A2439_1200_800.jpg\" width=\"1200\" height=\"800\" data-no-retina> \n\t\t\t\t\t\t\t<\/rs-layer><!--\n-->\t\t\t\t\t\t<\/rs-slide>\n\t\t\t\t\t\t<rs-slide data-key=\"rs-14\" data-title=\"Slide\" data-anim=\"ei:d;eo:d;r:0;t:slideleft;sl:d;\">\n\t\t\t\t\t\t\t<img decoding=\"async\" src=\"\/\/kaani.net\/wp-content\/plugins\/revslider\/public\/assets\/assets\/transparent.png\" alt=\"Slide\" title=\"Frontpage\" data-bg=\"p:center top;f:contain;\" class=\"rev-slidebg\" data-no-retina>\n<!--\n\t\t\t\t\t\t\t--><rs-layer\n\t\t\t\t\t\t\t\tid=\"slider-4-slide-14-layer-1\" \n\t\t\t\t\t\t\t\tdata-type=\"image\"\n\t\t\t\t\t\t\t\tdata-rsp_ch=\"on\"\n\t\t\t\t\t\t\t\tdata-xy=\"x:1px;\"\n\t\t\t\t\t\t\t\tdata-text=\"l:22;a:inherit;\"\n\t\t\t\t\t\t\t\tdata-dim=\"w:1200px;h:800px;\"\n\t\t\t\t\t\t\t\tdata-frame_999=\"o:0;st:w;sR:2700;\"\n\t\t\t\t\t\t\t\tstyle=\"z-index:5;\"\n\t\t\t\t\t\t\t><img loading=\"lazy\" decoding=\"async\" src=\"\/\/kaani.net\/wp-content\/uploads\/2018\/12\/123_sivup\u00f6yt\u00e4lasihyllyll\u00e4_O9A9150_800_1200.jpg\" alt=\"123 sivup\u00f6yt\u00e4\" width=\"1200\" height=\"800\" data-no-retina> \n\t\t\t\t\t\t\t<\/rs-layer><!--\n-->\t\t\t\t\t\t<\/rs-slide>\n\t\t\t\t\t\t<rs-slide data-key=\"rs-10\" data-title=\"Slide\" data-duration=\"3000\" data-anim=\"ei:d;eo:d;s:d;r:0;t:fadethroughtransparent;sl:d;\">\n\t\t\t\t\t\t\t<img decoding=\"async\" src=\"\/\/kaani.net\/wp-content\/plugins\/revslider\/public\/assets\/assets\/transparent.png\" alt=\"Slide\" title=\"Frontpage\" class=\"rev-slidebg\" data-no-retina>\n<!--\n\t\t\t\t\t\t\t--><rs-layer\n\t\t\t\t\t\t\t\tid=\"slider-4-slide-10-layer-5\" \n\t\t\t\t\t\t\t\tdata-type=\"image\"\n\t\t\t\t\t\t\t\tdata-rsp_ch=\"on\"\n\t\t\t\t\t\t\t\tdata-xy=\"x:c;\"\n\t\t\t\t\t\t\t\tdata-text=\"l:22;a:inherit;\"\n\t\t\t\t\t\t\t\tdata-dim=\"w:1200px;h:800px;\"\n\t\t\t\t\t\t\t\tdata-basealign=\"slide\"\n\t\t\t\t\t\t\t\tdata-frame_999=\"o:0;st:w;sR:2700;\"\n\t\t\t\t\t\t\t\tstyle=\"z-index:5;\"\n\t\t\t\t\t\t\t><img loading=\"lazy\" decoding=\"async\" src=\"\/\/kaani.net\/wp-content\/uploads\/2018\/08\/123versD_jatkopala_O9A8374_1200.jpg\" width=\"1200\" height=\"800\" data-no-retina> \n\t\t\t\t\t\t\t<\/rs-layer><!--\n-->\t\t\t\t\t\t<\/rs-slide>\n\t\t\t\t\t\t<rs-slide data-key=\"rs-22\" data-title=\"Slide\" data-duration=\"3000\" data-anim=\"ei:d;eo:d;s:d;r:0;t:fadethroughtransparent;sl:d;\">\n\t\t\t\t\t\t\t<img decoding=\"async\" src=\"\/\/kaani.net\/wp-content\/plugins\/revslider\/public\/assets\/assets\/transparent.png\" alt=\"Slide\" title=\"Frontpage\" class=\"rev-slidebg\" data-no-retina>\n<!--\n\t\t\t\t\t\t\t--><rs-layer\n\t\t\t\t\t\t\t\tid=\"slider-4-slide-22-layer-5\" \n\t\t\t\t\t\t\t\tdata-type=\"image\"\n\t\t\t\t\t\t\t\tdata-rsp_ch=\"on\"\n\t\t\t\t\t\t\t\tdata-xy=\"x:c;\"\n\t\t\t\t\t\t\t\tdata-text=\"l:22;a:inherit;\"\n\t\t\t\t\t\t\t\tdata-dim=\"w:1200px;h:800px;\"\n\t\t\t\t\t\t\t\tdata-basealign=\"slide\"\n\t\t\t\t\t\t\t\tdata-frame_999=\"o:0;st:w;sR:2700;\"\n\t\t\t\t\t\t\t\tstyle=\"z-index:5;\"\n\t\t\t\t\t\t\t><img loading=\"lazy\" decoding=\"async\" src=\"\/\/kaani.net\/wp-content\/uploads\/2021\/06\/Jazz_kelt_Traffic_O9A2317_1200_800.jpg\" width=\"1200\" height=\"800\" data-no-retina> \n\t\t\t\t\t\t\t<\/rs-layer><!--\n-->\t\t\t\t\t\t<\/rs-slide>\n\t\t\t\t\t<\/rs-slides>\n\t\t\t\t<\/rs-module>\n\t\t\t<\/rs-module-wrap>\n\t\t\t<!-- END REVOLUTION SLIDER -->\n<\/div><\/div><\/div><\/div><\/div><div class=\"vc_row-full-width vc_clearfix\"><\/div><div class=\"vc_row wpb_row vc_row-fluid\"><div class=\"wpb_column vc_column_container vc_col-sm-12\"><div class=\"vc_column-inner\"><div class=\"wpb_wrapper\">\n\t<div class=\"wpb_text_column wpb_content_element\" >\n\t\t<div class=\"wpb_wrapper\">\n\t\t\t<p>Esko Niinikorpi, Kaani\u2019s artist and entrepreneur.<\/p>\n<p>\u201d I firmly adhere to my principle of creating structurally durable and aesthetically long-lasting products. The product\u2019s durability alone is not enough for ecology. This requires that the product still usable decades from now \u201c<\/p>\n\n\t\t<\/div>\n\t<\/div>\n<\/div><\/div><\/div><\/div><div class=\"vc_row wpb_row vc_row-fluid\"><div class=\"wpb_column vc_column_container vc_col-sm-12\"><div class=\"vc_column-inner\"><div class=\"wpb_wrapper\">\n\t<div class=\"wpb_text_column wpb_content_element\" >\n\t\t<div class=\"wpb_wrapper\">\n\t\t\t\n\t\t<\/div>\n\t<\/div>\n<\/div><\/div><\/div><\/div>","protected":false},"excerpt":{"rendered":"See tomorrow! Esko Niinikorpi, Kaani\u2019s artist and entrepreneur. \u201d I firmly adhere to my principle of creating structurally durable and aesthetically long-lasting products. The product\u2019s durability alone is not enough for ecology. This requires that the product still usable decades from now \u201c","protected":false},"author":7,"featured_media":0,"parent":0,"menu_order":0,"comment_status":"closed","ping_status":"closed","template":"tpl-nocover.php","meta":{"om_disable_all_campaigns":false,"_monsterinsights_skip_tracking":false,"_monsterinsights_sitenote_active":false,"_monsterinsights_sitenote_note":"","_monsterinsights_sitenote_category":0,"_uf_show_specific_survey":0,"_uf_disable_surveys":false,"footnotes":""},"class_list":["post-3428","page","type-page","status-publish","hentry"],"yoast_head":"<!-- This site is optimized with the Yoast SEO plugin v26.7 - https:\/\/yoast.com\/wordpress\/plugins\/seo\/ -->\n<title>Frontpage - Kaani<\/title>\n<meta name=\"robots\" content=\"index, follow, max-snippet:-1, max-image-preview:large, max-video-preview:-1\" \/>\n<link rel=\"canonical\" href=\"https:\/\/kaani.net\/en\/frontpage\/\" \/>\n<meta property=\"og:locale\" content=\"en_US\" \/>\n<meta property=\"og:type\" content=\"article\" \/>\n<meta property=\"og:title\" content=\"Frontpage - Kaani\" \/>\n<meta property=\"og:url\" content=\"https:\/\/kaani.net\/en\/frontpage\/\" \/>\n<meta property=\"og:site_name\" content=\"Kaani\" \/>\n<meta property=\"article:modified_time\" content=\"2023-04-13T16:10:13+00:00\" \/>\n<meta name=\"twitter:label1\" content=\"Est. reading time\" \/>\n\t<meta name=\"twitter:data1\" content=\"1 minute\" \/>\n<script type=\"application\/ld+json\" class=\"yoast-schema-graph\">{\"@context\":\"https:\/\/schema.org\",\"@graph\":[{\"@type\":\"WebPage\",\"@id\":\"https:\/\/kaani.net\/frontpage\/\",\"url\":\"https:\/\/kaani.net\/frontpage\/\",\"name\":\"Frontpage - Kaani\",\"isPartOf\":{\"@id\":\"https:\/\/kaani.net\/#website\"},\"datePublished\":\"2018-08-21T17:25:45+00:00\",\"dateModified\":\"2023-04-13T16:10:13+00:00\",\"breadcrumb\":{\"@id\":\"https:\/\/kaani.net\/frontpage\/#breadcrumb\"},\"inLanguage\":\"en-US\",\"potentialAction\":[{\"@type\":\"ReadAction\",\"target\":[\"https:\/\/kaani.net\/frontpage\/\"]}]},{\"@type\":\"BreadcrumbList\",\"@id\":\"https:\/\/kaani.net\/frontpage\/#breadcrumb\",\"itemListElement\":[{\"@type\":\"ListItem\",\"position\":1,\"name\":\"Etusivu\",\"item\":\"https:\/\/kaani.net\/\"},{\"@type\":\"ListItem\",\"position\":2,\"name\":\"Frontpage\"}]},{\"@type\":\"WebSite\",\"@id\":\"https:\/\/kaani.net\/#website\",\"url\":\"https:\/\/kaani.net\/\",\"name\":\"Kaani\",\"description\":\"See the future!\",\"publisher\":{\"@id\":\"https:\/\/kaani.net\/#organization\"},\"potentialAction\":[{\"@type\":\"SearchAction\",\"target\":{\"@type\":\"EntryPoint\",\"urlTemplate\":\"https:\/\/kaani.net\/?s={search_term_string}\"},\"query-input\":{\"@type\":\"PropertyValueSpecification\",\"valueRequired\":true,\"valueName\":\"search_term_string\"}}],\"inLanguage\":\"en-US\"},{\"@type\":\"Organization\",\"@id\":\"https:\/\/kaani.net\/#organization\",\"name\":\"Kaani\",\"url\":\"https:\/\/kaani.net\/\",\"logo\":{\"@type\":\"ImageObject\",\"inLanguage\":\"en-US\",\"@id\":\"https:\/\/kaani.net\/#\/schema\/logo\/image\/\",\"url\":\"https:\/\/kaani.net\/wp-content\/uploads\/2017\/09\/cropped-123_kaani_logoS-2-1.jpg\",\"contentUrl\":\"https:\/\/kaani.net\/wp-content\/uploads\/2017\/09\/cropped-123_kaani_logoS-2-1.jpg\",\"width\":184,\"height\":80,\"caption\":\"Kaani\"},\"image\":{\"@id\":\"https:\/\/kaani.net\/#\/schema\/logo\/image\/\"}}]}<\/script>\n<!-- \/ Yoast SEO plugin. -->","yoast_head_json":{"title":"Frontpage - Kaani","robots":{"index":"index","follow":"follow","max-snippet":"max-snippet:-1","max-image-preview":"max-image-preview:large","max-video-preview":"max-video-preview:-1"},"canonical":"https:\/\/kaani.net\/en\/frontpage\/","og_locale":"en_US","og_type":"article","og_title":"Frontpage - Kaani","og_url":"https:\/\/kaani.net\/en\/frontpage\/","og_site_name":"Kaani","article_modified_time":"2023-04-13T16:10:13+00:00","twitter_misc":{"Est. reading time":"1 minute"},"schema":{"@context":"https:\/\/schema.org","@graph":[{"@type":"WebPage","@id":"https:\/\/kaani.net\/frontpage\/","url":"https:\/\/kaani.net\/frontpage\/","name":"Frontpage - Kaani","isPartOf":{"@id":"https:\/\/kaani.net\/#website"},"datePublished":"2018-08-21T17:25:45+00:00","dateModified":"2023-04-13T16:10:13+00:00","breadcrumb":{"@id":"https:\/\/kaani.net\/frontpage\/#breadcrumb"},"inLanguage":"en-US","potentialAction":[{"@type":"ReadAction","target":["https:\/\/kaani.net\/frontpage\/"]}]},{"@type":"BreadcrumbList","@id":"https:\/\/kaani.net\/frontpage\/#breadcrumb","itemListElement":[{"@type":"ListItem","position":1,"name":"Etusivu","item":"https:\/\/kaani.net\/"},{"@type":"ListItem","position":2,"name":"Frontpage"}]},{"@type":"WebSite","@id":"https:\/\/kaani.net\/#website","url":"https:\/\/kaani.net\/","name":"Kaani","description":"See the future!","publisher":{"@id":"https:\/\/kaani.net\/#organization"},"potentialAction":[{"@type":"SearchAction","target":{"@type":"EntryPoint","urlTemplate":"https:\/\/kaani.net\/?s={search_term_string}"},"query-input":{"@type":"PropertyValueSpecification","valueRequired":true,"valueName":"search_term_string"}}],"inLanguage":"en-US"},{"@type":"Organization","@id":"https:\/\/kaani.net\/#organization","name":"Kaani","url":"https:\/\/kaani.net\/","logo":{"@type":"ImageObject","inLanguage":"en-US","@id":"https:\/\/kaani.net\/#\/schema\/logo\/image\/","url":"https:\/\/kaani.net\/wp-content\/uploads\/2017\/09\/cropped-123_kaani_logoS-2-1.jpg","contentUrl":"https:\/\/kaani.net\/wp-content\/uploads\/2017\/09\/cropped-123_kaani_logoS-2-1.jpg","width":184,"height":80,"caption":"Kaani"},"image":{"@id":"https:\/\/kaani.net\/#\/schema\/logo\/image\/"}}]}},"_links":{"self":[{"href":"https:\/\/kaani.net\/en\/wp-json\/wp\/v2\/pages\/3428","targetHints":{"allow":["GET"]}}],"collection":[{"href":"https:\/\/kaani.net\/en\/wp-json\/wp\/v2\/pages"}],"about":[{"href":"https:\/\/kaani.net\/en\/wp-json\/wp\/v2\/types\/page"}],"author":[{"embeddable":true,"href":"https:\/\/kaani.net\/en\/wp-json\/wp\/v2\/users\/7"}],"replies":[{"embeddable":true,"href":"https:\/\/kaani.net\/en\/wp-json\/wp\/v2\/comments?post=3428"}],"version-history":[{"count":5,"href":"https:\/\/kaani.net\/en\/wp-json\/wp\/v2\/pages\/3428\/revisions"}],"predecessor-version":[{"id":9153,"href":"https:\/\/kaani.net\/en\/wp-json\/wp\/v2\/pages\/3428\/revisions\/9153"}],"wp:attachment":[{"href":"https:\/\/kaani.net\/en\/wp-json\/wp\/v2\/media?parent=3428"}],"curies":[{"name":"wp","href":"https:\/\/api.w.org\/{rel}","templated":true}]}}