{"id":8,"date":"2013-05-17T13:43:01","date_gmt":"2013-05-17T10:43:01","guid":{"rendered":"http:\/\/www.kaani.net\/?page_id=8"},"modified":"2026-03-31T12:54:23","modified_gmt":"2026-03-31T09:54:23","slug":"ajankohtaista","status":"publish","type":"page","link":"https:\/\/kaani.net\/en\/ajankohtaista\/","title":{"rendered":"Current"},"content":{"rendered":"<p class=\"has-text-align-center\"><strong><mark style=\"background-color:rgba(0, 0, 0, 0)\" class=\"has-inline-color has-vivid-red-color\"> <\/mark><\/strong><\/p>\n\n\n\n<p class=\"has-text-align-center\"><strong><mark style=\"background-color:rgba(0, 0, 0, 0)\" class=\"has-inline-color has-vivid-red-color\">MUUTTOMYYNTI!!!<\/mark><\/strong><br><strong>Kes\u00e4lomaa on vietetty ja Kaanin v\u00e4ki on taas paikallaan ja palveluksessanne.<br>Myym\u00e4l\u00e4mme muuttaa ja tyhjenn\u00e4mme t\u00e4m\u00e4n myym\u00e4l\u00e4n<\/strong><br><\/p>\n\n\n\n<p class=\"has-text-align-center\"><strong>KAIKKI myym\u00e4l\u00e4n normaalihintaiset mallikalusteet myyd\u00e4\u00e4n pois -30 \u2013 80% alennuksilla.<br>Valmiiksi alennetuista tuotteista, saat LIS\u00c4-ALENNUKSEN -10%.<\/strong><\/p>\n\n\n\n<p class=\"has-text-align-center\"><\/p>\n\n\n\n<p class=\"has-text-align-center\"><strong>Haluatko saada etuja ja ensik\u00e4den tietoa? <\/strong><\/p>\n\n\n\n<p class=\"has-text-align-center\"><strong><a href=\"https:\/\/kaani.net\/en\/kanta-asiakkuus\/\">Liity sis\u00e4piiriin!<\/a> <\/strong><\/p>\n\n\n\n<p class=\"has-text-align-center\">Kaanin oma myym\u00e4l\u00e4 toimii osoitteessa:<\/p>\n\n\n\n<p class=\"has-text-align-center\"><strong>Satakunnantie 162, 20320 Turku<\/strong><\/p>\n\n\n\n<p class=\"has-text-align-center\">(Entinen Iskun kiinteist\u00f6)<\/p>\n\n\n\n<p class=\"has-text-align-center\">Open as follows:<\/p>\n\n\n\n<p class=\"has-text-align-center\"><strong>Ma          suljettu<\/strong><\/p>\n\n\n\n<p class=\"has-text-align-center\"><strong>Ti &#8211; La     11 &#8211; 18<\/strong><\/p>\n\n\n\n<p class=\"has-text-align-center\"><strong>   Su         suljettu<\/strong><\/p>\n\n\n\n<p><\/p>\n\n\n\n<p><\/p>\n\n\n\n<p class=\"has-text-align-center\"><strong>Poikkeusaukioloajat, suljettu seuraavina p\u00e4ivin\u00e4:<\/strong><\/p>\n\n\n\n<p class=\"has-text-align-center\"><\/p>\n\n\n\n<p class=\"has-text-align-center\">1.4.2026 keskiviikko<\/p>\n\n\n\n<p class=\"has-text-align-center\">3.4.2026 Pitk\u00e4perjantai<\/p>\n\n\n\n<p class=\"has-text-align-center\">1.5.2026 Vappu<\/p>\n\n\n\n<p class=\"has-text-align-center\">14.5.2026 Helatorstai<\/p>\n\n\n\n<p class=\"has-text-align-center\">19 &#8211; 20.6.2026 Juhannus<\/p>\n\n\n\n<p><\/p>\n\n\n\n<p><\/p>\n\n\n\n<p class=\"has-text-align-center\">Book a service appointment: info@kaani.net or: 044 906 4050<\/p>\n\n\n\n<p class=\"has-text-align-center\"><strong>WELCOME<\/strong><\/p>\n\n\n\n<h2 class=\"wp-block-heading has-text-align-center\"><a href=\"https:\/\/kaani.net\/en\/ajankohtaista\/asiakastyytyvaisyys\/\"><strong>Tutustu toimintamme asiakastyytyv\u00e4isyyteen.<\/strong><\/a><\/h2>\n\n\n\n<pre class=\"wp-block-code\"><code><\/code><\/pre>\n\n\n\n<p class=\"has-text-align-center\"><strong>Habitare 2024<\/strong> osastomme oli menestys. Kuluttajat ja ammattilaiset pitiv\u00e4t n\u00e4kem\u00e4st\u00e4\u00e4n ja tilauksiakin tuli mukavasti. Kiitos kaikille k\u00e4vij\u00f6ille!<\/p>\n\n\n\n<p class=\"has-text-align-center\"><strong>Kaanin Habitare osaston mallikappaleita ja my\u00f6s Turun myym\u00e4l\u00e4n poistokalusteita -30%! <\/strong><\/p>\n\n\n\n<p class=\"has-text-align-center\"><strong><a href=\"https:\/\/kaani.net\/en\/outlet-2\/\">Astu Kaanin Outlet-myym\u00e4l\u00e4\u00e4n.<\/a><\/strong><\/p>\n\n\n\n<p class=\"has-text-align-center\">Outlet-tuotteet myyd\u00e4\u00e4n v\u00e4limyyntivarauksin. Yli 200,- tilaukset vapaa toimitus. <\/p>\n\n\n\n<figure class=\"wp-block-gallery has-nested-images columns-default is-cropped wp-block-gallery-1 is-layout-flex wp-block-gallery-is-layout-flex\">\n<figure class=\"wp-block-image size-large\"><img loading=\"lazy\" decoding=\"async\" width=\"477\" height=\"600\" data-id=\"14213\" src=\"https:\/\/kaani.net\/wp-content\/uploads\/2025\/04\/Jazz_apupoyta_tammi.jpg\" alt=\"\" class=\"wp-image-14213\" srcset=\"https:\/\/kaani.net\/wp-content\/uploads\/2025\/04\/Jazz_apupoyta_tammi.jpg 477w, https:\/\/kaani.net\/wp-content\/uploads\/2025\/04\/Jazz_apupoyta_tammi-150x189.jpg 150w, https:\/\/kaani.net\/wp-content\/uploads\/2025\/04\/Jazz_apupoyta_tammi-366x460.jpg 366w, https:\/\/kaani.net\/wp-content\/uploads\/2025\/04\/Jazz_apupoyta_tammi-10x12.jpg 10w, https:\/\/kaani.net\/wp-content\/uploads\/2025\/04\/Jazz_apupoyta_tammi-119x150.jpg 119w\" sizes=\"auto, (max-width: 477px) 100vw, 477px\" \/><\/figure>\n\n\n\n<figure class=\"wp-block-image size-large is-style-default\"><img loading=\"lazy\" decoding=\"async\" width=\"760\" height=\"600\" data-id=\"14216\" src=\"https:\/\/kaani.net\/wp-content\/uploads\/2025\/04\/Harlem-sohva_123versE-sohvapoyta.jpg\" alt=\"\" class=\"wp-image-14216\" srcset=\"https:\/\/kaani.net\/wp-content\/uploads\/2025\/04\/Harlem-sohva_123versE-sohvapoyta.jpg 760w, https:\/\/kaani.net\/wp-content\/uploads\/2025\/04\/Harlem-sohva_123versE-sohvapoyta-150x118.jpg 150w, https:\/\/kaani.net\/wp-content\/uploads\/2025\/04\/Harlem-sohva_123versE-sohvapoyta-460x363.jpg 460w, https:\/\/kaani.net\/wp-content\/uploads\/2025\/04\/Harlem-sohva_123versE-sohvapoyta-15x12.jpg 15w, https:\/\/kaani.net\/wp-content\/uploads\/2025\/04\/Harlem-sohva_123versE-sohvapoyta-750x592.jpg 750w\" sizes=\"auto, (max-width: 760px) 100vw, 760px\" \/><\/figure>\n<\/figure>\n\n\n\n<p class=\"has-text-align-center\">Ordering from us is safe! Kaani's production company 123 Design Oy has been selected as one of Finland's strongest companies.<\/p>\n\n\n\n<figure class=\"wp-block-gallery has-nested-images columns-default is-cropped wp-block-gallery-2 is-layout-flex wp-block-gallery-is-layout-flex\">\n<figure class=\"wp-block-image size-large\"><img loading=\"lazy\" decoding=\"async\" width=\"1200\" height=\"848\" data-id=\"14221\" src=\"https:\/\/kaani.net\/wp-content\/uploads\/2025\/04\/2025_FIN-1200x848.jpg\" alt=\"\" class=\"wp-image-14221\" srcset=\"https:\/\/kaani.net\/wp-content\/uploads\/2025\/04\/2025_FIN-1200x848.jpg 1200w, https:\/\/kaani.net\/wp-content\/uploads\/2025\/04\/2025_FIN-150x106.jpg 150w, https:\/\/kaani.net\/wp-content\/uploads\/2025\/04\/2025_FIN-800x566.jpg 800w, https:\/\/kaani.net\/wp-content\/uploads\/2025\/04\/2025_FIN-460x325.jpg 460w, https:\/\/kaani.net\/wp-content\/uploads\/2025\/04\/2025_FIN-768x543.jpg 768w, https:\/\/kaani.net\/wp-content\/uploads\/2025\/04\/2025_FIN-1536x1086.jpg 1536w, https:\/\/kaani.net\/wp-content\/uploads\/2025\/04\/2025_FIN-2048x1448.jpg 2048w, https:\/\/kaani.net\/wp-content\/uploads\/2025\/04\/2025_FIN-18x12.jpg 18w, https:\/\/kaani.net\/wp-content\/uploads\/2025\/04\/2025_FIN-1920x1357.jpg 1920w\" sizes=\"auto, (max-width: 1200px) 100vw, 1200px\" \/><\/figure>\n\n\n\n<figure class=\"wp-block-image size-large\"><img loading=\"lazy\" decoding=\"async\" width=\"400\" height=\"276\" data-id=\"9810\" src=\"https:\/\/kaani.net\/wp-content\/uploads\/2024\/03\/DB_123D_2023-24.jpg\" alt=\"\" class=\"wp-image-9810\" srcset=\"https:\/\/kaani.net\/wp-content\/uploads\/2024\/03\/DB_123D_2023-24.jpg 400w, https:\/\/kaani.net\/wp-content\/uploads\/2024\/03\/DB_123D_2023-24-150x104.jpg 150w, https:\/\/kaani.net\/wp-content\/uploads\/2024\/03\/DB_123D_2023-24-18x12.jpg 18w\" sizes=\"auto, (max-width: 400px) 100vw, 400px\" \/><\/figure>\n<\/figure>\n\n\n\n<p class=\"has-text-align-center\"><\/p>\n\n\n\n<p class=\"has-text-align-center\">Join Kaani's inner circle for the upcoming news and advance information about future events. <\/p>\n\n\n\n<p class=\"has-text-align-center\"><strong><a href=\"https:\/\/kaani.net\/en\/kanta-asiakkuus\/\">Liity Kaanin sis\u00e4piiriin<\/a> <\/strong><\/p>","protected":false},"excerpt":{"rendered":"<p>MUUTTOMYYNTI!!!Kes\u00e4lomaa on vietetty ja Kaanin v\u00e4ki on taas paikallaan ja palveluksessanne.Myym\u00e4l\u00e4mme muuttaa ja tyhjenn\u00e4mme t\u00e4m\u00e4n myym\u00e4l\u00e4n KAIKKI myym\u00e4l\u00e4n normaalihintaiset mallikalusteet myyd\u00e4\u00e4n pois -30 \u2013 80% alennuksilla.Valmiiksi alennetuista tuotteista, saat LIS\u00c4-ALENNUKSEN -10%. Haluatko saada etuja ja ensik\u00e4den tietoa? Liity sis\u00e4piiriin! Kaanin oma myym\u00e4l\u00e4 toimii osoitteessa: Satakunnantie 162, 20320 Turku (Entinen Iskun kiinteist\u00f6) Avoinna seuraavasti: Ma suljettu [&hellip;]<\/p>","protected":false},"author":7,"featured_media":5650,"parent":0,"menu_order":0,"comment_status":"closed","ping_status":"closed","template":"","meta":{"om_disable_all_campaigns":false,"_monsterinsights_skip_tracking":false,"_monsterinsights_sitenote_active":false,"_monsterinsights_sitenote_note":"","_monsterinsights_sitenote_category":0,"_uf_show_specific_survey":0,"_uf_disable_surveys":false,"footnotes":""},"class_list":["post-8","page","type-page","status-publish","has-post-thumbnail","hentry"],"yoast_head":"<!-- This site is optimized with the Yoast SEO plugin v26.7 - https:\/\/yoast.com\/wordpress\/plugins\/seo\/ -->\n<title>Ajankohtaista - Kaani<\/title>\n<meta name=\"robots\" content=\"index, follow, max-snippet:-1, max-image-preview:large, max-video-preview:-1\" \/>\n<link rel=\"canonical\" href=\"https:\/\/kaani.net\/en\/ajankohtaista\/\" \/>\n<meta property=\"og:locale\" content=\"en_US\" \/>\n<meta property=\"og:type\" content=\"article\" \/>\n<meta property=\"og:title\" content=\"Ajankohtaista - Kaani\" \/>\n<meta property=\"og:description\" content=\"MUUTTOMYYNTI!!!Kes\u00e4lomaa on vietetty ja Kaanin v\u00e4ki on taas paikallaan ja palveluksessanne.Myym\u00e4l\u00e4mme muuttaa ja tyhjenn\u00e4mme t\u00e4m\u00e4n myym\u00e4l\u00e4n KAIKKI myym\u00e4l\u00e4n normaalihintaiset mallikalusteet myyd\u00e4\u00e4n pois -30 \u2013 80% alennuksilla.Valmiiksi alennetuista tuotteista, saat LIS\u00c4-ALENNUKSEN -10%. Haluatko saada etuja ja ensik\u00e4den tietoa? Liity sis\u00e4piiriin! Kaanin oma myym\u00e4l\u00e4 toimii osoitteessa: Satakunnantie 162, 20320 Turku (Entinen Iskun kiinteist\u00f6) Avoinna seuraavasti: Ma suljettu [&hellip;]\" \/>\n<meta property=\"og:url\" content=\"https:\/\/kaani.net\/en\/ajankohtaista\/\" \/>\n<meta property=\"og:site_name\" content=\"Kaani\" \/>\n<meta property=\"article:modified_time\" content=\"2026-03-31T09:54:23+00:00\" \/>\n<meta property=\"og:image\" content=\"https:\/\/kaani.net\/wp-content\/uploads\/2021\/06\/SV_LOGO_123_Design_Oy_FI_EN_417207_200.jpg\" \/>\n\t<meta property=\"og:image:width\" content=\"278\" \/>\n\t<meta property=\"og:image:height\" content=\"200\" \/>\n\t<meta property=\"og:image:type\" content=\"image\/jpeg\" \/>\n<meta name=\"twitter:label1\" content=\"Est. reading time\" \/>\n\t<meta name=\"twitter:data1\" content=\"2 minutes\" \/>\n<script type=\"application\/ld+json\" class=\"yoast-schema-graph\">{\"@context\":\"https:\/\/schema.org\",\"@graph\":[{\"@type\":\"WebPage\",\"@id\":\"https:\/\/kaani.net\/ajankohtaista\/\",\"url\":\"https:\/\/kaani.net\/ajankohtaista\/\",\"name\":\"Ajankohtaista - Kaani\",\"isPartOf\":{\"@id\":\"https:\/\/kaani.net\/#website\"},\"primaryImageOfPage\":{\"@id\":\"https:\/\/kaani.net\/ajankohtaista\/#primaryimage\"},\"image\":{\"@id\":\"https:\/\/kaani.net\/ajankohtaista\/#primaryimage\"},\"thumbnailUrl\":\"https:\/\/kaani.net\/wp-content\/uploads\/2021\/06\/SV_LOGO_123_Design_Oy_FI_EN_417207_200.jpg\",\"datePublished\":\"2013-05-17T10:43:01+00:00\",\"dateModified\":\"2026-03-31T09:54:23+00:00\",\"breadcrumb\":{\"@id\":\"https:\/\/kaani.net\/ajankohtaista\/#breadcrumb\"},\"inLanguage\":\"en-US\",\"potentialAction\":[{\"@type\":\"ReadAction\",\"target\":[\"https:\/\/kaani.net\/ajankohtaista\/\"]}]},{\"@type\":\"ImageObject\",\"inLanguage\":\"en-US\",\"@id\":\"https:\/\/kaani.net\/ajankohtaista\/#primaryimage\",\"url\":\"https:\/\/kaani.net\/wp-content\/uploads\/2021\/06\/SV_LOGO_123_Design_Oy_FI_EN_417207_200.jpg\",\"contentUrl\":\"https:\/\/kaani.net\/wp-content\/uploads\/2021\/06\/SV_LOGO_123_Design_Oy_FI_EN_417207_200.jpg\",\"width\":278,\"height\":200},{\"@type\":\"BreadcrumbList\",\"@id\":\"https:\/\/kaani.net\/ajankohtaista\/#breadcrumb\",\"itemListElement\":[{\"@type\":\"ListItem\",\"position\":1,\"name\":\"Etusivu\",\"item\":\"https:\/\/kaani.net\/\"},{\"@type\":\"ListItem\",\"position\":2,\"name\":\"Ajankohtaista\"}]},{\"@type\":\"WebSite\",\"@id\":\"https:\/\/kaani.net\/#website\",\"url\":\"https:\/\/kaani.net\/\",\"name\":\"Kaani\",\"description\":\"See the future!\",\"publisher\":{\"@id\":\"https:\/\/kaani.net\/#organization\"},\"potentialAction\":[{\"@type\":\"SearchAction\",\"target\":{\"@type\":\"EntryPoint\",\"urlTemplate\":\"https:\/\/kaani.net\/?s={search_term_string}\"},\"query-input\":{\"@type\":\"PropertyValueSpecification\",\"valueRequired\":true,\"valueName\":\"search_term_string\"}}],\"inLanguage\":\"en-US\"},{\"@type\":\"Organization\",\"@id\":\"https:\/\/kaani.net\/#organization\",\"name\":\"Kaani\",\"url\":\"https:\/\/kaani.net\/\",\"logo\":{\"@type\":\"ImageObject\",\"inLanguage\":\"en-US\",\"@id\":\"https:\/\/kaani.net\/#\/schema\/logo\/image\/\",\"url\":\"https:\/\/kaani.net\/wp-content\/uploads\/2017\/09\/cropped-123_kaani_logoS-2-1.jpg\",\"contentUrl\":\"https:\/\/kaani.net\/wp-content\/uploads\/2017\/09\/cropped-123_kaani_logoS-2-1.jpg\",\"width\":184,\"height\":80,\"caption\":\"Kaani\"},\"image\":{\"@id\":\"https:\/\/kaani.net\/#\/schema\/logo\/image\/\"}}]}<\/script>\n<!-- \/ Yoast SEO plugin. -->","yoast_head_json":{"title":"Ajankohtaista - Kaani","robots":{"index":"index","follow":"follow","max-snippet":"max-snippet:-1","max-image-preview":"max-image-preview:large","max-video-preview":"max-video-preview:-1"},"canonical":"https:\/\/kaani.net\/en\/ajankohtaista\/","og_locale":"en_US","og_type":"article","og_title":"Ajankohtaista - Kaani","og_description":"MUUTTOMYYNTI!!!Kes\u00e4lomaa on vietetty ja Kaanin v\u00e4ki on taas paikallaan ja palveluksessanne.Myym\u00e4l\u00e4mme muuttaa ja tyhjenn\u00e4mme t\u00e4m\u00e4n myym\u00e4l\u00e4n KAIKKI myym\u00e4l\u00e4n normaalihintaiset mallikalusteet myyd\u00e4\u00e4n pois -30 \u2013 80% alennuksilla.Valmiiksi alennetuista tuotteista, saat LIS\u00c4-ALENNUKSEN -10%. Haluatko saada etuja ja ensik\u00e4den tietoa? Liity sis\u00e4piiriin! Kaanin oma myym\u00e4l\u00e4 toimii osoitteessa: Satakunnantie 162, 20320 Turku (Entinen Iskun kiinteist\u00f6) Avoinna seuraavasti: Ma suljettu [&hellip;]","og_url":"https:\/\/kaani.net\/en\/ajankohtaista\/","og_site_name":"Kaani","article_modified_time":"2026-03-31T09:54:23+00:00","og_image":[{"width":278,"height":200,"url":"https:\/\/kaani.net\/wp-content\/uploads\/2021\/06\/SV_LOGO_123_Design_Oy_FI_EN_417207_200.jpg","type":"image\/jpeg"}],"twitter_misc":{"Est. reading time":"2 minutes"},"schema":{"@context":"https:\/\/schema.org","@graph":[{"@type":"WebPage","@id":"https:\/\/kaani.net\/ajankohtaista\/","url":"https:\/\/kaani.net\/ajankohtaista\/","name":"Ajankohtaista - Kaani","isPartOf":{"@id":"https:\/\/kaani.net\/#website"},"primaryImageOfPage":{"@id":"https:\/\/kaani.net\/ajankohtaista\/#primaryimage"},"image":{"@id":"https:\/\/kaani.net\/ajankohtaista\/#primaryimage"},"thumbnailUrl":"https:\/\/kaani.net\/wp-content\/uploads\/2021\/06\/SV_LOGO_123_Design_Oy_FI_EN_417207_200.jpg","datePublished":"2013-05-17T10:43:01+00:00","dateModified":"2026-03-31T09:54:23+00:00","breadcrumb":{"@id":"https:\/\/kaani.net\/ajankohtaista\/#breadcrumb"},"inLanguage":"en-US","potentialAction":[{"@type":"ReadAction","target":["https:\/\/kaani.net\/ajankohtaista\/"]}]},{"@type":"ImageObject","inLanguage":"en-US","@id":"https:\/\/kaani.net\/ajankohtaista\/#primaryimage","url":"https:\/\/kaani.net\/wp-content\/uploads\/2021\/06\/SV_LOGO_123_Design_Oy_FI_EN_417207_200.jpg","contentUrl":"https:\/\/kaani.net\/wp-content\/uploads\/2021\/06\/SV_LOGO_123_Design_Oy_FI_EN_417207_200.jpg","width":278,"height":200},{"@type":"BreadcrumbList","@id":"https:\/\/kaani.net\/ajankohtaista\/#breadcrumb","itemListElement":[{"@type":"ListItem","position":1,"name":"Etusivu","item":"https:\/\/kaani.net\/"},{"@type":"ListItem","position":2,"name":"Ajankohtaista"}]},{"@type":"WebSite","@id":"https:\/\/kaani.net\/#website","url":"https:\/\/kaani.net\/","name":"Kaani","description":"See the future!","publisher":{"@id":"https:\/\/kaani.net\/#organization"},"potentialAction":[{"@type":"SearchAction","target":{"@type":"EntryPoint","urlTemplate":"https:\/\/kaani.net\/?s={search_term_string}"},"query-input":{"@type":"PropertyValueSpecification","valueRequired":true,"valueName":"search_term_string"}}],"inLanguage":"en-US"},{"@type":"Organization","@id":"https:\/\/kaani.net\/#organization","name":"Kaani","url":"https:\/\/kaani.net\/","logo":{"@type":"ImageObject","inLanguage":"en-US","@id":"https:\/\/kaani.net\/#\/schema\/logo\/image\/","url":"https:\/\/kaani.net\/wp-content\/uploads\/2017\/09\/cropped-123_kaani_logoS-2-1.jpg","contentUrl":"https:\/\/kaani.net\/wp-content\/uploads\/2017\/09\/cropped-123_kaani_logoS-2-1.jpg","width":184,"height":80,"caption":"Kaani"},"image":{"@id":"https:\/\/kaani.net\/#\/schema\/logo\/image\/"}}]}},"_links":{"self":[{"href":"https:\/\/kaani.net\/en\/wp-json\/wp\/v2\/pages\/8","targetHints":{"allow":["GET"]}}],"collection":[{"href":"https:\/\/kaani.net\/en\/wp-json\/wp\/v2\/pages"}],"about":[{"href":"https:\/\/kaani.net\/en\/wp-json\/wp\/v2\/types\/page"}],"author":[{"embeddable":true,"href":"https:\/\/kaani.net\/en\/wp-json\/wp\/v2\/users\/7"}],"replies":[{"embeddable":true,"href":"https:\/\/kaani.net\/en\/wp-json\/wp\/v2\/comments?post=8"}],"version-history":[{"count":169,"href":"https:\/\/kaani.net\/en\/wp-json\/wp\/v2\/pages\/8\/revisions"}],"predecessor-version":[{"id":15463,"href":"https:\/\/kaani.net\/en\/wp-json\/wp\/v2\/pages\/8\/revisions\/15463"}],"wp:featuredmedia":[{"embeddable":true,"href":"https:\/\/kaani.net\/en\/wp-json\/wp\/v2\/media\/5650"}],"wp:attachment":[{"href":"https:\/\/kaani.net\/en\/wp-json\/wp\/v2\/media?parent=8"}],"curies":[{"name":"wp","href":"https:\/\/api.w.org\/{rel}","templated":true}]}}