{"id":10437,"date":"2024-09-28T16:37:48","date_gmt":"2024-09-28T13:37:48","guid":{"rendered":"https:\/\/kaani.net\/?post_type=product&#038;p=10437"},"modified":"2024-11-15T12:56:55","modified_gmt":"2024-11-15T10:56:55","slug":"jazz-tuolien-ja-baarijakkaroiden-vanu","status":"publish","type":"product","link":"https:\/\/kaani.net\/en\/tuotteet\/vaihtoverhoilut-ja-varaosat\/jazz-tuolien-ja-baarijakkaroiden-vanu\/","title":{"rendered":"Jazz tuolien ja baarijakkaroiden vanu"},"content":{"rendered":"<h1>Jazz<\/h1>\n<p>Characteristic features of Jazz products include e.g. horizontal use of wood, which often lightens the look of the entire interior. Another character is the good usability of the products. Several material and color options will hopefully help you find the right solution for your home. If you can't find standard solutions, Kaani will fulfill special solutions in terms of both materials and colors.<\/p>\n<p>&nbsp;<\/p>","protected":false},"excerpt":{"rendered":"<h1 style=\"text-align: left;\">Vanu Jazz tuoleihin<\/h1>\n<p style=\"text-align: left;\">Vaahtomuovin ja verhoilukankaan tai -nahan v\u00e4liss\u00e4 on kerros huonekaluvanua. Sen tarkoituksena on est\u00e4\u00e4 kangasta ja nahkaa kulumasta altap\u00e4in. Kun tuolisi nahka tai kangas on niin kulunut ja k\u00e4ytetty, ett\u00e4 haluat vaihtaa verhoiluhupun, saattaa toisinaan olla hyv\u00e4 lis\u00e4t\u00e4 vanua verhoilun vaihdon yhteydess\u00e4. Vanun on juuri sellainen kuluva materiaali kahden toisiaan hankaavan materiaalin v\u00e4liss\u00e4. K\u00e4yt\u00e4mme tuotteissamme parhaimpia vaahtomuoveja, eiv\u00e4tk\u00e4 ne k\u00e4yt\u00e4nn\u00f6ss\u00e4 milloinkaan kulu siten, ett\u00e4 niit\u00e4 tarvitsisi vaihtaa. Riitt\u00e4\u00e4, kun lis\u00e4\u00e4 vanua. Sama vanu k\u00e4y Jazz, Jazz-Grand ja Jazz-Bar tuoleihin. Ylim\u00e4\u00e4r\u00e4inen pituus leikataan saksilla pois.<\/p>\n<p>Original Jazz chair is Kaani's classic, and its design language and ergonomics have gathered praises!<br \/>\nThe structure of the chair is a brilliant combination of plywood and steel - \ttransformed into a case. Jazz hood upholstery ensures the long-life span of the \tchair. Hood is washable according to the fabric's instructions. Jazz chairs are available with steel- or wooden legs. There\u2019s an unlimited number of upholstery options. \n\nChoose steel parts either in satin steel, dark graphite, or white colors. Special materials and colors are also \tpossible!<\/p>\n<p>Jazz chair has been selected for the permanent collections of Finnish Design Museum.<\/p>\n<p><em>If you can't find your preferable color and  material options from the list, contact us either by phone 044 906 4050 or email us info@kaani.net <a href=\"mailto:info@kaani.net\">info@kaani.net<\/a><\/em><\/p>","protected":false},"featured_media":11052,"template":"","meta":{"om_disable_all_campaigns":false,"_monsterinsights_skip_tracking":false,"_monsterinsights_sitenote_active":false,"_monsterinsights_sitenote_note":"","_monsterinsights_sitenote_category":0,"_uf_show_specific_survey":0,"_uf_disable_surveys":false},"product_brand":[],"product_cat":[750],"product_tag":[209,836,212,835],"class_list":{"0":"post-10437","1":"product","2":"type-product","3":"status-publish","4":"has-post-thumbnail","6":"product_cat-vaihtoverhoilut-ja-varaosat","7":"product_tag-jazz","8":"product_tag-jazz-vanu","9":"product_tag-kaani","10":"product_tag-varaosat","11":"product_shipping_class-kirje","13":"first","14":"instock","15":"sale","16":"taxable","17":"shipping-taxable","18":"purchasable","19":"product-type-simple"},"yoast_head":"<!-- This site is optimized with the Yoast SEO plugin v26.7 - https:\/\/yoast.com\/wordpress\/plugins\/seo\/ -->\n<title>Jazz tuolien ja baarijakkaroiden vanu - Kaani<\/title>\n<meta name=\"description\" content=\"Jazz tuoli on ollut tuotannossa jo vuodesta 2002. Se on Kaanin tunnettu klassikko, jonka menestys jatkuu vuodesta toiseen. Valitse alkuper\u00e4inen!\" \/>\n<meta name=\"robots\" content=\"index, follow, max-snippet:-1, max-image-preview:large, max-video-preview:-1\" \/>\n<link rel=\"canonical\" href=\"https:\/\/kaani.net\/en\/tuotteet\/vaihtoverhoilut-ja-varaosat\/jazz-tuolien-ja-baarijakkaroiden-vanu\/\" \/>\n<meta property=\"og:locale\" content=\"en_US\" \/>\n<meta property=\"og:type\" content=\"article\" \/>\n<meta property=\"og:title\" content=\"Jazz tuolien ja baarijakkaroiden vanu - Kaani\" \/>\n<meta property=\"og:description\" content=\"Jazz tuoli on ollut tuotannossa jo vuodesta 2002. Se on Kaanin tunnettu klassikko, jonka menestys jatkuu vuodesta toiseen. Valitse alkuper\u00e4inen!\" \/>\n<meta property=\"og:url\" content=\"https:\/\/kaani.net\/en\/tuotteet\/vaihtoverhoilut-ja-varaosat\/jazz-tuolien-ja-baarijakkaroiden-vanu\/\" \/>\n<meta property=\"og:site_name\" content=\"Kaani\" \/>\n<meta property=\"article:modified_time\" content=\"2024-11-15T10:56:55+00:00\" \/>\n<meta property=\"og:image\" content=\"https:\/\/kaani.net\/wp-content\/uploads\/2024\/10\/Vanu.jpg\" \/>\n\t<meta property=\"og:image:width\" content=\"500\" \/>\n\t<meta property=\"og:image:height\" content=\"500\" \/>\n\t<meta property=\"og:image:type\" content=\"image\/jpeg\" \/>\n<meta name=\"twitter:label1\" content=\"Est. reading time\" \/>\n\t<meta name=\"twitter:data1\" content=\"1 minute\" \/>\n<script type=\"application\/ld+json\" class=\"yoast-schema-graph\">{\"@context\":\"https:\/\/schema.org\",\"@graph\":[{\"@type\":\"WebPage\",\"@id\":\"https:\/\/kaani.net\/tuotteet\/vaihtoverhoilut-ja-varaosat\/jazz-tuolien-ja-baarijakkaroiden-vanu\/\",\"url\":\"https:\/\/kaani.net\/tuotteet\/vaihtoverhoilut-ja-varaosat\/jazz-tuolien-ja-baarijakkaroiden-vanu\/\",\"name\":\"Jazz tuolien ja baarijakkaroiden vanu - Kaani\",\"isPartOf\":{\"@id\":\"https:\/\/kaani.net\/#website\"},\"primaryImageOfPage\":{\"@id\":\"https:\/\/kaani.net\/tuotteet\/vaihtoverhoilut-ja-varaosat\/jazz-tuolien-ja-baarijakkaroiden-vanu\/#primaryimage\"},\"image\":{\"@id\":\"https:\/\/kaani.net\/tuotteet\/vaihtoverhoilut-ja-varaosat\/jazz-tuolien-ja-baarijakkaroiden-vanu\/#primaryimage\"},\"thumbnailUrl\":\"https:\/\/kaani.net\/wp-content\/uploads\/2024\/10\/Vanu.jpg\",\"datePublished\":\"2024-09-28T13:37:48+00:00\",\"dateModified\":\"2024-11-15T10:56:55+00:00\",\"description\":\"Jazz tuoli on ollut tuotannossa jo vuodesta 2002. Se on Kaanin tunnettu klassikko, jonka menestys jatkuu vuodesta toiseen. Valitse alkuper\u00e4inen!\",\"breadcrumb\":{\"@id\":\"https:\/\/kaani.net\/tuotteet\/vaihtoverhoilut-ja-varaosat\/jazz-tuolien-ja-baarijakkaroiden-vanu\/#breadcrumb\"},\"inLanguage\":\"en-US\",\"potentialAction\":[{\"@type\":\"ReadAction\",\"target\":[\"https:\/\/kaani.net\/tuotteet\/vaihtoverhoilut-ja-varaosat\/jazz-tuolien-ja-baarijakkaroiden-vanu\/\"]}]},{\"@type\":\"ImageObject\",\"inLanguage\":\"en-US\",\"@id\":\"https:\/\/kaani.net\/tuotteet\/vaihtoverhoilut-ja-varaosat\/jazz-tuolien-ja-baarijakkaroiden-vanu\/#primaryimage\",\"url\":\"https:\/\/kaani.net\/wp-content\/uploads\/2024\/10\/Vanu.jpg\",\"contentUrl\":\"https:\/\/kaani.net\/wp-content\/uploads\/2024\/10\/Vanu.jpg\",\"width\":500,\"height\":500},{\"@type\":\"BreadcrumbList\",\"@id\":\"https:\/\/kaani.net\/tuotteet\/vaihtoverhoilut-ja-varaosat\/jazz-tuolien-ja-baarijakkaroiden-vanu\/#breadcrumb\",\"itemListElement\":[{\"@type\":\"ListItem\",\"position\":1,\"name\":\"Etusivu\",\"item\":\"https:\/\/kaani.net\/\"},{\"@type\":\"ListItem\",\"position\":2,\"name\":\"Tuotteet\",\"item\":\"https:\/\/kaani.net\/tuotteet\/\"},{\"@type\":\"ListItem\",\"position\":3,\"name\":\"Jazz tuolien ja baarijakkaroiden vanu\"}]},{\"@type\":\"WebSite\",\"@id\":\"https:\/\/kaani.net\/#website\",\"url\":\"https:\/\/kaani.net\/\",\"name\":\"Kaani\",\"description\":\"See the future!\",\"publisher\":{\"@id\":\"https:\/\/kaani.net\/#organization\"},\"potentialAction\":[{\"@type\":\"SearchAction\",\"target\":{\"@type\":\"EntryPoint\",\"urlTemplate\":\"https:\/\/kaani.net\/?s={search_term_string}\"},\"query-input\":{\"@type\":\"PropertyValueSpecification\",\"valueRequired\":true,\"valueName\":\"search_term_string\"}}],\"inLanguage\":\"en-US\"},{\"@type\":\"Organization\",\"@id\":\"https:\/\/kaani.net\/#organization\",\"name\":\"Kaani\",\"url\":\"https:\/\/kaani.net\/\",\"logo\":{\"@type\":\"ImageObject\",\"inLanguage\":\"en-US\",\"@id\":\"https:\/\/kaani.net\/#\/schema\/logo\/image\/\",\"url\":\"https:\/\/kaani.net\/wp-content\/uploads\/2017\/09\/cropped-123_kaani_logoS-2-1.jpg\",\"contentUrl\":\"https:\/\/kaani.net\/wp-content\/uploads\/2017\/09\/cropped-123_kaani_logoS-2-1.jpg\",\"width\":184,\"height\":80,\"caption\":\"Kaani\"},\"image\":{\"@id\":\"https:\/\/kaani.net\/#\/schema\/logo\/image\/\"}}]}<\/script>\n<!-- \/ Yoast SEO plugin. -->","yoast_head_json":{"title":"Jazz tuolien ja baarijakkaroiden vanu - Kaani","description":"Jazz tuoli on ollut tuotannossa jo vuodesta 2002. Se on Kaanin tunnettu klassikko, jonka menestys jatkuu vuodesta toiseen. Valitse alkuper\u00e4inen!","robots":{"index":"index","follow":"follow","max-snippet":"max-snippet:-1","max-image-preview":"max-image-preview:large","max-video-preview":"max-video-preview:-1"},"canonical":"https:\/\/kaani.net\/en\/tuotteet\/vaihtoverhoilut-ja-varaosat\/jazz-tuolien-ja-baarijakkaroiden-vanu\/","og_locale":"en_US","og_type":"article","og_title":"Jazz tuolien ja baarijakkaroiden vanu - Kaani","og_description":"Jazz tuoli on ollut tuotannossa jo vuodesta 2002. Se on Kaanin tunnettu klassikko, jonka menestys jatkuu vuodesta toiseen. Valitse alkuper\u00e4inen!","og_url":"https:\/\/kaani.net\/en\/tuotteet\/vaihtoverhoilut-ja-varaosat\/jazz-tuolien-ja-baarijakkaroiden-vanu\/","og_site_name":"Kaani","article_modified_time":"2024-11-15T10:56:55+00:00","og_image":[{"width":500,"height":500,"url":"https:\/\/kaani.net\/wp-content\/uploads\/2024\/10\/Vanu.jpg","type":"image\/jpeg"}],"twitter_misc":{"Est. reading time":"1 minute"},"schema":{"@context":"https:\/\/schema.org","@graph":[{"@type":"WebPage","@id":"https:\/\/kaani.net\/tuotteet\/vaihtoverhoilut-ja-varaosat\/jazz-tuolien-ja-baarijakkaroiden-vanu\/","url":"https:\/\/kaani.net\/tuotteet\/vaihtoverhoilut-ja-varaosat\/jazz-tuolien-ja-baarijakkaroiden-vanu\/","name":"Jazz tuolien ja baarijakkaroiden vanu - Kaani","isPartOf":{"@id":"https:\/\/kaani.net\/#website"},"primaryImageOfPage":{"@id":"https:\/\/kaani.net\/tuotteet\/vaihtoverhoilut-ja-varaosat\/jazz-tuolien-ja-baarijakkaroiden-vanu\/#primaryimage"},"image":{"@id":"https:\/\/kaani.net\/tuotteet\/vaihtoverhoilut-ja-varaosat\/jazz-tuolien-ja-baarijakkaroiden-vanu\/#primaryimage"},"thumbnailUrl":"https:\/\/kaani.net\/wp-content\/uploads\/2024\/10\/Vanu.jpg","datePublished":"2024-09-28T13:37:48+00:00","dateModified":"2024-11-15T10:56:55+00:00","description":"Jazz tuoli on ollut tuotannossa jo vuodesta 2002. Se on Kaanin tunnettu klassikko, jonka menestys jatkuu vuodesta toiseen. Valitse alkuper\u00e4inen!","breadcrumb":{"@id":"https:\/\/kaani.net\/tuotteet\/vaihtoverhoilut-ja-varaosat\/jazz-tuolien-ja-baarijakkaroiden-vanu\/#breadcrumb"},"inLanguage":"en-US","potentialAction":[{"@type":"ReadAction","target":["https:\/\/kaani.net\/tuotteet\/vaihtoverhoilut-ja-varaosat\/jazz-tuolien-ja-baarijakkaroiden-vanu\/"]}]},{"@type":"ImageObject","inLanguage":"en-US","@id":"https:\/\/kaani.net\/tuotteet\/vaihtoverhoilut-ja-varaosat\/jazz-tuolien-ja-baarijakkaroiden-vanu\/#primaryimage","url":"https:\/\/kaani.net\/wp-content\/uploads\/2024\/10\/Vanu.jpg","contentUrl":"https:\/\/kaani.net\/wp-content\/uploads\/2024\/10\/Vanu.jpg","width":500,"height":500},{"@type":"BreadcrumbList","@id":"https:\/\/kaani.net\/tuotteet\/vaihtoverhoilut-ja-varaosat\/jazz-tuolien-ja-baarijakkaroiden-vanu\/#breadcrumb","itemListElement":[{"@type":"ListItem","position":1,"name":"Etusivu","item":"https:\/\/kaani.net\/"},{"@type":"ListItem","position":2,"name":"Tuotteet","item":"https:\/\/kaani.net\/tuotteet\/"},{"@type":"ListItem","position":3,"name":"Jazz tuolien ja baarijakkaroiden vanu"}]},{"@type":"WebSite","@id":"https:\/\/kaani.net\/#website","url":"https:\/\/kaani.net\/","name":"Kaani","description":"See the future!","publisher":{"@id":"https:\/\/kaani.net\/#organization"},"potentialAction":[{"@type":"SearchAction","target":{"@type":"EntryPoint","urlTemplate":"https:\/\/kaani.net\/?s={search_term_string}"},"query-input":{"@type":"PropertyValueSpecification","valueRequired":true,"valueName":"search_term_string"}}],"inLanguage":"en-US"},{"@type":"Organization","@id":"https:\/\/kaani.net\/#organization","name":"Kaani","url":"https:\/\/kaani.net\/","logo":{"@type":"ImageObject","inLanguage":"en-US","@id":"https:\/\/kaani.net\/#\/schema\/logo\/image\/","url":"https:\/\/kaani.net\/wp-content\/uploads\/2017\/09\/cropped-123_kaani_logoS-2-1.jpg","contentUrl":"https:\/\/kaani.net\/wp-content\/uploads\/2017\/09\/cropped-123_kaani_logoS-2-1.jpg","width":184,"height":80,"caption":"Kaani"},"image":{"@id":"https:\/\/kaani.net\/#\/schema\/logo\/image\/"}}]}},"_links":{"self":[{"href":"https:\/\/kaani.net\/en\/wp-json\/wp\/v2\/product\/10437","targetHints":{"allow":["GET"]}}],"collection":[{"href":"https:\/\/kaani.net\/en\/wp-json\/wp\/v2\/product"}],"about":[{"href":"https:\/\/kaani.net\/en\/wp-json\/wp\/v2\/types\/product"}],"wp:featuredmedia":[{"embeddable":true,"href":"https:\/\/kaani.net\/en\/wp-json\/wp\/v2\/media\/11052"}],"wp:attachment":[{"href":"https:\/\/kaani.net\/en\/wp-json\/wp\/v2\/media?parent=10437"}],"wp:term":[{"taxonomy":"product_brand","embeddable":true,"href":"https:\/\/kaani.net\/en\/wp-json\/wp\/v2\/product_brand?post=10437"},{"taxonomy":"product_cat","embeddable":true,"href":"https:\/\/kaani.net\/en\/wp-json\/wp\/v2\/product_cat?post=10437"},{"taxonomy":"product_tag","embeddable":true,"href":"https:\/\/kaani.net\/en\/wp-json\/wp\/v2\/product_tag?post=10437"}],"curies":[{"name":"wp","href":"https:\/\/api.w.org\/{rel}","templated":true}]}}