{"id":10541,"date":"2024-09-30T13:54:20","date_gmt":"2024-09-30T10:54:20","guid":{"rendered":"https:\/\/kaani.net\/?post_type=product&#038;p=10541"},"modified":"2026-03-11T15:35:33","modified_gmt":"2026-03-11T13:35:33","slug":"moon-ruokapoyta-design","status":"publish","type":"product","link":"https:\/\/kaani.net\/en\/tuotteet\/moon-tuoteperhe\/moon-ruokapoyta-design\/","title":{"rendered":"MOON ruokap\u00f6yt\u00e4"},"content":{"rendered":"<div class=\"vc_row wpb_row vc_row-fluid\"><div class=\"wpb_column vc_column_container vc_col-sm-12\"><div class=\"vc_column-inner\"><div class=\"wpb_wrapper\">\n\t<div class=\"wpb_text_column wpb_content_element\" >\n\t\t<div class=\"wpb_wrapper\">\n\t\t\t<p>MOON TUOLIT JA P\u00d6YD\u00c4T<\/p>\n<p>P\u00f6yd\u00e4n runko on maalattua massiivista koivua. Kansi on karkaistua ns. maitolasia ja jalat ter\u00e4ksest\u00e4.<\/p>\n<p>Tuolin runko on laserleikattua alumiinia. Jalat ter\u00e4st\u00e4 ja verhoilun alla on vaneri- ja massiivipuurakenne.<\/p>\n<p>T\u00e4m\u00e4 upea yhdistelm\u00e4 on todellinen ruokailutilan kaunistus.<\/p>\n\n\t\t<\/div>\n\t<\/div>\n<\/div><\/div><\/div><\/div>","protected":false},"excerpt":{"rendered":"<p><span class=\"x193iq5w xeuugli x13faqbe x1vvkbs x1xmvt09 x1lliihq x1s928wv xhkezso x1gmr53x x1cpjm7i x1fgarty x1943h6x xudqn12 x3x7a5m x6prxxf xvq8zen xo1l8bm xzsf02u x1yc453h\" dir=\"auto\">MOON p\u00f6yt\u00e4 on kaunis lasikantinen, umpireunainen, kromijalkainen ruokap\u00f6yt\u00e4 jonka lasin saa joko mustana, harmaana tai valkoisena. Elegantti ja samalla kevyen siro p\u00f6yt\u00e4. P\u00f6yd\u00e4n runko on maalattua massiivista koivua. <\/span><\/p>\n<p><span class=\"x193iq5w xeuugli x13faqbe x1vvkbs x1xmvt09 x1lliihq x1s928wv xhkezso x1gmr53x x1cpjm7i x1fgarty x1943h6x xudqn12 x3x7a5m x6prxxf xvq8zen xo1l8bm xzsf02u x1yc453h\" dir=\"auto\">MOON tuoli on tyylik\u00e4s alumiinirunkoinen tuoli jossa on kromijalat. <\/span><\/p>\n<p><span class=\"x193iq5w xeuugli x13faqbe x1vvkbs x1xmvt09 x1lliihq x1s928wv xhkezso x1gmr53x x1cpjm7i x1fgarty x1943h6x xudqn12 x3x7a5m x6prxxf xvq8zen xo1l8bm xzsf02u x1yc453h\" dir=\"auto\">T\u00e4m\u00e4 upea yhdistelm\u00e4 on todellinen ruokailutilan kaunistus.\u00a0<\/span><\/p>\n<p><strong>Mitat: <\/strong>73cm korkeus<\/p>\n<p><strong>Leveydet: <\/strong>93cm \/ 100cm<\/p>\n<p><strong>Pituudet:<\/strong> 93cm \/ 140cm \/ 160cm \/ 184cm \/ 200cm \/ 220cm \/ 250cm<\/p>\n<p>&nbsp;<\/p>\n<p>Muistathan my\u00f6s mahdollisuuden tilata tuotteet erikoismitoilla ja -materiaaleilla.<\/p>\n<p><a href=\"https:\/\/kaani.net\/en\/materiaalit\/\"><strong>Materiaalit t\u00e4st\u00e4<\/strong><\/a><\/p>\n<p>Materiaali- ja v\u00e4rivaihtoehtoja Kaanilla on lukematon m\u00e4\u00e4r\u00e4. Siksi l\u00e4het\u00e4 tilauksesi yhteydess\u00e4 meille s\u00e4hk\u00f6postiin (info@kaani.net) seuraavat tiedot:\u00a0<em>Ter\u00e4sosien v\u00e4ri \/\u00a0<\/em><em>Kankaan nimi ja v\u00e4ri \/\u00a0<\/em><em>Puuosien materiaali (koivu \/ tammi \/ maalattu) ja pintak\u00e4sittely.<\/em><\/p>","protected":false},"featured_media":10613,"template":"","meta":{"om_disable_all_campaigns":false,"_monsterinsights_skip_tracking":false,"_monsterinsights_sitenote_active":false,"_monsterinsights_sitenote_note":"","_monsterinsights_sitenote_category":0,"_uf_show_specific_survey":0,"_uf_disable_surveys":false},"product_brand":[],"product_cat":[729,40],"product_tag":[125,212,907,816,213,795],"class_list":{"0":"post-10541","1":"product","2":"type-product","3":"status-publish","4":"has-post-thumbnail","6":"product_cat-kaanin-ruokapoydat","7":"product_cat-moon-tuoteperhe","8":"product_tag-design","9":"product_tag-kaani","10":"product_tag-lasikantinen-ruokapoyta","11":"product_tag-moon","12":"product_tag-ruokapoyta","13":"product_tag-ruokaryhma","15":"first","16":"instock","17":"taxable","18":"shipping-taxable","19":"purchasable","20":"product-type-variable"},"yoast_head":"<!-- This site is optimized with the Yoast SEO plugin v26.7 - https:\/\/yoast.com\/wordpress\/plugins\/seo\/ -->\n<title>MOON ruokap\u00f6yt\u00e4 - Kaani<\/title>\n<meta name=\"description\" content=\"MOON ruokap\u00f6yt\u00e4 on elegantti ja samalla kevyen siro lasikantinen p\u00f6yt\u00e4. Jalat voivat olla kromattua tai maalattua ter\u00e4st\u00e4. Kaunis design ruokaryhm\u00e4 kotiisi.\" \/>\n<meta name=\"robots\" content=\"index, follow, max-snippet:-1, max-image-preview:large, max-video-preview:-1\" \/>\n<link rel=\"canonical\" href=\"https:\/\/kaani.net\/en\/tuotteet\/moon-tuoteperhe\/moon-ruokapoyta-design\/\" \/>\n<meta property=\"og:locale\" content=\"en_US\" \/>\n<meta property=\"og:type\" content=\"article\" \/>\n<meta property=\"og:title\" content=\"MOON ruokap\u00f6yt\u00e4 - Kaani\" \/>\n<meta property=\"og:description\" content=\"MOON ruokap\u00f6yt\u00e4 on elegantti ja samalla kevyen siro lasikantinen p\u00f6yt\u00e4. Jalat voivat olla kromattua tai maalattua ter\u00e4st\u00e4. Kaunis design ruokaryhm\u00e4 kotiisi.\" \/>\n<meta property=\"og:url\" content=\"https:\/\/kaani.net\/en\/tuotteet\/moon-tuoteperhe\/moon-ruokapoyta-design\/\" \/>\n<meta property=\"og:site_name\" content=\"Kaani\" \/>\n<meta property=\"article:modified_time\" content=\"2026-03-11T13:35:33+00:00\" \/>\n<meta property=\"og:image\" content=\"https:\/\/kaani.net\/wp-content\/uploads\/2024\/09\/MOON_ryhma_O9A4259_500.jpg\" \/>\n\t<meta property=\"og:image:width\" content=\"500\" \/>\n\t<meta property=\"og:image:height\" content=\"500\" \/>\n\t<meta property=\"og:image:type\" content=\"image\/jpeg\" \/>\n<meta name=\"twitter:label1\" content=\"Est. reading time\" \/>\n\t<meta name=\"twitter:data1\" content=\"1 minute\" \/>\n<script type=\"application\/ld+json\" class=\"yoast-schema-graph\">{\"@context\":\"https:\/\/schema.org\",\"@graph\":[{\"@type\":\"WebPage\",\"@id\":\"https:\/\/kaani.net\/tuotteet\/moon-tuoteperhe\/moon-ruokapoyta-design\/\",\"url\":\"https:\/\/kaani.net\/tuotteet\/moon-tuoteperhe\/moon-ruokapoyta-design\/\",\"name\":\"MOON ruokap\u00f6yt\u00e4 - Kaani\",\"isPartOf\":{\"@id\":\"https:\/\/kaani.net\/#website\"},\"primaryImageOfPage\":{\"@id\":\"https:\/\/kaani.net\/tuotteet\/moon-tuoteperhe\/moon-ruokapoyta-design\/#primaryimage\"},\"image\":{\"@id\":\"https:\/\/kaani.net\/tuotteet\/moon-tuoteperhe\/moon-ruokapoyta-design\/#primaryimage\"},\"thumbnailUrl\":\"https:\/\/kaani.net\/wp-content\/uploads\/2024\/09\/MOON_ryhma_O9A4259_500.jpg\",\"datePublished\":\"2024-09-30T10:54:20+00:00\",\"dateModified\":\"2026-03-11T13:35:33+00:00\",\"description\":\"MOON ruokap\u00f6yt\u00e4 on elegantti ja samalla kevyen siro lasikantinen p\u00f6yt\u00e4. Jalat voivat olla kromattua tai maalattua ter\u00e4st\u00e4. Kaunis design ruokaryhm\u00e4 kotiisi.\",\"breadcrumb\":{\"@id\":\"https:\/\/kaani.net\/tuotteet\/moon-tuoteperhe\/moon-ruokapoyta-design\/#breadcrumb\"},\"inLanguage\":\"en-US\",\"potentialAction\":[{\"@type\":\"ReadAction\",\"target\":[\"https:\/\/kaani.net\/tuotteet\/moon-tuoteperhe\/moon-ruokapoyta-design\/\"]}]},{\"@type\":\"ImageObject\",\"inLanguage\":\"en-US\",\"@id\":\"https:\/\/kaani.net\/tuotteet\/moon-tuoteperhe\/moon-ruokapoyta-design\/#primaryimage\",\"url\":\"https:\/\/kaani.net\/wp-content\/uploads\/2024\/09\/MOON_ryhma_O9A4259_500.jpg\",\"contentUrl\":\"https:\/\/kaani.net\/wp-content\/uploads\/2024\/09\/MOON_ryhma_O9A4259_500.jpg\",\"width\":500,\"height\":500},{\"@type\":\"BreadcrumbList\",\"@id\":\"https:\/\/kaani.net\/tuotteet\/moon-tuoteperhe\/moon-ruokapoyta-design\/#breadcrumb\",\"itemListElement\":[{\"@type\":\"ListItem\",\"position\":1,\"name\":\"Etusivu\",\"item\":\"https:\/\/kaani.net\/\"},{\"@type\":\"ListItem\",\"position\":2,\"name\":\"Tuotteet\",\"item\":\"https:\/\/kaani.net\/tuotteet\/\"},{\"@type\":\"ListItem\",\"position\":3,\"name\":\"MOON ruokap\u00f6yt\u00e4\"}]},{\"@type\":\"WebSite\",\"@id\":\"https:\/\/kaani.net\/#website\",\"url\":\"https:\/\/kaani.net\/\",\"name\":\"Kaani\",\"description\":\"See the future!\",\"publisher\":{\"@id\":\"https:\/\/kaani.net\/#organization\"},\"potentialAction\":[{\"@type\":\"SearchAction\",\"target\":{\"@type\":\"EntryPoint\",\"urlTemplate\":\"https:\/\/kaani.net\/?s={search_term_string}\"},\"query-input\":{\"@type\":\"PropertyValueSpecification\",\"valueRequired\":true,\"valueName\":\"search_term_string\"}}],\"inLanguage\":\"en-US\"},{\"@type\":\"Organization\",\"@id\":\"https:\/\/kaani.net\/#organization\",\"name\":\"Kaani\",\"url\":\"https:\/\/kaani.net\/\",\"logo\":{\"@type\":\"ImageObject\",\"inLanguage\":\"en-US\",\"@id\":\"https:\/\/kaani.net\/#\/schema\/logo\/image\/\",\"url\":\"https:\/\/kaani.net\/wp-content\/uploads\/2017\/09\/cropped-123_kaani_logoS-2-1.jpg\",\"contentUrl\":\"https:\/\/kaani.net\/wp-content\/uploads\/2017\/09\/cropped-123_kaani_logoS-2-1.jpg\",\"width\":184,\"height\":80,\"caption\":\"Kaani\"},\"image\":{\"@id\":\"https:\/\/kaani.net\/#\/schema\/logo\/image\/\"}}]}<\/script>\n<!-- \/ Yoast SEO plugin. -->","yoast_head_json":{"title":"MOON ruokap\u00f6yt\u00e4 - Kaani","description":"MOON ruokap\u00f6yt\u00e4 on elegantti ja samalla kevyen siro lasikantinen p\u00f6yt\u00e4. Jalat voivat olla kromattua tai maalattua ter\u00e4st\u00e4. Kaunis design ruokaryhm\u00e4 kotiisi.","robots":{"index":"index","follow":"follow","max-snippet":"max-snippet:-1","max-image-preview":"max-image-preview:large","max-video-preview":"max-video-preview:-1"},"canonical":"https:\/\/kaani.net\/en\/tuotteet\/moon-tuoteperhe\/moon-ruokapoyta-design\/","og_locale":"en_US","og_type":"article","og_title":"MOON ruokap\u00f6yt\u00e4 - Kaani","og_description":"MOON ruokap\u00f6yt\u00e4 on elegantti ja samalla kevyen siro lasikantinen p\u00f6yt\u00e4. Jalat voivat olla kromattua tai maalattua ter\u00e4st\u00e4. Kaunis design ruokaryhm\u00e4 kotiisi.","og_url":"https:\/\/kaani.net\/en\/tuotteet\/moon-tuoteperhe\/moon-ruokapoyta-design\/","og_site_name":"Kaani","article_modified_time":"2026-03-11T13:35:33+00:00","og_image":[{"width":500,"height":500,"url":"https:\/\/kaani.net\/wp-content\/uploads\/2024\/09\/MOON_ryhma_O9A4259_500.jpg","type":"image\/jpeg"}],"twitter_misc":{"Est. reading time":"1 minute"},"schema":{"@context":"https:\/\/schema.org","@graph":[{"@type":"WebPage","@id":"https:\/\/kaani.net\/tuotteet\/moon-tuoteperhe\/moon-ruokapoyta-design\/","url":"https:\/\/kaani.net\/tuotteet\/moon-tuoteperhe\/moon-ruokapoyta-design\/","name":"MOON ruokap\u00f6yt\u00e4 - Kaani","isPartOf":{"@id":"https:\/\/kaani.net\/#website"},"primaryImageOfPage":{"@id":"https:\/\/kaani.net\/tuotteet\/moon-tuoteperhe\/moon-ruokapoyta-design\/#primaryimage"},"image":{"@id":"https:\/\/kaani.net\/tuotteet\/moon-tuoteperhe\/moon-ruokapoyta-design\/#primaryimage"},"thumbnailUrl":"https:\/\/kaani.net\/wp-content\/uploads\/2024\/09\/MOON_ryhma_O9A4259_500.jpg","datePublished":"2024-09-30T10:54:20+00:00","dateModified":"2026-03-11T13:35:33+00:00","description":"MOON ruokap\u00f6yt\u00e4 on elegantti ja samalla kevyen siro lasikantinen p\u00f6yt\u00e4. Jalat voivat olla kromattua tai maalattua ter\u00e4st\u00e4. Kaunis design ruokaryhm\u00e4 kotiisi.","breadcrumb":{"@id":"https:\/\/kaani.net\/tuotteet\/moon-tuoteperhe\/moon-ruokapoyta-design\/#breadcrumb"},"inLanguage":"en-US","potentialAction":[{"@type":"ReadAction","target":["https:\/\/kaani.net\/tuotteet\/moon-tuoteperhe\/moon-ruokapoyta-design\/"]}]},{"@type":"ImageObject","inLanguage":"en-US","@id":"https:\/\/kaani.net\/tuotteet\/moon-tuoteperhe\/moon-ruokapoyta-design\/#primaryimage","url":"https:\/\/kaani.net\/wp-content\/uploads\/2024\/09\/MOON_ryhma_O9A4259_500.jpg","contentUrl":"https:\/\/kaani.net\/wp-content\/uploads\/2024\/09\/MOON_ryhma_O9A4259_500.jpg","width":500,"height":500},{"@type":"BreadcrumbList","@id":"https:\/\/kaani.net\/tuotteet\/moon-tuoteperhe\/moon-ruokapoyta-design\/#breadcrumb","itemListElement":[{"@type":"ListItem","position":1,"name":"Etusivu","item":"https:\/\/kaani.net\/"},{"@type":"ListItem","position":2,"name":"Tuotteet","item":"https:\/\/kaani.net\/tuotteet\/"},{"@type":"ListItem","position":3,"name":"MOON ruokap\u00f6yt\u00e4"}]},{"@type":"WebSite","@id":"https:\/\/kaani.net\/#website","url":"https:\/\/kaani.net\/","name":"Kaani","description":"See the future!","publisher":{"@id":"https:\/\/kaani.net\/#organization"},"potentialAction":[{"@type":"SearchAction","target":{"@type":"EntryPoint","urlTemplate":"https:\/\/kaani.net\/?s={search_term_string}"},"query-input":{"@type":"PropertyValueSpecification","valueRequired":true,"valueName":"search_term_string"}}],"inLanguage":"en-US"},{"@type":"Organization","@id":"https:\/\/kaani.net\/#organization","name":"Kaani","url":"https:\/\/kaani.net\/","logo":{"@type":"ImageObject","inLanguage":"en-US","@id":"https:\/\/kaani.net\/#\/schema\/logo\/image\/","url":"https:\/\/kaani.net\/wp-content\/uploads\/2017\/09\/cropped-123_kaani_logoS-2-1.jpg","contentUrl":"https:\/\/kaani.net\/wp-content\/uploads\/2017\/09\/cropped-123_kaani_logoS-2-1.jpg","width":184,"height":80,"caption":"Kaani"},"image":{"@id":"https:\/\/kaani.net\/#\/schema\/logo\/image\/"}}]}},"_links":{"self":[{"href":"https:\/\/kaani.net\/en\/wp-json\/wp\/v2\/product\/10541","targetHints":{"allow":["GET"]}}],"collection":[{"href":"https:\/\/kaani.net\/en\/wp-json\/wp\/v2\/product"}],"about":[{"href":"https:\/\/kaani.net\/en\/wp-json\/wp\/v2\/types\/product"}],"wp:featuredmedia":[{"embeddable":true,"href":"https:\/\/kaani.net\/en\/wp-json\/wp\/v2\/media\/10613"}],"wp:attachment":[{"href":"https:\/\/kaani.net\/en\/wp-json\/wp\/v2\/media?parent=10541"}],"wp:term":[{"taxonomy":"product_brand","embeddable":true,"href":"https:\/\/kaani.net\/en\/wp-json\/wp\/v2\/product_brand?post=10541"},{"taxonomy":"product_cat","embeddable":true,"href":"https:\/\/kaani.net\/en\/wp-json\/wp\/v2\/product_cat?post=10541"},{"taxonomy":"product_tag","embeddable":true,"href":"https:\/\/kaani.net\/en\/wp-json\/wp\/v2\/product_tag?post=10541"}],"curies":[{"name":"wp","href":"https:\/\/api.w.org\/{rel}","templated":true}]}}