{"id":10569,"date":"2024-09-30T14:19:13","date_gmt":"2024-09-30T11:19:13","guid":{"rendered":"https:\/\/kaani.net\/?post_type=product&#038;p=10569"},"modified":"2025-11-19T17:35:24","modified_gmt":"2025-11-19T15:35:24","slug":"moon-ruokatuoli-terasjaloilla","status":"publish","type":"product","link":"https:\/\/kaani.net\/en\/tuotteet\/moon-tuoteperhe\/moon-ruokatuoli-terasjaloilla\/","title":{"rendered":"MOON ruokatuoli"},"content":{"rendered":"<div class=\"vc_row wpb_row vc_row-fluid\"><div class=\"wpb_column vc_column_container vc_col-sm-12\"><div class=\"vc_column-inner\"><div class=\"wpb_wrapper\">\n\t<div class=\"wpb_text_column wpb_content_element\" >\n\t\t<div class=\"wpb_wrapper\">\n\t\t\t<p>MOON tuoli on tyylik\u00e4s alumiinirunkoinen tuoli jossa on kromijalat. MOON p\u00f6yt\u00e4 on kaunis lasikantinen, umpireunainen, kromijalkainen ruokap\u00f6yt\u00e4 jonka lasin saa joko mustana, harmaana tai valkoisena.<\/p>\n<p>T\u00e4m\u00e4 upea yhdistelm\u00e4 on todellinen ruokailutilan kaunistus.<\/p>\n<p>Moon on elegantti ja samalla kevyen siro.<\/p>\n\n\t\t<\/div>\n\t<\/div>\n<\/div><\/div><\/div><\/div>","protected":false},"excerpt":{"rendered":"<p><strong>MOON TUOLIT JA P\u00d6YD\u00c4T<\/strong><\/p>\n<p>MOON tuoli on tyylik\u00e4s alumiinirunkoinen istuin, jota t\u00e4ydent\u00e4v\u00e4t modernit kromijalat.<br \/>\nTuolin verhoilun alla oleva vaneri- ja massiivipuurakenne tekee siit\u00e4 sek\u00e4 kest\u00e4v\u00e4n ett\u00e4 miellytt\u00e4v\u00e4n k\u00e4ytt\u00e4\u00e4. Runko on valmistettu tarkasti laserleikatusta alumiinista, mik\u00e4 takaa viimeistellyn ja kevyen ilmeen.<\/p>\n<p>MOON p\u00f6yt\u00e4 on n\u00e4ytt\u00e4v\u00e4 lasikantinen, umpireunainen p\u00f6yt\u00e4 kromijaloilla.<br \/>\nLasikannen voi valita mustana, harmaana tai valkoisena, ja p\u00f6yd\u00e4n reunan voi viimeistell\u00e4 joko kiilt\u00e4v\u00e4ll\u00e4 tai puolikiilt\u00e4v\u00e4ll\u00e4 maalipinnalla \u2013 juuri oman tyylin mukaan.<\/p>\n<p>Yhdess\u00e4 MOON tuoli ja MOON p\u00f6yt\u00e4 muodostavat upean kokonaisuuden, joka tuo ruokailutilaan eleganttia, modernia n\u00e4ytt\u00e4vyytt\u00e4.<\/p>\n<p>&nbsp;<\/p>\n<p><strong>Mitat:<\/strong> 45cm syvyys \/ 46cm leveys \/ 45cm istuinkorkeus \/ 80cm kokonaiskorkeus \/ 53cm kokonaissyvyys<\/p>\n<p>Muistathan my\u00f6s mahdollisuuden tilata tuotteet erikoismitoilla ja -materiaaleilla.<\/p>\n<p><a href=\"https:\/\/kaani.net\/en\/materiaalit\/\"><strong>Materiaalit t\u00e4st\u00e4<\/strong><\/a><\/p>\n<p>Materiaali- ja v\u00e4rivaihtoehtoja Kaanilla on lukematon m\u00e4\u00e4r\u00e4. Siksi l\u00e4het\u00e4 tilauksesi yhteydess\u00e4 meille s\u00e4hk\u00f6postiin (info@kaani.net) seuraavat tiedot:\u00a0<em>Ter\u00e4sosien v\u00e4ri \/ <\/em><em>Kankaan nimi ja v\u00e4ri \/ <\/em><em>Puuosien materiaali (koivu \/ tammi \/ maalattu) ja pintak\u00e4sittely.<\/em><\/p>","protected":false},"featured_media":15170,"template":"","meta":{"om_disable_all_campaigns":false,"_monsterinsights_skip_tracking":false,"_monsterinsights_sitenote_active":false,"_monsterinsights_sitenote_note":"","_monsterinsights_sitenote_category":0,"_uf_show_specific_survey":0,"_uf_disable_surveys":false},"product_brand":[],"product_cat":[719,40],"product_tag":[220,212,816,795,227,219],"class_list":{"0":"post-10569","1":"product","2":"type-product","3":"status-publish","4":"has-post-thumbnail","6":"product_cat-ruokatuolit","7":"product_cat-moon-tuoteperhe","8":"product_tag-design-tuoli","9":"product_tag-kaani","10":"product_tag-moon","11":"product_tag-ruokaryhma","12":"product_tag-ruokatuoli","13":"product_tag-tuoli","15":"first","16":"instock","17":"taxable","18":"shipping-taxable","19":"purchasable","20":"product-type-variable","21":"has-default-attributes"},"yoast_head":"<!-- This site is optimized with the Yoast SEO plugin v26.7 - https:\/\/yoast.com\/wordpress\/plugins\/seo\/ -->\n<title>MOON ruokatuoli - Kaani<\/title>\n<meta name=\"description\" content=\"MOON tuoli on tyylik\u00e4s alumiinirunkoinen tuoli jossa on kromijalat. MOON p\u00f6yt\u00e4 on kaunis lasikantinen, umpireunainen, kromijalkainen ruokap\u00f6yt\u00e4 jonka lasin saa joko mustana, harmaana tai valkoisena.\" \/>\n<meta name=\"robots\" content=\"index, follow, max-snippet:-1, max-image-preview:large, max-video-preview:-1\" \/>\n<link rel=\"canonical\" href=\"https:\/\/kaani.net\/en\/tuotteet\/moon-tuoteperhe\/moon-ruokatuoli-terasjaloilla\/\" \/>\n<meta property=\"og:locale\" content=\"en_US\" \/>\n<meta property=\"og:type\" content=\"article\" \/>\n<meta property=\"og:title\" content=\"MOON ruokatuoli - Kaani\" \/>\n<meta property=\"og:description\" content=\"MOON tuoli on tyylik\u00e4s alumiinirunkoinen tuoli jossa on kromijalat. MOON p\u00f6yt\u00e4 on kaunis lasikantinen, umpireunainen, kromijalkainen ruokap\u00f6yt\u00e4 jonka lasin saa joko mustana, harmaana tai valkoisena.\" \/>\n<meta property=\"og:url\" content=\"https:\/\/kaani.net\/en\/tuotteet\/moon-tuoteperhe\/moon-ruokatuoli-terasjaloilla\/\" \/>\n<meta property=\"og:site_name\" content=\"Kaani\" \/>\n<meta property=\"article:modified_time\" content=\"2025-11-19T15:35:24+00:00\" \/>\n<meta property=\"og:image\" content=\"https:\/\/kaani.net\/wp-content\/uploads\/2024\/09\/MOON-ruokatuoli.png\" \/>\n\t<meta property=\"og:image:width\" content=\"1024\" \/>\n\t<meta property=\"og:image:height\" content=\"1024\" \/>\n\t<meta property=\"og:image:type\" content=\"image\/png\" \/>\n<meta name=\"twitter:label1\" content=\"Est. reading time\" \/>\n\t<meta name=\"twitter:data1\" content=\"1 minute\" \/>\n<script type=\"application\/ld+json\" class=\"yoast-schema-graph\">{\"@context\":\"https:\/\/schema.org\",\"@graph\":[{\"@type\":\"WebPage\",\"@id\":\"https:\/\/kaani.net\/tuotteet\/moon-tuoteperhe\/moon-ruokatuoli-terasjaloilla\/\",\"url\":\"https:\/\/kaani.net\/tuotteet\/moon-tuoteperhe\/moon-ruokatuoli-terasjaloilla\/\",\"name\":\"MOON ruokatuoli - Kaani\",\"isPartOf\":{\"@id\":\"https:\/\/kaani.net\/#website\"},\"primaryImageOfPage\":{\"@id\":\"https:\/\/kaani.net\/tuotteet\/moon-tuoteperhe\/moon-ruokatuoli-terasjaloilla\/#primaryimage\"},\"image\":{\"@id\":\"https:\/\/kaani.net\/tuotteet\/moon-tuoteperhe\/moon-ruokatuoli-terasjaloilla\/#primaryimage\"},\"thumbnailUrl\":\"https:\/\/kaani.net\/wp-content\/uploads\/2024\/09\/MOON-ruokatuoli.png\",\"datePublished\":\"2024-09-30T11:19:13+00:00\",\"dateModified\":\"2025-11-19T15:35:24+00:00\",\"description\":\"MOON tuoli on tyylik\u00e4s alumiinirunkoinen tuoli jossa on kromijalat. MOON p\u00f6yt\u00e4 on kaunis lasikantinen, umpireunainen, kromijalkainen ruokap\u00f6yt\u00e4 jonka lasin saa joko mustana, harmaana tai valkoisena.\",\"breadcrumb\":{\"@id\":\"https:\/\/kaani.net\/tuotteet\/moon-tuoteperhe\/moon-ruokatuoli-terasjaloilla\/#breadcrumb\"},\"inLanguage\":\"en-US\",\"potentialAction\":[{\"@type\":\"ReadAction\",\"target\":[\"https:\/\/kaani.net\/tuotteet\/moon-tuoteperhe\/moon-ruokatuoli-terasjaloilla\/\"]}]},{\"@type\":\"ImageObject\",\"inLanguage\":\"en-US\",\"@id\":\"https:\/\/kaani.net\/tuotteet\/moon-tuoteperhe\/moon-ruokatuoli-terasjaloilla\/#primaryimage\",\"url\":\"https:\/\/kaani.net\/wp-content\/uploads\/2024\/09\/MOON-ruokatuoli.png\",\"contentUrl\":\"https:\/\/kaani.net\/wp-content\/uploads\/2024\/09\/MOON-ruokatuoli.png\",\"width\":1024,\"height\":1024},{\"@type\":\"BreadcrumbList\",\"@id\":\"https:\/\/kaani.net\/tuotteet\/moon-tuoteperhe\/moon-ruokatuoli-terasjaloilla\/#breadcrumb\",\"itemListElement\":[{\"@type\":\"ListItem\",\"position\":1,\"name\":\"Etusivu\",\"item\":\"https:\/\/kaani.net\/\"},{\"@type\":\"ListItem\",\"position\":2,\"name\":\"Tuotteet\",\"item\":\"https:\/\/kaani.net\/tuotteet\/\"},{\"@type\":\"ListItem\",\"position\":3,\"name\":\"MOON ruokatuoli\"}]},{\"@type\":\"WebSite\",\"@id\":\"https:\/\/kaani.net\/#website\",\"url\":\"https:\/\/kaani.net\/\",\"name\":\"Kaani\",\"description\":\"See the future!\",\"publisher\":{\"@id\":\"https:\/\/kaani.net\/#organization\"},\"potentialAction\":[{\"@type\":\"SearchAction\",\"target\":{\"@type\":\"EntryPoint\",\"urlTemplate\":\"https:\/\/kaani.net\/?s={search_term_string}\"},\"query-input\":{\"@type\":\"PropertyValueSpecification\",\"valueRequired\":true,\"valueName\":\"search_term_string\"}}],\"inLanguage\":\"en-US\"},{\"@type\":\"Organization\",\"@id\":\"https:\/\/kaani.net\/#organization\",\"name\":\"Kaani\",\"url\":\"https:\/\/kaani.net\/\",\"logo\":{\"@type\":\"ImageObject\",\"inLanguage\":\"en-US\",\"@id\":\"https:\/\/kaani.net\/#\/schema\/logo\/image\/\",\"url\":\"https:\/\/kaani.net\/wp-content\/uploads\/2017\/09\/cropped-123_kaani_logoS-2-1.jpg\",\"contentUrl\":\"https:\/\/kaani.net\/wp-content\/uploads\/2017\/09\/cropped-123_kaani_logoS-2-1.jpg\",\"width\":184,\"height\":80,\"caption\":\"Kaani\"},\"image\":{\"@id\":\"https:\/\/kaani.net\/#\/schema\/logo\/image\/\"}}]}<\/script>\n<!-- \/ Yoast SEO plugin. -->","yoast_head_json":{"title":"MOON ruokatuoli - Kaani","description":"MOON tuoli on tyylik\u00e4s alumiinirunkoinen tuoli jossa on kromijalat. MOON p\u00f6yt\u00e4 on kaunis lasikantinen, umpireunainen, kromijalkainen ruokap\u00f6yt\u00e4 jonka lasin saa joko mustana, harmaana tai valkoisena.","robots":{"index":"index","follow":"follow","max-snippet":"max-snippet:-1","max-image-preview":"max-image-preview:large","max-video-preview":"max-video-preview:-1"},"canonical":"https:\/\/kaani.net\/en\/tuotteet\/moon-tuoteperhe\/moon-ruokatuoli-terasjaloilla\/","og_locale":"en_US","og_type":"article","og_title":"MOON ruokatuoli - Kaani","og_description":"MOON tuoli on tyylik\u00e4s alumiinirunkoinen tuoli jossa on kromijalat. MOON p\u00f6yt\u00e4 on kaunis lasikantinen, umpireunainen, kromijalkainen ruokap\u00f6yt\u00e4 jonka lasin saa joko mustana, harmaana tai valkoisena.","og_url":"https:\/\/kaani.net\/en\/tuotteet\/moon-tuoteperhe\/moon-ruokatuoli-terasjaloilla\/","og_site_name":"Kaani","article_modified_time":"2025-11-19T15:35:24+00:00","og_image":[{"width":1024,"height":1024,"url":"https:\/\/kaani.net\/wp-content\/uploads\/2024\/09\/MOON-ruokatuoli.png","type":"image\/png"}],"twitter_misc":{"Est. reading time":"1 minute"},"schema":{"@context":"https:\/\/schema.org","@graph":[{"@type":"WebPage","@id":"https:\/\/kaani.net\/tuotteet\/moon-tuoteperhe\/moon-ruokatuoli-terasjaloilla\/","url":"https:\/\/kaani.net\/tuotteet\/moon-tuoteperhe\/moon-ruokatuoli-terasjaloilla\/","name":"MOON ruokatuoli - Kaani","isPartOf":{"@id":"https:\/\/kaani.net\/#website"},"primaryImageOfPage":{"@id":"https:\/\/kaani.net\/tuotteet\/moon-tuoteperhe\/moon-ruokatuoli-terasjaloilla\/#primaryimage"},"image":{"@id":"https:\/\/kaani.net\/tuotteet\/moon-tuoteperhe\/moon-ruokatuoli-terasjaloilla\/#primaryimage"},"thumbnailUrl":"https:\/\/kaani.net\/wp-content\/uploads\/2024\/09\/MOON-ruokatuoli.png","datePublished":"2024-09-30T11:19:13+00:00","dateModified":"2025-11-19T15:35:24+00:00","description":"MOON tuoli on tyylik\u00e4s alumiinirunkoinen tuoli jossa on kromijalat. MOON p\u00f6yt\u00e4 on kaunis lasikantinen, umpireunainen, kromijalkainen ruokap\u00f6yt\u00e4 jonka lasin saa joko mustana, harmaana tai valkoisena.","breadcrumb":{"@id":"https:\/\/kaani.net\/tuotteet\/moon-tuoteperhe\/moon-ruokatuoli-terasjaloilla\/#breadcrumb"},"inLanguage":"en-US","potentialAction":[{"@type":"ReadAction","target":["https:\/\/kaani.net\/tuotteet\/moon-tuoteperhe\/moon-ruokatuoli-terasjaloilla\/"]}]},{"@type":"ImageObject","inLanguage":"en-US","@id":"https:\/\/kaani.net\/tuotteet\/moon-tuoteperhe\/moon-ruokatuoli-terasjaloilla\/#primaryimage","url":"https:\/\/kaani.net\/wp-content\/uploads\/2024\/09\/MOON-ruokatuoli.png","contentUrl":"https:\/\/kaani.net\/wp-content\/uploads\/2024\/09\/MOON-ruokatuoli.png","width":1024,"height":1024},{"@type":"BreadcrumbList","@id":"https:\/\/kaani.net\/tuotteet\/moon-tuoteperhe\/moon-ruokatuoli-terasjaloilla\/#breadcrumb","itemListElement":[{"@type":"ListItem","position":1,"name":"Etusivu","item":"https:\/\/kaani.net\/"},{"@type":"ListItem","position":2,"name":"Tuotteet","item":"https:\/\/kaani.net\/tuotteet\/"},{"@type":"ListItem","position":3,"name":"MOON ruokatuoli"}]},{"@type":"WebSite","@id":"https:\/\/kaani.net\/#website","url":"https:\/\/kaani.net\/","name":"Kaani","description":"See the future!","publisher":{"@id":"https:\/\/kaani.net\/#organization"},"potentialAction":[{"@type":"SearchAction","target":{"@type":"EntryPoint","urlTemplate":"https:\/\/kaani.net\/?s={search_term_string}"},"query-input":{"@type":"PropertyValueSpecification","valueRequired":true,"valueName":"search_term_string"}}],"inLanguage":"en-US"},{"@type":"Organization","@id":"https:\/\/kaani.net\/#organization","name":"Kaani","url":"https:\/\/kaani.net\/","logo":{"@type":"ImageObject","inLanguage":"en-US","@id":"https:\/\/kaani.net\/#\/schema\/logo\/image\/","url":"https:\/\/kaani.net\/wp-content\/uploads\/2017\/09\/cropped-123_kaani_logoS-2-1.jpg","contentUrl":"https:\/\/kaani.net\/wp-content\/uploads\/2017\/09\/cropped-123_kaani_logoS-2-1.jpg","width":184,"height":80,"caption":"Kaani"},"image":{"@id":"https:\/\/kaani.net\/#\/schema\/logo\/image\/"}}]}},"_links":{"self":[{"href":"https:\/\/kaani.net\/en\/wp-json\/wp\/v2\/product\/10569","targetHints":{"allow":["GET"]}}],"collection":[{"href":"https:\/\/kaani.net\/en\/wp-json\/wp\/v2\/product"}],"about":[{"href":"https:\/\/kaani.net\/en\/wp-json\/wp\/v2\/types\/product"}],"wp:featuredmedia":[{"embeddable":true,"href":"https:\/\/kaani.net\/en\/wp-json\/wp\/v2\/media\/15170"}],"wp:attachment":[{"href":"https:\/\/kaani.net\/en\/wp-json\/wp\/v2\/media?parent=10569"}],"wp:term":[{"taxonomy":"product_brand","embeddable":true,"href":"https:\/\/kaani.net\/en\/wp-json\/wp\/v2\/product_brand?post=10569"},{"taxonomy":"product_cat","embeddable":true,"href":"https:\/\/kaani.net\/en\/wp-json\/wp\/v2\/product_cat?post=10569"},{"taxonomy":"product_tag","embeddable":true,"href":"https:\/\/kaani.net\/en\/wp-json\/wp\/v2\/product_tag?post=10569"}],"curies":[{"name":"wp","href":"https:\/\/api.w.org\/{rel}","templated":true}]}}