{"id":11139,"date":"2024-10-30T16:46:21","date_gmt":"2024-10-30T14:46:21","guid":{"rendered":"https:\/\/kaani.net\/?post_type=product&#038;p=11139"},"modified":"2026-03-12T12:36:38","modified_gmt":"2026-03-12T10:36:38","slug":"123verse-sohvapoyta-lasi-ja-puukannella","status":"publish","type":"product","link":"https:\/\/kaani.net\/en\/tuotteet\/123-tuoteperhe\/123verse-sohvapoyta-lasi-ja-puukannella\/","title":{"rendered":"123versE sohvap\u00f6yt\u00e4 puu- ja lasikannella, puujalat"},"content":{"rendered":"<h1>123<\/h1>\n<p>123 is Kaani's new and already very extensive product family. 123 products have a plain design and a clear Scandinavian line.<br \/>\nBy means of 123 products, you can create a fresh appearance for your home or office.<br \/>\nOnly the high-class raw materials are used in the production of 123 products.<\/p>\n<p>&nbsp;<\/p>","protected":false},"excerpt":{"rendered":"<p>123versE on kevyt- ja siroilmeinen p\u00f6yt\u00e4.<br \/>\nKansi on saatavana tammi-,\u00a0 koivu-, ja lasipintaisena.<br \/>\nMateriaalina on vankka 25mm koivuvaneri paksulla puuviilulla. Lasikansi on 10mm karkaistua lasia.<\/p>\n<p><strong>P\u00f6ytien korkeudet: <\/strong>37cm lasikannella \/ 38cm puukannella<\/p>\n<p><span class=\"x193iq5w xeuugli x13faqbe x1vvkbs x1xmvt09 x1lliihq x1s928wv xhkezso x1gmr53x x1cpjm7i x1fgarty x1943h6x xudqn12 x3x7a5m x6prxxf xvq8zen xo1l8bm xzsf02u x1yc453h\" dir=\"auto\">123 puutuotteissa puu on aina l\u00e4sn\u00e4. Kauniit syykuviot el\u00e4v\u00f6itt\u00e4v\u00e4t tuotteen pintaa ja vanerin ryhdik\u00e4s reuna antaa sille kehykset. Kaunis sormiloviliitosrivi antaa n\u00e4ytteen puusep\u00e4n ammatttaidosta.<\/span><\/p>\n<p><span class=\"x193iq5w xeuugli x13faqbe x1vvkbs x1xmvt09 x1lliihq x1s928wv xhkezso x1gmr53x x1cpjm7i x1fgarty x1943h6x xudqn12 x3x7a5m x6prxxf xvq8zen xo1l8bm xzsf02u\" dir=\"auto\">Muistathan my\u00f6s mahdollisuuden tilata tuotteet erikoismitoilla ja -materiaaleilla.<\/span><\/p>\n<p><strong><a href=\"https:\/\/kaani.net\/en\/materiaalit\/\">Materiaalit t\u00e4st\u00e4<\/a><\/strong><\/p>\n<p>Materiaali- ja v\u00e4rivaihtoehtoja Kaanilla on lukematon m\u00e4\u00e4r\u00e4. Siksi l\u00e4het\u00e4 tilauksesi yhteydess\u00e4 meille s\u00e4hk\u00f6postiin (info@kaani.net) seuraavat tiedot:\u00a0<em>Ter\u00e4sosien v\u00e4ri \/\u00a0<\/em><em>Kankaan nimi ja v\u00e4ri \/\u00a0<\/em><em>Puuosien materiaali (koivu \/ tammi \/ maalattu) ja pintak\u00e4sittely.<\/em><\/p>","protected":false},"featured_media":11236,"template":"","meta":{"om_disable_all_campaigns":false,"_monsterinsights_skip_tracking":false,"_monsterinsights_sitenote_active":false,"_monsterinsights_sitenote_note":"","_monsterinsights_sitenote_category":0,"_uf_show_specific_survey":0,"_uf_disable_surveys":false},"product_brand":[],"product_cat":[733,109],"product_tag":[110,125,859,212,810,218,812],"class_list":{"0":"post-11139","1":"product","2":"type-product","3":"status-publish","4":"has-post-thumbnail","6":"product_cat-sohvapoydat-fi","7":"product_cat-123-tuoteperhe","8":"product_tag-110","9":"product_tag-design","10":"product_tag-design-sohvapoyta","11":"product_tag-kaani","12":"product_tag-lasikantinen-sohvapoyta","13":"product_tag-poyta","14":"product_tag-puukantinen-sohvapoyta","16":"first","17":"instock","18":"taxable","19":"shipping-taxable","20":"purchasable","21":"product-type-variable","22":"has-default-attributes"},"yoast_head":"<!-- This site is optimized with the Yoast SEO plugin v26.7 - https:\/\/yoast.com\/wordpress\/plugins\/seo\/ -->\n<title>123versE sohvap\u00f6yt\u00e4 puu- ja lasikannella, puujalat - Kaani<\/title>\n<meta name=\"description\" content=\"123versE on kotimainen design p\u00f6yt\u00e4. P\u00f6yt\u00e4 on kevyt- ja siroilmeinen. Kaunis sormiloviliitosrivi antaa n\u00e4ytteen puusep\u00e4n ammatttaidosta.\" \/>\n<meta name=\"robots\" content=\"index, follow, max-snippet:-1, max-image-preview:large, max-video-preview:-1\" \/>\n<link rel=\"canonical\" href=\"https:\/\/kaani.net\/en\/tuotteet\/123-tuoteperhe\/123verse-sohvapoyta-lasi-ja-puukannella\/\" \/>\n<meta property=\"og:locale\" content=\"en_US\" \/>\n<meta property=\"og:type\" content=\"article\" \/>\n<meta property=\"og:title\" content=\"123versE sohvap\u00f6yt\u00e4 puu- ja lasikannella, puujalat - Kaani\" \/>\n<meta property=\"og:description\" content=\"123versE on kotimainen design p\u00f6yt\u00e4. P\u00f6yt\u00e4 on kevyt- ja siroilmeinen. Kaunis sormiloviliitosrivi antaa n\u00e4ytteen puusep\u00e4n ammatttaidosta.\" \/>\n<meta property=\"og:url\" content=\"https:\/\/kaani.net\/en\/tuotteet\/123-tuoteperhe\/123verse-sohvapoyta-lasi-ja-puukannella\/\" \/>\n<meta property=\"og:site_name\" content=\"Kaani\" \/>\n<meta property=\"article:modified_time\" content=\"2026-03-12T10:36:38+00:00\" \/>\n<meta property=\"og:image\" content=\"https:\/\/kaani.net\/wp-content\/uploads\/2024\/10\/O9A5147_123E_SP_lasikansi-1920.jpg\" \/>\n\t<meta property=\"og:image:width\" content=\"1920\" \/>\n\t<meta property=\"og:image:height\" content=\"1920\" \/>\n\t<meta property=\"og:image:type\" content=\"image\/jpeg\" \/>\n<meta name=\"twitter:label1\" content=\"Est. reading time\" \/>\n\t<meta name=\"twitter:data1\" content=\"1 minute\" \/>\n<script type=\"application\/ld+json\" class=\"yoast-schema-graph\">{\"@context\":\"https:\/\/schema.org\",\"@graph\":[{\"@type\":\"WebPage\",\"@id\":\"https:\/\/kaani.net\/tuotteet\/123-tuoteperhe\/123verse-sohvapoyta-lasi-ja-puukannella\/\",\"url\":\"https:\/\/kaani.net\/tuotteet\/123-tuoteperhe\/123verse-sohvapoyta-lasi-ja-puukannella\/\",\"name\":\"123versE sohvap\u00f6yt\u00e4 puu- ja lasikannella, puujalat - Kaani\",\"isPartOf\":{\"@id\":\"https:\/\/kaani.net\/#website\"},\"primaryImageOfPage\":{\"@id\":\"https:\/\/kaani.net\/tuotteet\/123-tuoteperhe\/123verse-sohvapoyta-lasi-ja-puukannella\/#primaryimage\"},\"image\":{\"@id\":\"https:\/\/kaani.net\/tuotteet\/123-tuoteperhe\/123verse-sohvapoyta-lasi-ja-puukannella\/#primaryimage\"},\"thumbnailUrl\":\"https:\/\/kaani.net\/wp-content\/uploads\/2024\/10\/O9A5147_123E_SP_lasikansi-1920.jpg\",\"datePublished\":\"2024-10-30T14:46:21+00:00\",\"dateModified\":\"2026-03-12T10:36:38+00:00\",\"description\":\"123versE on kotimainen design p\u00f6yt\u00e4. P\u00f6yt\u00e4 on kevyt- ja siroilmeinen. Kaunis sormiloviliitosrivi antaa n\u00e4ytteen puusep\u00e4n ammatttaidosta.\",\"breadcrumb\":{\"@id\":\"https:\/\/kaani.net\/tuotteet\/123-tuoteperhe\/123verse-sohvapoyta-lasi-ja-puukannella\/#breadcrumb\"},\"inLanguage\":\"en-US\",\"potentialAction\":[{\"@type\":\"ReadAction\",\"target\":[\"https:\/\/kaani.net\/tuotteet\/123-tuoteperhe\/123verse-sohvapoyta-lasi-ja-puukannella\/\"]}]},{\"@type\":\"ImageObject\",\"inLanguage\":\"en-US\",\"@id\":\"https:\/\/kaani.net\/tuotteet\/123-tuoteperhe\/123verse-sohvapoyta-lasi-ja-puukannella\/#primaryimage\",\"url\":\"https:\/\/kaani.net\/wp-content\/uploads\/2024\/10\/O9A5147_123E_SP_lasikansi-1920.jpg\",\"contentUrl\":\"https:\/\/kaani.net\/wp-content\/uploads\/2024\/10\/O9A5147_123E_SP_lasikansi-1920.jpg\",\"width\":1920,\"height\":1920},{\"@type\":\"BreadcrumbList\",\"@id\":\"https:\/\/kaani.net\/tuotteet\/123-tuoteperhe\/123verse-sohvapoyta-lasi-ja-puukannella\/#breadcrumb\",\"itemListElement\":[{\"@type\":\"ListItem\",\"position\":1,\"name\":\"Etusivu\",\"item\":\"https:\/\/kaani.net\/\"},{\"@type\":\"ListItem\",\"position\":2,\"name\":\"Tuotteet\",\"item\":\"https:\/\/kaani.net\/tuotteet\/\"},{\"@type\":\"ListItem\",\"position\":3,\"name\":\"123versE sohvap\u00f6yt\u00e4 puu- ja lasikannella, puujalat\"}]},{\"@type\":\"WebSite\",\"@id\":\"https:\/\/kaani.net\/#website\",\"url\":\"https:\/\/kaani.net\/\",\"name\":\"Kaani\",\"description\":\"See the future!\",\"publisher\":{\"@id\":\"https:\/\/kaani.net\/#organization\"},\"potentialAction\":[{\"@type\":\"SearchAction\",\"target\":{\"@type\":\"EntryPoint\",\"urlTemplate\":\"https:\/\/kaani.net\/?s={search_term_string}\"},\"query-input\":{\"@type\":\"PropertyValueSpecification\",\"valueRequired\":true,\"valueName\":\"search_term_string\"}}],\"inLanguage\":\"en-US\"},{\"@type\":\"Organization\",\"@id\":\"https:\/\/kaani.net\/#organization\",\"name\":\"Kaani\",\"url\":\"https:\/\/kaani.net\/\",\"logo\":{\"@type\":\"ImageObject\",\"inLanguage\":\"en-US\",\"@id\":\"https:\/\/kaani.net\/#\/schema\/logo\/image\/\",\"url\":\"https:\/\/kaani.net\/wp-content\/uploads\/2017\/09\/cropped-123_kaani_logoS-2-1.jpg\",\"contentUrl\":\"https:\/\/kaani.net\/wp-content\/uploads\/2017\/09\/cropped-123_kaani_logoS-2-1.jpg\",\"width\":184,\"height\":80,\"caption\":\"Kaani\"},\"image\":{\"@id\":\"https:\/\/kaani.net\/#\/schema\/logo\/image\/\"}}]}<\/script>\n<!-- \/ Yoast SEO plugin. -->","yoast_head_json":{"title":"123versE sohvap\u00f6yt\u00e4 puu- ja lasikannella, puujalat - Kaani","description":"123versE on kotimainen design p\u00f6yt\u00e4. P\u00f6yt\u00e4 on kevyt- ja siroilmeinen. Kaunis sormiloviliitosrivi antaa n\u00e4ytteen puusep\u00e4n ammatttaidosta.","robots":{"index":"index","follow":"follow","max-snippet":"max-snippet:-1","max-image-preview":"max-image-preview:large","max-video-preview":"max-video-preview:-1"},"canonical":"https:\/\/kaani.net\/en\/tuotteet\/123-tuoteperhe\/123verse-sohvapoyta-lasi-ja-puukannella\/","og_locale":"en_US","og_type":"article","og_title":"123versE sohvap\u00f6yt\u00e4 puu- ja lasikannella, puujalat - Kaani","og_description":"123versE on kotimainen design p\u00f6yt\u00e4. P\u00f6yt\u00e4 on kevyt- ja siroilmeinen. Kaunis sormiloviliitosrivi antaa n\u00e4ytteen puusep\u00e4n ammatttaidosta.","og_url":"https:\/\/kaani.net\/en\/tuotteet\/123-tuoteperhe\/123verse-sohvapoyta-lasi-ja-puukannella\/","og_site_name":"Kaani","article_modified_time":"2026-03-12T10:36:38+00:00","og_image":[{"width":1920,"height":1920,"url":"https:\/\/kaani.net\/wp-content\/uploads\/2024\/10\/O9A5147_123E_SP_lasikansi-1920.jpg","type":"image\/jpeg"}],"twitter_misc":{"Est. reading time":"1 minute"},"schema":{"@context":"https:\/\/schema.org","@graph":[{"@type":"WebPage","@id":"https:\/\/kaani.net\/tuotteet\/123-tuoteperhe\/123verse-sohvapoyta-lasi-ja-puukannella\/","url":"https:\/\/kaani.net\/tuotteet\/123-tuoteperhe\/123verse-sohvapoyta-lasi-ja-puukannella\/","name":"123versE sohvap\u00f6yt\u00e4 puu- ja lasikannella, puujalat - Kaani","isPartOf":{"@id":"https:\/\/kaani.net\/#website"},"primaryImageOfPage":{"@id":"https:\/\/kaani.net\/tuotteet\/123-tuoteperhe\/123verse-sohvapoyta-lasi-ja-puukannella\/#primaryimage"},"image":{"@id":"https:\/\/kaani.net\/tuotteet\/123-tuoteperhe\/123verse-sohvapoyta-lasi-ja-puukannella\/#primaryimage"},"thumbnailUrl":"https:\/\/kaani.net\/wp-content\/uploads\/2024\/10\/O9A5147_123E_SP_lasikansi-1920.jpg","datePublished":"2024-10-30T14:46:21+00:00","dateModified":"2026-03-12T10:36:38+00:00","description":"123versE on kotimainen design p\u00f6yt\u00e4. P\u00f6yt\u00e4 on kevyt- ja siroilmeinen. Kaunis sormiloviliitosrivi antaa n\u00e4ytteen puusep\u00e4n ammatttaidosta.","breadcrumb":{"@id":"https:\/\/kaani.net\/tuotteet\/123-tuoteperhe\/123verse-sohvapoyta-lasi-ja-puukannella\/#breadcrumb"},"inLanguage":"en-US","potentialAction":[{"@type":"ReadAction","target":["https:\/\/kaani.net\/tuotteet\/123-tuoteperhe\/123verse-sohvapoyta-lasi-ja-puukannella\/"]}]},{"@type":"ImageObject","inLanguage":"en-US","@id":"https:\/\/kaani.net\/tuotteet\/123-tuoteperhe\/123verse-sohvapoyta-lasi-ja-puukannella\/#primaryimage","url":"https:\/\/kaani.net\/wp-content\/uploads\/2024\/10\/O9A5147_123E_SP_lasikansi-1920.jpg","contentUrl":"https:\/\/kaani.net\/wp-content\/uploads\/2024\/10\/O9A5147_123E_SP_lasikansi-1920.jpg","width":1920,"height":1920},{"@type":"BreadcrumbList","@id":"https:\/\/kaani.net\/tuotteet\/123-tuoteperhe\/123verse-sohvapoyta-lasi-ja-puukannella\/#breadcrumb","itemListElement":[{"@type":"ListItem","position":1,"name":"Etusivu","item":"https:\/\/kaani.net\/"},{"@type":"ListItem","position":2,"name":"Tuotteet","item":"https:\/\/kaani.net\/tuotteet\/"},{"@type":"ListItem","position":3,"name":"123versE sohvap\u00f6yt\u00e4 puu- ja lasikannella, puujalat"}]},{"@type":"WebSite","@id":"https:\/\/kaani.net\/#website","url":"https:\/\/kaani.net\/","name":"Kaani","description":"See the future!","publisher":{"@id":"https:\/\/kaani.net\/#organization"},"potentialAction":[{"@type":"SearchAction","target":{"@type":"EntryPoint","urlTemplate":"https:\/\/kaani.net\/?s={search_term_string}"},"query-input":{"@type":"PropertyValueSpecification","valueRequired":true,"valueName":"search_term_string"}}],"inLanguage":"en-US"},{"@type":"Organization","@id":"https:\/\/kaani.net\/#organization","name":"Kaani","url":"https:\/\/kaani.net\/","logo":{"@type":"ImageObject","inLanguage":"en-US","@id":"https:\/\/kaani.net\/#\/schema\/logo\/image\/","url":"https:\/\/kaani.net\/wp-content\/uploads\/2017\/09\/cropped-123_kaani_logoS-2-1.jpg","contentUrl":"https:\/\/kaani.net\/wp-content\/uploads\/2017\/09\/cropped-123_kaani_logoS-2-1.jpg","width":184,"height":80,"caption":"Kaani"},"image":{"@id":"https:\/\/kaani.net\/#\/schema\/logo\/image\/"}}]}},"_links":{"self":[{"href":"https:\/\/kaani.net\/en\/wp-json\/wp\/v2\/product\/11139","targetHints":{"allow":["GET"]}}],"collection":[{"href":"https:\/\/kaani.net\/en\/wp-json\/wp\/v2\/product"}],"about":[{"href":"https:\/\/kaani.net\/en\/wp-json\/wp\/v2\/types\/product"}],"wp:featuredmedia":[{"embeddable":true,"href":"https:\/\/kaani.net\/en\/wp-json\/wp\/v2\/media\/11236"}],"wp:attachment":[{"href":"https:\/\/kaani.net\/en\/wp-json\/wp\/v2\/media?parent=11139"}],"wp:term":[{"taxonomy":"product_brand","embeddable":true,"href":"https:\/\/kaani.net\/en\/wp-json\/wp\/v2\/product_brand?post=11139"},{"taxonomy":"product_cat","embeddable":true,"href":"https:\/\/kaani.net\/en\/wp-json\/wp\/v2\/product_cat?post=11139"},{"taxonomy":"product_tag","embeddable":true,"href":"https:\/\/kaani.net\/en\/wp-json\/wp\/v2\/product_tag?post=11139"}],"curies":[{"name":"wp","href":"https:\/\/api.w.org\/{rel}","templated":true}]}}