{"id":11284,"date":"2024-10-31T17:33:36","date_gmt":"2024-10-31T15:33:36","guid":{"rendered":"https:\/\/kaani.net\/?post_type=product&#038;p=11284"},"modified":"2026-03-13T20:28:38","modified_gmt":"2026-03-13T18:28:38","slug":"123verse-kaappi-saranaovilla-puujaloilla-ja-laatikoilla","status":"publish","type":"product","link":"https:\/\/kaani.net\/en\/tuotteet\/123-tuoteperhe\/123verse-kaappi-saranaovilla-puujaloilla-ja-laatikoilla\/","title":{"rendered":"123versE kaappi saranaovilla ja laatikoilla"},"content":{"rendered":"<p><strong>123<\/strong><br \/>\n123 is Kaani's new and already very extensive product family. 123 products have a plain design and a clear Scandinavian line.<br \/>\nBy means of 123 products, you can create a fresh appearance for your home or office.<br \/>\nOnly the high-class raw materials are used in the production of 123 products.<\/p>","protected":false},"excerpt":{"rendered":"<p>123versE muodostaa laajan kokonaisuuden laatikostoja, pikku- ja sohvap\u00f6yti\u00e4, TV-tasoja ja senkkej\u00e4.<br \/>\nMateriaalina tuttuun tapaan laadukkaimmat mahdolliset eli koivuvaneri ja erikoispaksu viilu. N\u00e4m\u00e4 materiaalit eiv\u00e4t el\u00e4 eiv\u00e4tk\u00e4 halkeile kuten massiivipuu eiv\u00e4tk\u00e4 toisaalta ole yht\u00e4 herkki\u00e4 vaurioitumaan kuten tavanomainen viilutuote.<\/p>\n<p>123 puutuotteissa puu on aina l\u00e4sn\u00e4. Kauniit syykuviot el\u00e4v\u00f6itt\u00e4v\u00e4t tuotteen pintaa, ja vanerin ryhdik\u00e4s reuna antaa sille kehykset. Kaunis sormiloviliitosrivi antaa n\u00e4ytteen puusep\u00e4n ammatttaidosta. 123 tuotteiden ilme on kevyen raikas. Silti tukevuus tuotteissa on ainutlaatuinen.<\/p>\n<p>123versE kaapin voi my\u00f6s tilata ilman laatikoita. <a href=\"https:\/\/kaani.net\/en\/tuotteet\/123\/123verse-kaappi-puujaloilla-saranaovet-ja-ponnahdussalvat\/\"><strong>Paina t\u00e4st\u00e4.<\/strong><\/a><\/p>\n<p>&nbsp;<\/p>\n<p><strong>Rungon materiaalit:<\/strong> tammi tai koivu &#8211; kaikissa Kaanin v\u00e4rikartan s\u00e4vyiss\u00e4.<\/p>\n<p><strong>Mitat:\u00a0<\/strong> 88cm korkeus \/ 43cm syvyys \/ 18cm jalan korkeus<\/p>\n<p><strong>Pituudet:\u00a0<\/strong>134cm &#8211; 3 ovea \/ 177cm &#8211; 4 ovea \/ 220cm &#8211; 5 ovea<\/p>\n<p>&nbsp;<\/p>\n<p>Muistathan my\u00f6s mahdollisuuden tilata tuotteet erikoismitoilla ja -materiaaleilla.<\/p>\n<p><a href=\"https:\/\/kaani.net\/en\/materiaalit\/\"><strong>Materiaalit t\u00e4st\u00e4<\/strong><\/a><\/p>\n<p>Materiaali- ja v\u00e4rivaihtoehtoja Kaanilla on lukematon m\u00e4\u00e4r\u00e4. Siksi l\u00e4het\u00e4 tilauksesi\u00a0yhteydess\u00e4 meille s\u00e4hk\u00f6postiin (info@kaani.net) seuraavat tiedot:<\/p>\n<p><em>Ter\u00e4sosien v\u00e4ri \/\u00a0<\/em><em>Kankaan nimi ja v\u00e4ri \/\u00a0<\/em><em>Puuosien materiaali (koivu \/ tammi \/ maalattu) ja pintak\u00e4sittely.<\/em><\/p>\n<p>&nbsp;<\/p>","protected":false},"featured_media":15127,"template":"","meta":{"om_disable_all_campaigns":false,"_monsterinsights_skip_tracking":false,"_monsterinsights_sitenote_active":false,"_monsterinsights_sitenote_note":"","_monsterinsights_sitenote_category":0,"_uf_show_specific_survey":0,"_uf_disable_surveys":false},"product_brand":[],"product_cat":[727,109],"product_tag":[110,212,804,813,895,865,214],"class_list":{"0":"post-11284","1":"product","2":"type-product","3":"status-publish","4":"has-post-thumbnail","6":"product_cat-sailytyskalusteet-fi","7":"product_cat-123-tuoteperhe","8":"product_tag-110","9":"product_tag-kaani","10":"product_tag-kaappi","11":"product_tag-kaappi-laatikoilla","12":"product_tag-sailytyskaluste","13":"product_tag-senkki","14":"product_tag-taso","16":"first","17":"instock","18":"taxable","19":"shipping-taxable","20":"purchasable","21":"product-type-variable","22":"has-default-attributes"},"yoast_head":"<!-- This site is optimized with the Yoast SEO plugin v26.7 - https:\/\/yoast.com\/wordpress\/plugins\/seo\/ -->\n<title>123versE kaappi saranaovilla ja laatikoilla - Kaani<\/title>\n<meta name=\"description\" content=\"123 tuoteperhe muodostaa laajan ja laadukkaan kokonaisuuden kaappeja, laatikostoja, p\u00f6yti\u00e4 ja TV-tasoja. K\u00e4yt\u00e4mme vain laadukkaimpia materiaaleja.\" \/>\n<meta name=\"robots\" content=\"index, follow, max-snippet:-1, max-image-preview:large, max-video-preview:-1\" \/>\n<link rel=\"canonical\" href=\"https:\/\/kaani.net\/en\/tuotteet\/123-tuoteperhe\/123verse-kaappi-saranaovilla-puujaloilla-ja-laatikoilla\/\" \/>\n<meta property=\"og:locale\" content=\"en_US\" \/>\n<meta property=\"og:type\" content=\"article\" \/>\n<meta property=\"og:title\" content=\"123versE kaappi saranaovilla ja laatikoilla - Kaani\" \/>\n<meta property=\"og:description\" content=\"123 tuoteperhe muodostaa laajan ja laadukkaan kokonaisuuden kaappeja, laatikostoja, p\u00f6yti\u00e4 ja TV-tasoja. K\u00e4yt\u00e4mme vain laadukkaimpia materiaaleja.\" \/>\n<meta property=\"og:url\" content=\"https:\/\/kaani.net\/en\/tuotteet\/123-tuoteperhe\/123verse-kaappi-saranaovilla-puujaloilla-ja-laatikoilla\/\" \/>\n<meta property=\"og:site_name\" content=\"Kaani\" \/>\n<meta property=\"article:modified_time\" content=\"2026-03-13T18:28:38+00:00\" \/>\n<meta property=\"og:image\" content=\"https:\/\/kaani.net\/wp-content\/uploads\/2024\/10\/123versE-kaappi-saranaovilla-ja-laatikoilla-edited_3-1-1.png\" \/>\n\t<meta property=\"og:image:width\" content=\"1024\" \/>\n\t<meta property=\"og:image:height\" content=\"1024\" \/>\n\t<meta property=\"og:image:type\" content=\"image\/png\" \/>\n<meta name=\"twitter:label1\" content=\"Est. reading time\" \/>\n\t<meta name=\"twitter:data1\" content=\"1 minute\" \/>\n<script type=\"application\/ld+json\" class=\"yoast-schema-graph\">{\"@context\":\"https:\/\/schema.org\",\"@graph\":[{\"@type\":\"WebPage\",\"@id\":\"https:\/\/kaani.net\/tuotteet\/123-tuoteperhe\/123verse-kaappi-saranaovilla-puujaloilla-ja-laatikoilla\/\",\"url\":\"https:\/\/kaani.net\/tuotteet\/123-tuoteperhe\/123verse-kaappi-saranaovilla-puujaloilla-ja-laatikoilla\/\",\"name\":\"123versE kaappi saranaovilla ja laatikoilla - Kaani\",\"isPartOf\":{\"@id\":\"https:\/\/kaani.net\/#website\"},\"primaryImageOfPage\":{\"@id\":\"https:\/\/kaani.net\/tuotteet\/123-tuoteperhe\/123verse-kaappi-saranaovilla-puujaloilla-ja-laatikoilla\/#primaryimage\"},\"image\":{\"@id\":\"https:\/\/kaani.net\/tuotteet\/123-tuoteperhe\/123verse-kaappi-saranaovilla-puujaloilla-ja-laatikoilla\/#primaryimage\"},\"thumbnailUrl\":\"https:\/\/kaani.net\/wp-content\/uploads\/2024\/10\/123versE-kaappi-saranaovilla-ja-laatikoilla-edited_3-1-1.png\",\"datePublished\":\"2024-10-31T15:33:36+00:00\",\"dateModified\":\"2026-03-13T18:28:38+00:00\",\"description\":\"123 tuoteperhe muodostaa laajan ja laadukkaan kokonaisuuden kaappeja, laatikostoja, p\u00f6yti\u00e4 ja TV-tasoja. K\u00e4yt\u00e4mme vain laadukkaimpia materiaaleja.\",\"breadcrumb\":{\"@id\":\"https:\/\/kaani.net\/tuotteet\/123-tuoteperhe\/123verse-kaappi-saranaovilla-puujaloilla-ja-laatikoilla\/#breadcrumb\"},\"inLanguage\":\"en-US\",\"potentialAction\":[{\"@type\":\"ReadAction\",\"target\":[\"https:\/\/kaani.net\/tuotteet\/123-tuoteperhe\/123verse-kaappi-saranaovilla-puujaloilla-ja-laatikoilla\/\"]}]},{\"@type\":\"ImageObject\",\"inLanguage\":\"en-US\",\"@id\":\"https:\/\/kaani.net\/tuotteet\/123-tuoteperhe\/123verse-kaappi-saranaovilla-puujaloilla-ja-laatikoilla\/#primaryimage\",\"url\":\"https:\/\/kaani.net\/wp-content\/uploads\/2024\/10\/123versE-kaappi-saranaovilla-ja-laatikoilla-edited_3-1-1.png\",\"contentUrl\":\"https:\/\/kaani.net\/wp-content\/uploads\/2024\/10\/123versE-kaappi-saranaovilla-ja-laatikoilla-edited_3-1-1.png\",\"width\":1024,\"height\":1024,\"caption\":\"123versE kaappi laatikoilla. Lunnonv\u00e4ri tammi. Ikkunan vieress\u00e4.\"},{\"@type\":\"BreadcrumbList\",\"@id\":\"https:\/\/kaani.net\/tuotteet\/123-tuoteperhe\/123verse-kaappi-saranaovilla-puujaloilla-ja-laatikoilla\/#breadcrumb\",\"itemListElement\":[{\"@type\":\"ListItem\",\"position\":1,\"name\":\"Etusivu\",\"item\":\"https:\/\/kaani.net\/\"},{\"@type\":\"ListItem\",\"position\":2,\"name\":\"Tuotteet\",\"item\":\"https:\/\/kaani.net\/tuotteet\/\"},{\"@type\":\"ListItem\",\"position\":3,\"name\":\"123versE kaappi saranaovilla ja laatikoilla\"}]},{\"@type\":\"WebSite\",\"@id\":\"https:\/\/kaani.net\/#website\",\"url\":\"https:\/\/kaani.net\/\",\"name\":\"Kaani\",\"description\":\"See the future!\",\"publisher\":{\"@id\":\"https:\/\/kaani.net\/#organization\"},\"potentialAction\":[{\"@type\":\"SearchAction\",\"target\":{\"@type\":\"EntryPoint\",\"urlTemplate\":\"https:\/\/kaani.net\/?s={search_term_string}\"},\"query-input\":{\"@type\":\"PropertyValueSpecification\",\"valueRequired\":true,\"valueName\":\"search_term_string\"}}],\"inLanguage\":\"en-US\"},{\"@type\":\"Organization\",\"@id\":\"https:\/\/kaani.net\/#organization\",\"name\":\"Kaani\",\"url\":\"https:\/\/kaani.net\/\",\"logo\":{\"@type\":\"ImageObject\",\"inLanguage\":\"en-US\",\"@id\":\"https:\/\/kaani.net\/#\/schema\/logo\/image\/\",\"url\":\"https:\/\/kaani.net\/wp-content\/uploads\/2017\/09\/cropped-123_kaani_logoS-2-1.jpg\",\"contentUrl\":\"https:\/\/kaani.net\/wp-content\/uploads\/2017\/09\/cropped-123_kaani_logoS-2-1.jpg\",\"width\":184,\"height\":80,\"caption\":\"Kaani\"},\"image\":{\"@id\":\"https:\/\/kaani.net\/#\/schema\/logo\/image\/\"}}]}<\/script>\n<!-- \/ Yoast SEO plugin. -->","yoast_head_json":{"title":"123versE kaappi saranaovilla ja laatikoilla - Kaani","description":"123 tuoteperhe muodostaa laajan ja laadukkaan kokonaisuuden kaappeja, laatikostoja, p\u00f6yti\u00e4 ja TV-tasoja. K\u00e4yt\u00e4mme vain laadukkaimpia materiaaleja.","robots":{"index":"index","follow":"follow","max-snippet":"max-snippet:-1","max-image-preview":"max-image-preview:large","max-video-preview":"max-video-preview:-1"},"canonical":"https:\/\/kaani.net\/en\/tuotteet\/123-tuoteperhe\/123verse-kaappi-saranaovilla-puujaloilla-ja-laatikoilla\/","og_locale":"en_US","og_type":"article","og_title":"123versE kaappi saranaovilla ja laatikoilla - Kaani","og_description":"123 tuoteperhe muodostaa laajan ja laadukkaan kokonaisuuden kaappeja, laatikostoja, p\u00f6yti\u00e4 ja TV-tasoja. K\u00e4yt\u00e4mme vain laadukkaimpia materiaaleja.","og_url":"https:\/\/kaani.net\/en\/tuotteet\/123-tuoteperhe\/123verse-kaappi-saranaovilla-puujaloilla-ja-laatikoilla\/","og_site_name":"Kaani","article_modified_time":"2026-03-13T18:28:38+00:00","og_image":[{"width":1024,"height":1024,"url":"https:\/\/kaani.net\/wp-content\/uploads\/2024\/10\/123versE-kaappi-saranaovilla-ja-laatikoilla-edited_3-1-1.png","type":"image\/png"}],"twitter_misc":{"Est. reading time":"1 minute"},"schema":{"@context":"https:\/\/schema.org","@graph":[{"@type":"WebPage","@id":"https:\/\/kaani.net\/tuotteet\/123-tuoteperhe\/123verse-kaappi-saranaovilla-puujaloilla-ja-laatikoilla\/","url":"https:\/\/kaani.net\/tuotteet\/123-tuoteperhe\/123verse-kaappi-saranaovilla-puujaloilla-ja-laatikoilla\/","name":"123versE kaappi saranaovilla ja laatikoilla - Kaani","isPartOf":{"@id":"https:\/\/kaani.net\/#website"},"primaryImageOfPage":{"@id":"https:\/\/kaani.net\/tuotteet\/123-tuoteperhe\/123verse-kaappi-saranaovilla-puujaloilla-ja-laatikoilla\/#primaryimage"},"image":{"@id":"https:\/\/kaani.net\/tuotteet\/123-tuoteperhe\/123verse-kaappi-saranaovilla-puujaloilla-ja-laatikoilla\/#primaryimage"},"thumbnailUrl":"https:\/\/kaani.net\/wp-content\/uploads\/2024\/10\/123versE-kaappi-saranaovilla-ja-laatikoilla-edited_3-1-1.png","datePublished":"2024-10-31T15:33:36+00:00","dateModified":"2026-03-13T18:28:38+00:00","description":"123 tuoteperhe muodostaa laajan ja laadukkaan kokonaisuuden kaappeja, laatikostoja, p\u00f6yti\u00e4 ja TV-tasoja. K\u00e4yt\u00e4mme vain laadukkaimpia materiaaleja.","breadcrumb":{"@id":"https:\/\/kaani.net\/tuotteet\/123-tuoteperhe\/123verse-kaappi-saranaovilla-puujaloilla-ja-laatikoilla\/#breadcrumb"},"inLanguage":"en-US","potentialAction":[{"@type":"ReadAction","target":["https:\/\/kaani.net\/tuotteet\/123-tuoteperhe\/123verse-kaappi-saranaovilla-puujaloilla-ja-laatikoilla\/"]}]},{"@type":"ImageObject","inLanguage":"en-US","@id":"https:\/\/kaani.net\/tuotteet\/123-tuoteperhe\/123verse-kaappi-saranaovilla-puujaloilla-ja-laatikoilla\/#primaryimage","url":"https:\/\/kaani.net\/wp-content\/uploads\/2024\/10\/123versE-kaappi-saranaovilla-ja-laatikoilla-edited_3-1-1.png","contentUrl":"https:\/\/kaani.net\/wp-content\/uploads\/2024\/10\/123versE-kaappi-saranaovilla-ja-laatikoilla-edited_3-1-1.png","width":1024,"height":1024,"caption":"123versE kaappi laatikoilla. Lunnonv\u00e4ri tammi. Ikkunan vieress\u00e4."},{"@type":"BreadcrumbList","@id":"https:\/\/kaani.net\/tuotteet\/123-tuoteperhe\/123verse-kaappi-saranaovilla-puujaloilla-ja-laatikoilla\/#breadcrumb","itemListElement":[{"@type":"ListItem","position":1,"name":"Etusivu","item":"https:\/\/kaani.net\/"},{"@type":"ListItem","position":2,"name":"Tuotteet","item":"https:\/\/kaani.net\/tuotteet\/"},{"@type":"ListItem","position":3,"name":"123versE kaappi saranaovilla ja laatikoilla"}]},{"@type":"WebSite","@id":"https:\/\/kaani.net\/#website","url":"https:\/\/kaani.net\/","name":"Kaani","description":"See the future!","publisher":{"@id":"https:\/\/kaani.net\/#organization"},"potentialAction":[{"@type":"SearchAction","target":{"@type":"EntryPoint","urlTemplate":"https:\/\/kaani.net\/?s={search_term_string}"},"query-input":{"@type":"PropertyValueSpecification","valueRequired":true,"valueName":"search_term_string"}}],"inLanguage":"en-US"},{"@type":"Organization","@id":"https:\/\/kaani.net\/#organization","name":"Kaani","url":"https:\/\/kaani.net\/","logo":{"@type":"ImageObject","inLanguage":"en-US","@id":"https:\/\/kaani.net\/#\/schema\/logo\/image\/","url":"https:\/\/kaani.net\/wp-content\/uploads\/2017\/09\/cropped-123_kaani_logoS-2-1.jpg","contentUrl":"https:\/\/kaani.net\/wp-content\/uploads\/2017\/09\/cropped-123_kaani_logoS-2-1.jpg","width":184,"height":80,"caption":"Kaani"},"image":{"@id":"https:\/\/kaani.net\/#\/schema\/logo\/image\/"}}]}},"_links":{"self":[{"href":"https:\/\/kaani.net\/en\/wp-json\/wp\/v2\/product\/11284","targetHints":{"allow":["GET"]}}],"collection":[{"href":"https:\/\/kaani.net\/en\/wp-json\/wp\/v2\/product"}],"about":[{"href":"https:\/\/kaani.net\/en\/wp-json\/wp\/v2\/types\/product"}],"wp:featuredmedia":[{"embeddable":true,"href":"https:\/\/kaani.net\/en\/wp-json\/wp\/v2\/media\/15127"}],"wp:attachment":[{"href":"https:\/\/kaani.net\/en\/wp-json\/wp\/v2\/media?parent=11284"}],"wp:term":[{"taxonomy":"product_brand","embeddable":true,"href":"https:\/\/kaani.net\/en\/wp-json\/wp\/v2\/product_brand?post=11284"},{"taxonomy":"product_cat","embeddable":true,"href":"https:\/\/kaani.net\/en\/wp-json\/wp\/v2\/product_cat?post=11284"},{"taxonomy":"product_tag","embeddable":true,"href":"https:\/\/kaani.net\/en\/wp-json\/wp\/v2\/product_tag?post=11284"}],"curies":[{"name":"wp","href":"https:\/\/api.w.org\/{rel}","templated":true}]}}