{"id":11494,"date":"2024-11-06T16:20:20","date_gmt":"2024-11-06T14:20:20","guid":{"rendered":"https:\/\/kaani.net\/?post_type=product&#038;p=11494"},"modified":"2025-12-11T17:06:40","modified_gmt":"2025-12-11T15:06:40","slug":"adige-kotimainen-lepotuoli-puujaloilla","status":"publish","type":"product","link":"https:\/\/kaani.net\/en\/tuotteet\/adige\/adige-kotimainen-lepotuoli-puujaloilla\/","title":{"rendered":"ADIGE lepotuoli"},"content":{"rendered":"<div class=\"vc_row wpb_row vc_row-fluid\"><div class=\"wpb_column vc_column_container vc_col-sm-12\"><div class=\"vc_column-inner\"><div class=\"wpb_wrapper\">\n\t<div class=\"wpb_text_column wpb_content_element\" >\n\t\t<div class=\"wpb_wrapper\">\n\t\t\t<p data-start=\"41\" data-end=\"92\"><strong data-start=\"41\" data-end=\"92\">ADIGE \u2013 Kaanin uusi sohva- ja lepotuolimallisto<\/strong><\/p>\n<p data-start=\"94\" data-end=\"324\">ADIGE on Kaanin uusin, ajattoman tyylik\u00e4s mallisto, joka yhdist\u00e4\u00e4 selke\u00e4n muotoilun ja rennon k\u00e4ytt\u00f6mukavuuden. Malliston lepotuolin voi valita joko kevyen ilmeeseen tuovilla puujaloilla tai modernilla, py\u00f6riv\u00e4ll\u00e4 laippajalalla.<\/p>\n<p data-start=\"326\" data-end=\"485\" data-is-last-node=\"\" data-is-only-node=\"\">Adige-tuoteperheeseen kuuluvat lepotuoli, sohva, rahi sek\u00e4 daybed \u2013 kokonaisuus, joka mahdollistaa yhten\u00e4isen ja harmonisen sisustuskokonaisuuden eri tiloihin.<\/p>\n\n\t\t<\/div>\n\t<\/div>\n<\/div><\/div><\/div><\/div>","protected":false},"excerpt":{"rendered":"<p data-start=\"99\" data-end=\"150\"><strong>ADIGE \u2013<\/strong>\u00a0Kaanin uusi sohva- ja lepotuolimallisto<\/p>\n<p data-start=\"152\" data-end=\"458\">ADIGE on Kaanin uusin, pelkistetyn tyylik\u00e4s sohva- ja lepotuolimallisto, joka tarjoaa poikkeuksellista istuinmukavuutta ja mahdollisuuden r\u00e4\u00e4t\u00e4l\u00f6ityyn sisustukseen. Mallistosta l\u00f6ytyy sohvia aina 280 cm pituuteen asti, joten l\u00f6yd\u00e4t helposti kokoonpanoon, joka sopii sek\u00e4 suuriin ett\u00e4 kompakteihin tiloihin.<\/p>\n<p data-start=\"460\" data-end=\"730\">Tyynyjen tukeva mutta miellytt\u00e4v\u00e4n pehme\u00e4 vaahtomuovi\u2013vanuyhdistelm\u00e4 tekee istumisesta vakaata ja rentoa. Huolellisesti suunniteltu runkorakenne kest\u00e4\u00e4 vuosien k\u00e4ytt\u00f6\u00e4 ja on tarkoitettu my\u00f6s vaivattomaan uudelleenverhoiluun \u2013 pitk\u00e4 elinkaari on osa malliston perusideaa.<\/p>\n<p data-start=\"732\" data-end=\"990\">Jalat ovat valittavissa kaikissa Kaanin vakiomateriaaleissa ja pintak\u00e4sittelyiss\u00e4, ja verhoilu on mahdollista toteuttaa kaikilla mallistoon soveltuvilla kankailla sek\u00e4 Kaanin nahoilla. N\u00e4in ADIGE mukautuu t\u00e4ydellisesti juuri sinun tyyliisi ja tilaasi.<\/p>\n<p data-start=\"992\" data-end=\"1063\">ADIGE \u2013 ajattoman mukava, kest\u00e4v\u00e4 ja yksil\u00f6llisesti viimeistelt\u00e4v\u00e4.<\/p>\n<p>Lepotuolin voit my\u00f6s valita py\u00f6riv\u00e4ll\u00e4 laippajalalla.<\/p>\n<p>&nbsp;<\/p>\n<p><strong>Adige lepotuoli:<\/strong> 90cm syvyys \/ 79 leveys \/ 45cm istuinkorkeus \/ 80cm kok. korkeus \/ 15cm jalan korkeus<\/p>\n<p>&nbsp;<\/p>\n<p><span class=\"x193iq5w xeuugli x13faqbe x1vvkbs x1xmvt09 x1lliihq x1s928wv xhkezso x1gmr53x x1cpjm7i x1fgarty x1943h6x xudqn12 x3x7a5m x6prxxf xvq8zen xo1l8bm xzsf02u\" dir=\"auto\">Muistathan my\u00f6s mahdollisuuden tilata tuotteet erikoismitoilla ja -materiaaleilla.<\/span><\/p>\n<p><strong><a href=\"https:\/\/kaani.net\/en\/materiaalit\/\">Materiaalit t\u00e4st\u00e4<\/a><\/strong><\/p>\n<p>Materiaali- ja v\u00e4rivaihtoehtoja Kaanilla on lukematon m\u00e4\u00e4r\u00e4. Siksi l\u00e4het\u00e4 tilauksesi\u00a0yhteydess\u00e4 meille s\u00e4hk\u00f6postiin (info@kaani.net) seuraavat tiedot:<\/p>\n<p><em>Ter\u00e4sosien v\u00e4ri \/ <\/em><em>Kankaan nimi ja v\u00e4ri \/ <\/em><em>Puuosien materiaali (koivu \/ tammi \/ maalattu) ja pintak\u00e4sittely.<\/em><\/p>\n<p>&nbsp;<\/p>\n<p><em>\u00a0<\/em><\/p>","protected":false},"featured_media":15241,"template":"","meta":{"om_disable_all_campaigns":false,"_monsterinsights_skip_tracking":false,"_monsterinsights_sitenote_active":false,"_monsterinsights_sitenote_note":"","_monsterinsights_sitenote_category":0,"_uf_show_specific_survey":0,"_uf_disable_surveys":false},"product_brand":[],"product_cat":[723,694],"product_tag":[888,787,212,111,244,823],"class_list":{"0":"post-11494","1":"product","2":"type-product","3":"status-publish","4":"has-post-thumbnail","6":"product_cat-lepotuolit-ja-sohvat","7":"product_cat-adige","8":"product_tag-adige","9":"product_tag-design-lepotuoli","10":"product_tag-kaani","11":"product_tag-lepotuoli","12":"product_tag-nojatuoli","13":"product_tag-sohva-ja-lepotuoli","15":"first","16":"instock","17":"sale","18":"taxable","19":"shipping-taxable","20":"purchasable","21":"product-type-variable","22":"has-default-attributes"},"yoast_head":"<!-- This site is optimized with the Yoast SEO plugin v26.7 - https:\/\/yoast.com\/wordpress\/plugins\/seo\/ -->\n<title>ADIGE lepotuoli - Kaani<\/title>\n<meta name=\"description\" content=\"ADIGE on Kaanin uusin, ajattoman tyylik\u00e4s mallisto, joka yhdist\u00e4\u00e4 selke\u00e4n muotoilun ja rennon k\u00e4ytt\u00f6mukavuuden. Malliston lepotuolin voi valita joko kevyen ilmeeseen tuovilla puujaloilla tai modernilla, py\u00f6riv\u00e4ll\u00e4 laippajalalla.\" \/>\n<meta name=\"robots\" content=\"index, follow, max-snippet:-1, max-image-preview:large, max-video-preview:-1\" \/>\n<link rel=\"canonical\" href=\"https:\/\/kaani.net\/en\/tuotteet\/adige\/adige-kotimainen-lepotuoli-puujaloilla\/\" \/>\n<meta property=\"og:locale\" content=\"en_US\" \/>\n<meta property=\"og:type\" content=\"article\" \/>\n<meta property=\"og:title\" content=\"ADIGE lepotuoli - Kaani\" \/>\n<meta property=\"og:description\" content=\"ADIGE on Kaanin uusin, ajattoman tyylik\u00e4s mallisto, joka yhdist\u00e4\u00e4 selke\u00e4n muotoilun ja rennon k\u00e4ytt\u00f6mukavuuden. Malliston lepotuolin voi valita joko kevyen ilmeeseen tuovilla puujaloilla tai modernilla, py\u00f6riv\u00e4ll\u00e4 laippajalalla.\" \/>\n<meta property=\"og:url\" content=\"https:\/\/kaani.net\/en\/tuotteet\/adige\/adige-kotimainen-lepotuoli-puujaloilla\/\" \/>\n<meta property=\"og:site_name\" content=\"Kaani\" \/>\n<meta property=\"article:modified_time\" content=\"2025-12-11T15:06:40+00:00\" \/>\n<meta property=\"og:image\" content=\"https:\/\/kaani.net\/wp-content\/uploads\/2024\/11\/ADIGE-lepotuoli-2.png\" \/>\n\t<meta property=\"og:image:width\" content=\"1024\" \/>\n\t<meta property=\"og:image:height\" content=\"1024\" \/>\n\t<meta property=\"og:image:type\" content=\"image\/png\" \/>\n<meta name=\"twitter:label1\" content=\"Est. reading time\" \/>\n\t<meta name=\"twitter:data1\" content=\"1 minute\" \/>\n<script type=\"application\/ld+json\" class=\"yoast-schema-graph\">{\"@context\":\"https:\/\/schema.org\",\"@graph\":[{\"@type\":\"WebPage\",\"@id\":\"https:\/\/kaani.net\/tuotteet\/adige\/adige-kotimainen-lepotuoli-puujaloilla\/\",\"url\":\"https:\/\/kaani.net\/tuotteet\/adige\/adige-kotimainen-lepotuoli-puujaloilla\/\",\"name\":\"ADIGE lepotuoli - Kaani\",\"isPartOf\":{\"@id\":\"https:\/\/kaani.net\/#website\"},\"primaryImageOfPage\":{\"@id\":\"https:\/\/kaani.net\/tuotteet\/adige\/adige-kotimainen-lepotuoli-puujaloilla\/#primaryimage\"},\"image\":{\"@id\":\"https:\/\/kaani.net\/tuotteet\/adige\/adige-kotimainen-lepotuoli-puujaloilla\/#primaryimage\"},\"thumbnailUrl\":\"https:\/\/kaani.net\/wp-content\/uploads\/2024\/11\/ADIGE-lepotuoli-2.png\",\"datePublished\":\"2024-11-06T14:20:20+00:00\",\"dateModified\":\"2025-12-11T15:06:40+00:00\",\"description\":\"ADIGE on Kaanin uusin, ajattoman tyylik\u00e4s mallisto, joka yhdist\u00e4\u00e4 selke\u00e4n muotoilun ja rennon k\u00e4ytt\u00f6mukavuuden. Malliston lepotuolin voi valita joko kevyen ilmeeseen tuovilla puujaloilla tai modernilla, py\u00f6riv\u00e4ll\u00e4 laippajalalla.\",\"breadcrumb\":{\"@id\":\"https:\/\/kaani.net\/tuotteet\/adige\/adige-kotimainen-lepotuoli-puujaloilla\/#breadcrumb\"},\"inLanguage\":\"en-US\",\"potentialAction\":[{\"@type\":\"ReadAction\",\"target\":[\"https:\/\/kaani.net\/tuotteet\/adige\/adige-kotimainen-lepotuoli-puujaloilla\/\"]}]},{\"@type\":\"ImageObject\",\"inLanguage\":\"en-US\",\"@id\":\"https:\/\/kaani.net\/tuotteet\/adige\/adige-kotimainen-lepotuoli-puujaloilla\/#primaryimage\",\"url\":\"https:\/\/kaani.net\/wp-content\/uploads\/2024\/11\/ADIGE-lepotuoli-2.png\",\"contentUrl\":\"https:\/\/kaani.net\/wp-content\/uploads\/2024\/11\/ADIGE-lepotuoli-2.png\",\"width\":1024,\"height\":1024,\"caption\":\"ADIGE lepotuoli keltaisella kankaalla.\"},{\"@type\":\"BreadcrumbList\",\"@id\":\"https:\/\/kaani.net\/tuotteet\/adige\/adige-kotimainen-lepotuoli-puujaloilla\/#breadcrumb\",\"itemListElement\":[{\"@type\":\"ListItem\",\"position\":1,\"name\":\"Etusivu\",\"item\":\"https:\/\/kaani.net\/\"},{\"@type\":\"ListItem\",\"position\":2,\"name\":\"Tuotteet\",\"item\":\"https:\/\/kaani.net\/tuotteet\/\"},{\"@type\":\"ListItem\",\"position\":3,\"name\":\"ADIGE lepotuoli\"}]},{\"@type\":\"WebSite\",\"@id\":\"https:\/\/kaani.net\/#website\",\"url\":\"https:\/\/kaani.net\/\",\"name\":\"Kaani\",\"description\":\"See the future!\",\"publisher\":{\"@id\":\"https:\/\/kaani.net\/#organization\"},\"potentialAction\":[{\"@type\":\"SearchAction\",\"target\":{\"@type\":\"EntryPoint\",\"urlTemplate\":\"https:\/\/kaani.net\/?s={search_term_string}\"},\"query-input\":{\"@type\":\"PropertyValueSpecification\",\"valueRequired\":true,\"valueName\":\"search_term_string\"}}],\"inLanguage\":\"en-US\"},{\"@type\":\"Organization\",\"@id\":\"https:\/\/kaani.net\/#organization\",\"name\":\"Kaani\",\"url\":\"https:\/\/kaani.net\/\",\"logo\":{\"@type\":\"ImageObject\",\"inLanguage\":\"en-US\",\"@id\":\"https:\/\/kaani.net\/#\/schema\/logo\/image\/\",\"url\":\"https:\/\/kaani.net\/wp-content\/uploads\/2017\/09\/cropped-123_kaani_logoS-2-1.jpg\",\"contentUrl\":\"https:\/\/kaani.net\/wp-content\/uploads\/2017\/09\/cropped-123_kaani_logoS-2-1.jpg\",\"width\":184,\"height\":80,\"caption\":\"Kaani\"},\"image\":{\"@id\":\"https:\/\/kaani.net\/#\/schema\/logo\/image\/\"}}]}<\/script>\n<!-- \/ Yoast SEO plugin. -->","yoast_head_json":{"title":"ADIGE lepotuoli - Kaani","description":"ADIGE on Kaanin uusin, ajattoman tyylik\u00e4s mallisto, joka yhdist\u00e4\u00e4 selke\u00e4n muotoilun ja rennon k\u00e4ytt\u00f6mukavuuden. Malliston lepotuolin voi valita joko kevyen ilmeeseen tuovilla puujaloilla tai modernilla, py\u00f6riv\u00e4ll\u00e4 laippajalalla.","robots":{"index":"index","follow":"follow","max-snippet":"max-snippet:-1","max-image-preview":"max-image-preview:large","max-video-preview":"max-video-preview:-1"},"canonical":"https:\/\/kaani.net\/en\/tuotteet\/adige\/adige-kotimainen-lepotuoli-puujaloilla\/","og_locale":"en_US","og_type":"article","og_title":"ADIGE lepotuoli - Kaani","og_description":"ADIGE on Kaanin uusin, ajattoman tyylik\u00e4s mallisto, joka yhdist\u00e4\u00e4 selke\u00e4n muotoilun ja rennon k\u00e4ytt\u00f6mukavuuden. Malliston lepotuolin voi valita joko kevyen ilmeeseen tuovilla puujaloilla tai modernilla, py\u00f6riv\u00e4ll\u00e4 laippajalalla.","og_url":"https:\/\/kaani.net\/en\/tuotteet\/adige\/adige-kotimainen-lepotuoli-puujaloilla\/","og_site_name":"Kaani","article_modified_time":"2025-12-11T15:06:40+00:00","og_image":[{"width":1024,"height":1024,"url":"https:\/\/kaani.net\/wp-content\/uploads\/2024\/11\/ADIGE-lepotuoli-2.png","type":"image\/png"}],"twitter_misc":{"Est. reading time":"1 minute"},"schema":{"@context":"https:\/\/schema.org","@graph":[{"@type":"WebPage","@id":"https:\/\/kaani.net\/tuotteet\/adige\/adige-kotimainen-lepotuoli-puujaloilla\/","url":"https:\/\/kaani.net\/tuotteet\/adige\/adige-kotimainen-lepotuoli-puujaloilla\/","name":"ADIGE lepotuoli - Kaani","isPartOf":{"@id":"https:\/\/kaani.net\/#website"},"primaryImageOfPage":{"@id":"https:\/\/kaani.net\/tuotteet\/adige\/adige-kotimainen-lepotuoli-puujaloilla\/#primaryimage"},"image":{"@id":"https:\/\/kaani.net\/tuotteet\/adige\/adige-kotimainen-lepotuoli-puujaloilla\/#primaryimage"},"thumbnailUrl":"https:\/\/kaani.net\/wp-content\/uploads\/2024\/11\/ADIGE-lepotuoli-2.png","datePublished":"2024-11-06T14:20:20+00:00","dateModified":"2025-12-11T15:06:40+00:00","description":"ADIGE on Kaanin uusin, ajattoman tyylik\u00e4s mallisto, joka yhdist\u00e4\u00e4 selke\u00e4n muotoilun ja rennon k\u00e4ytt\u00f6mukavuuden. Malliston lepotuolin voi valita joko kevyen ilmeeseen tuovilla puujaloilla tai modernilla, py\u00f6riv\u00e4ll\u00e4 laippajalalla.","breadcrumb":{"@id":"https:\/\/kaani.net\/tuotteet\/adige\/adige-kotimainen-lepotuoli-puujaloilla\/#breadcrumb"},"inLanguage":"en-US","potentialAction":[{"@type":"ReadAction","target":["https:\/\/kaani.net\/tuotteet\/adige\/adige-kotimainen-lepotuoli-puujaloilla\/"]}]},{"@type":"ImageObject","inLanguage":"en-US","@id":"https:\/\/kaani.net\/tuotteet\/adige\/adige-kotimainen-lepotuoli-puujaloilla\/#primaryimage","url":"https:\/\/kaani.net\/wp-content\/uploads\/2024\/11\/ADIGE-lepotuoli-2.png","contentUrl":"https:\/\/kaani.net\/wp-content\/uploads\/2024\/11\/ADIGE-lepotuoli-2.png","width":1024,"height":1024,"caption":"ADIGE lepotuoli keltaisella kankaalla."},{"@type":"BreadcrumbList","@id":"https:\/\/kaani.net\/tuotteet\/adige\/adige-kotimainen-lepotuoli-puujaloilla\/#breadcrumb","itemListElement":[{"@type":"ListItem","position":1,"name":"Etusivu","item":"https:\/\/kaani.net\/"},{"@type":"ListItem","position":2,"name":"Tuotteet","item":"https:\/\/kaani.net\/tuotteet\/"},{"@type":"ListItem","position":3,"name":"ADIGE lepotuoli"}]},{"@type":"WebSite","@id":"https:\/\/kaani.net\/#website","url":"https:\/\/kaani.net\/","name":"Kaani","description":"See the future!","publisher":{"@id":"https:\/\/kaani.net\/#organization"},"potentialAction":[{"@type":"SearchAction","target":{"@type":"EntryPoint","urlTemplate":"https:\/\/kaani.net\/?s={search_term_string}"},"query-input":{"@type":"PropertyValueSpecification","valueRequired":true,"valueName":"search_term_string"}}],"inLanguage":"en-US"},{"@type":"Organization","@id":"https:\/\/kaani.net\/#organization","name":"Kaani","url":"https:\/\/kaani.net\/","logo":{"@type":"ImageObject","inLanguage":"en-US","@id":"https:\/\/kaani.net\/#\/schema\/logo\/image\/","url":"https:\/\/kaani.net\/wp-content\/uploads\/2017\/09\/cropped-123_kaani_logoS-2-1.jpg","contentUrl":"https:\/\/kaani.net\/wp-content\/uploads\/2017\/09\/cropped-123_kaani_logoS-2-1.jpg","width":184,"height":80,"caption":"Kaani"},"image":{"@id":"https:\/\/kaani.net\/#\/schema\/logo\/image\/"}}]}},"_links":{"self":[{"href":"https:\/\/kaani.net\/en\/wp-json\/wp\/v2\/product\/11494","targetHints":{"allow":["GET"]}}],"collection":[{"href":"https:\/\/kaani.net\/en\/wp-json\/wp\/v2\/product"}],"about":[{"href":"https:\/\/kaani.net\/en\/wp-json\/wp\/v2\/types\/product"}],"wp:featuredmedia":[{"embeddable":true,"href":"https:\/\/kaani.net\/en\/wp-json\/wp\/v2\/media\/15241"}],"wp:attachment":[{"href":"https:\/\/kaani.net\/en\/wp-json\/wp\/v2\/media?parent=11494"}],"wp:term":[{"taxonomy":"product_brand","embeddable":true,"href":"https:\/\/kaani.net\/en\/wp-json\/wp\/v2\/product_brand?post=11494"},{"taxonomy":"product_cat","embeddable":true,"href":"https:\/\/kaani.net\/en\/wp-json\/wp\/v2\/product_cat?post=11494"},{"taxonomy":"product_tag","embeddable":true,"href":"https:\/\/kaani.net\/en\/wp-json\/wp\/v2\/product_tag?post=11494"}],"curies":[{"name":"wp","href":"https:\/\/api.w.org\/{rel}","templated":true}]}}