{"id":117,"date":"2013-05-23T12:18:30","date_gmt":"2013-05-23T09:18:30","guid":{"rendered":"http:\/\/www.kaani.net\/?post_type=product&#038;p=117"},"modified":"2025-12-11T16:00:39","modified_gmt":"2025-12-11T14:00:39","slug":"deco-terasjaloilla-tai-laippajalalla","status":"publish","type":"product","link":"https:\/\/kaani.net\/en\/tuotteet\/deco-lepotuoli-design\/deco-terasjaloilla-tai-laippajalalla\/","title":{"rendered":"Deco club"},"content":{"rendered":"<div class=\"vc_row wpb_row vc_row-fluid\"><div class=\"wpb_column vc_column_container vc_col-sm-12\"><div class=\"vc_column-inner\"><div class=\"wpb_wrapper\">\n\t<div class=\"wpb_text_column wpb_content_element\" >\n\t\t<div class=\"wpb_wrapper\">\n\t\t\t<p>Deco on kevyt, selke\u00e4linjainen ja ryhdik\u00e4s. Deco lepotuoli soveltuu hyvin julkisiin tiloihin ja my\u00f6s koteihin.<br \/>\nDeco on miellytt\u00e4v\u00e4 istua. Verhoiluvaihtoehtoja on runsaasti.<\/p>\n\n\t\t<\/div>\n\t<\/div>\n<\/div><\/div><\/div><\/div>","protected":false},"excerpt":{"rendered":"<p>Deco on kevyt, selke\u00e4linjainen, ryhdik\u00e4s ja persoonallinen lepotuoli! Soveltuu hyvin julkisiin tiloihin ja my\u00f6s koteihin.<\/p>\n<p>Deco lepotuoli on miellytt\u00e4v\u00e4 istua. Tyylik\u00e4s lepotuoli pieneenkin tilaan! Deco-Club laippajalka on palautusmekanismilla.<\/p>\n<p><strong>Mitat: <\/strong>62cm syvyys \/ 62cm leveys \/ 82cm kokonaiskorkeus \/ 45cm istuinkorkeus<\/p>\n<p>&nbsp;<\/p>\n<p><span class=\"x193iq5w xeuugli x13faqbe x1vvkbs x1xmvt09 x1lliihq x1s928wv xhkezso x1gmr53x x1cpjm7i x1fgarty x1943h6x xudqn12 x3x7a5m x6prxxf xvq8zen xo1l8bm xzsf02u\" dir=\"auto\">Muistathan my\u00f6s mahdollisuuden tilata tuotteet erikoismitoilla ja -materiaaleilla.<\/span><\/p>\n<p><strong><a href=\"https:\/\/kaani.net\/en\/materiaalit\/\">Materiaalit t\u00e4st\u00e4<\/a><\/strong><\/p>\n<p>Materiaali- ja v\u00e4rivaihtoehtoja Kaanilla on lukematon m\u00e4\u00e4r\u00e4. Siksi l\u00e4het\u00e4 tilauksesi yhteydess\u00e4 meille s\u00e4hk\u00f6postiin (info@kaani.net) seuraavat tiedot:\u00a0<em>Ter\u00e4sosien v\u00e4ri \/ <\/em><em>Kankaan nimi ja v\u00e4ri \/ <\/em><em>Puuosien materiaali (koivu \/ tammi \/ maalattu) ja pintak\u00e4sittely.<\/em><\/p>\n<p>&nbsp;<\/p>\n<p>&nbsp;<\/p>\n<p>&nbsp;<\/p>","protected":false},"featured_media":15239,"template":"","meta":{"om_disable_all_campaigns":false,"_monsterinsights_skip_tracking":false,"_monsterinsights_sitenote_active":false,"_monsterinsights_sitenote_note":"","_monsterinsights_sitenote_category":0,"_uf_show_specific_survey":0,"_uf_disable_surveys":false},"product_brand":[],"product_cat":[723,34],"product_tag":[906,787,212,789,111,823],"class_list":{"0":"post-117","1":"product","2":"type-product","3":"status-publish","4":"has-post-thumbnail","6":"product_cat-lepotuolit-ja-sohvat","7":"product_cat-deco-lepotuoli-design","8":"product_tag-deco-club","9":"product_tag-design-lepotuoli","10":"product_tag-kaani","11":"product_tag-kotimainen-lepotuoli","12":"product_tag-lepotuoli","13":"product_tag-sohva-ja-lepotuoli","15":"first","16":"instock","17":"taxable","18":"shipping-taxable","19":"purchasable","20":"product-type-variable","21":"has-default-attributes"},"yoast_head":"<!-- This site is optimized with the Yoast SEO plugin v26.7 - https:\/\/yoast.com\/wordpress\/plugins\/seo\/ -->\n<title>Deco club - Kaani<\/title>\n<meta name=\"description\" content=\"Tyylik\u00e4s lepotuoli pieneenkin tilaan. Deco on kevyt, selke\u00e4linjainen, ryhdik\u00e4s ja persoonallinen. Se soveltuu hyvin julkisiin tiloihin ja koteihin.\" \/>\n<meta name=\"robots\" content=\"index, follow, max-snippet:-1, max-image-preview:large, max-video-preview:-1\" \/>\n<link rel=\"canonical\" href=\"https:\/\/kaani.net\/en\/tuotteet\/deco-lepotuoli-design\/deco-terasjaloilla-tai-laippajalalla\/\" \/>\n<meta property=\"og:locale\" content=\"en_US\" \/>\n<meta property=\"og:type\" content=\"article\" \/>\n<meta property=\"og:title\" content=\"Deco club - Kaani\" \/>\n<meta property=\"og:description\" content=\"Tyylik\u00e4s lepotuoli pieneenkin tilaan. Deco on kevyt, selke\u00e4linjainen, ryhdik\u00e4s ja persoonallinen. Se soveltuu hyvin julkisiin tiloihin ja koteihin.\" \/>\n<meta property=\"og:url\" content=\"https:\/\/kaani.net\/en\/tuotteet\/deco-lepotuoli-design\/deco-terasjaloilla-tai-laippajalalla\/\" \/>\n<meta property=\"og:site_name\" content=\"Kaani\" \/>\n<meta property=\"article:modified_time\" content=\"2025-12-11T14:00:39+00:00\" \/>\n<meta property=\"og:image\" content=\"https:\/\/kaani.net\/wp-content\/uploads\/2025\/12\/Deco-club-musta-nahka.png\" \/>\n\t<meta property=\"og:image:width\" content=\"1024\" \/>\n\t<meta property=\"og:image:height\" content=\"1024\" \/>\n\t<meta property=\"og:image:type\" content=\"image\/png\" \/>\n<meta name=\"twitter:label1\" content=\"Est. reading time\" \/>\n\t<meta name=\"twitter:data1\" content=\"1 minute\" \/>\n<script type=\"application\/ld+json\" class=\"yoast-schema-graph\">{\"@context\":\"https:\/\/schema.org\",\"@graph\":[{\"@type\":\"WebPage\",\"@id\":\"https:\/\/kaani.net\/tuotteet\/deco-lepotuoli-design\/deco-terasjaloilla-tai-laippajalalla\/\",\"url\":\"https:\/\/kaani.net\/tuotteet\/deco-lepotuoli-design\/deco-terasjaloilla-tai-laippajalalla\/\",\"name\":\"Deco club - Kaani\",\"isPartOf\":{\"@id\":\"https:\/\/kaani.net\/#website\"},\"primaryImageOfPage\":{\"@id\":\"https:\/\/kaani.net\/tuotteet\/deco-lepotuoli-design\/deco-terasjaloilla-tai-laippajalalla\/#primaryimage\"},\"image\":{\"@id\":\"https:\/\/kaani.net\/tuotteet\/deco-lepotuoli-design\/deco-terasjaloilla-tai-laippajalalla\/#primaryimage\"},\"thumbnailUrl\":\"https:\/\/kaani.net\/wp-content\/uploads\/2025\/12\/Deco-club-musta-nahka.png\",\"datePublished\":\"2013-05-23T09:18:30+00:00\",\"dateModified\":\"2025-12-11T14:00:39+00:00\",\"description\":\"Tyylik\u00e4s lepotuoli pieneenkin tilaan. Deco on kevyt, selke\u00e4linjainen, ryhdik\u00e4s ja persoonallinen. Se soveltuu hyvin julkisiin tiloihin ja koteihin.\",\"breadcrumb\":{\"@id\":\"https:\/\/kaani.net\/tuotteet\/deco-lepotuoli-design\/deco-terasjaloilla-tai-laippajalalla\/#breadcrumb\"},\"inLanguage\":\"en-US\",\"potentialAction\":[{\"@type\":\"ReadAction\",\"target\":[\"https:\/\/kaani.net\/tuotteet\/deco-lepotuoli-design\/deco-terasjaloilla-tai-laippajalalla\/\"]}]},{\"@type\":\"ImageObject\",\"inLanguage\":\"en-US\",\"@id\":\"https:\/\/kaani.net\/tuotteet\/deco-lepotuoli-design\/deco-terasjaloilla-tai-laippajalalla\/#primaryimage\",\"url\":\"https:\/\/kaani.net\/wp-content\/uploads\/2025\/12\/Deco-club-musta-nahka.png\",\"contentUrl\":\"https:\/\/kaani.net\/wp-content\/uploads\/2025\/12\/Deco-club-musta-nahka.png\",\"width\":1024,\"height\":1024,\"caption\":\"Deco-Club lepotuoli laippajalla ja mustalla nahalla.\"},{\"@type\":\"BreadcrumbList\",\"@id\":\"https:\/\/kaani.net\/tuotteet\/deco-lepotuoli-design\/deco-terasjaloilla-tai-laippajalalla\/#breadcrumb\",\"itemListElement\":[{\"@type\":\"ListItem\",\"position\":1,\"name\":\"Etusivu\",\"item\":\"https:\/\/kaani.net\/\"},{\"@type\":\"ListItem\",\"position\":2,\"name\":\"Tuotteet\",\"item\":\"https:\/\/kaani.net\/tuotteet\/\"},{\"@type\":\"ListItem\",\"position\":3,\"name\":\"Deco club\"}]},{\"@type\":\"WebSite\",\"@id\":\"https:\/\/kaani.net\/#website\",\"url\":\"https:\/\/kaani.net\/\",\"name\":\"Kaani\",\"description\":\"See the future!\",\"publisher\":{\"@id\":\"https:\/\/kaani.net\/#organization\"},\"potentialAction\":[{\"@type\":\"SearchAction\",\"target\":{\"@type\":\"EntryPoint\",\"urlTemplate\":\"https:\/\/kaani.net\/?s={search_term_string}\"},\"query-input\":{\"@type\":\"PropertyValueSpecification\",\"valueRequired\":true,\"valueName\":\"search_term_string\"}}],\"inLanguage\":\"en-US\"},{\"@type\":\"Organization\",\"@id\":\"https:\/\/kaani.net\/#organization\",\"name\":\"Kaani\",\"url\":\"https:\/\/kaani.net\/\",\"logo\":{\"@type\":\"ImageObject\",\"inLanguage\":\"en-US\",\"@id\":\"https:\/\/kaani.net\/#\/schema\/logo\/image\/\",\"url\":\"https:\/\/kaani.net\/wp-content\/uploads\/2017\/09\/cropped-123_kaani_logoS-2-1.jpg\",\"contentUrl\":\"https:\/\/kaani.net\/wp-content\/uploads\/2017\/09\/cropped-123_kaani_logoS-2-1.jpg\",\"width\":184,\"height\":80,\"caption\":\"Kaani\"},\"image\":{\"@id\":\"https:\/\/kaani.net\/#\/schema\/logo\/image\/\"}}]}<\/script>\n<!-- \/ Yoast SEO plugin. -->","yoast_head_json":{"title":"Deco club - Kaani","description":"Tyylik\u00e4s lepotuoli pieneenkin tilaan. Deco on kevyt, selke\u00e4linjainen, ryhdik\u00e4s ja persoonallinen. Se soveltuu hyvin julkisiin tiloihin ja koteihin.","robots":{"index":"index","follow":"follow","max-snippet":"max-snippet:-1","max-image-preview":"max-image-preview:large","max-video-preview":"max-video-preview:-1"},"canonical":"https:\/\/kaani.net\/en\/tuotteet\/deco-lepotuoli-design\/deco-terasjaloilla-tai-laippajalalla\/","og_locale":"en_US","og_type":"article","og_title":"Deco club - Kaani","og_description":"Tyylik\u00e4s lepotuoli pieneenkin tilaan. Deco on kevyt, selke\u00e4linjainen, ryhdik\u00e4s ja persoonallinen. Se soveltuu hyvin julkisiin tiloihin ja koteihin.","og_url":"https:\/\/kaani.net\/en\/tuotteet\/deco-lepotuoli-design\/deco-terasjaloilla-tai-laippajalalla\/","og_site_name":"Kaani","article_modified_time":"2025-12-11T14:00:39+00:00","og_image":[{"width":1024,"height":1024,"url":"https:\/\/kaani.net\/wp-content\/uploads\/2025\/12\/Deco-club-musta-nahka.png","type":"image\/png"}],"twitter_misc":{"Est. reading time":"1 minute"},"schema":{"@context":"https:\/\/schema.org","@graph":[{"@type":"WebPage","@id":"https:\/\/kaani.net\/tuotteet\/deco-lepotuoli-design\/deco-terasjaloilla-tai-laippajalalla\/","url":"https:\/\/kaani.net\/tuotteet\/deco-lepotuoli-design\/deco-terasjaloilla-tai-laippajalalla\/","name":"Deco club - Kaani","isPartOf":{"@id":"https:\/\/kaani.net\/#website"},"primaryImageOfPage":{"@id":"https:\/\/kaani.net\/tuotteet\/deco-lepotuoli-design\/deco-terasjaloilla-tai-laippajalalla\/#primaryimage"},"image":{"@id":"https:\/\/kaani.net\/tuotteet\/deco-lepotuoli-design\/deco-terasjaloilla-tai-laippajalalla\/#primaryimage"},"thumbnailUrl":"https:\/\/kaani.net\/wp-content\/uploads\/2025\/12\/Deco-club-musta-nahka.png","datePublished":"2013-05-23T09:18:30+00:00","dateModified":"2025-12-11T14:00:39+00:00","description":"Tyylik\u00e4s lepotuoli pieneenkin tilaan. Deco on kevyt, selke\u00e4linjainen, ryhdik\u00e4s ja persoonallinen. Se soveltuu hyvin julkisiin tiloihin ja koteihin.","breadcrumb":{"@id":"https:\/\/kaani.net\/tuotteet\/deco-lepotuoli-design\/deco-terasjaloilla-tai-laippajalalla\/#breadcrumb"},"inLanguage":"en-US","potentialAction":[{"@type":"ReadAction","target":["https:\/\/kaani.net\/tuotteet\/deco-lepotuoli-design\/deco-terasjaloilla-tai-laippajalalla\/"]}]},{"@type":"ImageObject","inLanguage":"en-US","@id":"https:\/\/kaani.net\/tuotteet\/deco-lepotuoli-design\/deco-terasjaloilla-tai-laippajalalla\/#primaryimage","url":"https:\/\/kaani.net\/wp-content\/uploads\/2025\/12\/Deco-club-musta-nahka.png","contentUrl":"https:\/\/kaani.net\/wp-content\/uploads\/2025\/12\/Deco-club-musta-nahka.png","width":1024,"height":1024,"caption":"Deco-Club lepotuoli laippajalla ja mustalla nahalla."},{"@type":"BreadcrumbList","@id":"https:\/\/kaani.net\/tuotteet\/deco-lepotuoli-design\/deco-terasjaloilla-tai-laippajalalla\/#breadcrumb","itemListElement":[{"@type":"ListItem","position":1,"name":"Etusivu","item":"https:\/\/kaani.net\/"},{"@type":"ListItem","position":2,"name":"Tuotteet","item":"https:\/\/kaani.net\/tuotteet\/"},{"@type":"ListItem","position":3,"name":"Deco club"}]},{"@type":"WebSite","@id":"https:\/\/kaani.net\/#website","url":"https:\/\/kaani.net\/","name":"Kaani","description":"See the future!","publisher":{"@id":"https:\/\/kaani.net\/#organization"},"potentialAction":[{"@type":"SearchAction","target":{"@type":"EntryPoint","urlTemplate":"https:\/\/kaani.net\/?s={search_term_string}"},"query-input":{"@type":"PropertyValueSpecification","valueRequired":true,"valueName":"search_term_string"}}],"inLanguage":"en-US"},{"@type":"Organization","@id":"https:\/\/kaani.net\/#organization","name":"Kaani","url":"https:\/\/kaani.net\/","logo":{"@type":"ImageObject","inLanguage":"en-US","@id":"https:\/\/kaani.net\/#\/schema\/logo\/image\/","url":"https:\/\/kaani.net\/wp-content\/uploads\/2017\/09\/cropped-123_kaani_logoS-2-1.jpg","contentUrl":"https:\/\/kaani.net\/wp-content\/uploads\/2017\/09\/cropped-123_kaani_logoS-2-1.jpg","width":184,"height":80,"caption":"Kaani"},"image":{"@id":"https:\/\/kaani.net\/#\/schema\/logo\/image\/"}}]}},"_links":{"self":[{"href":"https:\/\/kaani.net\/en\/wp-json\/wp\/v2\/product\/117","targetHints":{"allow":["GET"]}}],"collection":[{"href":"https:\/\/kaani.net\/en\/wp-json\/wp\/v2\/product"}],"about":[{"href":"https:\/\/kaani.net\/en\/wp-json\/wp\/v2\/types\/product"}],"wp:featuredmedia":[{"embeddable":true,"href":"https:\/\/kaani.net\/en\/wp-json\/wp\/v2\/media\/15239"}],"wp:attachment":[{"href":"https:\/\/kaani.net\/en\/wp-json\/wp\/v2\/media?parent=117"}],"wp:term":[{"taxonomy":"product_brand","embeddable":true,"href":"https:\/\/kaani.net\/en\/wp-json\/wp\/v2\/product_brand?post=117"},{"taxonomy":"product_cat","embeddable":true,"href":"https:\/\/kaani.net\/en\/wp-json\/wp\/v2\/product_cat?post=117"},{"taxonomy":"product_tag","embeddable":true,"href":"https:\/\/kaani.net\/en\/wp-json\/wp\/v2\/product_tag?post=117"}],"curies":[{"name":"wp","href":"https:\/\/api.w.org\/{rel}","templated":true}]}}