{"id":1200,"date":"2015-03-24T09:41:17","date_gmt":"2015-03-24T07:41:17","guid":{"rendered":"https:\/\/kaani.fi\/?product=jazz-grand-tuoli"},"modified":"2025-11-12T14:30:07","modified_gmt":"2025-11-12T12:30:07","slug":"jazz-grand-tuoli","status":"publish","type":"product","link":"https:\/\/kaani.net\/en\/tuotteet\/jazz-tuoteperhe\/jazz-grand-tuoli\/","title":{"rendered":"Jazz-Grand chair"},"content":{"rendered":"<h1 class=\"woocommerce-products-header__title page-title\">Jazz<\/h1>\n<div class=\"term-description\">\n<p>Characteristic features of Jazz products include e.g. horizontal use of wood, which often lightens the look of the entire interior. Another trademark is the good usability of the products. Several material and color options will hopefully help you find the right solution for your home. If you can't find standard solutions, Kaani will fulfill special solutions in terms of both materials and colors.<\/p>\n<\/div>","protected":false},"excerpt":{"rendered":"<p><strong>Jazz-Grand<\/strong> (ns. korkeampi selk\u00e4noja)<\/p>\n<p>Alkuper\u00e4inen Jazz tuoli on Kaanin klassikkotuote. Sen muotokieli ja ergonomia edustavat selke\u00e4\u00e4 skandinaavista muotoilua. Kaanin Jazz tuoli on valittu Suomen Designmuseon vakituisiin kokoelmiin.<\/p>\n<p>Pitk\u00e4ik\u00e4inen ja kest\u00e4v\u00e4 tuoli on helppo uudistaa vaihtohupulla. Verhoiluvaihtoehtoja on l\u00e4hes rajaton m\u00e4\u00e4r\u00e4.<br \/>\nWe are happy to provide full maintenance for already-aged Kaani products.<br \/>\nValittavanasi on kaikki soveltuvat Kaanin, Lauritzonin, Orientin ja Nevotexin kankaat.<\/p>\n<p>You can also choose<strong> <a href=\"https:\/\/kaani.net\/en\/outlet-2\/\">Tarjouskankaat<\/a>.<\/strong> Jazz-Grand tarjouskankaalla ja ter\u00e4sjaloilla 349\u20ac (499\u20ac). Huom! rajoitettu er\u00e4.<\/p>\n<p>Ota yhteytt\u00e4, jos haluat tuolin tarjouskankaalla mutta puujaloilla. Annamme tuolista sinulle hyv\u00e4n tarjouksen!<\/p>\n<p>Tuolit ovat saatavilla ter\u00e4s- ja puujaloilla sek\u00e4 laippajalalla. Jazz tuolin voi tilata ilman kahvaa.<\/p>\n<p><strong>Mitat:<\/strong> 43cm leveys \/ 55cm syvyys \/ 45cm istuinkorkeus \/\u00a0 95cm kokonaiskorkeus<\/p>\n<p>&nbsp;<\/p>\n<p><strong><a href=\"https:\/\/kaani.net\/en\/materiaalit\/\">Materiaalit t\u00e4st\u00e4<\/a> <\/strong><\/p>\n<p>Materiaali- ja v\u00e4rivaihtoehtoja Kaanilla on lukematon m\u00e4\u00e4r\u00e4. Siksi l\u00e4het\u00e4 tilauksesi\u00a0 yhteydess\u00e4 meille s\u00e4hk\u00f6postiin (info@kaani.net) seuraavat tiedot:<\/p>\n<p><em>Ter\u00e4sosien v\u00e4ri \/ <\/em><em>Kankaan nimi ja v\u00e4ri \/ <\/em><em>Puuosien materiaali (koivu \/ tammi \/ maalattu) ja pintak\u00e4sittely.<\/em><\/p>","protected":false},"featured_media":3719,"template":"","meta":{"om_disable_all_campaigns":false,"_monsterinsights_skip_tracking":false,"_monsterinsights_sitenote_active":false,"_monsterinsights_sitenote_note":"","_monsterinsights_sitenote_category":0,"_uf_show_specific_survey":0,"_uf_disable_surveys":false},"product_brand":[],"product_cat":[719,37],"product_tag":[897,209,832,212,843,227,219],"class_list":{"0":"post-1200","1":"product","2":"type-product","3":"status-publish","4":"has-post-thumbnail","6":"product_cat-ruokatuolit","7":"product_cat-jazz-tuoteperhe","8":"product_tag-alkuperainen-jazz","9":"product_tag-jazz","10":"product_tag-jazz-grand","11":"product_tag-kaani","12":"product_tag-ruokailutuoli","13":"product_tag-ruokatuoli","14":"product_tag-tuoli","16":"first","17":"instock","18":"sale","19":"taxable","20":"shipping-taxable","21":"purchasable","22":"product-type-variable","23":"has-default-attributes"},"yoast_head":"<!-- This site is optimized with the Yoast SEO plugin v26.7 - https:\/\/yoast.com\/wordpress\/plugins\/seo\/ -->\n<title>Jazz-Grand tuoli - Kaani<\/title>\n<meta name=\"description\" content=\"Klassikko tuoli joka on ollut tuotannossa jo vuodesta 2002 l\u00e4htien. Jazz Grand tuoli on erinoimainen tuoli istumaergonimaltaan. Valitse alkuper\u00e4inen!\" \/>\n<meta name=\"robots\" content=\"index, follow, max-snippet:-1, max-image-preview:large, max-video-preview:-1\" \/>\n<link rel=\"canonical\" href=\"https:\/\/kaani.net\/en\/tuotteet\/jazz-tuoteperhe\/jazz-grand-tuoli\/\" \/>\n<meta property=\"og:locale\" content=\"en_US\" \/>\n<meta property=\"og:type\" content=\"article\" \/>\n<meta property=\"og:title\" content=\"Jazz-Grand tuoli - Kaani\" \/>\n<meta property=\"og:description\" content=\"Klassikko tuoli joka on ollut tuotannossa jo vuodesta 2002 l\u00e4htien. Jazz Grand tuoli on erinoimainen tuoli istumaergonimaltaan. Valitse alkuper\u00e4inen!\" \/>\n<meta property=\"og:url\" content=\"https:\/\/kaani.net\/en\/tuotteet\/jazz-tuoteperhe\/jazz-grand-tuoli\/\" \/>\n<meta property=\"og:site_name\" content=\"Kaani\" \/>\n<meta property=\"article:modified_time\" content=\"2025-11-12T12:30:07+00:00\" \/>\n<meta property=\"og:image\" content=\"https:\/\/kaani.net\/wp-content\/uploads\/2018\/08\/Jazz_Grand_ter\u00e4sjalat_N5C9639_500-1.jpg\" \/>\n\t<meta property=\"og:image:width\" content=\"500\" \/>\n\t<meta property=\"og:image:height\" content=\"500\" \/>\n\t<meta property=\"og:image:type\" content=\"image\/jpeg\" \/>\n<meta name=\"twitter:label1\" content=\"Est. reading time\" \/>\n\t<meta name=\"twitter:data1\" content=\"1 minute\" \/>\n<script type=\"application\/ld+json\" class=\"yoast-schema-graph\">{\"@context\":\"https:\/\/schema.org\",\"@graph\":[{\"@type\":\"WebPage\",\"@id\":\"https:\/\/kaani.net\/tuotteet\/jazz-tuoteperhe\/jazz-grand-tuoli\/\",\"url\":\"https:\/\/kaani.net\/tuotteet\/jazz-tuoteperhe\/jazz-grand-tuoli\/\",\"name\":\"Jazz-Grand tuoli - Kaani\",\"isPartOf\":{\"@id\":\"https:\/\/kaani.net\/#website\"},\"primaryImageOfPage\":{\"@id\":\"https:\/\/kaani.net\/tuotteet\/jazz-tuoteperhe\/jazz-grand-tuoli\/#primaryimage\"},\"image\":{\"@id\":\"https:\/\/kaani.net\/tuotteet\/jazz-tuoteperhe\/jazz-grand-tuoli\/#primaryimage\"},\"thumbnailUrl\":\"https:\/\/kaani.net\/wp-content\/uploads\/2018\/08\/Jazz_Grand_ter\u00e4sjalat_N5C9639_500-1.jpg\",\"datePublished\":\"2015-03-24T07:41:17+00:00\",\"dateModified\":\"2025-11-12T12:30:07+00:00\",\"description\":\"Klassikko tuoli joka on ollut tuotannossa jo vuodesta 2002 l\u00e4htien. Jazz Grand tuoli on erinoimainen tuoli istumaergonimaltaan. Valitse alkuper\u00e4inen!\",\"breadcrumb\":{\"@id\":\"https:\/\/kaani.net\/tuotteet\/jazz-tuoteperhe\/jazz-grand-tuoli\/#breadcrumb\"},\"inLanguage\":\"en-US\",\"potentialAction\":[{\"@type\":\"ReadAction\",\"target\":[\"https:\/\/kaani.net\/tuotteet\/jazz-tuoteperhe\/jazz-grand-tuoli\/\"]}]},{\"@type\":\"ImageObject\",\"inLanguage\":\"en-US\",\"@id\":\"https:\/\/kaani.net\/tuotteet\/jazz-tuoteperhe\/jazz-grand-tuoli\/#primaryimage\",\"url\":\"https:\/\/kaani.net\/wp-content\/uploads\/2018\/08\/Jazz_Grand_ter\u00e4sjalat_N5C9639_500-1.jpg\",\"contentUrl\":\"https:\/\/kaani.net\/wp-content\/uploads\/2018\/08\/Jazz_Grand_ter\u00e4sjalat_N5C9639_500-1.jpg\",\"width\":500,\"height\":500,\"caption\":\"Jazz-Grand tarjouskankaalla ja ter\u00e4sjaloilla outlet-hinta 349\u20ac (499\u20ac).\"},{\"@type\":\"BreadcrumbList\",\"@id\":\"https:\/\/kaani.net\/tuotteet\/jazz-tuoteperhe\/jazz-grand-tuoli\/#breadcrumb\",\"itemListElement\":[{\"@type\":\"ListItem\",\"position\":1,\"name\":\"Etusivu\",\"item\":\"https:\/\/kaani.net\/\"},{\"@type\":\"ListItem\",\"position\":2,\"name\":\"Tuotteet\",\"item\":\"https:\/\/kaani.net\/tuotteet\/\"},{\"@type\":\"ListItem\",\"position\":3,\"name\":\"Jazz-Grand tuoli\"}]},{\"@type\":\"WebSite\",\"@id\":\"https:\/\/kaani.net\/#website\",\"url\":\"https:\/\/kaani.net\/\",\"name\":\"Kaani\",\"description\":\"See the future!\",\"publisher\":{\"@id\":\"https:\/\/kaani.net\/#organization\"},\"potentialAction\":[{\"@type\":\"SearchAction\",\"target\":{\"@type\":\"EntryPoint\",\"urlTemplate\":\"https:\/\/kaani.net\/?s={search_term_string}\"},\"query-input\":{\"@type\":\"PropertyValueSpecification\",\"valueRequired\":true,\"valueName\":\"search_term_string\"}}],\"inLanguage\":\"en-US\"},{\"@type\":\"Organization\",\"@id\":\"https:\/\/kaani.net\/#organization\",\"name\":\"Kaani\",\"url\":\"https:\/\/kaani.net\/\",\"logo\":{\"@type\":\"ImageObject\",\"inLanguage\":\"en-US\",\"@id\":\"https:\/\/kaani.net\/#\/schema\/logo\/image\/\",\"url\":\"https:\/\/kaani.net\/wp-content\/uploads\/2017\/09\/cropped-123_kaani_logoS-2-1.jpg\",\"contentUrl\":\"https:\/\/kaani.net\/wp-content\/uploads\/2017\/09\/cropped-123_kaani_logoS-2-1.jpg\",\"width\":184,\"height\":80,\"caption\":\"Kaani\"},\"image\":{\"@id\":\"https:\/\/kaani.net\/#\/schema\/logo\/image\/\"}}]}<\/script>\n<!-- \/ Yoast SEO plugin. -->","yoast_head_json":{"title":"Jazz-Grand tuoli - Kaani","description":"Klassikko tuoli joka on ollut tuotannossa jo vuodesta 2002 l\u00e4htien. Jazz Grand tuoli on erinoimainen tuoli istumaergonimaltaan. Valitse alkuper\u00e4inen!","robots":{"index":"index","follow":"follow","max-snippet":"max-snippet:-1","max-image-preview":"max-image-preview:large","max-video-preview":"max-video-preview:-1"},"canonical":"https:\/\/kaani.net\/en\/tuotteet\/jazz-tuoteperhe\/jazz-grand-tuoli\/","og_locale":"en_US","og_type":"article","og_title":"Jazz-Grand tuoli - Kaani","og_description":"Klassikko tuoli joka on ollut tuotannossa jo vuodesta 2002 l\u00e4htien. Jazz Grand tuoli on erinoimainen tuoli istumaergonimaltaan. Valitse alkuper\u00e4inen!","og_url":"https:\/\/kaani.net\/en\/tuotteet\/jazz-tuoteperhe\/jazz-grand-tuoli\/","og_site_name":"Kaani","article_modified_time":"2025-11-12T12:30:07+00:00","og_image":[{"width":500,"height":500,"url":"https:\/\/kaani.net\/wp-content\/uploads\/2018\/08\/Jazz_Grand_ter\u00e4sjalat_N5C9639_500-1.jpg","type":"image\/jpeg"}],"twitter_misc":{"Est. reading time":"1 minute"},"schema":{"@context":"https:\/\/schema.org","@graph":[{"@type":"WebPage","@id":"https:\/\/kaani.net\/tuotteet\/jazz-tuoteperhe\/jazz-grand-tuoli\/","url":"https:\/\/kaani.net\/tuotteet\/jazz-tuoteperhe\/jazz-grand-tuoli\/","name":"Jazz-Grand tuoli - Kaani","isPartOf":{"@id":"https:\/\/kaani.net\/#website"},"primaryImageOfPage":{"@id":"https:\/\/kaani.net\/tuotteet\/jazz-tuoteperhe\/jazz-grand-tuoli\/#primaryimage"},"image":{"@id":"https:\/\/kaani.net\/tuotteet\/jazz-tuoteperhe\/jazz-grand-tuoli\/#primaryimage"},"thumbnailUrl":"https:\/\/kaani.net\/wp-content\/uploads\/2018\/08\/Jazz_Grand_ter\u00e4sjalat_N5C9639_500-1.jpg","datePublished":"2015-03-24T07:41:17+00:00","dateModified":"2025-11-12T12:30:07+00:00","description":"Klassikko tuoli joka on ollut tuotannossa jo vuodesta 2002 l\u00e4htien. Jazz Grand tuoli on erinoimainen tuoli istumaergonimaltaan. Valitse alkuper\u00e4inen!","breadcrumb":{"@id":"https:\/\/kaani.net\/tuotteet\/jazz-tuoteperhe\/jazz-grand-tuoli\/#breadcrumb"},"inLanguage":"en-US","potentialAction":[{"@type":"ReadAction","target":["https:\/\/kaani.net\/tuotteet\/jazz-tuoteperhe\/jazz-grand-tuoli\/"]}]},{"@type":"ImageObject","inLanguage":"en-US","@id":"https:\/\/kaani.net\/tuotteet\/jazz-tuoteperhe\/jazz-grand-tuoli\/#primaryimage","url":"https:\/\/kaani.net\/wp-content\/uploads\/2018\/08\/Jazz_Grand_ter\u00e4sjalat_N5C9639_500-1.jpg","contentUrl":"https:\/\/kaani.net\/wp-content\/uploads\/2018\/08\/Jazz_Grand_ter\u00e4sjalat_N5C9639_500-1.jpg","width":500,"height":500,"caption":"Jazz-Grand tarjouskankaalla ja ter\u00e4sjaloilla outlet-hinta 349\u20ac (499\u20ac)."},{"@type":"BreadcrumbList","@id":"https:\/\/kaani.net\/tuotteet\/jazz-tuoteperhe\/jazz-grand-tuoli\/#breadcrumb","itemListElement":[{"@type":"ListItem","position":1,"name":"Etusivu","item":"https:\/\/kaani.net\/"},{"@type":"ListItem","position":2,"name":"Tuotteet","item":"https:\/\/kaani.net\/tuotteet\/"},{"@type":"ListItem","position":3,"name":"Jazz-Grand tuoli"}]},{"@type":"WebSite","@id":"https:\/\/kaani.net\/#website","url":"https:\/\/kaani.net\/","name":"Kaani","description":"See the future!","publisher":{"@id":"https:\/\/kaani.net\/#organization"},"potentialAction":[{"@type":"SearchAction","target":{"@type":"EntryPoint","urlTemplate":"https:\/\/kaani.net\/?s={search_term_string}"},"query-input":{"@type":"PropertyValueSpecification","valueRequired":true,"valueName":"search_term_string"}}],"inLanguage":"en-US"},{"@type":"Organization","@id":"https:\/\/kaani.net\/#organization","name":"Kaani","url":"https:\/\/kaani.net\/","logo":{"@type":"ImageObject","inLanguage":"en-US","@id":"https:\/\/kaani.net\/#\/schema\/logo\/image\/","url":"https:\/\/kaani.net\/wp-content\/uploads\/2017\/09\/cropped-123_kaani_logoS-2-1.jpg","contentUrl":"https:\/\/kaani.net\/wp-content\/uploads\/2017\/09\/cropped-123_kaani_logoS-2-1.jpg","width":184,"height":80,"caption":"Kaani"},"image":{"@id":"https:\/\/kaani.net\/#\/schema\/logo\/image\/"}}]}},"_links":{"self":[{"href":"https:\/\/kaani.net\/en\/wp-json\/wp\/v2\/product\/1200","targetHints":{"allow":["GET"]}}],"collection":[{"href":"https:\/\/kaani.net\/en\/wp-json\/wp\/v2\/product"}],"about":[{"href":"https:\/\/kaani.net\/en\/wp-json\/wp\/v2\/types\/product"}],"wp:featuredmedia":[{"embeddable":true,"href":"https:\/\/kaani.net\/en\/wp-json\/wp\/v2\/media\/3719"}],"wp:attachment":[{"href":"https:\/\/kaani.net\/en\/wp-json\/wp\/v2\/media?parent=1200"}],"wp:term":[{"taxonomy":"product_brand","embeddable":true,"href":"https:\/\/kaani.net\/en\/wp-json\/wp\/v2\/product_brand?post=1200"},{"taxonomy":"product_cat","embeddable":true,"href":"https:\/\/kaani.net\/en\/wp-json\/wp\/v2\/product_cat?post=1200"},{"taxonomy":"product_tag","embeddable":true,"href":"https:\/\/kaani.net\/en\/wp-json\/wp\/v2\/product_tag?post=1200"}],"curies":[{"name":"wp","href":"https:\/\/api.w.org\/{rel}","templated":true}]}}