{"id":125,"date":"2013-05-23T12:25:22","date_gmt":"2013-05-23T09:25:22","guid":{"rendered":"http:\/\/www.kaani.net\/?post_type=product&#038;p=125"},"modified":"2026-01-15T15:39:26","modified_gmt":"2026-01-15T13:39:26","slug":"divan-sohva-ja-lepotuoli","status":"publish","type":"product","link":"https:\/\/kaani.net\/en\/tuotteet\/divan-tuoteperhe\/divan-sohva-ja-lepotuoli\/","title":{"rendered":"diVAN sohva"},"content":{"rendered":"<div class=\"vc_row wpb_row vc_row-fluid\"><div class=\"wpb_column vc_column_container vc_col-sm-12\"><div class=\"vc_column-inner\"><div class=\"wpb_wrapper\">\n\t<div class=\"wpb_text_column wpb_content_element\" >\n\t\t<div class=\"wpb_wrapper\">\n\t\t\t<p>diVAN tuoteperheeseen kuuluvat <strong>diVAN vasen<\/strong> ja &#8211; <strong>oikea<\/strong>, <strong>sohva 170cm<\/strong>,<strong> kulma<\/strong>, <strong>easy chair<\/strong> ja <strong>footstool<\/strong>\u00a065cm tai 90cm.<\/p>\n<p>Eri osista voi koota suuremmankin kokonaisuuden. Kulmapalan ja rivikytkent\u00e4helojen avulla diVAN:sta saa kauniin kulmasohvan divaanip\u00e4\u00e4dyll\u00e4 tai k\u00e4sinojilla. diVAN:n kevyen muhkea muotoilu antaa istujalleen miellytt\u00e4v\u00e4n tuen ja rahi lis\u00e4\u00e4 istumamukavuutta entisest\u00e4\u00e4n.<\/p>\n\n\t\t<\/div>\n\t<\/div>\n<\/div><\/div><\/div><\/div>","protected":false},"excerpt":{"rendered":"<p><strong>diVAN<\/strong> sohva ja lepotuoli soveltuvat niin koti- kuin julkitilak\u00e4ytt\u00f6\u00f6nkin. Mehukkailla v\u00e4reill\u00e4 luot tehokkaan ilmeen ja pirist\u00e4t esim. odotustilan houkuttelevaksi.<br \/>\nEri osista voi koota suuremmankin kokonaisuuden. Kulmapalan ja rivikytkent\u00e4helojen avulla diVAN:sta saa kauniin kulmasohvan divaanip\u00e4\u00e4dyll\u00e4 tai k\u00e4sinojilla. diVAN:n kevyen muhkea muotoilu antaa istujalleen miellytt\u00e4v\u00e4n tuen ja rahi lis\u00e4\u00e4 istumamukavuutta entisest\u00e4\u00e4n.<\/p>\n<p>diVAN:n saa joko puu tai ter\u00e4sjaloilla. Verhoiluv\u00e4ri- ja materiaalivaihtoehtoja on useita. Tuoteita valmistetaan my\u00f6s eripituuksilla.<\/p>\n<p>Olethan yhteydess\u00e4 meihin joko puhelimitse <strong>044 906 4050<\/strong> tai s\u00e4hk\u00f6postilla <strong>info@kaani.net<\/strong> t\u00e4t\u00e4 tuotetta tilatessa.<\/p>\n<p>&nbsp;<\/p>\n<p><strong><a href=\"https:\/\/kaani.net\/en\/materiaalit\/\">Materiaalit t\u00e4st\u00e4<\/a><\/strong><\/p>\n<p>Materiaali- ja v\u00e4rivaihtoehtoja Kaanilla on lukematon m\u00e4\u00e4r\u00e4. Siksi l\u00e4het\u00e4 tilauksesi yhteydess\u00e4 meille s\u00e4hk\u00f6postiin seuraavat tiedot:<\/p>\n<p><em>Ter\u00e4sosien v\u00e4ri \/ Kankaan nimi ja v\u00e4ri \/ <\/em><em>Puuosien materiaali (koivu \/ tammi \/ maalattu) ja pintak\u00e4sittely.<\/em><\/p>\n<p>&nbsp;<\/p>\n<p>&nbsp;<\/p>","protected":false},"featured_media":15161,"template":"","meta":{"om_disable_all_campaigns":false,"_monsterinsights_skip_tracking":false,"_monsterinsights_sitenote_active":false,"_monsterinsights_sitenote_note":"","_monsterinsights_sitenote_category":0,"_uf_show_specific_survey":0,"_uf_disable_surveys":false},"product_brand":[],"product_cat":[723,35],"product_tag":[905,822,212,887,756,823],"class_list":{"0":"post-125","1":"product","2":"type-product","3":"status-publish","4":"has-post-thumbnail","6":"product_cat-lepotuolit-ja-sohvat","7":"product_cat-divan-tuoteperhe","8":"product_tag-design-sohva","9":"product_tag-divan","10":"product_tag-kaani","11":"product_tag-kotimainen-sohva","12":"product_tag-sohva","13":"product_tag-sohva-ja-lepotuoli","15":"first","16":"instock","17":"taxable","18":"shipping-taxable","19":"product-type-simple"},"yoast_head":"<!-- This site is optimized with the Yoast SEO plugin v26.7 - https:\/\/yoast.com\/wordpress\/plugins\/seo\/ -->\n<title>diVAN sohva - Kaani<\/title>\n<meta name=\"description\" content=\"diVAN:n aistikas selk\u00e4noja antaa istujalleen miellytt\u00e4v\u00e4n tuen, ja mukavuus onkin erinomainen. diVAN soveltuu hyvin sek\u00e4 koteihin ett\u00e4 julkisiin tiloihin.\" \/>\n<meta name=\"robots\" content=\"index, follow, max-snippet:-1, max-image-preview:large, max-video-preview:-1\" \/>\n<link rel=\"canonical\" href=\"https:\/\/kaani.net\/en\/tuotteet\/divan-tuoteperhe\/divan-sohva-ja-lepotuoli\/\" \/>\n<meta property=\"og:locale\" content=\"en_US\" \/>\n<meta property=\"og:type\" content=\"article\" \/>\n<meta property=\"og:title\" content=\"diVAN sohva - Kaani\" \/>\n<meta property=\"og:description\" content=\"diVAN:n aistikas selk\u00e4noja antaa istujalleen miellytt\u00e4v\u00e4n tuen, ja mukavuus onkin erinomainen. diVAN soveltuu hyvin sek\u00e4 koteihin ett\u00e4 julkisiin tiloihin.\" \/>\n<meta property=\"og:url\" content=\"https:\/\/kaani.net\/en\/tuotteet\/divan-tuoteperhe\/divan-sohva-ja-lepotuoli\/\" \/>\n<meta property=\"og:site_name\" content=\"Kaani\" \/>\n<meta property=\"article:modified_time\" content=\"2026-01-15T13:39:26+00:00\" \/>\n<meta property=\"og:image\" content=\"https:\/\/kaani.net\/wp-content\/uploads\/2013\/05\/diVAN.png\" \/>\n\t<meta property=\"og:image:width\" content=\"1024\" \/>\n\t<meta property=\"og:image:height\" content=\"1024\" \/>\n\t<meta property=\"og:image:type\" content=\"image\/png\" \/>\n<meta name=\"twitter:label1\" content=\"Est. reading time\" \/>\n\t<meta name=\"twitter:data1\" content=\"1 minute\" \/>\n<script type=\"application\/ld+json\" class=\"yoast-schema-graph\">{\"@context\":\"https:\/\/schema.org\",\"@graph\":[{\"@type\":\"WebPage\",\"@id\":\"https:\/\/kaani.net\/tuotteet\/divan-tuoteperhe\/divan-sohva-ja-lepotuoli\/\",\"url\":\"https:\/\/kaani.net\/tuotteet\/divan-tuoteperhe\/divan-sohva-ja-lepotuoli\/\",\"name\":\"diVAN sohva - Kaani\",\"isPartOf\":{\"@id\":\"https:\/\/kaani.net\/#website\"},\"primaryImageOfPage\":{\"@id\":\"https:\/\/kaani.net\/tuotteet\/divan-tuoteperhe\/divan-sohva-ja-lepotuoli\/#primaryimage\"},\"image\":{\"@id\":\"https:\/\/kaani.net\/tuotteet\/divan-tuoteperhe\/divan-sohva-ja-lepotuoli\/#primaryimage\"},\"thumbnailUrl\":\"https:\/\/kaani.net\/wp-content\/uploads\/2013\/05\/diVAN.png\",\"datePublished\":\"2013-05-23T09:25:22+00:00\",\"dateModified\":\"2026-01-15T13:39:26+00:00\",\"description\":\"diVAN:n aistikas selk\u00e4noja antaa istujalleen miellytt\u00e4v\u00e4n tuen, ja mukavuus onkin erinomainen. diVAN soveltuu hyvin sek\u00e4 koteihin ett\u00e4 julkisiin tiloihin.\",\"breadcrumb\":{\"@id\":\"https:\/\/kaani.net\/tuotteet\/divan-tuoteperhe\/divan-sohva-ja-lepotuoli\/#breadcrumb\"},\"inLanguage\":\"en-US\",\"potentialAction\":[{\"@type\":\"ReadAction\",\"target\":[\"https:\/\/kaani.net\/tuotteet\/divan-tuoteperhe\/divan-sohva-ja-lepotuoli\/\"]}]},{\"@type\":\"ImageObject\",\"inLanguage\":\"en-US\",\"@id\":\"https:\/\/kaani.net\/tuotteet\/divan-tuoteperhe\/divan-sohva-ja-lepotuoli\/#primaryimage\",\"url\":\"https:\/\/kaani.net\/wp-content\/uploads\/2013\/05\/diVAN.png\",\"contentUrl\":\"https:\/\/kaani.net\/wp-content\/uploads\/2013\/05\/diVAN.png\",\"width\":1024,\"height\":1024},{\"@type\":\"BreadcrumbList\",\"@id\":\"https:\/\/kaani.net\/tuotteet\/divan-tuoteperhe\/divan-sohva-ja-lepotuoli\/#breadcrumb\",\"itemListElement\":[{\"@type\":\"ListItem\",\"position\":1,\"name\":\"Etusivu\",\"item\":\"https:\/\/kaani.net\/\"},{\"@type\":\"ListItem\",\"position\":2,\"name\":\"Tuotteet\",\"item\":\"https:\/\/kaani.net\/tuotteet\/\"},{\"@type\":\"ListItem\",\"position\":3,\"name\":\"diVAN sohva\"}]},{\"@type\":\"WebSite\",\"@id\":\"https:\/\/kaani.net\/#website\",\"url\":\"https:\/\/kaani.net\/\",\"name\":\"Kaani\",\"description\":\"See the future!\",\"publisher\":{\"@id\":\"https:\/\/kaani.net\/#organization\"},\"potentialAction\":[{\"@type\":\"SearchAction\",\"target\":{\"@type\":\"EntryPoint\",\"urlTemplate\":\"https:\/\/kaani.net\/?s={search_term_string}\"},\"query-input\":{\"@type\":\"PropertyValueSpecification\",\"valueRequired\":true,\"valueName\":\"search_term_string\"}}],\"inLanguage\":\"en-US\"},{\"@type\":\"Organization\",\"@id\":\"https:\/\/kaani.net\/#organization\",\"name\":\"Kaani\",\"url\":\"https:\/\/kaani.net\/\",\"logo\":{\"@type\":\"ImageObject\",\"inLanguage\":\"en-US\",\"@id\":\"https:\/\/kaani.net\/#\/schema\/logo\/image\/\",\"url\":\"https:\/\/kaani.net\/wp-content\/uploads\/2017\/09\/cropped-123_kaani_logoS-2-1.jpg\",\"contentUrl\":\"https:\/\/kaani.net\/wp-content\/uploads\/2017\/09\/cropped-123_kaani_logoS-2-1.jpg\",\"width\":184,\"height\":80,\"caption\":\"Kaani\"},\"image\":{\"@id\":\"https:\/\/kaani.net\/#\/schema\/logo\/image\/\"}}]}<\/script>\n<!-- \/ Yoast SEO plugin. -->","yoast_head_json":{"title":"diVAN sohva - Kaani","description":"diVAN:n aistikas selk\u00e4noja antaa istujalleen miellytt\u00e4v\u00e4n tuen, ja mukavuus onkin erinomainen. diVAN soveltuu hyvin sek\u00e4 koteihin ett\u00e4 julkisiin tiloihin.","robots":{"index":"index","follow":"follow","max-snippet":"max-snippet:-1","max-image-preview":"max-image-preview:large","max-video-preview":"max-video-preview:-1"},"canonical":"https:\/\/kaani.net\/en\/tuotteet\/divan-tuoteperhe\/divan-sohva-ja-lepotuoli\/","og_locale":"en_US","og_type":"article","og_title":"diVAN sohva - Kaani","og_description":"diVAN:n aistikas selk\u00e4noja antaa istujalleen miellytt\u00e4v\u00e4n tuen, ja mukavuus onkin erinomainen. diVAN soveltuu hyvin sek\u00e4 koteihin ett\u00e4 julkisiin tiloihin.","og_url":"https:\/\/kaani.net\/en\/tuotteet\/divan-tuoteperhe\/divan-sohva-ja-lepotuoli\/","og_site_name":"Kaani","article_modified_time":"2026-01-15T13:39:26+00:00","og_image":[{"width":1024,"height":1024,"url":"https:\/\/kaani.net\/wp-content\/uploads\/2013\/05\/diVAN.png","type":"image\/png"}],"twitter_misc":{"Est. reading time":"1 minute"},"schema":{"@context":"https:\/\/schema.org","@graph":[{"@type":"WebPage","@id":"https:\/\/kaani.net\/tuotteet\/divan-tuoteperhe\/divan-sohva-ja-lepotuoli\/","url":"https:\/\/kaani.net\/tuotteet\/divan-tuoteperhe\/divan-sohva-ja-lepotuoli\/","name":"diVAN sohva - Kaani","isPartOf":{"@id":"https:\/\/kaani.net\/#website"},"primaryImageOfPage":{"@id":"https:\/\/kaani.net\/tuotteet\/divan-tuoteperhe\/divan-sohva-ja-lepotuoli\/#primaryimage"},"image":{"@id":"https:\/\/kaani.net\/tuotteet\/divan-tuoteperhe\/divan-sohva-ja-lepotuoli\/#primaryimage"},"thumbnailUrl":"https:\/\/kaani.net\/wp-content\/uploads\/2013\/05\/diVAN.png","datePublished":"2013-05-23T09:25:22+00:00","dateModified":"2026-01-15T13:39:26+00:00","description":"diVAN:n aistikas selk\u00e4noja antaa istujalleen miellytt\u00e4v\u00e4n tuen, ja mukavuus onkin erinomainen. diVAN soveltuu hyvin sek\u00e4 koteihin ett\u00e4 julkisiin tiloihin.","breadcrumb":{"@id":"https:\/\/kaani.net\/tuotteet\/divan-tuoteperhe\/divan-sohva-ja-lepotuoli\/#breadcrumb"},"inLanguage":"en-US","potentialAction":[{"@type":"ReadAction","target":["https:\/\/kaani.net\/tuotteet\/divan-tuoteperhe\/divan-sohva-ja-lepotuoli\/"]}]},{"@type":"ImageObject","inLanguage":"en-US","@id":"https:\/\/kaani.net\/tuotteet\/divan-tuoteperhe\/divan-sohva-ja-lepotuoli\/#primaryimage","url":"https:\/\/kaani.net\/wp-content\/uploads\/2013\/05\/diVAN.png","contentUrl":"https:\/\/kaani.net\/wp-content\/uploads\/2013\/05\/diVAN.png","width":1024,"height":1024},{"@type":"BreadcrumbList","@id":"https:\/\/kaani.net\/tuotteet\/divan-tuoteperhe\/divan-sohva-ja-lepotuoli\/#breadcrumb","itemListElement":[{"@type":"ListItem","position":1,"name":"Etusivu","item":"https:\/\/kaani.net\/"},{"@type":"ListItem","position":2,"name":"Tuotteet","item":"https:\/\/kaani.net\/tuotteet\/"},{"@type":"ListItem","position":3,"name":"diVAN sohva"}]},{"@type":"WebSite","@id":"https:\/\/kaani.net\/#website","url":"https:\/\/kaani.net\/","name":"Kaani","description":"See the future!","publisher":{"@id":"https:\/\/kaani.net\/#organization"},"potentialAction":[{"@type":"SearchAction","target":{"@type":"EntryPoint","urlTemplate":"https:\/\/kaani.net\/?s={search_term_string}"},"query-input":{"@type":"PropertyValueSpecification","valueRequired":true,"valueName":"search_term_string"}}],"inLanguage":"en-US"},{"@type":"Organization","@id":"https:\/\/kaani.net\/#organization","name":"Kaani","url":"https:\/\/kaani.net\/","logo":{"@type":"ImageObject","inLanguage":"en-US","@id":"https:\/\/kaani.net\/#\/schema\/logo\/image\/","url":"https:\/\/kaani.net\/wp-content\/uploads\/2017\/09\/cropped-123_kaani_logoS-2-1.jpg","contentUrl":"https:\/\/kaani.net\/wp-content\/uploads\/2017\/09\/cropped-123_kaani_logoS-2-1.jpg","width":184,"height":80,"caption":"Kaani"},"image":{"@id":"https:\/\/kaani.net\/#\/schema\/logo\/image\/"}}]}},"_links":{"self":[{"href":"https:\/\/kaani.net\/en\/wp-json\/wp\/v2\/product\/125","targetHints":{"allow":["GET"]}}],"collection":[{"href":"https:\/\/kaani.net\/en\/wp-json\/wp\/v2\/product"}],"about":[{"href":"https:\/\/kaani.net\/en\/wp-json\/wp\/v2\/types\/product"}],"wp:featuredmedia":[{"embeddable":true,"href":"https:\/\/kaani.net\/en\/wp-json\/wp\/v2\/media\/15161"}],"wp:attachment":[{"href":"https:\/\/kaani.net\/en\/wp-json\/wp\/v2\/media?parent=125"}],"wp:term":[{"taxonomy":"product_brand","embeddable":true,"href":"https:\/\/kaani.net\/en\/wp-json\/wp\/v2\/product_brand?post=125"},{"taxonomy":"product_cat","embeddable":true,"href":"https:\/\/kaani.net\/en\/wp-json\/wp\/v2\/product_cat?post=125"},{"taxonomy":"product_tag","embeddable":true,"href":"https:\/\/kaani.net\/en\/wp-json\/wp\/v2\/product_tag?post=125"}],"curies":[{"name":"wp","href":"https:\/\/api.w.org\/{rel}","templated":true}]}}