{"id":12564,"date":"2024-11-19T21:35:24","date_gmt":"2024-11-19T19:35:24","guid":{"rendered":"https:\/\/kaani.net\/?post_type=product&#038;p=12564"},"modified":"2026-04-23T12:29:47","modified_gmt":"2026-04-23T09:29:47","slug":"divan-lepotuoli-puujaloilla","status":"publish","type":"product","link":"https:\/\/kaani.net\/en\/tuotteet\/divan-tuoteperhe\/divan-lepotuoli-puujaloilla\/","title":{"rendered":"diVAN easy- chair"},"content":{"rendered":"<div class=\"vc_row wpb_row vc_row-fluid\"><div class=\"wpb_column vc_column_container vc_col-sm-12\"><div class=\"vc_column-inner\"><div class=\"wpb_wrapper\">\n\t<div class=\"wpb_text_column wpb_content_element\" >\n\t\t<div class=\"wpb_wrapper\">\n\t\t\t<p>Rentoudu ihanan aistikkaassa ja mukavassa diVAN lepotuolissa. Mehukkaalla v\u00e4rill\u00e4 teet olohuoneesi pirte\u00e4ksi. Omailmeinen ja moderni diVAN juuri sinun!<\/p>\n<p>diVAN tuoteperheeseen kuuluvat <strong>diVAN vasen<\/strong> ja \u2013 <strong>oikea<\/strong>,<strong> sohva 170cm<\/strong>, <strong>kulma<\/strong>, <strong>easy chair<\/strong> ja <strong>footstool<\/strong> 65cm tai 90cm.<\/p>\n\n\t\t<\/div>\n\t<\/div>\n<\/div><\/div><\/div><\/div>","protected":false},"excerpt":{"rendered":"<p><strong>diVAN easy- chair<\/strong><\/p>\n<p>diVAN:n aistikas selk\u00e4noja antaa istujalleen miellytt\u00e4v\u00e4n tuen, ja mukavuus onkin erinomainen. Mehukkailla v\u00e4reill\u00e4 luot tehokkaan ilmeen ja pirist\u00e4t koko huoneen houkuttelevaksi. Moderni, persoonallinen ja hyvin kutsuva lepotuoli kotiisi!<\/p>\n<p>diVAN soveltuu hyvin sek\u00e4 koteihin ett\u00e4 julkisiin tiloihin.<\/p>\n<p>Mitat: leveys 92cm \/syvyys 79cm \/ 42cm istuinkorkeus \/ 70cm kokonaiskorkeus \/ 12cm\u00a0 jalan korkeus<\/p>\n<p>&nbsp;<\/p>\n<p><span class=\"x193iq5w xeuugli x13faqbe x1vvkbs x1xmvt09 x1lliihq x1s928wv xhkezso x1gmr53x x1cpjm7i x1fgarty x1943h6x xudqn12 x3x7a5m x6prxxf xvq8zen xo1l8bm xzsf02u\" dir=\"auto\">Muistathan my\u00f6s mahdollisuuden tilata tuotteet erikoismitoilla ja -materiaaleilla.<\/span><\/p>\n<p><strong><a href=\"https:\/\/kaani.net\/en\/materiaalit\/\">Materiaalit t\u00e4st\u00e4<\/a><\/strong><\/p>\n<p>Materiaali- ja v\u00e4rivaihtoehtoja Kaanilla on lukematon m\u00e4\u00e4r\u00e4. Siksi l\u00e4het\u00e4 tilauksesi yhteydess\u00e4 meille s\u00e4hk\u00f6postiin (info@kaani.net) seuraavat tiedot:\u00a0<em>Ter\u00e4sosien v\u00e4ri \/ <\/em><em>Kankaan nimi ja v\u00e4ri \/ <\/em><em>Puuosien materiaali (koivu \/ tammi \/ maalattu) ja pintak\u00e4sittely.<\/em><\/p>\n<p>&nbsp;<\/p>\n<p>&nbsp;<\/p>\n<p>&nbsp;<\/p>","protected":false},"featured_media":15452,"template":"","meta":{"om_disable_all_campaigns":false,"_monsterinsights_skip_tracking":false,"_monsterinsights_sitenote_active":false,"_monsterinsights_sitenote_note":"","_monsterinsights_sitenote_category":0,"_uf_show_specific_survey":0,"_uf_disable_surveys":false},"product_brand":[],"product_cat":[723,35],"product_tag":[787,822,212,111,244,823],"class_list":{"0":"post-12564","1":"product","2":"type-product","3":"status-publish","4":"has-post-thumbnail","6":"product_cat-lepotuolit-ja-sohvat","7":"product_cat-divan-tuoteperhe","8":"product_tag-design-lepotuoli","9":"product_tag-divan","10":"product_tag-kaani","11":"product_tag-lepotuoli","12":"product_tag-nojatuoli","13":"product_tag-sohva-ja-lepotuoli","15":"first","16":"instock","17":"taxable","18":"shipping-taxable","19":"purchasable","20":"product-type-variable","21":"has-default-attributes"},"yoast_head":"<!-- This site is optimized with the Yoast SEO plugin v26.7 - https:\/\/yoast.com\/wordpress\/plugins\/seo\/ -->\n<title>diVAN lepotuoli - Kaani<\/title>\n<meta name=\"description\" content=\"Rentoudu ihanan aistikkaassa ja mukavassa diVAN lepotuolissa. Mehukkaalla v\u00e4rill\u00e4 teet olohuoneesi pirte\u00e4ksi. Omailmeinen ja moderni diVAN juuri sinun!\" \/>\n<meta name=\"robots\" content=\"index, follow, max-snippet:-1, max-image-preview:large, max-video-preview:-1\" \/>\n<link rel=\"canonical\" href=\"https:\/\/kaani.net\/en\/tuotteet\/divan-tuoteperhe\/divan-lepotuoli-puujaloilla\/\" \/>\n<meta property=\"og:locale\" content=\"en_US\" \/>\n<meta property=\"og:type\" content=\"article\" \/>\n<meta property=\"og:title\" content=\"diVAN lepotuoli - Kaani\" \/>\n<meta property=\"og:description\" content=\"Rentoudu ihanan aistikkaassa ja mukavassa diVAN lepotuolissa. Mehukkaalla v\u00e4rill\u00e4 teet olohuoneesi pirte\u00e4ksi. Omailmeinen ja moderni diVAN juuri sinun!\" \/>\n<meta property=\"og:url\" content=\"https:\/\/kaani.net\/en\/tuotteet\/divan-tuoteperhe\/divan-lepotuoli-puujaloilla\/\" \/>\n<meta property=\"og:site_name\" content=\"Kaani\" \/>\n<meta property=\"article:modified_time\" content=\"2026-04-23T09:29:47+00:00\" \/>\n<meta property=\"og:image\" content=\"https:\/\/kaani.net\/wp-content\/uploads\/2024\/11\/diVAN-lepotuoli.png\" \/>\n\t<meta property=\"og:image:width\" content=\"1024\" \/>\n\t<meta property=\"og:image:height\" content=\"1024\" \/>\n\t<meta property=\"og:image:type\" content=\"image\/png\" \/>\n<meta name=\"twitter:label1\" content=\"Est. reading time\" \/>\n\t<meta name=\"twitter:data1\" content=\"1 minute\" \/>\n<script type=\"application\/ld+json\" class=\"yoast-schema-graph\">{\"@context\":\"https:\/\/schema.org\",\"@graph\":[{\"@type\":\"WebPage\",\"@id\":\"https:\/\/kaani.net\/tuotteet\/divan-tuoteperhe\/divan-lepotuoli-puujaloilla\/\",\"url\":\"https:\/\/kaani.net\/tuotteet\/divan-tuoteperhe\/divan-lepotuoli-puujaloilla\/\",\"name\":\"diVAN lepotuoli - Kaani\",\"isPartOf\":{\"@id\":\"https:\/\/kaani.net\/#website\"},\"primaryImageOfPage\":{\"@id\":\"https:\/\/kaani.net\/tuotteet\/divan-tuoteperhe\/divan-lepotuoli-puujaloilla\/#primaryimage\"},\"image\":{\"@id\":\"https:\/\/kaani.net\/tuotteet\/divan-tuoteperhe\/divan-lepotuoli-puujaloilla\/#primaryimage\"},\"thumbnailUrl\":\"https:\/\/kaani.net\/wp-content\/uploads\/2024\/11\/diVAN-lepotuoli.png\",\"datePublished\":\"2024-11-19T19:35:24+00:00\",\"dateModified\":\"2026-04-23T09:29:47+00:00\",\"description\":\"Rentoudu ihanan aistikkaassa ja mukavassa diVAN lepotuolissa. Mehukkaalla v\u00e4rill\u00e4 teet olohuoneesi pirte\u00e4ksi. Omailmeinen ja moderni diVAN juuri sinun!\",\"breadcrumb\":{\"@id\":\"https:\/\/kaani.net\/tuotteet\/divan-tuoteperhe\/divan-lepotuoli-puujaloilla\/#breadcrumb\"},\"inLanguage\":\"en-US\",\"potentialAction\":[{\"@type\":\"ReadAction\",\"target\":[\"https:\/\/kaani.net\/tuotteet\/divan-tuoteperhe\/divan-lepotuoli-puujaloilla\/\"]}]},{\"@type\":\"ImageObject\",\"inLanguage\":\"en-US\",\"@id\":\"https:\/\/kaani.net\/tuotteet\/divan-tuoteperhe\/divan-lepotuoli-puujaloilla\/#primaryimage\",\"url\":\"https:\/\/kaani.net\/wp-content\/uploads\/2024\/11\/diVAN-lepotuoli.png\",\"contentUrl\":\"https:\/\/kaani.net\/wp-content\/uploads\/2024\/11\/diVAN-lepotuoli.png\",\"width\":1024,\"height\":1024,\"caption\":\"diVAN lepotuoli keltaisella kankaalla.\"},{\"@type\":\"BreadcrumbList\",\"@id\":\"https:\/\/kaani.net\/tuotteet\/divan-tuoteperhe\/divan-lepotuoli-puujaloilla\/#breadcrumb\",\"itemListElement\":[{\"@type\":\"ListItem\",\"position\":1,\"name\":\"Etusivu\",\"item\":\"https:\/\/kaani.net\/\"},{\"@type\":\"ListItem\",\"position\":2,\"name\":\"Tuotteet\",\"item\":\"https:\/\/kaani.net\/tuotteet\/\"},{\"@type\":\"ListItem\",\"position\":3,\"name\":\"diVAN lepotuoli\"}]},{\"@type\":\"WebSite\",\"@id\":\"https:\/\/kaani.net\/#website\",\"url\":\"https:\/\/kaani.net\/\",\"name\":\"Kaani\",\"description\":\"See the future!\",\"publisher\":{\"@id\":\"https:\/\/kaani.net\/#organization\"},\"potentialAction\":[{\"@type\":\"SearchAction\",\"target\":{\"@type\":\"EntryPoint\",\"urlTemplate\":\"https:\/\/kaani.net\/?s={search_term_string}\"},\"query-input\":{\"@type\":\"PropertyValueSpecification\",\"valueRequired\":true,\"valueName\":\"search_term_string\"}}],\"inLanguage\":\"en-US\"},{\"@type\":\"Organization\",\"@id\":\"https:\/\/kaani.net\/#organization\",\"name\":\"Kaani\",\"url\":\"https:\/\/kaani.net\/\",\"logo\":{\"@type\":\"ImageObject\",\"inLanguage\":\"en-US\",\"@id\":\"https:\/\/kaani.net\/#\/schema\/logo\/image\/\",\"url\":\"https:\/\/kaani.net\/wp-content\/uploads\/2017\/09\/cropped-123_kaani_logoS-2-1.jpg\",\"contentUrl\":\"https:\/\/kaani.net\/wp-content\/uploads\/2017\/09\/cropped-123_kaani_logoS-2-1.jpg\",\"width\":184,\"height\":80,\"caption\":\"Kaani\"},\"image\":{\"@id\":\"https:\/\/kaani.net\/#\/schema\/logo\/image\/\"}}]}<\/script>\n<!-- \/ Yoast SEO plugin. -->","yoast_head_json":{"title":"diVAN lepotuoli - Kaani","description":"Rentoudu ihanan aistikkaassa ja mukavassa diVAN lepotuolissa. Mehukkaalla v\u00e4rill\u00e4 teet olohuoneesi pirte\u00e4ksi. Omailmeinen ja moderni diVAN juuri sinun!","robots":{"index":"index","follow":"follow","max-snippet":"max-snippet:-1","max-image-preview":"max-image-preview:large","max-video-preview":"max-video-preview:-1"},"canonical":"https:\/\/kaani.net\/en\/tuotteet\/divan-tuoteperhe\/divan-lepotuoli-puujaloilla\/","og_locale":"en_US","og_type":"article","og_title":"diVAN lepotuoli - Kaani","og_description":"Rentoudu ihanan aistikkaassa ja mukavassa diVAN lepotuolissa. Mehukkaalla v\u00e4rill\u00e4 teet olohuoneesi pirte\u00e4ksi. Omailmeinen ja moderni diVAN juuri sinun!","og_url":"https:\/\/kaani.net\/en\/tuotteet\/divan-tuoteperhe\/divan-lepotuoli-puujaloilla\/","og_site_name":"Kaani","article_modified_time":"2026-04-23T09:29:47+00:00","og_image":[{"width":1024,"height":1024,"url":"https:\/\/kaani.net\/wp-content\/uploads\/2024\/11\/diVAN-lepotuoli.png","type":"image\/png"}],"twitter_misc":{"Est. reading time":"1 minute"},"schema":{"@context":"https:\/\/schema.org","@graph":[{"@type":"WebPage","@id":"https:\/\/kaani.net\/tuotteet\/divan-tuoteperhe\/divan-lepotuoli-puujaloilla\/","url":"https:\/\/kaani.net\/tuotteet\/divan-tuoteperhe\/divan-lepotuoli-puujaloilla\/","name":"diVAN lepotuoli - Kaani","isPartOf":{"@id":"https:\/\/kaani.net\/#website"},"primaryImageOfPage":{"@id":"https:\/\/kaani.net\/tuotteet\/divan-tuoteperhe\/divan-lepotuoli-puujaloilla\/#primaryimage"},"image":{"@id":"https:\/\/kaani.net\/tuotteet\/divan-tuoteperhe\/divan-lepotuoli-puujaloilla\/#primaryimage"},"thumbnailUrl":"https:\/\/kaani.net\/wp-content\/uploads\/2024\/11\/diVAN-lepotuoli.png","datePublished":"2024-11-19T19:35:24+00:00","dateModified":"2026-04-23T09:29:47+00:00","description":"Rentoudu ihanan aistikkaassa ja mukavassa diVAN lepotuolissa. Mehukkaalla v\u00e4rill\u00e4 teet olohuoneesi pirte\u00e4ksi. Omailmeinen ja moderni diVAN juuri sinun!","breadcrumb":{"@id":"https:\/\/kaani.net\/tuotteet\/divan-tuoteperhe\/divan-lepotuoli-puujaloilla\/#breadcrumb"},"inLanguage":"en-US","potentialAction":[{"@type":"ReadAction","target":["https:\/\/kaani.net\/tuotteet\/divan-tuoteperhe\/divan-lepotuoli-puujaloilla\/"]}]},{"@type":"ImageObject","inLanguage":"en-US","@id":"https:\/\/kaani.net\/tuotteet\/divan-tuoteperhe\/divan-lepotuoli-puujaloilla\/#primaryimage","url":"https:\/\/kaani.net\/wp-content\/uploads\/2024\/11\/diVAN-lepotuoli.png","contentUrl":"https:\/\/kaani.net\/wp-content\/uploads\/2024\/11\/diVAN-lepotuoli.png","width":1024,"height":1024,"caption":"diVAN lepotuoli keltaisella kankaalla."},{"@type":"BreadcrumbList","@id":"https:\/\/kaani.net\/tuotteet\/divan-tuoteperhe\/divan-lepotuoli-puujaloilla\/#breadcrumb","itemListElement":[{"@type":"ListItem","position":1,"name":"Etusivu","item":"https:\/\/kaani.net\/"},{"@type":"ListItem","position":2,"name":"Tuotteet","item":"https:\/\/kaani.net\/tuotteet\/"},{"@type":"ListItem","position":3,"name":"diVAN lepotuoli"}]},{"@type":"WebSite","@id":"https:\/\/kaani.net\/#website","url":"https:\/\/kaani.net\/","name":"Kaani","description":"See the future!","publisher":{"@id":"https:\/\/kaani.net\/#organization"},"potentialAction":[{"@type":"SearchAction","target":{"@type":"EntryPoint","urlTemplate":"https:\/\/kaani.net\/?s={search_term_string}"},"query-input":{"@type":"PropertyValueSpecification","valueRequired":true,"valueName":"search_term_string"}}],"inLanguage":"en-US"},{"@type":"Organization","@id":"https:\/\/kaani.net\/#organization","name":"Kaani","url":"https:\/\/kaani.net\/","logo":{"@type":"ImageObject","inLanguage":"en-US","@id":"https:\/\/kaani.net\/#\/schema\/logo\/image\/","url":"https:\/\/kaani.net\/wp-content\/uploads\/2017\/09\/cropped-123_kaani_logoS-2-1.jpg","contentUrl":"https:\/\/kaani.net\/wp-content\/uploads\/2017\/09\/cropped-123_kaani_logoS-2-1.jpg","width":184,"height":80,"caption":"Kaani"},"image":{"@id":"https:\/\/kaani.net\/#\/schema\/logo\/image\/"}}]}},"_links":{"self":[{"href":"https:\/\/kaani.net\/en\/wp-json\/wp\/v2\/product\/12564","targetHints":{"allow":["GET"]}}],"collection":[{"href":"https:\/\/kaani.net\/en\/wp-json\/wp\/v2\/product"}],"about":[{"href":"https:\/\/kaani.net\/en\/wp-json\/wp\/v2\/types\/product"}],"wp:featuredmedia":[{"embeddable":true,"href":"https:\/\/kaani.net\/en\/wp-json\/wp\/v2\/media\/15452"}],"wp:attachment":[{"href":"https:\/\/kaani.net\/en\/wp-json\/wp\/v2\/media?parent=12564"}],"wp:term":[{"taxonomy":"product_brand","embeddable":true,"href":"https:\/\/kaani.net\/en\/wp-json\/wp\/v2\/product_brand?post=12564"},{"taxonomy":"product_cat","embeddable":true,"href":"https:\/\/kaani.net\/en\/wp-json\/wp\/v2\/product_cat?post=12564"},{"taxonomy":"product_tag","embeddable":true,"href":"https:\/\/kaani.net\/en\/wp-json\/wp\/v2\/product_tag?post=12564"}],"curies":[{"name":"wp","href":"https:\/\/api.w.org\/{rel}","templated":true}]}}