{"id":13441,"date":"2024-12-16T18:55:36","date_gmt":"2024-12-16T16:55:36","guid":{"rendered":"https:\/\/kaani.net\/?post_type=product&#038;p=13441"},"modified":"2026-03-13T14:04:03","modified_gmt":"2026-03-13T12:04:03","slug":"daydream-original-sakkituoli","status":"publish","type":"product","link":"https:\/\/kaani.net\/en\/tuotteet\/daydream\/daydream-original-sakkituoli\/","title":{"rendered":"Daydream Original easy chair"},"content":{"rendered":"<div class=\"vc_row wpb_row vc_row-fluid\"><div class=\"wpb_column vc_column_container vc_col-sm-12\"><div class=\"vc_column-inner\"><div class=\"wpb_wrapper\">\n\t<div class=\"wpb_text_column wpb_content_element\" >\n\t\t<div class=\"wpb_wrapper\">\n\t\t\t<h1>Daydream &#8211; s\u00e4kkituoli<\/h1>\n<p>Daydream-sarjaan kuuluvat Daydream Original (ns. normaali koko), Daydream Happy (ns. pienempi koko) sek\u00e4 Daydream Generation II (uusin Daydream-versio). Kaikista sarjoista on saatavilla rahi ja kulmaosa.<\/p>\n<p>Daydreamist\u00e4 l\u00f6yd\u00e4t parhaan paikan kotona, terassilla tai vaikka neuvotteluhuoneessa. Kotimainen s\u00e4kkituoli kutsuu ottamaan rennosti. Daydream Happy sopii hieman pienemp\u00e4\u00e4nkin tilaan. Siin\u00e4 kelpaa my\u00f6s aikuisen istuskella tai jopa loikoilla!<\/p>\n\n\t\t<\/div>\n\t<\/div>\n<\/div><\/div><\/div><\/div>","protected":false},"excerpt":{"rendered":"<p>The Daydream beanbag chair was born when the designer wanted to create a beanbag chair that offers a really good sitting position.<br \/>\nBy moving the position of the separate backrest, the position can be changed from relaxed lounging to upright sitting.<\/p>\n<p>Yhdist\u00e4 lepotuoleista ja kulmaosista suurempi kokonaisuus! Tutustu s\u00e4kkituolien ihanaan maailmaan.<\/p>\n<p><strong>Mitat: <\/strong>80cm leveys \/ 110cm syvyys \/\u00a0 45cm ist. kork. \/\u00a0 40cm sel\u00e4n korkeus<\/p>\n<p>&nbsp;<\/p>\n<p>Daydream kangas on eritt\u00e4in vahva ja kulutusta kest\u00e4v\u00e4 trevira-puuvilla sekoite.<\/p>\n<p>Turia kankaisissa s\u00e4kkituoleissa on erillinen sis\u00e4pussi pehmusteelle, ja verhoilukangas on konepest\u00e4v\u00e4. Daydream tuotteita on saatavana my\u00f6s Kaanin printtikuosilla.<\/p>\n<p><strong>Daydream colors<\/strong><\/p>\n[gallery columns=\"5\" ids=\"103,105,106,107,110,108,104,111,109,102,14196,14197,14198\"]\n<p><span class=\"x193iq5w xeuugli x13faqbe x1vvkbs x1xmvt09 x1lliihq x1s928wv xhkezso x1gmr53x x1cpjm7i x1fgarty x1943h6x xudqn12 x3x7a5m x6prxxf xvq8zen xo1l8bm xzsf02u\" dir=\"auto\">Muistathan my\u00f6s mahdollisuuden tilata tuotteet erikoismitoilla ja -materiaaleilla.<\/span><\/p>\n<p><strong><a href=\"https:\/\/kaani.net\/en\/materiaalit\/\">Materiaalit t\u00e4st\u00e4<\/a><\/strong><\/p>\n<p><em>Jos mieluista kokoa tai v\u00e4riyhdistelm\u00e4\u00e4 ei l\u00f6ydy verkkokaupasta ole yhteydess\u00e4 meihin joko puhelimitse <strong>044 904 4050<\/strong> tai s\u00e4hk\u00f6postilla <strong>info@kaani.net<\/strong><\/em><\/p>","protected":false},"featured_media":3837,"template":"","meta":{"om_disable_all_campaigns":false,"_monsterinsights_skip_tracking":false,"_monsterinsights_sitenote_active":false,"_monsterinsights_sitenote_note":"","_monsterinsights_sitenote_category":0,"_uf_show_specific_survey":0,"_uf_disable_surveys":false},"product_brand":[],"product_cat":[33],"product_tag":[211,212,792,111,123],"class_list":{"0":"post-13441","1":"product","2":"type-product","3":"status-publish","4":"has-post-thumbnail","6":"product_cat-daydream","7":"product_tag-daydream","8":"product_tag-kaani","9":"product_tag-kotimainen-sakkituoli","10":"product_tag-lepotuoli","11":"product_tag-sakkituoli","13":"first","14":"instock","15":"taxable","16":"shipping-taxable","17":"purchasable","18":"product-type-variable","19":"has-default-attributes"},"yoast_head":"<!-- This site is optimized with the Yoast SEO plugin v26.7 - https:\/\/yoast.com\/wordpress\/plugins\/seo\/ -->\n<title>Daydream Original lepotuoli - Kaani<\/title>\n<meta name=\"description\" content=\"Daydream s\u00e4kkituoli syntyi kun suunnittelija halusi luoda s\u00e4kkituolin, josta l\u00f6ytyy oikeasti hyv\u00e4 istuma-asento. Tutustu s\u00e4kkituolien ihanaan maailmaan.\" \/>\n<meta name=\"robots\" content=\"index, follow, max-snippet:-1, max-image-preview:large, max-video-preview:-1\" \/>\n<link rel=\"canonical\" href=\"https:\/\/kaani.net\/en\/tuotteet\/daydream\/daydream-original-sakkituoli\/\" \/>\n<meta property=\"og:locale\" content=\"en_US\" \/>\n<meta property=\"og:type\" content=\"article\" \/>\n<meta property=\"og:title\" content=\"Daydream Original lepotuoli - Kaani\" \/>\n<meta property=\"og:description\" content=\"Daydream s\u00e4kkituoli syntyi kun suunnittelija halusi luoda s\u00e4kkituolin, josta l\u00f6ytyy oikeasti hyv\u00e4 istuma-asento. Tutustu s\u00e4kkituolien ihanaan maailmaan.\" \/>\n<meta property=\"og:url\" content=\"https:\/\/kaani.net\/en\/tuotteet\/daydream\/daydream-original-sakkituoli\/\" \/>\n<meta property=\"og:site_name\" content=\"Kaani\" \/>\n<meta property=\"article:modified_time\" content=\"2026-03-13T12:04:03+00:00\" \/>\n<meta property=\"og:image\" content=\"https:\/\/kaani.net\/wp-content\/uploads\/2018\/09\/DDHappy_Lila_O9A8562_1000.jpg\" \/>\n\t<meta property=\"og:image:width\" content=\"1000\" \/>\n\t<meta property=\"og:image:height\" content=\"1000\" \/>\n\t<meta property=\"og:image:type\" content=\"image\/jpeg\" \/>\n<meta name=\"twitter:label1\" content=\"Est. reading time\" \/>\n\t<meta name=\"twitter:data1\" content=\"1 minute\" \/>\n<script type=\"application\/ld+json\" class=\"yoast-schema-graph\">{\"@context\":\"https:\/\/schema.org\",\"@graph\":[{\"@type\":\"WebPage\",\"@id\":\"https:\/\/kaani.net\/tuotteet\/daydream\/daydream-original-sakkituoli\/\",\"url\":\"https:\/\/kaani.net\/tuotteet\/daydream\/daydream-original-sakkituoli\/\",\"name\":\"Daydream Original lepotuoli - Kaani\",\"isPartOf\":{\"@id\":\"https:\/\/kaani.net\/#website\"},\"primaryImageOfPage\":{\"@id\":\"https:\/\/kaani.net\/tuotteet\/daydream\/daydream-original-sakkituoli\/#primaryimage\"},\"image\":{\"@id\":\"https:\/\/kaani.net\/tuotteet\/daydream\/daydream-original-sakkituoli\/#primaryimage\"},\"thumbnailUrl\":\"https:\/\/kaani.net\/wp-content\/uploads\/2018\/09\/DDHappy_Lila_O9A8562_1000.jpg\",\"datePublished\":\"2024-12-16T16:55:36+00:00\",\"dateModified\":\"2026-03-13T12:04:03+00:00\",\"description\":\"Daydream s\u00e4kkituoli syntyi kun suunnittelija halusi luoda s\u00e4kkituolin, josta l\u00f6ytyy oikeasti hyv\u00e4 istuma-asento. Tutustu s\u00e4kkituolien ihanaan maailmaan.\",\"breadcrumb\":{\"@id\":\"https:\/\/kaani.net\/tuotteet\/daydream\/daydream-original-sakkituoli\/#breadcrumb\"},\"inLanguage\":\"en-US\",\"potentialAction\":[{\"@type\":\"ReadAction\",\"target\":[\"https:\/\/kaani.net\/tuotteet\/daydream\/daydream-original-sakkituoli\/\"]}]},{\"@type\":\"ImageObject\",\"inLanguage\":\"en-US\",\"@id\":\"https:\/\/kaani.net\/tuotteet\/daydream\/daydream-original-sakkituoli\/#primaryimage\",\"url\":\"https:\/\/kaani.net\/wp-content\/uploads\/2018\/09\/DDHappy_Lila_O9A8562_1000.jpg\",\"contentUrl\":\"https:\/\/kaani.net\/wp-content\/uploads\/2018\/09\/DDHappy_Lila_O9A8562_1000.jpg\",\"width\":1000,\"height\":1000},{\"@type\":\"BreadcrumbList\",\"@id\":\"https:\/\/kaani.net\/tuotteet\/daydream\/daydream-original-sakkituoli\/#breadcrumb\",\"itemListElement\":[{\"@type\":\"ListItem\",\"position\":1,\"name\":\"Etusivu\",\"item\":\"https:\/\/kaani.net\/\"},{\"@type\":\"ListItem\",\"position\":2,\"name\":\"Tuotteet\",\"item\":\"https:\/\/kaani.net\/tuotteet\/\"},{\"@type\":\"ListItem\",\"position\":3,\"name\":\"Daydream Original lepotuoli\"}]},{\"@type\":\"WebSite\",\"@id\":\"https:\/\/kaani.net\/#website\",\"url\":\"https:\/\/kaani.net\/\",\"name\":\"Kaani\",\"description\":\"See the future!\",\"publisher\":{\"@id\":\"https:\/\/kaani.net\/#organization\"},\"potentialAction\":[{\"@type\":\"SearchAction\",\"target\":{\"@type\":\"EntryPoint\",\"urlTemplate\":\"https:\/\/kaani.net\/?s={search_term_string}\"},\"query-input\":{\"@type\":\"PropertyValueSpecification\",\"valueRequired\":true,\"valueName\":\"search_term_string\"}}],\"inLanguage\":\"en-US\"},{\"@type\":\"Organization\",\"@id\":\"https:\/\/kaani.net\/#organization\",\"name\":\"Kaani\",\"url\":\"https:\/\/kaani.net\/\",\"logo\":{\"@type\":\"ImageObject\",\"inLanguage\":\"en-US\",\"@id\":\"https:\/\/kaani.net\/#\/schema\/logo\/image\/\",\"url\":\"https:\/\/kaani.net\/wp-content\/uploads\/2017\/09\/cropped-123_kaani_logoS-2-1.jpg\",\"contentUrl\":\"https:\/\/kaani.net\/wp-content\/uploads\/2017\/09\/cropped-123_kaani_logoS-2-1.jpg\",\"width\":184,\"height\":80,\"caption\":\"Kaani\"},\"image\":{\"@id\":\"https:\/\/kaani.net\/#\/schema\/logo\/image\/\"}}]}<\/script>\n<!-- \/ Yoast SEO plugin. -->","yoast_head_json":{"title":"Daydream Original lepotuoli - Kaani","description":"Daydream s\u00e4kkituoli syntyi kun suunnittelija halusi luoda s\u00e4kkituolin, josta l\u00f6ytyy oikeasti hyv\u00e4 istuma-asento. Tutustu s\u00e4kkituolien ihanaan maailmaan.","robots":{"index":"index","follow":"follow","max-snippet":"max-snippet:-1","max-image-preview":"max-image-preview:large","max-video-preview":"max-video-preview:-1"},"canonical":"https:\/\/kaani.net\/en\/tuotteet\/daydream\/daydream-original-sakkituoli\/","og_locale":"en_US","og_type":"article","og_title":"Daydream Original lepotuoli - Kaani","og_description":"Daydream s\u00e4kkituoli syntyi kun suunnittelija halusi luoda s\u00e4kkituolin, josta l\u00f6ytyy oikeasti hyv\u00e4 istuma-asento. Tutustu s\u00e4kkituolien ihanaan maailmaan.","og_url":"https:\/\/kaani.net\/en\/tuotteet\/daydream\/daydream-original-sakkituoli\/","og_site_name":"Kaani","article_modified_time":"2026-03-13T12:04:03+00:00","og_image":[{"width":1000,"height":1000,"url":"https:\/\/kaani.net\/wp-content\/uploads\/2018\/09\/DDHappy_Lila_O9A8562_1000.jpg","type":"image\/jpeg"}],"twitter_misc":{"Est. reading time":"1 minute"},"schema":{"@context":"https:\/\/schema.org","@graph":[{"@type":"WebPage","@id":"https:\/\/kaani.net\/tuotteet\/daydream\/daydream-original-sakkituoli\/","url":"https:\/\/kaani.net\/tuotteet\/daydream\/daydream-original-sakkituoli\/","name":"Daydream Original lepotuoli - Kaani","isPartOf":{"@id":"https:\/\/kaani.net\/#website"},"primaryImageOfPage":{"@id":"https:\/\/kaani.net\/tuotteet\/daydream\/daydream-original-sakkituoli\/#primaryimage"},"image":{"@id":"https:\/\/kaani.net\/tuotteet\/daydream\/daydream-original-sakkituoli\/#primaryimage"},"thumbnailUrl":"https:\/\/kaani.net\/wp-content\/uploads\/2018\/09\/DDHappy_Lila_O9A8562_1000.jpg","datePublished":"2024-12-16T16:55:36+00:00","dateModified":"2026-03-13T12:04:03+00:00","description":"Daydream s\u00e4kkituoli syntyi kun suunnittelija halusi luoda s\u00e4kkituolin, josta l\u00f6ytyy oikeasti hyv\u00e4 istuma-asento. Tutustu s\u00e4kkituolien ihanaan maailmaan.","breadcrumb":{"@id":"https:\/\/kaani.net\/tuotteet\/daydream\/daydream-original-sakkituoli\/#breadcrumb"},"inLanguage":"en-US","potentialAction":[{"@type":"ReadAction","target":["https:\/\/kaani.net\/tuotteet\/daydream\/daydream-original-sakkituoli\/"]}]},{"@type":"ImageObject","inLanguage":"en-US","@id":"https:\/\/kaani.net\/tuotteet\/daydream\/daydream-original-sakkituoli\/#primaryimage","url":"https:\/\/kaani.net\/wp-content\/uploads\/2018\/09\/DDHappy_Lila_O9A8562_1000.jpg","contentUrl":"https:\/\/kaani.net\/wp-content\/uploads\/2018\/09\/DDHappy_Lila_O9A8562_1000.jpg","width":1000,"height":1000},{"@type":"BreadcrumbList","@id":"https:\/\/kaani.net\/tuotteet\/daydream\/daydream-original-sakkituoli\/#breadcrumb","itemListElement":[{"@type":"ListItem","position":1,"name":"Etusivu","item":"https:\/\/kaani.net\/"},{"@type":"ListItem","position":2,"name":"Tuotteet","item":"https:\/\/kaani.net\/tuotteet\/"},{"@type":"ListItem","position":3,"name":"Daydream Original lepotuoli"}]},{"@type":"WebSite","@id":"https:\/\/kaani.net\/#website","url":"https:\/\/kaani.net\/","name":"Kaani","description":"See the future!","publisher":{"@id":"https:\/\/kaani.net\/#organization"},"potentialAction":[{"@type":"SearchAction","target":{"@type":"EntryPoint","urlTemplate":"https:\/\/kaani.net\/?s={search_term_string}"},"query-input":{"@type":"PropertyValueSpecification","valueRequired":true,"valueName":"search_term_string"}}],"inLanguage":"en-US"},{"@type":"Organization","@id":"https:\/\/kaani.net\/#organization","name":"Kaani","url":"https:\/\/kaani.net\/","logo":{"@type":"ImageObject","inLanguage":"en-US","@id":"https:\/\/kaani.net\/#\/schema\/logo\/image\/","url":"https:\/\/kaani.net\/wp-content\/uploads\/2017\/09\/cropped-123_kaani_logoS-2-1.jpg","contentUrl":"https:\/\/kaani.net\/wp-content\/uploads\/2017\/09\/cropped-123_kaani_logoS-2-1.jpg","width":184,"height":80,"caption":"Kaani"},"image":{"@id":"https:\/\/kaani.net\/#\/schema\/logo\/image\/"}}]}},"_links":{"self":[{"href":"https:\/\/kaani.net\/en\/wp-json\/wp\/v2\/product\/13441","targetHints":{"allow":["GET"]}}],"collection":[{"href":"https:\/\/kaani.net\/en\/wp-json\/wp\/v2\/product"}],"about":[{"href":"https:\/\/kaani.net\/en\/wp-json\/wp\/v2\/types\/product"}],"wp:featuredmedia":[{"embeddable":true,"href":"https:\/\/kaani.net\/en\/wp-json\/wp\/v2\/media\/3837"}],"wp:attachment":[{"href":"https:\/\/kaani.net\/en\/wp-json\/wp\/v2\/media?parent=13441"}],"wp:term":[{"taxonomy":"product_brand","embeddable":true,"href":"https:\/\/kaani.net\/en\/wp-json\/wp\/v2\/product_brand?post=13441"},{"taxonomy":"product_cat","embeddable":true,"href":"https:\/\/kaani.net\/en\/wp-json\/wp\/v2\/product_cat?post=13441"},{"taxonomy":"product_tag","embeddable":true,"href":"https:\/\/kaani.net\/en\/wp-json\/wp\/v2\/product_tag?post=13441"}],"curies":[{"name":"wp","href":"https:\/\/api.w.org\/{rel}","templated":true}]}}