{"id":1491,"date":"2017-09-15T12:17:25","date_gmt":"2017-09-15T09:17:25","guid":{"rendered":"https:\/\/kaani.fi\/?post_type=product&#038;p=1491"},"modified":"2025-11-27T17:48:58","modified_gmt":"2025-11-27T15:48:58","slug":"123versb-ruokatuoli-teras-ja-puujalat","status":"publish","type":"product","link":"https:\/\/kaani.net\/en\/tuotteet\/123-tuoteperhe\/123versb-ruokatuoli-teras-ja-puujalat\/","title":{"rendered":"123versB ruokatuoli, ter\u00e4s- tai puujalat"},"content":{"rendered":"<p><strong>123<\/strong><br \/>\n123 is Kaani's new and already very extensive product family. 123 products have a plain design and a clear Scandinavian line.<br \/>\nBy means of 123 products, you can create a fresh appearance for your home or office.<br \/>\nOnly the high-class raw materials are used in the production of 123 products.<\/p>","protected":false},"excerpt":{"rendered":"<p data-start=\"262\" data-end=\"329\"><strong data-start=\"262\" data-end=\"329\">123versB \u2013 <\/strong>Skandinaavista mukavuutta ja aikaa kest\u00e4v\u00e4\u00e4 designia<\/p>\n<p data-start=\"331\" data-end=\"647\">123versB-tuoli tuo tilaan selkeytt\u00e4, laatua ja modernia skandinaavista ilmett\u00e4. Sen ergonomisesti muotoiltu istuin takaa erinomaisen istuinmukavuuden niin lyhyisiin kahvihetkiin kuin pitkiin, viihtyisiin kokoontumisiin. Selke\u00e4linjainen muotoilu tekee tuolista yht\u00e4 aikaa kevyen, elegantin ja k\u00e4yt\u00e4nn\u00f6llisen valinnan.<\/p>\n<p data-start=\"649\" data-end=\"951\">Kest\u00e4v\u00e4 runko on valmistettu massiivivanerista, joka tarjoaa luonnollista laatua ja varmuutta pitk\u00e4\u00e4n k\u00e4ytt\u00f6\u00f6n. Tuoli on saatavilla kolmella eri jalustavaihtoehdolla \u2013 sirot puujalat, modernit ter\u00e4sjalat tai n\u00e4ytt\u00e4v\u00e4 laippajalka \u2013 jotta se on helppo sovittaa niin koteihin kuin vaativiin julkitiloihin.<\/p>\n<p data-start=\"953\" data-end=\"1139\">Monik\u00e4ytt\u00f6inen 123versB sopii erinomaisesti ruokailutilaan, toimistoon, neuvotteluhuoneeseen ja muihin tiloihin, joissa yhdistyv\u00e4t toimivuus, mukavuus ja huolella suunniteltu estetiikka.<\/p>\n<p>Tarjouskankaat l\u00f6ytyv\u00e4t <strong><a href=\"https:\/\/kaani.net\/en\/outlet-2\/\">Outlet <\/a><\/strong>-myym\u00e4l\u00e4st\u00e4mme.<\/p>\n<p><strong>Puumateriaalit:<\/strong> koivu, tammi\u00a0 tai maalatut &#8211; kaikissa Kaanin v\u00e4rikartan s\u00e4vyiss\u00e4.<\/p>\n<p style=\"text-align: left;\"><strong>Mitat:<\/strong>\u00a0istuinsyvyys 47cm \/ kokonaissyvyys 52cm \/ istuinkorkeus 44cm \/ kokonaiskorkeus 80cm<\/p>\n<p style=\"text-align: left;\"><strong>Leveydet:<\/strong>\u00a0vakio 43cm \/ leve\u00e4\u00a0 47cm<\/p>\n<p>&nbsp;<\/p>\n<p>&nbsp;<\/p>\n<p style=\"text-align: left;\">Muistathan my\u00f6s mahdollisuuden tilata tuotteet erikoismitoilla ja -materiaaleilla.<\/p>\n<p style=\"text-align: left;\"><a href=\"https:\/\/kaani.net\/en\/materiaalit\/\"><strong>Materiaalit t\u00e4st\u00e4<\/strong><\/a><\/p>\n<p style=\"text-align: left;\">Materiaali- ja v\u00e4rivaihtoehtoja Kaanilla on lukematon m\u00e4\u00e4r\u00e4. Siksi l\u00e4het\u00e4 tilauksesi\u00a0yhteydess\u00e4 meille s\u00e4hk\u00f6postiin (info@kaani.net) seuraavat tiedot:<\/p>\n<p style=\"text-align: left;\"><em>Ter\u00e4sosien v\u00e4ri \/\u00a0<\/em><em>Kankaan nimi ja v\u00e4ri \/\u00a0<\/em><em>Puuosien materiaali (koivu \/ tammi \/ maalattu) ja pintak\u00e4sittely.<\/em><\/p>","protected":false},"featured_media":2334,"template":"","meta":{"om_disable_all_campaigns":false,"_monsterinsights_skip_tracking":false,"_monsterinsights_sitenote_active":false,"_monsterinsights_sitenote_note":"","_monsterinsights_sitenote_category":0,"_uf_show_specific_survey":0,"_uf_disable_surveys":false},"product_brand":[],"product_cat":[719,109],"product_tag":[110,956,212,843,844,841,219],"class_list":{"0":"post-1491","1":"product","2":"type-product","3":"status-publish","4":"has-post-thumbnail","6":"product_cat-ruokatuolit","7":"product_cat-123-tuoteperhe","8":"product_tag-110","9":"product_tag-123versb","10":"product_tag-kaani","11":"product_tag-ruokailutuoli","12":"product_tag-ruokailutuoli-puujaloilla","13":"product_tag-ruokatuoli-verhoiltu","14":"product_tag-tuoli","16":"first","17":"instock","18":"sale","19":"taxable","20":"shipping-taxable","21":"purchasable","22":"product-type-variable","23":"has-default-attributes"},"yoast_head":"<!-- This site is optimized with the Yoast SEO plugin v26.7 - https:\/\/yoast.com\/wordpress\/plugins\/seo\/ -->\n<title>123versB ruokatuoli, ter\u00e4s- tai puujalat - Kaani<\/title>\n<meta name=\"description\" content=\"123 ruokailutuolit edustavat selke\u00e4n kaunista skandinaavista muotokielt\u00e4. Upea puutuoli tai pehme\u00e4 verhoiltu malli. Puumateriaalit: Koivu, tammi ja maalatut\" \/>\n<meta name=\"robots\" content=\"index, follow, max-snippet:-1, max-image-preview:large, max-video-preview:-1\" \/>\n<link rel=\"canonical\" href=\"https:\/\/kaani.net\/en\/tuotteet\/123-tuoteperhe\/123versb-ruokatuoli-teras-ja-puujalat\/\" \/>\n<meta property=\"og:locale\" content=\"en_US\" \/>\n<meta property=\"og:type\" content=\"article\" \/>\n<meta property=\"og:title\" content=\"123versB ruokatuoli, ter\u00e4s- tai puujalat - Kaani\" \/>\n<meta property=\"og:description\" content=\"123 ruokailutuolit edustavat selke\u00e4n kaunista skandinaavista muotokielt\u00e4. Upea puutuoli tai pehme\u00e4 verhoiltu malli. Puumateriaalit: Koivu, tammi ja maalatut\" \/>\n<meta property=\"og:url\" content=\"https:\/\/kaani.net\/en\/tuotteet\/123-tuoteperhe\/123versb-ruokatuoli-teras-ja-puujalat\/\" \/>\n<meta property=\"og:site_name\" content=\"Kaani\" \/>\n<meta property=\"article:modified_time\" content=\"2025-11-27T15:48:58+00:00\" \/>\n<meta property=\"og:image\" content=\"https:\/\/kaani.net\/wp-content\/uploads\/2018\/07\/123versB_O9A8253_1000.jpg\" \/>\n\t<meta property=\"og:image:width\" content=\"1000\" \/>\n\t<meta property=\"og:image:height\" content=\"1000\" \/>\n\t<meta property=\"og:image:type\" content=\"image\/jpeg\" \/>\n<meta name=\"twitter:label1\" content=\"Est. reading time\" \/>\n\t<meta name=\"twitter:data1\" content=\"1 minute\" \/>\n<script type=\"application\/ld+json\" class=\"yoast-schema-graph\">{\"@context\":\"https:\/\/schema.org\",\"@graph\":[{\"@type\":\"WebPage\",\"@id\":\"https:\/\/kaani.net\/tuotteet\/123-tuoteperhe\/123versb-ruokatuoli-teras-ja-puujalat\/\",\"url\":\"https:\/\/kaani.net\/tuotteet\/123-tuoteperhe\/123versb-ruokatuoli-teras-ja-puujalat\/\",\"name\":\"123versB ruokatuoli, ter\u00e4s- tai puujalat - Kaani\",\"isPartOf\":{\"@id\":\"https:\/\/kaani.net\/#website\"},\"primaryImageOfPage\":{\"@id\":\"https:\/\/kaani.net\/tuotteet\/123-tuoteperhe\/123versb-ruokatuoli-teras-ja-puujalat\/#primaryimage\"},\"image\":{\"@id\":\"https:\/\/kaani.net\/tuotteet\/123-tuoteperhe\/123versb-ruokatuoli-teras-ja-puujalat\/#primaryimage\"},\"thumbnailUrl\":\"https:\/\/kaani.net\/wp-content\/uploads\/2018\/07\/123versB_O9A8253_1000.jpg\",\"datePublished\":\"2017-09-15T09:17:25+00:00\",\"dateModified\":\"2025-11-27T15:48:58+00:00\",\"description\":\"123 ruokailutuolit edustavat selke\u00e4n kaunista skandinaavista muotokielt\u00e4. Upea puutuoli tai pehme\u00e4 verhoiltu malli. Puumateriaalit: Koivu, tammi ja maalatut\",\"breadcrumb\":{\"@id\":\"https:\/\/kaani.net\/tuotteet\/123-tuoteperhe\/123versb-ruokatuoli-teras-ja-puujalat\/#breadcrumb\"},\"inLanguage\":\"en-US\",\"potentialAction\":[{\"@type\":\"ReadAction\",\"target\":[\"https:\/\/kaani.net\/tuotteet\/123-tuoteperhe\/123versb-ruokatuoli-teras-ja-puujalat\/\"]}]},{\"@type\":\"ImageObject\",\"inLanguage\":\"en-US\",\"@id\":\"https:\/\/kaani.net\/tuotteet\/123-tuoteperhe\/123versb-ruokatuoli-teras-ja-puujalat\/#primaryimage\",\"url\":\"https:\/\/kaani.net\/wp-content\/uploads\/2018\/07\/123versB_O9A8253_1000.jpg\",\"contentUrl\":\"https:\/\/kaani.net\/wp-content\/uploads\/2018\/07\/123versB_O9A8253_1000.jpg\",\"width\":1000,\"height\":1000,\"caption\":\"123VersB chair\"},{\"@type\":\"BreadcrumbList\",\"@id\":\"https:\/\/kaani.net\/tuotteet\/123-tuoteperhe\/123versb-ruokatuoli-teras-ja-puujalat\/#breadcrumb\",\"itemListElement\":[{\"@type\":\"ListItem\",\"position\":1,\"name\":\"Etusivu\",\"item\":\"https:\/\/kaani.net\/\"},{\"@type\":\"ListItem\",\"position\":2,\"name\":\"Tuotteet\",\"item\":\"https:\/\/kaani.net\/tuotteet\/\"},{\"@type\":\"ListItem\",\"position\":3,\"name\":\"123versB ruokatuoli, ter\u00e4s- tai puujalat\"}]},{\"@type\":\"WebSite\",\"@id\":\"https:\/\/kaani.net\/#website\",\"url\":\"https:\/\/kaani.net\/\",\"name\":\"Kaani\",\"description\":\"See the future!\",\"publisher\":{\"@id\":\"https:\/\/kaani.net\/#organization\"},\"potentialAction\":[{\"@type\":\"SearchAction\",\"target\":{\"@type\":\"EntryPoint\",\"urlTemplate\":\"https:\/\/kaani.net\/?s={search_term_string}\"},\"query-input\":{\"@type\":\"PropertyValueSpecification\",\"valueRequired\":true,\"valueName\":\"search_term_string\"}}],\"inLanguage\":\"en-US\"},{\"@type\":\"Organization\",\"@id\":\"https:\/\/kaani.net\/#organization\",\"name\":\"Kaani\",\"url\":\"https:\/\/kaani.net\/\",\"logo\":{\"@type\":\"ImageObject\",\"inLanguage\":\"en-US\",\"@id\":\"https:\/\/kaani.net\/#\/schema\/logo\/image\/\",\"url\":\"https:\/\/kaani.net\/wp-content\/uploads\/2017\/09\/cropped-123_kaani_logoS-2-1.jpg\",\"contentUrl\":\"https:\/\/kaani.net\/wp-content\/uploads\/2017\/09\/cropped-123_kaani_logoS-2-1.jpg\",\"width\":184,\"height\":80,\"caption\":\"Kaani\"},\"image\":{\"@id\":\"https:\/\/kaani.net\/#\/schema\/logo\/image\/\"}}]}<\/script>\n<!-- \/ Yoast SEO plugin. -->","yoast_head_json":{"title":"123versB ruokatuoli, ter\u00e4s- tai puujalat - Kaani","description":"123 ruokailutuolit edustavat selke\u00e4n kaunista skandinaavista muotokielt\u00e4. Upea puutuoli tai pehme\u00e4 verhoiltu malli. Puumateriaalit: Koivu, tammi ja maalatut","robots":{"index":"index","follow":"follow","max-snippet":"max-snippet:-1","max-image-preview":"max-image-preview:large","max-video-preview":"max-video-preview:-1"},"canonical":"https:\/\/kaani.net\/en\/tuotteet\/123-tuoteperhe\/123versb-ruokatuoli-teras-ja-puujalat\/","og_locale":"en_US","og_type":"article","og_title":"123versB ruokatuoli, ter\u00e4s- tai puujalat - Kaani","og_description":"123 ruokailutuolit edustavat selke\u00e4n kaunista skandinaavista muotokielt\u00e4. Upea puutuoli tai pehme\u00e4 verhoiltu malli. Puumateriaalit: Koivu, tammi ja maalatut","og_url":"https:\/\/kaani.net\/en\/tuotteet\/123-tuoteperhe\/123versb-ruokatuoli-teras-ja-puujalat\/","og_site_name":"Kaani","article_modified_time":"2025-11-27T15:48:58+00:00","og_image":[{"width":1000,"height":1000,"url":"https:\/\/kaani.net\/wp-content\/uploads\/2018\/07\/123versB_O9A8253_1000.jpg","type":"image\/jpeg"}],"twitter_misc":{"Est. reading time":"1 minute"},"schema":{"@context":"https:\/\/schema.org","@graph":[{"@type":"WebPage","@id":"https:\/\/kaani.net\/tuotteet\/123-tuoteperhe\/123versb-ruokatuoli-teras-ja-puujalat\/","url":"https:\/\/kaani.net\/tuotteet\/123-tuoteperhe\/123versb-ruokatuoli-teras-ja-puujalat\/","name":"123versB ruokatuoli, ter\u00e4s- tai puujalat - Kaani","isPartOf":{"@id":"https:\/\/kaani.net\/#website"},"primaryImageOfPage":{"@id":"https:\/\/kaani.net\/tuotteet\/123-tuoteperhe\/123versb-ruokatuoli-teras-ja-puujalat\/#primaryimage"},"image":{"@id":"https:\/\/kaani.net\/tuotteet\/123-tuoteperhe\/123versb-ruokatuoli-teras-ja-puujalat\/#primaryimage"},"thumbnailUrl":"https:\/\/kaani.net\/wp-content\/uploads\/2018\/07\/123versB_O9A8253_1000.jpg","datePublished":"2017-09-15T09:17:25+00:00","dateModified":"2025-11-27T15:48:58+00:00","description":"123 ruokailutuolit edustavat selke\u00e4n kaunista skandinaavista muotokielt\u00e4. Upea puutuoli tai pehme\u00e4 verhoiltu malli. Puumateriaalit: Koivu, tammi ja maalatut","breadcrumb":{"@id":"https:\/\/kaani.net\/tuotteet\/123-tuoteperhe\/123versb-ruokatuoli-teras-ja-puujalat\/#breadcrumb"},"inLanguage":"en-US","potentialAction":[{"@type":"ReadAction","target":["https:\/\/kaani.net\/tuotteet\/123-tuoteperhe\/123versb-ruokatuoli-teras-ja-puujalat\/"]}]},{"@type":"ImageObject","inLanguage":"en-US","@id":"https:\/\/kaani.net\/tuotteet\/123-tuoteperhe\/123versb-ruokatuoli-teras-ja-puujalat\/#primaryimage","url":"https:\/\/kaani.net\/wp-content\/uploads\/2018\/07\/123versB_O9A8253_1000.jpg","contentUrl":"https:\/\/kaani.net\/wp-content\/uploads\/2018\/07\/123versB_O9A8253_1000.jpg","width":1000,"height":1000,"caption":"123VersB chair"},{"@type":"BreadcrumbList","@id":"https:\/\/kaani.net\/tuotteet\/123-tuoteperhe\/123versb-ruokatuoli-teras-ja-puujalat\/#breadcrumb","itemListElement":[{"@type":"ListItem","position":1,"name":"Etusivu","item":"https:\/\/kaani.net\/"},{"@type":"ListItem","position":2,"name":"Tuotteet","item":"https:\/\/kaani.net\/tuotteet\/"},{"@type":"ListItem","position":3,"name":"123versB ruokatuoli, ter\u00e4s- tai puujalat"}]},{"@type":"WebSite","@id":"https:\/\/kaani.net\/#website","url":"https:\/\/kaani.net\/","name":"Kaani","description":"See the future!","publisher":{"@id":"https:\/\/kaani.net\/#organization"},"potentialAction":[{"@type":"SearchAction","target":{"@type":"EntryPoint","urlTemplate":"https:\/\/kaani.net\/?s={search_term_string}"},"query-input":{"@type":"PropertyValueSpecification","valueRequired":true,"valueName":"search_term_string"}}],"inLanguage":"en-US"},{"@type":"Organization","@id":"https:\/\/kaani.net\/#organization","name":"Kaani","url":"https:\/\/kaani.net\/","logo":{"@type":"ImageObject","inLanguage":"en-US","@id":"https:\/\/kaani.net\/#\/schema\/logo\/image\/","url":"https:\/\/kaani.net\/wp-content\/uploads\/2017\/09\/cropped-123_kaani_logoS-2-1.jpg","contentUrl":"https:\/\/kaani.net\/wp-content\/uploads\/2017\/09\/cropped-123_kaani_logoS-2-1.jpg","width":184,"height":80,"caption":"Kaani"},"image":{"@id":"https:\/\/kaani.net\/#\/schema\/logo\/image\/"}}]}},"_links":{"self":[{"href":"https:\/\/kaani.net\/en\/wp-json\/wp\/v2\/product\/1491","targetHints":{"allow":["GET"]}}],"collection":[{"href":"https:\/\/kaani.net\/en\/wp-json\/wp\/v2\/product"}],"about":[{"href":"https:\/\/kaani.net\/en\/wp-json\/wp\/v2\/types\/product"}],"wp:featuredmedia":[{"embeddable":true,"href":"https:\/\/kaani.net\/en\/wp-json\/wp\/v2\/media\/2334"}],"wp:attachment":[{"href":"https:\/\/kaani.net\/en\/wp-json\/wp\/v2\/media?parent=1491"}],"wp:term":[{"taxonomy":"product_brand","embeddable":true,"href":"https:\/\/kaani.net\/en\/wp-json\/wp\/v2\/product_brand?post=1491"},{"taxonomy":"product_cat","embeddable":true,"href":"https:\/\/kaani.net\/en\/wp-json\/wp\/v2\/product_cat?post=1491"},{"taxonomy":"product_tag","embeddable":true,"href":"https:\/\/kaani.net\/en\/wp-json\/wp\/v2\/product_tag?post=1491"}],"curies":[{"name":"wp","href":"https:\/\/api.w.org\/{rel}","templated":true}]}}