{"id":1520,"date":"2017-09-15T17:07:30","date_gmt":"2017-09-15T14:07:30","guid":{"rendered":"https:\/\/kaani.fi\/?post_type=product&#038;p=1520"},"modified":"2026-02-06T13:48:24","modified_gmt":"2026-02-06T11:48:24","slug":"123versd-ruokapoyta","status":"publish","type":"product","link":"https:\/\/kaani.net\/en\/tuotteet\/123-tuoteperhe\/123versd-ruokapoyta\/","title":{"rendered":"123versD ruokap\u00f6yt\u00e4 puu- tai ter\u00e4sjaloilla"},"content":{"rendered":"<p><strong>123<\/strong><br \/>\n123 is Kaani's new and already very extensive product family. 123 products have a plain design and a clear Scandinavian line.<br \/>\nBy means of 123 products, you can create a fresh appearance for your home or office.<br \/>\nOnly the high-class raw materials are used in the production of 123 products.<\/p>","protected":false},"excerpt":{"rendered":"<p><strong>123versD\u00a0<\/strong>2,5cm ainevahvuus + reuna<\/p>\n<p>123versD p\u00f6yt\u00e4 on siro, mutta silti eritt\u00e4in tukeva p\u00f6yt\u00e4.<br \/>\n123versD table is produced in many different sizes, where the longest is 298 cm.<br \/>\nVanerirakenteinen kansi 2,5cm joko laminaatilla tai erikoispaksulla viilulla pinnoitettu. P\u00f6yd\u00e4n runko on massiivipuuta.<\/p>\n<p>123versD soveltuu esim. ruoka-, neuvottelu-, ty\u00f6- tai kirjoitusp\u00f6yd\u00e4ksi.<\/p>\n<p><strong>P\u00f6yt\u00e4 ter\u00e4s- tai puujaloilla. Molemmat saman hintaisia.\u00a0<\/strong>Jatkopala ainoastaan puujalkojen kanssa.<\/p>\n<p><strong>Mitat:<\/strong>\u00a093cm &amp; 100cm leveys \/ 73cm korkeus<\/p>\n<p><strong>Pituudet:<\/strong> 103cm \/ 133cm \/ 163cm \/ 180cm \/ 198cm \/ 238cm \/268cm<\/p>\n<p><strong>Jatkopalat:<\/strong>\u00a050cm &amp; 60cm pituus<\/p>\n<p>&nbsp;<\/p>\n<p>Muistathan my\u00f6s mahdollisuuden tilata tuotteet erikoismitoilla ja -materiaaleilla.<\/p>\n<p><a href=\"https:\/\/kaani.net\/en\/materiaalit\/\"><strong>Materiaalit t\u00e4st\u00e4<\/strong><\/a><\/p>\n<p>Materiaali- ja v\u00e4rivaihtoehtoja Kaanilla on lukematon m\u00e4\u00e4r\u00e4. Siksi l\u00e4het\u00e4 tilauksesi\u00a0yhteydess\u00e4 meille s\u00e4hk\u00f6postiin (info@kaani.net) seuraavat tiedot:<\/p>\n<p><em>Ter\u00e4sosien v\u00e4ri \/\u00a0<\/em><em>Kankaan nimi ja v\u00e4ri \/\u00a0<\/em><em>Puuosien materiaali (koivu \/ tammi \/ maalattu) ja pintak\u00e4sittely.<\/em><\/p>","protected":false},"featured_media":11118,"template":"","meta":{"om_disable_all_campaigns":false,"_monsterinsights_skip_tracking":false,"_monsterinsights_sitenote_active":false,"_monsterinsights_sitenote_note":"","_monsterinsights_sitenote_category":0,"_uf_show_specific_survey":0,"_uf_disable_surveys":false},"product_brand":[],"product_cat":[729,109],"product_tag":[110,851,212,849,218,213,850,852,848],"class_list":{"0":"post-1520","1":"product","2":"type-product","3":"status-publish","4":"has-post-thumbnail","6":"product_cat-kaanin-ruokapoydat","7":"product_cat-123-tuoteperhe","8":"product_tag-110","9":"product_tag-jatkopala","10":"product_tag-kaani","11":"product_tag-koivu-ruokapoyta","12":"product_tag-poyta","13":"product_tag-ruokapoyta","14":"product_tag-ruokapoyta-puujaloilla","15":"product_tag-ruokapoyta-terasjaloilla","16":"product_tag-tammi-ruokapoyta","18":"first","19":"instock","20":"taxable","21":"shipping-taxable","22":"purchasable","23":"product-type-variable","24":"has-default-attributes"},"yoast_head":"<!-- This site is optimized with the Yoast SEO plugin v26.7 - https:\/\/yoast.com\/wordpress\/plugins\/seo\/ -->\n<title>123versD ruokap\u00f6yt\u00e4 puu- tai ter\u00e4sjaloilla - Kaani<\/title>\n<meta name=\"description\" content=\"123versD on Kaanin uusin design ruokap\u00f6yt\u00e4. P\u00f6yt\u00e4 on siro, mutta silti eritt\u00e4in tukeva. P\u00f6yt\u00e4\u00e4 valmistetaan useassa eri koossa. P\u00f6yti\u00e4 valmistetaan Turussa.\" \/>\n<meta name=\"robots\" content=\"index, follow, max-snippet:-1, max-image-preview:large, max-video-preview:-1\" \/>\n<link rel=\"canonical\" href=\"https:\/\/kaani.net\/en\/tuotteet\/123-tuoteperhe\/123versd-ruokapoyta\/\" \/>\n<meta property=\"og:locale\" content=\"en_US\" \/>\n<meta property=\"og:type\" content=\"article\" \/>\n<meta property=\"og:title\" content=\"123versD ruokap\u00f6yt\u00e4 puu- tai ter\u00e4sjaloilla - Kaani\" \/>\n<meta property=\"og:description\" content=\"123versD on Kaanin uusin design ruokap\u00f6yt\u00e4. P\u00f6yt\u00e4 on siro, mutta silti eritt\u00e4in tukeva. P\u00f6yt\u00e4\u00e4 valmistetaan useassa eri koossa. P\u00f6yti\u00e4 valmistetaan Turussa.\" \/>\n<meta property=\"og:url\" content=\"https:\/\/kaani.net\/en\/tuotteet\/123-tuoteperhe\/123versd-ruokapoyta\/\" \/>\n<meta property=\"og:site_name\" content=\"Kaani\" \/>\n<meta property=\"article:modified_time\" content=\"2026-02-06T11:48:24+00:00\" \/>\n<meta property=\"og:image\" content=\"https:\/\/kaani.net\/wp-content\/uploads\/2017\/09\/OH_O9A2617_12001.jpg\" \/>\n\t<meta property=\"og:image:width\" content=\"581\" \/>\n\t<meta property=\"og:image:height\" content=\"500\" \/>\n\t<meta property=\"og:image:type\" content=\"image\/jpeg\" \/>\n<meta name=\"twitter:label1\" content=\"Est. reading time\" \/>\n\t<meta name=\"twitter:data1\" content=\"1 minute\" \/>\n<script type=\"application\/ld+json\" class=\"yoast-schema-graph\">{\"@context\":\"https:\/\/schema.org\",\"@graph\":[{\"@type\":\"WebPage\",\"@id\":\"https:\/\/kaani.net\/tuotteet\/123-tuoteperhe\/123versd-ruokapoyta\/\",\"url\":\"https:\/\/kaani.net\/tuotteet\/123-tuoteperhe\/123versd-ruokapoyta\/\",\"name\":\"123versD ruokap\u00f6yt\u00e4 puu- tai ter\u00e4sjaloilla - Kaani\",\"isPartOf\":{\"@id\":\"https:\/\/kaani.net\/#website\"},\"primaryImageOfPage\":{\"@id\":\"https:\/\/kaani.net\/tuotteet\/123-tuoteperhe\/123versd-ruokapoyta\/#primaryimage\"},\"image\":{\"@id\":\"https:\/\/kaani.net\/tuotteet\/123-tuoteperhe\/123versd-ruokapoyta\/#primaryimage\"},\"thumbnailUrl\":\"https:\/\/kaani.net\/wp-content\/uploads\/2017\/09\/OH_O9A2617_12001.jpg\",\"datePublished\":\"2017-09-15T14:07:30+00:00\",\"dateModified\":\"2026-02-06T11:48:24+00:00\",\"description\":\"123versD on Kaanin uusin design ruokap\u00f6yt\u00e4. P\u00f6yt\u00e4 on siro, mutta silti eritt\u00e4in tukeva. P\u00f6yt\u00e4\u00e4 valmistetaan useassa eri koossa. P\u00f6yti\u00e4 valmistetaan Turussa.\",\"breadcrumb\":{\"@id\":\"https:\/\/kaani.net\/tuotteet\/123-tuoteperhe\/123versd-ruokapoyta\/#breadcrumb\"},\"inLanguage\":\"en-US\",\"potentialAction\":[{\"@type\":\"ReadAction\",\"target\":[\"https:\/\/kaani.net\/tuotteet\/123-tuoteperhe\/123versd-ruokapoyta\/\"]}]},{\"@type\":\"ImageObject\",\"inLanguage\":\"en-US\",\"@id\":\"https:\/\/kaani.net\/tuotteet\/123-tuoteperhe\/123versd-ruokapoyta\/#primaryimage\",\"url\":\"https:\/\/kaani.net\/wp-content\/uploads\/2017\/09\/OH_O9A2617_12001.jpg\",\"contentUrl\":\"https:\/\/kaani.net\/wp-content\/uploads\/2017\/09\/OH_O9A2617_12001.jpg\",\"width\":581,\"height\":500,\"caption\":\"123versD ja laminaatti jatkopala\"},{\"@type\":\"BreadcrumbList\",\"@id\":\"https:\/\/kaani.net\/tuotteet\/123-tuoteperhe\/123versd-ruokapoyta\/#breadcrumb\",\"itemListElement\":[{\"@type\":\"ListItem\",\"position\":1,\"name\":\"Etusivu\",\"item\":\"https:\/\/kaani.net\/\"},{\"@type\":\"ListItem\",\"position\":2,\"name\":\"Tuotteet\",\"item\":\"https:\/\/kaani.net\/tuotteet\/\"},{\"@type\":\"ListItem\",\"position\":3,\"name\":\"123versD ruokap\u00f6yt\u00e4 puu- tai ter\u00e4sjaloilla\"}]},{\"@type\":\"WebSite\",\"@id\":\"https:\/\/kaani.net\/#website\",\"url\":\"https:\/\/kaani.net\/\",\"name\":\"Kaani\",\"description\":\"See the future!\",\"publisher\":{\"@id\":\"https:\/\/kaani.net\/#organization\"},\"potentialAction\":[{\"@type\":\"SearchAction\",\"target\":{\"@type\":\"EntryPoint\",\"urlTemplate\":\"https:\/\/kaani.net\/?s={search_term_string}\"},\"query-input\":{\"@type\":\"PropertyValueSpecification\",\"valueRequired\":true,\"valueName\":\"search_term_string\"}}],\"inLanguage\":\"en-US\"},{\"@type\":\"Organization\",\"@id\":\"https:\/\/kaani.net\/#organization\",\"name\":\"Kaani\",\"url\":\"https:\/\/kaani.net\/\",\"logo\":{\"@type\":\"ImageObject\",\"inLanguage\":\"en-US\",\"@id\":\"https:\/\/kaani.net\/#\/schema\/logo\/image\/\",\"url\":\"https:\/\/kaani.net\/wp-content\/uploads\/2017\/09\/cropped-123_kaani_logoS-2-1.jpg\",\"contentUrl\":\"https:\/\/kaani.net\/wp-content\/uploads\/2017\/09\/cropped-123_kaani_logoS-2-1.jpg\",\"width\":184,\"height\":80,\"caption\":\"Kaani\"},\"image\":{\"@id\":\"https:\/\/kaani.net\/#\/schema\/logo\/image\/\"}}]}<\/script>\n<!-- \/ Yoast SEO plugin. -->","yoast_head_json":{"title":"123versD ruokap\u00f6yt\u00e4 puu- tai ter\u00e4sjaloilla - Kaani","description":"123versD on Kaanin uusin design ruokap\u00f6yt\u00e4. P\u00f6yt\u00e4 on siro, mutta silti eritt\u00e4in tukeva. P\u00f6yt\u00e4\u00e4 valmistetaan useassa eri koossa. P\u00f6yti\u00e4 valmistetaan Turussa.","robots":{"index":"index","follow":"follow","max-snippet":"max-snippet:-1","max-image-preview":"max-image-preview:large","max-video-preview":"max-video-preview:-1"},"canonical":"https:\/\/kaani.net\/en\/tuotteet\/123-tuoteperhe\/123versd-ruokapoyta\/","og_locale":"en_US","og_type":"article","og_title":"123versD ruokap\u00f6yt\u00e4 puu- tai ter\u00e4sjaloilla - Kaani","og_description":"123versD on Kaanin uusin design ruokap\u00f6yt\u00e4. P\u00f6yt\u00e4 on siro, mutta silti eritt\u00e4in tukeva. P\u00f6yt\u00e4\u00e4 valmistetaan useassa eri koossa. P\u00f6yti\u00e4 valmistetaan Turussa.","og_url":"https:\/\/kaani.net\/en\/tuotteet\/123-tuoteperhe\/123versd-ruokapoyta\/","og_site_name":"Kaani","article_modified_time":"2026-02-06T11:48:24+00:00","og_image":[{"width":581,"height":500,"url":"https:\/\/kaani.net\/wp-content\/uploads\/2017\/09\/OH_O9A2617_12001.jpg","type":"image\/jpeg"}],"twitter_misc":{"Est. reading time":"1 minute"},"schema":{"@context":"https:\/\/schema.org","@graph":[{"@type":"WebPage","@id":"https:\/\/kaani.net\/tuotteet\/123-tuoteperhe\/123versd-ruokapoyta\/","url":"https:\/\/kaani.net\/tuotteet\/123-tuoteperhe\/123versd-ruokapoyta\/","name":"123versD ruokap\u00f6yt\u00e4 puu- tai ter\u00e4sjaloilla - Kaani","isPartOf":{"@id":"https:\/\/kaani.net\/#website"},"primaryImageOfPage":{"@id":"https:\/\/kaani.net\/tuotteet\/123-tuoteperhe\/123versd-ruokapoyta\/#primaryimage"},"image":{"@id":"https:\/\/kaani.net\/tuotteet\/123-tuoteperhe\/123versd-ruokapoyta\/#primaryimage"},"thumbnailUrl":"https:\/\/kaani.net\/wp-content\/uploads\/2017\/09\/OH_O9A2617_12001.jpg","datePublished":"2017-09-15T14:07:30+00:00","dateModified":"2026-02-06T11:48:24+00:00","description":"123versD on Kaanin uusin design ruokap\u00f6yt\u00e4. P\u00f6yt\u00e4 on siro, mutta silti eritt\u00e4in tukeva. P\u00f6yt\u00e4\u00e4 valmistetaan useassa eri koossa. P\u00f6yti\u00e4 valmistetaan Turussa.","breadcrumb":{"@id":"https:\/\/kaani.net\/tuotteet\/123-tuoteperhe\/123versd-ruokapoyta\/#breadcrumb"},"inLanguage":"en-US","potentialAction":[{"@type":"ReadAction","target":["https:\/\/kaani.net\/tuotteet\/123-tuoteperhe\/123versd-ruokapoyta\/"]}]},{"@type":"ImageObject","inLanguage":"en-US","@id":"https:\/\/kaani.net\/tuotteet\/123-tuoteperhe\/123versd-ruokapoyta\/#primaryimage","url":"https:\/\/kaani.net\/wp-content\/uploads\/2017\/09\/OH_O9A2617_12001.jpg","contentUrl":"https:\/\/kaani.net\/wp-content\/uploads\/2017\/09\/OH_O9A2617_12001.jpg","width":581,"height":500,"caption":"123versD ja laminaatti jatkopala"},{"@type":"BreadcrumbList","@id":"https:\/\/kaani.net\/tuotteet\/123-tuoteperhe\/123versd-ruokapoyta\/#breadcrumb","itemListElement":[{"@type":"ListItem","position":1,"name":"Etusivu","item":"https:\/\/kaani.net\/"},{"@type":"ListItem","position":2,"name":"Tuotteet","item":"https:\/\/kaani.net\/tuotteet\/"},{"@type":"ListItem","position":3,"name":"123versD ruokap\u00f6yt\u00e4 puu- tai ter\u00e4sjaloilla"}]},{"@type":"WebSite","@id":"https:\/\/kaani.net\/#website","url":"https:\/\/kaani.net\/","name":"Kaani","description":"See the future!","publisher":{"@id":"https:\/\/kaani.net\/#organization"},"potentialAction":[{"@type":"SearchAction","target":{"@type":"EntryPoint","urlTemplate":"https:\/\/kaani.net\/?s={search_term_string}"},"query-input":{"@type":"PropertyValueSpecification","valueRequired":true,"valueName":"search_term_string"}}],"inLanguage":"en-US"},{"@type":"Organization","@id":"https:\/\/kaani.net\/#organization","name":"Kaani","url":"https:\/\/kaani.net\/","logo":{"@type":"ImageObject","inLanguage":"en-US","@id":"https:\/\/kaani.net\/#\/schema\/logo\/image\/","url":"https:\/\/kaani.net\/wp-content\/uploads\/2017\/09\/cropped-123_kaani_logoS-2-1.jpg","contentUrl":"https:\/\/kaani.net\/wp-content\/uploads\/2017\/09\/cropped-123_kaani_logoS-2-1.jpg","width":184,"height":80,"caption":"Kaani"},"image":{"@id":"https:\/\/kaani.net\/#\/schema\/logo\/image\/"}}]}},"_links":{"self":[{"href":"https:\/\/kaani.net\/en\/wp-json\/wp\/v2\/product\/1520","targetHints":{"allow":["GET"]}}],"collection":[{"href":"https:\/\/kaani.net\/en\/wp-json\/wp\/v2\/product"}],"about":[{"href":"https:\/\/kaani.net\/en\/wp-json\/wp\/v2\/types\/product"}],"wp:featuredmedia":[{"embeddable":true,"href":"https:\/\/kaani.net\/en\/wp-json\/wp\/v2\/media\/11118"}],"wp:attachment":[{"href":"https:\/\/kaani.net\/en\/wp-json\/wp\/v2\/media?parent=1520"}],"wp:term":[{"taxonomy":"product_brand","embeddable":true,"href":"https:\/\/kaani.net\/en\/wp-json\/wp\/v2\/product_brand?post=1520"},{"taxonomy":"product_cat","embeddable":true,"href":"https:\/\/kaani.net\/en\/wp-json\/wp\/v2\/product_cat?post=1520"},{"taxonomy":"product_tag","embeddable":true,"href":"https:\/\/kaani.net\/en\/wp-json\/wp\/v2\/product_tag?post=1520"}],"curies":[{"name":"wp","href":"https:\/\/api.w.org\/{rel}","templated":true}]}}