{"id":1597,"date":"2017-11-14T18:39:28","date_gmt":"2017-11-14T16:39:28","guid":{"rendered":"https:\/\/kaani.fi\/?post_type=product&#038;p=1597"},"modified":"2026-03-13T14:48:18","modified_gmt":"2026-03-13T12:48:18","slug":"daydream-generation-ii-sakkituoli-ja-rahi","status":"publish","type":"product","link":"https:\/\/kaani.net\/en\/tuotteet\/daydream\/daydream-generation-ii-sakkituoli-ja-rahi\/","title":{"rendered":"Daydream generation II lepotuoli ja rahi"},"content":{"rendered":"<div class=\"vc_row wpb_row vc_row-fluid\"><div class=\"wpb_column vc_column_container vc_col-sm-12\"><div class=\"vc_column-inner\"><div class=\"wpb_wrapper\">\n\t<div class=\"wpb_text_column wpb_content_element\" >\n\t\t<div class=\"wpb_wrapper\">\n\t\t\t<h1>Daydream Generation II<\/h1>\n<p>Daydream-sarjaan kuuluvat Daydream Original (ns. normaali koko), Daydream Happy (ns. pienempi koko) sek\u00e4 Daydream Generation II (uusin Daydream-versio). Kaikista sarjoista on saatavilla rahi ja kulmaosa.<\/p>\n<p>Daydreamist\u00e4 l\u00f6yd\u00e4t parhaan paikan kotona, terassilla tai vaikka neuvotteluhuoneessa. Kotimainen s\u00e4kkituoli kutsuu ottamaan rennosti. Daydream Happy sopii hieman pienemp\u00e4\u00e4nkin tilaan. Siin\u00e4 kelpaa my\u00f6s aikuisen istuskella tai jopa loikoilla!<\/p>\n<p>Suosithan alkuper\u00e4ist\u00e4!<\/p>\n\n\t\t<\/div>\n\t<\/div>\n<\/div><\/div><\/div><\/div>","protected":false},"excerpt":{"rendered":"<p data-start=\"88\" data-end=\"406\">Kaanin uudistettu versio ikonisen mukavasta Daydream s\u00e4kkituolista tarjoaa ennenn\u00e4kem\u00e4t\u00f6nt\u00e4 rentoutumista kaikille arjen hetkille. Pehme\u00e4, vartalon mukaan muotoutuva s\u00e4kkituoli kutsuu istahtamaan, oli se sitten TV-huoneessa, terassilla tai lastenhuoneessa \u2013 k\u00e4ytt\u00f6mahdollisuudet ovat k\u00e4yt\u00e4nn\u00f6ss\u00e4 rajattomat.<\/p>\n<p data-start=\"408\" data-end=\"609\">Rakenna oma rentoutumiskeitaasi yhdist\u00e4m\u00e4ll\u00e4 lepotuoleja ja kulmaosia suureksi, houkuttelevaksi kokonaisuudeksi. Daydream rahi tuo lis\u00e4mukavuutta ja tekee l\u00f6h\u00f6ilyst\u00e4 t\u00e4ydellisen nautinnollista.<\/p>\n<p data-start=\"611\" data-end=\"671\" data-is-last-node=\"\" data-is-only-node=\"\">Daydream by Kaani \u2013 kun tarkoitus on vain olla, rentoutua ja viihty\u00e4.<\/p>\n<p><strong>Lepotuoli: <\/strong>80cm leveys \/ 110cm syvyys \/ 45cm ist. kork. \/ 40cm sel\u00e4n korkeus<\/p>\n<p><strong>Rahi:<\/strong> 80cm leveys \/ 110cm syvyys \/ 45cm ist. kork.<\/p>\n<p>Daydream kangas on eritt\u00e4in vahva ja kulutusta kest\u00e4v\u00e4 trevira puuvilla sekoite. Turia kankaisissa s\u00e4kkituoleissa on erillinen pussi pehmusterouheelle, ja verhoilukangas on konepest\u00e4v\u00e4. Daydream tuotteita on saatavana my\u00f6s Kaanin printtikuosilla.<\/p>\n<p>&nbsp;<\/p>\n<p><strong>Daydream colors<\/strong><\/p>\n[gallery columns=\"5\" ids=\"103,105,106,111,107,110,109,108,104,102,14196,14197,14198\"]\n<p><span class=\"x193iq5w xeuugli x13faqbe x1vvkbs x1xmvt09 x1lliihq x1s928wv xhkezso x1gmr53x x1cpjm7i x1fgarty x1943h6x xudqn12 x3x7a5m x6prxxf xvq8zen xo1l8bm xzsf02u\" dir=\"auto\">Muistathan my\u00f6s mahdollisuuden tilata tuotteet erikoismitoilla ja -materiaaleilla.<\/span><\/p>\n<p><strong><a href=\"https:\/\/kaani.net\/en\/materiaalit\/\">Materiaalit t\u00e4st\u00e4<\/a><\/strong><\/p>\n<p><em>Jos mieluista kokoa tai v\u00e4riyhdistelm\u00e4\u00e4 ei l\u00f6ydy verkkokaupasta ole yhteydess\u00e4 meihin joko puhelimitse <strong>044 904 4050<\/strong> tai s\u00e4hk\u00f6postilla <strong>info@kaani.net<\/strong><\/em><\/p>\n<p>&nbsp;<\/p>","protected":false},"featured_media":2447,"template":"","meta":{"om_disable_all_campaigns":false,"_monsterinsights_skip_tracking":false,"_monsterinsights_sitenote_active":false,"_monsterinsights_sitenote_note":"","_monsterinsights_sitenote_category":0,"_uf_show_specific_survey":0,"_uf_disable_surveys":false},"product_brand":[],"product_cat":[33],"product_tag":[211,212,792,111,246,123],"class_list":{"0":"post-1597","1":"product","2":"type-product","3":"status-publish","4":"has-post-thumbnail","6":"product_cat-daydream","7":"product_tag-daydream","8":"product_tag-kaani","9":"product_tag-kotimainen-sakkituoli","10":"product_tag-lepotuoli","11":"product_tag-rahi","12":"product_tag-sakkituoli","14":"first","15":"instock","16":"taxable","17":"shipping-taxable","18":"purchasable","19":"product-type-variable","20":"has-default-attributes"},"yoast_head":"<!-- This site is optimized with the Yoast SEO plugin v26.7 - https:\/\/yoast.com\/wordpress\/plugins\/seo\/ -->\n<title>Daydream generation II lepotuoli ja rahi - Kaani<\/title>\n<meta name=\"description\" content=\"Daydream generation II on p\u00e4ivitetty versio Kaanin aikaisemmasta Daydream s\u00e4kkituolista. Generation II s\u00e4kkituoli on yht\u00e4 mukava istua kuin edelt\u00e4j\u00e4ns\u00e4kin.\" \/>\n<meta name=\"robots\" content=\"index, follow, max-snippet:-1, max-image-preview:large, max-video-preview:-1\" \/>\n<link rel=\"canonical\" href=\"https:\/\/kaani.net\/en\/tuotteet\/daydream\/daydream-generation-ii-sakkituoli-ja-rahi\/\" \/>\n<meta property=\"og:locale\" content=\"en_US\" \/>\n<meta property=\"og:type\" content=\"article\" \/>\n<meta property=\"og:title\" content=\"Daydream generation II lepotuoli ja rahi - Kaani\" \/>\n<meta property=\"og:description\" content=\"Daydream generation II on p\u00e4ivitetty versio Kaanin aikaisemmasta Daydream s\u00e4kkituolista. Generation II s\u00e4kkituoli on yht\u00e4 mukava istua kuin edelt\u00e4j\u00e4ns\u00e4kin.\" \/>\n<meta property=\"og:url\" content=\"https:\/\/kaani.net\/en\/tuotteet\/daydream\/daydream-generation-ii-sakkituoli-ja-rahi\/\" \/>\n<meta property=\"og:site_name\" content=\"Kaani\" \/>\n<meta property=\"article:modified_time\" content=\"2026-03-13T12:48:18+00:00\" \/>\n<meta property=\"og:image\" content=\"https:\/\/kaani.net\/wp-content\/uploads\/2018\/07\/DDII_Orange_O9A7485_1000.jpg\" \/>\n\t<meta property=\"og:image:width\" content=\"1000\" \/>\n\t<meta property=\"og:image:height\" content=\"1000\" \/>\n\t<meta property=\"og:image:type\" content=\"image\/jpeg\" \/>\n<meta name=\"twitter:label1\" content=\"Est. reading time\" \/>\n\t<meta name=\"twitter:data1\" content=\"1 minute\" \/>\n<script type=\"application\/ld+json\" class=\"yoast-schema-graph\">{\"@context\":\"https:\/\/schema.org\",\"@graph\":[{\"@type\":\"WebPage\",\"@id\":\"https:\/\/kaani.net\/tuotteet\/daydream\/daydream-generation-ii-sakkituoli-ja-rahi\/\",\"url\":\"https:\/\/kaani.net\/tuotteet\/daydream\/daydream-generation-ii-sakkituoli-ja-rahi\/\",\"name\":\"Daydream generation II lepotuoli ja rahi - Kaani\",\"isPartOf\":{\"@id\":\"https:\/\/kaani.net\/#website\"},\"primaryImageOfPage\":{\"@id\":\"https:\/\/kaani.net\/tuotteet\/daydream\/daydream-generation-ii-sakkituoli-ja-rahi\/#primaryimage\"},\"image\":{\"@id\":\"https:\/\/kaani.net\/tuotteet\/daydream\/daydream-generation-ii-sakkituoli-ja-rahi\/#primaryimage\"},\"thumbnailUrl\":\"https:\/\/kaani.net\/wp-content\/uploads\/2018\/07\/DDII_Orange_O9A7485_1000.jpg\",\"datePublished\":\"2017-11-14T16:39:28+00:00\",\"dateModified\":\"2026-03-13T12:48:18+00:00\",\"description\":\"Daydream generation II on p\u00e4ivitetty versio Kaanin aikaisemmasta Daydream s\u00e4kkituolista. Generation II s\u00e4kkituoli on yht\u00e4 mukava istua kuin edelt\u00e4j\u00e4ns\u00e4kin.\",\"breadcrumb\":{\"@id\":\"https:\/\/kaani.net\/tuotteet\/daydream\/daydream-generation-ii-sakkituoli-ja-rahi\/#breadcrumb\"},\"inLanguage\":\"en-US\",\"potentialAction\":[{\"@type\":\"ReadAction\",\"target\":[\"https:\/\/kaani.net\/tuotteet\/daydream\/daydream-generation-ii-sakkituoli-ja-rahi\/\"]}]},{\"@type\":\"ImageObject\",\"inLanguage\":\"en-US\",\"@id\":\"https:\/\/kaani.net\/tuotteet\/daydream\/daydream-generation-ii-sakkituoli-ja-rahi\/#primaryimage\",\"url\":\"https:\/\/kaani.net\/wp-content\/uploads\/2018\/07\/DDII_Orange_O9A7485_1000.jpg\",\"contentUrl\":\"https:\/\/kaani.net\/wp-content\/uploads\/2018\/07\/DDII_Orange_O9A7485_1000.jpg\",\"width\":1000,\"height\":1000,\"caption\":\"Daydream Gen II chair orange\"},{\"@type\":\"BreadcrumbList\",\"@id\":\"https:\/\/kaani.net\/tuotteet\/daydream\/daydream-generation-ii-sakkituoli-ja-rahi\/#breadcrumb\",\"itemListElement\":[{\"@type\":\"ListItem\",\"position\":1,\"name\":\"Etusivu\",\"item\":\"https:\/\/kaani.net\/\"},{\"@type\":\"ListItem\",\"position\":2,\"name\":\"Tuotteet\",\"item\":\"https:\/\/kaani.net\/tuotteet\/\"},{\"@type\":\"ListItem\",\"position\":3,\"name\":\"Daydream generation II lepotuoli ja rahi\"}]},{\"@type\":\"WebSite\",\"@id\":\"https:\/\/kaani.net\/#website\",\"url\":\"https:\/\/kaani.net\/\",\"name\":\"Kaani\",\"description\":\"See the future!\",\"publisher\":{\"@id\":\"https:\/\/kaani.net\/#organization\"},\"potentialAction\":[{\"@type\":\"SearchAction\",\"target\":{\"@type\":\"EntryPoint\",\"urlTemplate\":\"https:\/\/kaani.net\/?s={search_term_string}\"},\"query-input\":{\"@type\":\"PropertyValueSpecification\",\"valueRequired\":true,\"valueName\":\"search_term_string\"}}],\"inLanguage\":\"en-US\"},{\"@type\":\"Organization\",\"@id\":\"https:\/\/kaani.net\/#organization\",\"name\":\"Kaani\",\"url\":\"https:\/\/kaani.net\/\",\"logo\":{\"@type\":\"ImageObject\",\"inLanguage\":\"en-US\",\"@id\":\"https:\/\/kaani.net\/#\/schema\/logo\/image\/\",\"url\":\"https:\/\/kaani.net\/wp-content\/uploads\/2017\/09\/cropped-123_kaani_logoS-2-1.jpg\",\"contentUrl\":\"https:\/\/kaani.net\/wp-content\/uploads\/2017\/09\/cropped-123_kaani_logoS-2-1.jpg\",\"width\":184,\"height\":80,\"caption\":\"Kaani\"},\"image\":{\"@id\":\"https:\/\/kaani.net\/#\/schema\/logo\/image\/\"}}]}<\/script>\n<!-- \/ Yoast SEO plugin. -->","yoast_head_json":{"title":"Daydream generation II lepotuoli ja rahi - Kaani","description":"Daydream generation II on p\u00e4ivitetty versio Kaanin aikaisemmasta Daydream s\u00e4kkituolista. Generation II s\u00e4kkituoli on yht\u00e4 mukava istua kuin edelt\u00e4j\u00e4ns\u00e4kin.","robots":{"index":"index","follow":"follow","max-snippet":"max-snippet:-1","max-image-preview":"max-image-preview:large","max-video-preview":"max-video-preview:-1"},"canonical":"https:\/\/kaani.net\/en\/tuotteet\/daydream\/daydream-generation-ii-sakkituoli-ja-rahi\/","og_locale":"en_US","og_type":"article","og_title":"Daydream generation II lepotuoli ja rahi - Kaani","og_description":"Daydream generation II on p\u00e4ivitetty versio Kaanin aikaisemmasta Daydream s\u00e4kkituolista. Generation II s\u00e4kkituoli on yht\u00e4 mukava istua kuin edelt\u00e4j\u00e4ns\u00e4kin.","og_url":"https:\/\/kaani.net\/en\/tuotteet\/daydream\/daydream-generation-ii-sakkituoli-ja-rahi\/","og_site_name":"Kaani","article_modified_time":"2026-03-13T12:48:18+00:00","og_image":[{"width":1000,"height":1000,"url":"https:\/\/kaani.net\/wp-content\/uploads\/2018\/07\/DDII_Orange_O9A7485_1000.jpg","type":"image\/jpeg"}],"twitter_misc":{"Est. reading time":"1 minute"},"schema":{"@context":"https:\/\/schema.org","@graph":[{"@type":"WebPage","@id":"https:\/\/kaani.net\/tuotteet\/daydream\/daydream-generation-ii-sakkituoli-ja-rahi\/","url":"https:\/\/kaani.net\/tuotteet\/daydream\/daydream-generation-ii-sakkituoli-ja-rahi\/","name":"Daydream generation II lepotuoli ja rahi - Kaani","isPartOf":{"@id":"https:\/\/kaani.net\/#website"},"primaryImageOfPage":{"@id":"https:\/\/kaani.net\/tuotteet\/daydream\/daydream-generation-ii-sakkituoli-ja-rahi\/#primaryimage"},"image":{"@id":"https:\/\/kaani.net\/tuotteet\/daydream\/daydream-generation-ii-sakkituoli-ja-rahi\/#primaryimage"},"thumbnailUrl":"https:\/\/kaani.net\/wp-content\/uploads\/2018\/07\/DDII_Orange_O9A7485_1000.jpg","datePublished":"2017-11-14T16:39:28+00:00","dateModified":"2026-03-13T12:48:18+00:00","description":"Daydream generation II on p\u00e4ivitetty versio Kaanin aikaisemmasta Daydream s\u00e4kkituolista. Generation II s\u00e4kkituoli on yht\u00e4 mukava istua kuin edelt\u00e4j\u00e4ns\u00e4kin.","breadcrumb":{"@id":"https:\/\/kaani.net\/tuotteet\/daydream\/daydream-generation-ii-sakkituoli-ja-rahi\/#breadcrumb"},"inLanguage":"en-US","potentialAction":[{"@type":"ReadAction","target":["https:\/\/kaani.net\/tuotteet\/daydream\/daydream-generation-ii-sakkituoli-ja-rahi\/"]}]},{"@type":"ImageObject","inLanguage":"en-US","@id":"https:\/\/kaani.net\/tuotteet\/daydream\/daydream-generation-ii-sakkituoli-ja-rahi\/#primaryimage","url":"https:\/\/kaani.net\/wp-content\/uploads\/2018\/07\/DDII_Orange_O9A7485_1000.jpg","contentUrl":"https:\/\/kaani.net\/wp-content\/uploads\/2018\/07\/DDII_Orange_O9A7485_1000.jpg","width":1000,"height":1000,"caption":"Daydream Gen II chair orange"},{"@type":"BreadcrumbList","@id":"https:\/\/kaani.net\/tuotteet\/daydream\/daydream-generation-ii-sakkituoli-ja-rahi\/#breadcrumb","itemListElement":[{"@type":"ListItem","position":1,"name":"Etusivu","item":"https:\/\/kaani.net\/"},{"@type":"ListItem","position":2,"name":"Tuotteet","item":"https:\/\/kaani.net\/tuotteet\/"},{"@type":"ListItem","position":3,"name":"Daydream generation II lepotuoli ja rahi"}]},{"@type":"WebSite","@id":"https:\/\/kaani.net\/#website","url":"https:\/\/kaani.net\/","name":"Kaani","description":"See the future!","publisher":{"@id":"https:\/\/kaani.net\/#organization"},"potentialAction":[{"@type":"SearchAction","target":{"@type":"EntryPoint","urlTemplate":"https:\/\/kaani.net\/?s={search_term_string}"},"query-input":{"@type":"PropertyValueSpecification","valueRequired":true,"valueName":"search_term_string"}}],"inLanguage":"en-US"},{"@type":"Organization","@id":"https:\/\/kaani.net\/#organization","name":"Kaani","url":"https:\/\/kaani.net\/","logo":{"@type":"ImageObject","inLanguage":"en-US","@id":"https:\/\/kaani.net\/#\/schema\/logo\/image\/","url":"https:\/\/kaani.net\/wp-content\/uploads\/2017\/09\/cropped-123_kaani_logoS-2-1.jpg","contentUrl":"https:\/\/kaani.net\/wp-content\/uploads\/2017\/09\/cropped-123_kaani_logoS-2-1.jpg","width":184,"height":80,"caption":"Kaani"},"image":{"@id":"https:\/\/kaani.net\/#\/schema\/logo\/image\/"}}]}},"_links":{"self":[{"href":"https:\/\/kaani.net\/en\/wp-json\/wp\/v2\/product\/1597","targetHints":{"allow":["GET"]}}],"collection":[{"href":"https:\/\/kaani.net\/en\/wp-json\/wp\/v2\/product"}],"about":[{"href":"https:\/\/kaani.net\/en\/wp-json\/wp\/v2\/types\/product"}],"wp:featuredmedia":[{"embeddable":true,"href":"https:\/\/kaani.net\/en\/wp-json\/wp\/v2\/media\/2447"}],"wp:attachment":[{"href":"https:\/\/kaani.net\/en\/wp-json\/wp\/v2\/media?parent=1597"}],"wp:term":[{"taxonomy":"product_brand","embeddable":true,"href":"https:\/\/kaani.net\/en\/wp-json\/wp\/v2\/product_brand?post=1597"},{"taxonomy":"product_cat","embeddable":true,"href":"https:\/\/kaani.net\/en\/wp-json\/wp\/v2\/product_cat?post=1597"},{"taxonomy":"product_tag","embeddable":true,"href":"https:\/\/kaani.net\/en\/wp-json\/wp\/v2\/product_tag?post=1597"}],"curies":[{"name":"wp","href":"https:\/\/api.w.org\/{rel}","templated":true}]}}