{"id":165,"date":"2013-05-23T17:56:44","date_gmt":"2013-05-23T14:56:44","guid":{"rendered":"http:\/\/www.kaani.net\/?post_type=product&#038;p=165"},"modified":"2026-03-12T17:40:01","modified_gmt":"2026-03-12T15:40:01","slug":"jazz-apupoyta-ja-erikoispoytasarja","status":"publish","type":"product","link":"https:\/\/kaani.net\/en\/tuotteet\/jazz-tuoteperhe\/jazz-apupoyta-ja-erikoispoytasarja\/","title":{"rendered":"Jazz special tables"},"content":{"rendered":"<h1 class=\"woocommerce-products-header__title page-title\">Jazz<\/h1>\n<div class=\"term-description\">\n<p>The first Jazz products were designed in 2002, and the product family continues to expand and renew further.<\/p>\n<p>Characteristic features of Jazz products include e.g. horizontal use of wood, which often lightens the look of the entire interior. Another trademark is the good usability of the products. Several material and color options will hopefully help you find the right solution for your home. If you can't find standard solutions, Kaani will fulfill special solutions in terms of both materials and colors.<\/p>\n<\/div>","protected":false},"excerpt":{"rendered":"<p>Jazz tuoteperheeseen kuuluu erilaisia erikoisp\u00f6yti\u00e4. Jazz apup\u00f6yt\u00e4 on k\u00e4tev\u00e4 ja kaunis pienkaluste. Pohjassa olevien pienten kalustepy\u00f6rien ansiosta apup\u00f6yt\u00e4 on helppo liikutella. Se soveltuu aputasoksi esimerkiksi sohvan eteen ja sille l\u00f6ytyy aina tarvetta. P\u00f6yd\u00e4n rakenteessa on massiivipuuta, vaneria ja mdf-levy\u00e4.<\/p>\n<p><strong>Apup\u00f6yd\u00e4n mitat:<\/strong> 40cm leveys \/ 40cm syvyys \/ 65cm korkeus<\/p>\n<p>Jazz series tables are elegant details for home. They provide a lot of tablespaces if necessary.<\/p>\n<p><strong>Sizes of Jazz series tables:<\/strong><\/p>\n<p>38cm leveys \/\u00a0 38cm syvyys \/ 38cm korkeus<\/p>\n<p>48cm leveys \/ 38cm syvyys \/ 43cm korkeus<\/p>\n<p>58cm leveys \/ 38cm syvyys \/48cm korkeus<\/p>\n<p>&nbsp;<\/p>\n<p>Muistathan my\u00f6s mahdollisuuden tilata tuotteet erikoismitoilla ja -materiaaleilla.<\/p>\n<p><a href=\"https:\/\/kaani.net\/en\/materiaalit\/\"><strong>Materiaalit t\u00e4st\u00e4<\/strong><\/a><\/p>\n<p>Materiaali- ja v\u00e4rivaihtoehtoja Kaanilla on lukematon m\u00e4\u00e4r\u00e4. Siksi l\u00e4het\u00e4 tilauksesi\u00a0yhteydess\u00e4 meille s\u00e4hk\u00f6postiin (info@kaani.net) seuraavat tiedot:<\/p>\n<p><em>Ter\u00e4sosien v\u00e4ri \/ <\/em><em>Kankaan nimi ja v\u00e4ri \/ <\/em><em>Puuosien materiaali (koivu \/ tammi \/ maalattu) ja pintak\u00e4sittely.<\/em><\/p>","protected":false},"featured_media":15115,"template":"","meta":{"om_disable_all_campaigns":false,"_monsterinsights_skip_tracking":false,"_monsterinsights_sitenote_active":false,"_monsterinsights_sitenote_note":"","_monsterinsights_sitenote_category":0,"_uf_show_specific_survey":0,"_uf_disable_surveys":false},"product_brand":[],"product_cat":[733,731,37],"product_tag":[760,209,825,212,218,210,759],"class_list":{"0":"post-165","1":"product","2":"type-product","3":"status-publish","4":"has-post-thumbnail","6":"product_cat-sohvapoydat-fi","7":"product_cat-tyopoydat-fi","8":"product_cat-jazz-tuoteperhe","9":"product_tag-apupoyta","10":"product_tag-jazz","11":"product_tag-jazz-erikoispoyta","12":"product_tag-kaani","13":"product_tag-poyta","14":"product_tag-sohvapoyta","15":"product_tag-yopoyta","17":"first","18":"instock","19":"taxable","20":"shipping-taxable","21":"purchasable","22":"product-type-variable"},"yoast_head":"<!-- This site is optimized with the Yoast SEO plugin v26.7 - https:\/\/yoast.com\/wordpress\/plugins\/seo\/ -->\n<title>Jazz erikoisp\u00f6yd\u00e4t - Kaani<\/title>\n<meta name=\"description\" content=\"Jazz apup\u00f6yt\u00e4 on\u00a0hyv\u00e4 moneen tilaan ja useaan eri k\u00e4ytt\u00f6\u00f6n. Pohjassa olevien pienten kalustepy\u00f6rien ansiosta Jazz apup\u00f6yt\u00e4 on helppo liikutella.\" \/>\n<meta name=\"robots\" content=\"index, follow, max-snippet:-1, max-image-preview:large, max-video-preview:-1\" \/>\n<link rel=\"canonical\" href=\"https:\/\/kaani.net\/en\/tuotteet\/jazz-tuoteperhe\/jazz-apupoyta-ja-erikoispoytasarja\/\" \/>\n<meta property=\"og:locale\" content=\"en_US\" \/>\n<meta property=\"og:type\" content=\"article\" \/>\n<meta property=\"og:title\" content=\"Jazz erikoisp\u00f6yd\u00e4t - Kaani\" \/>\n<meta property=\"og:description\" content=\"Jazz apup\u00f6yt\u00e4 on\u00a0hyv\u00e4 moneen tilaan ja useaan eri k\u00e4ytt\u00f6\u00f6n. Pohjassa olevien pienten kalustepy\u00f6rien ansiosta Jazz apup\u00f6yt\u00e4 on helppo liikutella.\" \/>\n<meta property=\"og:url\" content=\"https:\/\/kaani.net\/en\/tuotteet\/jazz-tuoteperhe\/jazz-apupoyta-ja-erikoispoytasarja\/\" \/>\n<meta property=\"og:site_name\" content=\"Kaani\" \/>\n<meta property=\"article:modified_time\" content=\"2026-03-12T15:40:01+00:00\" \/>\n<meta property=\"og:image\" content=\"https:\/\/kaani.net\/wp-content\/uploads\/2013\/05\/Jazz-sarjapoyta.png\" \/>\n\t<meta property=\"og:image:width\" content=\"1024\" \/>\n\t<meta property=\"og:image:height\" content=\"1024\" \/>\n\t<meta property=\"og:image:type\" content=\"image\/png\" \/>\n<meta name=\"twitter:label1\" content=\"Est. reading time\" \/>\n\t<meta name=\"twitter:data1\" content=\"1 minute\" \/>\n<script type=\"application\/ld+json\" class=\"yoast-schema-graph\">{\"@context\":\"https:\/\/schema.org\",\"@graph\":[{\"@type\":\"WebPage\",\"@id\":\"https:\/\/kaani.net\/tuotteet\/jazz-tuoteperhe\/jazz-apupoyta-ja-erikoispoytasarja\/\",\"url\":\"https:\/\/kaani.net\/tuotteet\/jazz-tuoteperhe\/jazz-apupoyta-ja-erikoispoytasarja\/\",\"name\":\"Jazz erikoisp\u00f6yd\u00e4t - Kaani\",\"isPartOf\":{\"@id\":\"https:\/\/kaani.net\/#website\"},\"primaryImageOfPage\":{\"@id\":\"https:\/\/kaani.net\/tuotteet\/jazz-tuoteperhe\/jazz-apupoyta-ja-erikoispoytasarja\/#primaryimage\"},\"image\":{\"@id\":\"https:\/\/kaani.net\/tuotteet\/jazz-tuoteperhe\/jazz-apupoyta-ja-erikoispoytasarja\/#primaryimage\"},\"thumbnailUrl\":\"https:\/\/kaani.net\/wp-content\/uploads\/2013\/05\/Jazz-sarjapoyta.png\",\"datePublished\":\"2013-05-23T14:56:44+00:00\",\"dateModified\":\"2026-03-12T15:40:01+00:00\",\"description\":\"Jazz apup\u00f6yt\u00e4 on\u00a0hyv\u00e4 moneen tilaan ja useaan eri k\u00e4ytt\u00f6\u00f6n. Pohjassa olevien pienten kalustepy\u00f6rien ansiosta Jazz apup\u00f6yt\u00e4 on helppo liikutella.\",\"breadcrumb\":{\"@id\":\"https:\/\/kaani.net\/tuotteet\/jazz-tuoteperhe\/jazz-apupoyta-ja-erikoispoytasarja\/#breadcrumb\"},\"inLanguage\":\"en-US\",\"potentialAction\":[{\"@type\":\"ReadAction\",\"target\":[\"https:\/\/kaani.net\/tuotteet\/jazz-tuoteperhe\/jazz-apupoyta-ja-erikoispoytasarja\/\"]}]},{\"@type\":\"ImageObject\",\"inLanguage\":\"en-US\",\"@id\":\"https:\/\/kaani.net\/tuotteet\/jazz-tuoteperhe\/jazz-apupoyta-ja-erikoispoytasarja\/#primaryimage\",\"url\":\"https:\/\/kaani.net\/wp-content\/uploads\/2013\/05\/Jazz-sarjapoyta.png\",\"contentUrl\":\"https:\/\/kaani.net\/wp-content\/uploads\/2013\/05\/Jazz-sarjapoyta.png\",\"width\":1024,\"height\":1024,\"caption\":\"Jazz sarjap\u00f6yt\u00e4_wenge\"},{\"@type\":\"BreadcrumbList\",\"@id\":\"https:\/\/kaani.net\/tuotteet\/jazz-tuoteperhe\/jazz-apupoyta-ja-erikoispoytasarja\/#breadcrumb\",\"itemListElement\":[{\"@type\":\"ListItem\",\"position\":1,\"name\":\"Etusivu\",\"item\":\"https:\/\/kaani.net\/\"},{\"@type\":\"ListItem\",\"position\":2,\"name\":\"Tuotteet\",\"item\":\"https:\/\/kaani.net\/tuotteet\/\"},{\"@type\":\"ListItem\",\"position\":3,\"name\":\"Jazz erikoisp\u00f6yd\u00e4t\"}]},{\"@type\":\"WebSite\",\"@id\":\"https:\/\/kaani.net\/#website\",\"url\":\"https:\/\/kaani.net\/\",\"name\":\"Kaani\",\"description\":\"See the future!\",\"publisher\":{\"@id\":\"https:\/\/kaani.net\/#organization\"},\"potentialAction\":[{\"@type\":\"SearchAction\",\"target\":{\"@type\":\"EntryPoint\",\"urlTemplate\":\"https:\/\/kaani.net\/?s={search_term_string}\"},\"query-input\":{\"@type\":\"PropertyValueSpecification\",\"valueRequired\":true,\"valueName\":\"search_term_string\"}}],\"inLanguage\":\"en-US\"},{\"@type\":\"Organization\",\"@id\":\"https:\/\/kaani.net\/#organization\",\"name\":\"Kaani\",\"url\":\"https:\/\/kaani.net\/\",\"logo\":{\"@type\":\"ImageObject\",\"inLanguage\":\"en-US\",\"@id\":\"https:\/\/kaani.net\/#\/schema\/logo\/image\/\",\"url\":\"https:\/\/kaani.net\/wp-content\/uploads\/2017\/09\/cropped-123_kaani_logoS-2-1.jpg\",\"contentUrl\":\"https:\/\/kaani.net\/wp-content\/uploads\/2017\/09\/cropped-123_kaani_logoS-2-1.jpg\",\"width\":184,\"height\":80,\"caption\":\"Kaani\"},\"image\":{\"@id\":\"https:\/\/kaani.net\/#\/schema\/logo\/image\/\"}}]}<\/script>\n<!-- \/ Yoast SEO plugin. -->","yoast_head_json":{"title":"Jazz erikoisp\u00f6yd\u00e4t - Kaani","description":"Jazz apup\u00f6yt\u00e4 on\u00a0hyv\u00e4 moneen tilaan ja useaan eri k\u00e4ytt\u00f6\u00f6n. Pohjassa olevien pienten kalustepy\u00f6rien ansiosta Jazz apup\u00f6yt\u00e4 on helppo liikutella.","robots":{"index":"index","follow":"follow","max-snippet":"max-snippet:-1","max-image-preview":"max-image-preview:large","max-video-preview":"max-video-preview:-1"},"canonical":"https:\/\/kaani.net\/en\/tuotteet\/jazz-tuoteperhe\/jazz-apupoyta-ja-erikoispoytasarja\/","og_locale":"en_US","og_type":"article","og_title":"Jazz erikoisp\u00f6yd\u00e4t - Kaani","og_description":"Jazz apup\u00f6yt\u00e4 on\u00a0hyv\u00e4 moneen tilaan ja useaan eri k\u00e4ytt\u00f6\u00f6n. Pohjassa olevien pienten kalustepy\u00f6rien ansiosta Jazz apup\u00f6yt\u00e4 on helppo liikutella.","og_url":"https:\/\/kaani.net\/en\/tuotteet\/jazz-tuoteperhe\/jazz-apupoyta-ja-erikoispoytasarja\/","og_site_name":"Kaani","article_modified_time":"2026-03-12T15:40:01+00:00","og_image":[{"width":1024,"height":1024,"url":"https:\/\/kaani.net\/wp-content\/uploads\/2013\/05\/Jazz-sarjapoyta.png","type":"image\/png"}],"twitter_misc":{"Est. reading time":"1 minute"},"schema":{"@context":"https:\/\/schema.org","@graph":[{"@type":"WebPage","@id":"https:\/\/kaani.net\/tuotteet\/jazz-tuoteperhe\/jazz-apupoyta-ja-erikoispoytasarja\/","url":"https:\/\/kaani.net\/tuotteet\/jazz-tuoteperhe\/jazz-apupoyta-ja-erikoispoytasarja\/","name":"Jazz erikoisp\u00f6yd\u00e4t - Kaani","isPartOf":{"@id":"https:\/\/kaani.net\/#website"},"primaryImageOfPage":{"@id":"https:\/\/kaani.net\/tuotteet\/jazz-tuoteperhe\/jazz-apupoyta-ja-erikoispoytasarja\/#primaryimage"},"image":{"@id":"https:\/\/kaani.net\/tuotteet\/jazz-tuoteperhe\/jazz-apupoyta-ja-erikoispoytasarja\/#primaryimage"},"thumbnailUrl":"https:\/\/kaani.net\/wp-content\/uploads\/2013\/05\/Jazz-sarjapoyta.png","datePublished":"2013-05-23T14:56:44+00:00","dateModified":"2026-03-12T15:40:01+00:00","description":"Jazz apup\u00f6yt\u00e4 on\u00a0hyv\u00e4 moneen tilaan ja useaan eri k\u00e4ytt\u00f6\u00f6n. Pohjassa olevien pienten kalustepy\u00f6rien ansiosta Jazz apup\u00f6yt\u00e4 on helppo liikutella.","breadcrumb":{"@id":"https:\/\/kaani.net\/tuotteet\/jazz-tuoteperhe\/jazz-apupoyta-ja-erikoispoytasarja\/#breadcrumb"},"inLanguage":"en-US","potentialAction":[{"@type":"ReadAction","target":["https:\/\/kaani.net\/tuotteet\/jazz-tuoteperhe\/jazz-apupoyta-ja-erikoispoytasarja\/"]}]},{"@type":"ImageObject","inLanguage":"en-US","@id":"https:\/\/kaani.net\/tuotteet\/jazz-tuoteperhe\/jazz-apupoyta-ja-erikoispoytasarja\/#primaryimage","url":"https:\/\/kaani.net\/wp-content\/uploads\/2013\/05\/Jazz-sarjapoyta.png","contentUrl":"https:\/\/kaani.net\/wp-content\/uploads\/2013\/05\/Jazz-sarjapoyta.png","width":1024,"height":1024,"caption":"Jazz sarjap\u00f6yt\u00e4_wenge"},{"@type":"BreadcrumbList","@id":"https:\/\/kaani.net\/tuotteet\/jazz-tuoteperhe\/jazz-apupoyta-ja-erikoispoytasarja\/#breadcrumb","itemListElement":[{"@type":"ListItem","position":1,"name":"Etusivu","item":"https:\/\/kaani.net\/"},{"@type":"ListItem","position":2,"name":"Tuotteet","item":"https:\/\/kaani.net\/tuotteet\/"},{"@type":"ListItem","position":3,"name":"Jazz erikoisp\u00f6yd\u00e4t"}]},{"@type":"WebSite","@id":"https:\/\/kaani.net\/#website","url":"https:\/\/kaani.net\/","name":"Kaani","description":"See the future!","publisher":{"@id":"https:\/\/kaani.net\/#organization"},"potentialAction":[{"@type":"SearchAction","target":{"@type":"EntryPoint","urlTemplate":"https:\/\/kaani.net\/?s={search_term_string}"},"query-input":{"@type":"PropertyValueSpecification","valueRequired":true,"valueName":"search_term_string"}}],"inLanguage":"en-US"},{"@type":"Organization","@id":"https:\/\/kaani.net\/#organization","name":"Kaani","url":"https:\/\/kaani.net\/","logo":{"@type":"ImageObject","inLanguage":"en-US","@id":"https:\/\/kaani.net\/#\/schema\/logo\/image\/","url":"https:\/\/kaani.net\/wp-content\/uploads\/2017\/09\/cropped-123_kaani_logoS-2-1.jpg","contentUrl":"https:\/\/kaani.net\/wp-content\/uploads\/2017\/09\/cropped-123_kaani_logoS-2-1.jpg","width":184,"height":80,"caption":"Kaani"},"image":{"@id":"https:\/\/kaani.net\/#\/schema\/logo\/image\/"}}]}},"_links":{"self":[{"href":"https:\/\/kaani.net\/en\/wp-json\/wp\/v2\/product\/165","targetHints":{"allow":["GET"]}}],"collection":[{"href":"https:\/\/kaani.net\/en\/wp-json\/wp\/v2\/product"}],"about":[{"href":"https:\/\/kaani.net\/en\/wp-json\/wp\/v2\/types\/product"}],"wp:featuredmedia":[{"embeddable":true,"href":"https:\/\/kaani.net\/en\/wp-json\/wp\/v2\/media\/15115"}],"wp:attachment":[{"href":"https:\/\/kaani.net\/en\/wp-json\/wp\/v2\/media?parent=165"}],"wp:term":[{"taxonomy":"product_brand","embeddable":true,"href":"https:\/\/kaani.net\/en\/wp-json\/wp\/v2\/product_brand?post=165"},{"taxonomy":"product_cat","embeddable":true,"href":"https:\/\/kaani.net\/en\/wp-json\/wp\/v2\/product_cat?post=165"},{"taxonomy":"product_tag","embeddable":true,"href":"https:\/\/kaani.net\/en\/wp-json\/wp\/v2\/product_tag?post=165"}],"curies":[{"name":"wp","href":"https:\/\/api.w.org\/{rel}","templated":true}]}}