{"id":2116,"date":"2018-06-27T14:50:55","date_gmt":"2018-06-27T11:50:55","guid":{"rendered":"https:\/\/kaani.fi\/?post_type=product&#038;p=2116"},"modified":"2025-12-05T12:08:59","modified_gmt":"2025-12-05T10:08:59","slug":"alkuperainen-jazz-tuoli-teras-ja-puujaloilla","status":"publish","type":"product","link":"https:\/\/kaani.net\/en\/tuotteet\/jazz-tuoteperhe\/alkuperainen-jazz-tuoli-teras-ja-puujaloilla\/","title":{"rendered":"Jazz chair"},"content":{"rendered":"<div class=\"vc_row wpb_row vc_row-fluid\"><div class=\"wpb_column vc_column_container vc_col-sm-12\"><div class=\"vc_column-inner\"><div class=\"wpb_wrapper\">\n\t<div class=\"wpb_text_column wpb_content_element\" >\n\t\t<div class=\"wpb_wrapper\">\n\t\t\t<h1>Jazz<\/h1>\n<p>Characteristic features of Jazz products include e.g. horizontal use of wood, which often lightens the look of the entire interior. Another character is the good usability of the products. Several material and color options will hopefully help you find the right solution for your home. If you can't find standard solutions, Kaani will fulfill special solutions in terms of both materials and colors.<\/p>\n\n\t\t<\/div>\n\t<\/div>\n<\/div><\/div><\/div><\/div>","protected":false},"excerpt":{"rendered":"<p><strong>Jazz-Original<\/strong> (ns. matalampi selk\u00e4noja)<\/p>\n<p>Alkuper\u00e4inen Jazz tuoli on Kaanin klassikkotuote. Sen muotokieli ja ergonomia edustavat selke\u00e4\u00e4 skandinaavista muotoilua. Kaanin Jazz tuoli on valittu Suomen Designmuseon vakituisiin kokoelmiin.<\/p>\n<p>Pitk\u00e4ik\u00e4inen ja kest\u00e4v\u00e4 tuoli on helppo uudistaa vaihtohupulla. Verhoiluvaihtoehtoja on l\u00e4hes rajaton m\u00e4\u00e4r\u00e4.<br \/>\nWe are happy to provide full maintenance for already-aged Kaani products.<br \/>\nValittavanasi on kaikki soveltuvat Kaanin, Lauritzonin, Orientin ja Nevotexin kankaat.<\/p>\n<p>You can also choose<strong> <a href=\"https:\/\/kaani.net\/en\/outlet-2\/\">Tarjouskankaat. <\/a><\/strong>Jazz-Original tarjouskankaalla ja ter\u00e4sjaloilla 307\u20ac (438\u20ac). Huom! rajoitettu er\u00e4.<\/p>\n<p>Ota yhteytt\u00e4, jos haluat tuolin tarjouskankaalla mutta puujaloilla. Annamme tuolista sinulle hyv\u00e4n tarjouksen!<\/p>\n<p>Jazz tuolit ovat saatavilla ter\u00e4s- ja puujaloilla sek\u00e4 laippajalalla. Jazz tuolin voi my\u00f6s tilata ilman kahvaa.<\/p>\n<p><strong>Mitat:<\/strong> 43cm leveys \/ 55cm syvyys \/ 45cm istuinkorkeus \/\u00a0 85cm kokonaiskorkeus<\/p>\n<p>&nbsp;<\/p>\n<p><strong><a href=\"https:\/\/kaani.net\/en\/materiaalit\/\">Materiaalit t\u00e4st\u00e4<\/a> <\/strong><\/p>\n<p>Materiaali- ja v\u00e4rivaihtoehtoja Kaanilla on lukematon m\u00e4\u00e4r\u00e4. Siksi l\u00e4het\u00e4 tilauksesi\u00a0 yhteydess\u00e4 meille s\u00e4hk\u00f6postiin (info@kaani.net) seuraavat tiedot:<\/p>\n<p><em>Ter\u00e4sosien v\u00e4ri \/ <\/em><em>Kankaan nimi ja v\u00e4ri \/ <\/em><em>Puuosien materiaali (koivu \/ tammi \/ maalattu) ja pintak\u00e4sittely.<\/em><\/p>\n<p>30<\/p>","protected":false},"featured_media":3937,"template":"","meta":{"om_disable_all_campaigns":false,"_monsterinsights_skip_tracking":false,"_monsterinsights_sitenote_active":false,"_monsterinsights_sitenote_note":"","_monsterinsights_sitenote_category":0,"_uf_show_specific_survey":0,"_uf_disable_surveys":false},"product_brand":[],"product_cat":[719,37],"product_tag":[897,209,212,843,227,219],"class_list":{"0":"post-2116","1":"product","2":"type-product","3":"status-publish","4":"has-post-thumbnail","6":"product_cat-ruokatuolit","7":"product_cat-jazz-tuoteperhe","8":"product_tag-alkuperainen-jazz","9":"product_tag-jazz","10":"product_tag-kaani","11":"product_tag-ruokailutuoli","12":"product_tag-ruokatuoli","13":"product_tag-tuoli","15":"first","16":"instock","17":"sale","18":"taxable","19":"shipping-taxable","20":"purchasable","21":"product-type-variable","22":"has-default-attributes"},"yoast_head":"<!-- This site is optimized with the Yoast SEO plugin v26.7 - https:\/\/yoast.com\/wordpress\/plugins\/seo\/ -->\n<title>Jazz tuoli - Kaani<\/title>\n<meta name=\"description\" content=\"Jazz tuoli on ollut tuotannossa jo vuodesta 2002. Se on Kaanin tunnettu klassikko, jonka menestys jatkuu vuodesta toiseen. Valitse alkuper\u00e4inen!\" \/>\n<meta name=\"robots\" content=\"index, follow, max-snippet:-1, max-image-preview:large, max-video-preview:-1\" \/>\n<link rel=\"canonical\" href=\"https:\/\/kaani.net\/en\/tuotteet\/jazz-tuoteperhe\/alkuperainen-jazz-tuoli-teras-ja-puujaloilla\/\" \/>\n<meta property=\"og:locale\" content=\"en_US\" \/>\n<meta property=\"og:type\" content=\"article\" \/>\n<meta property=\"og:title\" content=\"Jazz tuoli - Kaani\" \/>\n<meta property=\"og:description\" content=\"Jazz tuoli on ollut tuotannossa jo vuodesta 2002. Se on Kaanin tunnettu klassikko, jonka menestys jatkuu vuodesta toiseen. Valitse alkuper\u00e4inen!\" \/>\n<meta property=\"og:url\" content=\"https:\/\/kaani.net\/en\/tuotteet\/jazz-tuoteperhe\/alkuperainen-jazz-tuoli-teras-ja-puujaloilla\/\" \/>\n<meta property=\"og:site_name\" content=\"Kaani\" \/>\n<meta property=\"article:modified_time\" content=\"2025-12-05T10:08:59+00:00\" \/>\n<meta property=\"og:image\" content=\"https:\/\/kaani.net\/wp-content\/uploads\/2019\/03\/Jazztuoli_ruskea_O9A8433_1000.jpg\" \/>\n\t<meta property=\"og:image:width\" content=\"1000\" \/>\n\t<meta property=\"og:image:height\" content=\"1000\" \/>\n\t<meta property=\"og:image:type\" content=\"image\/jpeg\" \/>\n<meta name=\"twitter:label1\" content=\"Est. reading time\" \/>\n\t<meta name=\"twitter:data1\" content=\"1 minute\" \/>\n<script type=\"application\/ld+json\" class=\"yoast-schema-graph\">{\"@context\":\"https:\/\/schema.org\",\"@graph\":[{\"@type\":\"WebPage\",\"@id\":\"https:\/\/kaani.net\/tuotteet\/jazz-tuoteperhe\/alkuperainen-jazz-tuoli-teras-ja-puujaloilla\/\",\"url\":\"https:\/\/kaani.net\/tuotteet\/jazz-tuoteperhe\/alkuperainen-jazz-tuoli-teras-ja-puujaloilla\/\",\"name\":\"Jazz tuoli - Kaani\",\"isPartOf\":{\"@id\":\"https:\/\/kaani.net\/#website\"},\"primaryImageOfPage\":{\"@id\":\"https:\/\/kaani.net\/tuotteet\/jazz-tuoteperhe\/alkuperainen-jazz-tuoli-teras-ja-puujaloilla\/#primaryimage\"},\"image\":{\"@id\":\"https:\/\/kaani.net\/tuotteet\/jazz-tuoteperhe\/alkuperainen-jazz-tuoli-teras-ja-puujaloilla\/#primaryimage\"},\"thumbnailUrl\":\"https:\/\/kaani.net\/wp-content\/uploads\/2019\/03\/Jazztuoli_ruskea_O9A8433_1000.jpg\",\"datePublished\":\"2018-06-27T11:50:55+00:00\",\"dateModified\":\"2025-12-05T10:08:59+00:00\",\"description\":\"Jazz tuoli on ollut tuotannossa jo vuodesta 2002. Se on Kaanin tunnettu klassikko, jonka menestys jatkuu vuodesta toiseen. Valitse alkuper\u00e4inen!\",\"breadcrumb\":{\"@id\":\"https:\/\/kaani.net\/tuotteet\/jazz-tuoteperhe\/alkuperainen-jazz-tuoli-teras-ja-puujaloilla\/#breadcrumb\"},\"inLanguage\":\"en-US\",\"potentialAction\":[{\"@type\":\"ReadAction\",\"target\":[\"https:\/\/kaani.net\/tuotteet\/jazz-tuoteperhe\/alkuperainen-jazz-tuoli-teras-ja-puujaloilla\/\"]}]},{\"@type\":\"ImageObject\",\"inLanguage\":\"en-US\",\"@id\":\"https:\/\/kaani.net\/tuotteet\/jazz-tuoteperhe\/alkuperainen-jazz-tuoli-teras-ja-puujaloilla\/#primaryimage\",\"url\":\"https:\/\/kaani.net\/wp-content\/uploads\/2019\/03\/Jazztuoli_ruskea_O9A8433_1000.jpg\",\"contentUrl\":\"https:\/\/kaani.net\/wp-content\/uploads\/2019\/03\/Jazztuoli_ruskea_O9A8433_1000.jpg\",\"width\":1000,\"height\":1000,\"caption\":\"Jazz tuoli ruskealla nahalla\"},{\"@type\":\"BreadcrumbList\",\"@id\":\"https:\/\/kaani.net\/tuotteet\/jazz-tuoteperhe\/alkuperainen-jazz-tuoli-teras-ja-puujaloilla\/#breadcrumb\",\"itemListElement\":[{\"@type\":\"ListItem\",\"position\":1,\"name\":\"Etusivu\",\"item\":\"https:\/\/kaani.net\/\"},{\"@type\":\"ListItem\",\"position\":2,\"name\":\"Tuotteet\",\"item\":\"https:\/\/kaani.net\/tuotteet\/\"},{\"@type\":\"ListItem\",\"position\":3,\"name\":\"Jazz tuoli\"}]},{\"@type\":\"WebSite\",\"@id\":\"https:\/\/kaani.net\/#website\",\"url\":\"https:\/\/kaani.net\/\",\"name\":\"Kaani\",\"description\":\"See the future!\",\"publisher\":{\"@id\":\"https:\/\/kaani.net\/#organization\"},\"potentialAction\":[{\"@type\":\"SearchAction\",\"target\":{\"@type\":\"EntryPoint\",\"urlTemplate\":\"https:\/\/kaani.net\/?s={search_term_string}\"},\"query-input\":{\"@type\":\"PropertyValueSpecification\",\"valueRequired\":true,\"valueName\":\"search_term_string\"}}],\"inLanguage\":\"en-US\"},{\"@type\":\"Organization\",\"@id\":\"https:\/\/kaani.net\/#organization\",\"name\":\"Kaani\",\"url\":\"https:\/\/kaani.net\/\",\"logo\":{\"@type\":\"ImageObject\",\"inLanguage\":\"en-US\",\"@id\":\"https:\/\/kaani.net\/#\/schema\/logo\/image\/\",\"url\":\"https:\/\/kaani.net\/wp-content\/uploads\/2017\/09\/cropped-123_kaani_logoS-2-1.jpg\",\"contentUrl\":\"https:\/\/kaani.net\/wp-content\/uploads\/2017\/09\/cropped-123_kaani_logoS-2-1.jpg\",\"width\":184,\"height\":80,\"caption\":\"Kaani\"},\"image\":{\"@id\":\"https:\/\/kaani.net\/#\/schema\/logo\/image\/\"}}]}<\/script>\n<!-- \/ Yoast SEO plugin. -->","yoast_head_json":{"title":"Jazz tuoli - Kaani","description":"Jazz tuoli on ollut tuotannossa jo vuodesta 2002. Se on Kaanin tunnettu klassikko, jonka menestys jatkuu vuodesta toiseen. Valitse alkuper\u00e4inen!","robots":{"index":"index","follow":"follow","max-snippet":"max-snippet:-1","max-image-preview":"max-image-preview:large","max-video-preview":"max-video-preview:-1"},"canonical":"https:\/\/kaani.net\/en\/tuotteet\/jazz-tuoteperhe\/alkuperainen-jazz-tuoli-teras-ja-puujaloilla\/","og_locale":"en_US","og_type":"article","og_title":"Jazz tuoli - Kaani","og_description":"Jazz tuoli on ollut tuotannossa jo vuodesta 2002. Se on Kaanin tunnettu klassikko, jonka menestys jatkuu vuodesta toiseen. Valitse alkuper\u00e4inen!","og_url":"https:\/\/kaani.net\/en\/tuotteet\/jazz-tuoteperhe\/alkuperainen-jazz-tuoli-teras-ja-puujaloilla\/","og_site_name":"Kaani","article_modified_time":"2025-12-05T10:08:59+00:00","og_image":[{"width":1000,"height":1000,"url":"https:\/\/kaani.net\/wp-content\/uploads\/2019\/03\/Jazztuoli_ruskea_O9A8433_1000.jpg","type":"image\/jpeg"}],"twitter_misc":{"Est. reading time":"1 minute"},"schema":{"@context":"https:\/\/schema.org","@graph":[{"@type":"WebPage","@id":"https:\/\/kaani.net\/tuotteet\/jazz-tuoteperhe\/alkuperainen-jazz-tuoli-teras-ja-puujaloilla\/","url":"https:\/\/kaani.net\/tuotteet\/jazz-tuoteperhe\/alkuperainen-jazz-tuoli-teras-ja-puujaloilla\/","name":"Jazz tuoli - Kaani","isPartOf":{"@id":"https:\/\/kaani.net\/#website"},"primaryImageOfPage":{"@id":"https:\/\/kaani.net\/tuotteet\/jazz-tuoteperhe\/alkuperainen-jazz-tuoli-teras-ja-puujaloilla\/#primaryimage"},"image":{"@id":"https:\/\/kaani.net\/tuotteet\/jazz-tuoteperhe\/alkuperainen-jazz-tuoli-teras-ja-puujaloilla\/#primaryimage"},"thumbnailUrl":"https:\/\/kaani.net\/wp-content\/uploads\/2019\/03\/Jazztuoli_ruskea_O9A8433_1000.jpg","datePublished":"2018-06-27T11:50:55+00:00","dateModified":"2025-12-05T10:08:59+00:00","description":"Jazz tuoli on ollut tuotannossa jo vuodesta 2002. Se on Kaanin tunnettu klassikko, jonka menestys jatkuu vuodesta toiseen. Valitse alkuper\u00e4inen!","breadcrumb":{"@id":"https:\/\/kaani.net\/tuotteet\/jazz-tuoteperhe\/alkuperainen-jazz-tuoli-teras-ja-puujaloilla\/#breadcrumb"},"inLanguage":"en-US","potentialAction":[{"@type":"ReadAction","target":["https:\/\/kaani.net\/tuotteet\/jazz-tuoteperhe\/alkuperainen-jazz-tuoli-teras-ja-puujaloilla\/"]}]},{"@type":"ImageObject","inLanguage":"en-US","@id":"https:\/\/kaani.net\/tuotteet\/jazz-tuoteperhe\/alkuperainen-jazz-tuoli-teras-ja-puujaloilla\/#primaryimage","url":"https:\/\/kaani.net\/wp-content\/uploads\/2019\/03\/Jazztuoli_ruskea_O9A8433_1000.jpg","contentUrl":"https:\/\/kaani.net\/wp-content\/uploads\/2019\/03\/Jazztuoli_ruskea_O9A8433_1000.jpg","width":1000,"height":1000,"caption":"Jazz tuoli ruskealla nahalla"},{"@type":"BreadcrumbList","@id":"https:\/\/kaani.net\/tuotteet\/jazz-tuoteperhe\/alkuperainen-jazz-tuoli-teras-ja-puujaloilla\/#breadcrumb","itemListElement":[{"@type":"ListItem","position":1,"name":"Etusivu","item":"https:\/\/kaani.net\/"},{"@type":"ListItem","position":2,"name":"Tuotteet","item":"https:\/\/kaani.net\/tuotteet\/"},{"@type":"ListItem","position":3,"name":"Jazz tuoli"}]},{"@type":"WebSite","@id":"https:\/\/kaani.net\/#website","url":"https:\/\/kaani.net\/","name":"Kaani","description":"See the future!","publisher":{"@id":"https:\/\/kaani.net\/#organization"},"potentialAction":[{"@type":"SearchAction","target":{"@type":"EntryPoint","urlTemplate":"https:\/\/kaani.net\/?s={search_term_string}"},"query-input":{"@type":"PropertyValueSpecification","valueRequired":true,"valueName":"search_term_string"}}],"inLanguage":"en-US"},{"@type":"Organization","@id":"https:\/\/kaani.net\/#organization","name":"Kaani","url":"https:\/\/kaani.net\/","logo":{"@type":"ImageObject","inLanguage":"en-US","@id":"https:\/\/kaani.net\/#\/schema\/logo\/image\/","url":"https:\/\/kaani.net\/wp-content\/uploads\/2017\/09\/cropped-123_kaani_logoS-2-1.jpg","contentUrl":"https:\/\/kaani.net\/wp-content\/uploads\/2017\/09\/cropped-123_kaani_logoS-2-1.jpg","width":184,"height":80,"caption":"Kaani"},"image":{"@id":"https:\/\/kaani.net\/#\/schema\/logo\/image\/"}}]}},"_links":{"self":[{"href":"https:\/\/kaani.net\/en\/wp-json\/wp\/v2\/product\/2116","targetHints":{"allow":["GET"]}}],"collection":[{"href":"https:\/\/kaani.net\/en\/wp-json\/wp\/v2\/product"}],"about":[{"href":"https:\/\/kaani.net\/en\/wp-json\/wp\/v2\/types\/product"}],"wp:featuredmedia":[{"embeddable":true,"href":"https:\/\/kaani.net\/en\/wp-json\/wp\/v2\/media\/3937"}],"wp:attachment":[{"href":"https:\/\/kaani.net\/en\/wp-json\/wp\/v2\/media?parent=2116"}],"wp:term":[{"taxonomy":"product_brand","embeddable":true,"href":"https:\/\/kaani.net\/en\/wp-json\/wp\/v2\/product_brand?post=2116"},{"taxonomy":"product_cat","embeddable":true,"href":"https:\/\/kaani.net\/en\/wp-json\/wp\/v2\/product_cat?post=2116"},{"taxonomy":"product_tag","embeddable":true,"href":"https:\/\/kaani.net\/en\/wp-json\/wp\/v2\/product_tag?post=2116"}],"curies":[{"name":"wp","href":"https:\/\/api.w.org\/{rel}","templated":true}]}}