{"id":2389,"date":"2018-07-10T13:43:01","date_gmt":"2018-07-10T10:43:01","guid":{"rendered":"https:\/\/kaani.fi\/?post_type=product&#038;p=2389"},"modified":"2026-04-23T14:49:29","modified_gmt":"2026-04-23T11:49:29","slug":"minun-lepotuoli-kasinojalla-design-lepotuoli-kotimainen","status":"publish","type":"product","link":"https:\/\/kaani.net\/en\/tuotteet\/minun\/minun-lepotuoli-kasinojalla-design-lepotuoli-kotimainen\/","title":{"rendered":"Mine- easy chair"},"content":{"rendered":"<div class=\"vc_row wpb_row vc_row-fluid\"><div class=\"wpb_column vc_column_container vc_col-sm-12\"><div class=\"vc_column-inner\"><div class=\"wpb_wrapper\">\n\t<div class=\"wpb_text_column wpb_content_element\" >\n\t\t<div class=\"wpb_wrapper\">\n\t\t\t<h1>Mine- easy chair<\/h1>\n<p>Lepotuoli k\u00e4sinojilla tai nahkapintaisilla k\u00e4sinojilla. Minun on Kaanin uusin, moderni ja tyylik\u00e4s lepotuoli. Se sopii kotiin tai toimistoon!<\/p>\n\n\t\t<\/div>\n\t<\/div>\n<\/div><\/div><\/div><\/div>","protected":false},"excerpt":{"rendered":"<p><strong>Mine<\/strong><\/p>\n<p>Mine- easy chair with cognac colored leather and black waxed wooden parts. There's something about it!<\/p>\n<p>Tutustu upeaan Minun lepotuoliin, joka yhdist\u00e4\u00e4 tyylin ja mukavuuden! S\u00e4\u00e4d\u00e4 mielesi mukaan ja vie sisustus uudelle tasolle.<\/p>\n<p>Valitse verhoilumateriaali ja puuosien v\u00e4ri, silloin se on Sinun. Minun sopii kotiin ja toimistoon!<\/p>\n<p>Wooden parts - birch or oak.<\/p>\n<p><strong>Matalaselk\u00e4inen:<\/strong> 82cm kokonaissyvyys \/ 72cm kokonaisleveys \/ 77cm kokonaiskorkeus \/ 45cm istuinkorkeus<\/p>\n<p><strong>Korkeaselk\u00e4inen:<\/strong> 82cm kokonaissyvyys \/ 72cm kokonaisleveys \/ 100cm kokonaiskorkeus \/ 45cm istuinkorkeus<\/p>\n<p><strong>Rahi: <\/strong>leveys 72cm, syvyys 40cm, korkeus 40cm<\/p>\n<p>&nbsp;<\/p>\n<p>Muistathan my\u00f6s mahdollisuuden tilata tuotteet erikoismitoilla ja -materiaaleilla.<\/p>\n<p><a href=\"https:\/\/kaani.net\/en\/materiaalit\/\"><strong>Materiaalit t\u00e4st\u00e4<\/strong><\/a><\/p>\n<p>Materiaali- ja v\u00e4rivaihtoehtoja Kaanilla on lukematon m\u00e4\u00e4r\u00e4. Siksi l\u00e4het\u00e4 tilauksesi\u00a0yhteydess\u00e4 meille s\u00e4hk\u00f6postiin (info@kaani.net) seuraavat tiedot:<\/p>\n<p><em>Ter\u00e4sosien v\u00e4ri \/ <\/em><em>Kankaan nimi ja v\u00e4ri \/ <\/em><em>Puuosien materiaali (koivu \/ tammi \/ maalattu) ja pintak\u00e4sittely.<\/em><\/p>\n<p>&nbsp;<\/p>","protected":false},"featured_media":15143,"template":"","meta":{"om_disable_all_campaigns":false,"_monsterinsights_skip_tracking":false,"_monsterinsights_sitenote_active":false,"_monsterinsights_sitenote_note":"","_monsterinsights_sitenote_category":0,"_uf_show_specific_survey":0,"_uf_disable_surveys":false},"product_brand":[],"product_cat":[723,283],"product_tag":[787,212,789,111,790,244,823],"class_list":{"0":"post-2389","1":"product","2":"type-product","3":"status-publish","4":"has-post-thumbnail","6":"product_cat-lepotuolit-ja-sohvat","7":"product_cat-minun","8":"product_tag-design-lepotuoli","9":"product_tag-kaani","10":"product_tag-kotimainen-lepotuoli","11":"product_tag-lepotuoli","12":"product_tag-minun","13":"product_tag-nojatuoli","14":"product_tag-sohva-ja-lepotuoli","16":"first","17":"instock","18":"taxable","19":"shipping-taxable","20":"purchasable","21":"product-type-variable","22":"has-default-attributes"},"yoast_head":"<!-- This site is optimized with the Yoast SEO plugin v26.7 - https:\/\/yoast.com\/wordpress\/plugins\/seo\/ -->\n<title>Minun lepotuoli: Moderni ja tyylik\u00e4s valinta - Kaani<\/title>\n<meta name=\"description\" content=\"Tutustu upeaan Minun lepotuoliin, joka yhdist\u00e4\u00e4 tyylin ja mukavuuden! S\u00e4\u00e4d\u00e4 mielesi mukaan ja vie sisustus uudelle tasolle.\" \/>\n<meta name=\"robots\" content=\"index, follow, max-snippet:-1, max-image-preview:large, max-video-preview:-1\" \/>\n<link rel=\"canonical\" href=\"https:\/\/kaani.net\/en\/tuotteet\/minun\/minun-lepotuoli-kasinojalla-design-lepotuoli-kotimainen\/\" \/>\n<meta property=\"og:locale\" content=\"en_US\" \/>\n<meta property=\"og:type\" content=\"article\" \/>\n<meta property=\"og:title\" content=\"Minun lepotuoli: Moderni ja tyylik\u00e4s valinta - Kaani\" \/>\n<meta property=\"og:description\" content=\"Tutustu upeaan Minun lepotuoliin, joka yhdist\u00e4\u00e4 tyylin ja mukavuuden! S\u00e4\u00e4d\u00e4 mielesi mukaan ja vie sisustus uudelle tasolle.\" \/>\n<meta property=\"og:url\" content=\"https:\/\/kaani.net\/en\/tuotteet\/minun\/minun-lepotuoli-kasinojalla-design-lepotuoli-kotimainen\/\" \/>\n<meta property=\"og:site_name\" content=\"Kaani\" \/>\n<meta property=\"article:modified_time\" content=\"2026-04-23T11:49:29+00:00\" \/>\n<meta property=\"og:image\" content=\"https:\/\/kaani.net\/wp-content\/uploads\/2018\/07\/Minun_konjakki.png\" \/>\n\t<meta property=\"og:image:width\" content=\"1024\" \/>\n\t<meta property=\"og:image:height\" content=\"1024\" \/>\n\t<meta property=\"og:image:type\" content=\"image\/png\" \/>\n<meta name=\"twitter:label1\" content=\"Est. reading time\" \/>\n\t<meta name=\"twitter:data1\" content=\"1 minute\" \/>\n<script type=\"application\/ld+json\" class=\"yoast-schema-graph\">{\"@context\":\"https:\/\/schema.org\",\"@graph\":[{\"@type\":\"WebPage\",\"@id\":\"https:\/\/kaani.net\/tuotteet\/minun\/minun-lepotuoli-kasinojalla-design-lepotuoli-kotimainen\/\",\"url\":\"https:\/\/kaani.net\/tuotteet\/minun\/minun-lepotuoli-kasinojalla-design-lepotuoli-kotimainen\/\",\"name\":\"Minun lepotuoli: Moderni ja tyylik\u00e4s valinta - Kaani\",\"isPartOf\":{\"@id\":\"https:\/\/kaani.net\/#website\"},\"primaryImageOfPage\":{\"@id\":\"https:\/\/kaani.net\/tuotteet\/minun\/minun-lepotuoli-kasinojalla-design-lepotuoli-kotimainen\/#primaryimage\"},\"image\":{\"@id\":\"https:\/\/kaani.net\/tuotteet\/minun\/minun-lepotuoli-kasinojalla-design-lepotuoli-kotimainen\/#primaryimage\"},\"thumbnailUrl\":\"https:\/\/kaani.net\/wp-content\/uploads\/2018\/07\/Minun_konjakki.png\",\"datePublished\":\"2018-07-10T10:43:01+00:00\",\"dateModified\":\"2026-04-23T11:49:29+00:00\",\"description\":\"Tutustu upeaan Minun lepotuoliin, joka yhdist\u00e4\u00e4 tyylin ja mukavuuden! S\u00e4\u00e4d\u00e4 mielesi mukaan ja vie sisustus uudelle tasolle.\",\"breadcrumb\":{\"@id\":\"https:\/\/kaani.net\/tuotteet\/minun\/minun-lepotuoli-kasinojalla-design-lepotuoli-kotimainen\/#breadcrumb\"},\"inLanguage\":\"en-US\",\"potentialAction\":[{\"@type\":\"ReadAction\",\"target\":[\"https:\/\/kaani.net\/tuotteet\/minun\/minun-lepotuoli-kasinojalla-design-lepotuoli-kotimainen\/\"]}]},{\"@type\":\"ImageObject\",\"inLanguage\":\"en-US\",\"@id\":\"https:\/\/kaani.net\/tuotteet\/minun\/minun-lepotuoli-kasinojalla-design-lepotuoli-kotimainen\/#primaryimage\",\"url\":\"https:\/\/kaani.net\/wp-content\/uploads\/2018\/07\/Minun_konjakki.png\",\"contentUrl\":\"https:\/\/kaani.net\/wp-content\/uploads\/2018\/07\/Minun_konjakki.png\",\"width\":1024,\"height\":1024,\"caption\":\"Minun lepotuoli konjakki tammi.. Konjakki nahka.\"},{\"@type\":\"BreadcrumbList\",\"@id\":\"https:\/\/kaani.net\/tuotteet\/minun\/minun-lepotuoli-kasinojalla-design-lepotuoli-kotimainen\/#breadcrumb\",\"itemListElement\":[{\"@type\":\"ListItem\",\"position\":1,\"name\":\"Etusivu\",\"item\":\"https:\/\/kaani.net\/\"},{\"@type\":\"ListItem\",\"position\":2,\"name\":\"Tuotteet\",\"item\":\"https:\/\/kaani.net\/tuotteet\/\"},{\"@type\":\"ListItem\",\"position\":3,\"name\":\"Minun lepotuoli\"}]},{\"@type\":\"WebSite\",\"@id\":\"https:\/\/kaani.net\/#website\",\"url\":\"https:\/\/kaani.net\/\",\"name\":\"Kaani\",\"description\":\"See the future!\",\"publisher\":{\"@id\":\"https:\/\/kaani.net\/#organization\"},\"potentialAction\":[{\"@type\":\"SearchAction\",\"target\":{\"@type\":\"EntryPoint\",\"urlTemplate\":\"https:\/\/kaani.net\/?s={search_term_string}\"},\"query-input\":{\"@type\":\"PropertyValueSpecification\",\"valueRequired\":true,\"valueName\":\"search_term_string\"}}],\"inLanguage\":\"en-US\"},{\"@type\":\"Organization\",\"@id\":\"https:\/\/kaani.net\/#organization\",\"name\":\"Kaani\",\"url\":\"https:\/\/kaani.net\/\",\"logo\":{\"@type\":\"ImageObject\",\"inLanguage\":\"en-US\",\"@id\":\"https:\/\/kaani.net\/#\/schema\/logo\/image\/\",\"url\":\"https:\/\/kaani.net\/wp-content\/uploads\/2017\/09\/cropped-123_kaani_logoS-2-1.jpg\",\"contentUrl\":\"https:\/\/kaani.net\/wp-content\/uploads\/2017\/09\/cropped-123_kaani_logoS-2-1.jpg\",\"width\":184,\"height\":80,\"caption\":\"Kaani\"},\"image\":{\"@id\":\"https:\/\/kaani.net\/#\/schema\/logo\/image\/\"}}]}<\/script>\n<!-- \/ Yoast SEO plugin. -->","yoast_head_json":{"title":"Minun lepotuoli: Moderni ja tyylik\u00e4s valinta - Kaani","description":"Tutustu upeaan Minun lepotuoliin, joka yhdist\u00e4\u00e4 tyylin ja mukavuuden! S\u00e4\u00e4d\u00e4 mielesi mukaan ja vie sisustus uudelle tasolle.","robots":{"index":"index","follow":"follow","max-snippet":"max-snippet:-1","max-image-preview":"max-image-preview:large","max-video-preview":"max-video-preview:-1"},"canonical":"https:\/\/kaani.net\/en\/tuotteet\/minun\/minun-lepotuoli-kasinojalla-design-lepotuoli-kotimainen\/","og_locale":"en_US","og_type":"article","og_title":"Minun lepotuoli: Moderni ja tyylik\u00e4s valinta - Kaani","og_description":"Tutustu upeaan Minun lepotuoliin, joka yhdist\u00e4\u00e4 tyylin ja mukavuuden! S\u00e4\u00e4d\u00e4 mielesi mukaan ja vie sisustus uudelle tasolle.","og_url":"https:\/\/kaani.net\/en\/tuotteet\/minun\/minun-lepotuoli-kasinojalla-design-lepotuoli-kotimainen\/","og_site_name":"Kaani","article_modified_time":"2026-04-23T11:49:29+00:00","og_image":[{"width":1024,"height":1024,"url":"https:\/\/kaani.net\/wp-content\/uploads\/2018\/07\/Minun_konjakki.png","type":"image\/png"}],"twitter_misc":{"Est. reading time":"1 minute"},"schema":{"@context":"https:\/\/schema.org","@graph":[{"@type":"WebPage","@id":"https:\/\/kaani.net\/tuotteet\/minun\/minun-lepotuoli-kasinojalla-design-lepotuoli-kotimainen\/","url":"https:\/\/kaani.net\/tuotteet\/minun\/minun-lepotuoli-kasinojalla-design-lepotuoli-kotimainen\/","name":"Minun lepotuoli: Moderni ja tyylik\u00e4s valinta - Kaani","isPartOf":{"@id":"https:\/\/kaani.net\/#website"},"primaryImageOfPage":{"@id":"https:\/\/kaani.net\/tuotteet\/minun\/minun-lepotuoli-kasinojalla-design-lepotuoli-kotimainen\/#primaryimage"},"image":{"@id":"https:\/\/kaani.net\/tuotteet\/minun\/minun-lepotuoli-kasinojalla-design-lepotuoli-kotimainen\/#primaryimage"},"thumbnailUrl":"https:\/\/kaani.net\/wp-content\/uploads\/2018\/07\/Minun_konjakki.png","datePublished":"2018-07-10T10:43:01+00:00","dateModified":"2026-04-23T11:49:29+00:00","description":"Tutustu upeaan Minun lepotuoliin, joka yhdist\u00e4\u00e4 tyylin ja mukavuuden! S\u00e4\u00e4d\u00e4 mielesi mukaan ja vie sisustus uudelle tasolle.","breadcrumb":{"@id":"https:\/\/kaani.net\/tuotteet\/minun\/minun-lepotuoli-kasinojalla-design-lepotuoli-kotimainen\/#breadcrumb"},"inLanguage":"en-US","potentialAction":[{"@type":"ReadAction","target":["https:\/\/kaani.net\/tuotteet\/minun\/minun-lepotuoli-kasinojalla-design-lepotuoli-kotimainen\/"]}]},{"@type":"ImageObject","inLanguage":"en-US","@id":"https:\/\/kaani.net\/tuotteet\/minun\/minun-lepotuoli-kasinojalla-design-lepotuoli-kotimainen\/#primaryimage","url":"https:\/\/kaani.net\/wp-content\/uploads\/2018\/07\/Minun_konjakki.png","contentUrl":"https:\/\/kaani.net\/wp-content\/uploads\/2018\/07\/Minun_konjakki.png","width":1024,"height":1024,"caption":"Minun lepotuoli konjakki tammi.. Konjakki nahka."},{"@type":"BreadcrumbList","@id":"https:\/\/kaani.net\/tuotteet\/minun\/minun-lepotuoli-kasinojalla-design-lepotuoli-kotimainen\/#breadcrumb","itemListElement":[{"@type":"ListItem","position":1,"name":"Etusivu","item":"https:\/\/kaani.net\/"},{"@type":"ListItem","position":2,"name":"Tuotteet","item":"https:\/\/kaani.net\/tuotteet\/"},{"@type":"ListItem","position":3,"name":"Minun lepotuoli"}]},{"@type":"WebSite","@id":"https:\/\/kaani.net\/#website","url":"https:\/\/kaani.net\/","name":"Kaani","description":"See the future!","publisher":{"@id":"https:\/\/kaani.net\/#organization"},"potentialAction":[{"@type":"SearchAction","target":{"@type":"EntryPoint","urlTemplate":"https:\/\/kaani.net\/?s={search_term_string}"},"query-input":{"@type":"PropertyValueSpecification","valueRequired":true,"valueName":"search_term_string"}}],"inLanguage":"en-US"},{"@type":"Organization","@id":"https:\/\/kaani.net\/#organization","name":"Kaani","url":"https:\/\/kaani.net\/","logo":{"@type":"ImageObject","inLanguage":"en-US","@id":"https:\/\/kaani.net\/#\/schema\/logo\/image\/","url":"https:\/\/kaani.net\/wp-content\/uploads\/2017\/09\/cropped-123_kaani_logoS-2-1.jpg","contentUrl":"https:\/\/kaani.net\/wp-content\/uploads\/2017\/09\/cropped-123_kaani_logoS-2-1.jpg","width":184,"height":80,"caption":"Kaani"},"image":{"@id":"https:\/\/kaani.net\/#\/schema\/logo\/image\/"}}]}},"_links":{"self":[{"href":"https:\/\/kaani.net\/en\/wp-json\/wp\/v2\/product\/2389","targetHints":{"allow":["GET"]}}],"collection":[{"href":"https:\/\/kaani.net\/en\/wp-json\/wp\/v2\/product"}],"about":[{"href":"https:\/\/kaani.net\/en\/wp-json\/wp\/v2\/types\/product"}],"wp:featuredmedia":[{"embeddable":true,"href":"https:\/\/kaani.net\/en\/wp-json\/wp\/v2\/media\/15143"}],"wp:attachment":[{"href":"https:\/\/kaani.net\/en\/wp-json\/wp\/v2\/media?parent=2389"}],"wp:term":[{"taxonomy":"product_brand","embeddable":true,"href":"https:\/\/kaani.net\/en\/wp-json\/wp\/v2\/product_brand?post=2389"},{"taxonomy":"product_cat","embeddable":true,"href":"https:\/\/kaani.net\/en\/wp-json\/wp\/v2\/product_cat?post=2389"},{"taxonomy":"product_tag","embeddable":true,"href":"https:\/\/kaani.net\/en\/wp-json\/wp\/v2\/product_tag?post=2389"}],"curies":[{"name":"wp","href":"https:\/\/api.w.org\/{rel}","templated":true}]}}