{"id":2390,"date":"2018-01-17T00:01:07","date_gmt":"2018-01-16T22:01:07","guid":{"rendered":"https:\/\/kaani.fi\/?post_type=product&#038;p=2390"},"modified":"2026-01-02T17:43:41","modified_gmt":"2026-01-02T15:43:41","slug":"jaccaralla-verhoilu-tai-puuistuin","status":"publish","type":"product","link":"https:\/\/kaani.net\/en\/tuotteet\/jaccaralla\/jaccaralla-verhoilu-tai-puuistuin\/","title":{"rendered":"Stool - Jaccaralla"},"content":{"rendered":"<div class=\"vc_row wpb_row vc_row-fluid\"><div class=\"wpb_column vc_column_container vc_col-sm-12\"><div class=\"vc_column-inner\"><div class=\"wpb_wrapper\">\n\t<div class=\"wpb_text_column wpb_content_element\" >\n\t\t<div class=\"wpb_wrapper\">\n\t\t\t<p>Runko: Tammi, koivu tai maalatut. Verhoiltu- tai puuistuin.<\/p>\n<p>Vakiokangasvaihtoehdot: Idols, Kenya ja Seattle.<\/p>\n<p>Korkeus: 65cm ja 45cm.<\/p>\n<p>Istuimen halkaisija: 30cm.<\/p>\n\n\t\t<\/div>\n\t<\/div>\n<\/div><\/div><\/div><\/div>","protected":false},"excerpt":{"rendered":"<p>Kaani's latest bar stool is called Jaccaralla!<\/p>\n<p>Siro ja k\u00e4yt\u00e4nn\u00f6llinen jakkara moneen k\u00e4ytt\u00f6\u00f6n. Jaccaralla on upea kotiin, m\u00f6kille tai vaikka terassille. Ihan mihin vain tarvitaan!<\/p>\n<p>Vakiokangasvaihtoehdot: Idols, Kenya ja Seattle.<\/p>\n<p><strong>Jakkarassa on verhoiltu- tai puuistuin.<\/strong> <strong><br \/>\n<\/strong><\/p>\n<p><strong>Mitat:<\/strong> 65cm &amp; 45cm korkeus<br \/>\nSeat diameter 30cm<\/p>\n<p>Rungon materiaali: tammi, koivu tai maalatut &#8211; kaikissa Kaanin v\u00e4rikartan s\u00e4vyiss\u00e4.<\/p>\n<p>&nbsp;<\/p>\n<p>Muistathan my\u00f6s mahdollisuuden tilata tuotteet erikoismitoilla ja -materiaaleilla.<\/p>\n<p><a href=\"https:\/\/kaani.net\/en\/materiaalit\/\"><strong>Materiaalit t\u00e4st\u00e4<\/strong><\/a><\/p>\n<p>Materiaali- ja v\u00e4rivaihtoehtoja Kaanilla on lukematon m\u00e4\u00e4r\u00e4. Siksi l\u00e4het\u00e4 tilauksesi\u00a0yhteydess\u00e4 meille s\u00e4hk\u00f6postiin (info@kaani.net) seuraavat tiedot:<\/p>\n<p><em>Ter\u00e4sosien v\u00e4ri \/ <\/em><em>Kankaan nimi ja v\u00e4ri \/ <\/em><em>Puuosien materiaali (koivu \/ tammi \/ maalattu) ja pintak\u00e4sittely.<\/em><\/p>","protected":false},"featured_media":15168,"template":"","meta":{"om_disable_all_campaigns":false,"_monsterinsights_skip_tracking":false,"_monsterinsights_sitenote_active":false,"_monsterinsights_sitenote_note":"","_monsterinsights_sitenote_category":0,"_uf_show_specific_survey":0,"_uf_disable_surveys":false},"product_brand":[],"product_cat":[719,284],"product_tag":[793,794,551,212,219],"class_list":{"0":"post-2390","1":"product","2":"type-product","3":"status-publish","4":"has-post-thumbnail","6":"product_cat-ruokatuolit","7":"product_cat-jaccaralla","8":"product_tag-baarijakkara","9":"product_tag-jaccaralla","10":"product_tag-jakkara-fi","11":"product_tag-kaani","12":"product_tag-tuoli","14":"first","15":"instock","16":"taxable","17":"shipping-taxable","18":"purchasable","19":"product-type-variable","20":"has-default-attributes"},"yoast_head":"<!-- This site is optimized with the Yoast SEO plugin v26.7 - https:\/\/yoast.com\/wordpress\/plugins\/seo\/ -->\n<title>Jaccaralla - Kaani<\/title>\n<meta name=\"description\" content=\"Uutuus baarijakkaramme on nimelt\u00e4\u00e4n Jaccaralla! Siro ja k\u00e4yt\u00e4nn\u00f6llinen jakkara moneen k\u00e4ytt\u00f6\u00f6n. Jakkarassa on verhoiltu- tai puuistuin. Korkeus 65cm ja 45cm\" \/>\n<meta name=\"robots\" content=\"index, follow, max-snippet:-1, max-image-preview:large, max-video-preview:-1\" \/>\n<link rel=\"canonical\" href=\"https:\/\/kaani.net\/en\/tuotteet\/jaccaralla\/jaccaralla-verhoilu-tai-puuistuin\/\" \/>\n<meta property=\"og:locale\" content=\"en_US\" \/>\n<meta property=\"og:type\" content=\"article\" \/>\n<meta property=\"og:title\" content=\"Jaccaralla - Kaani\" \/>\n<meta property=\"og:description\" content=\"Uutuus baarijakkaramme on nimelt\u00e4\u00e4n Jaccaralla! Siro ja k\u00e4yt\u00e4nn\u00f6llinen jakkara moneen k\u00e4ytt\u00f6\u00f6n. Jakkarassa on verhoiltu- tai puuistuin. Korkeus 65cm ja 45cm\" \/>\n<meta property=\"og:url\" content=\"https:\/\/kaani.net\/en\/tuotteet\/jaccaralla\/jaccaralla-verhoilu-tai-puuistuin\/\" \/>\n<meta property=\"og:site_name\" content=\"Kaani\" \/>\n<meta property=\"article:modified_time\" content=\"2026-01-02T15:43:41+00:00\" \/>\n<meta property=\"og:image\" content=\"https:\/\/kaani.net\/wp-content\/uploads\/2018\/01\/Jaccaralla-sorvattu.png\" \/>\n\t<meta property=\"og:image:width\" content=\"1024\" \/>\n\t<meta property=\"og:image:height\" content=\"1024\" \/>\n\t<meta property=\"og:image:type\" content=\"image\/png\" \/>\n<meta name=\"twitter:label1\" content=\"Est. reading time\" \/>\n\t<meta name=\"twitter:data1\" content=\"1 minute\" \/>\n<script type=\"application\/ld+json\" class=\"yoast-schema-graph\">{\"@context\":\"https:\/\/schema.org\",\"@graph\":[{\"@type\":\"WebPage\",\"@id\":\"https:\/\/kaani.net\/tuotteet\/jaccaralla\/jaccaralla-verhoilu-tai-puuistuin\/\",\"url\":\"https:\/\/kaani.net\/tuotteet\/jaccaralla\/jaccaralla-verhoilu-tai-puuistuin\/\",\"name\":\"Jaccaralla - Kaani\",\"isPartOf\":{\"@id\":\"https:\/\/kaani.net\/#website\"},\"primaryImageOfPage\":{\"@id\":\"https:\/\/kaani.net\/tuotteet\/jaccaralla\/jaccaralla-verhoilu-tai-puuistuin\/#primaryimage\"},\"image\":{\"@id\":\"https:\/\/kaani.net\/tuotteet\/jaccaralla\/jaccaralla-verhoilu-tai-puuistuin\/#primaryimage\"},\"thumbnailUrl\":\"https:\/\/kaani.net\/wp-content\/uploads\/2018\/01\/Jaccaralla-sorvattu.png\",\"datePublished\":\"2018-01-16T22:01:07+00:00\",\"dateModified\":\"2026-01-02T15:43:41+00:00\",\"description\":\"Uutuus baarijakkaramme on nimelt\u00e4\u00e4n Jaccaralla! Siro ja k\u00e4yt\u00e4nn\u00f6llinen jakkara moneen k\u00e4ytt\u00f6\u00f6n. Jakkarassa on verhoiltu- tai puuistuin. Korkeus 65cm ja 45cm\",\"breadcrumb\":{\"@id\":\"https:\/\/kaani.net\/tuotteet\/jaccaralla\/jaccaralla-verhoilu-tai-puuistuin\/#breadcrumb\"},\"inLanguage\":\"en-US\",\"potentialAction\":[{\"@type\":\"ReadAction\",\"target\":[\"https:\/\/kaani.net\/tuotteet\/jaccaralla\/jaccaralla-verhoilu-tai-puuistuin\/\"]}]},{\"@type\":\"ImageObject\",\"inLanguage\":\"en-US\",\"@id\":\"https:\/\/kaani.net\/tuotteet\/jaccaralla\/jaccaralla-verhoilu-tai-puuistuin\/#primaryimage\",\"url\":\"https:\/\/kaani.net\/wp-content\/uploads\/2018\/01\/Jaccaralla-sorvattu.png\",\"contentUrl\":\"https:\/\/kaani.net\/wp-content\/uploads\/2018\/01\/Jaccaralla-sorvattu.png\",\"width\":1024,\"height\":1024},{\"@type\":\"BreadcrumbList\",\"@id\":\"https:\/\/kaani.net\/tuotteet\/jaccaralla\/jaccaralla-verhoilu-tai-puuistuin\/#breadcrumb\",\"itemListElement\":[{\"@type\":\"ListItem\",\"position\":1,\"name\":\"Etusivu\",\"item\":\"https:\/\/kaani.net\/\"},{\"@type\":\"ListItem\",\"position\":2,\"name\":\"Tuotteet\",\"item\":\"https:\/\/kaani.net\/tuotteet\/\"},{\"@type\":\"ListItem\",\"position\":3,\"name\":\"Jaccaralla\"}]},{\"@type\":\"WebSite\",\"@id\":\"https:\/\/kaani.net\/#website\",\"url\":\"https:\/\/kaani.net\/\",\"name\":\"Kaani\",\"description\":\"See the future!\",\"publisher\":{\"@id\":\"https:\/\/kaani.net\/#organization\"},\"potentialAction\":[{\"@type\":\"SearchAction\",\"target\":{\"@type\":\"EntryPoint\",\"urlTemplate\":\"https:\/\/kaani.net\/?s={search_term_string}\"},\"query-input\":{\"@type\":\"PropertyValueSpecification\",\"valueRequired\":true,\"valueName\":\"search_term_string\"}}],\"inLanguage\":\"en-US\"},{\"@type\":\"Organization\",\"@id\":\"https:\/\/kaani.net\/#organization\",\"name\":\"Kaani\",\"url\":\"https:\/\/kaani.net\/\",\"logo\":{\"@type\":\"ImageObject\",\"inLanguage\":\"en-US\",\"@id\":\"https:\/\/kaani.net\/#\/schema\/logo\/image\/\",\"url\":\"https:\/\/kaani.net\/wp-content\/uploads\/2017\/09\/cropped-123_kaani_logoS-2-1.jpg\",\"contentUrl\":\"https:\/\/kaani.net\/wp-content\/uploads\/2017\/09\/cropped-123_kaani_logoS-2-1.jpg\",\"width\":184,\"height\":80,\"caption\":\"Kaani\"},\"image\":{\"@id\":\"https:\/\/kaani.net\/#\/schema\/logo\/image\/\"}}]}<\/script>\n<!-- \/ Yoast SEO plugin. -->","yoast_head_json":{"title":"Jaccaralla - Kaani","description":"Uutuus baarijakkaramme on nimelt\u00e4\u00e4n Jaccaralla! Siro ja k\u00e4yt\u00e4nn\u00f6llinen jakkara moneen k\u00e4ytt\u00f6\u00f6n. Jakkarassa on verhoiltu- tai puuistuin. Korkeus 65cm ja 45cm","robots":{"index":"index","follow":"follow","max-snippet":"max-snippet:-1","max-image-preview":"max-image-preview:large","max-video-preview":"max-video-preview:-1"},"canonical":"https:\/\/kaani.net\/en\/tuotteet\/jaccaralla\/jaccaralla-verhoilu-tai-puuistuin\/","og_locale":"en_US","og_type":"article","og_title":"Jaccaralla - Kaani","og_description":"Uutuus baarijakkaramme on nimelt\u00e4\u00e4n Jaccaralla! Siro ja k\u00e4yt\u00e4nn\u00f6llinen jakkara moneen k\u00e4ytt\u00f6\u00f6n. Jakkarassa on verhoiltu- tai puuistuin. Korkeus 65cm ja 45cm","og_url":"https:\/\/kaani.net\/en\/tuotteet\/jaccaralla\/jaccaralla-verhoilu-tai-puuistuin\/","og_site_name":"Kaani","article_modified_time":"2026-01-02T15:43:41+00:00","og_image":[{"width":1024,"height":1024,"url":"https:\/\/kaani.net\/wp-content\/uploads\/2018\/01\/Jaccaralla-sorvattu.png","type":"image\/png"}],"twitter_misc":{"Est. reading time":"1 minute"},"schema":{"@context":"https:\/\/schema.org","@graph":[{"@type":"WebPage","@id":"https:\/\/kaani.net\/tuotteet\/jaccaralla\/jaccaralla-verhoilu-tai-puuistuin\/","url":"https:\/\/kaani.net\/tuotteet\/jaccaralla\/jaccaralla-verhoilu-tai-puuistuin\/","name":"Jaccaralla - Kaani","isPartOf":{"@id":"https:\/\/kaani.net\/#website"},"primaryImageOfPage":{"@id":"https:\/\/kaani.net\/tuotteet\/jaccaralla\/jaccaralla-verhoilu-tai-puuistuin\/#primaryimage"},"image":{"@id":"https:\/\/kaani.net\/tuotteet\/jaccaralla\/jaccaralla-verhoilu-tai-puuistuin\/#primaryimage"},"thumbnailUrl":"https:\/\/kaani.net\/wp-content\/uploads\/2018\/01\/Jaccaralla-sorvattu.png","datePublished":"2018-01-16T22:01:07+00:00","dateModified":"2026-01-02T15:43:41+00:00","description":"Uutuus baarijakkaramme on nimelt\u00e4\u00e4n Jaccaralla! Siro ja k\u00e4yt\u00e4nn\u00f6llinen jakkara moneen k\u00e4ytt\u00f6\u00f6n. Jakkarassa on verhoiltu- tai puuistuin. Korkeus 65cm ja 45cm","breadcrumb":{"@id":"https:\/\/kaani.net\/tuotteet\/jaccaralla\/jaccaralla-verhoilu-tai-puuistuin\/#breadcrumb"},"inLanguage":"en-US","potentialAction":[{"@type":"ReadAction","target":["https:\/\/kaani.net\/tuotteet\/jaccaralla\/jaccaralla-verhoilu-tai-puuistuin\/"]}]},{"@type":"ImageObject","inLanguage":"en-US","@id":"https:\/\/kaani.net\/tuotteet\/jaccaralla\/jaccaralla-verhoilu-tai-puuistuin\/#primaryimage","url":"https:\/\/kaani.net\/wp-content\/uploads\/2018\/01\/Jaccaralla-sorvattu.png","contentUrl":"https:\/\/kaani.net\/wp-content\/uploads\/2018\/01\/Jaccaralla-sorvattu.png","width":1024,"height":1024},{"@type":"BreadcrumbList","@id":"https:\/\/kaani.net\/tuotteet\/jaccaralla\/jaccaralla-verhoilu-tai-puuistuin\/#breadcrumb","itemListElement":[{"@type":"ListItem","position":1,"name":"Etusivu","item":"https:\/\/kaani.net\/"},{"@type":"ListItem","position":2,"name":"Tuotteet","item":"https:\/\/kaani.net\/tuotteet\/"},{"@type":"ListItem","position":3,"name":"Jaccaralla"}]},{"@type":"WebSite","@id":"https:\/\/kaani.net\/#website","url":"https:\/\/kaani.net\/","name":"Kaani","description":"See the future!","publisher":{"@id":"https:\/\/kaani.net\/#organization"},"potentialAction":[{"@type":"SearchAction","target":{"@type":"EntryPoint","urlTemplate":"https:\/\/kaani.net\/?s={search_term_string}"},"query-input":{"@type":"PropertyValueSpecification","valueRequired":true,"valueName":"search_term_string"}}],"inLanguage":"en-US"},{"@type":"Organization","@id":"https:\/\/kaani.net\/#organization","name":"Kaani","url":"https:\/\/kaani.net\/","logo":{"@type":"ImageObject","inLanguage":"en-US","@id":"https:\/\/kaani.net\/#\/schema\/logo\/image\/","url":"https:\/\/kaani.net\/wp-content\/uploads\/2017\/09\/cropped-123_kaani_logoS-2-1.jpg","contentUrl":"https:\/\/kaani.net\/wp-content\/uploads\/2017\/09\/cropped-123_kaani_logoS-2-1.jpg","width":184,"height":80,"caption":"Kaani"},"image":{"@id":"https:\/\/kaani.net\/#\/schema\/logo\/image\/"}}]}},"_links":{"self":[{"href":"https:\/\/kaani.net\/en\/wp-json\/wp\/v2\/product\/2390","targetHints":{"allow":["GET"]}}],"collection":[{"href":"https:\/\/kaani.net\/en\/wp-json\/wp\/v2\/product"}],"about":[{"href":"https:\/\/kaani.net\/en\/wp-json\/wp\/v2\/types\/product"}],"wp:featuredmedia":[{"embeddable":true,"href":"https:\/\/kaani.net\/en\/wp-json\/wp\/v2\/media\/15168"}],"wp:attachment":[{"href":"https:\/\/kaani.net\/en\/wp-json\/wp\/v2\/media?parent=2390"}],"wp:term":[{"taxonomy":"product_brand","embeddable":true,"href":"https:\/\/kaani.net\/en\/wp-json\/wp\/v2\/product_brand?post=2390"},{"taxonomy":"product_cat","embeddable":true,"href":"https:\/\/kaani.net\/en\/wp-json\/wp\/v2\/product_cat?post=2390"},{"taxonomy":"product_tag","embeddable":true,"href":"https:\/\/kaani.net\/en\/wp-json\/wp\/v2\/product_tag?post=2390"}],"curies":[{"name":"wp","href":"https:\/\/api.w.org\/{rel}","templated":true}]}}