{"id":277,"date":"2013-05-23T23:35:13","date_gmt":"2013-05-23T20:35:13","guid":{"rendered":"http:\/\/www.kaani.net\/?post_type=product&#038;p=277"},"modified":"2025-11-20T14:47:36","modified_gmt":"2025-11-20T12:47:36","slug":"kupu-design-lepotuoli","status":"publish","type":"product","link":"https:\/\/kaani.net\/en\/tuotteet\/kupu-design-lepotuoli\/kupu-design-lepotuoli\/","title":{"rendered":"Kupu lepotuoli"},"content":{"rendered":"<div class=\"vc_row wpb_row vc_row-fluid\"><div class=\"wpb_column vc_column_container vc_col-sm-12\"><div class=\"vc_column-inner\"><div class=\"wpb_wrapper\">\n\t<div class=\"wpb_text_column wpb_content_element\" >\n\t\t<div class=\"wpb_wrapper\">\n\t\t\t<p>Kupu lepotuolin oivaltava ergonomia tekee siit\u00e4 todellisen nautinnon istujalleen \u2013 se ei j\u00e4t\u00e4 ket\u00e4\u00e4n kylm\u00e4ksi.<br data-start=\"422\" data-end=\"425\" \/>Valitse mieleisesi verhoilumateriaali ja -v\u00e4ri, istu alas ja anna ajatusten kulkea vapaasti kohti unelmiasi.<\/p>\n<p>Kuvun runko on lujitemuovia.<\/p>\n\n\t\t<\/div>\n\t<\/div>\n<\/div><\/div><\/div><\/div>","protected":false},"excerpt":{"rendered":"<p>Imagine yourself relaxing in this easy chair! Let your glance wander around the city scenery, on the fluttering branches of the forest trees, at the bare tops, or on the waves of archipelagos. In this beautiful chair, you will relax and forget \tthe rushes and worries of everyday life!<br \/>\nUpea lepotuoli on istujalleen nautinto. Kupu tuolin oivaltava ergonomia ei j\u00e4t\u00e4 ket\u00e4\u00e4n kylm\u00e4ksi.<\/p>\n<p>Choose the upholstery material and color you like, and let your thoughts fly and dreams come true!<\/p>\n<p><strong>Kupu: <\/strong>120cm halkaisija \/ 107cm kokonaiskorkeus \/ 43cm istuinkorkeus<\/p>\n<p><strong>Rahi:<\/strong> 51cm halkaisija \/ 43cm korkeus<\/p>\n<p>&nbsp;<\/p>\n<p>Muistathan my\u00f6s mahdollisuuden tilata tuotteet erikoismitoilla ja -materiaaleilla.<\/p>\n<p><a href=\"https:\/\/kaani.net\/en\/materiaalit\/\"><strong>Materiaalit t\u00e4st\u00e4<\/strong><\/a><\/p>\n<p>Materiaali- ja v\u00e4rivaihtoehtoja Kaanilla on lukematon m\u00e4\u00e4r\u00e4. Siksi l\u00e4het\u00e4 tilauksesi yhteydess\u00e4 meille s\u00e4hk\u00f6postiin (info@kaani.net) seuraavat tiedot:\u00a0<em>Ter\u00e4sosien v\u00e4ri \/ <\/em><em>Kankaan nimi ja v\u00e4ri \/ <\/em><em>Puuosien materiaali (koivu \/ tammi \/ maalattu) ja pintak\u00e4sittely.<\/em><\/p>","protected":false},"featured_media":15159,"template":"","meta":{"om_disable_all_campaigns":false,"_monsterinsights_skip_tracking":false,"_monsterinsights_sitenote_active":false,"_monsterinsights_sitenote_note":"","_monsterinsights_sitenote_category":0,"_uf_show_specific_survey":0,"_uf_disable_surveys":false},"product_brand":[],"product_cat":[723,38],"product_tag":[787,212,789,896,111,823],"class_list":{"0":"post-277","1":"product","2":"type-product","3":"status-publish","4":"has-post-thumbnail","6":"product_cat-lepotuolit-ja-sohvat","7":"product_cat-kupu-design-lepotuoli","8":"product_tag-design-lepotuoli","9":"product_tag-kaani","10":"product_tag-kotimainen-lepotuoli","11":"product_tag-kupu","12":"product_tag-lepotuoli","13":"product_tag-sohva-ja-lepotuoli","15":"first","16":"instock","17":"taxable","18":"shipping-taxable","19":"purchasable","20":"product-type-variable","21":"has-default-attributes"},"yoast_head":"<!-- This site is optimized with the Yoast SEO plugin v26.7 - https:\/\/yoast.com\/wordpress\/plugins\/seo\/ -->\n<title>Kupu lepotuoli - Kaani<\/title>\n<meta name=\"description\" content=\"Kupu lepotuolin oivaltava ergonomia ei j\u00e4t\u00e4 ket\u00e4\u00e4n kylm\u00e4ksi. T\u00e4ss\u00e4 ihanassa tuolissa rentoudut ja unohdat arjen kiireet! Tyylik\u00e4s ja kotimainen design-lepotuoli, joka tuo kotiisi sek\u00e4 mukavuutta ett\u00e4 kaunista muotokielt\u00e4.\" \/>\n<meta name=\"robots\" content=\"index, follow, max-snippet:-1, max-image-preview:large, max-video-preview:-1\" \/>\n<link rel=\"canonical\" href=\"https:\/\/kaani.net\/en\/tuotteet\/kupu-design-lepotuoli\/kupu-design-lepotuoli\/\" \/>\n<meta property=\"og:locale\" content=\"en_US\" \/>\n<meta property=\"og:type\" content=\"article\" \/>\n<meta property=\"og:title\" content=\"Kupu lepotuoli - Kaani\" \/>\n<meta property=\"og:description\" content=\"Kupu lepotuolin oivaltava ergonomia ei j\u00e4t\u00e4 ket\u00e4\u00e4n kylm\u00e4ksi. T\u00e4ss\u00e4 ihanassa tuolissa rentoudut ja unohdat arjen kiireet! Tyylik\u00e4s ja kotimainen design-lepotuoli, joka tuo kotiisi sek\u00e4 mukavuutta ett\u00e4 kaunista muotokielt\u00e4.\" \/>\n<meta property=\"og:url\" content=\"https:\/\/kaani.net\/en\/tuotteet\/kupu-design-lepotuoli\/kupu-design-lepotuoli\/\" \/>\n<meta property=\"og:site_name\" content=\"Kaani\" \/>\n<meta property=\"article:modified_time\" content=\"2025-11-20T12:47:36+00:00\" \/>\n<meta property=\"og:image\" content=\"https:\/\/kaani.net\/wp-content\/uploads\/2013\/05\/Kupu-ja-rahi_.png\" \/>\n\t<meta property=\"og:image:width\" content=\"1024\" \/>\n\t<meta property=\"og:image:height\" content=\"1024\" \/>\n\t<meta property=\"og:image:type\" content=\"image\/png\" \/>\n<meta name=\"twitter:label1\" content=\"Est. reading time\" \/>\n\t<meta name=\"twitter:data1\" content=\"1 minute\" \/>\n<script type=\"application\/ld+json\" class=\"yoast-schema-graph\">{\"@context\":\"https:\/\/schema.org\",\"@graph\":[{\"@type\":\"WebPage\",\"@id\":\"https:\/\/kaani.net\/tuotteet\/kupu-design-lepotuoli\/kupu-design-lepotuoli\/\",\"url\":\"https:\/\/kaani.net\/tuotteet\/kupu-design-lepotuoli\/kupu-design-lepotuoli\/\",\"name\":\"Kupu lepotuoli - Kaani\",\"isPartOf\":{\"@id\":\"https:\/\/kaani.net\/#website\"},\"primaryImageOfPage\":{\"@id\":\"https:\/\/kaani.net\/tuotteet\/kupu-design-lepotuoli\/kupu-design-lepotuoli\/#primaryimage\"},\"image\":{\"@id\":\"https:\/\/kaani.net\/tuotteet\/kupu-design-lepotuoli\/kupu-design-lepotuoli\/#primaryimage\"},\"thumbnailUrl\":\"https:\/\/kaani.net\/wp-content\/uploads\/2013\/05\/Kupu-ja-rahi_.png\",\"datePublished\":\"2013-05-23T20:35:13+00:00\",\"dateModified\":\"2025-11-20T12:47:36+00:00\",\"description\":\"Kupu lepotuolin oivaltava ergonomia ei j\u00e4t\u00e4 ket\u00e4\u00e4n kylm\u00e4ksi. T\u00e4ss\u00e4 ihanassa tuolissa rentoudut ja unohdat arjen kiireet! Tyylik\u00e4s ja kotimainen design-lepotuoli, joka tuo kotiisi sek\u00e4 mukavuutta ett\u00e4 kaunista muotokielt\u00e4.\",\"breadcrumb\":{\"@id\":\"https:\/\/kaani.net\/tuotteet\/kupu-design-lepotuoli\/kupu-design-lepotuoli\/#breadcrumb\"},\"inLanguage\":\"en-US\",\"potentialAction\":[{\"@type\":\"ReadAction\",\"target\":[\"https:\/\/kaani.net\/tuotteet\/kupu-design-lepotuoli\/kupu-design-lepotuoli\/\"]}]},{\"@type\":\"ImageObject\",\"inLanguage\":\"en-US\",\"@id\":\"https:\/\/kaani.net\/tuotteet\/kupu-design-lepotuoli\/kupu-design-lepotuoli\/#primaryimage\",\"url\":\"https:\/\/kaani.net\/wp-content\/uploads\/2013\/05\/Kupu-ja-rahi_.png\",\"contentUrl\":\"https:\/\/kaani.net\/wp-content\/uploads\/2013\/05\/Kupu-ja-rahi_.png\",\"width\":1024,\"height\":1024,\"caption\":\"Kupu ja rahi ikkunan vieress\u00e4.\"},{\"@type\":\"BreadcrumbList\",\"@id\":\"https:\/\/kaani.net\/tuotteet\/kupu-design-lepotuoli\/kupu-design-lepotuoli\/#breadcrumb\",\"itemListElement\":[{\"@type\":\"ListItem\",\"position\":1,\"name\":\"Etusivu\",\"item\":\"https:\/\/kaani.net\/\"},{\"@type\":\"ListItem\",\"position\":2,\"name\":\"Tuotteet\",\"item\":\"https:\/\/kaani.net\/tuotteet\/\"},{\"@type\":\"ListItem\",\"position\":3,\"name\":\"Kupu lepotuoli\"}]},{\"@type\":\"WebSite\",\"@id\":\"https:\/\/kaani.net\/#website\",\"url\":\"https:\/\/kaani.net\/\",\"name\":\"Kaani\",\"description\":\"See the future!\",\"publisher\":{\"@id\":\"https:\/\/kaani.net\/#organization\"},\"potentialAction\":[{\"@type\":\"SearchAction\",\"target\":{\"@type\":\"EntryPoint\",\"urlTemplate\":\"https:\/\/kaani.net\/?s={search_term_string}\"},\"query-input\":{\"@type\":\"PropertyValueSpecification\",\"valueRequired\":true,\"valueName\":\"search_term_string\"}}],\"inLanguage\":\"en-US\"},{\"@type\":\"Organization\",\"@id\":\"https:\/\/kaani.net\/#organization\",\"name\":\"Kaani\",\"url\":\"https:\/\/kaani.net\/\",\"logo\":{\"@type\":\"ImageObject\",\"inLanguage\":\"en-US\",\"@id\":\"https:\/\/kaani.net\/#\/schema\/logo\/image\/\",\"url\":\"https:\/\/kaani.net\/wp-content\/uploads\/2017\/09\/cropped-123_kaani_logoS-2-1.jpg\",\"contentUrl\":\"https:\/\/kaani.net\/wp-content\/uploads\/2017\/09\/cropped-123_kaani_logoS-2-1.jpg\",\"width\":184,\"height\":80,\"caption\":\"Kaani\"},\"image\":{\"@id\":\"https:\/\/kaani.net\/#\/schema\/logo\/image\/\"}}]}<\/script>\n<!-- \/ Yoast SEO plugin. -->","yoast_head_json":{"title":"Kupu lepotuoli - Kaani","description":"Kupu lepotuolin oivaltava ergonomia ei j\u00e4t\u00e4 ket\u00e4\u00e4n kylm\u00e4ksi. T\u00e4ss\u00e4 ihanassa tuolissa rentoudut ja unohdat arjen kiireet! Tyylik\u00e4s ja kotimainen design-lepotuoli, joka tuo kotiisi sek\u00e4 mukavuutta ett\u00e4 kaunista muotokielt\u00e4.","robots":{"index":"index","follow":"follow","max-snippet":"max-snippet:-1","max-image-preview":"max-image-preview:large","max-video-preview":"max-video-preview:-1"},"canonical":"https:\/\/kaani.net\/en\/tuotteet\/kupu-design-lepotuoli\/kupu-design-lepotuoli\/","og_locale":"en_US","og_type":"article","og_title":"Kupu lepotuoli - Kaani","og_description":"Kupu lepotuolin oivaltava ergonomia ei j\u00e4t\u00e4 ket\u00e4\u00e4n kylm\u00e4ksi. T\u00e4ss\u00e4 ihanassa tuolissa rentoudut ja unohdat arjen kiireet! Tyylik\u00e4s ja kotimainen design-lepotuoli, joka tuo kotiisi sek\u00e4 mukavuutta ett\u00e4 kaunista muotokielt\u00e4.","og_url":"https:\/\/kaani.net\/en\/tuotteet\/kupu-design-lepotuoli\/kupu-design-lepotuoli\/","og_site_name":"Kaani","article_modified_time":"2025-11-20T12:47:36+00:00","og_image":[{"width":1024,"height":1024,"url":"https:\/\/kaani.net\/wp-content\/uploads\/2013\/05\/Kupu-ja-rahi_.png","type":"image\/png"}],"twitter_misc":{"Est. reading time":"1 minute"},"schema":{"@context":"https:\/\/schema.org","@graph":[{"@type":"WebPage","@id":"https:\/\/kaani.net\/tuotteet\/kupu-design-lepotuoli\/kupu-design-lepotuoli\/","url":"https:\/\/kaani.net\/tuotteet\/kupu-design-lepotuoli\/kupu-design-lepotuoli\/","name":"Kupu lepotuoli - Kaani","isPartOf":{"@id":"https:\/\/kaani.net\/#website"},"primaryImageOfPage":{"@id":"https:\/\/kaani.net\/tuotteet\/kupu-design-lepotuoli\/kupu-design-lepotuoli\/#primaryimage"},"image":{"@id":"https:\/\/kaani.net\/tuotteet\/kupu-design-lepotuoli\/kupu-design-lepotuoli\/#primaryimage"},"thumbnailUrl":"https:\/\/kaani.net\/wp-content\/uploads\/2013\/05\/Kupu-ja-rahi_.png","datePublished":"2013-05-23T20:35:13+00:00","dateModified":"2025-11-20T12:47:36+00:00","description":"Kupu lepotuolin oivaltava ergonomia ei j\u00e4t\u00e4 ket\u00e4\u00e4n kylm\u00e4ksi. T\u00e4ss\u00e4 ihanassa tuolissa rentoudut ja unohdat arjen kiireet! Tyylik\u00e4s ja kotimainen design-lepotuoli, joka tuo kotiisi sek\u00e4 mukavuutta ett\u00e4 kaunista muotokielt\u00e4.","breadcrumb":{"@id":"https:\/\/kaani.net\/tuotteet\/kupu-design-lepotuoli\/kupu-design-lepotuoli\/#breadcrumb"},"inLanguage":"en-US","potentialAction":[{"@type":"ReadAction","target":["https:\/\/kaani.net\/tuotteet\/kupu-design-lepotuoli\/kupu-design-lepotuoli\/"]}]},{"@type":"ImageObject","inLanguage":"en-US","@id":"https:\/\/kaani.net\/tuotteet\/kupu-design-lepotuoli\/kupu-design-lepotuoli\/#primaryimage","url":"https:\/\/kaani.net\/wp-content\/uploads\/2013\/05\/Kupu-ja-rahi_.png","contentUrl":"https:\/\/kaani.net\/wp-content\/uploads\/2013\/05\/Kupu-ja-rahi_.png","width":1024,"height":1024,"caption":"Kupu ja rahi ikkunan vieress\u00e4."},{"@type":"BreadcrumbList","@id":"https:\/\/kaani.net\/tuotteet\/kupu-design-lepotuoli\/kupu-design-lepotuoli\/#breadcrumb","itemListElement":[{"@type":"ListItem","position":1,"name":"Etusivu","item":"https:\/\/kaani.net\/"},{"@type":"ListItem","position":2,"name":"Tuotteet","item":"https:\/\/kaani.net\/tuotteet\/"},{"@type":"ListItem","position":3,"name":"Kupu lepotuoli"}]},{"@type":"WebSite","@id":"https:\/\/kaani.net\/#website","url":"https:\/\/kaani.net\/","name":"Kaani","description":"See the future!","publisher":{"@id":"https:\/\/kaani.net\/#organization"},"potentialAction":[{"@type":"SearchAction","target":{"@type":"EntryPoint","urlTemplate":"https:\/\/kaani.net\/?s={search_term_string}"},"query-input":{"@type":"PropertyValueSpecification","valueRequired":true,"valueName":"search_term_string"}}],"inLanguage":"en-US"},{"@type":"Organization","@id":"https:\/\/kaani.net\/#organization","name":"Kaani","url":"https:\/\/kaani.net\/","logo":{"@type":"ImageObject","inLanguage":"en-US","@id":"https:\/\/kaani.net\/#\/schema\/logo\/image\/","url":"https:\/\/kaani.net\/wp-content\/uploads\/2017\/09\/cropped-123_kaani_logoS-2-1.jpg","contentUrl":"https:\/\/kaani.net\/wp-content\/uploads\/2017\/09\/cropped-123_kaani_logoS-2-1.jpg","width":184,"height":80,"caption":"Kaani"},"image":{"@id":"https:\/\/kaani.net\/#\/schema\/logo\/image\/"}}]}},"_links":{"self":[{"href":"https:\/\/kaani.net\/en\/wp-json\/wp\/v2\/product\/277","targetHints":{"allow":["GET"]}}],"collection":[{"href":"https:\/\/kaani.net\/en\/wp-json\/wp\/v2\/product"}],"about":[{"href":"https:\/\/kaani.net\/en\/wp-json\/wp\/v2\/types\/product"}],"wp:featuredmedia":[{"embeddable":true,"href":"https:\/\/kaani.net\/en\/wp-json\/wp\/v2\/media\/15159"}],"wp:attachment":[{"href":"https:\/\/kaani.net\/en\/wp-json\/wp\/v2\/media?parent=277"}],"wp:term":[{"taxonomy":"product_brand","embeddable":true,"href":"https:\/\/kaani.net\/en\/wp-json\/wp\/v2\/product_brand?post=277"},{"taxonomy":"product_cat","embeddable":true,"href":"https:\/\/kaani.net\/en\/wp-json\/wp\/v2\/product_cat?post=277"},{"taxonomy":"product_tag","embeddable":true,"href":"https:\/\/kaani.net\/en\/wp-json\/wp\/v2\/product_tag?post=277"}],"curies":[{"name":"wp","href":"https:\/\/api.w.org\/{rel}","templated":true}]}}