{"id":300,"date":"2013-05-23T23:58:02","date_gmt":"2013-05-23T20:58:02","guid":{"rendered":"http:\/\/www.kaani.net\/?post_type=product&#038;p=300"},"modified":"2026-03-11T16:10:24","modified_gmt":"2026-03-11T14:10:24","slug":"mobile-poyta-lasikannella-ja-puujaloilla","status":"publish","type":"product","link":"https:\/\/kaani.net\/en\/tuotteet\/mobile-tuoteperhe\/mobile-poyta-lasikannella-ja-puujaloilla\/","title":{"rendered":"Mobile p\u00f6yt\u00e4 lasikannella"},"content":{"rendered":"<div class=\"vc_row wpb_row vc_row-fluid\"><div class=\"wpb_column vc_column_container vc_col-sm-12\"><div class=\"vc_column-inner\"><div class=\"wpb_wrapper\">\n\t<div class=\"wpb_text_column wpb_content_element\" >\n\t\t<div class=\"wpb_wrapper\">\n\t\t\t<div class=\"vc_row wpb_row vc_row-fluid\">\n<div class=\"wpb_column vc_column_container vc_col-sm-12\">\n<div class=\"vc_column-inner\">\n<div class=\"wpb_wrapper\">\n<div class=\"wpb_text_column wpb_content_element\">\n<div class=\"wpb_wrapper\">\n<p>Mobile ruokap\u00f6yt\u00e4 on samalla siro ja massiivinen.<\/p>\n<p><em>Kansi voi olla kaunis muotolasi, suorakaide, py\u00f6re\u00e4 tai ovaali.<\/em><\/p>\n<\/div>\n<\/div>\n<\/div>\n<\/div>\n<\/div>\n<\/div>\n\n\t\t<\/div>\n\t<\/div>\n<\/div><\/div><\/div><\/div>","protected":false},"excerpt":{"rendered":"<p>Mobile ruokap\u00f6yt\u00e4 on samalla siro ja massiivinen. P\u00f6yd\u00e4n lasikantta kannattelee massiivinen pitkitt\u00e4issuuntainen palkki ja poikittainen metalliputkista muodostuva jalka. Mobile lasip\u00f6yt\u00e4 on kauniin ilmava. Keskelle sijoittuvat jalat antavat mukavasti tilaa p\u00f6yd\u00e4n kulmiin.<\/p>\n<p>Mobile p\u00f6yt\u00e4 voidaan valmistaa my\u00f6s terassik\u00e4ytt\u00f6\u00f6n. Kansi voi olla kaunis muotolasi, suorakaide, py\u00f6re\u00e4 tai ovaali<strong><br \/>\n<\/strong><\/p>\n<p><strong>Mitat:<\/strong> 73cm korkeus<\/p>\n<p><strong>Muotokannet<\/strong> (leveys&amp;pituus): 100*220cm \/ 115*220cm \/ 100*250cm \/ 115*250cm \/ 115*280cm<\/p>\n<p><strong>Py\u00f6re\u00e4t:<\/strong> 120cm \/ 150cm<\/p>\n<p>&nbsp;<\/p>\n<p><span class=\"x193iq5w xeuugli x13faqbe x1vvkbs x1xmvt09 x1lliihq x1s928wv xhkezso x1gmr53x x1cpjm7i x1fgarty x1943h6x xudqn12 x3x7a5m x6prxxf xvq8zen xo1l8bm xzsf02u\" dir=\"auto\">Muistathan my\u00f6s mahdollisuuden tilata tuotteet erikoismitoilla ja -materiaaleilla.<\/span><\/p>\n<p><span class=\"x193iq5w xeuugli x13faqbe x1vvkbs x1xmvt09 x1lliihq x1s928wv xhkezso x1gmr53x x1cpjm7i x1fgarty x1943h6x xudqn12 x3x7a5m x6prxxf xvq8zen xo1l8bm xzsf02u\" dir=\"auto\"><strong><a href=\"https:\/\/kaani.net\/en\/materiaalit\/\">Materiaalit t\u00e4st\u00e4<\/a><\/strong><\/span><\/p>\n<p>Materiaali- ja v\u00e4rivaihtoehtoja Kaanilla on lukematon m\u00e4\u00e4r\u00e4. Siksi l\u00e4het\u00e4 tilauksesi\u00a0yhteydess\u00e4 meille s\u00e4hk\u00f6postiin (info@kaani.net) seuraavat tiedot:<\/p>\n<p><em>Ter\u00e4sosien v\u00e4ri \/ <\/em><em>Kankaan nimi ja v\u00e4ri \/ <\/em><em>Puuosien materiaali (koivu \/ tammi \/ maalattu) ja pintak\u00e4sittely.<\/em><\/p>\n<p><em>\u00a0<\/em><\/p>","protected":false},"featured_media":2524,"template":"","meta":{"om_disable_all_campaigns":false,"_monsterinsights_skip_tracking":false,"_monsterinsights_sitenote_active":false,"_monsterinsights_sitenote_note":"","_monsterinsights_sitenote_category":0,"_uf_show_specific_survey":0,"_uf_disable_surveys":false},"product_brand":[],"product_cat":[729,39],"product_tag":[212,907,801,218,213,795],"class_list":{"0":"post-300","1":"product","2":"type-product","3":"status-publish","4":"has-post-thumbnail","6":"product_cat-kaanin-ruokapoydat","7":"product_cat-mobile-tuoteperhe","8":"product_tag-kaani","9":"product_tag-lasikantinen-ruokapoyta","10":"product_tag-mobile","11":"product_tag-poyta","12":"product_tag-ruokapoyta","13":"product_tag-ruokaryhma","14":"pa_kalusteryhmat-ruokapoydat","16":"first","17":"instock","18":"taxable","19":"shipping-taxable","20":"purchasable","21":"product-type-variable"},"yoast_head":"<!-- This site is optimized with the Yoast SEO plugin v26.7 - https:\/\/yoast.com\/wordpress\/plugins\/seo\/ -->\n<title>Mobile p\u00f6yt\u00e4 lasikannella - Kaani<\/title>\n<meta name=\"description\" content=\"Mobile ruokap\u00f6yt\u00e4 on samalla siro ja massiivinen. Mobile lasip\u00f6yt\u00e4 on kauniin ilmava. Keskelle sijoittuvat jalat antavat mukavasti tilaa p\u00f6yd\u00e4n kulmiin.\" \/>\n<meta name=\"robots\" content=\"index, follow, max-snippet:-1, max-image-preview:large, max-video-preview:-1\" \/>\n<link rel=\"canonical\" href=\"https:\/\/kaani.net\/en\/tuotteet\/mobile-tuoteperhe\/mobile-poyta-lasikannella-ja-puujaloilla\/\" \/>\n<meta property=\"og:locale\" content=\"en_US\" \/>\n<meta property=\"og:type\" content=\"article\" \/>\n<meta property=\"og:title\" content=\"Mobile p\u00f6yt\u00e4 lasikannella - Kaani\" \/>\n<meta property=\"og:description\" content=\"Mobile ruokap\u00f6yt\u00e4 on samalla siro ja massiivinen. Mobile lasip\u00f6yt\u00e4 on kauniin ilmava. Keskelle sijoittuvat jalat antavat mukavasti tilaa p\u00f6yd\u00e4n kulmiin.\" \/>\n<meta property=\"og:url\" content=\"https:\/\/kaani.net\/en\/tuotteet\/mobile-tuoteperhe\/mobile-poyta-lasikannella-ja-puujaloilla\/\" \/>\n<meta property=\"og:site_name\" content=\"Kaani\" \/>\n<meta property=\"article:modified_time\" content=\"2026-03-11T14:10:24+00:00\" \/>\n<meta property=\"og:image\" content=\"https:\/\/kaani.net\/wp-content\/uploads\/2018\/07\/tvtalo_mobile_moon_1000.jpg\" \/>\n\t<meta property=\"og:image:width\" content=\"1000\" \/>\n\t<meta property=\"og:image:height\" content=\"1000\" \/>\n\t<meta property=\"og:image:type\" content=\"image\/jpeg\" \/>\n<meta name=\"twitter:label1\" content=\"Est. reading time\" \/>\n\t<meta name=\"twitter:data1\" content=\"1 minute\" \/>\n<script type=\"application\/ld+json\" class=\"yoast-schema-graph\">{\"@context\":\"https:\/\/schema.org\",\"@graph\":[{\"@type\":\"WebPage\",\"@id\":\"https:\/\/kaani.net\/tuotteet\/mobile-tuoteperhe\/mobile-poyta-lasikannella-ja-puujaloilla\/\",\"url\":\"https:\/\/kaani.net\/tuotteet\/mobile-tuoteperhe\/mobile-poyta-lasikannella-ja-puujaloilla\/\",\"name\":\"Mobile p\u00f6yt\u00e4 lasikannella - Kaani\",\"isPartOf\":{\"@id\":\"https:\/\/kaani.net\/#website\"},\"primaryImageOfPage\":{\"@id\":\"https:\/\/kaani.net\/tuotteet\/mobile-tuoteperhe\/mobile-poyta-lasikannella-ja-puujaloilla\/#primaryimage\"},\"image\":{\"@id\":\"https:\/\/kaani.net\/tuotteet\/mobile-tuoteperhe\/mobile-poyta-lasikannella-ja-puujaloilla\/#primaryimage\"},\"thumbnailUrl\":\"https:\/\/kaani.net\/wp-content\/uploads\/2018\/07\/tvtalo_mobile_moon_1000.jpg\",\"datePublished\":\"2013-05-23T20:58:02+00:00\",\"dateModified\":\"2026-03-11T14:10:24+00:00\",\"description\":\"Mobile ruokap\u00f6yt\u00e4 on samalla siro ja massiivinen. Mobile lasip\u00f6yt\u00e4 on kauniin ilmava. Keskelle sijoittuvat jalat antavat mukavasti tilaa p\u00f6yd\u00e4n kulmiin.\",\"breadcrumb\":{\"@id\":\"https:\/\/kaani.net\/tuotteet\/mobile-tuoteperhe\/mobile-poyta-lasikannella-ja-puujaloilla\/#breadcrumb\"},\"inLanguage\":\"en-US\",\"potentialAction\":[{\"@type\":\"ReadAction\",\"target\":[\"https:\/\/kaani.net\/tuotteet\/mobile-tuoteperhe\/mobile-poyta-lasikannella-ja-puujaloilla\/\"]}]},{\"@type\":\"ImageObject\",\"inLanguage\":\"en-US\",\"@id\":\"https:\/\/kaani.net\/tuotteet\/mobile-tuoteperhe\/mobile-poyta-lasikannella-ja-puujaloilla\/#primaryimage\",\"url\":\"https:\/\/kaani.net\/wp-content\/uploads\/2018\/07\/tvtalo_mobile_moon_1000.jpg\",\"contentUrl\":\"https:\/\/kaani.net\/wp-content\/uploads\/2018\/07\/tvtalo_mobile_moon_1000.jpg\",\"width\":1000,\"height\":1000,\"caption\":\"Mobile ruokap\u00f6yt\u00e4 ja Moon tuolit\"},{\"@type\":\"BreadcrumbList\",\"@id\":\"https:\/\/kaani.net\/tuotteet\/mobile-tuoteperhe\/mobile-poyta-lasikannella-ja-puujaloilla\/#breadcrumb\",\"itemListElement\":[{\"@type\":\"ListItem\",\"position\":1,\"name\":\"Etusivu\",\"item\":\"https:\/\/kaani.net\/\"},{\"@type\":\"ListItem\",\"position\":2,\"name\":\"Tuotteet\",\"item\":\"https:\/\/kaani.net\/tuotteet\/\"},{\"@type\":\"ListItem\",\"position\":3,\"name\":\"Mobile p\u00f6yt\u00e4 lasikannella\"}]},{\"@type\":\"WebSite\",\"@id\":\"https:\/\/kaani.net\/#website\",\"url\":\"https:\/\/kaani.net\/\",\"name\":\"Kaani\",\"description\":\"See the future!\",\"publisher\":{\"@id\":\"https:\/\/kaani.net\/#organization\"},\"potentialAction\":[{\"@type\":\"SearchAction\",\"target\":{\"@type\":\"EntryPoint\",\"urlTemplate\":\"https:\/\/kaani.net\/?s={search_term_string}\"},\"query-input\":{\"@type\":\"PropertyValueSpecification\",\"valueRequired\":true,\"valueName\":\"search_term_string\"}}],\"inLanguage\":\"en-US\"},{\"@type\":\"Organization\",\"@id\":\"https:\/\/kaani.net\/#organization\",\"name\":\"Kaani\",\"url\":\"https:\/\/kaani.net\/\",\"logo\":{\"@type\":\"ImageObject\",\"inLanguage\":\"en-US\",\"@id\":\"https:\/\/kaani.net\/#\/schema\/logo\/image\/\",\"url\":\"https:\/\/kaani.net\/wp-content\/uploads\/2017\/09\/cropped-123_kaani_logoS-2-1.jpg\",\"contentUrl\":\"https:\/\/kaani.net\/wp-content\/uploads\/2017\/09\/cropped-123_kaani_logoS-2-1.jpg\",\"width\":184,\"height\":80,\"caption\":\"Kaani\"},\"image\":{\"@id\":\"https:\/\/kaani.net\/#\/schema\/logo\/image\/\"}}]}<\/script>\n<!-- \/ Yoast SEO plugin. -->","yoast_head_json":{"title":"Mobile p\u00f6yt\u00e4 lasikannella - Kaani","description":"Mobile ruokap\u00f6yt\u00e4 on samalla siro ja massiivinen. Mobile lasip\u00f6yt\u00e4 on kauniin ilmava. Keskelle sijoittuvat jalat antavat mukavasti tilaa p\u00f6yd\u00e4n kulmiin.","robots":{"index":"index","follow":"follow","max-snippet":"max-snippet:-1","max-image-preview":"max-image-preview:large","max-video-preview":"max-video-preview:-1"},"canonical":"https:\/\/kaani.net\/en\/tuotteet\/mobile-tuoteperhe\/mobile-poyta-lasikannella-ja-puujaloilla\/","og_locale":"en_US","og_type":"article","og_title":"Mobile p\u00f6yt\u00e4 lasikannella - Kaani","og_description":"Mobile ruokap\u00f6yt\u00e4 on samalla siro ja massiivinen. Mobile lasip\u00f6yt\u00e4 on kauniin ilmava. Keskelle sijoittuvat jalat antavat mukavasti tilaa p\u00f6yd\u00e4n kulmiin.","og_url":"https:\/\/kaani.net\/en\/tuotteet\/mobile-tuoteperhe\/mobile-poyta-lasikannella-ja-puujaloilla\/","og_site_name":"Kaani","article_modified_time":"2026-03-11T14:10:24+00:00","og_image":[{"width":1000,"height":1000,"url":"https:\/\/kaani.net\/wp-content\/uploads\/2018\/07\/tvtalo_mobile_moon_1000.jpg","type":"image\/jpeg"}],"twitter_misc":{"Est. reading time":"1 minute"},"schema":{"@context":"https:\/\/schema.org","@graph":[{"@type":"WebPage","@id":"https:\/\/kaani.net\/tuotteet\/mobile-tuoteperhe\/mobile-poyta-lasikannella-ja-puujaloilla\/","url":"https:\/\/kaani.net\/tuotteet\/mobile-tuoteperhe\/mobile-poyta-lasikannella-ja-puujaloilla\/","name":"Mobile p\u00f6yt\u00e4 lasikannella - Kaani","isPartOf":{"@id":"https:\/\/kaani.net\/#website"},"primaryImageOfPage":{"@id":"https:\/\/kaani.net\/tuotteet\/mobile-tuoteperhe\/mobile-poyta-lasikannella-ja-puujaloilla\/#primaryimage"},"image":{"@id":"https:\/\/kaani.net\/tuotteet\/mobile-tuoteperhe\/mobile-poyta-lasikannella-ja-puujaloilla\/#primaryimage"},"thumbnailUrl":"https:\/\/kaani.net\/wp-content\/uploads\/2018\/07\/tvtalo_mobile_moon_1000.jpg","datePublished":"2013-05-23T20:58:02+00:00","dateModified":"2026-03-11T14:10:24+00:00","description":"Mobile ruokap\u00f6yt\u00e4 on samalla siro ja massiivinen. Mobile lasip\u00f6yt\u00e4 on kauniin ilmava. Keskelle sijoittuvat jalat antavat mukavasti tilaa p\u00f6yd\u00e4n kulmiin.","breadcrumb":{"@id":"https:\/\/kaani.net\/tuotteet\/mobile-tuoteperhe\/mobile-poyta-lasikannella-ja-puujaloilla\/#breadcrumb"},"inLanguage":"en-US","potentialAction":[{"@type":"ReadAction","target":["https:\/\/kaani.net\/tuotteet\/mobile-tuoteperhe\/mobile-poyta-lasikannella-ja-puujaloilla\/"]}]},{"@type":"ImageObject","inLanguage":"en-US","@id":"https:\/\/kaani.net\/tuotteet\/mobile-tuoteperhe\/mobile-poyta-lasikannella-ja-puujaloilla\/#primaryimage","url":"https:\/\/kaani.net\/wp-content\/uploads\/2018\/07\/tvtalo_mobile_moon_1000.jpg","contentUrl":"https:\/\/kaani.net\/wp-content\/uploads\/2018\/07\/tvtalo_mobile_moon_1000.jpg","width":1000,"height":1000,"caption":"Mobile ruokap\u00f6yt\u00e4 ja Moon tuolit"},{"@type":"BreadcrumbList","@id":"https:\/\/kaani.net\/tuotteet\/mobile-tuoteperhe\/mobile-poyta-lasikannella-ja-puujaloilla\/#breadcrumb","itemListElement":[{"@type":"ListItem","position":1,"name":"Etusivu","item":"https:\/\/kaani.net\/"},{"@type":"ListItem","position":2,"name":"Tuotteet","item":"https:\/\/kaani.net\/tuotteet\/"},{"@type":"ListItem","position":3,"name":"Mobile p\u00f6yt\u00e4 lasikannella"}]},{"@type":"WebSite","@id":"https:\/\/kaani.net\/#website","url":"https:\/\/kaani.net\/","name":"Kaani","description":"See the future!","publisher":{"@id":"https:\/\/kaani.net\/#organization"},"potentialAction":[{"@type":"SearchAction","target":{"@type":"EntryPoint","urlTemplate":"https:\/\/kaani.net\/?s={search_term_string}"},"query-input":{"@type":"PropertyValueSpecification","valueRequired":true,"valueName":"search_term_string"}}],"inLanguage":"en-US"},{"@type":"Organization","@id":"https:\/\/kaani.net\/#organization","name":"Kaani","url":"https:\/\/kaani.net\/","logo":{"@type":"ImageObject","inLanguage":"en-US","@id":"https:\/\/kaani.net\/#\/schema\/logo\/image\/","url":"https:\/\/kaani.net\/wp-content\/uploads\/2017\/09\/cropped-123_kaani_logoS-2-1.jpg","contentUrl":"https:\/\/kaani.net\/wp-content\/uploads\/2017\/09\/cropped-123_kaani_logoS-2-1.jpg","width":184,"height":80,"caption":"Kaani"},"image":{"@id":"https:\/\/kaani.net\/#\/schema\/logo\/image\/"}}]}},"_links":{"self":[{"href":"https:\/\/kaani.net\/en\/wp-json\/wp\/v2\/product\/300","targetHints":{"allow":["GET"]}}],"collection":[{"href":"https:\/\/kaani.net\/en\/wp-json\/wp\/v2\/product"}],"about":[{"href":"https:\/\/kaani.net\/en\/wp-json\/wp\/v2\/types\/product"}],"wp:featuredmedia":[{"embeddable":true,"href":"https:\/\/kaani.net\/en\/wp-json\/wp\/v2\/media\/2524"}],"wp:attachment":[{"href":"https:\/\/kaani.net\/en\/wp-json\/wp\/v2\/media?parent=300"}],"wp:term":[{"taxonomy":"product_brand","embeddable":true,"href":"https:\/\/kaani.net\/en\/wp-json\/wp\/v2\/product_brand?post=300"},{"taxonomy":"product_cat","embeddable":true,"href":"https:\/\/kaani.net\/en\/wp-json\/wp\/v2\/product_cat?post=300"},{"taxonomy":"product_tag","embeddable":true,"href":"https:\/\/kaani.net\/en\/wp-json\/wp\/v2\/product_tag?post=300"}],"curies":[{"name":"wp","href":"https:\/\/api.w.org\/{rel}","templated":true}]}}