{"id":3245,"date":"2018-07-20T11:02:40","date_gmt":"2018-07-20T08:02:40","guid":{"rendered":"https:\/\/kaani.fi\/?post_type=product&#038;p=3245"},"modified":"2026-02-13T17:06:17","modified_gmt":"2026-02-13T15:06:17","slug":"sointu-ruokapoyta-ruokaryhma","status":"publish","type":"product","link":"https:\/\/kaani.net\/en\/tuotteet\/sointu-tuoteperhe\/sointu-ruokapoyta-ruokaryhma\/","title":{"rendered":"Sointu ruokap\u00f6yt\u00e4 puujaloilla"},"content":{"rendered":"<div class=\"vc_row wpb_row vc_row-fluid\"><div class=\"wpb_column vc_column_container vc_col-sm-12\"><div class=\"vc_column-inner\"><div class=\"wpb_wrapper\">\n\t<div class=\"wpb_text_column wpb_content_element\" >\n\t\t<div class=\"wpb_wrapper\">\n\t\t\t<p><strong data-start=\"119\" data-end=\"135\">Sointu p\u00f6yt\u00e4<\/strong> hurmaa sirolla mutta vahvalla rakenteellaan. Massiivipuiset jalat liittyv\u00e4t saumattomasti massiivipuu\u2013vanerikanteen, luoden elegantin ja viimeistellyn yksityiskohdan, joka vangitsee katseen. P\u00f6yd\u00e4n kauniit leikkauspinnat korostavat puun luonnollisia s\u00e4vyeroja ja el\u00e4v\u00e4\u00e4 pintaa, tehden jokaisesta p\u00f6yd\u00e4st\u00e4 uniikin.<\/p>\n\n\t\t<\/div>\n\t<\/div>\n<\/div><\/div><\/div><\/div>","protected":false},"excerpt":{"rendered":"<p data-start=\"81\" data-end=\"419\"><strong data-start=\"81\" data-end=\"97\">Harmony <\/strong>hurmaa sirolla mutta vahvalla rakenteellaan. Sen massiivipuiset jalat liittyv\u00e4t saumattomasti massiivipuu\u2013vanerikanteen muodostaen elegantin ja harkitun yksityiskohdan, joka vangitsee katseen. P\u00f6yd\u00e4n puun kauniit leikkauspinnat tuovat esiin luonnollisia s\u00e4vyeroja ja el\u00e4v\u00e4\u00e4 ilmett\u00e4, tehden jokaisesta p\u00f6yd\u00e4st\u00e4 omanlaisen.<\/p>\n<p data-start=\"421\" data-end=\"593\" data-is-last-node=\"\" data-is-only-node=\"\">Sointu p\u00f6yt\u00e4 on saatavana laadukkaasta koivusta tai tammesta valmistettuna \u2013 molemmat tuovat tilaan ajattomuutta, l\u00e4mp\u00f6\u00e4 ja skandinaavista selkeytt\u00e4. P\u00f6yd\u00e4n voi tilata my\u00f6s erikoisty\u00f6n\u00e4, jolloin se voidaan r\u00e4\u00e4t\u00e4l\u00f6id\u00e4 yksil\u00f6llisiin toiveisiin ja mittoihin.<\/p>\n<p><strong>Mitat:<\/strong> 73cm korkeus<\/p>\n<p><strong>Neli\u00f6t:<\/strong> 75*75cm \/ 93*93cm \/ 100*100cm<\/p>\n<p><strong>Suorakaiteet <\/strong>(leveys&amp;pituus):\u00a075*138cm \/ 93*160cm \/ 93*184cm \/ 100*220cm \/ 100*240cm<\/p>\n<p>&nbsp;<\/p>\n<p>Muistathan my\u00f6s mahdollisuuden tilata tuotteet erikoismitoilla ja -materiaaleilla.<\/p>\n<p><a href=\"https:\/\/kaani.net\/en\/materiaalit\/\"><strong>Materiaalit t\u00e4st\u00e4<\/strong><\/a><\/p>\n<p>Materiaali- ja v\u00e4rivaihtoehtoja Kaanilla on lukematon m\u00e4\u00e4r\u00e4. Siksi l\u00e4het\u00e4 tilauksesi yhteydess\u00e4 meille s\u00e4hk\u00f6postiin (info@kaani.net) seuraavat tiedot:\u00a0<em>Ter\u00e4sosien v\u00e4ri \/ <\/em><em>Kankaan nimi ja v\u00e4ri \/ <\/em><em>Puuosien materiaali (koivu \/ tammi \/ maalattu) ja pintak\u00e4sittely.<\/em><\/p>","protected":false},"featured_media":15438,"template":"","meta":{"om_disable_all_campaigns":false,"_monsterinsights_skip_tracking":false,"_monsterinsights_sitenote_active":false,"_monsterinsights_sitenote_note":"","_monsterinsights_sitenote_category":0,"_uf_show_specific_survey":0,"_uf_disable_surveys":false},"product_brand":[],"product_cat":[729,41],"product_tag":[212,797,218,800,213,795,799],"class_list":{"0":"post-3245","1":"product","2":"type-product","3":"status-publish","4":"has-post-thumbnail","6":"product_cat-kaanin-ruokapoydat","7":"product_cat-sointu-tuoteperhe","8":"product_tag-kaani","9":"product_tag-kotimainen-ruokapoyta","10":"product_tag-poyta","11":"product_tag-ruokailupoyta","12":"product_tag-ruokapoyta","13":"product_tag-ruokaryhma","14":"product_tag-sointu","16":"first","17":"instock","18":"taxable","19":"shipping-taxable","20":"purchasable","21":"product-type-variable","22":"has-default-attributes"},"yoast_head":"<!-- This site is optimized with the Yoast SEO plugin v26.7 - https:\/\/yoast.com\/wordpress\/plugins\/seo\/ -->\n<title>Sointu ruokap\u00f6yt\u00e4 puujaloilla - Kaani<\/title>\n<meta name=\"description\" content=\"Sointu p\u00f6yt\u00e4 hurmaa sirolla mutta vahvalla rakenteellaan. Sen massiivipuiset jalat liittyv\u00e4t saumattomasti massiivipuu\u2013vanerikanteen muodostaen elegantin ja harkitun yksityiskohdan, joka vangitsee katseen.\" \/>\n<meta name=\"robots\" content=\"index, follow, max-snippet:-1, max-image-preview:large, max-video-preview:-1\" \/>\n<link rel=\"canonical\" href=\"https:\/\/kaani.net\/en\/tuotteet\/sointu-tuoteperhe\/sointu-ruokapoyta-ruokaryhma\/\" \/>\n<meta property=\"og:locale\" content=\"en_US\" \/>\n<meta property=\"og:type\" content=\"article\" \/>\n<meta property=\"og:title\" content=\"Sointu ruokap\u00f6yt\u00e4 puujaloilla - Kaani\" \/>\n<meta property=\"og:description\" content=\"Sointu p\u00f6yt\u00e4 hurmaa sirolla mutta vahvalla rakenteellaan. Sen massiivipuiset jalat liittyv\u00e4t saumattomasti massiivipuu\u2013vanerikanteen muodostaen elegantin ja harkitun yksityiskohdan, joka vangitsee katseen.\" \/>\n<meta property=\"og:url\" content=\"https:\/\/kaani.net\/en\/tuotteet\/sointu-tuoteperhe\/sointu-ruokapoyta-ruokaryhma\/\" \/>\n<meta property=\"og:site_name\" content=\"Kaani\" \/>\n<meta property=\"article:modified_time\" content=\"2026-02-13T15:06:17+00:00\" \/>\n<meta property=\"og:image\" content=\"https:\/\/kaani.net\/wp-content\/uploads\/2018\/07\/Sointu-ruokapoyta-ja-tuoli.png\" \/>\n\t<meta property=\"og:image:width\" content=\"1024\" \/>\n\t<meta property=\"og:image:height\" content=\"1024\" \/>\n\t<meta property=\"og:image:type\" content=\"image\/png\" \/>\n<meta name=\"twitter:label1\" content=\"Est. reading time\" \/>\n\t<meta name=\"twitter:data1\" content=\"1 minute\" \/>\n<script type=\"application\/ld+json\" class=\"yoast-schema-graph\">{\"@context\":\"https:\/\/schema.org\",\"@graph\":[{\"@type\":\"WebPage\",\"@id\":\"https:\/\/kaani.net\/tuotteet\/sointu-tuoteperhe\/sointu-ruokapoyta-ruokaryhma\/\",\"url\":\"https:\/\/kaani.net\/tuotteet\/sointu-tuoteperhe\/sointu-ruokapoyta-ruokaryhma\/\",\"name\":\"Sointu ruokap\u00f6yt\u00e4 puujaloilla - Kaani\",\"isPartOf\":{\"@id\":\"https:\/\/kaani.net\/#website\"},\"primaryImageOfPage\":{\"@id\":\"https:\/\/kaani.net\/tuotteet\/sointu-tuoteperhe\/sointu-ruokapoyta-ruokaryhma\/#primaryimage\"},\"image\":{\"@id\":\"https:\/\/kaani.net\/tuotteet\/sointu-tuoteperhe\/sointu-ruokapoyta-ruokaryhma\/#primaryimage\"},\"thumbnailUrl\":\"https:\/\/kaani.net\/wp-content\/uploads\/2018\/07\/Sointu-ruokapoyta-ja-tuoli.png\",\"datePublished\":\"2018-07-20T08:02:40+00:00\",\"dateModified\":\"2026-02-13T15:06:17+00:00\",\"description\":\"Sointu p\u00f6yt\u00e4 hurmaa sirolla mutta vahvalla rakenteellaan. Sen massiivipuiset jalat liittyv\u00e4t saumattomasti massiivipuu\u2013vanerikanteen muodostaen elegantin ja harkitun yksityiskohdan, joka vangitsee katseen.\",\"breadcrumb\":{\"@id\":\"https:\/\/kaani.net\/tuotteet\/sointu-tuoteperhe\/sointu-ruokapoyta-ruokaryhma\/#breadcrumb\"},\"inLanguage\":\"en-US\",\"potentialAction\":[{\"@type\":\"ReadAction\",\"target\":[\"https:\/\/kaani.net\/tuotteet\/sointu-tuoteperhe\/sointu-ruokapoyta-ruokaryhma\/\"]}]},{\"@type\":\"ImageObject\",\"inLanguage\":\"en-US\",\"@id\":\"https:\/\/kaani.net\/tuotteet\/sointu-tuoteperhe\/sointu-ruokapoyta-ruokaryhma\/#primaryimage\",\"url\":\"https:\/\/kaani.net\/wp-content\/uploads\/2018\/07\/Sointu-ruokapoyta-ja-tuoli.png\",\"contentUrl\":\"https:\/\/kaani.net\/wp-content\/uploads\/2018\/07\/Sointu-ruokapoyta-ja-tuoli.png\",\"width\":1024,\"height\":1024},{\"@type\":\"BreadcrumbList\",\"@id\":\"https:\/\/kaani.net\/tuotteet\/sointu-tuoteperhe\/sointu-ruokapoyta-ruokaryhma\/#breadcrumb\",\"itemListElement\":[{\"@type\":\"ListItem\",\"position\":1,\"name\":\"Etusivu\",\"item\":\"https:\/\/kaani.net\/\"},{\"@type\":\"ListItem\",\"position\":2,\"name\":\"Tuotteet\",\"item\":\"https:\/\/kaani.net\/tuotteet\/\"},{\"@type\":\"ListItem\",\"position\":3,\"name\":\"Sointu ruokap\u00f6yt\u00e4 puujaloilla\"}]},{\"@type\":\"WebSite\",\"@id\":\"https:\/\/kaani.net\/#website\",\"url\":\"https:\/\/kaani.net\/\",\"name\":\"Kaani\",\"description\":\"See the future!\",\"publisher\":{\"@id\":\"https:\/\/kaani.net\/#organization\"},\"potentialAction\":[{\"@type\":\"SearchAction\",\"target\":{\"@type\":\"EntryPoint\",\"urlTemplate\":\"https:\/\/kaani.net\/?s={search_term_string}\"},\"query-input\":{\"@type\":\"PropertyValueSpecification\",\"valueRequired\":true,\"valueName\":\"search_term_string\"}}],\"inLanguage\":\"en-US\"},{\"@type\":\"Organization\",\"@id\":\"https:\/\/kaani.net\/#organization\",\"name\":\"Kaani\",\"url\":\"https:\/\/kaani.net\/\",\"logo\":{\"@type\":\"ImageObject\",\"inLanguage\":\"en-US\",\"@id\":\"https:\/\/kaani.net\/#\/schema\/logo\/image\/\",\"url\":\"https:\/\/kaani.net\/wp-content\/uploads\/2017\/09\/cropped-123_kaani_logoS-2-1.jpg\",\"contentUrl\":\"https:\/\/kaani.net\/wp-content\/uploads\/2017\/09\/cropped-123_kaani_logoS-2-1.jpg\",\"width\":184,\"height\":80,\"caption\":\"Kaani\"},\"image\":{\"@id\":\"https:\/\/kaani.net\/#\/schema\/logo\/image\/\"}}]}<\/script>\n<!-- \/ Yoast SEO plugin. -->","yoast_head_json":{"title":"Sointu ruokap\u00f6yt\u00e4 puujaloilla - Kaani","description":"Sointu p\u00f6yt\u00e4 hurmaa sirolla mutta vahvalla rakenteellaan. Sen massiivipuiset jalat liittyv\u00e4t saumattomasti massiivipuu\u2013vanerikanteen muodostaen elegantin ja harkitun yksityiskohdan, joka vangitsee katseen.","robots":{"index":"index","follow":"follow","max-snippet":"max-snippet:-1","max-image-preview":"max-image-preview:large","max-video-preview":"max-video-preview:-1"},"canonical":"https:\/\/kaani.net\/en\/tuotteet\/sointu-tuoteperhe\/sointu-ruokapoyta-ruokaryhma\/","og_locale":"en_US","og_type":"article","og_title":"Sointu ruokap\u00f6yt\u00e4 puujaloilla - Kaani","og_description":"Sointu p\u00f6yt\u00e4 hurmaa sirolla mutta vahvalla rakenteellaan. Sen massiivipuiset jalat liittyv\u00e4t saumattomasti massiivipuu\u2013vanerikanteen muodostaen elegantin ja harkitun yksityiskohdan, joka vangitsee katseen.","og_url":"https:\/\/kaani.net\/en\/tuotteet\/sointu-tuoteperhe\/sointu-ruokapoyta-ruokaryhma\/","og_site_name":"Kaani","article_modified_time":"2026-02-13T15:06:17+00:00","og_image":[{"width":1024,"height":1024,"url":"https:\/\/kaani.net\/wp-content\/uploads\/2018\/07\/Sointu-ruokapoyta-ja-tuoli.png","type":"image\/png"}],"twitter_misc":{"Est. reading time":"1 minute"},"schema":{"@context":"https:\/\/schema.org","@graph":[{"@type":"WebPage","@id":"https:\/\/kaani.net\/tuotteet\/sointu-tuoteperhe\/sointu-ruokapoyta-ruokaryhma\/","url":"https:\/\/kaani.net\/tuotteet\/sointu-tuoteperhe\/sointu-ruokapoyta-ruokaryhma\/","name":"Sointu ruokap\u00f6yt\u00e4 puujaloilla - Kaani","isPartOf":{"@id":"https:\/\/kaani.net\/#website"},"primaryImageOfPage":{"@id":"https:\/\/kaani.net\/tuotteet\/sointu-tuoteperhe\/sointu-ruokapoyta-ruokaryhma\/#primaryimage"},"image":{"@id":"https:\/\/kaani.net\/tuotteet\/sointu-tuoteperhe\/sointu-ruokapoyta-ruokaryhma\/#primaryimage"},"thumbnailUrl":"https:\/\/kaani.net\/wp-content\/uploads\/2018\/07\/Sointu-ruokapoyta-ja-tuoli.png","datePublished":"2018-07-20T08:02:40+00:00","dateModified":"2026-02-13T15:06:17+00:00","description":"Sointu p\u00f6yt\u00e4 hurmaa sirolla mutta vahvalla rakenteellaan. Sen massiivipuiset jalat liittyv\u00e4t saumattomasti massiivipuu\u2013vanerikanteen muodostaen elegantin ja harkitun yksityiskohdan, joka vangitsee katseen.","breadcrumb":{"@id":"https:\/\/kaani.net\/tuotteet\/sointu-tuoteperhe\/sointu-ruokapoyta-ruokaryhma\/#breadcrumb"},"inLanguage":"en-US","potentialAction":[{"@type":"ReadAction","target":["https:\/\/kaani.net\/tuotteet\/sointu-tuoteperhe\/sointu-ruokapoyta-ruokaryhma\/"]}]},{"@type":"ImageObject","inLanguage":"en-US","@id":"https:\/\/kaani.net\/tuotteet\/sointu-tuoteperhe\/sointu-ruokapoyta-ruokaryhma\/#primaryimage","url":"https:\/\/kaani.net\/wp-content\/uploads\/2018\/07\/Sointu-ruokapoyta-ja-tuoli.png","contentUrl":"https:\/\/kaani.net\/wp-content\/uploads\/2018\/07\/Sointu-ruokapoyta-ja-tuoli.png","width":1024,"height":1024},{"@type":"BreadcrumbList","@id":"https:\/\/kaani.net\/tuotteet\/sointu-tuoteperhe\/sointu-ruokapoyta-ruokaryhma\/#breadcrumb","itemListElement":[{"@type":"ListItem","position":1,"name":"Etusivu","item":"https:\/\/kaani.net\/"},{"@type":"ListItem","position":2,"name":"Tuotteet","item":"https:\/\/kaani.net\/tuotteet\/"},{"@type":"ListItem","position":3,"name":"Sointu ruokap\u00f6yt\u00e4 puujaloilla"}]},{"@type":"WebSite","@id":"https:\/\/kaani.net\/#website","url":"https:\/\/kaani.net\/","name":"Kaani","description":"See the future!","publisher":{"@id":"https:\/\/kaani.net\/#organization"},"potentialAction":[{"@type":"SearchAction","target":{"@type":"EntryPoint","urlTemplate":"https:\/\/kaani.net\/?s={search_term_string}"},"query-input":{"@type":"PropertyValueSpecification","valueRequired":true,"valueName":"search_term_string"}}],"inLanguage":"en-US"},{"@type":"Organization","@id":"https:\/\/kaani.net\/#organization","name":"Kaani","url":"https:\/\/kaani.net\/","logo":{"@type":"ImageObject","inLanguage":"en-US","@id":"https:\/\/kaani.net\/#\/schema\/logo\/image\/","url":"https:\/\/kaani.net\/wp-content\/uploads\/2017\/09\/cropped-123_kaani_logoS-2-1.jpg","contentUrl":"https:\/\/kaani.net\/wp-content\/uploads\/2017\/09\/cropped-123_kaani_logoS-2-1.jpg","width":184,"height":80,"caption":"Kaani"},"image":{"@id":"https:\/\/kaani.net\/#\/schema\/logo\/image\/"}}]}},"_links":{"self":[{"href":"https:\/\/kaani.net\/en\/wp-json\/wp\/v2\/product\/3245","targetHints":{"allow":["GET"]}}],"collection":[{"href":"https:\/\/kaani.net\/en\/wp-json\/wp\/v2\/product"}],"about":[{"href":"https:\/\/kaani.net\/en\/wp-json\/wp\/v2\/types\/product"}],"wp:featuredmedia":[{"embeddable":true,"href":"https:\/\/kaani.net\/en\/wp-json\/wp\/v2\/media\/15438"}],"wp:attachment":[{"href":"https:\/\/kaani.net\/en\/wp-json\/wp\/v2\/media?parent=3245"}],"wp:term":[{"taxonomy":"product_brand","embeddable":true,"href":"https:\/\/kaani.net\/en\/wp-json\/wp\/v2\/product_brand?post=3245"},{"taxonomy":"product_cat","embeddable":true,"href":"https:\/\/kaani.net\/en\/wp-json\/wp\/v2\/product_cat?post=3245"},{"taxonomy":"product_tag","embeddable":true,"href":"https:\/\/kaani.net\/en\/wp-json\/wp\/v2\/product_tag?post=3245"}],"curies":[{"name":"wp","href":"https:\/\/api.w.org\/{rel}","templated":true}]}}