{"id":331,"date":"2013-05-24T00:24:45","date_gmt":"2013-05-23T21:24:45","guid":{"rendered":"http:\/\/www.kaani.net\/?post_type=product&#038;p=331"},"modified":"2026-04-02T17:35:29","modified_gmt":"2026-04-02T14:35:29","slug":"swing-ruokapoyta-ruokaryhma","status":"publish","type":"product","link":"https:\/\/kaani.net\/en\/tuotteet\/swing-ruokapoyta\/swing-ruokapoyta-ruokaryhma\/","title":{"rendered":"Swing dining table"},"content":{"rendered":"<div class=\"vc_row wpb_row vc_row-fluid\"><div class=\"wpb_column vc_column_container vc_col-sm-12\"><div class=\"vc_column-inner\"><div class=\"wpb_wrapper\">\n\t<div class=\"wpb_text_column wpb_content_element\" >\n\t\t<div class=\"wpb_wrapper\">\n\t\t\t<p>Swing ruokap\u00f6yt\u00e4 on valmistettu massiivipuusta. P\u00f6yd\u00e4n kauniisti alasp\u00e4in kapenevat jalat tuovat keveytt\u00e4 t\u00e4h\u00e4n upeaan p\u00f6yt\u00e4\u00e4n. Tukeva ja sirorakenteinen.<\/p>\n<p><em>Huom! Maalatuissa p\u00f6ydiss\u00e4 on MDF kansi.<\/em><\/p>\n\n\t\t<\/div>\n\t<\/div>\n<\/div><\/div><\/div><\/div>","protected":false},"excerpt":{"rendered":"<p>Kaanin massiivipuup\u00f6yt\u00e4 on Swing.<br \/>\nSe on upea ja kevytlinjainen ruokap\u00f6yt\u00e4. Kannen reunat on ohennettu n\u00e4ytt\u00e4m\u00e4\u00e4n minimaalisen siroilta. P\u00f6yd\u00e4n kauniisti alasp\u00e4in kapenevat jalat tuovat keveytt\u00e4 t\u00e4h\u00e4n upeaan p\u00f6yt\u00e4\u00e4n.<\/p>\n<p>P\u00f6yt\u00e4\u00e4 valmistetaan koivusta ja tammesta sek\u00e4 tilausty\u00f6n\u00e4 muista materiaaleista. Kaikki Kaanin v\u00e4rikartan petsiv\u00e4rit ovat saatavilla t\u00e4h\u00e4n tuotteeseen.<\/p>\n<p>Swing is also available in a painted version, in which the cover is made from MDF board (solid wood is not suitable underneath the paint in table top).<\/p>\n<p>Swing works as a worktable also.<\/p>\n<p><strong>Mitat:<\/strong> 93cm &amp; 100cm leveys \/ 73cm korkeus<\/p>\n<p><strong>Pituudet:<\/strong> 140cm \/ 160cm \/ 184cm \/ 200cm \/ 220cm \/ 250cm<\/p>\n<p>&nbsp;<\/p>\n<p>Muistathan my\u00f6s mahdollisuuden tilata tuotteet erikoismitoilla ja -materiaaleilla.<\/p>\n<p><a href=\"https:\/\/kaani.net\/en\/materiaalit\/\"><strong>Materiaalit t\u00e4st\u00e4<\/strong><\/a><\/p>\n<p>Materiaali- ja v\u00e4rivaihtoehtoja Kaanilla on lukematon m\u00e4\u00e4r\u00e4. Siksi l\u00e4het\u00e4 tilauksesi yhteydess\u00e4 meille s\u00e4hk\u00f6postiin (info@kaani.net) seuraavat tiedot:\u00a0<em>Ter\u00e4sosien v\u00e4ri \/ <\/em><em>Kankaan nimi ja v\u00e4ri \/ <\/em><em>Puuosien materiaali (koivu \/ tammi \/ maalattu) ja pintak\u00e4sittely.<\/em><\/p>","protected":false},"featured_media":15469,"template":"","meta":{"om_disable_all_campaigns":false,"_monsterinsights_skip_tracking":false,"_monsterinsights_sitenote_active":false,"_monsterinsights_sitenote_note":"","_monsterinsights_sitenote_category":0,"_uf_show_specific_survey":0,"_uf_disable_surveys":false},"product_brand":[],"product_cat":[729,42],"product_tag":[212,218,213,795,929],"class_list":{"0":"post-331","1":"product","2":"type-product","3":"status-publish","4":"has-post-thumbnail","6":"product_cat-kaanin-ruokapoydat","7":"product_cat-swing-ruokapoyta","8":"product_tag-kaani","9":"product_tag-poyta","10":"product_tag-ruokapoyta","11":"product_tag-ruokaryhma","12":"product_tag-swing","14":"first","15":"instock","16":"taxable","17":"shipping-taxable","18":"purchasable","19":"product-type-variable","20":"has-default-attributes"},"yoast_head":"<!-- This site is optimized with the Yoast SEO plugin v26.7 - https:\/\/yoast.com\/wordpress\/plugins\/seo\/ -->\n<title>Swing ruokap\u00f6yt\u00e4 - Kaani<\/title>\n<meta name=\"description\" content=\"Swing ruokap\u00f6yt\u00e4 on valmistettu massiivipuusta. P\u00f6yd\u00e4n kauniisti alasp\u00e4in kapenevat jalat tuovat keveytt\u00e4 t\u00e4h\u00e4n upeaan p\u00f6yt\u00e4\u00e4n. Tukeva ja sirorakenteinen.\" \/>\n<meta name=\"robots\" content=\"index, follow, max-snippet:-1, max-image-preview:large, max-video-preview:-1\" \/>\n<link rel=\"canonical\" href=\"https:\/\/kaani.net\/en\/tuotteet\/swing-ruokapoyta\/swing-ruokapoyta-ruokaryhma\/\" \/>\n<meta property=\"og:locale\" content=\"en_US\" \/>\n<meta property=\"og:type\" content=\"article\" \/>\n<meta property=\"og:title\" content=\"Swing ruokap\u00f6yt\u00e4 - Kaani\" \/>\n<meta property=\"og:description\" content=\"Swing ruokap\u00f6yt\u00e4 on valmistettu massiivipuusta. P\u00f6yd\u00e4n kauniisti alasp\u00e4in kapenevat jalat tuovat keveytt\u00e4 t\u00e4h\u00e4n upeaan p\u00f6yt\u00e4\u00e4n. Tukeva ja sirorakenteinen.\" \/>\n<meta property=\"og:url\" content=\"https:\/\/kaani.net\/en\/tuotteet\/swing-ruokapoyta\/swing-ruokapoyta-ruokaryhma\/\" \/>\n<meta property=\"og:site_name\" content=\"Kaani\" \/>\n<meta property=\"article:modified_time\" content=\"2026-04-02T14:35:29+00:00\" \/>\n<meta property=\"og:image\" content=\"https:\/\/kaani.net\/wp-content\/uploads\/2026\/04\/Swing-ja-Boom-tuoli-1200x1200.png\" \/>\n\t<meta property=\"og:image:width\" content=\"1200\" \/>\n\t<meta property=\"og:image:height\" content=\"1200\" \/>\n\t<meta property=\"og:image:type\" content=\"image\/png\" \/>\n<meta name=\"twitter:label1\" content=\"Est. reading time\" \/>\n\t<meta name=\"twitter:data1\" content=\"1 minute\" \/>\n<script type=\"application\/ld+json\" class=\"yoast-schema-graph\">{\"@context\":\"https:\/\/schema.org\",\"@graph\":[{\"@type\":\"WebPage\",\"@id\":\"https:\/\/kaani.net\/tuotteet\/swing-ruokapoyta\/swing-ruokapoyta-ruokaryhma\/\",\"url\":\"https:\/\/kaani.net\/tuotteet\/swing-ruokapoyta\/swing-ruokapoyta-ruokaryhma\/\",\"name\":\"Swing ruokap\u00f6yt\u00e4 - Kaani\",\"isPartOf\":{\"@id\":\"https:\/\/kaani.net\/#website\"},\"primaryImageOfPage\":{\"@id\":\"https:\/\/kaani.net\/tuotteet\/swing-ruokapoyta\/swing-ruokapoyta-ruokaryhma\/#primaryimage\"},\"image\":{\"@id\":\"https:\/\/kaani.net\/tuotteet\/swing-ruokapoyta\/swing-ruokapoyta-ruokaryhma\/#primaryimage\"},\"thumbnailUrl\":\"https:\/\/kaani.net\/wp-content\/uploads\/2026\/04\/Swing-ja-Boom-tuoli.png\",\"datePublished\":\"2013-05-23T21:24:45+00:00\",\"dateModified\":\"2026-04-02T14:35:29+00:00\",\"description\":\"Swing ruokap\u00f6yt\u00e4 on valmistettu massiivipuusta. P\u00f6yd\u00e4n kauniisti alasp\u00e4in kapenevat jalat tuovat keveytt\u00e4 t\u00e4h\u00e4n upeaan p\u00f6yt\u00e4\u00e4n. Tukeva ja sirorakenteinen.\",\"breadcrumb\":{\"@id\":\"https:\/\/kaani.net\/tuotteet\/swing-ruokapoyta\/swing-ruokapoyta-ruokaryhma\/#breadcrumb\"},\"inLanguage\":\"en-US\",\"potentialAction\":[{\"@type\":\"ReadAction\",\"target\":[\"https:\/\/kaani.net\/tuotteet\/swing-ruokapoyta\/swing-ruokapoyta-ruokaryhma\/\"]}]},{\"@type\":\"ImageObject\",\"inLanguage\":\"en-US\",\"@id\":\"https:\/\/kaani.net\/tuotteet\/swing-ruokapoyta\/swing-ruokapoyta-ruokaryhma\/#primaryimage\",\"url\":\"https:\/\/kaani.net\/wp-content\/uploads\/2026\/04\/Swing-ja-Boom-tuoli.png\",\"contentUrl\":\"https:\/\/kaani.net\/wp-content\/uploads\/2026\/04\/Swing-ja-Boom-tuoli.png\",\"width\":2513,\"height\":2513},{\"@type\":\"BreadcrumbList\",\"@id\":\"https:\/\/kaani.net\/tuotteet\/swing-ruokapoyta\/swing-ruokapoyta-ruokaryhma\/#breadcrumb\",\"itemListElement\":[{\"@type\":\"ListItem\",\"position\":1,\"name\":\"Etusivu\",\"item\":\"https:\/\/kaani.net\/\"},{\"@type\":\"ListItem\",\"position\":2,\"name\":\"Tuotteet\",\"item\":\"https:\/\/kaani.net\/tuotteet\/\"},{\"@type\":\"ListItem\",\"position\":3,\"name\":\"Swing ruokap\u00f6yt\u00e4\"}]},{\"@type\":\"WebSite\",\"@id\":\"https:\/\/kaani.net\/#website\",\"url\":\"https:\/\/kaani.net\/\",\"name\":\"Kaani\",\"description\":\"See the future!\",\"publisher\":{\"@id\":\"https:\/\/kaani.net\/#organization\"},\"potentialAction\":[{\"@type\":\"SearchAction\",\"target\":{\"@type\":\"EntryPoint\",\"urlTemplate\":\"https:\/\/kaani.net\/?s={search_term_string}\"},\"query-input\":{\"@type\":\"PropertyValueSpecification\",\"valueRequired\":true,\"valueName\":\"search_term_string\"}}],\"inLanguage\":\"en-US\"},{\"@type\":\"Organization\",\"@id\":\"https:\/\/kaani.net\/#organization\",\"name\":\"Kaani\",\"url\":\"https:\/\/kaani.net\/\",\"logo\":{\"@type\":\"ImageObject\",\"inLanguage\":\"en-US\",\"@id\":\"https:\/\/kaani.net\/#\/schema\/logo\/image\/\",\"url\":\"https:\/\/kaani.net\/wp-content\/uploads\/2017\/09\/cropped-123_kaani_logoS-2-1.jpg\",\"contentUrl\":\"https:\/\/kaani.net\/wp-content\/uploads\/2017\/09\/cropped-123_kaani_logoS-2-1.jpg\",\"width\":184,\"height\":80,\"caption\":\"Kaani\"},\"image\":{\"@id\":\"https:\/\/kaani.net\/#\/schema\/logo\/image\/\"}}]}<\/script>\n<!-- \/ Yoast SEO plugin. -->","yoast_head_json":{"title":"Swing ruokap\u00f6yt\u00e4 - Kaani","description":"Swing ruokap\u00f6yt\u00e4 on valmistettu massiivipuusta. P\u00f6yd\u00e4n kauniisti alasp\u00e4in kapenevat jalat tuovat keveytt\u00e4 t\u00e4h\u00e4n upeaan p\u00f6yt\u00e4\u00e4n. Tukeva ja sirorakenteinen.","robots":{"index":"index","follow":"follow","max-snippet":"max-snippet:-1","max-image-preview":"max-image-preview:large","max-video-preview":"max-video-preview:-1"},"canonical":"https:\/\/kaani.net\/en\/tuotteet\/swing-ruokapoyta\/swing-ruokapoyta-ruokaryhma\/","og_locale":"en_US","og_type":"article","og_title":"Swing ruokap\u00f6yt\u00e4 - Kaani","og_description":"Swing ruokap\u00f6yt\u00e4 on valmistettu massiivipuusta. P\u00f6yd\u00e4n kauniisti alasp\u00e4in kapenevat jalat tuovat keveytt\u00e4 t\u00e4h\u00e4n upeaan p\u00f6yt\u00e4\u00e4n. Tukeva ja sirorakenteinen.","og_url":"https:\/\/kaani.net\/en\/tuotteet\/swing-ruokapoyta\/swing-ruokapoyta-ruokaryhma\/","og_site_name":"Kaani","article_modified_time":"2026-04-02T14:35:29+00:00","og_image":[{"width":1200,"height":1200,"url":"https:\/\/kaani.net\/wp-content\/uploads\/2026\/04\/Swing-ja-Boom-tuoli-1200x1200.png","type":"image\/png"}],"twitter_misc":{"Est. reading time":"1 minute"},"schema":{"@context":"https:\/\/schema.org","@graph":[{"@type":"WebPage","@id":"https:\/\/kaani.net\/tuotteet\/swing-ruokapoyta\/swing-ruokapoyta-ruokaryhma\/","url":"https:\/\/kaani.net\/tuotteet\/swing-ruokapoyta\/swing-ruokapoyta-ruokaryhma\/","name":"Swing ruokap\u00f6yt\u00e4 - Kaani","isPartOf":{"@id":"https:\/\/kaani.net\/#website"},"primaryImageOfPage":{"@id":"https:\/\/kaani.net\/tuotteet\/swing-ruokapoyta\/swing-ruokapoyta-ruokaryhma\/#primaryimage"},"image":{"@id":"https:\/\/kaani.net\/tuotteet\/swing-ruokapoyta\/swing-ruokapoyta-ruokaryhma\/#primaryimage"},"thumbnailUrl":"https:\/\/kaani.net\/wp-content\/uploads\/2026\/04\/Swing-ja-Boom-tuoli.png","datePublished":"2013-05-23T21:24:45+00:00","dateModified":"2026-04-02T14:35:29+00:00","description":"Swing ruokap\u00f6yt\u00e4 on valmistettu massiivipuusta. P\u00f6yd\u00e4n kauniisti alasp\u00e4in kapenevat jalat tuovat keveytt\u00e4 t\u00e4h\u00e4n upeaan p\u00f6yt\u00e4\u00e4n. Tukeva ja sirorakenteinen.","breadcrumb":{"@id":"https:\/\/kaani.net\/tuotteet\/swing-ruokapoyta\/swing-ruokapoyta-ruokaryhma\/#breadcrumb"},"inLanguage":"en-US","potentialAction":[{"@type":"ReadAction","target":["https:\/\/kaani.net\/tuotteet\/swing-ruokapoyta\/swing-ruokapoyta-ruokaryhma\/"]}]},{"@type":"ImageObject","inLanguage":"en-US","@id":"https:\/\/kaani.net\/tuotteet\/swing-ruokapoyta\/swing-ruokapoyta-ruokaryhma\/#primaryimage","url":"https:\/\/kaani.net\/wp-content\/uploads\/2026\/04\/Swing-ja-Boom-tuoli.png","contentUrl":"https:\/\/kaani.net\/wp-content\/uploads\/2026\/04\/Swing-ja-Boom-tuoli.png","width":2513,"height":2513},{"@type":"BreadcrumbList","@id":"https:\/\/kaani.net\/tuotteet\/swing-ruokapoyta\/swing-ruokapoyta-ruokaryhma\/#breadcrumb","itemListElement":[{"@type":"ListItem","position":1,"name":"Etusivu","item":"https:\/\/kaani.net\/"},{"@type":"ListItem","position":2,"name":"Tuotteet","item":"https:\/\/kaani.net\/tuotteet\/"},{"@type":"ListItem","position":3,"name":"Swing ruokap\u00f6yt\u00e4"}]},{"@type":"WebSite","@id":"https:\/\/kaani.net\/#website","url":"https:\/\/kaani.net\/","name":"Kaani","description":"See the future!","publisher":{"@id":"https:\/\/kaani.net\/#organization"},"potentialAction":[{"@type":"SearchAction","target":{"@type":"EntryPoint","urlTemplate":"https:\/\/kaani.net\/?s={search_term_string}"},"query-input":{"@type":"PropertyValueSpecification","valueRequired":true,"valueName":"search_term_string"}}],"inLanguage":"en-US"},{"@type":"Organization","@id":"https:\/\/kaani.net\/#organization","name":"Kaani","url":"https:\/\/kaani.net\/","logo":{"@type":"ImageObject","inLanguage":"en-US","@id":"https:\/\/kaani.net\/#\/schema\/logo\/image\/","url":"https:\/\/kaani.net\/wp-content\/uploads\/2017\/09\/cropped-123_kaani_logoS-2-1.jpg","contentUrl":"https:\/\/kaani.net\/wp-content\/uploads\/2017\/09\/cropped-123_kaani_logoS-2-1.jpg","width":184,"height":80,"caption":"Kaani"},"image":{"@id":"https:\/\/kaani.net\/#\/schema\/logo\/image\/"}}]}},"_links":{"self":[{"href":"https:\/\/kaani.net\/en\/wp-json\/wp\/v2\/product\/331","targetHints":{"allow":["GET"]}}],"collection":[{"href":"https:\/\/kaani.net\/en\/wp-json\/wp\/v2\/product"}],"about":[{"href":"https:\/\/kaani.net\/en\/wp-json\/wp\/v2\/types\/product"}],"wp:featuredmedia":[{"embeddable":true,"href":"https:\/\/kaani.net\/en\/wp-json\/wp\/v2\/media\/15469"}],"wp:attachment":[{"href":"https:\/\/kaani.net\/en\/wp-json\/wp\/v2\/media?parent=331"}],"wp:term":[{"taxonomy":"product_brand","embeddable":true,"href":"https:\/\/kaani.net\/en\/wp-json\/wp\/v2\/product_brand?post=331"},{"taxonomy":"product_cat","embeddable":true,"href":"https:\/\/kaani.net\/en\/wp-json\/wp\/v2\/product_cat?post=331"},{"taxonomy":"product_tag","embeddable":true,"href":"https:\/\/kaani.net\/en\/wp-json\/wp\/v2\/product_tag?post=331"}],"curies":[{"name":"wp","href":"https:\/\/api.w.org\/{rel}","templated":true}]}}