{"id":5618,"date":"2021-06-08T10:22:05","date_gmt":"2021-06-08T07:22:05","guid":{"rendered":"https:\/\/kaani.net\/?post_type=product&#038;p=5618"},"modified":"2026-04-23T14:06:01","modified_gmt":"2026-04-23T11:06:01","slug":"helsinki-lepotuoli-design-lepotuoli","status":"publish","type":"product","link":"https:\/\/kaani.net\/en\/tuotteet\/helsinki\/helsinki-lepotuoli-design-lepotuoli\/","title":{"rendered":"Helsinki easy chair"},"content":{"rendered":"<div class=\"vc_row wpb_row vc_row-fluid\"><div class=\"wpb_column vc_column_container vc_col-sm-12\"><div class=\"vc_column-inner\"><div class=\"wpb_wrapper\">\n\t<div class=\"wpb_text_column wpb_content_element\" >\n\t\t<div class=\"wpb_wrapper\">\n\t\t\t<p>Helsinki on kuin veistos \u2013 sulavalinjainen, rohkea ja samalla \u00e4\u00e4rimm\u00e4isen elegantti. Sen kaarevat muodot luovat kevyen ja ilmavan vaikutelman, mutta tuolin tukeva rakenne tarjoaa ihanan vakaan istumakokemuksen.<br data-start=\"280\" data-end=\"283\" \/>Pehme\u00e4sti kaartuva selk\u00e4noja kutsuu nojautumaan taakse ja heng\u00e4ht\u00e4m\u00e4\u00e4n, kun taas tyylikk\u00e4\u00e4n musta runko kehyst\u00e4\u00e4 kokonaisuuden modernilla hienostuneisuudella.<\/p>\n<p>Helsinki on enemm\u00e4n kuin istuin; se on sisustuksen katseenvangitsija, joka tuo tilaan taidetta, mukavuutta ja ajatonta designin voimaa.<\/p>\n\n\t\t<\/div>\n\t<\/div>\n<\/div><\/div><\/div><\/div>","protected":false},"excerpt":{"rendered":"<p><strong>Helsinki easy chair<\/strong><\/p>\n<p>Kaanin uutuus lepotuoli Helsinki on muotoilun mestarin piirustusp\u00f6yd\u00e4ll\u00e4 synnytetty. Ensimm\u00e4iset luonnokset Helsinki lepotuolista Esko Niinikorpi on piirt\u00e4nyt kauan aikaa sitten, ja ennen valmista tuotetta luonnoksia on kertynyt paksu nippu. T\u00e4m\u00e4 sinun pit\u00e4\u00e4 itse kokea!<\/p>\n<p>Helsinki lepotuolin runko on tukevaa ter\u00e4sputkea ja istuin on mukavasti muotoon taitutettua puuta. Verhoilun voit valita laajasta valikoimasta huonekalukankaita ja nahkoja, jotta saat tuolin juuri oman tyylisi mukaisena.<\/p>\n<p>&nbsp;<\/p>\n<p>Muistathan my\u00f6s mahdollisuuden tilata tuotteet erikoismitoilla ja -materiaaleilla.<\/p>\n<p><a href=\"https:\/\/kaani.net\/en\/materiaalit\/\"><strong>Materiaalit t\u00e4st\u00e4<\/strong><\/a><\/p>\n<p>Materiaali- ja v\u00e4rivaihtoehtoja Kaanilla on lukematon m\u00e4\u00e4r\u00e4. Siksi l\u00e4het\u00e4 tilauksesi\u00a0yhteydess\u00e4 meille s\u00e4hk\u00f6postiin (info@kaani.net) seuraavat tiedot:<\/p>\n<p><em>Ter\u00e4sosien v\u00e4ri \/ <\/em><em>Kankaan nimi ja v\u00e4ri \/ <\/em><em>Puuosien materiaali (koivu \/ tammi \/ maalattu) ja pintak\u00e4sittely.<\/em><\/p>\n<p>&nbsp;<\/p>","protected":false},"featured_media":15175,"template":"","meta":{"om_disable_all_campaigns":false,"_monsterinsights_skip_tracking":false,"_monsterinsights_sitenote_active":false,"_monsterinsights_sitenote_note":"","_monsterinsights_sitenote_category":0,"_uf_show_specific_survey":0,"_uf_disable_surveys":false},"product_brand":[],"product_cat":[723,654],"product_tag":[787,757,212,789,823],"class_list":{"0":"post-5618","1":"product","2":"type-product","3":"status-publish","4":"has-post-thumbnail","6":"product_cat-lepotuolit-ja-sohvat","7":"product_cat-helsinki","8":"product_tag-design-lepotuoli","9":"product_tag-helsinki","10":"product_tag-kaani","11":"product_tag-kotimainen-lepotuoli","12":"product_tag-sohva-ja-lepotuoli","14":"first","15":"instock","16":"taxable","17":"shipping-taxable","18":"purchasable","19":"product-type-variable","20":"has-default-attributes"},"yoast_head":"<!-- This site is optimized with the Yoast SEO plugin v26.7 - https:\/\/yoast.com\/wordpress\/plugins\/seo\/ -->\n<title>Helsinki lepotuoli - Kaani<\/title>\n<meta name=\"description\" content=\"Helsinki on kuin veistos \u2013 sulavalinjainen, rohkea ja samalla \u00e4\u00e4rimm\u00e4isen elegantti. T\u00e4m\u00e4 sinun pit\u00e4\u00e4 itse kokea!\" \/>\n<meta name=\"robots\" content=\"index, follow, max-snippet:-1, max-image-preview:large, max-video-preview:-1\" \/>\n<link rel=\"canonical\" href=\"https:\/\/kaani.net\/en\/tuotteet\/helsinki\/helsinki-lepotuoli-design-lepotuoli\/\" \/>\n<meta property=\"og:locale\" content=\"en_US\" \/>\n<meta property=\"og:type\" content=\"article\" \/>\n<meta property=\"og:title\" content=\"Helsinki lepotuoli - Kaani\" \/>\n<meta property=\"og:description\" content=\"Helsinki on kuin veistos \u2013 sulavalinjainen, rohkea ja samalla \u00e4\u00e4rimm\u00e4isen elegantti. T\u00e4m\u00e4 sinun pit\u00e4\u00e4 itse kokea!\" \/>\n<meta property=\"og:url\" content=\"https:\/\/kaani.net\/en\/tuotteet\/helsinki\/helsinki-lepotuoli-design-lepotuoli\/\" \/>\n<meta property=\"og:site_name\" content=\"Kaani\" \/>\n<meta property=\"article:modified_time\" content=\"2026-04-23T11:06:01+00:00\" \/>\n<meta property=\"og:image\" content=\"https:\/\/kaani.net\/wp-content\/uploads\/2021\/06\/Helsinki-lepotuoli_OH.png\" \/>\n\t<meta property=\"og:image:width\" content=\"1024\" \/>\n\t<meta property=\"og:image:height\" content=\"1024\" \/>\n\t<meta property=\"og:image:type\" content=\"image\/png\" \/>\n<meta name=\"twitter:label1\" content=\"Est. reading time\" \/>\n\t<meta name=\"twitter:data1\" content=\"1 minute\" \/>\n<script type=\"application\/ld+json\" class=\"yoast-schema-graph\">{\"@context\":\"https:\/\/schema.org\",\"@graph\":[{\"@type\":\"WebPage\",\"@id\":\"https:\/\/kaani.net\/tuotteet\/helsinki\/helsinki-lepotuoli-design-lepotuoli\/\",\"url\":\"https:\/\/kaani.net\/tuotteet\/helsinki\/helsinki-lepotuoli-design-lepotuoli\/\",\"name\":\"Helsinki lepotuoli - Kaani\",\"isPartOf\":{\"@id\":\"https:\/\/kaani.net\/#website\"},\"primaryImageOfPage\":{\"@id\":\"https:\/\/kaani.net\/tuotteet\/helsinki\/helsinki-lepotuoli-design-lepotuoli\/#primaryimage\"},\"image\":{\"@id\":\"https:\/\/kaani.net\/tuotteet\/helsinki\/helsinki-lepotuoli-design-lepotuoli\/#primaryimage\"},\"thumbnailUrl\":\"https:\/\/kaani.net\/wp-content\/uploads\/2021\/06\/Helsinki-lepotuoli_OH.png\",\"datePublished\":\"2021-06-08T07:22:05+00:00\",\"dateModified\":\"2026-04-23T11:06:01+00:00\",\"description\":\"Helsinki on kuin veistos \u2013 sulavalinjainen, rohkea ja samalla \u00e4\u00e4rimm\u00e4isen elegantti. T\u00e4m\u00e4 sinun pit\u00e4\u00e4 itse kokea!\",\"breadcrumb\":{\"@id\":\"https:\/\/kaani.net\/tuotteet\/helsinki\/helsinki-lepotuoli-design-lepotuoli\/#breadcrumb\"},\"inLanguage\":\"en-US\",\"potentialAction\":[{\"@type\":\"ReadAction\",\"target\":[\"https:\/\/kaani.net\/tuotteet\/helsinki\/helsinki-lepotuoli-design-lepotuoli\/\"]}]},{\"@type\":\"ImageObject\",\"inLanguage\":\"en-US\",\"@id\":\"https:\/\/kaani.net\/tuotteet\/helsinki\/helsinki-lepotuoli-design-lepotuoli\/#primaryimage\",\"url\":\"https:\/\/kaani.net\/wp-content\/uploads\/2021\/06\/Helsinki-lepotuoli_OH.png\",\"contentUrl\":\"https:\/\/kaani.net\/wp-content\/uploads\/2021\/06\/Helsinki-lepotuoli_OH.png\",\"width\":1024,\"height\":1024},{\"@type\":\"BreadcrumbList\",\"@id\":\"https:\/\/kaani.net\/tuotteet\/helsinki\/helsinki-lepotuoli-design-lepotuoli\/#breadcrumb\",\"itemListElement\":[{\"@type\":\"ListItem\",\"position\":1,\"name\":\"Etusivu\",\"item\":\"https:\/\/kaani.net\/\"},{\"@type\":\"ListItem\",\"position\":2,\"name\":\"Tuotteet\",\"item\":\"https:\/\/kaani.net\/tuotteet\/\"},{\"@type\":\"ListItem\",\"position\":3,\"name\":\"Helsinki lepotuoli\"}]},{\"@type\":\"WebSite\",\"@id\":\"https:\/\/kaani.net\/#website\",\"url\":\"https:\/\/kaani.net\/\",\"name\":\"Kaani\",\"description\":\"See the future!\",\"publisher\":{\"@id\":\"https:\/\/kaani.net\/#organization\"},\"potentialAction\":[{\"@type\":\"SearchAction\",\"target\":{\"@type\":\"EntryPoint\",\"urlTemplate\":\"https:\/\/kaani.net\/?s={search_term_string}\"},\"query-input\":{\"@type\":\"PropertyValueSpecification\",\"valueRequired\":true,\"valueName\":\"search_term_string\"}}],\"inLanguage\":\"en-US\"},{\"@type\":\"Organization\",\"@id\":\"https:\/\/kaani.net\/#organization\",\"name\":\"Kaani\",\"url\":\"https:\/\/kaani.net\/\",\"logo\":{\"@type\":\"ImageObject\",\"inLanguage\":\"en-US\",\"@id\":\"https:\/\/kaani.net\/#\/schema\/logo\/image\/\",\"url\":\"https:\/\/kaani.net\/wp-content\/uploads\/2017\/09\/cropped-123_kaani_logoS-2-1.jpg\",\"contentUrl\":\"https:\/\/kaani.net\/wp-content\/uploads\/2017\/09\/cropped-123_kaani_logoS-2-1.jpg\",\"width\":184,\"height\":80,\"caption\":\"Kaani\"},\"image\":{\"@id\":\"https:\/\/kaani.net\/#\/schema\/logo\/image\/\"}}]}<\/script>\n<!-- \/ Yoast SEO plugin. -->","yoast_head_json":{"title":"Helsinki lepotuoli - Kaani","description":"Helsinki on kuin veistos \u2013 sulavalinjainen, rohkea ja samalla \u00e4\u00e4rimm\u00e4isen elegantti. T\u00e4m\u00e4 sinun pit\u00e4\u00e4 itse kokea!","robots":{"index":"index","follow":"follow","max-snippet":"max-snippet:-1","max-image-preview":"max-image-preview:large","max-video-preview":"max-video-preview:-1"},"canonical":"https:\/\/kaani.net\/en\/tuotteet\/helsinki\/helsinki-lepotuoli-design-lepotuoli\/","og_locale":"en_US","og_type":"article","og_title":"Helsinki lepotuoli - Kaani","og_description":"Helsinki on kuin veistos \u2013 sulavalinjainen, rohkea ja samalla \u00e4\u00e4rimm\u00e4isen elegantti. T\u00e4m\u00e4 sinun pit\u00e4\u00e4 itse kokea!","og_url":"https:\/\/kaani.net\/en\/tuotteet\/helsinki\/helsinki-lepotuoli-design-lepotuoli\/","og_site_name":"Kaani","article_modified_time":"2026-04-23T11:06:01+00:00","og_image":[{"width":1024,"height":1024,"url":"https:\/\/kaani.net\/wp-content\/uploads\/2021\/06\/Helsinki-lepotuoli_OH.png","type":"image\/png"}],"twitter_misc":{"Est. reading time":"1 minute"},"schema":{"@context":"https:\/\/schema.org","@graph":[{"@type":"WebPage","@id":"https:\/\/kaani.net\/tuotteet\/helsinki\/helsinki-lepotuoli-design-lepotuoli\/","url":"https:\/\/kaani.net\/tuotteet\/helsinki\/helsinki-lepotuoli-design-lepotuoli\/","name":"Helsinki lepotuoli - Kaani","isPartOf":{"@id":"https:\/\/kaani.net\/#website"},"primaryImageOfPage":{"@id":"https:\/\/kaani.net\/tuotteet\/helsinki\/helsinki-lepotuoli-design-lepotuoli\/#primaryimage"},"image":{"@id":"https:\/\/kaani.net\/tuotteet\/helsinki\/helsinki-lepotuoli-design-lepotuoli\/#primaryimage"},"thumbnailUrl":"https:\/\/kaani.net\/wp-content\/uploads\/2021\/06\/Helsinki-lepotuoli_OH.png","datePublished":"2021-06-08T07:22:05+00:00","dateModified":"2026-04-23T11:06:01+00:00","description":"Helsinki on kuin veistos \u2013 sulavalinjainen, rohkea ja samalla \u00e4\u00e4rimm\u00e4isen elegantti. T\u00e4m\u00e4 sinun pit\u00e4\u00e4 itse kokea!","breadcrumb":{"@id":"https:\/\/kaani.net\/tuotteet\/helsinki\/helsinki-lepotuoli-design-lepotuoli\/#breadcrumb"},"inLanguage":"en-US","potentialAction":[{"@type":"ReadAction","target":["https:\/\/kaani.net\/tuotteet\/helsinki\/helsinki-lepotuoli-design-lepotuoli\/"]}]},{"@type":"ImageObject","inLanguage":"en-US","@id":"https:\/\/kaani.net\/tuotteet\/helsinki\/helsinki-lepotuoli-design-lepotuoli\/#primaryimage","url":"https:\/\/kaani.net\/wp-content\/uploads\/2021\/06\/Helsinki-lepotuoli_OH.png","contentUrl":"https:\/\/kaani.net\/wp-content\/uploads\/2021\/06\/Helsinki-lepotuoli_OH.png","width":1024,"height":1024},{"@type":"BreadcrumbList","@id":"https:\/\/kaani.net\/tuotteet\/helsinki\/helsinki-lepotuoli-design-lepotuoli\/#breadcrumb","itemListElement":[{"@type":"ListItem","position":1,"name":"Etusivu","item":"https:\/\/kaani.net\/"},{"@type":"ListItem","position":2,"name":"Tuotteet","item":"https:\/\/kaani.net\/tuotteet\/"},{"@type":"ListItem","position":3,"name":"Helsinki lepotuoli"}]},{"@type":"WebSite","@id":"https:\/\/kaani.net\/#website","url":"https:\/\/kaani.net\/","name":"Kaani","description":"See the future!","publisher":{"@id":"https:\/\/kaani.net\/#organization"},"potentialAction":[{"@type":"SearchAction","target":{"@type":"EntryPoint","urlTemplate":"https:\/\/kaani.net\/?s={search_term_string}"},"query-input":{"@type":"PropertyValueSpecification","valueRequired":true,"valueName":"search_term_string"}}],"inLanguage":"en-US"},{"@type":"Organization","@id":"https:\/\/kaani.net\/#organization","name":"Kaani","url":"https:\/\/kaani.net\/","logo":{"@type":"ImageObject","inLanguage":"en-US","@id":"https:\/\/kaani.net\/#\/schema\/logo\/image\/","url":"https:\/\/kaani.net\/wp-content\/uploads\/2017\/09\/cropped-123_kaani_logoS-2-1.jpg","contentUrl":"https:\/\/kaani.net\/wp-content\/uploads\/2017\/09\/cropped-123_kaani_logoS-2-1.jpg","width":184,"height":80,"caption":"Kaani"},"image":{"@id":"https:\/\/kaani.net\/#\/schema\/logo\/image\/"}}]}},"_links":{"self":[{"href":"https:\/\/kaani.net\/en\/wp-json\/wp\/v2\/product\/5618","targetHints":{"allow":["GET"]}}],"collection":[{"href":"https:\/\/kaani.net\/en\/wp-json\/wp\/v2\/product"}],"about":[{"href":"https:\/\/kaani.net\/en\/wp-json\/wp\/v2\/types\/product"}],"wp:featuredmedia":[{"embeddable":true,"href":"https:\/\/kaani.net\/en\/wp-json\/wp\/v2\/media\/15175"}],"wp:attachment":[{"href":"https:\/\/kaani.net\/en\/wp-json\/wp\/v2\/media?parent=5618"}],"wp:term":[{"taxonomy":"product_brand","embeddable":true,"href":"https:\/\/kaani.net\/en\/wp-json\/wp\/v2\/product_brand?post=5618"},{"taxonomy":"product_cat","embeddable":true,"href":"https:\/\/kaani.net\/en\/wp-json\/wp\/v2\/product_cat?post=5618"},{"taxonomy":"product_tag","embeddable":true,"href":"https:\/\/kaani.net\/en\/wp-json\/wp\/v2\/product_tag?post=5618"}],"curies":[{"name":"wp","href":"https:\/\/api.w.org\/{rel}","templated":true}]}}