{"id":5620,"date":"2021-06-08T10:55:42","date_gmt":"2021-06-08T07:55:42","guid":{"rendered":"https:\/\/kaani.net\/?post_type=product&#038;p=5620"},"modified":"2026-02-03T14:02:27","modified_gmt":"2026-02-03T12:02:27","slug":"helsinki-tarjotin","status":"publish","type":"product","link":"https:\/\/kaani.net\/en\/tuotteet\/helsinki\/helsinki-tarjotin\/","title":{"rendered":"Helsinki tray"},"content":{"rendered":"<p>The Helsinki tray is a multi-purpose object made of compressed wood, e.g for dining table, shelf or as an object for your coffee table.<\/p>\n<p>Design: Esko Niinikorpi<\/p>","protected":false},"excerpt":{"rendered":"<p style=\"text-align: left;\">Kevyen iloista muotoilun ilakointia kotiisi \u2013 p\u00f6yd\u00e4lle asetettavaksi ja takuulla ihasteltavaksi. Helsinki on saatavilla luonnonv\u00e4risen\u00e4 tammena tai laminaattina.<\/p>\n<p style=\"text-align: left;\">Muotoon puristetusta puusta valmistettu Helsinki on monik\u00e4ytt\u00f6inen k\u00e4ytt\u00f6esine, joka sopii yht\u00e4 hyvin ruokap\u00f6yd\u00e4lle, hyllykk\u00f6\u00f6n kuin sohvap\u00f6yd\u00e4llekin ja tuo tilaan ripauksen harkittua skandinaavista eleganssia.<\/p>\n<p>&nbsp;<\/p>\n<p><a href=\"https:\/\/kaani.net\/en\/kanta-asiakkuus\/\">More information about the products: click here!<\/a><\/p>\n<p>&nbsp;<\/p>","protected":false},"featured_media":15139,"template":"","meta":{"om_disable_all_campaigns":false,"_monsterinsights_skip_tracking":false,"_monsterinsights_sitenote_active":false,"_monsterinsights_sitenote_note":"","_monsterinsights_sitenote_category":0,"_uf_show_specific_survey":0,"_uf_disable_surveys":false},"product_brand":[],"product_cat":[727,654],"product_tag":[965,757,964,212,886,963],"class_list":{"0":"post-5620","1":"product","2":"type-product","3":"status-publish","4":"has-post-thumbnail","6":"product_cat-sailytyskalusteet-fi","7":"product_cat-helsinki","8":"product_tag-design-tarjotin","9":"product_tag-helsinki","10":"product_tag-helsinki-tarjotin","11":"product_tag-kaani","12":"product_tag-sisustus","13":"product_tag-tarjotin","15":"first","16":"instock","17":"taxable","18":"shipping-taxable","19":"purchasable","20":"product-type-variable","21":"has-default-attributes"},"yoast_head":"<!-- This site is optimized with the Yoast SEO plugin v26.7 - https:\/\/yoast.com\/wordpress\/plugins\/seo\/ -->\n<title>Helsinki tarjotin - Kaani<\/title>\n<meta name=\"description\" content=\"Kevyen iloista muotoilun ilakointia kotiisi p\u00f6yd\u00e4n p\u00e4\u00e4lle ja ehk\u00e4p\u00e4 ihastelun kohteeksi! Helsinki on saatavilla luonnonv\u00e4risen\u00e4 tammena tai laminaattina.\" \/>\n<meta name=\"robots\" content=\"index, follow, max-snippet:-1, max-image-preview:large, max-video-preview:-1\" \/>\n<link rel=\"canonical\" href=\"https:\/\/kaani.net\/en\/tuotteet\/helsinki\/helsinki-tarjotin\/\" \/>\n<meta property=\"og:locale\" content=\"en_US\" \/>\n<meta property=\"og:type\" content=\"article\" \/>\n<meta property=\"og:title\" content=\"Helsinki tarjotin - Kaani\" \/>\n<meta property=\"og:description\" content=\"Kevyen iloista muotoilun ilakointia kotiisi p\u00f6yd\u00e4n p\u00e4\u00e4lle ja ehk\u00e4p\u00e4 ihastelun kohteeksi! Helsinki on saatavilla luonnonv\u00e4risen\u00e4 tammena tai laminaattina.\" \/>\n<meta property=\"og:url\" content=\"https:\/\/kaani.net\/en\/tuotteet\/helsinki\/helsinki-tarjotin\/\" \/>\n<meta property=\"og:site_name\" content=\"Kaani\" \/>\n<meta property=\"article:modified_time\" content=\"2026-02-03T12:02:27+00:00\" \/>\n<meta property=\"og:image\" content=\"https:\/\/kaani.net\/wp-content\/uploads\/2021\/06\/Helsinki-tarjotin-musta-laminaatti.png\" \/>\n\t<meta property=\"og:image:width\" content=\"1024\" \/>\n\t<meta property=\"og:image:height\" content=\"1024\" \/>\n\t<meta property=\"og:image:type\" content=\"image\/png\" \/>\n<meta name=\"twitter:label1\" content=\"Est. reading time\" \/>\n\t<meta name=\"twitter:data1\" content=\"1 minute\" \/>\n<script type=\"application\/ld+json\" class=\"yoast-schema-graph\">{\"@context\":\"https:\/\/schema.org\",\"@graph\":[{\"@type\":\"WebPage\",\"@id\":\"https:\/\/kaani.net\/tuotteet\/helsinki\/helsinki-tarjotin\/\",\"url\":\"https:\/\/kaani.net\/tuotteet\/helsinki\/helsinki-tarjotin\/\",\"name\":\"Helsinki tarjotin - Kaani\",\"isPartOf\":{\"@id\":\"https:\/\/kaani.net\/#website\"},\"primaryImageOfPage\":{\"@id\":\"https:\/\/kaani.net\/tuotteet\/helsinki\/helsinki-tarjotin\/#primaryimage\"},\"image\":{\"@id\":\"https:\/\/kaani.net\/tuotteet\/helsinki\/helsinki-tarjotin\/#primaryimage\"},\"thumbnailUrl\":\"https:\/\/kaani.net\/wp-content\/uploads\/2021\/06\/Helsinki-tarjotin-musta-laminaatti.png\",\"datePublished\":\"2021-06-08T07:55:42+00:00\",\"dateModified\":\"2026-02-03T12:02:27+00:00\",\"description\":\"Kevyen iloista muotoilun ilakointia kotiisi p\u00f6yd\u00e4n p\u00e4\u00e4lle ja ehk\u00e4p\u00e4 ihastelun kohteeksi! Helsinki on saatavilla luonnonv\u00e4risen\u00e4 tammena tai laminaattina.\",\"breadcrumb\":{\"@id\":\"https:\/\/kaani.net\/tuotteet\/helsinki\/helsinki-tarjotin\/#breadcrumb\"},\"inLanguage\":\"en-US\",\"potentialAction\":[{\"@type\":\"ReadAction\",\"target\":[\"https:\/\/kaani.net\/tuotteet\/helsinki\/helsinki-tarjotin\/\"]}]},{\"@type\":\"ImageObject\",\"inLanguage\":\"en-US\",\"@id\":\"https:\/\/kaani.net\/tuotteet\/helsinki\/helsinki-tarjotin\/#primaryimage\",\"url\":\"https:\/\/kaani.net\/wp-content\/uploads\/2021\/06\/Helsinki-tarjotin-musta-laminaatti.png\",\"contentUrl\":\"https:\/\/kaani.net\/wp-content\/uploads\/2021\/06\/Helsinki-tarjotin-musta-laminaatti.png\",\"width\":1024,\"height\":1024,\"caption\":\"Helsinki tarjotin musta laminaatti keitti\u00f6n p\u00f6yd\u00e4ll\u00e4.\"},{\"@type\":\"BreadcrumbList\",\"@id\":\"https:\/\/kaani.net\/tuotteet\/helsinki\/helsinki-tarjotin\/#breadcrumb\",\"itemListElement\":[{\"@type\":\"ListItem\",\"position\":1,\"name\":\"Etusivu\",\"item\":\"https:\/\/kaani.net\/\"},{\"@type\":\"ListItem\",\"position\":2,\"name\":\"Tuotteet\",\"item\":\"https:\/\/kaani.net\/tuotteet\/\"},{\"@type\":\"ListItem\",\"position\":3,\"name\":\"Helsinki tarjotin\"}]},{\"@type\":\"WebSite\",\"@id\":\"https:\/\/kaani.net\/#website\",\"url\":\"https:\/\/kaani.net\/\",\"name\":\"Kaani\",\"description\":\"See the future!\",\"publisher\":{\"@id\":\"https:\/\/kaani.net\/#organization\"},\"potentialAction\":[{\"@type\":\"SearchAction\",\"target\":{\"@type\":\"EntryPoint\",\"urlTemplate\":\"https:\/\/kaani.net\/?s={search_term_string}\"},\"query-input\":{\"@type\":\"PropertyValueSpecification\",\"valueRequired\":true,\"valueName\":\"search_term_string\"}}],\"inLanguage\":\"en-US\"},{\"@type\":\"Organization\",\"@id\":\"https:\/\/kaani.net\/#organization\",\"name\":\"Kaani\",\"url\":\"https:\/\/kaani.net\/\",\"logo\":{\"@type\":\"ImageObject\",\"inLanguage\":\"en-US\",\"@id\":\"https:\/\/kaani.net\/#\/schema\/logo\/image\/\",\"url\":\"https:\/\/kaani.net\/wp-content\/uploads\/2017\/09\/cropped-123_kaani_logoS-2-1.jpg\",\"contentUrl\":\"https:\/\/kaani.net\/wp-content\/uploads\/2017\/09\/cropped-123_kaani_logoS-2-1.jpg\",\"width\":184,\"height\":80,\"caption\":\"Kaani\"},\"image\":{\"@id\":\"https:\/\/kaani.net\/#\/schema\/logo\/image\/\"}}]}<\/script>\n<!-- \/ Yoast SEO plugin. -->","yoast_head_json":{"title":"Helsinki tarjotin - Kaani","description":"Kevyen iloista muotoilun ilakointia kotiisi p\u00f6yd\u00e4n p\u00e4\u00e4lle ja ehk\u00e4p\u00e4 ihastelun kohteeksi! Helsinki on saatavilla luonnonv\u00e4risen\u00e4 tammena tai laminaattina.","robots":{"index":"index","follow":"follow","max-snippet":"max-snippet:-1","max-image-preview":"max-image-preview:large","max-video-preview":"max-video-preview:-1"},"canonical":"https:\/\/kaani.net\/en\/tuotteet\/helsinki\/helsinki-tarjotin\/","og_locale":"en_US","og_type":"article","og_title":"Helsinki tarjotin - Kaani","og_description":"Kevyen iloista muotoilun ilakointia kotiisi p\u00f6yd\u00e4n p\u00e4\u00e4lle ja ehk\u00e4p\u00e4 ihastelun kohteeksi! Helsinki on saatavilla luonnonv\u00e4risen\u00e4 tammena tai laminaattina.","og_url":"https:\/\/kaani.net\/en\/tuotteet\/helsinki\/helsinki-tarjotin\/","og_site_name":"Kaani","article_modified_time":"2026-02-03T12:02:27+00:00","og_image":[{"width":1024,"height":1024,"url":"https:\/\/kaani.net\/wp-content\/uploads\/2021\/06\/Helsinki-tarjotin-musta-laminaatti.png","type":"image\/png"}],"twitter_misc":{"Est. reading time":"1 minute"},"schema":{"@context":"https:\/\/schema.org","@graph":[{"@type":"WebPage","@id":"https:\/\/kaani.net\/tuotteet\/helsinki\/helsinki-tarjotin\/","url":"https:\/\/kaani.net\/tuotteet\/helsinki\/helsinki-tarjotin\/","name":"Helsinki tarjotin - Kaani","isPartOf":{"@id":"https:\/\/kaani.net\/#website"},"primaryImageOfPage":{"@id":"https:\/\/kaani.net\/tuotteet\/helsinki\/helsinki-tarjotin\/#primaryimage"},"image":{"@id":"https:\/\/kaani.net\/tuotteet\/helsinki\/helsinki-tarjotin\/#primaryimage"},"thumbnailUrl":"https:\/\/kaani.net\/wp-content\/uploads\/2021\/06\/Helsinki-tarjotin-musta-laminaatti.png","datePublished":"2021-06-08T07:55:42+00:00","dateModified":"2026-02-03T12:02:27+00:00","description":"Kevyen iloista muotoilun ilakointia kotiisi p\u00f6yd\u00e4n p\u00e4\u00e4lle ja ehk\u00e4p\u00e4 ihastelun kohteeksi! Helsinki on saatavilla luonnonv\u00e4risen\u00e4 tammena tai laminaattina.","breadcrumb":{"@id":"https:\/\/kaani.net\/tuotteet\/helsinki\/helsinki-tarjotin\/#breadcrumb"},"inLanguage":"en-US","potentialAction":[{"@type":"ReadAction","target":["https:\/\/kaani.net\/tuotteet\/helsinki\/helsinki-tarjotin\/"]}]},{"@type":"ImageObject","inLanguage":"en-US","@id":"https:\/\/kaani.net\/tuotteet\/helsinki\/helsinki-tarjotin\/#primaryimage","url":"https:\/\/kaani.net\/wp-content\/uploads\/2021\/06\/Helsinki-tarjotin-musta-laminaatti.png","contentUrl":"https:\/\/kaani.net\/wp-content\/uploads\/2021\/06\/Helsinki-tarjotin-musta-laminaatti.png","width":1024,"height":1024,"caption":"Helsinki tarjotin musta laminaatti keitti\u00f6n p\u00f6yd\u00e4ll\u00e4."},{"@type":"BreadcrumbList","@id":"https:\/\/kaani.net\/tuotteet\/helsinki\/helsinki-tarjotin\/#breadcrumb","itemListElement":[{"@type":"ListItem","position":1,"name":"Etusivu","item":"https:\/\/kaani.net\/"},{"@type":"ListItem","position":2,"name":"Tuotteet","item":"https:\/\/kaani.net\/tuotteet\/"},{"@type":"ListItem","position":3,"name":"Helsinki tarjotin"}]},{"@type":"WebSite","@id":"https:\/\/kaani.net\/#website","url":"https:\/\/kaani.net\/","name":"Kaani","description":"See the future!","publisher":{"@id":"https:\/\/kaani.net\/#organization"},"potentialAction":[{"@type":"SearchAction","target":{"@type":"EntryPoint","urlTemplate":"https:\/\/kaani.net\/?s={search_term_string}"},"query-input":{"@type":"PropertyValueSpecification","valueRequired":true,"valueName":"search_term_string"}}],"inLanguage":"en-US"},{"@type":"Organization","@id":"https:\/\/kaani.net\/#organization","name":"Kaani","url":"https:\/\/kaani.net\/","logo":{"@type":"ImageObject","inLanguage":"en-US","@id":"https:\/\/kaani.net\/#\/schema\/logo\/image\/","url":"https:\/\/kaani.net\/wp-content\/uploads\/2017\/09\/cropped-123_kaani_logoS-2-1.jpg","contentUrl":"https:\/\/kaani.net\/wp-content\/uploads\/2017\/09\/cropped-123_kaani_logoS-2-1.jpg","width":184,"height":80,"caption":"Kaani"},"image":{"@id":"https:\/\/kaani.net\/#\/schema\/logo\/image\/"}}]}},"_links":{"self":[{"href":"https:\/\/kaani.net\/en\/wp-json\/wp\/v2\/product\/5620","targetHints":{"allow":["GET"]}}],"collection":[{"href":"https:\/\/kaani.net\/en\/wp-json\/wp\/v2\/product"}],"about":[{"href":"https:\/\/kaani.net\/en\/wp-json\/wp\/v2\/types\/product"}],"wp:featuredmedia":[{"embeddable":true,"href":"https:\/\/kaani.net\/en\/wp-json\/wp\/v2\/media\/15139"}],"wp:attachment":[{"href":"https:\/\/kaani.net\/en\/wp-json\/wp\/v2\/media?parent=5620"}],"wp:term":[{"taxonomy":"product_brand","embeddable":true,"href":"https:\/\/kaani.net\/en\/wp-json\/wp\/v2\/product_brand?post=5620"},{"taxonomy":"product_cat","embeddable":true,"href":"https:\/\/kaani.net\/en\/wp-json\/wp\/v2\/product_cat?post=5620"},{"taxonomy":"product_tag","embeddable":true,"href":"https:\/\/kaani.net\/en\/wp-json\/wp\/v2\/product_tag?post=5620"}],"curies":[{"name":"wp","href":"https:\/\/api.w.org\/{rel}","templated":true}]}}