{"id":5633,"date":"2021-06-13T12:10:45","date_gmt":"2021-06-13T09:10:45","guid":{"rendered":"https:\/\/kaani.net\/?post_type=product&#038;p=5633"},"modified":"2025-11-20T12:16:40","modified_gmt":"2025-11-20T10:16:40","slug":"helsinki-pikkupoyta","status":"publish","type":"product","link":"https:\/\/kaani.net\/en\/tuotteet\/helsinki\/helsinki-pikkupoyta\/","title":{"rendered":"Helsinki pillerip\u00f6yt\u00e4, laippajalka"},"content":{"rendered":"<div class=\"vc_row wpb_row vc_row-fluid\"><div class=\"wpb_column vc_column_container vc_col-sm-12\"><div class=\"vc_column-inner\"><div class=\"wpb_wrapper\">\n\t<div class=\"wpb_text_column wpb_content_element\" >\n\t\t<div class=\"wpb_wrapper\">\n\t\t\t<p>Helsinki is Kaani's latest product family.<br \/>\nIt represents a slightly fascinating design language.<br \/>\nDesigner: Esko Niinikorpi<\/p>\n\n\t\t<\/div>\n\t<\/div>\n<\/div><\/div><\/div><\/div>","protected":false},"excerpt":{"rendered":"<p><strong data-start=\"55\" data-end=\"80\">Helsinki pill table<\/strong> on monik\u00e4ytt\u00f6inen ja elegantti kaluste, joka mukautuu vaivatta erilaisiin tarpeisiin. Se toimii yht\u00e4 hyvin y\u00f6p\u00f6yt\u00e4n\u00e4 makuuhuoneessa kuin apup\u00f6yt\u00e4n\u00e4 sohvan tai lepotuolin vierell\u00e4. P\u00f6yd\u00e4n kanteen upotettu k\u00e4tev\u00e4 laatikko tarjoaa s\u00e4ilytystilaa arjen pienille tavaroille.<\/p>\n<p>Viimeistelyn\u00e4 on tyylik\u00e4s valkoinen tai musta puolihimme\u00e4 maali, ja p\u00f6yt\u00e4 on saatavana my\u00f6s erikoisty\u00f6n\u00e4 yksil\u00f6llisiin tarpeisiin.<\/p>\n<p>P\u00f6yd\u00e4n 45 cm halkaisija ja useat korkeusvaihtoehdot tekev\u00e4t siit\u00e4 helpon sovittaa erilaisiin tiloihin ja sisustustyyleihin.<\/p>\n<p>Kaani designer: Esko Niinikorpi<\/p>\n<p>&nbsp;<\/p>","protected":false},"featured_media":5634,"template":"","meta":{"om_disable_all_campaigns":false,"_monsterinsights_skip_tracking":false,"_monsterinsights_sitenote_active":false,"_monsterinsights_sitenote_note":"","_monsterinsights_sitenote_category":0,"_uf_show_specific_survey":0,"_uf_disable_surveys":false},"product_brand":[],"product_cat":[727,733,731,654],"product_tag":[760,125,225,757,658,758,759],"class_list":{"0":"post-5633","1":"product","2":"type-product","3":"status-publish","4":"has-post-thumbnail","6":"product_cat-sailytyskalusteet-fi","7":"product_cat-sohvapoydat-fi","8":"product_cat-tyopoydat-fi","9":"product_cat-helsinki","10":"product_tag-apupoyta","11":"product_tag-design","12":"product_tag-design-poyta","13":"product_tag-helsinki","14":"product_tag-olohuone","15":"product_tag-pikkupoyta","16":"product_tag-yopoyta","18":"first","19":"instock","20":"taxable","21":"shipping-taxable","22":"purchasable","23":"product-type-variable"},"yoast_head":"<!-- This site is optimized with the Yoast SEO plugin v26.7 - https:\/\/yoast.com\/wordpress\/plugins\/seo\/ -->\n<title>Helsinki pillerip\u00f6yt\u00e4, laippajalka - Kaani<\/title>\n<meta name=\"description\" content=\"Helsinki pillerip\u00f6yt\u00e4 on monik\u00e4ytt\u00f6inen design-p\u00f6yt\u00e4, joka toimii erinomaisesti sek\u00e4 y\u00f6p\u00f6yt\u00e4n\u00e4 ett\u00e4 apup\u00f6yt\u00e4n\u00e4 sohvan tai lepotuolin vierell\u00e4.\" \/>\n<meta name=\"robots\" content=\"index, follow, max-snippet:-1, max-image-preview:large, max-video-preview:-1\" \/>\n<link rel=\"canonical\" href=\"https:\/\/kaani.net\/en\/tuotteet\/helsinki\/helsinki-pikkupoyta\/\" \/>\n<meta property=\"og:locale\" content=\"en_US\" \/>\n<meta property=\"og:type\" content=\"article\" \/>\n<meta property=\"og:title\" content=\"Helsinki pillerip\u00f6yt\u00e4, laippajalka - Kaani\" \/>\n<meta property=\"og:description\" content=\"Helsinki pillerip\u00f6yt\u00e4 on monik\u00e4ytt\u00f6inen design-p\u00f6yt\u00e4, joka toimii erinomaisesti sek\u00e4 y\u00f6p\u00f6yt\u00e4n\u00e4 ett\u00e4 apup\u00f6yt\u00e4n\u00e4 sohvan tai lepotuolin vierell\u00e4.\" \/>\n<meta property=\"og:url\" content=\"https:\/\/kaani.net\/en\/tuotteet\/helsinki\/helsinki-pikkupoyta\/\" \/>\n<meta property=\"og:site_name\" content=\"Kaani\" \/>\n<meta property=\"article:modified_time\" content=\"2025-11-20T10:16:40+00:00\" \/>\n<meta property=\"og:image\" content=\"https:\/\/kaani.net\/wp-content\/uploads\/2021\/06\/Helsinki_pikkupoyta_O9A2577_1000.jpg\" \/>\n\t<meta property=\"og:image:width\" content=\"1000\" \/>\n\t<meta property=\"og:image:height\" content=\"1000\" \/>\n\t<meta property=\"og:image:type\" content=\"image\/jpeg\" \/>\n<meta name=\"twitter:label1\" content=\"Est. reading time\" \/>\n\t<meta name=\"twitter:data1\" content=\"1 minute\" \/>\n<script type=\"application\/ld+json\" class=\"yoast-schema-graph\">{\"@context\":\"https:\/\/schema.org\",\"@graph\":[{\"@type\":\"WebPage\",\"@id\":\"https:\/\/kaani.net\/tuotteet\/helsinki\/helsinki-pikkupoyta\/\",\"url\":\"https:\/\/kaani.net\/tuotteet\/helsinki\/helsinki-pikkupoyta\/\",\"name\":\"Helsinki pillerip\u00f6yt\u00e4, laippajalka - Kaani\",\"isPartOf\":{\"@id\":\"https:\/\/kaani.net\/#website\"},\"primaryImageOfPage\":{\"@id\":\"https:\/\/kaani.net\/tuotteet\/helsinki\/helsinki-pikkupoyta\/#primaryimage\"},\"image\":{\"@id\":\"https:\/\/kaani.net\/tuotteet\/helsinki\/helsinki-pikkupoyta\/#primaryimage\"},\"thumbnailUrl\":\"https:\/\/kaani.net\/wp-content\/uploads\/2021\/06\/Helsinki_pikkupoyta_O9A2577_1000.jpg\",\"datePublished\":\"2021-06-13T09:10:45+00:00\",\"dateModified\":\"2025-11-20T10:16:40+00:00\",\"description\":\"Helsinki pillerip\u00f6yt\u00e4 on monik\u00e4ytt\u00f6inen design-p\u00f6yt\u00e4, joka toimii erinomaisesti sek\u00e4 y\u00f6p\u00f6yt\u00e4n\u00e4 ett\u00e4 apup\u00f6yt\u00e4n\u00e4 sohvan tai lepotuolin vierell\u00e4.\",\"breadcrumb\":{\"@id\":\"https:\/\/kaani.net\/tuotteet\/helsinki\/helsinki-pikkupoyta\/#breadcrumb\"},\"inLanguage\":\"en-US\",\"potentialAction\":[{\"@type\":\"ReadAction\",\"target\":[\"https:\/\/kaani.net\/tuotteet\/helsinki\/helsinki-pikkupoyta\/\"]}]},{\"@type\":\"ImageObject\",\"inLanguage\":\"en-US\",\"@id\":\"https:\/\/kaani.net\/tuotteet\/helsinki\/helsinki-pikkupoyta\/#primaryimage\",\"url\":\"https:\/\/kaani.net\/wp-content\/uploads\/2021\/06\/Helsinki_pikkupoyta_O9A2577_1000.jpg\",\"contentUrl\":\"https:\/\/kaani.net\/wp-content\/uploads\/2021\/06\/Helsinki_pikkupoyta_O9A2577_1000.jpg\",\"width\":1000,\"height\":1000,\"caption\":\"Helsinki pikkup\u00f6yt\u00e4\"},{\"@type\":\"BreadcrumbList\",\"@id\":\"https:\/\/kaani.net\/tuotteet\/helsinki\/helsinki-pikkupoyta\/#breadcrumb\",\"itemListElement\":[{\"@type\":\"ListItem\",\"position\":1,\"name\":\"Etusivu\",\"item\":\"https:\/\/kaani.net\/\"},{\"@type\":\"ListItem\",\"position\":2,\"name\":\"Tuotteet\",\"item\":\"https:\/\/kaani.net\/tuotteet\/\"},{\"@type\":\"ListItem\",\"position\":3,\"name\":\"Helsinki pillerip\u00f6yt\u00e4, laippajalka\"}]},{\"@type\":\"WebSite\",\"@id\":\"https:\/\/kaani.net\/#website\",\"url\":\"https:\/\/kaani.net\/\",\"name\":\"Kaani\",\"description\":\"See the future!\",\"publisher\":{\"@id\":\"https:\/\/kaani.net\/#organization\"},\"potentialAction\":[{\"@type\":\"SearchAction\",\"target\":{\"@type\":\"EntryPoint\",\"urlTemplate\":\"https:\/\/kaani.net\/?s={search_term_string}\"},\"query-input\":{\"@type\":\"PropertyValueSpecification\",\"valueRequired\":true,\"valueName\":\"search_term_string\"}}],\"inLanguage\":\"en-US\"},{\"@type\":\"Organization\",\"@id\":\"https:\/\/kaani.net\/#organization\",\"name\":\"Kaani\",\"url\":\"https:\/\/kaani.net\/\",\"logo\":{\"@type\":\"ImageObject\",\"inLanguage\":\"en-US\",\"@id\":\"https:\/\/kaani.net\/#\/schema\/logo\/image\/\",\"url\":\"https:\/\/kaani.net\/wp-content\/uploads\/2017\/09\/cropped-123_kaani_logoS-2-1.jpg\",\"contentUrl\":\"https:\/\/kaani.net\/wp-content\/uploads\/2017\/09\/cropped-123_kaani_logoS-2-1.jpg\",\"width\":184,\"height\":80,\"caption\":\"Kaani\"},\"image\":{\"@id\":\"https:\/\/kaani.net\/#\/schema\/logo\/image\/\"}}]}<\/script>\n<!-- \/ Yoast SEO plugin. -->","yoast_head_json":{"title":"Helsinki pillerip\u00f6yt\u00e4, laippajalka - Kaani","description":"Helsinki pillerip\u00f6yt\u00e4 on monik\u00e4ytt\u00f6inen design-p\u00f6yt\u00e4, joka toimii erinomaisesti sek\u00e4 y\u00f6p\u00f6yt\u00e4n\u00e4 ett\u00e4 apup\u00f6yt\u00e4n\u00e4 sohvan tai lepotuolin vierell\u00e4.","robots":{"index":"index","follow":"follow","max-snippet":"max-snippet:-1","max-image-preview":"max-image-preview:large","max-video-preview":"max-video-preview:-1"},"canonical":"https:\/\/kaani.net\/en\/tuotteet\/helsinki\/helsinki-pikkupoyta\/","og_locale":"en_US","og_type":"article","og_title":"Helsinki pillerip\u00f6yt\u00e4, laippajalka - Kaani","og_description":"Helsinki pillerip\u00f6yt\u00e4 on monik\u00e4ytt\u00f6inen design-p\u00f6yt\u00e4, joka toimii erinomaisesti sek\u00e4 y\u00f6p\u00f6yt\u00e4n\u00e4 ett\u00e4 apup\u00f6yt\u00e4n\u00e4 sohvan tai lepotuolin vierell\u00e4.","og_url":"https:\/\/kaani.net\/en\/tuotteet\/helsinki\/helsinki-pikkupoyta\/","og_site_name":"Kaani","article_modified_time":"2025-11-20T10:16:40+00:00","og_image":[{"width":1000,"height":1000,"url":"https:\/\/kaani.net\/wp-content\/uploads\/2021\/06\/Helsinki_pikkupoyta_O9A2577_1000.jpg","type":"image\/jpeg"}],"twitter_misc":{"Est. reading time":"1 minute"},"schema":{"@context":"https:\/\/schema.org","@graph":[{"@type":"WebPage","@id":"https:\/\/kaani.net\/tuotteet\/helsinki\/helsinki-pikkupoyta\/","url":"https:\/\/kaani.net\/tuotteet\/helsinki\/helsinki-pikkupoyta\/","name":"Helsinki pillerip\u00f6yt\u00e4, laippajalka - Kaani","isPartOf":{"@id":"https:\/\/kaani.net\/#website"},"primaryImageOfPage":{"@id":"https:\/\/kaani.net\/tuotteet\/helsinki\/helsinki-pikkupoyta\/#primaryimage"},"image":{"@id":"https:\/\/kaani.net\/tuotteet\/helsinki\/helsinki-pikkupoyta\/#primaryimage"},"thumbnailUrl":"https:\/\/kaani.net\/wp-content\/uploads\/2021\/06\/Helsinki_pikkupoyta_O9A2577_1000.jpg","datePublished":"2021-06-13T09:10:45+00:00","dateModified":"2025-11-20T10:16:40+00:00","description":"Helsinki pillerip\u00f6yt\u00e4 on monik\u00e4ytt\u00f6inen design-p\u00f6yt\u00e4, joka toimii erinomaisesti sek\u00e4 y\u00f6p\u00f6yt\u00e4n\u00e4 ett\u00e4 apup\u00f6yt\u00e4n\u00e4 sohvan tai lepotuolin vierell\u00e4.","breadcrumb":{"@id":"https:\/\/kaani.net\/tuotteet\/helsinki\/helsinki-pikkupoyta\/#breadcrumb"},"inLanguage":"en-US","potentialAction":[{"@type":"ReadAction","target":["https:\/\/kaani.net\/tuotteet\/helsinki\/helsinki-pikkupoyta\/"]}]},{"@type":"ImageObject","inLanguage":"en-US","@id":"https:\/\/kaani.net\/tuotteet\/helsinki\/helsinki-pikkupoyta\/#primaryimage","url":"https:\/\/kaani.net\/wp-content\/uploads\/2021\/06\/Helsinki_pikkupoyta_O9A2577_1000.jpg","contentUrl":"https:\/\/kaani.net\/wp-content\/uploads\/2021\/06\/Helsinki_pikkupoyta_O9A2577_1000.jpg","width":1000,"height":1000,"caption":"Helsinki pikkup\u00f6yt\u00e4"},{"@type":"BreadcrumbList","@id":"https:\/\/kaani.net\/tuotteet\/helsinki\/helsinki-pikkupoyta\/#breadcrumb","itemListElement":[{"@type":"ListItem","position":1,"name":"Etusivu","item":"https:\/\/kaani.net\/"},{"@type":"ListItem","position":2,"name":"Tuotteet","item":"https:\/\/kaani.net\/tuotteet\/"},{"@type":"ListItem","position":3,"name":"Helsinki pillerip\u00f6yt\u00e4, laippajalka"}]},{"@type":"WebSite","@id":"https:\/\/kaani.net\/#website","url":"https:\/\/kaani.net\/","name":"Kaani","description":"See the future!","publisher":{"@id":"https:\/\/kaani.net\/#organization"},"potentialAction":[{"@type":"SearchAction","target":{"@type":"EntryPoint","urlTemplate":"https:\/\/kaani.net\/?s={search_term_string}"},"query-input":{"@type":"PropertyValueSpecification","valueRequired":true,"valueName":"search_term_string"}}],"inLanguage":"en-US"},{"@type":"Organization","@id":"https:\/\/kaani.net\/#organization","name":"Kaani","url":"https:\/\/kaani.net\/","logo":{"@type":"ImageObject","inLanguage":"en-US","@id":"https:\/\/kaani.net\/#\/schema\/logo\/image\/","url":"https:\/\/kaani.net\/wp-content\/uploads\/2017\/09\/cropped-123_kaani_logoS-2-1.jpg","contentUrl":"https:\/\/kaani.net\/wp-content\/uploads\/2017\/09\/cropped-123_kaani_logoS-2-1.jpg","width":184,"height":80,"caption":"Kaani"},"image":{"@id":"https:\/\/kaani.net\/#\/schema\/logo\/image\/"}}]}},"_links":{"self":[{"href":"https:\/\/kaani.net\/en\/wp-json\/wp\/v2\/product\/5633","targetHints":{"allow":["GET"]}}],"collection":[{"href":"https:\/\/kaani.net\/en\/wp-json\/wp\/v2\/product"}],"about":[{"href":"https:\/\/kaani.net\/en\/wp-json\/wp\/v2\/types\/product"}],"wp:featuredmedia":[{"embeddable":true,"href":"https:\/\/kaani.net\/en\/wp-json\/wp\/v2\/media\/5634"}],"wp:attachment":[{"href":"https:\/\/kaani.net\/en\/wp-json\/wp\/v2\/media?parent=5633"}],"wp:term":[{"taxonomy":"product_brand","embeddable":true,"href":"https:\/\/kaani.net\/en\/wp-json\/wp\/v2\/product_brand?post=5633"},{"taxonomy":"product_cat","embeddable":true,"href":"https:\/\/kaani.net\/en\/wp-json\/wp\/v2\/product_cat?post=5633"},{"taxonomy":"product_tag","embeddable":true,"href":"https:\/\/kaani.net\/en\/wp-json\/wp\/v2\/product_tag?post=5633"}],"curies":[{"name":"wp","href":"https:\/\/api.w.org\/{rel}","templated":true}]}}