{"id":5691,"date":"2022-01-17T00:01:09","date_gmt":"2022-01-16T22:01:09","guid":{"rendered":"https:\/\/kaani.net\/?post_type=product&#038;p=5691"},"modified":"2025-12-05T14:15:59","modified_gmt":"2025-12-05T12:15:59","slug":"jazz-grand-tuolin-vaihtohuppu","status":"publish","type":"product","link":"https:\/\/kaani.net\/en\/tuotteet\/jazz-tuoteperhe\/jazz-grand-tuolin-vaihtohuppu\/","title":{"rendered":"Jazz-Grand hood"},"content":{"rendered":"<div class=\"vc_row wpb_row vc_row-fluid\"><div class=\"wpb_column vc_column_container vc_col-sm-12\"><div class=\"vc_column-inner\"><div class=\"wpb_wrapper\">\n\t<div class=\"wpb_text_column wpb_content_element\" >\n\t\t<div class=\"wpb_wrapper\">\n\t\t\t<p>We make Jazz-Grand replacement hoods from all suitable furniture fabrics.<\/p>\n<p>Instruction and guide will be sent along with the new hoods.<\/p>\n<p>For the members of Kaani's inner circle i.e. regular customers receives top offer from  certain fabrics. So, join NOW to get yours!<\/p>\n<p><a href=\"https:\/\/kaani.net\/en\/ajankohtaista\/\">https:\/\/kaani.net\/current\/<\/a><\/p>\n<p>We also make replacement hoods or any upholsteries for our different chairs and products.<\/p>\n<p>&nbsp;<\/p>\n\n\t\t<\/div>\n\t<\/div>\n<\/div><\/div><\/div><\/div>","protected":false},"excerpt":{"rendered":"<p>You can easily make Kaani\u2019s original Jazz-Grand chair looks as new again!<\/p>\n<p>Order new hoods for your chairs from us!<\/p>\n<p>At the same time, you can order new padding and plastic plug package if needed.<\/p>\n<p>You can also order from us custom work for changing of hoods and chair\u2019s full maintenance.<\/p>\n<p>This way you can make your chairs look brand new and cheerful again!<\/p>\n<p>Valmistamme huppuja kaikista soveltuvista kankaista. Tarjouskankaat l\u00f6ytyy <a href=\"https:\/\/kaani.net\/en\/outlet-2\/\">Outletista<\/a><\/p>\n<p>Jazz-Grand vaihtohuppu tarjouskankaalla 116,- (262,-). <strong>HUOM! v\u00e4limyyntivarauksin.\u00a0<\/strong><\/p>\n<p>Muita verhoilukankaita l\u00f6ytyy <a href=\"https:\/\/kaani.net\/en\/materiaalit\/#kankaat\">\u00a0Materiaalit- sivulta. <\/a>\u00a0Valitsemastasi kankaasta saat etuk\u00e4teen mallitilkun postissa kotiisi.<\/p>\n<p>You can also order several patches to examine at home.<\/p>\n<p>&nbsp;<\/p>\n<p>For the members of Kaani's inner circle i.e. regular customers receives top offer from  certain fabrics. So, join NOW to get yours!<\/p>\n<p>Liity nyt! <a href=\"https:\/\/kaani.net\/en\/ajankohtaista\/\">https:\/\/kaani.net\/current\/<\/a><\/p>\n<p>We also make replacement hoods or any upholsteries for our different chairs and products.<\/p>\n<p>Just email: info@kaani.net<\/p>\n<p>info@kaani.net tai 044 906 4050<\/p>\n<p>&nbsp;<\/p>","protected":false},"featured_media":3719,"template":"","meta":{"om_disable_all_campaigns":false,"_monsterinsights_skip_tracking":false,"_monsterinsights_sitenote_active":false,"_monsterinsights_sitenote_note":"","_monsterinsights_sitenote_category":0,"_uf_show_specific_survey":0,"_uf_disable_surveys":false},"product_brand":[],"product_cat":[750,37],"product_tag":[833,209,778,563,945],"class_list":{"0":"post-5691","1":"product","2":"type-product","3":"status-publish","4":"has-post-thumbnail","6":"product_cat-vaihtoverhoilut-ja-varaosat","7":"product_cat-jazz-tuoteperhe","8":"product_tag-alkuperainen-jazz-tuoli","9":"product_tag-jazz","10":"product_tag-kaani-jazz","11":"product_tag-vaihtohuppu","12":"product_tag-vaihtopaallinen","14":"first","15":"instock","16":"sale","17":"taxable","18":"shipping-taxable","19":"purchasable","20":"product-type-variable","21":"has-default-attributes"},"yoast_head":"<!-- This site is optimized with the Yoast SEO plugin v26.7 - https:\/\/yoast.com\/wordpress\/plugins\/seo\/ -->\n<title>Jazz-Grand tuolin vaihtohuppu - Kaani<\/title>\n<meta name=\"description\" content=\"Kaanin alkuper\u00e4isen Jazz tuolin voit saada taas uuden n\u00e4k\u00f6iseksi. Tilaa meilt\u00e4 vaihtohuput tuoleihisi. Vaihtohuppujen mukana tulee hupun vaihto-ohje.\" \/>\n<meta name=\"robots\" content=\"index, follow, max-snippet:-1, max-image-preview:large, max-video-preview:-1\" \/>\n<link rel=\"canonical\" href=\"https:\/\/kaani.net\/en\/tuotteet\/jazz-tuoteperhe\/jazz-grand-tuolin-vaihtohuppu\/\" \/>\n<meta property=\"og:locale\" content=\"en_US\" \/>\n<meta property=\"og:type\" content=\"article\" \/>\n<meta property=\"og:title\" content=\"Jazz-Grand tuolin vaihtohuppu - Kaani\" \/>\n<meta property=\"og:description\" content=\"Kaanin alkuper\u00e4isen Jazz tuolin voit saada taas uuden n\u00e4k\u00f6iseksi. Tilaa meilt\u00e4 vaihtohuput tuoleihisi. Vaihtohuppujen mukana tulee hupun vaihto-ohje.\" \/>\n<meta property=\"og:url\" content=\"https:\/\/kaani.net\/en\/tuotteet\/jazz-tuoteperhe\/jazz-grand-tuolin-vaihtohuppu\/\" \/>\n<meta property=\"og:site_name\" content=\"Kaani\" \/>\n<meta property=\"article:modified_time\" content=\"2025-12-05T12:15:59+00:00\" \/>\n<meta property=\"og:image\" content=\"https:\/\/kaani.net\/wp-content\/uploads\/2018\/08\/Jazz_Grand_ter\u00e4sjalat_N5C9639_500-1.jpg\" \/>\n\t<meta property=\"og:image:width\" content=\"500\" \/>\n\t<meta property=\"og:image:height\" content=\"500\" \/>\n\t<meta property=\"og:image:type\" content=\"image\/jpeg\" \/>\n<meta name=\"twitter:label1\" content=\"Est. reading time\" \/>\n\t<meta name=\"twitter:data1\" content=\"1 minute\" \/>\n<script type=\"application\/ld+json\" class=\"yoast-schema-graph\">{\"@context\":\"https:\/\/schema.org\",\"@graph\":[{\"@type\":\"WebPage\",\"@id\":\"https:\/\/kaani.net\/tuotteet\/jazz-tuoteperhe\/jazz-grand-tuolin-vaihtohuppu\/\",\"url\":\"https:\/\/kaani.net\/tuotteet\/jazz-tuoteperhe\/jazz-grand-tuolin-vaihtohuppu\/\",\"name\":\"Jazz-Grand tuolin vaihtohuppu - Kaani\",\"isPartOf\":{\"@id\":\"https:\/\/kaani.net\/#website\"},\"primaryImageOfPage\":{\"@id\":\"https:\/\/kaani.net\/tuotteet\/jazz-tuoteperhe\/jazz-grand-tuolin-vaihtohuppu\/#primaryimage\"},\"image\":{\"@id\":\"https:\/\/kaani.net\/tuotteet\/jazz-tuoteperhe\/jazz-grand-tuolin-vaihtohuppu\/#primaryimage\"},\"thumbnailUrl\":\"https:\/\/kaani.net\/wp-content\/uploads\/2018\/08\/Jazz_Grand_ter\u00e4sjalat_N5C9639_500-1.jpg\",\"datePublished\":\"2022-01-16T22:01:09+00:00\",\"dateModified\":\"2025-12-05T12:15:59+00:00\",\"description\":\"Kaanin alkuper\u00e4isen Jazz tuolin voit saada taas uuden n\u00e4k\u00f6iseksi. Tilaa meilt\u00e4 vaihtohuput tuoleihisi. Vaihtohuppujen mukana tulee hupun vaihto-ohje.\",\"breadcrumb\":{\"@id\":\"https:\/\/kaani.net\/tuotteet\/jazz-tuoteperhe\/jazz-grand-tuolin-vaihtohuppu\/#breadcrumb\"},\"inLanguage\":\"en-US\",\"potentialAction\":[{\"@type\":\"ReadAction\",\"target\":[\"https:\/\/kaani.net\/tuotteet\/jazz-tuoteperhe\/jazz-grand-tuolin-vaihtohuppu\/\"]}]},{\"@type\":\"ImageObject\",\"inLanguage\":\"en-US\",\"@id\":\"https:\/\/kaani.net\/tuotteet\/jazz-tuoteperhe\/jazz-grand-tuolin-vaihtohuppu\/#primaryimage\",\"url\":\"https:\/\/kaani.net\/wp-content\/uploads\/2018\/08\/Jazz_Grand_ter\u00e4sjalat_N5C9639_500-1.jpg\",\"contentUrl\":\"https:\/\/kaani.net\/wp-content\/uploads\/2018\/08\/Jazz_Grand_ter\u00e4sjalat_N5C9639_500-1.jpg\",\"width\":500,\"height\":500,\"caption\":\"Jazz-Grand tarjouskankaalla ja ter\u00e4sjaloilla outlet-hinta 349\u20ac (499\u20ac).\"},{\"@type\":\"BreadcrumbList\",\"@id\":\"https:\/\/kaani.net\/tuotteet\/jazz-tuoteperhe\/jazz-grand-tuolin-vaihtohuppu\/#breadcrumb\",\"itemListElement\":[{\"@type\":\"ListItem\",\"position\":1,\"name\":\"Etusivu\",\"item\":\"https:\/\/kaani.net\/\"},{\"@type\":\"ListItem\",\"position\":2,\"name\":\"Tuotteet\",\"item\":\"https:\/\/kaani.net\/tuotteet\/\"},{\"@type\":\"ListItem\",\"position\":3,\"name\":\"Jazz-Grand tuolin vaihtohuppu\"}]},{\"@type\":\"WebSite\",\"@id\":\"https:\/\/kaani.net\/#website\",\"url\":\"https:\/\/kaani.net\/\",\"name\":\"Kaani\",\"description\":\"See the future!\",\"publisher\":{\"@id\":\"https:\/\/kaani.net\/#organization\"},\"potentialAction\":[{\"@type\":\"SearchAction\",\"target\":{\"@type\":\"EntryPoint\",\"urlTemplate\":\"https:\/\/kaani.net\/?s={search_term_string}\"},\"query-input\":{\"@type\":\"PropertyValueSpecification\",\"valueRequired\":true,\"valueName\":\"search_term_string\"}}],\"inLanguage\":\"en-US\"},{\"@type\":\"Organization\",\"@id\":\"https:\/\/kaani.net\/#organization\",\"name\":\"Kaani\",\"url\":\"https:\/\/kaani.net\/\",\"logo\":{\"@type\":\"ImageObject\",\"inLanguage\":\"en-US\",\"@id\":\"https:\/\/kaani.net\/#\/schema\/logo\/image\/\",\"url\":\"https:\/\/kaani.net\/wp-content\/uploads\/2017\/09\/cropped-123_kaani_logoS-2-1.jpg\",\"contentUrl\":\"https:\/\/kaani.net\/wp-content\/uploads\/2017\/09\/cropped-123_kaani_logoS-2-1.jpg\",\"width\":184,\"height\":80,\"caption\":\"Kaani\"},\"image\":{\"@id\":\"https:\/\/kaani.net\/#\/schema\/logo\/image\/\"}}]}<\/script>\n<!-- \/ Yoast SEO plugin. -->","yoast_head_json":{"title":"Jazz-Grand tuolin vaihtohuppu - Kaani","description":"Kaanin alkuper\u00e4isen Jazz tuolin voit saada taas uuden n\u00e4k\u00f6iseksi. Tilaa meilt\u00e4 vaihtohuput tuoleihisi. Vaihtohuppujen mukana tulee hupun vaihto-ohje.","robots":{"index":"index","follow":"follow","max-snippet":"max-snippet:-1","max-image-preview":"max-image-preview:large","max-video-preview":"max-video-preview:-1"},"canonical":"https:\/\/kaani.net\/en\/tuotteet\/jazz-tuoteperhe\/jazz-grand-tuolin-vaihtohuppu\/","og_locale":"en_US","og_type":"article","og_title":"Jazz-Grand tuolin vaihtohuppu - Kaani","og_description":"Kaanin alkuper\u00e4isen Jazz tuolin voit saada taas uuden n\u00e4k\u00f6iseksi. Tilaa meilt\u00e4 vaihtohuput tuoleihisi. Vaihtohuppujen mukana tulee hupun vaihto-ohje.","og_url":"https:\/\/kaani.net\/en\/tuotteet\/jazz-tuoteperhe\/jazz-grand-tuolin-vaihtohuppu\/","og_site_name":"Kaani","article_modified_time":"2025-12-05T12:15:59+00:00","og_image":[{"width":500,"height":500,"url":"https:\/\/kaani.net\/wp-content\/uploads\/2018\/08\/Jazz_Grand_ter\u00e4sjalat_N5C9639_500-1.jpg","type":"image\/jpeg"}],"twitter_misc":{"Est. reading time":"1 minute"},"schema":{"@context":"https:\/\/schema.org","@graph":[{"@type":"WebPage","@id":"https:\/\/kaani.net\/tuotteet\/jazz-tuoteperhe\/jazz-grand-tuolin-vaihtohuppu\/","url":"https:\/\/kaani.net\/tuotteet\/jazz-tuoteperhe\/jazz-grand-tuolin-vaihtohuppu\/","name":"Jazz-Grand tuolin vaihtohuppu - Kaani","isPartOf":{"@id":"https:\/\/kaani.net\/#website"},"primaryImageOfPage":{"@id":"https:\/\/kaani.net\/tuotteet\/jazz-tuoteperhe\/jazz-grand-tuolin-vaihtohuppu\/#primaryimage"},"image":{"@id":"https:\/\/kaani.net\/tuotteet\/jazz-tuoteperhe\/jazz-grand-tuolin-vaihtohuppu\/#primaryimage"},"thumbnailUrl":"https:\/\/kaani.net\/wp-content\/uploads\/2018\/08\/Jazz_Grand_ter\u00e4sjalat_N5C9639_500-1.jpg","datePublished":"2022-01-16T22:01:09+00:00","dateModified":"2025-12-05T12:15:59+00:00","description":"Kaanin alkuper\u00e4isen Jazz tuolin voit saada taas uuden n\u00e4k\u00f6iseksi. Tilaa meilt\u00e4 vaihtohuput tuoleihisi. Vaihtohuppujen mukana tulee hupun vaihto-ohje.","breadcrumb":{"@id":"https:\/\/kaani.net\/tuotteet\/jazz-tuoteperhe\/jazz-grand-tuolin-vaihtohuppu\/#breadcrumb"},"inLanguage":"en-US","potentialAction":[{"@type":"ReadAction","target":["https:\/\/kaani.net\/tuotteet\/jazz-tuoteperhe\/jazz-grand-tuolin-vaihtohuppu\/"]}]},{"@type":"ImageObject","inLanguage":"en-US","@id":"https:\/\/kaani.net\/tuotteet\/jazz-tuoteperhe\/jazz-grand-tuolin-vaihtohuppu\/#primaryimage","url":"https:\/\/kaani.net\/wp-content\/uploads\/2018\/08\/Jazz_Grand_ter\u00e4sjalat_N5C9639_500-1.jpg","contentUrl":"https:\/\/kaani.net\/wp-content\/uploads\/2018\/08\/Jazz_Grand_ter\u00e4sjalat_N5C9639_500-1.jpg","width":500,"height":500,"caption":"Jazz-Grand tarjouskankaalla ja ter\u00e4sjaloilla outlet-hinta 349\u20ac (499\u20ac)."},{"@type":"BreadcrumbList","@id":"https:\/\/kaani.net\/tuotteet\/jazz-tuoteperhe\/jazz-grand-tuolin-vaihtohuppu\/#breadcrumb","itemListElement":[{"@type":"ListItem","position":1,"name":"Etusivu","item":"https:\/\/kaani.net\/"},{"@type":"ListItem","position":2,"name":"Tuotteet","item":"https:\/\/kaani.net\/tuotteet\/"},{"@type":"ListItem","position":3,"name":"Jazz-Grand tuolin vaihtohuppu"}]},{"@type":"WebSite","@id":"https:\/\/kaani.net\/#website","url":"https:\/\/kaani.net\/","name":"Kaani","description":"See the future!","publisher":{"@id":"https:\/\/kaani.net\/#organization"},"potentialAction":[{"@type":"SearchAction","target":{"@type":"EntryPoint","urlTemplate":"https:\/\/kaani.net\/?s={search_term_string}"},"query-input":{"@type":"PropertyValueSpecification","valueRequired":true,"valueName":"search_term_string"}}],"inLanguage":"en-US"},{"@type":"Organization","@id":"https:\/\/kaani.net\/#organization","name":"Kaani","url":"https:\/\/kaani.net\/","logo":{"@type":"ImageObject","inLanguage":"en-US","@id":"https:\/\/kaani.net\/#\/schema\/logo\/image\/","url":"https:\/\/kaani.net\/wp-content\/uploads\/2017\/09\/cropped-123_kaani_logoS-2-1.jpg","contentUrl":"https:\/\/kaani.net\/wp-content\/uploads\/2017\/09\/cropped-123_kaani_logoS-2-1.jpg","width":184,"height":80,"caption":"Kaani"},"image":{"@id":"https:\/\/kaani.net\/#\/schema\/logo\/image\/"}}]}},"_links":{"self":[{"href":"https:\/\/kaani.net\/en\/wp-json\/wp\/v2\/product\/5691","targetHints":{"allow":["GET"]}}],"collection":[{"href":"https:\/\/kaani.net\/en\/wp-json\/wp\/v2\/product"}],"about":[{"href":"https:\/\/kaani.net\/en\/wp-json\/wp\/v2\/types\/product"}],"wp:featuredmedia":[{"embeddable":true,"href":"https:\/\/kaani.net\/en\/wp-json\/wp\/v2\/media\/3719"}],"wp:attachment":[{"href":"https:\/\/kaani.net\/en\/wp-json\/wp\/v2\/media?parent=5691"}],"wp:term":[{"taxonomy":"product_brand","embeddable":true,"href":"https:\/\/kaani.net\/en\/wp-json\/wp\/v2\/product_brand?post=5691"},{"taxonomy":"product_cat","embeddable":true,"href":"https:\/\/kaani.net\/en\/wp-json\/wp\/v2\/product_cat?post=5691"},{"taxonomy":"product_tag","embeddable":true,"href":"https:\/\/kaani.net\/en\/wp-json\/wp\/v2\/product_tag?post=5691"}],"curies":[{"name":"wp","href":"https:\/\/api.w.org\/{rel}","templated":true}]}}