{"id":5739,"date":"2021-10-15T10:37:30","date_gmt":"2021-10-15T07:37:30","guid":{"rendered":"https:\/\/kaani.net\/?post_type=product&#038;p=5739"},"modified":"2026-02-27T15:45:17","modified_gmt":"2026-02-27T13:45:17","slug":"helsinki-hyllykkojarjestelma","status":"publish","type":"product","link":"https:\/\/kaani.net\/en\/tuotteet\/helsinki\/helsinki-hyllykkojarjestelma\/","title":{"rendered":"Helsinki shelves structure"},"content":{"rendered":"<p>Helsinki is Kaani's latest product family.<br \/>\nIt represents a slightly fascinating design language.<br \/>\nDesigner: Esko Niinikorpi<\/p>","protected":false},"excerpt":{"rendered":"<p>Helsinki shelves adapt for many needs!<\/p>\n<p>Do you want Helsinki as a room divider or a wall shelf? With convenient hidden attachment to the floor and wall.<\/p>\n<p>The vertical bars are steel tubes with the diameter of 42.4mm and 2.6mm substance strength steel pipe. The shelf is sturdy even with the higher version. \n\nWith the help of adjustments, the installation of vertical pipes is also possible on \tslightly inclined surfaces, e.g. in old buildings.<br \/>\nFor orders, we manufacture vertical bars for different room heights.<br \/>\nShelves and cabinets attachment transfer option is 10 cm interval.<br \/>\nThe glass shelves are 10mm tempered clear glass. We also deliver different colors and optiwhite glasses.<br \/>\nThe cabinets have pop-up latches fixed on the doors.<br \/>\nDepth of shelves and cabinets is 25cm. The shelves of the wall-mounted version are 2cm away from the wall.<br \/>\nStandard colors of metal parts: Black, white, and steel grey.<\/p>\n<p>Kaani designer: Esko Niinikorpi<\/p>\n<p>&nbsp;<\/p>\n<p>&nbsp;<\/p>","protected":false},"featured_media":15441,"template":"","meta":{"om_disable_all_campaigns":false,"_monsterinsights_skip_tracking":false,"_monsterinsights_sitenote_active":false,"_monsterinsights_sitenote_note":"","_monsterinsights_sitenote_category":0,"_uf_show_specific_survey":0,"_uf_disable_surveys":false},"product_brand":[],"product_cat":[727,654],"product_tag":[125,757,783,804,895,214],"class_list":{"0":"post-5739","1":"product","2":"type-product","3":"status-publish","4":"has-post-thumbnail","6":"product_cat-sailytyskalusteet-fi","7":"product_cat-helsinki","8":"product_tag-design","9":"product_tag-helsinki","10":"product_tag-hyllykko","11":"product_tag-kaappi","12":"product_tag-sailytyskaluste","13":"product_tag-taso","15":"first","16":"instock","17":"taxable","18":"shipping-taxable","19":"product-type-simple"},"yoast_head":"<!-- This site is optimized with the Yoast SEO plugin v26.7 - https:\/\/yoast.com\/wordpress\/plugins\/seo\/ -->\n<title>Helsinki hyllykk\u00f6j\u00e4rjestelm\u00e4 - Kaani<\/title>\n<meta name=\"robots\" content=\"index, follow, max-snippet:-1, max-image-preview:large, max-video-preview:-1\" \/>\n<link rel=\"canonical\" href=\"https:\/\/kaani.net\/en\/tuotteet\/helsinki\/helsinki-hyllykkojarjestelma\/\" \/>\n<meta property=\"og:locale\" content=\"en_US\" \/>\n<meta property=\"og:type\" content=\"article\" \/>\n<meta property=\"og:title\" content=\"Helsinki hyllykk\u00f6j\u00e4rjestelm\u00e4 - Kaani\" \/>\n<meta property=\"og:description\" content=\"Helsinki hyllykk\u00f6 mukautuu moneen tarpeeseen!  Haluatko Helsingin tilanjakajaksi vai sein\u00e4hyllyk\u00f6ksi? K\u00e4tev\u00e4 piilokiinnitys lattiaan ja sein\u00e4\u00e4n.  Helsinki hyllyk\u00f6n pystytangot ovat 42,4mm halkaisijan ja 2,6mm ainevahvuuden ter\u00e4sputkea. Hyllykk\u00f6 on tukeva korkeampanakin versiona. Pystyputkien asennus s\u00e4\u00e4t\u00f6jen avulla mahdollista my\u00f6s hieman vinoille pinnoille, esim. vanhoissa rakennuksissa. Tilauksesta valmistamme pystytankoja muihin huonekorkeuksiin. Hyllyjen ja kaappien kiinnitys siirtomahdollisuudella 10cm v\u00e4lein. Lasihyllyt ovat 10mm karkaistua kirkasta lasia. Tilauksesta toimitetaan eri v\u00e4rej\u00e4 ja optiwhite yms. laseja. Kaapeissa on ponnahdussalvat ovissa. Hyllyjen ja kaappien syvyys 25cm. Sein\u00e4\u00e4nkiinnitysversion hyllyt ovat 2cm irti sein\u00e4st\u00e4. Metalliosien vakiov\u00e4rit: Musta, valkoinen ja ter\u00e4ksen harmaa.  Design: Esko Niinikorpi  &nbsp;  &nbsp;\" \/>\n<meta property=\"og:url\" content=\"https:\/\/kaani.net\/en\/tuotteet\/helsinki\/helsinki-hyllykkojarjestelma\/\" \/>\n<meta property=\"og:site_name\" content=\"Kaani\" \/>\n<meta property=\"article:modified_time\" content=\"2026-02-27T13:45:17+00:00\" \/>\n<meta property=\"og:image\" content=\"https:\/\/kaani.net\/wp-content\/uploads\/2021\/10\/Helsinki-Hyllykko_1.png\" \/>\n\t<meta property=\"og:image:width\" content=\"982\" \/>\n\t<meta property=\"og:image:height\" content=\"886\" \/>\n\t<meta property=\"og:image:type\" content=\"image\/png\" \/>\n<meta name=\"twitter:label1\" content=\"Est. reading time\" \/>\n\t<meta name=\"twitter:data1\" content=\"1 minute\" \/>\n<script type=\"application\/ld+json\" class=\"yoast-schema-graph\">{\"@context\":\"https:\/\/schema.org\",\"@graph\":[{\"@type\":\"WebPage\",\"@id\":\"https:\/\/kaani.net\/tuotteet\/helsinki\/helsinki-hyllykkojarjestelma\/\",\"url\":\"https:\/\/kaani.net\/tuotteet\/helsinki\/helsinki-hyllykkojarjestelma\/\",\"name\":\"Helsinki hyllykk\u00f6j\u00e4rjestelm\u00e4 - Kaani\",\"isPartOf\":{\"@id\":\"https:\/\/kaani.net\/#website\"},\"primaryImageOfPage\":{\"@id\":\"https:\/\/kaani.net\/tuotteet\/helsinki\/helsinki-hyllykkojarjestelma\/#primaryimage\"},\"image\":{\"@id\":\"https:\/\/kaani.net\/tuotteet\/helsinki\/helsinki-hyllykkojarjestelma\/#primaryimage\"},\"thumbnailUrl\":\"https:\/\/kaani.net\/wp-content\/uploads\/2021\/10\/Helsinki-Hyllykko_1.png\",\"datePublished\":\"2021-10-15T07:37:30+00:00\",\"dateModified\":\"2026-02-27T13:45:17+00:00\",\"breadcrumb\":{\"@id\":\"https:\/\/kaani.net\/tuotteet\/helsinki\/helsinki-hyllykkojarjestelma\/#breadcrumb\"},\"inLanguage\":\"en-US\",\"potentialAction\":[{\"@type\":\"ReadAction\",\"target\":[\"https:\/\/kaani.net\/tuotteet\/helsinki\/helsinki-hyllykkojarjestelma\/\"]}]},{\"@type\":\"ImageObject\",\"inLanguage\":\"en-US\",\"@id\":\"https:\/\/kaani.net\/tuotteet\/helsinki\/helsinki-hyllykkojarjestelma\/#primaryimage\",\"url\":\"https:\/\/kaani.net\/wp-content\/uploads\/2021\/10\/Helsinki-Hyllykko_1.png\",\"contentUrl\":\"https:\/\/kaani.net\/wp-content\/uploads\/2021\/10\/Helsinki-Hyllykko_1.png\",\"width\":982,\"height\":886,\"caption\":\"Helsinki Hyllykk\u00f6\"},{\"@type\":\"BreadcrumbList\",\"@id\":\"https:\/\/kaani.net\/tuotteet\/helsinki\/helsinki-hyllykkojarjestelma\/#breadcrumb\",\"itemListElement\":[{\"@type\":\"ListItem\",\"position\":1,\"name\":\"Etusivu\",\"item\":\"https:\/\/kaani.net\/\"},{\"@type\":\"ListItem\",\"position\":2,\"name\":\"Tuotteet\",\"item\":\"https:\/\/kaani.net\/tuotteet\/\"},{\"@type\":\"ListItem\",\"position\":3,\"name\":\"Helsinki hyllykk\u00f6j\u00e4rjestelm\u00e4\"}]},{\"@type\":\"WebSite\",\"@id\":\"https:\/\/kaani.net\/#website\",\"url\":\"https:\/\/kaani.net\/\",\"name\":\"Kaani\",\"description\":\"See the future!\",\"publisher\":{\"@id\":\"https:\/\/kaani.net\/#organization\"},\"potentialAction\":[{\"@type\":\"SearchAction\",\"target\":{\"@type\":\"EntryPoint\",\"urlTemplate\":\"https:\/\/kaani.net\/?s={search_term_string}\"},\"query-input\":{\"@type\":\"PropertyValueSpecification\",\"valueRequired\":true,\"valueName\":\"search_term_string\"}}],\"inLanguage\":\"en-US\"},{\"@type\":\"Organization\",\"@id\":\"https:\/\/kaani.net\/#organization\",\"name\":\"Kaani\",\"url\":\"https:\/\/kaani.net\/\",\"logo\":{\"@type\":\"ImageObject\",\"inLanguage\":\"en-US\",\"@id\":\"https:\/\/kaani.net\/#\/schema\/logo\/image\/\",\"url\":\"https:\/\/kaani.net\/wp-content\/uploads\/2017\/09\/cropped-123_kaani_logoS-2-1.jpg\",\"contentUrl\":\"https:\/\/kaani.net\/wp-content\/uploads\/2017\/09\/cropped-123_kaani_logoS-2-1.jpg\",\"width\":184,\"height\":80,\"caption\":\"Kaani\"},\"image\":{\"@id\":\"https:\/\/kaani.net\/#\/schema\/logo\/image\/\"}}]}<\/script>\n<!-- \/ Yoast SEO plugin. -->","yoast_head_json":{"title":"Helsinki hyllykk\u00f6j\u00e4rjestelm\u00e4 - Kaani","robots":{"index":"index","follow":"follow","max-snippet":"max-snippet:-1","max-image-preview":"max-image-preview:large","max-video-preview":"max-video-preview:-1"},"canonical":"https:\/\/kaani.net\/en\/tuotteet\/helsinki\/helsinki-hyllykkojarjestelma\/","og_locale":"en_US","og_type":"article","og_title":"Helsinki hyllykk\u00f6j\u00e4rjestelm\u00e4 - Kaani","og_description":"Helsinki hyllykk\u00f6 mukautuu moneen tarpeeseen!  Haluatko Helsingin tilanjakajaksi vai sein\u00e4hyllyk\u00f6ksi? K\u00e4tev\u00e4 piilokiinnitys lattiaan ja sein\u00e4\u00e4n.  Helsinki hyllyk\u00f6n pystytangot ovat 42,4mm halkaisijan ja 2,6mm ainevahvuuden ter\u00e4sputkea. Hyllykk\u00f6 on tukeva korkeampanakin versiona. Pystyputkien asennus s\u00e4\u00e4t\u00f6jen avulla mahdollista my\u00f6s hieman vinoille pinnoille, esim. vanhoissa rakennuksissa. Tilauksesta valmistamme pystytankoja muihin huonekorkeuksiin. Hyllyjen ja kaappien kiinnitys siirtomahdollisuudella 10cm v\u00e4lein. Lasihyllyt ovat 10mm karkaistua kirkasta lasia. Tilauksesta toimitetaan eri v\u00e4rej\u00e4 ja optiwhite yms. laseja. Kaapeissa on ponnahdussalvat ovissa. Hyllyjen ja kaappien syvyys 25cm. Sein\u00e4\u00e4nkiinnitysversion hyllyt ovat 2cm irti sein\u00e4st\u00e4. Metalliosien vakiov\u00e4rit: Musta, valkoinen ja ter\u00e4ksen harmaa.  Design: Esko Niinikorpi  &nbsp;  &nbsp;","og_url":"https:\/\/kaani.net\/en\/tuotteet\/helsinki\/helsinki-hyllykkojarjestelma\/","og_site_name":"Kaani","article_modified_time":"2026-02-27T13:45:17+00:00","og_image":[{"width":982,"height":886,"url":"https:\/\/kaani.net\/wp-content\/uploads\/2021\/10\/Helsinki-Hyllykko_1.png","type":"image\/png"}],"twitter_misc":{"Est. reading time":"1 minute"},"schema":{"@context":"https:\/\/schema.org","@graph":[{"@type":"WebPage","@id":"https:\/\/kaani.net\/tuotteet\/helsinki\/helsinki-hyllykkojarjestelma\/","url":"https:\/\/kaani.net\/tuotteet\/helsinki\/helsinki-hyllykkojarjestelma\/","name":"Helsinki hyllykk\u00f6j\u00e4rjestelm\u00e4 - Kaani","isPartOf":{"@id":"https:\/\/kaani.net\/#website"},"primaryImageOfPage":{"@id":"https:\/\/kaani.net\/tuotteet\/helsinki\/helsinki-hyllykkojarjestelma\/#primaryimage"},"image":{"@id":"https:\/\/kaani.net\/tuotteet\/helsinki\/helsinki-hyllykkojarjestelma\/#primaryimage"},"thumbnailUrl":"https:\/\/kaani.net\/wp-content\/uploads\/2021\/10\/Helsinki-Hyllykko_1.png","datePublished":"2021-10-15T07:37:30+00:00","dateModified":"2026-02-27T13:45:17+00:00","breadcrumb":{"@id":"https:\/\/kaani.net\/tuotteet\/helsinki\/helsinki-hyllykkojarjestelma\/#breadcrumb"},"inLanguage":"en-US","potentialAction":[{"@type":"ReadAction","target":["https:\/\/kaani.net\/tuotteet\/helsinki\/helsinki-hyllykkojarjestelma\/"]}]},{"@type":"ImageObject","inLanguage":"en-US","@id":"https:\/\/kaani.net\/tuotteet\/helsinki\/helsinki-hyllykkojarjestelma\/#primaryimage","url":"https:\/\/kaani.net\/wp-content\/uploads\/2021\/10\/Helsinki-Hyllykko_1.png","contentUrl":"https:\/\/kaani.net\/wp-content\/uploads\/2021\/10\/Helsinki-Hyllykko_1.png","width":982,"height":886,"caption":"Helsinki Hyllykk\u00f6"},{"@type":"BreadcrumbList","@id":"https:\/\/kaani.net\/tuotteet\/helsinki\/helsinki-hyllykkojarjestelma\/#breadcrumb","itemListElement":[{"@type":"ListItem","position":1,"name":"Etusivu","item":"https:\/\/kaani.net\/"},{"@type":"ListItem","position":2,"name":"Tuotteet","item":"https:\/\/kaani.net\/tuotteet\/"},{"@type":"ListItem","position":3,"name":"Helsinki hyllykk\u00f6j\u00e4rjestelm\u00e4"}]},{"@type":"WebSite","@id":"https:\/\/kaani.net\/#website","url":"https:\/\/kaani.net\/","name":"Kaani","description":"See the future!","publisher":{"@id":"https:\/\/kaani.net\/#organization"},"potentialAction":[{"@type":"SearchAction","target":{"@type":"EntryPoint","urlTemplate":"https:\/\/kaani.net\/?s={search_term_string}"},"query-input":{"@type":"PropertyValueSpecification","valueRequired":true,"valueName":"search_term_string"}}],"inLanguage":"en-US"},{"@type":"Organization","@id":"https:\/\/kaani.net\/#organization","name":"Kaani","url":"https:\/\/kaani.net\/","logo":{"@type":"ImageObject","inLanguage":"en-US","@id":"https:\/\/kaani.net\/#\/schema\/logo\/image\/","url":"https:\/\/kaani.net\/wp-content\/uploads\/2017\/09\/cropped-123_kaani_logoS-2-1.jpg","contentUrl":"https:\/\/kaani.net\/wp-content\/uploads\/2017\/09\/cropped-123_kaani_logoS-2-1.jpg","width":184,"height":80,"caption":"Kaani"},"image":{"@id":"https:\/\/kaani.net\/#\/schema\/logo\/image\/"}}]}},"_links":{"self":[{"href":"https:\/\/kaani.net\/en\/wp-json\/wp\/v2\/product\/5739","targetHints":{"allow":["GET"]}}],"collection":[{"href":"https:\/\/kaani.net\/en\/wp-json\/wp\/v2\/product"}],"about":[{"href":"https:\/\/kaani.net\/en\/wp-json\/wp\/v2\/types\/product"}],"wp:featuredmedia":[{"embeddable":true,"href":"https:\/\/kaani.net\/en\/wp-json\/wp\/v2\/media\/15441"}],"wp:attachment":[{"href":"https:\/\/kaani.net\/en\/wp-json\/wp\/v2\/media?parent=5739"}],"wp:term":[{"taxonomy":"product_brand","embeddable":true,"href":"https:\/\/kaani.net\/en\/wp-json\/wp\/v2\/product_brand?post=5739"},{"taxonomy":"product_cat","embeddable":true,"href":"https:\/\/kaani.net\/en\/wp-json\/wp\/v2\/product_cat?post=5739"},{"taxonomy":"product_tag","embeddable":true,"href":"https:\/\/kaani.net\/en\/wp-json\/wp\/v2\/product_tag?post=5739"}],"curies":[{"name":"wp","href":"https:\/\/api.w.org\/{rel}","templated":true}]}}