{"id":5996,"date":"2022-01-17T17:33:26","date_gmt":"2022-01-17T15:33:26","guid":{"rendered":"https:\/\/kaani.net\/?post_type=product&#038;p=5996"},"modified":"2025-11-11T13:56:41","modified_gmt":"2025-11-11T11:56:41","slug":"123versb-tuoli-laippajalalla","status":"publish","type":"product","link":"https:\/\/kaani.net\/en\/tuotteet\/123-tuoteperhe\/123versb-tuoli-laippajalalla\/","title":{"rendered":"123versB dining chair with flanged leg"},"content":{"rendered":"<p><strong>123<\/strong><br \/>\n123 is Kaani's new and already very extensive product family. 123 products have a plain design and a clear Scandinavian line.<br \/>\nBy means of 123 products, you can create a fresh appearance for your home or office.<br \/>\nOnly the high-class raw materials are used in the production of 123 products.<\/p>","protected":false},"excerpt":{"rendered":"<p><strong>123<\/strong><\/p>\n<p>123versB tuoli edustaa selke\u00e4n kaunista ja skandinaavista tyyli\u00e4. Hyv\u00e4 ergonomia ja tyylik\u00e4s design luovat puitteet mukaviin illanviettoihin hyv\u00e4ss\u00e4 seurassa! Laippajalka on palautusmekanismilla ja siihen on useita v\u00e4rivaihtoehtoja &#8211; musta, valkoinen, ter\u00e4ksen harmaa tai tumma grafiitti. Tuolin runko on massiivivaneria.<\/p>\n<p>123versB laippajalalla sopii ruokailutilaan, toimistoon tai neuvotteluhuoneeseen.<\/p>\n<p><strong>Mitat:<\/strong> istuinsyvyys 47cm \/ kokonaissyvyys 52cm \/ istuinkorkeus 44cm \/ kokonaiskorkeus 80cm<\/p>\n<p><strong>Leveydet:<\/strong> vakio 43cm \/ leve\u00e4\u00a0 47cm<\/p>\n<p>&nbsp;<\/p>\n<p>Muistathan my\u00f6s mahdollisuuden tilata tuotteet erikoismitoilla ja -materiaaleilla.<\/p>\n<p><a href=\"https:\/\/kaani.net\/en\/materiaalit\/\"><strong>Materiaalit t\u00e4st\u00e4<\/strong><\/a><\/p>\n<p>Materiaali- ja v\u00e4rivaihtoehtoja Kaanilla on lukematon m\u00e4\u00e4r\u00e4. Siksi l\u00e4het\u00e4 tilauksesi\u00a0yhteydess\u00e4 meille s\u00e4hk\u00f6postiin (info@kaani.net) seuraavat tiedot:<\/p>\n<p><em>Ter\u00e4sosien v\u00e4ri \/ <\/em><em>Kankaan nimi ja v\u00e4ri \/ <\/em><em>Puuosien materiaali (koivu \/ tammi \/ maalattu) ja pintak\u00e4sittely.<\/em><\/p>","protected":false},"featured_media":15088,"template":"","meta":{"om_disable_all_campaigns":false,"_monsterinsights_skip_tracking":false,"_monsterinsights_sitenote_active":false,"_monsterinsights_sitenote_note":"","_monsterinsights_sitenote_category":0,"_uf_show_specific_survey":0,"_uf_disable_surveys":false},"product_brand":[],"product_cat":[719,109],"product_tag":[110,840,212,842,841,219],"class_list":{"0":"post-5996","1":"product","2":"type-product","3":"status-publish","4":"has-post-thumbnail","6":"product_cat-ruokatuolit","7":"product_cat-123-tuoteperhe","8":"product_tag-110","9":"product_tag-123versb-ruokailutuoli","10":"product_tag-kaani","11":"product_tag-ruokatuoli-laippajalalla","12":"product_tag-ruokatuoli-verhoiltu","13":"product_tag-tuoli","15":"first","16":"instock","17":"taxable","18":"shipping-taxable","19":"purchasable","20":"product-type-variable","21":"has-default-attributes"},"yoast_head":"<!-- This site is optimized with the Yoast SEO plugin v26.7 - https:\/\/yoast.com\/wordpress\/plugins\/seo\/ -->\n<title>123versB ruokatuoli laippajalalla - Kaani<\/title>\n<meta name=\"description\" content=\"123 ruokailutuolit edustavat selke\u00e4n kaunista skandinaavista muotokielt\u00e4. Upea puutuoli tai pehme\u00e4 verhoiltu malli. Puumateriaalit: Koivu ja tammi.\" \/>\n<meta name=\"robots\" content=\"index, follow, max-snippet:-1, max-image-preview:large, max-video-preview:-1\" \/>\n<link rel=\"canonical\" href=\"https:\/\/kaani.net\/en\/tuotteet\/123-tuoteperhe\/123versb-tuoli-laippajalalla\/\" \/>\n<meta property=\"og:locale\" content=\"en_US\" \/>\n<meta property=\"og:type\" content=\"article\" \/>\n<meta property=\"og:title\" content=\"123versB ruokatuoli laippajalalla - Kaani\" \/>\n<meta property=\"og:description\" content=\"123 ruokailutuolit edustavat selke\u00e4n kaunista skandinaavista muotokielt\u00e4. Upea puutuoli tai pehme\u00e4 verhoiltu malli. Puumateriaalit: Koivu ja tammi.\" \/>\n<meta property=\"og:url\" content=\"https:\/\/kaani.net\/en\/tuotteet\/123-tuoteperhe\/123versb-tuoli-laippajalalla\/\" \/>\n<meta property=\"og:site_name\" content=\"Kaani\" \/>\n<meta property=\"article:modified_time\" content=\"2025-11-11T11:56:41+00:00\" \/>\n<meta property=\"og:image\" content=\"https:\/\/kaani.net\/wp-content\/uploads\/2022\/01\/123versB-tuoli-laippajalalla-edited_1-1.png\" \/>\n\t<meta property=\"og:image:width\" content=\"1024\" \/>\n\t<meta property=\"og:image:height\" content=\"1024\" \/>\n\t<meta property=\"og:image:type\" content=\"image\/png\" \/>\n<meta name=\"twitter:label1\" content=\"Est. reading time\" \/>\n\t<meta name=\"twitter:data1\" content=\"1 minute\" \/>\n<script type=\"application\/ld+json\" class=\"yoast-schema-graph\">{\"@context\":\"https:\/\/schema.org\",\"@graph\":[{\"@type\":\"WebPage\",\"@id\":\"https:\/\/kaani.net\/tuotteet\/123-tuoteperhe\/123versb-tuoli-laippajalalla\/\",\"url\":\"https:\/\/kaani.net\/tuotteet\/123-tuoteperhe\/123versb-tuoli-laippajalalla\/\",\"name\":\"123versB ruokatuoli laippajalalla - Kaani\",\"isPartOf\":{\"@id\":\"https:\/\/kaani.net\/#website\"},\"primaryImageOfPage\":{\"@id\":\"https:\/\/kaani.net\/tuotteet\/123-tuoteperhe\/123versb-tuoli-laippajalalla\/#primaryimage\"},\"image\":{\"@id\":\"https:\/\/kaani.net\/tuotteet\/123-tuoteperhe\/123versb-tuoli-laippajalalla\/#primaryimage\"},\"thumbnailUrl\":\"https:\/\/kaani.net\/wp-content\/uploads\/2022\/01\/123versB-tuoli-laippajalalla-edited_1-1.png\",\"datePublished\":\"2022-01-17T15:33:26+00:00\",\"dateModified\":\"2025-11-11T11:56:41+00:00\",\"description\":\"123 ruokailutuolit edustavat selke\u00e4n kaunista skandinaavista muotokielt\u00e4. Upea puutuoli tai pehme\u00e4 verhoiltu malli. Puumateriaalit: Koivu ja tammi.\",\"breadcrumb\":{\"@id\":\"https:\/\/kaani.net\/tuotteet\/123-tuoteperhe\/123versb-tuoli-laippajalalla\/#breadcrumb\"},\"inLanguage\":\"en-US\",\"potentialAction\":[{\"@type\":\"ReadAction\",\"target\":[\"https:\/\/kaani.net\/tuotteet\/123-tuoteperhe\/123versb-tuoli-laippajalalla\/\"]}]},{\"@type\":\"ImageObject\",\"inLanguage\":\"en-US\",\"@id\":\"https:\/\/kaani.net\/tuotteet\/123-tuoteperhe\/123versb-tuoli-laippajalalla\/#primaryimage\",\"url\":\"https:\/\/kaani.net\/wp-content\/uploads\/2022\/01\/123versB-tuoli-laippajalalla-edited_1-1.png\",\"contentUrl\":\"https:\/\/kaani.net\/wp-content\/uploads\/2022\/01\/123versB-tuoli-laippajalalla-edited_1-1.png\",\"width\":1024,\"height\":1024,\"caption\":\"123versB tuoli mustalla nahalla ja laippajalalla. Sopii toimistoon tai kotiin.\"},{\"@type\":\"BreadcrumbList\",\"@id\":\"https:\/\/kaani.net\/tuotteet\/123-tuoteperhe\/123versb-tuoli-laippajalalla\/#breadcrumb\",\"itemListElement\":[{\"@type\":\"ListItem\",\"position\":1,\"name\":\"Etusivu\",\"item\":\"https:\/\/kaani.net\/\"},{\"@type\":\"ListItem\",\"position\":2,\"name\":\"Tuotteet\",\"item\":\"https:\/\/kaani.net\/tuotteet\/\"},{\"@type\":\"ListItem\",\"position\":3,\"name\":\"123versB ruokatuoli laippajalalla\"}]},{\"@type\":\"WebSite\",\"@id\":\"https:\/\/kaani.net\/#website\",\"url\":\"https:\/\/kaani.net\/\",\"name\":\"Kaani\",\"description\":\"See the future!\",\"publisher\":{\"@id\":\"https:\/\/kaani.net\/#organization\"},\"potentialAction\":[{\"@type\":\"SearchAction\",\"target\":{\"@type\":\"EntryPoint\",\"urlTemplate\":\"https:\/\/kaani.net\/?s={search_term_string}\"},\"query-input\":{\"@type\":\"PropertyValueSpecification\",\"valueRequired\":true,\"valueName\":\"search_term_string\"}}],\"inLanguage\":\"en-US\"},{\"@type\":\"Organization\",\"@id\":\"https:\/\/kaani.net\/#organization\",\"name\":\"Kaani\",\"url\":\"https:\/\/kaani.net\/\",\"logo\":{\"@type\":\"ImageObject\",\"inLanguage\":\"en-US\",\"@id\":\"https:\/\/kaani.net\/#\/schema\/logo\/image\/\",\"url\":\"https:\/\/kaani.net\/wp-content\/uploads\/2017\/09\/cropped-123_kaani_logoS-2-1.jpg\",\"contentUrl\":\"https:\/\/kaani.net\/wp-content\/uploads\/2017\/09\/cropped-123_kaani_logoS-2-1.jpg\",\"width\":184,\"height\":80,\"caption\":\"Kaani\"},\"image\":{\"@id\":\"https:\/\/kaani.net\/#\/schema\/logo\/image\/\"}}]}<\/script>\n<!-- \/ Yoast SEO plugin. -->","yoast_head_json":{"title":"123versB ruokatuoli laippajalalla - Kaani","description":"123 ruokailutuolit edustavat selke\u00e4n kaunista skandinaavista muotokielt\u00e4. Upea puutuoli tai pehme\u00e4 verhoiltu malli. Puumateriaalit: Koivu ja tammi.","robots":{"index":"index","follow":"follow","max-snippet":"max-snippet:-1","max-image-preview":"max-image-preview:large","max-video-preview":"max-video-preview:-1"},"canonical":"https:\/\/kaani.net\/en\/tuotteet\/123-tuoteperhe\/123versb-tuoli-laippajalalla\/","og_locale":"en_US","og_type":"article","og_title":"123versB ruokatuoli laippajalalla - Kaani","og_description":"123 ruokailutuolit edustavat selke\u00e4n kaunista skandinaavista muotokielt\u00e4. Upea puutuoli tai pehme\u00e4 verhoiltu malli. Puumateriaalit: Koivu ja tammi.","og_url":"https:\/\/kaani.net\/en\/tuotteet\/123-tuoteperhe\/123versb-tuoli-laippajalalla\/","og_site_name":"Kaani","article_modified_time":"2025-11-11T11:56:41+00:00","og_image":[{"width":1024,"height":1024,"url":"https:\/\/kaani.net\/wp-content\/uploads\/2022\/01\/123versB-tuoli-laippajalalla-edited_1-1.png","type":"image\/png"}],"twitter_misc":{"Est. reading time":"1 minute"},"schema":{"@context":"https:\/\/schema.org","@graph":[{"@type":"WebPage","@id":"https:\/\/kaani.net\/tuotteet\/123-tuoteperhe\/123versb-tuoli-laippajalalla\/","url":"https:\/\/kaani.net\/tuotteet\/123-tuoteperhe\/123versb-tuoli-laippajalalla\/","name":"123versB ruokatuoli laippajalalla - Kaani","isPartOf":{"@id":"https:\/\/kaani.net\/#website"},"primaryImageOfPage":{"@id":"https:\/\/kaani.net\/tuotteet\/123-tuoteperhe\/123versb-tuoli-laippajalalla\/#primaryimage"},"image":{"@id":"https:\/\/kaani.net\/tuotteet\/123-tuoteperhe\/123versb-tuoli-laippajalalla\/#primaryimage"},"thumbnailUrl":"https:\/\/kaani.net\/wp-content\/uploads\/2022\/01\/123versB-tuoli-laippajalalla-edited_1-1.png","datePublished":"2022-01-17T15:33:26+00:00","dateModified":"2025-11-11T11:56:41+00:00","description":"123 ruokailutuolit edustavat selke\u00e4n kaunista skandinaavista muotokielt\u00e4. Upea puutuoli tai pehme\u00e4 verhoiltu malli. Puumateriaalit: Koivu ja tammi.","breadcrumb":{"@id":"https:\/\/kaani.net\/tuotteet\/123-tuoteperhe\/123versb-tuoli-laippajalalla\/#breadcrumb"},"inLanguage":"en-US","potentialAction":[{"@type":"ReadAction","target":["https:\/\/kaani.net\/tuotteet\/123-tuoteperhe\/123versb-tuoli-laippajalalla\/"]}]},{"@type":"ImageObject","inLanguage":"en-US","@id":"https:\/\/kaani.net\/tuotteet\/123-tuoteperhe\/123versb-tuoli-laippajalalla\/#primaryimage","url":"https:\/\/kaani.net\/wp-content\/uploads\/2022\/01\/123versB-tuoli-laippajalalla-edited_1-1.png","contentUrl":"https:\/\/kaani.net\/wp-content\/uploads\/2022\/01\/123versB-tuoli-laippajalalla-edited_1-1.png","width":1024,"height":1024,"caption":"123versB tuoli mustalla nahalla ja laippajalalla. Sopii toimistoon tai kotiin."},{"@type":"BreadcrumbList","@id":"https:\/\/kaani.net\/tuotteet\/123-tuoteperhe\/123versb-tuoli-laippajalalla\/#breadcrumb","itemListElement":[{"@type":"ListItem","position":1,"name":"Etusivu","item":"https:\/\/kaani.net\/"},{"@type":"ListItem","position":2,"name":"Tuotteet","item":"https:\/\/kaani.net\/tuotteet\/"},{"@type":"ListItem","position":3,"name":"123versB ruokatuoli laippajalalla"}]},{"@type":"WebSite","@id":"https:\/\/kaani.net\/#website","url":"https:\/\/kaani.net\/","name":"Kaani","description":"See the future!","publisher":{"@id":"https:\/\/kaani.net\/#organization"},"potentialAction":[{"@type":"SearchAction","target":{"@type":"EntryPoint","urlTemplate":"https:\/\/kaani.net\/?s={search_term_string}"},"query-input":{"@type":"PropertyValueSpecification","valueRequired":true,"valueName":"search_term_string"}}],"inLanguage":"en-US"},{"@type":"Organization","@id":"https:\/\/kaani.net\/#organization","name":"Kaani","url":"https:\/\/kaani.net\/","logo":{"@type":"ImageObject","inLanguage":"en-US","@id":"https:\/\/kaani.net\/#\/schema\/logo\/image\/","url":"https:\/\/kaani.net\/wp-content\/uploads\/2017\/09\/cropped-123_kaani_logoS-2-1.jpg","contentUrl":"https:\/\/kaani.net\/wp-content\/uploads\/2017\/09\/cropped-123_kaani_logoS-2-1.jpg","width":184,"height":80,"caption":"Kaani"},"image":{"@id":"https:\/\/kaani.net\/#\/schema\/logo\/image\/"}}]}},"_links":{"self":[{"href":"https:\/\/kaani.net\/en\/wp-json\/wp\/v2\/product\/5996","targetHints":{"allow":["GET"]}}],"collection":[{"href":"https:\/\/kaani.net\/en\/wp-json\/wp\/v2\/product"}],"about":[{"href":"https:\/\/kaani.net\/en\/wp-json\/wp\/v2\/types\/product"}],"wp:featuredmedia":[{"embeddable":true,"href":"https:\/\/kaani.net\/en\/wp-json\/wp\/v2\/media\/15088"}],"wp:attachment":[{"href":"https:\/\/kaani.net\/en\/wp-json\/wp\/v2\/media?parent=5996"}],"wp:term":[{"taxonomy":"product_brand","embeddable":true,"href":"https:\/\/kaani.net\/en\/wp-json\/wp\/v2\/product_brand?post=5996"},{"taxonomy":"product_cat","embeddable":true,"href":"https:\/\/kaani.net\/en\/wp-json\/wp\/v2\/product_cat?post=5996"},{"taxonomy":"product_tag","embeddable":true,"href":"https:\/\/kaani.net\/en\/wp-json\/wp\/v2\/product_tag?post=5996"}],"curies":[{"name":"wp","href":"https:\/\/api.w.org\/{rel}","templated":true}]}}