{"id":6483,"date":"2022-01-18T11:46:38","date_gmt":"2022-01-18T09:46:38","guid":{"rendered":"https:\/\/kaani.net\/?post_type=product&#038;p=6483"},"modified":"2026-01-02T17:12:00","modified_gmt":"2026-01-02T15:12:00","slug":"jazz-sivupoydat-laatikoilla-tai-lasihyllylla","status":"publish","type":"product","link":"https:\/\/kaani.net\/en\/tuotteet\/jazz-tuoteperhe\/jazz-sivupoydat-laatikoilla-tai-lasihyllylla\/","title":{"rendered":"Jazz side tables"},"content":{"rendered":"<h1 class=\"woocommerce-products-header__title page-title\">Jazz<\/h1>\n<div class=\"term-description\">\n<p>Characteristic features of Jazz products include e.g. horizontal use of wood, which often lightens the look of the entire interior. Another trademark is the good usability of the products. Several material and color options will hopefully help you find the right solution for your home. If you can't find standard solutions, Kaani will fulfill special solutions in terms of both materials and colors.<\/p>\n<p>&nbsp;<\/p>\n<\/div>","protected":false},"excerpt":{"rendered":"<p>The versatile Jazz side tables can be used as TV- stand, side table, or for example table at the hallway.<\/p>\n<p>Materiaalina voi olla muidenkin Jazz tuotteiden tapaan koivu, tammi tai maalattu, kaikkia monissa eri v\u00e4reiss\u00e4. Sivup\u00f6yd\u00e4n rakenteessa on massiivipuuta, vaneria ja mdf-levy\u00e4. Tunnusomaista Jazz tuoteperheelle on vaakasuuntainen puun k\u00e4ytt\u00f6.<\/p>\n<p>It is possible to get side tables with glass shelves or drawers. Side table also works as work desk.<\/p>\n<p>Lasihyllyj\u00e4 tai laatikoita tilatessasi, olethan yhteydess\u00e4: <strong>info@kaani.net<\/strong> or <strong>044 906 4050<\/strong>.<\/p>\n<p><strong>Mitat:\u00a0<\/strong>38cm syvyys<\/p>\n<p><strong>Pituudet: <\/strong>47cm \/ 93cm \/ 138cm \/ 184cm \/ 220cm \/ 250cm<\/p>\n<p><strong>Korkeudet: <\/strong>20cm \/ 38cm \/ 50cm \/ 73cm<\/p>\n<p>&nbsp;<\/p>\n<p>Muistathan my\u00f6s mahdollisuuden tilata tuotteet erikoismitoilla ja -materiaaleilla.<\/p>\n<p><a href=\"https:\/\/kaani.net\/en\/materiaalit\/\"><strong>Materiaalit t\u00e4st\u00e4<\/strong><\/a><\/p>\n<p>Materiaali- ja v\u00e4rivaihtoehtoja Kaanilla on lukematon m\u00e4\u00e4r\u00e4. Siksi l\u00e4het\u00e4 tilauksesi\u00a0yhteydess\u00e4 meille s\u00e4hk\u00f6postiin (info@kaani.net) seuraavat tiedot:<\/p>\n<p><em>Ter\u00e4sosien v\u00e4ri \/\u00a0<\/em><em>Kankaan nimi ja v\u00e4ri \/\u00a0<\/em><em>Puuosien materiaali (koivu \/ tammi \/ maalattu) ja pintak\u00e4sittely.<\/em><\/p>","protected":false},"featured_media":3284,"template":"","meta":{"om_disable_all_campaigns":false,"_monsterinsights_skip_tracking":false,"_monsterinsights_sitenote_active":false,"_monsterinsights_sitenote_note":"","_monsterinsights_sitenote_category":0,"_uf_show_specific_survey":0,"_uf_disable_surveys":false},"product_brand":[],"product_cat":[727,37],"product_tag":[760,944,212,224,214,713],"class_list":{"0":"post-6483","1":"product","2":"type-product","3":"status-publish","4":"has-post-thumbnail","6":"product_cat-sailytyskalusteet-fi","7":"product_cat-jazz-tuoteperhe","8":"product_tag-apupoyta","9":"product_tag-jazz-sivupoyta","10":"product_tag-kaani","11":"product_tag-sivupoyta","12":"product_tag-taso","13":"product_tag-tv-taso","15":"first","16":"instock","17":"taxable","18":"shipping-taxable","19":"purchasable","20":"product-type-variable","21":"has-default-attributes"},"yoast_head":"<!-- This site is optimized with the Yoast SEO plugin v26.7 - https:\/\/yoast.com\/wordpress\/plugins\/seo\/ -->\n<title>Jazz sivup\u00f6yd\u00e4t - Kaani<\/title>\n<meta name=\"description\" content=\"Jazz sivup\u00f6yt\u00e4 luo sisustukseesi huolitellun kauniin ilmeen. Sivup\u00f6yt\u00e4\u00e4 voit k\u00e4ytt\u00e4\u00e4 joko tv-tasona, sivup\u00f6yt\u00e4n\u00e4, tai eteisen apup\u00f6yt\u00e4n\u00e4.\" \/>\n<meta name=\"robots\" content=\"index, follow, max-snippet:-1, max-image-preview:large, max-video-preview:-1\" \/>\n<link rel=\"canonical\" href=\"https:\/\/kaani.net\/en\/tuotteet\/jazz-tuoteperhe\/jazz-sivupoydat-laatikoilla-tai-lasihyllylla\/\" \/>\n<meta property=\"og:locale\" content=\"en_US\" \/>\n<meta property=\"og:type\" content=\"article\" \/>\n<meta property=\"og:title\" content=\"Jazz sivup\u00f6yd\u00e4t - Kaani\" \/>\n<meta property=\"og:description\" content=\"Jazz sivup\u00f6yt\u00e4 luo sisustukseesi huolitellun kauniin ilmeen. Sivup\u00f6yt\u00e4\u00e4 voit k\u00e4ytt\u00e4\u00e4 joko tv-tasona, sivup\u00f6yt\u00e4n\u00e4, tai eteisen apup\u00f6yt\u00e4n\u00e4.\" \/>\n<meta property=\"og:url\" content=\"https:\/\/kaani.net\/en\/tuotteet\/jazz-tuoteperhe\/jazz-sivupoydat-laatikoilla-tai-lasihyllylla\/\" \/>\n<meta property=\"og:site_name\" content=\"Kaani\" \/>\n<meta property=\"article:modified_time\" content=\"2026-01-02T15:12:00+00:00\" \/>\n<meta property=\"og:image\" content=\"https:\/\/kaani.net\/wp-content\/uploads\/2018\/08\/Jazz_sivup\u00f6yd\u00e4t_1000.jpg\" \/>\n\t<meta property=\"og:image:width\" content=\"1000\" \/>\n\t<meta property=\"og:image:height\" content=\"1000\" \/>\n\t<meta property=\"og:image:type\" content=\"image\/jpeg\" \/>\n<meta name=\"twitter:label1\" content=\"Est. reading time\" \/>\n\t<meta name=\"twitter:data1\" content=\"1 minute\" \/>\n<script type=\"application\/ld+json\" class=\"yoast-schema-graph\">{\"@context\":\"https:\/\/schema.org\",\"@graph\":[{\"@type\":\"WebPage\",\"@id\":\"https:\/\/kaani.net\/tuotteet\/jazz-tuoteperhe\/jazz-sivupoydat-laatikoilla-tai-lasihyllylla\/\",\"url\":\"https:\/\/kaani.net\/tuotteet\/jazz-tuoteperhe\/jazz-sivupoydat-laatikoilla-tai-lasihyllylla\/\",\"name\":\"Jazz sivup\u00f6yd\u00e4t - Kaani\",\"isPartOf\":{\"@id\":\"https:\/\/kaani.net\/#website\"},\"primaryImageOfPage\":{\"@id\":\"https:\/\/kaani.net\/tuotteet\/jazz-tuoteperhe\/jazz-sivupoydat-laatikoilla-tai-lasihyllylla\/#primaryimage\"},\"image\":{\"@id\":\"https:\/\/kaani.net\/tuotteet\/jazz-tuoteperhe\/jazz-sivupoydat-laatikoilla-tai-lasihyllylla\/#primaryimage\"},\"thumbnailUrl\":\"https:\/\/kaani.net\/wp-content\/uploads\/2018\/08\/Jazz_sivup\u00f6yd\u00e4t_1000.jpg\",\"datePublished\":\"2022-01-18T09:46:38+00:00\",\"dateModified\":\"2026-01-02T15:12:00+00:00\",\"description\":\"Jazz sivup\u00f6yt\u00e4 luo sisustukseesi huolitellun kauniin ilmeen. Sivup\u00f6yt\u00e4\u00e4 voit k\u00e4ytt\u00e4\u00e4 joko tv-tasona, sivup\u00f6yt\u00e4n\u00e4, tai eteisen apup\u00f6yt\u00e4n\u00e4.\",\"breadcrumb\":{\"@id\":\"https:\/\/kaani.net\/tuotteet\/jazz-tuoteperhe\/jazz-sivupoydat-laatikoilla-tai-lasihyllylla\/#breadcrumb\"},\"inLanguage\":\"en-US\",\"potentialAction\":[{\"@type\":\"ReadAction\",\"target\":[\"https:\/\/kaani.net\/tuotteet\/jazz-tuoteperhe\/jazz-sivupoydat-laatikoilla-tai-lasihyllylla\/\"]}]},{\"@type\":\"ImageObject\",\"inLanguage\":\"en-US\",\"@id\":\"https:\/\/kaani.net\/tuotteet\/jazz-tuoteperhe\/jazz-sivupoydat-laatikoilla-tai-lasihyllylla\/#primaryimage\",\"url\":\"https:\/\/kaani.net\/wp-content\/uploads\/2018\/08\/Jazz_sivup\u00f6yd\u00e4t_1000.jpg\",\"contentUrl\":\"https:\/\/kaani.net\/wp-content\/uploads\/2018\/08\/Jazz_sivup\u00f6yd\u00e4t_1000.jpg\",\"width\":1000,\"height\":1000,\"caption\":\"Jazz sidetable black and white\"},{\"@type\":\"BreadcrumbList\",\"@id\":\"https:\/\/kaani.net\/tuotteet\/jazz-tuoteperhe\/jazz-sivupoydat-laatikoilla-tai-lasihyllylla\/#breadcrumb\",\"itemListElement\":[{\"@type\":\"ListItem\",\"position\":1,\"name\":\"Etusivu\",\"item\":\"https:\/\/kaani.net\/\"},{\"@type\":\"ListItem\",\"position\":2,\"name\":\"Tuotteet\",\"item\":\"https:\/\/kaani.net\/tuotteet\/\"},{\"@type\":\"ListItem\",\"position\":3,\"name\":\"Jazz sivup\u00f6yd\u00e4t\"}]},{\"@type\":\"WebSite\",\"@id\":\"https:\/\/kaani.net\/#website\",\"url\":\"https:\/\/kaani.net\/\",\"name\":\"Kaani\",\"description\":\"See the future!\",\"publisher\":{\"@id\":\"https:\/\/kaani.net\/#organization\"},\"potentialAction\":[{\"@type\":\"SearchAction\",\"target\":{\"@type\":\"EntryPoint\",\"urlTemplate\":\"https:\/\/kaani.net\/?s={search_term_string}\"},\"query-input\":{\"@type\":\"PropertyValueSpecification\",\"valueRequired\":true,\"valueName\":\"search_term_string\"}}],\"inLanguage\":\"en-US\"},{\"@type\":\"Organization\",\"@id\":\"https:\/\/kaani.net\/#organization\",\"name\":\"Kaani\",\"url\":\"https:\/\/kaani.net\/\",\"logo\":{\"@type\":\"ImageObject\",\"inLanguage\":\"en-US\",\"@id\":\"https:\/\/kaani.net\/#\/schema\/logo\/image\/\",\"url\":\"https:\/\/kaani.net\/wp-content\/uploads\/2017\/09\/cropped-123_kaani_logoS-2-1.jpg\",\"contentUrl\":\"https:\/\/kaani.net\/wp-content\/uploads\/2017\/09\/cropped-123_kaani_logoS-2-1.jpg\",\"width\":184,\"height\":80,\"caption\":\"Kaani\"},\"image\":{\"@id\":\"https:\/\/kaani.net\/#\/schema\/logo\/image\/\"}}]}<\/script>\n<!-- \/ Yoast SEO plugin. -->","yoast_head_json":{"title":"Jazz sivup\u00f6yd\u00e4t - Kaani","description":"Jazz sivup\u00f6yt\u00e4 luo sisustukseesi huolitellun kauniin ilmeen. Sivup\u00f6yt\u00e4\u00e4 voit k\u00e4ytt\u00e4\u00e4 joko tv-tasona, sivup\u00f6yt\u00e4n\u00e4, tai eteisen apup\u00f6yt\u00e4n\u00e4.","robots":{"index":"index","follow":"follow","max-snippet":"max-snippet:-1","max-image-preview":"max-image-preview:large","max-video-preview":"max-video-preview:-1"},"canonical":"https:\/\/kaani.net\/en\/tuotteet\/jazz-tuoteperhe\/jazz-sivupoydat-laatikoilla-tai-lasihyllylla\/","og_locale":"en_US","og_type":"article","og_title":"Jazz sivup\u00f6yd\u00e4t - Kaani","og_description":"Jazz sivup\u00f6yt\u00e4 luo sisustukseesi huolitellun kauniin ilmeen. Sivup\u00f6yt\u00e4\u00e4 voit k\u00e4ytt\u00e4\u00e4 joko tv-tasona, sivup\u00f6yt\u00e4n\u00e4, tai eteisen apup\u00f6yt\u00e4n\u00e4.","og_url":"https:\/\/kaani.net\/en\/tuotteet\/jazz-tuoteperhe\/jazz-sivupoydat-laatikoilla-tai-lasihyllylla\/","og_site_name":"Kaani","article_modified_time":"2026-01-02T15:12:00+00:00","og_image":[{"width":1000,"height":1000,"url":"https:\/\/kaani.net\/wp-content\/uploads\/2018\/08\/Jazz_sivup\u00f6yd\u00e4t_1000.jpg","type":"image\/jpeg"}],"twitter_misc":{"Est. reading time":"1 minute"},"schema":{"@context":"https:\/\/schema.org","@graph":[{"@type":"WebPage","@id":"https:\/\/kaani.net\/tuotteet\/jazz-tuoteperhe\/jazz-sivupoydat-laatikoilla-tai-lasihyllylla\/","url":"https:\/\/kaani.net\/tuotteet\/jazz-tuoteperhe\/jazz-sivupoydat-laatikoilla-tai-lasihyllylla\/","name":"Jazz sivup\u00f6yd\u00e4t - Kaani","isPartOf":{"@id":"https:\/\/kaani.net\/#website"},"primaryImageOfPage":{"@id":"https:\/\/kaani.net\/tuotteet\/jazz-tuoteperhe\/jazz-sivupoydat-laatikoilla-tai-lasihyllylla\/#primaryimage"},"image":{"@id":"https:\/\/kaani.net\/tuotteet\/jazz-tuoteperhe\/jazz-sivupoydat-laatikoilla-tai-lasihyllylla\/#primaryimage"},"thumbnailUrl":"https:\/\/kaani.net\/wp-content\/uploads\/2018\/08\/Jazz_sivup\u00f6yd\u00e4t_1000.jpg","datePublished":"2022-01-18T09:46:38+00:00","dateModified":"2026-01-02T15:12:00+00:00","description":"Jazz sivup\u00f6yt\u00e4 luo sisustukseesi huolitellun kauniin ilmeen. Sivup\u00f6yt\u00e4\u00e4 voit k\u00e4ytt\u00e4\u00e4 joko tv-tasona, sivup\u00f6yt\u00e4n\u00e4, tai eteisen apup\u00f6yt\u00e4n\u00e4.","breadcrumb":{"@id":"https:\/\/kaani.net\/tuotteet\/jazz-tuoteperhe\/jazz-sivupoydat-laatikoilla-tai-lasihyllylla\/#breadcrumb"},"inLanguage":"en-US","potentialAction":[{"@type":"ReadAction","target":["https:\/\/kaani.net\/tuotteet\/jazz-tuoteperhe\/jazz-sivupoydat-laatikoilla-tai-lasihyllylla\/"]}]},{"@type":"ImageObject","inLanguage":"en-US","@id":"https:\/\/kaani.net\/tuotteet\/jazz-tuoteperhe\/jazz-sivupoydat-laatikoilla-tai-lasihyllylla\/#primaryimage","url":"https:\/\/kaani.net\/wp-content\/uploads\/2018\/08\/Jazz_sivup\u00f6yd\u00e4t_1000.jpg","contentUrl":"https:\/\/kaani.net\/wp-content\/uploads\/2018\/08\/Jazz_sivup\u00f6yd\u00e4t_1000.jpg","width":1000,"height":1000,"caption":"Jazz sidetable black and white"},{"@type":"BreadcrumbList","@id":"https:\/\/kaani.net\/tuotteet\/jazz-tuoteperhe\/jazz-sivupoydat-laatikoilla-tai-lasihyllylla\/#breadcrumb","itemListElement":[{"@type":"ListItem","position":1,"name":"Etusivu","item":"https:\/\/kaani.net\/"},{"@type":"ListItem","position":2,"name":"Tuotteet","item":"https:\/\/kaani.net\/tuotteet\/"},{"@type":"ListItem","position":3,"name":"Jazz sivup\u00f6yd\u00e4t"}]},{"@type":"WebSite","@id":"https:\/\/kaani.net\/#website","url":"https:\/\/kaani.net\/","name":"Kaani","description":"See the future!","publisher":{"@id":"https:\/\/kaani.net\/#organization"},"potentialAction":[{"@type":"SearchAction","target":{"@type":"EntryPoint","urlTemplate":"https:\/\/kaani.net\/?s={search_term_string}"},"query-input":{"@type":"PropertyValueSpecification","valueRequired":true,"valueName":"search_term_string"}}],"inLanguage":"en-US"},{"@type":"Organization","@id":"https:\/\/kaani.net\/#organization","name":"Kaani","url":"https:\/\/kaani.net\/","logo":{"@type":"ImageObject","inLanguage":"en-US","@id":"https:\/\/kaani.net\/#\/schema\/logo\/image\/","url":"https:\/\/kaani.net\/wp-content\/uploads\/2017\/09\/cropped-123_kaani_logoS-2-1.jpg","contentUrl":"https:\/\/kaani.net\/wp-content\/uploads\/2017\/09\/cropped-123_kaani_logoS-2-1.jpg","width":184,"height":80,"caption":"Kaani"},"image":{"@id":"https:\/\/kaani.net\/#\/schema\/logo\/image\/"}}]}},"_links":{"self":[{"href":"https:\/\/kaani.net\/en\/wp-json\/wp\/v2\/product\/6483","targetHints":{"allow":["GET"]}}],"collection":[{"href":"https:\/\/kaani.net\/en\/wp-json\/wp\/v2\/product"}],"about":[{"href":"https:\/\/kaani.net\/en\/wp-json\/wp\/v2\/types\/product"}],"wp:featuredmedia":[{"embeddable":true,"href":"https:\/\/kaani.net\/en\/wp-json\/wp\/v2\/media\/3284"}],"wp:attachment":[{"href":"https:\/\/kaani.net\/en\/wp-json\/wp\/v2\/media?parent=6483"}],"wp:term":[{"taxonomy":"product_brand","embeddable":true,"href":"https:\/\/kaani.net\/en\/wp-json\/wp\/v2\/product_brand?post=6483"},{"taxonomy":"product_cat","embeddable":true,"href":"https:\/\/kaani.net\/en\/wp-json\/wp\/v2\/product_cat?post=6483"},{"taxonomy":"product_tag","embeddable":true,"href":"https:\/\/kaani.net\/en\/wp-json\/wp\/v2\/product_tag?post=6483"}],"curies":[{"name":"wp","href":"https:\/\/api.w.org\/{rel}","templated":true}]}}