{"id":6676,"date":"2022-01-18T12:27:30","date_gmt":"2022-01-18T10:27:30","guid":{"rendered":"https:\/\/kaani.net\/?post_type=product&#038;p=6676"},"modified":"2025-11-13T14:11:33","modified_gmt":"2025-11-13T12:11:33","slug":"cube-jakkara-ja-penkki","status":"publish","type":"product","link":"https:\/\/kaani.net\/en\/tuotteet\/cube-jakkara\/cube-jakkara-ja-penkki\/","title":{"rendered":"Cube jakkara, penkki ja rahi"},"content":{"rendered":"<div class=\"vc_row wpb_row vc_row-fluid\"><div class=\"wpb_column vc_column_container vc_col-sm-12\"><div class=\"vc_column-inner\"><div class=\"wpb_wrapper\">\n\t<div class=\"wpb_text_column wpb_content_element\" >\n\t\t<div class=\"wpb_wrapper\">\n\t\t\t<p>Cubea saa 3 eri korkeutta ja materiaali- sek\u00e4 v\u00e4rivaihtoehtoja on runsaasti. Cube sarjassa on my\u00f6s penkki ja suurempi rahi.<\/p>\n\n\t\t<\/div>\n\t<\/div>\n<\/div><\/div><\/div><\/div>","protected":false},"excerpt":{"rendered":"<p>Cube stool is handy in the hallway as an extra seat, at the bedside or as a coffee table.<br \/>\nOnly your imagination is the limit.<br \/>\nCube stool is available in three different heights, and there are plenty of color and material options.<\/p>\n<p>Materiaalit: valkoinen tai musta palanahka. Tilauksesta toimitamme kankailla ja muilla nahkav\u00e4reill\u00e4.<\/p>\n<p><strong>Cube jakkaran koot<\/strong>:\u00a0 S 40*40*40cm \/ M\u00a0 55*40*40cm \/ L 65*40*40cm<\/p>\n<p><strong>Penkki<\/strong>: 40*40*110cm \/ 40*90*90cm<\/p>\n<p><strong><a href=\"https:\/\/kaani.net\/en\/materiaalit\/\">Materiaalit t\u00e4st\u00e4<\/a> <\/strong><\/p>","protected":false},"featured_media":15131,"template":"","meta":{"om_disable_all_campaigns":false,"_monsterinsights_skip_tracking":false,"_monsterinsights_sitenote_active":false,"_monsterinsights_sitenote_note":"","_monsterinsights_sitenote_category":0,"_uf_show_specific_survey":0,"_uf_disable_surveys":false},"product_brand":[],"product_cat":[719,32],"product_tag":[242,551,212,775,246,219],"class_list":{"0":"post-6676","1":"product","2":"type-product","3":"status-publish","4":"has-post-thumbnail","6":"product_cat-ruokatuolit","7":"product_cat-cube-jakkara","8":"product_tag-cube","9":"product_tag-jakkara-fi","10":"product_tag-kaani","11":"product_tag-penkki","12":"product_tag-rahi","13":"product_tag-tuoli","15":"first","16":"instock","17":"taxable","18":"shipping-taxable","19":"purchasable","20":"product-type-variable","21":"has-default-attributes"},"yoast_head":"<!-- This site is optimized with the Yoast SEO plugin v26.7 - https:\/\/yoast.com\/wordpress\/plugins\/seo\/ -->\n<title>Cube jakkara, penkki ja rahi - Kaani<\/title>\n<meta name=\"description\" content=\"Cube jakkara on k\u00e4tev\u00e4 lis\u00e4istuimeksi, rahiksi tai sohvap\u00f6yd\u00e4ksi. Cubea saa kolmea eri korkeutta, v\u00e4ri- ja materiaalivaihtoehtoja on runsaasti.\" \/>\n<meta name=\"robots\" content=\"index, follow, max-snippet:-1, max-image-preview:large, max-video-preview:-1\" \/>\n<link rel=\"canonical\" href=\"https:\/\/kaani.net\/en\/tuotteet\/cube-jakkara\/cube-jakkara-ja-penkki\/\" \/>\n<meta property=\"og:locale\" content=\"en_US\" \/>\n<meta property=\"og:type\" content=\"article\" \/>\n<meta property=\"og:title\" content=\"Cube jakkara, penkki ja rahi - Kaani\" \/>\n<meta property=\"og:description\" content=\"Cube jakkara on k\u00e4tev\u00e4 lis\u00e4istuimeksi, rahiksi tai sohvap\u00f6yd\u00e4ksi. Cubea saa kolmea eri korkeutta, v\u00e4ri- ja materiaalivaihtoehtoja on runsaasti.\" \/>\n<meta property=\"og:url\" content=\"https:\/\/kaani.net\/en\/tuotteet\/cube-jakkara\/cube-jakkara-ja-penkki\/\" \/>\n<meta property=\"og:site_name\" content=\"Kaani\" \/>\n<meta property=\"article:modified_time\" content=\"2025-11-13T12:11:33+00:00\" \/>\n<meta property=\"og:image\" content=\"https:\/\/kaani.net\/wp-content\/uploads\/2022\/01\/Cube-jakkara.png\" \/>\n\t<meta property=\"og:image:width\" content=\"1024\" \/>\n\t<meta property=\"og:image:height\" content=\"1024\" \/>\n\t<meta property=\"og:image:type\" content=\"image\/png\" \/>\n<meta name=\"twitter:label1\" content=\"Est. reading time\" \/>\n\t<meta name=\"twitter:data1\" content=\"1 minute\" \/>\n<script type=\"application\/ld+json\" class=\"yoast-schema-graph\">{\"@context\":\"https:\/\/schema.org\",\"@graph\":[{\"@type\":\"WebPage\",\"@id\":\"https:\/\/kaani.net\/tuotteet\/cube-jakkara\/cube-jakkara-ja-penkki\/\",\"url\":\"https:\/\/kaani.net\/tuotteet\/cube-jakkara\/cube-jakkara-ja-penkki\/\",\"name\":\"Cube jakkara, penkki ja rahi - Kaani\",\"isPartOf\":{\"@id\":\"https:\/\/kaani.net\/#website\"},\"primaryImageOfPage\":{\"@id\":\"https:\/\/kaani.net\/tuotteet\/cube-jakkara\/cube-jakkara-ja-penkki\/#primaryimage\"},\"image\":{\"@id\":\"https:\/\/kaani.net\/tuotteet\/cube-jakkara\/cube-jakkara-ja-penkki\/#primaryimage\"},\"thumbnailUrl\":\"https:\/\/kaani.net\/wp-content\/uploads\/2022\/01\/Cube-jakkara.png\",\"datePublished\":\"2022-01-18T10:27:30+00:00\",\"dateModified\":\"2025-11-13T12:11:33+00:00\",\"description\":\"Cube jakkara on k\u00e4tev\u00e4 lis\u00e4istuimeksi, rahiksi tai sohvap\u00f6yd\u00e4ksi. Cubea saa kolmea eri korkeutta, v\u00e4ri- ja materiaalivaihtoehtoja on runsaasti.\",\"breadcrumb\":{\"@id\":\"https:\/\/kaani.net\/tuotteet\/cube-jakkara\/cube-jakkara-ja-penkki\/#breadcrumb\"},\"inLanguage\":\"en-US\",\"potentialAction\":[{\"@type\":\"ReadAction\",\"target\":[\"https:\/\/kaani.net\/tuotteet\/cube-jakkara\/cube-jakkara-ja-penkki\/\"]}]},{\"@type\":\"ImageObject\",\"inLanguage\":\"en-US\",\"@id\":\"https:\/\/kaani.net\/tuotteet\/cube-jakkara\/cube-jakkara-ja-penkki\/#primaryimage\",\"url\":\"https:\/\/kaani.net\/wp-content\/uploads\/2022\/01\/Cube-jakkara.png\",\"contentUrl\":\"https:\/\/kaani.net\/wp-content\/uploads\/2022\/01\/Cube-jakkara.png\",\"width\":1024,\"height\":1024,\"caption\":\"Cube jakkara sinisella nahalla.\"},{\"@type\":\"BreadcrumbList\",\"@id\":\"https:\/\/kaani.net\/tuotteet\/cube-jakkara\/cube-jakkara-ja-penkki\/#breadcrumb\",\"itemListElement\":[{\"@type\":\"ListItem\",\"position\":1,\"name\":\"Etusivu\",\"item\":\"https:\/\/kaani.net\/\"},{\"@type\":\"ListItem\",\"position\":2,\"name\":\"Tuotteet\",\"item\":\"https:\/\/kaani.net\/tuotteet\/\"},{\"@type\":\"ListItem\",\"position\":3,\"name\":\"Cube jakkara, penkki ja rahi\"}]},{\"@type\":\"WebSite\",\"@id\":\"https:\/\/kaani.net\/#website\",\"url\":\"https:\/\/kaani.net\/\",\"name\":\"Kaani\",\"description\":\"See the future!\",\"publisher\":{\"@id\":\"https:\/\/kaani.net\/#organization\"},\"potentialAction\":[{\"@type\":\"SearchAction\",\"target\":{\"@type\":\"EntryPoint\",\"urlTemplate\":\"https:\/\/kaani.net\/?s={search_term_string}\"},\"query-input\":{\"@type\":\"PropertyValueSpecification\",\"valueRequired\":true,\"valueName\":\"search_term_string\"}}],\"inLanguage\":\"en-US\"},{\"@type\":\"Organization\",\"@id\":\"https:\/\/kaani.net\/#organization\",\"name\":\"Kaani\",\"url\":\"https:\/\/kaani.net\/\",\"logo\":{\"@type\":\"ImageObject\",\"inLanguage\":\"en-US\",\"@id\":\"https:\/\/kaani.net\/#\/schema\/logo\/image\/\",\"url\":\"https:\/\/kaani.net\/wp-content\/uploads\/2017\/09\/cropped-123_kaani_logoS-2-1.jpg\",\"contentUrl\":\"https:\/\/kaani.net\/wp-content\/uploads\/2017\/09\/cropped-123_kaani_logoS-2-1.jpg\",\"width\":184,\"height\":80,\"caption\":\"Kaani\"},\"image\":{\"@id\":\"https:\/\/kaani.net\/#\/schema\/logo\/image\/\"}}]}<\/script>\n<!-- \/ Yoast SEO plugin. -->","yoast_head_json":{"title":"Cube jakkara, penkki ja rahi - Kaani","description":"Cube jakkara on k\u00e4tev\u00e4 lis\u00e4istuimeksi, rahiksi tai sohvap\u00f6yd\u00e4ksi. Cubea saa kolmea eri korkeutta, v\u00e4ri- ja materiaalivaihtoehtoja on runsaasti.","robots":{"index":"index","follow":"follow","max-snippet":"max-snippet:-1","max-image-preview":"max-image-preview:large","max-video-preview":"max-video-preview:-1"},"canonical":"https:\/\/kaani.net\/en\/tuotteet\/cube-jakkara\/cube-jakkara-ja-penkki\/","og_locale":"en_US","og_type":"article","og_title":"Cube jakkara, penkki ja rahi - Kaani","og_description":"Cube jakkara on k\u00e4tev\u00e4 lis\u00e4istuimeksi, rahiksi tai sohvap\u00f6yd\u00e4ksi. Cubea saa kolmea eri korkeutta, v\u00e4ri- ja materiaalivaihtoehtoja on runsaasti.","og_url":"https:\/\/kaani.net\/en\/tuotteet\/cube-jakkara\/cube-jakkara-ja-penkki\/","og_site_name":"Kaani","article_modified_time":"2025-11-13T12:11:33+00:00","og_image":[{"width":1024,"height":1024,"url":"https:\/\/kaani.net\/wp-content\/uploads\/2022\/01\/Cube-jakkara.png","type":"image\/png"}],"twitter_misc":{"Est. reading time":"1 minute"},"schema":{"@context":"https:\/\/schema.org","@graph":[{"@type":"WebPage","@id":"https:\/\/kaani.net\/tuotteet\/cube-jakkara\/cube-jakkara-ja-penkki\/","url":"https:\/\/kaani.net\/tuotteet\/cube-jakkara\/cube-jakkara-ja-penkki\/","name":"Cube jakkara, penkki ja rahi - Kaani","isPartOf":{"@id":"https:\/\/kaani.net\/#website"},"primaryImageOfPage":{"@id":"https:\/\/kaani.net\/tuotteet\/cube-jakkara\/cube-jakkara-ja-penkki\/#primaryimage"},"image":{"@id":"https:\/\/kaani.net\/tuotteet\/cube-jakkara\/cube-jakkara-ja-penkki\/#primaryimage"},"thumbnailUrl":"https:\/\/kaani.net\/wp-content\/uploads\/2022\/01\/Cube-jakkara.png","datePublished":"2022-01-18T10:27:30+00:00","dateModified":"2025-11-13T12:11:33+00:00","description":"Cube jakkara on k\u00e4tev\u00e4 lis\u00e4istuimeksi, rahiksi tai sohvap\u00f6yd\u00e4ksi. Cubea saa kolmea eri korkeutta, v\u00e4ri- ja materiaalivaihtoehtoja on runsaasti.","breadcrumb":{"@id":"https:\/\/kaani.net\/tuotteet\/cube-jakkara\/cube-jakkara-ja-penkki\/#breadcrumb"},"inLanguage":"en-US","potentialAction":[{"@type":"ReadAction","target":["https:\/\/kaani.net\/tuotteet\/cube-jakkara\/cube-jakkara-ja-penkki\/"]}]},{"@type":"ImageObject","inLanguage":"en-US","@id":"https:\/\/kaani.net\/tuotteet\/cube-jakkara\/cube-jakkara-ja-penkki\/#primaryimage","url":"https:\/\/kaani.net\/wp-content\/uploads\/2022\/01\/Cube-jakkara.png","contentUrl":"https:\/\/kaani.net\/wp-content\/uploads\/2022\/01\/Cube-jakkara.png","width":1024,"height":1024,"caption":"Cube jakkara sinisella nahalla."},{"@type":"BreadcrumbList","@id":"https:\/\/kaani.net\/tuotteet\/cube-jakkara\/cube-jakkara-ja-penkki\/#breadcrumb","itemListElement":[{"@type":"ListItem","position":1,"name":"Etusivu","item":"https:\/\/kaani.net\/"},{"@type":"ListItem","position":2,"name":"Tuotteet","item":"https:\/\/kaani.net\/tuotteet\/"},{"@type":"ListItem","position":3,"name":"Cube jakkara, penkki ja rahi"}]},{"@type":"WebSite","@id":"https:\/\/kaani.net\/#website","url":"https:\/\/kaani.net\/","name":"Kaani","description":"See the future!","publisher":{"@id":"https:\/\/kaani.net\/#organization"},"potentialAction":[{"@type":"SearchAction","target":{"@type":"EntryPoint","urlTemplate":"https:\/\/kaani.net\/?s={search_term_string}"},"query-input":{"@type":"PropertyValueSpecification","valueRequired":true,"valueName":"search_term_string"}}],"inLanguage":"en-US"},{"@type":"Organization","@id":"https:\/\/kaani.net\/#organization","name":"Kaani","url":"https:\/\/kaani.net\/","logo":{"@type":"ImageObject","inLanguage":"en-US","@id":"https:\/\/kaani.net\/#\/schema\/logo\/image\/","url":"https:\/\/kaani.net\/wp-content\/uploads\/2017\/09\/cropped-123_kaani_logoS-2-1.jpg","contentUrl":"https:\/\/kaani.net\/wp-content\/uploads\/2017\/09\/cropped-123_kaani_logoS-2-1.jpg","width":184,"height":80,"caption":"Kaani"},"image":{"@id":"https:\/\/kaani.net\/#\/schema\/logo\/image\/"}}]}},"_links":{"self":[{"href":"https:\/\/kaani.net\/en\/wp-json\/wp\/v2\/product\/6676","targetHints":{"allow":["GET"]}}],"collection":[{"href":"https:\/\/kaani.net\/en\/wp-json\/wp\/v2\/product"}],"about":[{"href":"https:\/\/kaani.net\/en\/wp-json\/wp\/v2\/types\/product"}],"wp:featuredmedia":[{"embeddable":true,"href":"https:\/\/kaani.net\/en\/wp-json\/wp\/v2\/media\/15131"}],"wp:attachment":[{"href":"https:\/\/kaani.net\/en\/wp-json\/wp\/v2\/media?parent=6676"}],"wp:term":[{"taxonomy":"product_brand","embeddable":true,"href":"https:\/\/kaani.net\/en\/wp-json\/wp\/v2\/product_brand?post=6676"},{"taxonomy":"product_cat","embeddable":true,"href":"https:\/\/kaani.net\/en\/wp-json\/wp\/v2\/product_cat?post=6676"},{"taxonomy":"product_tag","embeddable":true,"href":"https:\/\/kaani.net\/en\/wp-json\/wp\/v2\/product_tag?post=6676"}],"curies":[{"name":"wp","href":"https:\/\/api.w.org\/{rel}","templated":true}]}}