{"id":6842,"date":"2022-11-09T13:10:10","date_gmt":"2022-11-09T11:10:10","guid":{"rendered":"https:\/\/kaani.net\/?post_type=product&#038;p=6842"},"modified":"2026-02-25T14:32:51","modified_gmt":"2026-02-25T12:32:51","slug":"123verse-sivupoyta-vitriini-seinaankiinnityssarjalla","status":"publish","type":"product","link":"https:\/\/kaani.net\/en\/tuotteet\/123-tuoteperhe\/123verse-sivupoyta-vitriini-seinaankiinnityssarjalla\/","title":{"rendered":"123versE vitriini (sein\u00e4\u00e4nkiinnityssarjalla)"},"content":{"rendered":"<p><strong>123<\/strong><br \/>\n123 is Kaani's new and already very extensive product family. 123 products have a plain design and a clear Scandinavian line.<br \/>\nBy means of 123 products, you can create a fresh appearance for your home or office.<br \/>\nOnly the high-class raw materials are used in the production of 123 products.<\/p>","protected":false},"excerpt":{"rendered":"<p>123versE sivup\u00f6yt\u00e4 on skandinaavisen muotoilun herkk\u00e4 tyylin\u00e4yte.<\/p>\n<p>Sivup\u00f6yd\u00e4n voit kiinnitt\u00e4\u00e4 sein\u00e4lle joko TV-tasoksi tai vitriiniksi. Sis\u00e4ltyy piilokiinnitysj\u00e4rjestelm\u00e4, ei n\u00e4kyvi\u00e4 ruuveja.<\/p>\n<p>Kaikissa pituuksissa sis\u00e4tila on v\u00e4lisein\u00e4ll\u00e4 jaettu kahteen osaan ja liukuovia on kaksi kappaletta. Liukuovet voivat olla kirkasta lasia tai maitolasia. Voit my\u00f6s valita yhden puu- ja toisen lasiliukuoven. Taustaan saat halutessasi esim. py\u00f6re\u00e4n noin 7cm rei\u00e4n veloituksetta. Ilmoita siit\u00e4 meille erikseen s\u00e4hk\u00f6postilla tai puhelimitse.<\/p>\n<p>Materiaalina tuttuun tapaan laadukkaimmat mahdolliset eli koivuvaneri ja erikoispaksu viilu. N\u00e4iss\u00e4 materiaaleissa ovat parhaat puolet!<\/p>\n<p><strong>Mitat:<\/strong> 28cm syvyys \/ 35cm tason korkeus<\/p>\n<p><strong>Pituudet:<\/strong> 134cm \/ 177cm \/ 220cm<\/p>\n<p>&nbsp;<\/p>\n<p><span class=\"x193iq5w xeuugli x13faqbe x1vvkbs x1xmvt09 x1lliihq x1s928wv xhkezso x1gmr53x x1cpjm7i x1fgarty x1943h6x xudqn12 x3x7a5m x6prxxf xvq8zen xo1l8bm xzsf02u\" dir=\"auto\">Muistathan my\u00f6s mahdollisuuden tilata tuotteet erikoismitoilla ja -materiaaleilla.<\/span><\/p>\n<p><strong><a href=\"https:\/\/kaani.net\/en\/materiaalit\/\">Materiaalit t\u00e4st\u00e4<\/a><\/strong><\/p>\n<p>Materiaali- ja v\u00e4rivaihtoehtoja Kaanilla on lukematon m\u00e4\u00e4r\u00e4. Siksi l\u00e4het\u00e4 tilauksesi\u00a0yhteydess\u00e4 meille s\u00e4hk\u00f6postiin (info@kaani.net) seuraavat tiedot:<\/p>\n<p><em>Ter\u00e4sosien v\u00e4ri \/\u00a0<\/em><em>Kankaan nimi ja v\u00e4ri \/\u00a0<\/em><em>Puuosien materiaali (koivu \/ tammi \/ maalattu) ja pintak\u00e4sittely.<\/em><\/p>","protected":false},"featured_media":15125,"template":"","meta":{"om_disable_all_campaigns":false,"_monsterinsights_skip_tracking":false,"_monsterinsights_sitenote_active":false,"_monsterinsights_sitenote_note":"","_monsterinsights_sitenote_category":0,"_uf_show_specific_survey":0,"_uf_disable_surveys":false},"product_brand":[],"product_cat":[727,109],"product_tag":[110,212,895,224,713,717],"class_list":{"0":"post-6842","1":"product","2":"type-product","3":"status-publish","4":"has-post-thumbnail","6":"product_cat-sailytyskalusteet-fi","7":"product_cat-123-tuoteperhe","8":"product_tag-110","9":"product_tag-kaani","10":"product_tag-sailytyskaluste","11":"product_tag-sivupoyta","12":"product_tag-tv-taso","13":"product_tag-vitriini","15":"first","16":"instock","17":"taxable","18":"shipping-taxable","19":"purchasable","20":"product-type-variable","21":"has-default-attributes"},"yoast_head":"<!-- This site is optimized with the Yoast SEO plugin v26.7 - https:\/\/yoast.com\/wordpress\/plugins\/seo\/ -->\n<title>123versE vitriini (sein\u00e4\u00e4nkiinnityssarjalla) - Kaani<\/title>\n<meta name=\"description\" content=\"123 tuoteperhe muodostaa laajan ja laadukkaan kokonaisuuden kaappeja, laatikostoja ja tv-tasoja. K\u00e4yt\u00e4mme vain laadukkaimpia materiaaleja.\" \/>\n<meta name=\"robots\" content=\"index, follow, max-snippet:-1, max-image-preview:large, max-video-preview:-1\" \/>\n<link rel=\"canonical\" href=\"https:\/\/kaani.net\/en\/tuotteet\/123-tuoteperhe\/123verse-sivupoyta-vitriini-seinaankiinnityssarjalla\/\" \/>\n<meta property=\"og:locale\" content=\"en_US\" \/>\n<meta property=\"og:type\" content=\"article\" \/>\n<meta property=\"og:title\" content=\"123versE vitriini (sein\u00e4\u00e4nkiinnityssarjalla) - Kaani\" \/>\n<meta property=\"og:description\" content=\"123 tuoteperhe muodostaa laajan ja laadukkaan kokonaisuuden kaappeja, laatikostoja ja tv-tasoja. K\u00e4yt\u00e4mme vain laadukkaimpia materiaaleja.\" \/>\n<meta property=\"og:url\" content=\"https:\/\/kaani.net\/en\/tuotteet\/123-tuoteperhe\/123verse-sivupoyta-vitriini-seinaankiinnityssarjalla\/\" \/>\n<meta property=\"og:site_name\" content=\"Kaani\" \/>\n<meta property=\"article:modified_time\" content=\"2026-02-25T12:32:51+00:00\" \/>\n<meta property=\"og:image\" content=\"https:\/\/kaani.net\/wp-content\/uploads\/2022\/11\/123versE-vitriini_musta-vahaa.jpg\" \/>\n\t<meta property=\"og:image:width\" content=\"1024\" \/>\n\t<meta property=\"og:image:height\" content=\"1024\" \/>\n\t<meta property=\"og:image:type\" content=\"image\/jpeg\" \/>\n<meta name=\"twitter:label1\" content=\"Est. reading time\" \/>\n\t<meta name=\"twitter:data1\" content=\"1 minute\" \/>\n<script type=\"application\/ld+json\" class=\"yoast-schema-graph\">{\"@context\":\"https:\/\/schema.org\",\"@graph\":[{\"@type\":\"WebPage\",\"@id\":\"https:\/\/kaani.net\/tuotteet\/123-tuoteperhe\/123verse-sivupoyta-vitriini-seinaankiinnityssarjalla\/\",\"url\":\"https:\/\/kaani.net\/tuotteet\/123-tuoteperhe\/123verse-sivupoyta-vitriini-seinaankiinnityssarjalla\/\",\"name\":\"123versE vitriini (sein\u00e4\u00e4nkiinnityssarjalla) - Kaani\",\"isPartOf\":{\"@id\":\"https:\/\/kaani.net\/#website\"},\"primaryImageOfPage\":{\"@id\":\"https:\/\/kaani.net\/tuotteet\/123-tuoteperhe\/123verse-sivupoyta-vitriini-seinaankiinnityssarjalla\/#primaryimage\"},\"image\":{\"@id\":\"https:\/\/kaani.net\/tuotteet\/123-tuoteperhe\/123verse-sivupoyta-vitriini-seinaankiinnityssarjalla\/#primaryimage\"},\"thumbnailUrl\":\"https:\/\/kaani.net\/wp-content\/uploads\/2022\/11\/123versE-vitriini_musta-vahaa.jpg\",\"datePublished\":\"2022-11-09T11:10:10+00:00\",\"dateModified\":\"2026-02-25T12:32:51+00:00\",\"description\":\"123 tuoteperhe muodostaa laajan ja laadukkaan kokonaisuuden kaappeja, laatikostoja ja tv-tasoja. K\u00e4yt\u00e4mme vain laadukkaimpia materiaaleja.\",\"breadcrumb\":{\"@id\":\"https:\/\/kaani.net\/tuotteet\/123-tuoteperhe\/123verse-sivupoyta-vitriini-seinaankiinnityssarjalla\/#breadcrumb\"},\"inLanguage\":\"en-US\",\"potentialAction\":[{\"@type\":\"ReadAction\",\"target\":[\"https:\/\/kaani.net\/tuotteet\/123-tuoteperhe\/123verse-sivupoyta-vitriini-seinaankiinnityssarjalla\/\"]}]},{\"@type\":\"ImageObject\",\"inLanguage\":\"en-US\",\"@id\":\"https:\/\/kaani.net\/tuotteet\/123-tuoteperhe\/123verse-sivupoyta-vitriini-seinaankiinnityssarjalla\/#primaryimage\",\"url\":\"https:\/\/kaani.net\/wp-content\/uploads\/2022\/11\/123versE-vitriini_musta-vahaa.jpg\",\"contentUrl\":\"https:\/\/kaani.net\/wp-content\/uploads\/2022\/11\/123versE-vitriini_musta-vahaa.jpg\",\"width\":1024,\"height\":1024,\"caption\":\"123versE vitriini_musta vahaa\"},{\"@type\":\"BreadcrumbList\",\"@id\":\"https:\/\/kaani.net\/tuotteet\/123-tuoteperhe\/123verse-sivupoyta-vitriini-seinaankiinnityssarjalla\/#breadcrumb\",\"itemListElement\":[{\"@type\":\"ListItem\",\"position\":1,\"name\":\"Etusivu\",\"item\":\"https:\/\/kaani.net\/\"},{\"@type\":\"ListItem\",\"position\":2,\"name\":\"Tuotteet\",\"item\":\"https:\/\/kaani.net\/tuotteet\/\"},{\"@type\":\"ListItem\",\"position\":3,\"name\":\"123versE vitriini (sein\u00e4\u00e4nkiinnityssarjalla)\"}]},{\"@type\":\"WebSite\",\"@id\":\"https:\/\/kaani.net\/#website\",\"url\":\"https:\/\/kaani.net\/\",\"name\":\"Kaani\",\"description\":\"See the future!\",\"publisher\":{\"@id\":\"https:\/\/kaani.net\/#organization\"},\"potentialAction\":[{\"@type\":\"SearchAction\",\"target\":{\"@type\":\"EntryPoint\",\"urlTemplate\":\"https:\/\/kaani.net\/?s={search_term_string}\"},\"query-input\":{\"@type\":\"PropertyValueSpecification\",\"valueRequired\":true,\"valueName\":\"search_term_string\"}}],\"inLanguage\":\"en-US\"},{\"@type\":\"Organization\",\"@id\":\"https:\/\/kaani.net\/#organization\",\"name\":\"Kaani\",\"url\":\"https:\/\/kaani.net\/\",\"logo\":{\"@type\":\"ImageObject\",\"inLanguage\":\"en-US\",\"@id\":\"https:\/\/kaani.net\/#\/schema\/logo\/image\/\",\"url\":\"https:\/\/kaani.net\/wp-content\/uploads\/2017\/09\/cropped-123_kaani_logoS-2-1.jpg\",\"contentUrl\":\"https:\/\/kaani.net\/wp-content\/uploads\/2017\/09\/cropped-123_kaani_logoS-2-1.jpg\",\"width\":184,\"height\":80,\"caption\":\"Kaani\"},\"image\":{\"@id\":\"https:\/\/kaani.net\/#\/schema\/logo\/image\/\"}}]}<\/script>\n<!-- \/ Yoast SEO plugin. -->","yoast_head_json":{"title":"123versE vitriini (sein\u00e4\u00e4nkiinnityssarjalla) - Kaani","description":"123 tuoteperhe muodostaa laajan ja laadukkaan kokonaisuuden kaappeja, laatikostoja ja tv-tasoja. K\u00e4yt\u00e4mme vain laadukkaimpia materiaaleja.","robots":{"index":"index","follow":"follow","max-snippet":"max-snippet:-1","max-image-preview":"max-image-preview:large","max-video-preview":"max-video-preview:-1"},"canonical":"https:\/\/kaani.net\/en\/tuotteet\/123-tuoteperhe\/123verse-sivupoyta-vitriini-seinaankiinnityssarjalla\/","og_locale":"en_US","og_type":"article","og_title":"123versE vitriini (sein\u00e4\u00e4nkiinnityssarjalla) - Kaani","og_description":"123 tuoteperhe muodostaa laajan ja laadukkaan kokonaisuuden kaappeja, laatikostoja ja tv-tasoja. K\u00e4yt\u00e4mme vain laadukkaimpia materiaaleja.","og_url":"https:\/\/kaani.net\/en\/tuotteet\/123-tuoteperhe\/123verse-sivupoyta-vitriini-seinaankiinnityssarjalla\/","og_site_name":"Kaani","article_modified_time":"2026-02-25T12:32:51+00:00","og_image":[{"width":1024,"height":1024,"url":"https:\/\/kaani.net\/wp-content\/uploads\/2022\/11\/123versE-vitriini_musta-vahaa.jpg","type":"image\/jpeg"}],"twitter_misc":{"Est. reading time":"1 minute"},"schema":{"@context":"https:\/\/schema.org","@graph":[{"@type":"WebPage","@id":"https:\/\/kaani.net\/tuotteet\/123-tuoteperhe\/123verse-sivupoyta-vitriini-seinaankiinnityssarjalla\/","url":"https:\/\/kaani.net\/tuotteet\/123-tuoteperhe\/123verse-sivupoyta-vitriini-seinaankiinnityssarjalla\/","name":"123versE vitriini (sein\u00e4\u00e4nkiinnityssarjalla) - Kaani","isPartOf":{"@id":"https:\/\/kaani.net\/#website"},"primaryImageOfPage":{"@id":"https:\/\/kaani.net\/tuotteet\/123-tuoteperhe\/123verse-sivupoyta-vitriini-seinaankiinnityssarjalla\/#primaryimage"},"image":{"@id":"https:\/\/kaani.net\/tuotteet\/123-tuoteperhe\/123verse-sivupoyta-vitriini-seinaankiinnityssarjalla\/#primaryimage"},"thumbnailUrl":"https:\/\/kaani.net\/wp-content\/uploads\/2022\/11\/123versE-vitriini_musta-vahaa.jpg","datePublished":"2022-11-09T11:10:10+00:00","dateModified":"2026-02-25T12:32:51+00:00","description":"123 tuoteperhe muodostaa laajan ja laadukkaan kokonaisuuden kaappeja, laatikostoja ja tv-tasoja. K\u00e4yt\u00e4mme vain laadukkaimpia materiaaleja.","breadcrumb":{"@id":"https:\/\/kaani.net\/tuotteet\/123-tuoteperhe\/123verse-sivupoyta-vitriini-seinaankiinnityssarjalla\/#breadcrumb"},"inLanguage":"en-US","potentialAction":[{"@type":"ReadAction","target":["https:\/\/kaani.net\/tuotteet\/123-tuoteperhe\/123verse-sivupoyta-vitriini-seinaankiinnityssarjalla\/"]}]},{"@type":"ImageObject","inLanguage":"en-US","@id":"https:\/\/kaani.net\/tuotteet\/123-tuoteperhe\/123verse-sivupoyta-vitriini-seinaankiinnityssarjalla\/#primaryimage","url":"https:\/\/kaani.net\/wp-content\/uploads\/2022\/11\/123versE-vitriini_musta-vahaa.jpg","contentUrl":"https:\/\/kaani.net\/wp-content\/uploads\/2022\/11\/123versE-vitriini_musta-vahaa.jpg","width":1024,"height":1024,"caption":"123versE vitriini_musta vahaa"},{"@type":"BreadcrumbList","@id":"https:\/\/kaani.net\/tuotteet\/123-tuoteperhe\/123verse-sivupoyta-vitriini-seinaankiinnityssarjalla\/#breadcrumb","itemListElement":[{"@type":"ListItem","position":1,"name":"Etusivu","item":"https:\/\/kaani.net\/"},{"@type":"ListItem","position":2,"name":"Tuotteet","item":"https:\/\/kaani.net\/tuotteet\/"},{"@type":"ListItem","position":3,"name":"123versE vitriini (sein\u00e4\u00e4nkiinnityssarjalla)"}]},{"@type":"WebSite","@id":"https:\/\/kaani.net\/#website","url":"https:\/\/kaani.net\/","name":"Kaani","description":"See the future!","publisher":{"@id":"https:\/\/kaani.net\/#organization"},"potentialAction":[{"@type":"SearchAction","target":{"@type":"EntryPoint","urlTemplate":"https:\/\/kaani.net\/?s={search_term_string}"},"query-input":{"@type":"PropertyValueSpecification","valueRequired":true,"valueName":"search_term_string"}}],"inLanguage":"en-US"},{"@type":"Organization","@id":"https:\/\/kaani.net\/#organization","name":"Kaani","url":"https:\/\/kaani.net\/","logo":{"@type":"ImageObject","inLanguage":"en-US","@id":"https:\/\/kaani.net\/#\/schema\/logo\/image\/","url":"https:\/\/kaani.net\/wp-content\/uploads\/2017\/09\/cropped-123_kaani_logoS-2-1.jpg","contentUrl":"https:\/\/kaani.net\/wp-content\/uploads\/2017\/09\/cropped-123_kaani_logoS-2-1.jpg","width":184,"height":80,"caption":"Kaani"},"image":{"@id":"https:\/\/kaani.net\/#\/schema\/logo\/image\/"}}]}},"_links":{"self":[{"href":"https:\/\/kaani.net\/en\/wp-json\/wp\/v2\/product\/6842","targetHints":{"allow":["GET"]}}],"collection":[{"href":"https:\/\/kaani.net\/en\/wp-json\/wp\/v2\/product"}],"about":[{"href":"https:\/\/kaani.net\/en\/wp-json\/wp\/v2\/types\/product"}],"wp:featuredmedia":[{"embeddable":true,"href":"https:\/\/kaani.net\/en\/wp-json\/wp\/v2\/media\/15125"}],"wp:attachment":[{"href":"https:\/\/kaani.net\/en\/wp-json\/wp\/v2\/media?parent=6842"}],"wp:term":[{"taxonomy":"product_brand","embeddable":true,"href":"https:\/\/kaani.net\/en\/wp-json\/wp\/v2\/product_brand?post=6842"},{"taxonomy":"product_cat","embeddable":true,"href":"https:\/\/kaani.net\/en\/wp-json\/wp\/v2\/product_cat?post=6842"},{"taxonomy":"product_tag","embeddable":true,"href":"https:\/\/kaani.net\/en\/wp-json\/wp\/v2\/product_tag?post=6842"}],"curies":[{"name":"wp","href":"https:\/\/api.w.org\/{rel}","templated":true}]}}