{"id":7567,"date":"2022-11-09T15:59:56","date_gmt":"2022-11-09T13:59:56","guid":{"rendered":"https:\/\/kaani.net\/?post_type=product&#038;p=7567"},"modified":"2026-03-13T20:52:30","modified_gmt":"2026-03-13T18:52:30","slug":"kaiken-sivupoyta-liukuovilla-ja-puujaloilla","status":"publish","type":"product","link":"https:\/\/kaani.net\/en\/tuotteet\/kaiken\/kaiken-sivupoyta-liukuovilla-ja-puujaloilla\/","title":{"rendered":"KAiken side table with sliding doors and wooden legs"},"content":{"rendered":"<div class=\"vc_row wpb_row vc_row-fluid\"><div class=\"wpb_column vc_column_container vc_col-sm-12\"><div class=\"vc_column-inner\"><div class=\"wpb_wrapper\">\n\t<div class=\"wpb_text_column wpb_content_element\" >\n\t\t<div class=\"wpb_wrapper\">\n\t\t\t<p>KAiken side table collection is stylish, and a clear choice for entertainment\u2019s equipment.<\/p>\n<p>KAiken ilme on kevyen raikas ja tukevuus tuotteissa on ainutlaatuinen.<\/p>\n\n\t\t<\/div>\n\t<\/div>\n<\/div><\/div><\/div><\/div>","protected":false},"excerpt":{"rendered":"<p>KAiken side table collection is stylish, and a clear choice for entertainment\u2019s equipment.<br \/>\nLiukuovien taakse piilotat laitteet ja samalla suojaat niit\u00e4 p\u00f6lylt\u00e4. Liukuovet voivat olla kirkasta lasia tai maitolasia. Liukuoviin voit materiaaliksi valita my\u00f6s puun. Taustaan saat halutessasi esim. py\u00f6re\u00e4n noin 7cm rei\u00e4n veloituksetta. Ilmoita siit\u00e4 meille erikseen s\u00e4hk\u00f6postilla tai puhelimitse.<\/p>\n<p>KAiken muodostaa laajan kokonaisuuden kaappeja, laatikostoja ja TV-tasoja.<\/p>\n<p>In all lengths, the interior space is divided into two parts by a division wall, and there are two sliding doors.<\/p>\n<p><strong>Material options:<\/strong><br \/>\nTammi, koivu ja maalatut \u2013 kaikissa Kaanin v\u00e4rikartan v\u00e4reiss\u00e4.<\/p>\n<p><strong>Mitat:<\/strong> 43cm syvyys \/ 53cm korkeus \/ 18cm jalan korkeus<\/p>\n<p><strong>Pituudet:<\/strong>\u00a0134cm \/ 177cm\u00a0 \/ 220cm<\/p>\n<p>&nbsp;<\/p>\n<p><span class=\"x193iq5w xeuugli x13faqbe x1vvkbs x1xmvt09 x1lliihq x1s928wv xhkezso x1gmr53x x1cpjm7i x1fgarty x1943h6x xudqn12 x3x7a5m x6prxxf xvq8zen xo1l8bm xzsf02u\" dir=\"auto\">Muistathan my\u00f6s mahdollisuuden tilata tuotteet erikoismitoilla ja -materiaaleilla.<\/span><\/p>\n<p><strong><a href=\"https:\/\/kaani.net\/en\/materiaalit\/\">Materiaalit t\u00e4st\u00e4<\/a><\/strong><\/p>\n<p>Materiaali- ja v\u00e4rivaihtoehtoja Kaanilla on lukematon m\u00e4\u00e4r\u00e4. Siksi l\u00e4het\u00e4 tilauksesi\u00a0yhteydess\u00e4 meille s\u00e4hk\u00f6postiin (info@kaani.net) seuraavat tiedot:<\/p>\n<p><em>Ter\u00e4sosien v\u00e4ri \/\u00a0<\/em><em>Kankaan nimi ja v\u00e4ri \/\u00a0<\/em><em>Puuosien materiaali (koivu \/ tammi \/ maalattu) ja pintak\u00e4sittely.<\/em><\/p>","protected":false},"featured_media":3736,"template":"","meta":{"om_disable_all_campaigns":false,"_monsterinsights_skip_tracking":false,"_monsterinsights_sitenote_active":false,"_monsterinsights_sitenote_note":"","_monsterinsights_sitenote_category":0,"_uf_show_specific_survey":0,"_uf_disable_surveys":false},"product_brand":[],"product_cat":[727,586],"product_tag":[212,802,895,224,214,713],"class_list":{"0":"post-7567","1":"product","2":"type-product","3":"status-publish","4":"has-post-thumbnail","6":"product_cat-sailytyskalusteet-fi","7":"product_cat-kaiken","8":"product_tag-kaani","9":"product_tag-kaiken","10":"product_tag-sailytyskaluste","11":"product_tag-sivupoyta","12":"product_tag-taso","13":"product_tag-tv-taso","15":"first","16":"instock","17":"taxable","18":"shipping-taxable","19":"purchasable","20":"product-type-variable","21":"has-default-attributes"},"yoast_head":"<!-- This site is optimized with the Yoast SEO plugin v26.7 - https:\/\/yoast.com\/wordpress\/plugins\/seo\/ -->\n<title>KAiken sivup\u00f6yt\u00e4 liukuovilla ja puujaloilla - Kaani<\/title>\n<meta name=\"description\" content=\"KAiken sivup\u00f6yt\u00e4 on tyylik\u00e4s ja selke\u00e4 valinta viihdekeskuksen laitteille. Liukuovien avulla piilotat laitteet ja suojaat samalla niit\u00e4 p\u00f6lylt\u00e4.\" \/>\n<meta name=\"robots\" content=\"index, follow, max-snippet:-1, max-image-preview:large, max-video-preview:-1\" \/>\n<link rel=\"canonical\" href=\"https:\/\/kaani.net\/en\/tuotteet\/kaiken\/kaiken-sivupoyta-liukuovilla-ja-puujaloilla\/\" \/>\n<meta property=\"og:locale\" content=\"en_US\" \/>\n<meta property=\"og:type\" content=\"article\" \/>\n<meta property=\"og:title\" content=\"KAiken sivup\u00f6yt\u00e4 liukuovilla ja puujaloilla - Kaani\" \/>\n<meta property=\"og:description\" content=\"KAiken sivup\u00f6yt\u00e4 on tyylik\u00e4s ja selke\u00e4 valinta viihdekeskuksen laitteille. Liukuovien avulla piilotat laitteet ja suojaat samalla niit\u00e4 p\u00f6lylt\u00e4.\" \/>\n<meta property=\"og:url\" content=\"https:\/\/kaani.net\/en\/tuotteet\/kaiken\/kaiken-sivupoyta-liukuovilla-ja-puujaloilla\/\" \/>\n<meta property=\"og:site_name\" content=\"Kaani\" \/>\n<meta property=\"article:modified_time\" content=\"2026-03-13T18:52:30+00:00\" \/>\n<meta property=\"og:image\" content=\"https:\/\/kaani.net\/wp-content\/uploads\/2017\/09\/Sivup\u00f6yt\u00e4_O9A8387_puujalat2_1000.jpg\" \/>\n\t<meta property=\"og:image:width\" content=\"1000\" \/>\n\t<meta property=\"og:image:height\" content=\"1000\" \/>\n\t<meta property=\"og:image:type\" content=\"image\/jpeg\" \/>\n<meta name=\"twitter:label1\" content=\"Est. reading time\" \/>\n\t<meta name=\"twitter:data1\" content=\"1 minute\" \/>\n<script type=\"application\/ld+json\" class=\"yoast-schema-graph\">{\"@context\":\"https:\/\/schema.org\",\"@graph\":[{\"@type\":\"WebPage\",\"@id\":\"https:\/\/kaani.net\/tuotteet\/kaiken\/kaiken-sivupoyta-liukuovilla-ja-puujaloilla\/\",\"url\":\"https:\/\/kaani.net\/tuotteet\/kaiken\/kaiken-sivupoyta-liukuovilla-ja-puujaloilla\/\",\"name\":\"KAiken sivup\u00f6yt\u00e4 liukuovilla ja puujaloilla - Kaani\",\"isPartOf\":{\"@id\":\"https:\/\/kaani.net\/#website\"},\"primaryImageOfPage\":{\"@id\":\"https:\/\/kaani.net\/tuotteet\/kaiken\/kaiken-sivupoyta-liukuovilla-ja-puujaloilla\/#primaryimage\"},\"image\":{\"@id\":\"https:\/\/kaani.net\/tuotteet\/kaiken\/kaiken-sivupoyta-liukuovilla-ja-puujaloilla\/#primaryimage\"},\"thumbnailUrl\":\"https:\/\/kaani.net\/wp-content\/uploads\/2017\/09\/Sivup\u00f6yt\u00e4_O9A8387_puujalat2_1000.jpg\",\"datePublished\":\"2022-11-09T13:59:56+00:00\",\"dateModified\":\"2026-03-13T18:52:30+00:00\",\"description\":\"KAiken sivup\u00f6yt\u00e4 on tyylik\u00e4s ja selke\u00e4 valinta viihdekeskuksen laitteille. Liukuovien avulla piilotat laitteet ja suojaat samalla niit\u00e4 p\u00f6lylt\u00e4.\",\"breadcrumb\":{\"@id\":\"https:\/\/kaani.net\/tuotteet\/kaiken\/kaiken-sivupoyta-liukuovilla-ja-puujaloilla\/#breadcrumb\"},\"inLanguage\":\"en-US\",\"potentialAction\":[{\"@type\":\"ReadAction\",\"target\":[\"https:\/\/kaani.net\/tuotteet\/kaiken\/kaiken-sivupoyta-liukuovilla-ja-puujaloilla\/\"]}]},{\"@type\":\"ImageObject\",\"inLanguage\":\"en-US\",\"@id\":\"https:\/\/kaani.net\/tuotteet\/kaiken\/kaiken-sivupoyta-liukuovilla-ja-puujaloilla\/#primaryimage\",\"url\":\"https:\/\/kaani.net\/wp-content\/uploads\/2017\/09\/Sivup\u00f6yt\u00e4_O9A8387_puujalat2_1000.jpg\",\"contentUrl\":\"https:\/\/kaani.net\/wp-content\/uploads\/2017\/09\/Sivup\u00f6yt\u00e4_O9A8387_puujalat2_1000.jpg\",\"width\":1000,\"height\":1000},{\"@type\":\"BreadcrumbList\",\"@id\":\"https:\/\/kaani.net\/tuotteet\/kaiken\/kaiken-sivupoyta-liukuovilla-ja-puujaloilla\/#breadcrumb\",\"itemListElement\":[{\"@type\":\"ListItem\",\"position\":1,\"name\":\"Etusivu\",\"item\":\"https:\/\/kaani.net\/\"},{\"@type\":\"ListItem\",\"position\":2,\"name\":\"Tuotteet\",\"item\":\"https:\/\/kaani.net\/tuotteet\/\"},{\"@type\":\"ListItem\",\"position\":3,\"name\":\"KAiken sivup\u00f6yt\u00e4 liukuovilla ja puujaloilla\"}]},{\"@type\":\"WebSite\",\"@id\":\"https:\/\/kaani.net\/#website\",\"url\":\"https:\/\/kaani.net\/\",\"name\":\"Kaani\",\"description\":\"See the future!\",\"publisher\":{\"@id\":\"https:\/\/kaani.net\/#organization\"},\"potentialAction\":[{\"@type\":\"SearchAction\",\"target\":{\"@type\":\"EntryPoint\",\"urlTemplate\":\"https:\/\/kaani.net\/?s={search_term_string}\"},\"query-input\":{\"@type\":\"PropertyValueSpecification\",\"valueRequired\":true,\"valueName\":\"search_term_string\"}}],\"inLanguage\":\"en-US\"},{\"@type\":\"Organization\",\"@id\":\"https:\/\/kaani.net\/#organization\",\"name\":\"Kaani\",\"url\":\"https:\/\/kaani.net\/\",\"logo\":{\"@type\":\"ImageObject\",\"inLanguage\":\"en-US\",\"@id\":\"https:\/\/kaani.net\/#\/schema\/logo\/image\/\",\"url\":\"https:\/\/kaani.net\/wp-content\/uploads\/2017\/09\/cropped-123_kaani_logoS-2-1.jpg\",\"contentUrl\":\"https:\/\/kaani.net\/wp-content\/uploads\/2017\/09\/cropped-123_kaani_logoS-2-1.jpg\",\"width\":184,\"height\":80,\"caption\":\"Kaani\"},\"image\":{\"@id\":\"https:\/\/kaani.net\/#\/schema\/logo\/image\/\"}}]}<\/script>\n<!-- \/ Yoast SEO plugin. -->","yoast_head_json":{"title":"KAiken sivup\u00f6yt\u00e4 liukuovilla ja puujaloilla - Kaani","description":"KAiken sivup\u00f6yt\u00e4 on tyylik\u00e4s ja selke\u00e4 valinta viihdekeskuksen laitteille. Liukuovien avulla piilotat laitteet ja suojaat samalla niit\u00e4 p\u00f6lylt\u00e4.","robots":{"index":"index","follow":"follow","max-snippet":"max-snippet:-1","max-image-preview":"max-image-preview:large","max-video-preview":"max-video-preview:-1"},"canonical":"https:\/\/kaani.net\/en\/tuotteet\/kaiken\/kaiken-sivupoyta-liukuovilla-ja-puujaloilla\/","og_locale":"en_US","og_type":"article","og_title":"KAiken sivup\u00f6yt\u00e4 liukuovilla ja puujaloilla - Kaani","og_description":"KAiken sivup\u00f6yt\u00e4 on tyylik\u00e4s ja selke\u00e4 valinta viihdekeskuksen laitteille. Liukuovien avulla piilotat laitteet ja suojaat samalla niit\u00e4 p\u00f6lylt\u00e4.","og_url":"https:\/\/kaani.net\/en\/tuotteet\/kaiken\/kaiken-sivupoyta-liukuovilla-ja-puujaloilla\/","og_site_name":"Kaani","article_modified_time":"2026-03-13T18:52:30+00:00","og_image":[{"width":1000,"height":1000,"url":"https:\/\/kaani.net\/wp-content\/uploads\/2017\/09\/Sivup\u00f6yt\u00e4_O9A8387_puujalat2_1000.jpg","type":"image\/jpeg"}],"twitter_misc":{"Est. reading time":"1 minute"},"schema":{"@context":"https:\/\/schema.org","@graph":[{"@type":"WebPage","@id":"https:\/\/kaani.net\/tuotteet\/kaiken\/kaiken-sivupoyta-liukuovilla-ja-puujaloilla\/","url":"https:\/\/kaani.net\/tuotteet\/kaiken\/kaiken-sivupoyta-liukuovilla-ja-puujaloilla\/","name":"KAiken sivup\u00f6yt\u00e4 liukuovilla ja puujaloilla - Kaani","isPartOf":{"@id":"https:\/\/kaani.net\/#website"},"primaryImageOfPage":{"@id":"https:\/\/kaani.net\/tuotteet\/kaiken\/kaiken-sivupoyta-liukuovilla-ja-puujaloilla\/#primaryimage"},"image":{"@id":"https:\/\/kaani.net\/tuotteet\/kaiken\/kaiken-sivupoyta-liukuovilla-ja-puujaloilla\/#primaryimage"},"thumbnailUrl":"https:\/\/kaani.net\/wp-content\/uploads\/2017\/09\/Sivup\u00f6yt\u00e4_O9A8387_puujalat2_1000.jpg","datePublished":"2022-11-09T13:59:56+00:00","dateModified":"2026-03-13T18:52:30+00:00","description":"KAiken sivup\u00f6yt\u00e4 on tyylik\u00e4s ja selke\u00e4 valinta viihdekeskuksen laitteille. Liukuovien avulla piilotat laitteet ja suojaat samalla niit\u00e4 p\u00f6lylt\u00e4.","breadcrumb":{"@id":"https:\/\/kaani.net\/tuotteet\/kaiken\/kaiken-sivupoyta-liukuovilla-ja-puujaloilla\/#breadcrumb"},"inLanguage":"en-US","potentialAction":[{"@type":"ReadAction","target":["https:\/\/kaani.net\/tuotteet\/kaiken\/kaiken-sivupoyta-liukuovilla-ja-puujaloilla\/"]}]},{"@type":"ImageObject","inLanguage":"en-US","@id":"https:\/\/kaani.net\/tuotteet\/kaiken\/kaiken-sivupoyta-liukuovilla-ja-puujaloilla\/#primaryimage","url":"https:\/\/kaani.net\/wp-content\/uploads\/2017\/09\/Sivup\u00f6yt\u00e4_O9A8387_puujalat2_1000.jpg","contentUrl":"https:\/\/kaani.net\/wp-content\/uploads\/2017\/09\/Sivup\u00f6yt\u00e4_O9A8387_puujalat2_1000.jpg","width":1000,"height":1000},{"@type":"BreadcrumbList","@id":"https:\/\/kaani.net\/tuotteet\/kaiken\/kaiken-sivupoyta-liukuovilla-ja-puujaloilla\/#breadcrumb","itemListElement":[{"@type":"ListItem","position":1,"name":"Etusivu","item":"https:\/\/kaani.net\/"},{"@type":"ListItem","position":2,"name":"Tuotteet","item":"https:\/\/kaani.net\/tuotteet\/"},{"@type":"ListItem","position":3,"name":"KAiken sivup\u00f6yt\u00e4 liukuovilla ja puujaloilla"}]},{"@type":"WebSite","@id":"https:\/\/kaani.net\/#website","url":"https:\/\/kaani.net\/","name":"Kaani","description":"See the future!","publisher":{"@id":"https:\/\/kaani.net\/#organization"},"potentialAction":[{"@type":"SearchAction","target":{"@type":"EntryPoint","urlTemplate":"https:\/\/kaani.net\/?s={search_term_string}"},"query-input":{"@type":"PropertyValueSpecification","valueRequired":true,"valueName":"search_term_string"}}],"inLanguage":"en-US"},{"@type":"Organization","@id":"https:\/\/kaani.net\/#organization","name":"Kaani","url":"https:\/\/kaani.net\/","logo":{"@type":"ImageObject","inLanguage":"en-US","@id":"https:\/\/kaani.net\/#\/schema\/logo\/image\/","url":"https:\/\/kaani.net\/wp-content\/uploads\/2017\/09\/cropped-123_kaani_logoS-2-1.jpg","contentUrl":"https:\/\/kaani.net\/wp-content\/uploads\/2017\/09\/cropped-123_kaani_logoS-2-1.jpg","width":184,"height":80,"caption":"Kaani"},"image":{"@id":"https:\/\/kaani.net\/#\/schema\/logo\/image\/"}}]}},"_links":{"self":[{"href":"https:\/\/kaani.net\/en\/wp-json\/wp\/v2\/product\/7567","targetHints":{"allow":["GET"]}}],"collection":[{"href":"https:\/\/kaani.net\/en\/wp-json\/wp\/v2\/product"}],"about":[{"href":"https:\/\/kaani.net\/en\/wp-json\/wp\/v2\/types\/product"}],"wp:featuredmedia":[{"embeddable":true,"href":"https:\/\/kaani.net\/en\/wp-json\/wp\/v2\/media\/3736"}],"wp:attachment":[{"href":"https:\/\/kaani.net\/en\/wp-json\/wp\/v2\/media?parent=7567"}],"wp:term":[{"taxonomy":"product_brand","embeddable":true,"href":"https:\/\/kaani.net\/en\/wp-json\/wp\/v2\/product_brand?post=7567"},{"taxonomy":"product_cat","embeddable":true,"href":"https:\/\/kaani.net\/en\/wp-json\/wp\/v2\/product_cat?post=7567"},{"taxonomy":"product_tag","embeddable":true,"href":"https:\/\/kaani.net\/en\/wp-json\/wp\/v2\/product_tag?post=7567"}],"curies":[{"name":"wp","href":"https:\/\/api.w.org\/{rel}","templated":true}]}}