{"id":8585,"date":"2022-12-07T12:50:04","date_gmt":"2022-12-07T10:50:04","guid":{"rendered":"https:\/\/kaani.net\/?post_type=product&#038;p=8585"},"modified":"2026-03-13T20:31:50","modified_gmt":"2026-03-13T18:31:50","slug":"kaiken-kaappi-saranaovilla-teras-ja-puujaloilla","status":"publish","type":"product","link":"https:\/\/kaani.net\/en\/tuotteet\/kaiken\/kaiken-kaappi-saranaovilla-teras-ja-puujaloilla\/","title":{"rendered":"KAiken kaappi saranaovilla, ter\u00e4s- ja puujalat"},"content":{"rendered":"<div class=\"vc_row wpb_row vc_row-fluid\"><div class=\"wpb_column vc_column_container vc_col-sm-12\"><div class=\"vc_column-inner\"><div class=\"wpb_wrapper\">\n\t<div class=\"wpb_text_column wpb_content_element\" >\n\t\t<div class=\"wpb_wrapper\">\n\t\t\t<p>KAiken kaapit kaikkiin s\u00e4ilytystarpeisiin. Kaapit saranaovilla ja ponnahdusalvoilla. Sein\u00e4\u00e4nkiinnitysversio on my\u00f6s saatavilla. Jalat: ter\u00e4s- ja puujalat.<\/p>\n\n\t\t<\/div>\n\t<\/div>\n<\/div><\/div><\/div><\/div>","protected":false},"excerpt":{"rendered":"<p>KAiken kaappi kaikkeen s\u00e4ilytystarpeeseen. Kaapit saranaovilla ja ponnahdusalvoilla. Oven tilalle voi my\u00f6s valita laatikot (3 ltk. p\u00e4\u00e4llekk\u00e4in). OVH hintaan lis\u00e4t\u00e4\u00e4n 403,-\/laatikostorivi.<\/p>\n<p>KAiken kaapit ja sivup\u00f6yd\u00e4t ovat saatavilla my\u00f6s sein\u00e4\u00e4nkiinnityssarjalla. Sein\u00e4\u00e4nkiinnitysversion hinta on sama kuin jalallisen version.<\/p>\n<p><strong>Rungon materiaalit<\/strong>: tammi, koivu tai maalatut \u2013 kaikissa Kaanin v\u00e4rikartan s\u00e4vyiss\u00e4.<\/p>\n<p><strong>Mitat:<\/strong> 43cm syvyys \/ 73cm korkeus<\/p>\n<p><strong>Pituudet:<\/strong> 134cm &#8211; 3 ovea \/ 177cm &#8211; 4 ovea \/ 220cm &#8211; 5 ovea<\/p>\n<p>&nbsp;<\/p>\n<p>Muistathan my\u00f6s mahdollisuuden tilata tuotteet erikoismitoilla ja -materiaaleilla.<\/p>\n<p><a href=\"https:\/\/kaani.net\/en\/materiaalit\/\"><strong>Materiaalit t\u00e4st\u00e4<\/strong><\/a><\/p>\n<p>Materiaali- ja v\u00e4rivaihtoehtoja Kaanilla on lukematon m\u00e4\u00e4r\u00e4. Siksi l\u00e4het\u00e4 tilauksesi\u00a0yhteydess\u00e4 meille s\u00e4hk\u00f6postiin (info@kaani.net) seuraavat tiedot:<\/p>\n<p><em>Ter\u00e4sosien v\u00e4ri \/ <\/em><em>Kankaan nimi ja v\u00e4ri \/ <\/em><em>Puuosien materiaali (koivu \/ tammi \/ maalattu) ja pintak\u00e4sittely.<\/em><\/p>\n<p>&nbsp;<\/p>\n<p>&nbsp;<\/p>\n<p>&nbsp;<\/p>","protected":false},"featured_media":15236,"template":"","meta":{"om_disable_all_campaigns":false,"_monsterinsights_skip_tracking":false,"_monsterinsights_sitenote_active":false,"_monsterinsights_sitenote_note":"","_monsterinsights_sitenote_category":0,"_uf_show_specific_survey":0,"_uf_disable_surveys":false},"product_brand":[],"product_cat":[727,586],"product_tag":[212,804,802,894,895,865,214],"class_list":{"0":"post-8585","1":"product","2":"type-product","3":"status-publish","4":"has-post-thumbnail","6":"product_cat-sailytyskalusteet-fi","7":"product_cat-kaiken","8":"product_tag-kaani","9":"product_tag-kaappi","10":"product_tag-kaiken","11":"product_tag-kaiken-kaappi","12":"product_tag-sailytyskaluste","13":"product_tag-senkki","14":"product_tag-taso","16":"first","17":"instock","18":"taxable","19":"shipping-taxable","20":"purchasable","21":"product-type-variable","22":"has-default-attributes"},"yoast_head":"<!-- This site is optimized with the Yoast SEO plugin v26.7 - https:\/\/yoast.com\/wordpress\/plugins\/seo\/ -->\n<title>KAiken kaappi saranaovilla, ter\u00e4s- ja puujalat - Kaani<\/title>\n<meta name=\"description\" content=\"KAiken kaapit kaikkiin s\u00e4ilytystarpeisiin. Kaapit saranaovilla ja ponnahdusalvoilla. Sein\u00e4\u00e4nkiinnitysversio on my\u00f6s saatavilla. Jalat: Ter\u00e4s- ja puujalat.\" \/>\n<meta name=\"robots\" content=\"index, follow, max-snippet:-1, max-image-preview:large, max-video-preview:-1\" \/>\n<link rel=\"canonical\" href=\"https:\/\/kaani.net\/en\/tuotteet\/kaiken\/kaiken-kaappi-saranaovilla-teras-ja-puujaloilla\/\" \/>\n<meta property=\"og:locale\" content=\"en_US\" \/>\n<meta property=\"og:type\" content=\"article\" \/>\n<meta property=\"og:title\" content=\"KAiken kaappi saranaovilla, ter\u00e4s- ja puujalat - Kaani\" \/>\n<meta property=\"og:description\" content=\"KAiken kaapit kaikkiin s\u00e4ilytystarpeisiin. Kaapit saranaovilla ja ponnahdusalvoilla. Sein\u00e4\u00e4nkiinnitysversio on my\u00f6s saatavilla. Jalat: Ter\u00e4s- ja puujalat.\" \/>\n<meta property=\"og:url\" content=\"https:\/\/kaani.net\/en\/tuotteet\/kaiken\/kaiken-kaappi-saranaovilla-teras-ja-puujaloilla\/\" \/>\n<meta property=\"og:site_name\" content=\"Kaani\" \/>\n<meta property=\"article:modified_time\" content=\"2026-03-13T18:31:50+00:00\" \/>\n<meta property=\"og:image\" content=\"https:\/\/kaani.net\/wp-content\/uploads\/2022\/12\/KAiken-kaappi-saranaovilla-ja-puujaloilla-valk.-maali.png\" \/>\n\t<meta property=\"og:image:width\" content=\"1024\" \/>\n\t<meta property=\"og:image:height\" content=\"1024\" \/>\n\t<meta property=\"og:image:type\" content=\"image\/png\" \/>\n<meta name=\"twitter:label1\" content=\"Est. reading time\" \/>\n\t<meta name=\"twitter:data1\" content=\"1 minute\" \/>\n<script type=\"application\/ld+json\" class=\"yoast-schema-graph\">{\"@context\":\"https:\/\/schema.org\",\"@graph\":[{\"@type\":\"WebPage\",\"@id\":\"https:\/\/kaani.net\/tuotteet\/kaiken\/kaiken-kaappi-saranaovilla-teras-ja-puujaloilla\/\",\"url\":\"https:\/\/kaani.net\/tuotteet\/kaiken\/kaiken-kaappi-saranaovilla-teras-ja-puujaloilla\/\",\"name\":\"KAiken kaappi saranaovilla, ter\u00e4s- ja puujalat - Kaani\",\"isPartOf\":{\"@id\":\"https:\/\/kaani.net\/#website\"},\"primaryImageOfPage\":{\"@id\":\"https:\/\/kaani.net\/tuotteet\/kaiken\/kaiken-kaappi-saranaovilla-teras-ja-puujaloilla\/#primaryimage\"},\"image\":{\"@id\":\"https:\/\/kaani.net\/tuotteet\/kaiken\/kaiken-kaappi-saranaovilla-teras-ja-puujaloilla\/#primaryimage\"},\"thumbnailUrl\":\"https:\/\/kaani.net\/wp-content\/uploads\/2022\/12\/KAiken-kaappi-saranaovilla-ja-puujaloilla-valk.-maali.png\",\"datePublished\":\"2022-12-07T10:50:04+00:00\",\"dateModified\":\"2026-03-13T18:31:50+00:00\",\"description\":\"KAiken kaapit kaikkiin s\u00e4ilytystarpeisiin. Kaapit saranaovilla ja ponnahdusalvoilla. Sein\u00e4\u00e4nkiinnitysversio on my\u00f6s saatavilla. Jalat: Ter\u00e4s- ja puujalat.\",\"breadcrumb\":{\"@id\":\"https:\/\/kaani.net\/tuotteet\/kaiken\/kaiken-kaappi-saranaovilla-teras-ja-puujaloilla\/#breadcrumb\"},\"inLanguage\":\"en-US\",\"potentialAction\":[{\"@type\":\"ReadAction\",\"target\":[\"https:\/\/kaani.net\/tuotteet\/kaiken\/kaiken-kaappi-saranaovilla-teras-ja-puujaloilla\/\"]}]},{\"@type\":\"ImageObject\",\"inLanguage\":\"en-US\",\"@id\":\"https:\/\/kaani.net\/tuotteet\/kaiken\/kaiken-kaappi-saranaovilla-teras-ja-puujaloilla\/#primaryimage\",\"url\":\"https:\/\/kaani.net\/wp-content\/uploads\/2022\/12\/KAiken-kaappi-saranaovilla-ja-puujaloilla-valk.-maali.png\",\"contentUrl\":\"https:\/\/kaani.net\/wp-content\/uploads\/2022\/12\/KAiken-kaappi-saranaovilla-ja-puujaloilla-valk.-maali.png\",\"width\":1024,\"height\":1024,\"caption\":\"KAiken kaappi\"},{\"@type\":\"BreadcrumbList\",\"@id\":\"https:\/\/kaani.net\/tuotteet\/kaiken\/kaiken-kaappi-saranaovilla-teras-ja-puujaloilla\/#breadcrumb\",\"itemListElement\":[{\"@type\":\"ListItem\",\"position\":1,\"name\":\"Etusivu\",\"item\":\"https:\/\/kaani.net\/\"},{\"@type\":\"ListItem\",\"position\":2,\"name\":\"Tuotteet\",\"item\":\"https:\/\/kaani.net\/tuotteet\/\"},{\"@type\":\"ListItem\",\"position\":3,\"name\":\"KAiken kaappi saranaovilla, ter\u00e4s- ja puujalat\"}]},{\"@type\":\"WebSite\",\"@id\":\"https:\/\/kaani.net\/#website\",\"url\":\"https:\/\/kaani.net\/\",\"name\":\"Kaani\",\"description\":\"See the future!\",\"publisher\":{\"@id\":\"https:\/\/kaani.net\/#organization\"},\"potentialAction\":[{\"@type\":\"SearchAction\",\"target\":{\"@type\":\"EntryPoint\",\"urlTemplate\":\"https:\/\/kaani.net\/?s={search_term_string}\"},\"query-input\":{\"@type\":\"PropertyValueSpecification\",\"valueRequired\":true,\"valueName\":\"search_term_string\"}}],\"inLanguage\":\"en-US\"},{\"@type\":\"Organization\",\"@id\":\"https:\/\/kaani.net\/#organization\",\"name\":\"Kaani\",\"url\":\"https:\/\/kaani.net\/\",\"logo\":{\"@type\":\"ImageObject\",\"inLanguage\":\"en-US\",\"@id\":\"https:\/\/kaani.net\/#\/schema\/logo\/image\/\",\"url\":\"https:\/\/kaani.net\/wp-content\/uploads\/2017\/09\/cropped-123_kaani_logoS-2-1.jpg\",\"contentUrl\":\"https:\/\/kaani.net\/wp-content\/uploads\/2017\/09\/cropped-123_kaani_logoS-2-1.jpg\",\"width\":184,\"height\":80,\"caption\":\"Kaani\"},\"image\":{\"@id\":\"https:\/\/kaani.net\/#\/schema\/logo\/image\/\"}}]}<\/script>\n<!-- \/ Yoast SEO plugin. -->","yoast_head_json":{"title":"KAiken kaappi saranaovilla, ter\u00e4s- ja puujalat - Kaani","description":"KAiken kaapit kaikkiin s\u00e4ilytystarpeisiin. Kaapit saranaovilla ja ponnahdusalvoilla. Sein\u00e4\u00e4nkiinnitysversio on my\u00f6s saatavilla. Jalat: Ter\u00e4s- ja puujalat.","robots":{"index":"index","follow":"follow","max-snippet":"max-snippet:-1","max-image-preview":"max-image-preview:large","max-video-preview":"max-video-preview:-1"},"canonical":"https:\/\/kaani.net\/en\/tuotteet\/kaiken\/kaiken-kaappi-saranaovilla-teras-ja-puujaloilla\/","og_locale":"en_US","og_type":"article","og_title":"KAiken kaappi saranaovilla, ter\u00e4s- ja puujalat - Kaani","og_description":"KAiken kaapit kaikkiin s\u00e4ilytystarpeisiin. Kaapit saranaovilla ja ponnahdusalvoilla. Sein\u00e4\u00e4nkiinnitysversio on my\u00f6s saatavilla. Jalat: Ter\u00e4s- ja puujalat.","og_url":"https:\/\/kaani.net\/en\/tuotteet\/kaiken\/kaiken-kaappi-saranaovilla-teras-ja-puujaloilla\/","og_site_name":"Kaani","article_modified_time":"2026-03-13T18:31:50+00:00","og_image":[{"width":1024,"height":1024,"url":"https:\/\/kaani.net\/wp-content\/uploads\/2022\/12\/KAiken-kaappi-saranaovilla-ja-puujaloilla-valk.-maali.png","type":"image\/png"}],"twitter_misc":{"Est. reading time":"1 minute"},"schema":{"@context":"https:\/\/schema.org","@graph":[{"@type":"WebPage","@id":"https:\/\/kaani.net\/tuotteet\/kaiken\/kaiken-kaappi-saranaovilla-teras-ja-puujaloilla\/","url":"https:\/\/kaani.net\/tuotteet\/kaiken\/kaiken-kaappi-saranaovilla-teras-ja-puujaloilla\/","name":"KAiken kaappi saranaovilla, ter\u00e4s- ja puujalat - Kaani","isPartOf":{"@id":"https:\/\/kaani.net\/#website"},"primaryImageOfPage":{"@id":"https:\/\/kaani.net\/tuotteet\/kaiken\/kaiken-kaappi-saranaovilla-teras-ja-puujaloilla\/#primaryimage"},"image":{"@id":"https:\/\/kaani.net\/tuotteet\/kaiken\/kaiken-kaappi-saranaovilla-teras-ja-puujaloilla\/#primaryimage"},"thumbnailUrl":"https:\/\/kaani.net\/wp-content\/uploads\/2022\/12\/KAiken-kaappi-saranaovilla-ja-puujaloilla-valk.-maali.png","datePublished":"2022-12-07T10:50:04+00:00","dateModified":"2026-03-13T18:31:50+00:00","description":"KAiken kaapit kaikkiin s\u00e4ilytystarpeisiin. Kaapit saranaovilla ja ponnahdusalvoilla. Sein\u00e4\u00e4nkiinnitysversio on my\u00f6s saatavilla. Jalat: Ter\u00e4s- ja puujalat.","breadcrumb":{"@id":"https:\/\/kaani.net\/tuotteet\/kaiken\/kaiken-kaappi-saranaovilla-teras-ja-puujaloilla\/#breadcrumb"},"inLanguage":"en-US","potentialAction":[{"@type":"ReadAction","target":["https:\/\/kaani.net\/tuotteet\/kaiken\/kaiken-kaappi-saranaovilla-teras-ja-puujaloilla\/"]}]},{"@type":"ImageObject","inLanguage":"en-US","@id":"https:\/\/kaani.net\/tuotteet\/kaiken\/kaiken-kaappi-saranaovilla-teras-ja-puujaloilla\/#primaryimage","url":"https:\/\/kaani.net\/wp-content\/uploads\/2022\/12\/KAiken-kaappi-saranaovilla-ja-puujaloilla-valk.-maali.png","contentUrl":"https:\/\/kaani.net\/wp-content\/uploads\/2022\/12\/KAiken-kaappi-saranaovilla-ja-puujaloilla-valk.-maali.png","width":1024,"height":1024,"caption":"KAiken kaappi"},{"@type":"BreadcrumbList","@id":"https:\/\/kaani.net\/tuotteet\/kaiken\/kaiken-kaappi-saranaovilla-teras-ja-puujaloilla\/#breadcrumb","itemListElement":[{"@type":"ListItem","position":1,"name":"Etusivu","item":"https:\/\/kaani.net\/"},{"@type":"ListItem","position":2,"name":"Tuotteet","item":"https:\/\/kaani.net\/tuotteet\/"},{"@type":"ListItem","position":3,"name":"KAiken kaappi saranaovilla, ter\u00e4s- ja puujalat"}]},{"@type":"WebSite","@id":"https:\/\/kaani.net\/#website","url":"https:\/\/kaani.net\/","name":"Kaani","description":"See the future!","publisher":{"@id":"https:\/\/kaani.net\/#organization"},"potentialAction":[{"@type":"SearchAction","target":{"@type":"EntryPoint","urlTemplate":"https:\/\/kaani.net\/?s={search_term_string}"},"query-input":{"@type":"PropertyValueSpecification","valueRequired":true,"valueName":"search_term_string"}}],"inLanguage":"en-US"},{"@type":"Organization","@id":"https:\/\/kaani.net\/#organization","name":"Kaani","url":"https:\/\/kaani.net\/","logo":{"@type":"ImageObject","inLanguage":"en-US","@id":"https:\/\/kaani.net\/#\/schema\/logo\/image\/","url":"https:\/\/kaani.net\/wp-content\/uploads\/2017\/09\/cropped-123_kaani_logoS-2-1.jpg","contentUrl":"https:\/\/kaani.net\/wp-content\/uploads\/2017\/09\/cropped-123_kaani_logoS-2-1.jpg","width":184,"height":80,"caption":"Kaani"},"image":{"@id":"https:\/\/kaani.net\/#\/schema\/logo\/image\/"}}]}},"_links":{"self":[{"href":"https:\/\/kaani.net\/en\/wp-json\/wp\/v2\/product\/8585","targetHints":{"allow":["GET"]}}],"collection":[{"href":"https:\/\/kaani.net\/en\/wp-json\/wp\/v2\/product"}],"about":[{"href":"https:\/\/kaani.net\/en\/wp-json\/wp\/v2\/types\/product"}],"wp:featuredmedia":[{"embeddable":true,"href":"https:\/\/kaani.net\/en\/wp-json\/wp\/v2\/media\/15236"}],"wp:attachment":[{"href":"https:\/\/kaani.net\/en\/wp-json\/wp\/v2\/media?parent=8585"}],"wp:term":[{"taxonomy":"product_brand","embeddable":true,"href":"https:\/\/kaani.net\/en\/wp-json\/wp\/v2\/product_brand?post=8585"},{"taxonomy":"product_cat","embeddable":true,"href":"https:\/\/kaani.net\/en\/wp-json\/wp\/v2\/product_cat?post=8585"},{"taxonomy":"product_tag","embeddable":true,"href":"https:\/\/kaani.net\/en\/wp-json\/wp\/v2\/product_tag?post=8585"}],"curies":[{"name":"wp","href":"https:\/\/api.w.org\/{rel}","templated":true}]}}