{"id":8670,"date":"2022-12-10T11:58:23","date_gmt":"2022-12-10T09:58:23","guid":{"rendered":"https:\/\/kaani.net\/?post_type=product&#038;p=8670"},"modified":"2026-01-02T17:26:34","modified_gmt":"2026-01-02T15:26:34","slug":"123verse-sivupoyta-tv-taso-tammi-sivupoyta-sailytyskaluste","status":"publish","type":"product","link":"https:\/\/kaani.net\/en\/tuotteet\/123-tuoteperhe\/123verse-sivupoyta-tv-taso-tammi-sivupoyta-sailytyskaluste\/","title":{"rendered":"123versE sivup\u00f6yt\u00e4, puu- tai ter\u00e4sjalat"},"content":{"rendered":"<p><strong>123<\/strong><br \/>\n123 is Kaani's new and already very extensive product family. 123 products have a plain design and a clear Scandinavian line.<br \/>\nBy means of 123 products, you can create a fresh appearance for your home or office.<br \/>\nOnly the high-class raw materials are used in the production of 123 products.<\/p>","protected":false},"excerpt":{"rendered":"<p>123versE sivup\u00f6yt\u00e4 on skandinaavisen muotoilun herkk\u00e4 tyylin\u00e4yte. Sivup\u00f6yd\u00e4ss\u00e4 on aina kaksi liukuovea. Voit my\u00f6s valita yhden puu- ja toisen lasiliukuoven. Taustaan saat halutessasi esim. py\u00f6re\u00e4n noin 7cm rei\u00e4n veloituksetta. Ilmoita siit\u00e4 meille erikseen s\u00e4hk\u00f6postilla tai puhelimitse. Kaikissa pituuksissa sis\u00e4tila on v\u00e4lisein\u00e4ll\u00e4 jaettu kahteen osaan.<br \/>\nThese materials have the best sides!<\/p>\n<p>123versE sivup\u00f6yd\u00e4t ovat saatavilla my\u00f6s sein\u00e4\u00e4nkiinnityssarjalla. Sein\u00e4\u00e4n kiinnitett\u00e4v\u00e4n sivup\u00f6yd\u00e4n hinta on sama kuin jalallisen version.<\/p>\n<p>123versE muodostaa laajan kokonaisuuden kaappeja, laatikostoja ja TV-tasoja. Materiaalina tuttuun tapaan laadukkaimmat mahdolliset eli koivuvaneri ja erikoispaksu viilu. N\u00e4m\u00e4 materiaalit eiv\u00e4t el\u00e4 eiv\u00e4tk\u00e4 halkeile kuten massiivipuu eiv\u00e4tk\u00e4 toisaalta ole yht\u00e4 herkki\u00e4 vaurioitumaan kuten tavanomainen viilutuote.<\/p>\n<p>123 puutuotteissa puu on aina l\u00e4sn\u00e4. Kauniit syykuviot el\u00e4v\u00f6itt\u00e4v\u00e4t tuotteen pintaa, ja vanerin ryhdik\u00e4s reuna antaa sille kehykset. Kaunis sormiloviliitosrivi antaa n\u00e4ytteen puusep\u00e4n ammatttaidosta. 123 tuotteiden ilme on kevyen raikas. Silti tukevuus tuotteissa on ainutlaatuinen.<\/p>\n<p><strong>Material options:<\/strong><br \/>\nTammi, koivu ja maalatut &#8211; kaikissa Kaanin v\u00e4rikartan v\u00e4reiss\u00e4.<\/p>\n<p><strong>Mitat:\u00a0<\/strong>43cm syvyys \/ 53cm korkeus \/ 18cm jalan korkeus<\/p>\n<p><strong>Pituudet:<\/strong> 134cm \/ 177cm \/ 220cm<\/p>\n<p><strong>Ovet:\u00a0<\/strong>kirkas-, maitolasi tai puu<\/p>\n<p>&nbsp;<\/p>\n<p><span class=\"x193iq5w xeuugli x13faqbe x1vvkbs x1xmvt09 x1lliihq x1s928wv xhkezso x1gmr53x x1cpjm7i x1fgarty x1943h6x xudqn12 x3x7a5m x6prxxf xvq8zen xo1l8bm xzsf02u\" dir=\"auto\">Muistathan my\u00f6s mahdollisuuden tilata tuotteet erikoismitoilla ja -materiaaleilla.<\/span><\/p>\n<p><strong><a href=\"https:\/\/kaani.net\/en\/materiaalit\/\">Materiaalit t\u00e4st\u00e4<\/a><\/strong><\/p>\n<p>Materiaali- ja v\u00e4rivaihtoehtoja Kaanilla on lukematon m\u00e4\u00e4r\u00e4. Siksi l\u00e4het\u00e4 tilauksesi\u00a0yhteydess\u00e4 meille s\u00e4hk\u00f6postiin (info@kaani.net) seuraavat tiedot:<\/p>\n<p><em>Ter\u00e4sosien v\u00e4ri \/\u00a0<\/em><em>Kankaan nimi ja v\u00e4ri \/\u00a0<\/em><em>Puuosien materiaali (koivu \/ tammi \/ maalattu) ja pintak\u00e4sittely.<\/em><\/p>","protected":false},"featured_media":8699,"template":"","meta":{"om_disable_all_campaigns":false,"_monsterinsights_skip_tracking":false,"_monsterinsights_sitenote_active":false,"_monsterinsights_sitenote_note":"","_monsterinsights_sitenote_category":0,"_uf_show_specific_survey":0,"_uf_disable_surveys":false},"product_brand":[],"product_cat":[727,109],"product_tag":[110,212,895,224,713],"class_list":{"0":"post-8670","1":"product","2":"type-product","3":"status-publish","4":"has-post-thumbnail","6":"product_cat-sailytyskalusteet-fi","7":"product_cat-123-tuoteperhe","8":"product_tag-110","9":"product_tag-kaani","10":"product_tag-sailytyskaluste","11":"product_tag-sivupoyta","12":"product_tag-tv-taso","14":"first","15":"instock","16":"taxable","17":"shipping-taxable","18":"purchasable","19":"product-type-variable","20":"has-default-attributes"},"yoast_head":"<!-- This site is optimized with the Yoast SEO plugin v26.7 - https:\/\/yoast.com\/wordpress\/plugins\/seo\/ -->\n<title>123versE sivup\u00f6yt\u00e4, puu- tai ter\u00e4sjalat - Kaani<\/title>\n<meta name=\"description\" content=\"123 tuoteperhe muodostaa laajan ja laadukkaan kokonaisuuden kaappeja, p\u00f6yti\u00e4, laatikostoja ja TV-tasoja. K\u00e4yt\u00e4mme vain laadukkaimpia materiaaleja.\" \/>\n<meta name=\"robots\" content=\"index, follow, max-snippet:-1, max-image-preview:large, max-video-preview:-1\" \/>\n<link rel=\"canonical\" href=\"https:\/\/kaani.net\/en\/tuotteet\/123-tuoteperhe\/123verse-sivupoyta-tv-taso-tammi-sivupoyta-sailytyskaluste\/\" \/>\n<meta property=\"og:locale\" content=\"en_US\" \/>\n<meta property=\"og:type\" content=\"article\" \/>\n<meta property=\"og:title\" content=\"123versE sivup\u00f6yt\u00e4, puu- tai ter\u00e4sjalat - Kaani\" \/>\n<meta property=\"og:description\" content=\"123 tuoteperhe muodostaa laajan ja laadukkaan kokonaisuuden kaappeja, p\u00f6yti\u00e4, laatikostoja ja TV-tasoja. K\u00e4yt\u00e4mme vain laadukkaimpia materiaaleja.\" \/>\n<meta property=\"og:url\" content=\"https:\/\/kaani.net\/en\/tuotteet\/123-tuoteperhe\/123verse-sivupoyta-tv-taso-tammi-sivupoyta-sailytyskaluste\/\" \/>\n<meta property=\"og:site_name\" content=\"Kaani\" \/>\n<meta property=\"article:modified_time\" content=\"2026-01-02T15:26:34+00:00\" \/>\n<meta property=\"og:image\" content=\"https:\/\/kaani.net\/wp-content\/uploads\/2022\/12\/Sivupoyta_liukuovilla_O9A2495_500-2.jpg\" \/>\n\t<meta property=\"og:image:width\" content=\"500\" \/>\n\t<meta property=\"og:image:height\" content=\"500\" \/>\n\t<meta property=\"og:image:type\" content=\"image\/jpeg\" \/>\n<meta name=\"twitter:label1\" content=\"Est. reading time\" \/>\n\t<meta name=\"twitter:data1\" content=\"1 minute\" \/>\n<script type=\"application\/ld+json\" class=\"yoast-schema-graph\">{\"@context\":\"https:\/\/schema.org\",\"@graph\":[{\"@type\":\"WebPage\",\"@id\":\"https:\/\/kaani.net\/tuotteet\/123-tuoteperhe\/123verse-sivupoyta-tv-taso-tammi-sivupoyta-sailytyskaluste\/\",\"url\":\"https:\/\/kaani.net\/tuotteet\/123-tuoteperhe\/123verse-sivupoyta-tv-taso-tammi-sivupoyta-sailytyskaluste\/\",\"name\":\"123versE sivup\u00f6yt\u00e4, puu- tai ter\u00e4sjalat - Kaani\",\"isPartOf\":{\"@id\":\"https:\/\/kaani.net\/#website\"},\"primaryImageOfPage\":{\"@id\":\"https:\/\/kaani.net\/tuotteet\/123-tuoteperhe\/123verse-sivupoyta-tv-taso-tammi-sivupoyta-sailytyskaluste\/#primaryimage\"},\"image\":{\"@id\":\"https:\/\/kaani.net\/tuotteet\/123-tuoteperhe\/123verse-sivupoyta-tv-taso-tammi-sivupoyta-sailytyskaluste\/#primaryimage\"},\"thumbnailUrl\":\"https:\/\/kaani.net\/wp-content\/uploads\/2022\/12\/Sivupoyta_liukuovilla_O9A2495_500-2.jpg\",\"datePublished\":\"2022-12-10T09:58:23+00:00\",\"dateModified\":\"2026-01-02T15:26:34+00:00\",\"description\":\"123 tuoteperhe muodostaa laajan ja laadukkaan kokonaisuuden kaappeja, p\u00f6yti\u00e4, laatikostoja ja TV-tasoja. K\u00e4yt\u00e4mme vain laadukkaimpia materiaaleja.\",\"breadcrumb\":{\"@id\":\"https:\/\/kaani.net\/tuotteet\/123-tuoteperhe\/123verse-sivupoyta-tv-taso-tammi-sivupoyta-sailytyskaluste\/#breadcrumb\"},\"inLanguage\":\"en-US\",\"potentialAction\":[{\"@type\":\"ReadAction\",\"target\":[\"https:\/\/kaani.net\/tuotteet\/123-tuoteperhe\/123verse-sivupoyta-tv-taso-tammi-sivupoyta-sailytyskaluste\/\"]}]},{\"@type\":\"ImageObject\",\"inLanguage\":\"en-US\",\"@id\":\"https:\/\/kaani.net\/tuotteet\/123-tuoteperhe\/123verse-sivupoyta-tv-taso-tammi-sivupoyta-sailytyskaluste\/#primaryimage\",\"url\":\"https:\/\/kaani.net\/wp-content\/uploads\/2022\/12\/Sivupoyta_liukuovilla_O9A2495_500-2.jpg\",\"contentUrl\":\"https:\/\/kaani.net\/wp-content\/uploads\/2022\/12\/Sivupoyta_liukuovilla_O9A2495_500-2.jpg\",\"width\":500,\"height\":500},{\"@type\":\"BreadcrumbList\",\"@id\":\"https:\/\/kaani.net\/tuotteet\/123-tuoteperhe\/123verse-sivupoyta-tv-taso-tammi-sivupoyta-sailytyskaluste\/#breadcrumb\",\"itemListElement\":[{\"@type\":\"ListItem\",\"position\":1,\"name\":\"Etusivu\",\"item\":\"https:\/\/kaani.net\/\"},{\"@type\":\"ListItem\",\"position\":2,\"name\":\"Tuotteet\",\"item\":\"https:\/\/kaani.net\/tuotteet\/\"},{\"@type\":\"ListItem\",\"position\":3,\"name\":\"123versE sivup\u00f6yt\u00e4, puu- tai ter\u00e4sjalat\"}]},{\"@type\":\"WebSite\",\"@id\":\"https:\/\/kaani.net\/#website\",\"url\":\"https:\/\/kaani.net\/\",\"name\":\"Kaani\",\"description\":\"See the future!\",\"publisher\":{\"@id\":\"https:\/\/kaani.net\/#organization\"},\"potentialAction\":[{\"@type\":\"SearchAction\",\"target\":{\"@type\":\"EntryPoint\",\"urlTemplate\":\"https:\/\/kaani.net\/?s={search_term_string}\"},\"query-input\":{\"@type\":\"PropertyValueSpecification\",\"valueRequired\":true,\"valueName\":\"search_term_string\"}}],\"inLanguage\":\"en-US\"},{\"@type\":\"Organization\",\"@id\":\"https:\/\/kaani.net\/#organization\",\"name\":\"Kaani\",\"url\":\"https:\/\/kaani.net\/\",\"logo\":{\"@type\":\"ImageObject\",\"inLanguage\":\"en-US\",\"@id\":\"https:\/\/kaani.net\/#\/schema\/logo\/image\/\",\"url\":\"https:\/\/kaani.net\/wp-content\/uploads\/2017\/09\/cropped-123_kaani_logoS-2-1.jpg\",\"contentUrl\":\"https:\/\/kaani.net\/wp-content\/uploads\/2017\/09\/cropped-123_kaani_logoS-2-1.jpg\",\"width\":184,\"height\":80,\"caption\":\"Kaani\"},\"image\":{\"@id\":\"https:\/\/kaani.net\/#\/schema\/logo\/image\/\"}}]}<\/script>\n<!-- \/ Yoast SEO plugin. -->","yoast_head_json":{"title":"123versE sivup\u00f6yt\u00e4, puu- tai ter\u00e4sjalat - Kaani","description":"123 tuoteperhe muodostaa laajan ja laadukkaan kokonaisuuden kaappeja, p\u00f6yti\u00e4, laatikostoja ja TV-tasoja. K\u00e4yt\u00e4mme vain laadukkaimpia materiaaleja.","robots":{"index":"index","follow":"follow","max-snippet":"max-snippet:-1","max-image-preview":"max-image-preview:large","max-video-preview":"max-video-preview:-1"},"canonical":"https:\/\/kaani.net\/en\/tuotteet\/123-tuoteperhe\/123verse-sivupoyta-tv-taso-tammi-sivupoyta-sailytyskaluste\/","og_locale":"en_US","og_type":"article","og_title":"123versE sivup\u00f6yt\u00e4, puu- tai ter\u00e4sjalat - Kaani","og_description":"123 tuoteperhe muodostaa laajan ja laadukkaan kokonaisuuden kaappeja, p\u00f6yti\u00e4, laatikostoja ja TV-tasoja. K\u00e4yt\u00e4mme vain laadukkaimpia materiaaleja.","og_url":"https:\/\/kaani.net\/en\/tuotteet\/123-tuoteperhe\/123verse-sivupoyta-tv-taso-tammi-sivupoyta-sailytyskaluste\/","og_site_name":"Kaani","article_modified_time":"2026-01-02T15:26:34+00:00","og_image":[{"width":500,"height":500,"url":"https:\/\/kaani.net\/wp-content\/uploads\/2022\/12\/Sivupoyta_liukuovilla_O9A2495_500-2.jpg","type":"image\/jpeg"}],"twitter_misc":{"Est. reading time":"1 minute"},"schema":{"@context":"https:\/\/schema.org","@graph":[{"@type":"WebPage","@id":"https:\/\/kaani.net\/tuotteet\/123-tuoteperhe\/123verse-sivupoyta-tv-taso-tammi-sivupoyta-sailytyskaluste\/","url":"https:\/\/kaani.net\/tuotteet\/123-tuoteperhe\/123verse-sivupoyta-tv-taso-tammi-sivupoyta-sailytyskaluste\/","name":"123versE sivup\u00f6yt\u00e4, puu- tai ter\u00e4sjalat - Kaani","isPartOf":{"@id":"https:\/\/kaani.net\/#website"},"primaryImageOfPage":{"@id":"https:\/\/kaani.net\/tuotteet\/123-tuoteperhe\/123verse-sivupoyta-tv-taso-tammi-sivupoyta-sailytyskaluste\/#primaryimage"},"image":{"@id":"https:\/\/kaani.net\/tuotteet\/123-tuoteperhe\/123verse-sivupoyta-tv-taso-tammi-sivupoyta-sailytyskaluste\/#primaryimage"},"thumbnailUrl":"https:\/\/kaani.net\/wp-content\/uploads\/2022\/12\/Sivupoyta_liukuovilla_O9A2495_500-2.jpg","datePublished":"2022-12-10T09:58:23+00:00","dateModified":"2026-01-02T15:26:34+00:00","description":"123 tuoteperhe muodostaa laajan ja laadukkaan kokonaisuuden kaappeja, p\u00f6yti\u00e4, laatikostoja ja TV-tasoja. K\u00e4yt\u00e4mme vain laadukkaimpia materiaaleja.","breadcrumb":{"@id":"https:\/\/kaani.net\/tuotteet\/123-tuoteperhe\/123verse-sivupoyta-tv-taso-tammi-sivupoyta-sailytyskaluste\/#breadcrumb"},"inLanguage":"en-US","potentialAction":[{"@type":"ReadAction","target":["https:\/\/kaani.net\/tuotteet\/123-tuoteperhe\/123verse-sivupoyta-tv-taso-tammi-sivupoyta-sailytyskaluste\/"]}]},{"@type":"ImageObject","inLanguage":"en-US","@id":"https:\/\/kaani.net\/tuotteet\/123-tuoteperhe\/123verse-sivupoyta-tv-taso-tammi-sivupoyta-sailytyskaluste\/#primaryimage","url":"https:\/\/kaani.net\/wp-content\/uploads\/2022\/12\/Sivupoyta_liukuovilla_O9A2495_500-2.jpg","contentUrl":"https:\/\/kaani.net\/wp-content\/uploads\/2022\/12\/Sivupoyta_liukuovilla_O9A2495_500-2.jpg","width":500,"height":500},{"@type":"BreadcrumbList","@id":"https:\/\/kaani.net\/tuotteet\/123-tuoteperhe\/123verse-sivupoyta-tv-taso-tammi-sivupoyta-sailytyskaluste\/#breadcrumb","itemListElement":[{"@type":"ListItem","position":1,"name":"Etusivu","item":"https:\/\/kaani.net\/"},{"@type":"ListItem","position":2,"name":"Tuotteet","item":"https:\/\/kaani.net\/tuotteet\/"},{"@type":"ListItem","position":3,"name":"123versE sivup\u00f6yt\u00e4, puu- tai ter\u00e4sjalat"}]},{"@type":"WebSite","@id":"https:\/\/kaani.net\/#website","url":"https:\/\/kaani.net\/","name":"Kaani","description":"See the future!","publisher":{"@id":"https:\/\/kaani.net\/#organization"},"potentialAction":[{"@type":"SearchAction","target":{"@type":"EntryPoint","urlTemplate":"https:\/\/kaani.net\/?s={search_term_string}"},"query-input":{"@type":"PropertyValueSpecification","valueRequired":true,"valueName":"search_term_string"}}],"inLanguage":"en-US"},{"@type":"Organization","@id":"https:\/\/kaani.net\/#organization","name":"Kaani","url":"https:\/\/kaani.net\/","logo":{"@type":"ImageObject","inLanguage":"en-US","@id":"https:\/\/kaani.net\/#\/schema\/logo\/image\/","url":"https:\/\/kaani.net\/wp-content\/uploads\/2017\/09\/cropped-123_kaani_logoS-2-1.jpg","contentUrl":"https:\/\/kaani.net\/wp-content\/uploads\/2017\/09\/cropped-123_kaani_logoS-2-1.jpg","width":184,"height":80,"caption":"Kaani"},"image":{"@id":"https:\/\/kaani.net\/#\/schema\/logo\/image\/"}}]}},"_links":{"self":[{"href":"https:\/\/kaani.net\/en\/wp-json\/wp\/v2\/product\/8670","targetHints":{"allow":["GET"]}}],"collection":[{"href":"https:\/\/kaani.net\/en\/wp-json\/wp\/v2\/product"}],"about":[{"href":"https:\/\/kaani.net\/en\/wp-json\/wp\/v2\/types\/product"}],"wp:featuredmedia":[{"embeddable":true,"href":"https:\/\/kaani.net\/en\/wp-json\/wp\/v2\/media\/8699"}],"wp:attachment":[{"href":"https:\/\/kaani.net\/en\/wp-json\/wp\/v2\/media?parent=8670"}],"wp:term":[{"taxonomy":"product_brand","embeddable":true,"href":"https:\/\/kaani.net\/en\/wp-json\/wp\/v2\/product_brand?post=8670"},{"taxonomy":"product_cat","embeddable":true,"href":"https:\/\/kaani.net\/en\/wp-json\/wp\/v2\/product_cat?post=8670"},{"taxonomy":"product_tag","embeddable":true,"href":"https:\/\/kaani.net\/en\/wp-json\/wp\/v2\/product_tag?post=8670"}],"curies":[{"name":"wp","href":"https:\/\/api.w.org\/{rel}","templated":true}]}}