{"id":8752,"date":"2022-12-10T12:52:22","date_gmt":"2022-12-10T10:52:22","guid":{"rendered":"https:\/\/kaani.net\/?post_type=product&#038;p=8752"},"modified":"2026-04-23T13:49:56","modified_gmt":"2026-04-23T10:49:56","slug":"123versb-verhoiltu-lepotuoli-laippajalalla-kotimainen-design-tuoli","status":"publish","type":"product","link":"https:\/\/kaani.net\/en\/tuotteet\/123-tuoteperhe\/123versb-verhoiltu-lepotuoli-laippajalalla-kotimainen-design-tuoli\/","title":{"rendered":"123versB upholstered easy chair with flanged leg"},"content":{"rendered":"<div class=\"vc_row wpb_row vc_row-fluid\"><div class=\"wpb_column vc_column_container vc_col-sm-12\"><div class=\"vc_column-inner\"><div class=\"wpb_wrapper\">\n\t<div class=\"wpb_text_column wpb_content_element\" >\n\t\t<div class=\"wpb_wrapper\">\n\t\t\t<p>123versB lepotuoli tarjoaa skandinaavisen selke\u00e4\u00e4, jopa yll\u00e4tt\u00e4v\u00e4nkin pehme\u00e4\u00e4 mukavuutta. Sen kevyt ja kompakti muotoilu tekee siit\u00e4 t\u00e4ydellisen valinnan my\u00f6s pienempiin tiloihin.<\/p>\n<p>Laippajalan voit valita nelj\u00e4st\u00e4 tyylikk\u00e4\u00e4st\u00e4 maaliv\u00e4rist\u00e4, ja verhoilumateriaalien laaja valikoima antaa mahdollisuuden luoda juuri omaan sisustukseesi sopivan kokonaisuuden.<\/p>\n<p>123versB lepotuoli yhdist\u00e4\u00e4 k\u00e4yt\u00e4nn\u00f6llisyyden, kauneuden ja mukavuuden tavalla, joka kutsuu istumaan yh\u00e4 uudelleen.<\/p>\n\n\t\t<\/div>\n\t<\/div>\n<\/div><\/div><\/div><\/div>","protected":false},"excerpt":{"rendered":"<p><strong>123versB<\/strong><\/p>\n<p>123versB lepotuoli edustaa modernia, pelkistetty\u00e4 muotoilua parhaimmillaan. Sen selke\u00e4linjainen runko ja napakka istuin tarjoavat yll\u00e4tt\u00e4v\u00e4nkin mukavan istumakokemuksen, vaikka ilme on minimalistinen ja kevyt.<br data-start=\"274\" data-end=\"277\" \/>Py\u00f6re\u00e4 laippajalka tuo tuoliin ryhti\u00e4 ja antaa sille vakaan, laadukkaan olemuksen \u2013 t\u00e4ydellinen valinta niin olohuoneeseen, aulaan kuin ty\u00f6tilankin rentoon nurkkaukseen.<br data-start=\"446\" data-end=\"449\" \/>Raikkaan sininen verhoilu tuo sisustukseen energisen v\u00e4ripilkun, ja tuolin ajaton muoto tekee siit\u00e4 helposti yhdistelt\u00e4v\u00e4n erilaisten materiaalien ja tyylien kanssa. 123versB lepotuoli on siro, mutta vaikuttava design-elementti, joka kutsuu istahtamaan.<\/p>\n<p>Laippajalan voit valita nelj\u00e4st\u00e4 tyylikk\u00e4\u00e4st\u00e4 maaliv\u00e4rist\u00e4, ja verhoilumateriaalien laaja valikoima antaa mahdollisuuden luoda juuri omaan sisustukseesi sopivan kokonaisuuden.<\/p>\n<p><strong>123versB<\/strong> lepotuoli: 67cm syvyys \/ 52cm leveys \/ 43cm istuinkorkeus \/ 78cm kokonaiskorkeus<\/p>\n<p><a href=\"https:\/\/kaani.net\/en\/materiaalit\/\"><strong>Materiaalit t\u00e4st\u00e4<\/strong><\/a><\/p>\n<p>Materiaali- ja v\u00e4rivaihtoehtoja Kaanilla on lukematon m\u00e4\u00e4r\u00e4. Siksi l\u00e4het\u00e4 tilauksesi\u00a0yhteydess\u00e4 meille s\u00e4hk\u00f6postiin (info@kaani.net) seuraavat tiedot:<\/p>\n<p><em>Ter\u00e4sosien v\u00e4ri \/ <\/em><em>Kankaan nimi ja v\u00e4ri \/ <\/em><em>Puuosien materiaali (koivu \/ tammi \/ maalattu) ja pintak\u00e4sittely.<\/em><\/p>\n<p>&nbsp;<\/p>","protected":false},"featured_media":15178,"template":"","meta":{"om_disable_all_campaigns":false,"_monsterinsights_skip_tracking":false,"_monsterinsights_sitenote_active":false,"_monsterinsights_sitenote_note":"","_monsterinsights_sitenote_category":0,"_uf_show_specific_survey":0,"_uf_disable_surveys":false},"product_brand":[],"product_cat":[723,109],"product_tag":[110,212,789,111,823,219],"class_list":{"0":"post-8752","1":"product","2":"type-product","3":"status-publish","4":"has-post-thumbnail","6":"product_cat-lepotuolit-ja-sohvat","7":"product_cat-123-tuoteperhe","8":"product_tag-110","9":"product_tag-kaani","10":"product_tag-kotimainen-lepotuoli","11":"product_tag-lepotuoli","12":"product_tag-sohva-ja-lepotuoli","13":"product_tag-tuoli","15":"first","16":"instock","17":"taxable","18":"shipping-taxable","19":"purchasable","20":"product-type-variable","21":"has-default-attributes"},"yoast_head":"<!-- This site is optimized with the Yoast SEO plugin v26.7 - https:\/\/yoast.com\/wordpress\/plugins\/seo\/ -->\n<title>123versB verhoiltu lepotuoli laippajalalla - Kaani<\/title>\n<meta name=\"description\" content=\"123versB lepotuoli tarjoaa skandinaavisen selke\u00e4\u00e4, jopa yll\u00e4tt\u00e4v\u00e4nkin pehme\u00e4\u00e4 mukavuutta. Sen kevyt ja kompakti muotoilu tekee siit\u00e4 t\u00e4ydellisen valinnan my\u00f6s pienempiin tiloihin.\" \/>\n<meta name=\"robots\" content=\"index, follow, max-snippet:-1, max-image-preview:large, max-video-preview:-1\" \/>\n<link rel=\"canonical\" href=\"https:\/\/kaani.net\/en\/tuotteet\/123-tuoteperhe\/123versb-verhoiltu-lepotuoli-laippajalalla-kotimainen-design-tuoli\/\" \/>\n<meta property=\"og:locale\" content=\"en_US\" \/>\n<meta property=\"og:type\" content=\"article\" \/>\n<meta property=\"og:title\" content=\"123versB verhoiltu lepotuoli laippajalalla - Kaani\" \/>\n<meta property=\"og:description\" content=\"123versB lepotuoli tarjoaa skandinaavisen selke\u00e4\u00e4, jopa yll\u00e4tt\u00e4v\u00e4nkin pehme\u00e4\u00e4 mukavuutta. Sen kevyt ja kompakti muotoilu tekee siit\u00e4 t\u00e4ydellisen valinnan my\u00f6s pienempiin tiloihin.\" \/>\n<meta property=\"og:url\" content=\"https:\/\/kaani.net\/en\/tuotteet\/123-tuoteperhe\/123versb-verhoiltu-lepotuoli-laippajalalla-kotimainen-design-tuoli\/\" \/>\n<meta property=\"og:site_name\" content=\"Kaani\" \/>\n<meta property=\"article:modified_time\" content=\"2026-04-23T10:49:56+00:00\" \/>\n<meta property=\"og:image\" content=\"https:\/\/kaani.net\/wp-content\/uploads\/2022\/12\/123versB-verhoiltu-lepotuoli.png\" \/>\n\t<meta property=\"og:image:width\" content=\"1024\" \/>\n\t<meta property=\"og:image:height\" content=\"1024\" \/>\n\t<meta property=\"og:image:type\" content=\"image\/png\" \/>\n<meta name=\"twitter:label1\" content=\"Est. reading time\" \/>\n\t<meta name=\"twitter:data1\" content=\"1 minute\" \/>\n<script type=\"application\/ld+json\" class=\"yoast-schema-graph\">{\"@context\":\"https:\/\/schema.org\",\"@graph\":[{\"@type\":\"WebPage\",\"@id\":\"https:\/\/kaani.net\/tuotteet\/123-tuoteperhe\/123versb-verhoiltu-lepotuoli-laippajalalla-kotimainen-design-tuoli\/\",\"url\":\"https:\/\/kaani.net\/tuotteet\/123-tuoteperhe\/123versb-verhoiltu-lepotuoli-laippajalalla-kotimainen-design-tuoli\/\",\"name\":\"123versB verhoiltu lepotuoli laippajalalla - Kaani\",\"isPartOf\":{\"@id\":\"https:\/\/kaani.net\/#website\"},\"primaryImageOfPage\":{\"@id\":\"https:\/\/kaani.net\/tuotteet\/123-tuoteperhe\/123versb-verhoiltu-lepotuoli-laippajalalla-kotimainen-design-tuoli\/#primaryimage\"},\"image\":{\"@id\":\"https:\/\/kaani.net\/tuotteet\/123-tuoteperhe\/123versb-verhoiltu-lepotuoli-laippajalalla-kotimainen-design-tuoli\/#primaryimage\"},\"thumbnailUrl\":\"https:\/\/kaani.net\/wp-content\/uploads\/2022\/12\/123versB-verhoiltu-lepotuoli.png\",\"datePublished\":\"2022-12-10T10:52:22+00:00\",\"dateModified\":\"2026-04-23T10:49:56+00:00\",\"description\":\"123versB lepotuoli tarjoaa skandinaavisen selke\u00e4\u00e4, jopa yll\u00e4tt\u00e4v\u00e4nkin pehme\u00e4\u00e4 mukavuutta. Sen kevyt ja kompakti muotoilu tekee siit\u00e4 t\u00e4ydellisen valinnan my\u00f6s pienempiin tiloihin.\",\"breadcrumb\":{\"@id\":\"https:\/\/kaani.net\/tuotteet\/123-tuoteperhe\/123versb-verhoiltu-lepotuoli-laippajalalla-kotimainen-design-tuoli\/#breadcrumb\"},\"inLanguage\":\"en-US\",\"potentialAction\":[{\"@type\":\"ReadAction\",\"target\":[\"https:\/\/kaani.net\/tuotteet\/123-tuoteperhe\/123versb-verhoiltu-lepotuoli-laippajalalla-kotimainen-design-tuoli\/\"]}]},{\"@type\":\"ImageObject\",\"inLanguage\":\"en-US\",\"@id\":\"https:\/\/kaani.net\/tuotteet\/123-tuoteperhe\/123versb-verhoiltu-lepotuoli-laippajalalla-kotimainen-design-tuoli\/#primaryimage\",\"url\":\"https:\/\/kaani.net\/wp-content\/uploads\/2022\/12\/123versB-verhoiltu-lepotuoli.png\",\"contentUrl\":\"https:\/\/kaani.net\/wp-content\/uploads\/2022\/12\/123versB-verhoiltu-lepotuoli.png\",\"width\":1024,\"height\":1024},{\"@type\":\"BreadcrumbList\",\"@id\":\"https:\/\/kaani.net\/tuotteet\/123-tuoteperhe\/123versb-verhoiltu-lepotuoli-laippajalalla-kotimainen-design-tuoli\/#breadcrumb\",\"itemListElement\":[{\"@type\":\"ListItem\",\"position\":1,\"name\":\"Etusivu\",\"item\":\"https:\/\/kaani.net\/\"},{\"@type\":\"ListItem\",\"position\":2,\"name\":\"Tuotteet\",\"item\":\"https:\/\/kaani.net\/tuotteet\/\"},{\"@type\":\"ListItem\",\"position\":3,\"name\":\"123versB verhoiltu lepotuoli laippajalalla\"}]},{\"@type\":\"WebSite\",\"@id\":\"https:\/\/kaani.net\/#website\",\"url\":\"https:\/\/kaani.net\/\",\"name\":\"Kaani\",\"description\":\"See the future!\",\"publisher\":{\"@id\":\"https:\/\/kaani.net\/#organization\"},\"potentialAction\":[{\"@type\":\"SearchAction\",\"target\":{\"@type\":\"EntryPoint\",\"urlTemplate\":\"https:\/\/kaani.net\/?s={search_term_string}\"},\"query-input\":{\"@type\":\"PropertyValueSpecification\",\"valueRequired\":true,\"valueName\":\"search_term_string\"}}],\"inLanguage\":\"en-US\"},{\"@type\":\"Organization\",\"@id\":\"https:\/\/kaani.net\/#organization\",\"name\":\"Kaani\",\"url\":\"https:\/\/kaani.net\/\",\"logo\":{\"@type\":\"ImageObject\",\"inLanguage\":\"en-US\",\"@id\":\"https:\/\/kaani.net\/#\/schema\/logo\/image\/\",\"url\":\"https:\/\/kaani.net\/wp-content\/uploads\/2017\/09\/cropped-123_kaani_logoS-2-1.jpg\",\"contentUrl\":\"https:\/\/kaani.net\/wp-content\/uploads\/2017\/09\/cropped-123_kaani_logoS-2-1.jpg\",\"width\":184,\"height\":80,\"caption\":\"Kaani\"},\"image\":{\"@id\":\"https:\/\/kaani.net\/#\/schema\/logo\/image\/\"}}]}<\/script>\n<!-- \/ Yoast SEO plugin. -->","yoast_head_json":{"title":"123versB verhoiltu lepotuoli laippajalalla - Kaani","description":"123versB lepotuoli tarjoaa skandinaavisen selke\u00e4\u00e4, jopa yll\u00e4tt\u00e4v\u00e4nkin pehme\u00e4\u00e4 mukavuutta. Sen kevyt ja kompakti muotoilu tekee siit\u00e4 t\u00e4ydellisen valinnan my\u00f6s pienempiin tiloihin.","robots":{"index":"index","follow":"follow","max-snippet":"max-snippet:-1","max-image-preview":"max-image-preview:large","max-video-preview":"max-video-preview:-1"},"canonical":"https:\/\/kaani.net\/en\/tuotteet\/123-tuoteperhe\/123versb-verhoiltu-lepotuoli-laippajalalla-kotimainen-design-tuoli\/","og_locale":"en_US","og_type":"article","og_title":"123versB verhoiltu lepotuoli laippajalalla - Kaani","og_description":"123versB lepotuoli tarjoaa skandinaavisen selke\u00e4\u00e4, jopa yll\u00e4tt\u00e4v\u00e4nkin pehme\u00e4\u00e4 mukavuutta. Sen kevyt ja kompakti muotoilu tekee siit\u00e4 t\u00e4ydellisen valinnan my\u00f6s pienempiin tiloihin.","og_url":"https:\/\/kaani.net\/en\/tuotteet\/123-tuoteperhe\/123versb-verhoiltu-lepotuoli-laippajalalla-kotimainen-design-tuoli\/","og_site_name":"Kaani","article_modified_time":"2026-04-23T10:49:56+00:00","og_image":[{"width":1024,"height":1024,"url":"https:\/\/kaani.net\/wp-content\/uploads\/2022\/12\/123versB-verhoiltu-lepotuoli.png","type":"image\/png"}],"twitter_misc":{"Est. reading time":"1 minute"},"schema":{"@context":"https:\/\/schema.org","@graph":[{"@type":"WebPage","@id":"https:\/\/kaani.net\/tuotteet\/123-tuoteperhe\/123versb-verhoiltu-lepotuoli-laippajalalla-kotimainen-design-tuoli\/","url":"https:\/\/kaani.net\/tuotteet\/123-tuoteperhe\/123versb-verhoiltu-lepotuoli-laippajalalla-kotimainen-design-tuoli\/","name":"123versB verhoiltu lepotuoli laippajalalla - Kaani","isPartOf":{"@id":"https:\/\/kaani.net\/#website"},"primaryImageOfPage":{"@id":"https:\/\/kaani.net\/tuotteet\/123-tuoteperhe\/123versb-verhoiltu-lepotuoli-laippajalalla-kotimainen-design-tuoli\/#primaryimage"},"image":{"@id":"https:\/\/kaani.net\/tuotteet\/123-tuoteperhe\/123versb-verhoiltu-lepotuoli-laippajalalla-kotimainen-design-tuoli\/#primaryimage"},"thumbnailUrl":"https:\/\/kaani.net\/wp-content\/uploads\/2022\/12\/123versB-verhoiltu-lepotuoli.png","datePublished":"2022-12-10T10:52:22+00:00","dateModified":"2026-04-23T10:49:56+00:00","description":"123versB lepotuoli tarjoaa skandinaavisen selke\u00e4\u00e4, jopa yll\u00e4tt\u00e4v\u00e4nkin pehme\u00e4\u00e4 mukavuutta. Sen kevyt ja kompakti muotoilu tekee siit\u00e4 t\u00e4ydellisen valinnan my\u00f6s pienempiin tiloihin.","breadcrumb":{"@id":"https:\/\/kaani.net\/tuotteet\/123-tuoteperhe\/123versb-verhoiltu-lepotuoli-laippajalalla-kotimainen-design-tuoli\/#breadcrumb"},"inLanguage":"en-US","potentialAction":[{"@type":"ReadAction","target":["https:\/\/kaani.net\/tuotteet\/123-tuoteperhe\/123versb-verhoiltu-lepotuoli-laippajalalla-kotimainen-design-tuoli\/"]}]},{"@type":"ImageObject","inLanguage":"en-US","@id":"https:\/\/kaani.net\/tuotteet\/123-tuoteperhe\/123versb-verhoiltu-lepotuoli-laippajalalla-kotimainen-design-tuoli\/#primaryimage","url":"https:\/\/kaani.net\/wp-content\/uploads\/2022\/12\/123versB-verhoiltu-lepotuoli.png","contentUrl":"https:\/\/kaani.net\/wp-content\/uploads\/2022\/12\/123versB-verhoiltu-lepotuoli.png","width":1024,"height":1024},{"@type":"BreadcrumbList","@id":"https:\/\/kaani.net\/tuotteet\/123-tuoteperhe\/123versb-verhoiltu-lepotuoli-laippajalalla-kotimainen-design-tuoli\/#breadcrumb","itemListElement":[{"@type":"ListItem","position":1,"name":"Etusivu","item":"https:\/\/kaani.net\/"},{"@type":"ListItem","position":2,"name":"Tuotteet","item":"https:\/\/kaani.net\/tuotteet\/"},{"@type":"ListItem","position":3,"name":"123versB verhoiltu lepotuoli laippajalalla"}]},{"@type":"WebSite","@id":"https:\/\/kaani.net\/#website","url":"https:\/\/kaani.net\/","name":"Kaani","description":"See the future!","publisher":{"@id":"https:\/\/kaani.net\/#organization"},"potentialAction":[{"@type":"SearchAction","target":{"@type":"EntryPoint","urlTemplate":"https:\/\/kaani.net\/?s={search_term_string}"},"query-input":{"@type":"PropertyValueSpecification","valueRequired":true,"valueName":"search_term_string"}}],"inLanguage":"en-US"},{"@type":"Organization","@id":"https:\/\/kaani.net\/#organization","name":"Kaani","url":"https:\/\/kaani.net\/","logo":{"@type":"ImageObject","inLanguage":"en-US","@id":"https:\/\/kaani.net\/#\/schema\/logo\/image\/","url":"https:\/\/kaani.net\/wp-content\/uploads\/2017\/09\/cropped-123_kaani_logoS-2-1.jpg","contentUrl":"https:\/\/kaani.net\/wp-content\/uploads\/2017\/09\/cropped-123_kaani_logoS-2-1.jpg","width":184,"height":80,"caption":"Kaani"},"image":{"@id":"https:\/\/kaani.net\/#\/schema\/logo\/image\/"}}]}},"_links":{"self":[{"href":"https:\/\/kaani.net\/en\/wp-json\/wp\/v2\/product\/8752","targetHints":{"allow":["GET"]}}],"collection":[{"href":"https:\/\/kaani.net\/en\/wp-json\/wp\/v2\/product"}],"about":[{"href":"https:\/\/kaani.net\/en\/wp-json\/wp\/v2\/types\/product"}],"wp:featuredmedia":[{"embeddable":true,"href":"https:\/\/kaani.net\/en\/wp-json\/wp\/v2\/media\/15178"}],"wp:attachment":[{"href":"https:\/\/kaani.net\/en\/wp-json\/wp\/v2\/media?parent=8752"}],"wp:term":[{"taxonomy":"product_brand","embeddable":true,"href":"https:\/\/kaani.net\/en\/wp-json\/wp\/v2\/product_brand?post=8752"},{"taxonomy":"product_cat","embeddable":true,"href":"https:\/\/kaani.net\/en\/wp-json\/wp\/v2\/product_cat?post=8752"},{"taxonomy":"product_tag","embeddable":true,"href":"https:\/\/kaani.net\/en\/wp-json\/wp\/v2\/product_tag?post=8752"}],"curies":[{"name":"wp","href":"https:\/\/api.w.org\/{rel}","templated":true}]}}