{"id":8809,"date":"2022-12-10T13:02:59","date_gmt":"2022-12-10T11:02:59","guid":{"rendered":"https:\/\/kaani.net\/?post_type=product&#038;p=8809"},"modified":"2025-12-04T16:47:01","modified_gmt":"2025-12-04T14:47:01","slug":"123versa-puulepotuoli-laippajalalla-design-puulepotuoli","status":"publish","type":"product","link":"https:\/\/kaani.net\/en\/tuotteet\/123-tuoteperhe\/123versa-puulepotuoli-laippajalalla-design-puulepotuoli\/","title":{"rendered":"123versA wooden easy chair with flanged leg"},"content":{"rendered":"<p><strong>123<\/strong><br \/>\n123 is Kaani's new and already very extensive product family. 123 products have a plain design and a clear Scandinavian line.<br \/>\nBy means of 123 products, you can create a fresh appearance for your home or office.<br \/>\nOnly the high-class raw materials are used in the production of 123 products.<\/p>","protected":false},"excerpt":{"rendered":"<p><strong>123versA<\/strong> sarjan lepotuoli laippajalalla<\/p>\n<p>Ajaton lepotuoli, jossa puun kauneus on p\u00e4\u00e4osassa. Valitse puulepotuoli, istuinverhoiltu tai istuin- ja selk\u00e4verhoiltu malli. Laadukas koivuvaneri ja paksu viilu tekev\u00e4t tuolista kest\u00e4v\u00e4n ja yksil\u00f6llisen \u2013 kauniit syykuviot ja sormiloviliitokset viimeistelev\u00e4t ilmeen.<\/p>\n<p>&nbsp;<\/p>\n<p><b>Mitat<\/b>: 67cm syvyys \/ 52cm leveys \/ 43cm istuinkorkeus \/ 78cm kokonaiskorkeus<\/p>\n<p>Muistathan my\u00f6s mahdollisuuden tilata tuotteet erikoismitoilla ja -materiaaleilla.<\/p>\n<p><a href=\"https:\/\/kaani.net\/en\/materiaalit\/\"><strong>Materiaalit t\u00e4st\u00e4<\/strong><\/a><\/p>\n<p>Materiaali- ja v\u00e4rivaihtoehtoja Kaanilla on lukematon m\u00e4\u00e4r\u00e4. Siksi l\u00e4het\u00e4 tilauksesi\u00a0yhteydess\u00e4 meille s\u00e4hk\u00f6postiin (info@kaani.net) seuraavat tiedot:<\/p>\n<p><em>Ter\u00e4sosien v\u00e4ri \/ <\/em><em>Kankaan nimi ja v\u00e4ri \/ <\/em><em>Puuosien materiaali (koivu \/ tammi \/ maalattu) ja pintak\u00e4sittely.<\/em><\/p>\n<p>&nbsp;<\/p>\n<p><em>\u00a0<\/em><\/p>","protected":false},"featured_media":2371,"template":"","meta":{"om_disable_all_campaigns":false,"_monsterinsights_skip_tracking":false,"_monsterinsights_sitenote_active":false,"_monsterinsights_sitenote_note":"","_monsterinsights_sitenote_category":0,"_uf_show_specific_survey":0,"_uf_disable_surveys":false},"product_brand":[],"product_cat":[723,109],"product_tag":[110,220,212,846,823,219],"class_list":{"0":"post-8809","1":"product","2":"type-product","3":"status-publish","4":"has-post-thumbnail","6":"product_cat-lepotuolit-ja-sohvat","7":"product_cat-123-tuoteperhe","8":"product_tag-110","9":"product_tag-design-tuoli","10":"product_tag-kaani","11":"product_tag-puulepotuoli","12":"product_tag-sohva-ja-lepotuoli","13":"product_tag-tuoli","15":"first","16":"instock","17":"taxable","18":"shipping-taxable","19":"purchasable","20":"product-type-variable","21":"has-default-attributes"},"yoast_head":"<!-- This site is optimized with the Yoast SEO plugin v26.7 - https:\/\/yoast.com\/wordpress\/plugins\/seo\/ -->\n<title>123versA puulepotuoli laippajalalla - Kaani<\/title>\n<meta name=\"description\" content=\"Ajaton lepotuoli laadukkaasta koivuvanerista ja viilusta, kauniilla syykuvioilla ja sormiloviliitoksilla. Valitse puu-, istuin- tai istuin- ja selk\u00e4verhoiltu malli.\" \/>\n<meta name=\"robots\" content=\"index, follow, max-snippet:-1, max-image-preview:large, max-video-preview:-1\" \/>\n<link rel=\"canonical\" href=\"https:\/\/kaani.net\/en\/tuotteet\/123-tuoteperhe\/123versa-puulepotuoli-laippajalalla-design-puulepotuoli\/\" \/>\n<meta property=\"og:locale\" content=\"en_US\" \/>\n<meta property=\"og:type\" content=\"article\" \/>\n<meta property=\"og:title\" content=\"123versA puulepotuoli laippajalalla - Kaani\" \/>\n<meta property=\"og:description\" content=\"Ajaton lepotuoli laadukkaasta koivuvanerista ja viilusta, kauniilla syykuvioilla ja sormiloviliitoksilla. Valitse puu-, istuin- tai istuin- ja selk\u00e4verhoiltu malli.\" \/>\n<meta property=\"og:url\" content=\"https:\/\/kaani.net\/en\/tuotteet\/123-tuoteperhe\/123versa-puulepotuoli-laippajalalla-design-puulepotuoli\/\" \/>\n<meta property=\"og:site_name\" content=\"Kaani\" \/>\n<meta property=\"article:modified_time\" content=\"2025-12-04T14:47:01+00:00\" \/>\n<meta property=\"og:image\" content=\"https:\/\/kaani.net\/wp-content\/uploads\/2018\/07\/123LT_O9A2698_500-1.jpg\" \/>\n\t<meta property=\"og:image:width\" content=\"500\" \/>\n\t<meta property=\"og:image:height\" content=\"500\" \/>\n\t<meta property=\"og:image:type\" content=\"image\/jpeg\" \/>\n<meta name=\"twitter:label1\" content=\"Est. reading time\" \/>\n\t<meta name=\"twitter:data1\" content=\"1 minute\" \/>\n<script type=\"application\/ld+json\" class=\"yoast-schema-graph\">{\"@context\":\"https:\/\/schema.org\",\"@graph\":[{\"@type\":\"WebPage\",\"@id\":\"https:\/\/kaani.net\/tuotteet\/123-tuoteperhe\/123versa-puulepotuoli-laippajalalla-design-puulepotuoli\/\",\"url\":\"https:\/\/kaani.net\/tuotteet\/123-tuoteperhe\/123versa-puulepotuoli-laippajalalla-design-puulepotuoli\/\",\"name\":\"123versA puulepotuoli laippajalalla - Kaani\",\"isPartOf\":{\"@id\":\"https:\/\/kaani.net\/#website\"},\"primaryImageOfPage\":{\"@id\":\"https:\/\/kaani.net\/tuotteet\/123-tuoteperhe\/123versa-puulepotuoli-laippajalalla-design-puulepotuoli\/#primaryimage\"},\"image\":{\"@id\":\"https:\/\/kaani.net\/tuotteet\/123-tuoteperhe\/123versa-puulepotuoli-laippajalalla-design-puulepotuoli\/#primaryimage\"},\"thumbnailUrl\":\"https:\/\/kaani.net\/wp-content\/uploads\/2018\/07\/123LT_O9A2698_500-1.jpg\",\"datePublished\":\"2022-12-10T11:02:59+00:00\",\"dateModified\":\"2025-12-04T14:47:01+00:00\",\"description\":\"Ajaton lepotuoli laadukkaasta koivuvanerista ja viilusta, kauniilla syykuvioilla ja sormiloviliitoksilla. Valitse puu-, istuin- tai istuin- ja selk\u00e4verhoiltu malli.\",\"breadcrumb\":{\"@id\":\"https:\/\/kaani.net\/tuotteet\/123-tuoteperhe\/123versa-puulepotuoli-laippajalalla-design-puulepotuoli\/#breadcrumb\"},\"inLanguage\":\"en-US\",\"potentialAction\":[{\"@type\":\"ReadAction\",\"target\":[\"https:\/\/kaani.net\/tuotteet\/123-tuoteperhe\/123versa-puulepotuoli-laippajalalla-design-puulepotuoli\/\"]}]},{\"@type\":\"ImageObject\",\"inLanguage\":\"en-US\",\"@id\":\"https:\/\/kaani.net\/tuotteet\/123-tuoteperhe\/123versa-puulepotuoli-laippajalalla-design-puulepotuoli\/#primaryimage\",\"url\":\"https:\/\/kaani.net\/wp-content\/uploads\/2018\/07\/123LT_O9A2698_500-1.jpg\",\"contentUrl\":\"https:\/\/kaani.net\/wp-content\/uploads\/2018\/07\/123LT_O9A2698_500-1.jpg\",\"width\":500,\"height\":500,\"caption\":\"123VersB lounge chair wooden\"},{\"@type\":\"BreadcrumbList\",\"@id\":\"https:\/\/kaani.net\/tuotteet\/123-tuoteperhe\/123versa-puulepotuoli-laippajalalla-design-puulepotuoli\/#breadcrumb\",\"itemListElement\":[{\"@type\":\"ListItem\",\"position\":1,\"name\":\"Etusivu\",\"item\":\"https:\/\/kaani.net\/\"},{\"@type\":\"ListItem\",\"position\":2,\"name\":\"Tuotteet\",\"item\":\"https:\/\/kaani.net\/tuotteet\/\"},{\"@type\":\"ListItem\",\"position\":3,\"name\":\"123versA puulepotuoli laippajalalla\"}]},{\"@type\":\"WebSite\",\"@id\":\"https:\/\/kaani.net\/#website\",\"url\":\"https:\/\/kaani.net\/\",\"name\":\"Kaani\",\"description\":\"See the future!\",\"publisher\":{\"@id\":\"https:\/\/kaani.net\/#organization\"},\"potentialAction\":[{\"@type\":\"SearchAction\",\"target\":{\"@type\":\"EntryPoint\",\"urlTemplate\":\"https:\/\/kaani.net\/?s={search_term_string}\"},\"query-input\":{\"@type\":\"PropertyValueSpecification\",\"valueRequired\":true,\"valueName\":\"search_term_string\"}}],\"inLanguage\":\"en-US\"},{\"@type\":\"Organization\",\"@id\":\"https:\/\/kaani.net\/#organization\",\"name\":\"Kaani\",\"url\":\"https:\/\/kaani.net\/\",\"logo\":{\"@type\":\"ImageObject\",\"inLanguage\":\"en-US\",\"@id\":\"https:\/\/kaani.net\/#\/schema\/logo\/image\/\",\"url\":\"https:\/\/kaani.net\/wp-content\/uploads\/2017\/09\/cropped-123_kaani_logoS-2-1.jpg\",\"contentUrl\":\"https:\/\/kaani.net\/wp-content\/uploads\/2017\/09\/cropped-123_kaani_logoS-2-1.jpg\",\"width\":184,\"height\":80,\"caption\":\"Kaani\"},\"image\":{\"@id\":\"https:\/\/kaani.net\/#\/schema\/logo\/image\/\"}}]}<\/script>\n<!-- \/ Yoast SEO plugin. -->","yoast_head_json":{"title":"123versA puulepotuoli laippajalalla - Kaani","description":"Ajaton lepotuoli laadukkaasta koivuvanerista ja viilusta, kauniilla syykuvioilla ja sormiloviliitoksilla. Valitse puu-, istuin- tai istuin- ja selk\u00e4verhoiltu malli.","robots":{"index":"index","follow":"follow","max-snippet":"max-snippet:-1","max-image-preview":"max-image-preview:large","max-video-preview":"max-video-preview:-1"},"canonical":"https:\/\/kaani.net\/en\/tuotteet\/123-tuoteperhe\/123versa-puulepotuoli-laippajalalla-design-puulepotuoli\/","og_locale":"en_US","og_type":"article","og_title":"123versA puulepotuoli laippajalalla - Kaani","og_description":"Ajaton lepotuoli laadukkaasta koivuvanerista ja viilusta, kauniilla syykuvioilla ja sormiloviliitoksilla. Valitse puu-, istuin- tai istuin- ja selk\u00e4verhoiltu malli.","og_url":"https:\/\/kaani.net\/en\/tuotteet\/123-tuoteperhe\/123versa-puulepotuoli-laippajalalla-design-puulepotuoli\/","og_site_name":"Kaani","article_modified_time":"2025-12-04T14:47:01+00:00","og_image":[{"width":500,"height":500,"url":"https:\/\/kaani.net\/wp-content\/uploads\/2018\/07\/123LT_O9A2698_500-1.jpg","type":"image\/jpeg"}],"twitter_misc":{"Est. reading time":"1 minute"},"schema":{"@context":"https:\/\/schema.org","@graph":[{"@type":"WebPage","@id":"https:\/\/kaani.net\/tuotteet\/123-tuoteperhe\/123versa-puulepotuoli-laippajalalla-design-puulepotuoli\/","url":"https:\/\/kaani.net\/tuotteet\/123-tuoteperhe\/123versa-puulepotuoli-laippajalalla-design-puulepotuoli\/","name":"123versA puulepotuoli laippajalalla - Kaani","isPartOf":{"@id":"https:\/\/kaani.net\/#website"},"primaryImageOfPage":{"@id":"https:\/\/kaani.net\/tuotteet\/123-tuoteperhe\/123versa-puulepotuoli-laippajalalla-design-puulepotuoli\/#primaryimage"},"image":{"@id":"https:\/\/kaani.net\/tuotteet\/123-tuoteperhe\/123versa-puulepotuoli-laippajalalla-design-puulepotuoli\/#primaryimage"},"thumbnailUrl":"https:\/\/kaani.net\/wp-content\/uploads\/2018\/07\/123LT_O9A2698_500-1.jpg","datePublished":"2022-12-10T11:02:59+00:00","dateModified":"2025-12-04T14:47:01+00:00","description":"Ajaton lepotuoli laadukkaasta koivuvanerista ja viilusta, kauniilla syykuvioilla ja sormiloviliitoksilla. Valitse puu-, istuin- tai istuin- ja selk\u00e4verhoiltu malli.","breadcrumb":{"@id":"https:\/\/kaani.net\/tuotteet\/123-tuoteperhe\/123versa-puulepotuoli-laippajalalla-design-puulepotuoli\/#breadcrumb"},"inLanguage":"en-US","potentialAction":[{"@type":"ReadAction","target":["https:\/\/kaani.net\/tuotteet\/123-tuoteperhe\/123versa-puulepotuoli-laippajalalla-design-puulepotuoli\/"]}]},{"@type":"ImageObject","inLanguage":"en-US","@id":"https:\/\/kaani.net\/tuotteet\/123-tuoteperhe\/123versa-puulepotuoli-laippajalalla-design-puulepotuoli\/#primaryimage","url":"https:\/\/kaani.net\/wp-content\/uploads\/2018\/07\/123LT_O9A2698_500-1.jpg","contentUrl":"https:\/\/kaani.net\/wp-content\/uploads\/2018\/07\/123LT_O9A2698_500-1.jpg","width":500,"height":500,"caption":"123VersB lounge chair wooden"},{"@type":"BreadcrumbList","@id":"https:\/\/kaani.net\/tuotteet\/123-tuoteperhe\/123versa-puulepotuoli-laippajalalla-design-puulepotuoli\/#breadcrumb","itemListElement":[{"@type":"ListItem","position":1,"name":"Etusivu","item":"https:\/\/kaani.net\/"},{"@type":"ListItem","position":2,"name":"Tuotteet","item":"https:\/\/kaani.net\/tuotteet\/"},{"@type":"ListItem","position":3,"name":"123versA puulepotuoli laippajalalla"}]},{"@type":"WebSite","@id":"https:\/\/kaani.net\/#website","url":"https:\/\/kaani.net\/","name":"Kaani","description":"See the future!","publisher":{"@id":"https:\/\/kaani.net\/#organization"},"potentialAction":[{"@type":"SearchAction","target":{"@type":"EntryPoint","urlTemplate":"https:\/\/kaani.net\/?s={search_term_string}"},"query-input":{"@type":"PropertyValueSpecification","valueRequired":true,"valueName":"search_term_string"}}],"inLanguage":"en-US"},{"@type":"Organization","@id":"https:\/\/kaani.net\/#organization","name":"Kaani","url":"https:\/\/kaani.net\/","logo":{"@type":"ImageObject","inLanguage":"en-US","@id":"https:\/\/kaani.net\/#\/schema\/logo\/image\/","url":"https:\/\/kaani.net\/wp-content\/uploads\/2017\/09\/cropped-123_kaani_logoS-2-1.jpg","contentUrl":"https:\/\/kaani.net\/wp-content\/uploads\/2017\/09\/cropped-123_kaani_logoS-2-1.jpg","width":184,"height":80,"caption":"Kaani"},"image":{"@id":"https:\/\/kaani.net\/#\/schema\/logo\/image\/"}}]}},"_links":{"self":[{"href":"https:\/\/kaani.net\/en\/wp-json\/wp\/v2\/product\/8809","targetHints":{"allow":["GET"]}}],"collection":[{"href":"https:\/\/kaani.net\/en\/wp-json\/wp\/v2\/product"}],"about":[{"href":"https:\/\/kaani.net\/en\/wp-json\/wp\/v2\/types\/product"}],"wp:featuredmedia":[{"embeddable":true,"href":"https:\/\/kaani.net\/en\/wp-json\/wp\/v2\/media\/2371"}],"wp:attachment":[{"href":"https:\/\/kaani.net\/en\/wp-json\/wp\/v2\/media?parent=8809"}],"wp:term":[{"taxonomy":"product_brand","embeddable":true,"href":"https:\/\/kaani.net\/en\/wp-json\/wp\/v2\/product_brand?post=8809"},{"taxonomy":"product_cat","embeddable":true,"href":"https:\/\/kaani.net\/en\/wp-json\/wp\/v2\/product_cat?post=8809"},{"taxonomy":"product_tag","embeddable":true,"href":"https:\/\/kaani.net\/en\/wp-json\/wp\/v2\/product_tag?post=8809"}],"curies":[{"name":"wp","href":"https:\/\/api.w.org\/{rel}","templated":true}]}}