{"id":9595,"date":"2023-10-01T12:02:32","date_gmt":"2023-10-01T09:02:32","guid":{"rendered":"https:\/\/kaani.net\/?post_type=product&#038;p=9595"},"modified":"2025-11-20T13:54:00","modified_gmt":"2025-11-20T11:54:00","slug":"inside-lazy-lepotuoli-puu-ja-laippajalalla","status":"publish","type":"product","link":"https:\/\/kaani.net\/en\/tuotteet\/lepotuolit-ja-sohvat\/inside-lazy-lepotuoli-puu-ja-laippajalalla\/","title":{"rendered":"Inside-Lazy easy chair"},"content":{"rendered":"<div class=\"vc_row wpb_row vc_row-fluid\"><div class=\"wpb_column vc_column_container vc_col-sm-12\"><div class=\"vc_column-inner\"><div class=\"wpb_wrapper\">\n\t<div class=\"wpb_text_column wpb_content_element\" >\n\t\t<div class=\"wpb_wrapper\">\n\t\t\t<p>For the pillows of the Inside collection, you can choose a relaxed, comfortable and luxurious Kaani softmix-padding or an inflexible and firmer foam-cotton padding.<\/p>\n<p>Inside sohvien ja nojatuolien rungot on valmistettu kest\u00e4m\u00e4\u00e4n k\u00e4ytt\u00f6\u00e4 ja ne soveltuvat my\u00f6s uudelleen verhoiltavaksi.<\/p>\n\n\t\t<\/div>\n\t<\/div>\n<\/div><\/div><\/div><\/div>","protected":false},"excerpt":{"rendered":"<p><strong>INSIDE SOFAS AND EASY CHAIR<\/strong><\/p>\n<p>You can find different options from Inside sofa collection from single-seat armchairs to large corner sofas. You can choose Inside sofa with a divan or armrests. With the help of footstool, you can build a real oasis of relaxation.<br \/>\nThe larger seating depth of the Inside Lazy collection invites you to relax.<br \/>\nThe detachable and movable pillow of the Inside collection provides good neck support even for a taller person.<br \/>\nThe frames of Inside sofas and armchairs are made up of solid wood and birch plywood. Inside sofas withstand hard use and can be reupholstered from generation to generation.<\/p>\n<p>Inside lepotuolin laippajalka on palautusmekanismilla.<\/p>\n<p><strong>Inside-Lazy<\/strong> lepotuoli (ns. suurempi istuinsyvyys)\u00a0 96cm syvyys \/ 90cm leveys \/ 43cm istuinkorkeus \/ 75cm kokonaiskorkeus<strong><br \/>\n<\/strong><\/p>\n<p>Valittavana my\u00f6s 2 eri jalan korkeutta (4cm ja 8cm)<\/p>\n<p>&nbsp;<\/p>\n<p><span class=\"x193iq5w xeuugli x13faqbe x1vvkbs x1xmvt09 x1lliihq x1s928wv xhkezso x1gmr53x x1cpjm7i x1fgarty x1943h6x xudqn12 x3x7a5m x6prxxf xvq8zen xo1l8bm xzsf02u\" dir=\"auto\">Muistathan my\u00f6s mahdollisuuden tilata tuotteet erikoismitoilla ja -materiaaleilla.<\/span><\/p>\n<p><strong><a href=\"https:\/\/kaani.net\/en\/materiaalit\/\">Materiaalit t\u00e4st\u00e4<\/a><\/strong><\/p>\n<p>Materiaali- ja v\u00e4rivaihtoehtoja Kaanilla on lukematon m\u00e4\u00e4r\u00e4. Siksi l\u00e4het\u00e4 tilauksesi\u00a0yhteydess\u00e4 meille s\u00e4hk\u00f6postiin (info@kaani.net) seuraavat tiedot:<\/p>\n<p><em>Ter\u00e4sosien v\u00e4ri \/ <\/em><em>Kankaan nimi ja v\u00e4ri \/ <\/em><em>Puuosien materiaali (koivu \/ tammi \/ maalattu) ja pintak\u00e4sittely.<\/em><\/p>\n<p>&nbsp;<\/p>\n<p>&nbsp;<\/p>","protected":false},"featured_media":15173,"template":"","meta":{"om_disable_all_campaigns":false,"_monsterinsights_skip_tracking":false,"_monsterinsights_sitenote_active":false,"_monsterinsights_sitenote_note":"","_monsterinsights_sitenote_category":0,"_uf_show_specific_survey":0,"_uf_disable_surveys":false},"product_brand":[],"product_cat":[723,754],"product_tag":[770,212,789,111,244,823],"class_list":{"0":"post-9595","1":"product","2":"type-product","3":"status-publish","4":"has-post-thumbnail","6":"product_cat-lepotuolit-ja-sohvat","7":"product_cat-inside","8":"product_tag-inside","9":"product_tag-kaani","10":"product_tag-kotimainen-lepotuoli","11":"product_tag-lepotuoli","12":"product_tag-nojatuoli","13":"product_tag-sohva-ja-lepotuoli","15":"first","16":"instock","17":"taxable","18":"shipping-taxable","19":"purchasable","20":"product-type-variable","21":"has-default-attributes"},"yoast_head":"<!-- This site is optimized with the Yoast SEO plugin v26.7 - https:\/\/yoast.com\/wordpress\/plugins\/seo\/ -->\n<title>Inside-Lazy lepotuoli - Kaani<\/title>\n<meta name=\"description\" content=\"Inside lepotuoli on saatavana palauttavalla laippajalalla tai puujaloilla. Verhoiluun on valittavana kaikki soveltuvat laadukkaat kankaat ja Kaani nahat.\" \/>\n<meta name=\"robots\" content=\"index, follow, max-snippet:-1, max-image-preview:large, max-video-preview:-1\" \/>\n<link rel=\"canonical\" href=\"https:\/\/kaani.net\/en\/tuotteet\/lepotuolit-ja-sohvat\/inside-lazy-lepotuoli-puu-ja-laippajalalla\/\" \/>\n<meta property=\"og:locale\" content=\"en_US\" \/>\n<meta property=\"og:type\" content=\"article\" \/>\n<meta property=\"og:title\" content=\"Inside-Lazy lepotuoli - Kaani\" \/>\n<meta property=\"og:description\" content=\"Inside lepotuoli on saatavana palauttavalla laippajalalla tai puujaloilla. Verhoiluun on valittavana kaikki soveltuvat laadukkaat kankaat ja Kaani nahat.\" \/>\n<meta property=\"og:url\" content=\"https:\/\/kaani.net\/en\/tuotteet\/lepotuolit-ja-sohvat\/inside-lazy-lepotuoli-puu-ja-laippajalalla\/\" \/>\n<meta property=\"og:site_name\" content=\"Kaani\" \/>\n<meta property=\"article:modified_time\" content=\"2025-11-20T11:54:00+00:00\" \/>\n<meta property=\"og:image\" content=\"https:\/\/kaani.net\/wp-content\/uploads\/2023\/10\/Inside-Lazy_olohuone.png\" \/>\n\t<meta property=\"og:image:width\" content=\"1024\" \/>\n\t<meta property=\"og:image:height\" content=\"1024\" \/>\n\t<meta property=\"og:image:type\" content=\"image\/png\" \/>\n<meta name=\"twitter:label1\" content=\"Est. reading time\" \/>\n\t<meta name=\"twitter:data1\" content=\"1 minute\" \/>\n<script type=\"application\/ld+json\" class=\"yoast-schema-graph\">{\"@context\":\"https:\/\/schema.org\",\"@graph\":[{\"@type\":\"WebPage\",\"@id\":\"https:\/\/kaani.net\/tuotteet\/lepotuolit-ja-sohvat\/inside-lazy-lepotuoli-puu-ja-laippajalalla\/\",\"url\":\"https:\/\/kaani.net\/tuotteet\/lepotuolit-ja-sohvat\/inside-lazy-lepotuoli-puu-ja-laippajalalla\/\",\"name\":\"Inside-Lazy lepotuoli - Kaani\",\"isPartOf\":{\"@id\":\"https:\/\/kaani.net\/#website\"},\"primaryImageOfPage\":{\"@id\":\"https:\/\/kaani.net\/tuotteet\/lepotuolit-ja-sohvat\/inside-lazy-lepotuoli-puu-ja-laippajalalla\/#primaryimage\"},\"image\":{\"@id\":\"https:\/\/kaani.net\/tuotteet\/lepotuolit-ja-sohvat\/inside-lazy-lepotuoli-puu-ja-laippajalalla\/#primaryimage\"},\"thumbnailUrl\":\"https:\/\/kaani.net\/wp-content\/uploads\/2023\/10\/Inside-Lazy_olohuone.png\",\"datePublished\":\"2023-10-01T09:02:32+00:00\",\"dateModified\":\"2025-11-20T11:54:00+00:00\",\"description\":\"Inside lepotuoli on saatavana palauttavalla laippajalalla tai puujaloilla. Verhoiluun on valittavana kaikki soveltuvat laadukkaat kankaat ja Kaani nahat.\",\"breadcrumb\":{\"@id\":\"https:\/\/kaani.net\/tuotteet\/lepotuolit-ja-sohvat\/inside-lazy-lepotuoli-puu-ja-laippajalalla\/#breadcrumb\"},\"inLanguage\":\"en-US\",\"potentialAction\":[{\"@type\":\"ReadAction\",\"target\":[\"https:\/\/kaani.net\/tuotteet\/lepotuolit-ja-sohvat\/inside-lazy-lepotuoli-puu-ja-laippajalalla\/\"]}]},{\"@type\":\"ImageObject\",\"inLanguage\":\"en-US\",\"@id\":\"https:\/\/kaani.net\/tuotteet\/lepotuolit-ja-sohvat\/inside-lazy-lepotuoli-puu-ja-laippajalalla\/#primaryimage\",\"url\":\"https:\/\/kaani.net\/wp-content\/uploads\/2023\/10\/Inside-Lazy_olohuone.png\",\"contentUrl\":\"https:\/\/kaani.net\/wp-content\/uploads\/2023\/10\/Inside-Lazy_olohuone.png\",\"width\":1024,\"height\":1024},{\"@type\":\"BreadcrumbList\",\"@id\":\"https:\/\/kaani.net\/tuotteet\/lepotuolit-ja-sohvat\/inside-lazy-lepotuoli-puu-ja-laippajalalla\/#breadcrumb\",\"itemListElement\":[{\"@type\":\"ListItem\",\"position\":1,\"name\":\"Etusivu\",\"item\":\"https:\/\/kaani.net\/\"},{\"@type\":\"ListItem\",\"position\":2,\"name\":\"Tuotteet\",\"item\":\"https:\/\/kaani.net\/tuotteet\/\"},{\"@type\":\"ListItem\",\"position\":3,\"name\":\"Inside-Lazy lepotuoli\"}]},{\"@type\":\"WebSite\",\"@id\":\"https:\/\/kaani.net\/#website\",\"url\":\"https:\/\/kaani.net\/\",\"name\":\"Kaani\",\"description\":\"See the future!\",\"publisher\":{\"@id\":\"https:\/\/kaani.net\/#organization\"},\"potentialAction\":[{\"@type\":\"SearchAction\",\"target\":{\"@type\":\"EntryPoint\",\"urlTemplate\":\"https:\/\/kaani.net\/?s={search_term_string}\"},\"query-input\":{\"@type\":\"PropertyValueSpecification\",\"valueRequired\":true,\"valueName\":\"search_term_string\"}}],\"inLanguage\":\"en-US\"},{\"@type\":\"Organization\",\"@id\":\"https:\/\/kaani.net\/#organization\",\"name\":\"Kaani\",\"url\":\"https:\/\/kaani.net\/\",\"logo\":{\"@type\":\"ImageObject\",\"inLanguage\":\"en-US\",\"@id\":\"https:\/\/kaani.net\/#\/schema\/logo\/image\/\",\"url\":\"https:\/\/kaani.net\/wp-content\/uploads\/2017\/09\/cropped-123_kaani_logoS-2-1.jpg\",\"contentUrl\":\"https:\/\/kaani.net\/wp-content\/uploads\/2017\/09\/cropped-123_kaani_logoS-2-1.jpg\",\"width\":184,\"height\":80,\"caption\":\"Kaani\"},\"image\":{\"@id\":\"https:\/\/kaani.net\/#\/schema\/logo\/image\/\"}}]}<\/script>\n<!-- \/ Yoast SEO plugin. -->","yoast_head_json":{"title":"Inside-Lazy lepotuoli - Kaani","description":"Inside lepotuoli on saatavana palauttavalla laippajalalla tai puujaloilla. Verhoiluun on valittavana kaikki soveltuvat laadukkaat kankaat ja Kaani nahat.","robots":{"index":"index","follow":"follow","max-snippet":"max-snippet:-1","max-image-preview":"max-image-preview:large","max-video-preview":"max-video-preview:-1"},"canonical":"https:\/\/kaani.net\/en\/tuotteet\/lepotuolit-ja-sohvat\/inside-lazy-lepotuoli-puu-ja-laippajalalla\/","og_locale":"en_US","og_type":"article","og_title":"Inside-Lazy lepotuoli - Kaani","og_description":"Inside lepotuoli on saatavana palauttavalla laippajalalla tai puujaloilla. Verhoiluun on valittavana kaikki soveltuvat laadukkaat kankaat ja Kaani nahat.","og_url":"https:\/\/kaani.net\/en\/tuotteet\/lepotuolit-ja-sohvat\/inside-lazy-lepotuoli-puu-ja-laippajalalla\/","og_site_name":"Kaani","article_modified_time":"2025-11-20T11:54:00+00:00","og_image":[{"width":1024,"height":1024,"url":"https:\/\/kaani.net\/wp-content\/uploads\/2023\/10\/Inside-Lazy_olohuone.png","type":"image\/png"}],"twitter_misc":{"Est. reading time":"1 minute"},"schema":{"@context":"https:\/\/schema.org","@graph":[{"@type":"WebPage","@id":"https:\/\/kaani.net\/tuotteet\/lepotuolit-ja-sohvat\/inside-lazy-lepotuoli-puu-ja-laippajalalla\/","url":"https:\/\/kaani.net\/tuotteet\/lepotuolit-ja-sohvat\/inside-lazy-lepotuoli-puu-ja-laippajalalla\/","name":"Inside-Lazy lepotuoli - Kaani","isPartOf":{"@id":"https:\/\/kaani.net\/#website"},"primaryImageOfPage":{"@id":"https:\/\/kaani.net\/tuotteet\/lepotuolit-ja-sohvat\/inside-lazy-lepotuoli-puu-ja-laippajalalla\/#primaryimage"},"image":{"@id":"https:\/\/kaani.net\/tuotteet\/lepotuolit-ja-sohvat\/inside-lazy-lepotuoli-puu-ja-laippajalalla\/#primaryimage"},"thumbnailUrl":"https:\/\/kaani.net\/wp-content\/uploads\/2023\/10\/Inside-Lazy_olohuone.png","datePublished":"2023-10-01T09:02:32+00:00","dateModified":"2025-11-20T11:54:00+00:00","description":"Inside lepotuoli on saatavana palauttavalla laippajalalla tai puujaloilla. Verhoiluun on valittavana kaikki soveltuvat laadukkaat kankaat ja Kaani nahat.","breadcrumb":{"@id":"https:\/\/kaani.net\/tuotteet\/lepotuolit-ja-sohvat\/inside-lazy-lepotuoli-puu-ja-laippajalalla\/#breadcrumb"},"inLanguage":"en-US","potentialAction":[{"@type":"ReadAction","target":["https:\/\/kaani.net\/tuotteet\/lepotuolit-ja-sohvat\/inside-lazy-lepotuoli-puu-ja-laippajalalla\/"]}]},{"@type":"ImageObject","inLanguage":"en-US","@id":"https:\/\/kaani.net\/tuotteet\/lepotuolit-ja-sohvat\/inside-lazy-lepotuoli-puu-ja-laippajalalla\/#primaryimage","url":"https:\/\/kaani.net\/wp-content\/uploads\/2023\/10\/Inside-Lazy_olohuone.png","contentUrl":"https:\/\/kaani.net\/wp-content\/uploads\/2023\/10\/Inside-Lazy_olohuone.png","width":1024,"height":1024},{"@type":"BreadcrumbList","@id":"https:\/\/kaani.net\/tuotteet\/lepotuolit-ja-sohvat\/inside-lazy-lepotuoli-puu-ja-laippajalalla\/#breadcrumb","itemListElement":[{"@type":"ListItem","position":1,"name":"Etusivu","item":"https:\/\/kaani.net\/"},{"@type":"ListItem","position":2,"name":"Tuotteet","item":"https:\/\/kaani.net\/tuotteet\/"},{"@type":"ListItem","position":3,"name":"Inside-Lazy lepotuoli"}]},{"@type":"WebSite","@id":"https:\/\/kaani.net\/#website","url":"https:\/\/kaani.net\/","name":"Kaani","description":"See the future!","publisher":{"@id":"https:\/\/kaani.net\/#organization"},"potentialAction":[{"@type":"SearchAction","target":{"@type":"EntryPoint","urlTemplate":"https:\/\/kaani.net\/?s={search_term_string}"},"query-input":{"@type":"PropertyValueSpecification","valueRequired":true,"valueName":"search_term_string"}}],"inLanguage":"en-US"},{"@type":"Organization","@id":"https:\/\/kaani.net\/#organization","name":"Kaani","url":"https:\/\/kaani.net\/","logo":{"@type":"ImageObject","inLanguage":"en-US","@id":"https:\/\/kaani.net\/#\/schema\/logo\/image\/","url":"https:\/\/kaani.net\/wp-content\/uploads\/2017\/09\/cropped-123_kaani_logoS-2-1.jpg","contentUrl":"https:\/\/kaani.net\/wp-content\/uploads\/2017\/09\/cropped-123_kaani_logoS-2-1.jpg","width":184,"height":80,"caption":"Kaani"},"image":{"@id":"https:\/\/kaani.net\/#\/schema\/logo\/image\/"}}]}},"_links":{"self":[{"href":"https:\/\/kaani.net\/en\/wp-json\/wp\/v2\/product\/9595","targetHints":{"allow":["GET"]}}],"collection":[{"href":"https:\/\/kaani.net\/en\/wp-json\/wp\/v2\/product"}],"about":[{"href":"https:\/\/kaani.net\/en\/wp-json\/wp\/v2\/types\/product"}],"wp:featuredmedia":[{"embeddable":true,"href":"https:\/\/kaani.net\/en\/wp-json\/wp\/v2\/media\/15173"}],"wp:attachment":[{"href":"https:\/\/kaani.net\/en\/wp-json\/wp\/v2\/media?parent=9595"}],"wp:term":[{"taxonomy":"product_brand","embeddable":true,"href":"https:\/\/kaani.net\/en\/wp-json\/wp\/v2\/product_brand?post=9595"},{"taxonomy":"product_cat","embeddable":true,"href":"https:\/\/kaani.net\/en\/wp-json\/wp\/v2\/product_cat?post=9595"},{"taxonomy":"product_tag","embeddable":true,"href":"https:\/\/kaani.net\/en\/wp-json\/wp\/v2\/product_tag?post=9595"}],"curies":[{"name":"wp","href":"https:\/\/api.w.org\/{rel}","templated":true}]}}