{"id":9603,"date":"2023-10-01T12:22:23","date_gmt":"2023-10-01T09:22:23","guid":{"rendered":"https:\/\/kaani.net\/?post_type=product&#038;p=9603"},"modified":"2025-12-12T13:50:51","modified_gmt":"2025-12-12T11:50:51","slug":"inside-original-sohvat-kotimaiset-sohvat","status":"publish","type":"product","link":"https:\/\/kaani.net\/en\/tuotteet\/lepotuolit-ja-sohvat\/inside-original-sohvat-kotimaiset-sohvat\/","title":{"rendered":"Inside-Original sofas"},"content":{"rendered":"<div class=\"vc_row wpb_row vc_row-fluid\"><div class=\"wpb_column vc_column_container vc_col-sm-12\"><div class=\"vc_column-inner\"><div class=\"wpb_wrapper\">\n\t<div class=\"wpb_text_column wpb_content_element\" >\n\t\t<div class=\"wpb_wrapper\">\n\t\t\t<p>For the pillows of the Inside collection, you can choose a relaxed, comfortable and luxurious Kaani softmix-padding or an inflexible and firmer foam-cotton padding.<\/p>\n<p>The frames of Inside sofas are made to withstand hard use and are also suitable for reupholstering.<\/p>\n\n\t\t<\/div>\n\t<\/div>\n<\/div><\/div><\/div><\/div>","protected":false},"excerpt":{"rendered":"<p><strong>INSIDE SOFAS AND EASY CHAIR<\/strong><\/p>\n<p>You can find different options from Inside sofa collection from single-seat armchairs to large corner sofas. You can choose Inside sofa with a divan or armrests. With the help of footstool, you can build a real oasis of relaxation.<\/p>\n<p>Inside-Lazy malliston suurempi istumasyvyys houkuttelee rentoon oleiluun.<br \/>\nThe detachable and movable pillow of the Inside collection provides good neck support even for a taller person.<br \/>\nThe frames of Inside sofas and armchairs are made up of solid wood and birch plywood. Inside sofas withstand hard use and can be reupholstered from generation to generation.<\/p>\n<p><strong>Inside-Original<\/strong> (ns. normaali istuinsyvyys)\u00a0 79cm syvyys \/ 43cm istuinkorkeus \/ 75cm kokonaiskorkeus<\/p>\n<p><strong>Leveys:<\/strong> 147cm\u00a0 sohva-2 \/ 200cm sohva-3 \/ 253cm sohva-4 \/ 305cm sohva-5<\/p>\n<p><strong>Inside rahi:<\/strong> 53*53cm \/ 79*79cm \/ 95*95cm \/ 138*138cm \/ 53*79cm<\/p>\n<p>Valittavana my\u00f6s 2 eri jalan korkeutta (4cm ja 8cm)<\/p>\n<p>&nbsp;<\/p>\n<p><strong><a href=\"https:\/\/kaani.net\/en\/materiaalit\/\">Materiaalit t\u00e4st\u00e4<\/a><\/strong><\/p>\n<p>Materiaali- ja v\u00e4rivaihtoehtoja Kaanilla on lukematon m\u00e4\u00e4r\u00e4. Siksi l\u00e4het\u00e4 tilauksesi yhteydess\u00e4 meille s\u00e4hk\u00f6postiin seuraavat tiedot:<\/p>\n<p><em>Ter\u00e4sosien v\u00e4ri \/ Kankaan nimi ja v\u00e4ri \/ <\/em><em>Puuosien materiaali (koivu \/ tammi \/ maalattu) ja pintak\u00e4sittely.<\/em><\/p>\n<p>Kindly contact us either by phone 044 906 4050 or email info@kaani.net when ordering this product.<\/p>","protected":false},"featured_media":4571,"template":"","meta":{"om_disable_all_campaigns":false,"_monsterinsights_skip_tracking":false,"_monsterinsights_sitenote_active":false,"_monsterinsights_sitenote_note":"","_monsterinsights_sitenote_category":0,"_uf_show_specific_survey":0,"_uf_disable_surveys":false},"product_brand":[],"product_cat":[723,754],"product_tag":[770,212,887,756,823],"class_list":{"0":"post-9603","1":"product","2":"type-product","3":"status-publish","4":"has-post-thumbnail","6":"product_cat-lepotuolit-ja-sohvat","7":"product_cat-inside","8":"product_tag-inside","9":"product_tag-kaani","10":"product_tag-kotimainen-sohva","11":"product_tag-sohva","12":"product_tag-sohva-ja-lepotuoli","14":"first","15":"instock","16":"taxable","17":"shipping-taxable","18":"product-type-simple"},"yoast_head":"<!-- This site is optimized with the Yoast SEO plugin v26.7 - https:\/\/yoast.com\/wordpress\/plugins\/seo\/ -->\n<title>Inside-Original sohvat - Kaani<\/title>\n<meta name=\"description\" content=\"Inside sohvamallistosta l\u00f6ytyy monia erilaisia vaihtoehtoja aina yhden istuttavista nojatuoleista suuriin kulmasohviin. Sohvat ovat uudelleen verhoiltavaksi\" \/>\n<meta name=\"robots\" content=\"index, follow, max-snippet:-1, max-image-preview:large, max-video-preview:-1\" \/>\n<link rel=\"canonical\" href=\"https:\/\/kaani.net\/en\/tuotteet\/lepotuolit-ja-sohvat\/inside-original-sohvat-kotimaiset-sohvat\/\" \/>\n<meta property=\"og:locale\" content=\"en_US\" \/>\n<meta property=\"og:type\" content=\"article\" \/>\n<meta property=\"og:title\" content=\"Inside-Original sohvat - Kaani\" \/>\n<meta property=\"og:description\" content=\"Inside sohvamallistosta l\u00f6ytyy monia erilaisia vaihtoehtoja aina yhden istuttavista nojatuoleista suuriin kulmasohviin. Sohvat ovat uudelleen verhoiltavaksi\" \/>\n<meta property=\"og:url\" content=\"https:\/\/kaani.net\/en\/tuotteet\/lepotuolit-ja-sohvat\/inside-original-sohvat-kotimaiset-sohvat\/\" \/>\n<meta property=\"og:site_name\" content=\"Kaani\" \/>\n<meta property=\"article:modified_time\" content=\"2025-12-12T11:50:51+00:00\" \/>\n<meta property=\"og:image\" content=\"https:\/\/kaani.net\/wp-content\/uploads\/2020\/06\/Robert_Jazz_Inside.jpg\" \/>\n\t<meta property=\"og:image:width\" content=\"1000\" \/>\n\t<meta property=\"og:image:height\" content=\"1000\" \/>\n\t<meta property=\"og:image:type\" content=\"image\/jpeg\" \/>\n<meta name=\"twitter:label1\" content=\"Est. reading time\" \/>\n\t<meta name=\"twitter:data1\" content=\"1 minute\" \/>\n<script type=\"application\/ld+json\" class=\"yoast-schema-graph\">{\"@context\":\"https:\/\/schema.org\",\"@graph\":[{\"@type\":\"WebPage\",\"@id\":\"https:\/\/kaani.net\/tuotteet\/lepotuolit-ja-sohvat\/inside-original-sohvat-kotimaiset-sohvat\/\",\"url\":\"https:\/\/kaani.net\/tuotteet\/lepotuolit-ja-sohvat\/inside-original-sohvat-kotimaiset-sohvat\/\",\"name\":\"Inside-Original sohvat - Kaani\",\"isPartOf\":{\"@id\":\"https:\/\/kaani.net\/#website\"},\"primaryImageOfPage\":{\"@id\":\"https:\/\/kaani.net\/tuotteet\/lepotuolit-ja-sohvat\/inside-original-sohvat-kotimaiset-sohvat\/#primaryimage\"},\"image\":{\"@id\":\"https:\/\/kaani.net\/tuotteet\/lepotuolit-ja-sohvat\/inside-original-sohvat-kotimaiset-sohvat\/#primaryimage\"},\"thumbnailUrl\":\"https:\/\/kaani.net\/wp-content\/uploads\/2020\/06\/Robert_Jazz_Inside.jpg\",\"datePublished\":\"2023-10-01T09:22:23+00:00\",\"dateModified\":\"2025-12-12T11:50:51+00:00\",\"description\":\"Inside sohvamallistosta l\u00f6ytyy monia erilaisia vaihtoehtoja aina yhden istuttavista nojatuoleista suuriin kulmasohviin. Sohvat ovat uudelleen verhoiltavaksi\",\"breadcrumb\":{\"@id\":\"https:\/\/kaani.net\/tuotteet\/lepotuolit-ja-sohvat\/inside-original-sohvat-kotimaiset-sohvat\/#breadcrumb\"},\"inLanguage\":\"en-US\",\"potentialAction\":[{\"@type\":\"ReadAction\",\"target\":[\"https:\/\/kaani.net\/tuotteet\/lepotuolit-ja-sohvat\/inside-original-sohvat-kotimaiset-sohvat\/\"]}]},{\"@type\":\"ImageObject\",\"inLanguage\":\"en-US\",\"@id\":\"https:\/\/kaani.net\/tuotteet\/lepotuolit-ja-sohvat\/inside-original-sohvat-kotimaiset-sohvat\/#primaryimage\",\"url\":\"https:\/\/kaani.net\/wp-content\/uploads\/2020\/06\/Robert_Jazz_Inside.jpg\",\"contentUrl\":\"https:\/\/kaani.net\/wp-content\/uploads\/2020\/06\/Robert_Jazz_Inside.jpg\",\"width\":1000,\"height\":1000,\"caption\":\"INSIDE ja JAZZ\"},{\"@type\":\"BreadcrumbList\",\"@id\":\"https:\/\/kaani.net\/tuotteet\/lepotuolit-ja-sohvat\/inside-original-sohvat-kotimaiset-sohvat\/#breadcrumb\",\"itemListElement\":[{\"@type\":\"ListItem\",\"position\":1,\"name\":\"Etusivu\",\"item\":\"https:\/\/kaani.net\/\"},{\"@type\":\"ListItem\",\"position\":2,\"name\":\"Tuotteet\",\"item\":\"https:\/\/kaani.net\/tuotteet\/\"},{\"@type\":\"ListItem\",\"position\":3,\"name\":\"Inside-Original sohvat\"}]},{\"@type\":\"WebSite\",\"@id\":\"https:\/\/kaani.net\/#website\",\"url\":\"https:\/\/kaani.net\/\",\"name\":\"Kaani\",\"description\":\"See the future!\",\"publisher\":{\"@id\":\"https:\/\/kaani.net\/#organization\"},\"potentialAction\":[{\"@type\":\"SearchAction\",\"target\":{\"@type\":\"EntryPoint\",\"urlTemplate\":\"https:\/\/kaani.net\/?s={search_term_string}\"},\"query-input\":{\"@type\":\"PropertyValueSpecification\",\"valueRequired\":true,\"valueName\":\"search_term_string\"}}],\"inLanguage\":\"en-US\"},{\"@type\":\"Organization\",\"@id\":\"https:\/\/kaani.net\/#organization\",\"name\":\"Kaani\",\"url\":\"https:\/\/kaani.net\/\",\"logo\":{\"@type\":\"ImageObject\",\"inLanguage\":\"en-US\",\"@id\":\"https:\/\/kaani.net\/#\/schema\/logo\/image\/\",\"url\":\"https:\/\/kaani.net\/wp-content\/uploads\/2017\/09\/cropped-123_kaani_logoS-2-1.jpg\",\"contentUrl\":\"https:\/\/kaani.net\/wp-content\/uploads\/2017\/09\/cropped-123_kaani_logoS-2-1.jpg\",\"width\":184,\"height\":80,\"caption\":\"Kaani\"},\"image\":{\"@id\":\"https:\/\/kaani.net\/#\/schema\/logo\/image\/\"}}]}<\/script>\n<!-- \/ Yoast SEO plugin. -->","yoast_head_json":{"title":"Inside-Original sohvat - Kaani","description":"Inside sohvamallistosta l\u00f6ytyy monia erilaisia vaihtoehtoja aina yhden istuttavista nojatuoleista suuriin kulmasohviin. Sohvat ovat uudelleen verhoiltavaksi","robots":{"index":"index","follow":"follow","max-snippet":"max-snippet:-1","max-image-preview":"max-image-preview:large","max-video-preview":"max-video-preview:-1"},"canonical":"https:\/\/kaani.net\/en\/tuotteet\/lepotuolit-ja-sohvat\/inside-original-sohvat-kotimaiset-sohvat\/","og_locale":"en_US","og_type":"article","og_title":"Inside-Original sohvat - Kaani","og_description":"Inside sohvamallistosta l\u00f6ytyy monia erilaisia vaihtoehtoja aina yhden istuttavista nojatuoleista suuriin kulmasohviin. Sohvat ovat uudelleen verhoiltavaksi","og_url":"https:\/\/kaani.net\/en\/tuotteet\/lepotuolit-ja-sohvat\/inside-original-sohvat-kotimaiset-sohvat\/","og_site_name":"Kaani","article_modified_time":"2025-12-12T11:50:51+00:00","og_image":[{"width":1000,"height":1000,"url":"https:\/\/kaani.net\/wp-content\/uploads\/2020\/06\/Robert_Jazz_Inside.jpg","type":"image\/jpeg"}],"twitter_misc":{"Est. reading time":"1 minute"},"schema":{"@context":"https:\/\/schema.org","@graph":[{"@type":"WebPage","@id":"https:\/\/kaani.net\/tuotteet\/lepotuolit-ja-sohvat\/inside-original-sohvat-kotimaiset-sohvat\/","url":"https:\/\/kaani.net\/tuotteet\/lepotuolit-ja-sohvat\/inside-original-sohvat-kotimaiset-sohvat\/","name":"Inside-Original sohvat - Kaani","isPartOf":{"@id":"https:\/\/kaani.net\/#website"},"primaryImageOfPage":{"@id":"https:\/\/kaani.net\/tuotteet\/lepotuolit-ja-sohvat\/inside-original-sohvat-kotimaiset-sohvat\/#primaryimage"},"image":{"@id":"https:\/\/kaani.net\/tuotteet\/lepotuolit-ja-sohvat\/inside-original-sohvat-kotimaiset-sohvat\/#primaryimage"},"thumbnailUrl":"https:\/\/kaani.net\/wp-content\/uploads\/2020\/06\/Robert_Jazz_Inside.jpg","datePublished":"2023-10-01T09:22:23+00:00","dateModified":"2025-12-12T11:50:51+00:00","description":"Inside sohvamallistosta l\u00f6ytyy monia erilaisia vaihtoehtoja aina yhden istuttavista nojatuoleista suuriin kulmasohviin. Sohvat ovat uudelleen verhoiltavaksi","breadcrumb":{"@id":"https:\/\/kaani.net\/tuotteet\/lepotuolit-ja-sohvat\/inside-original-sohvat-kotimaiset-sohvat\/#breadcrumb"},"inLanguage":"en-US","potentialAction":[{"@type":"ReadAction","target":["https:\/\/kaani.net\/tuotteet\/lepotuolit-ja-sohvat\/inside-original-sohvat-kotimaiset-sohvat\/"]}]},{"@type":"ImageObject","inLanguage":"en-US","@id":"https:\/\/kaani.net\/tuotteet\/lepotuolit-ja-sohvat\/inside-original-sohvat-kotimaiset-sohvat\/#primaryimage","url":"https:\/\/kaani.net\/wp-content\/uploads\/2020\/06\/Robert_Jazz_Inside.jpg","contentUrl":"https:\/\/kaani.net\/wp-content\/uploads\/2020\/06\/Robert_Jazz_Inside.jpg","width":1000,"height":1000,"caption":"INSIDE ja JAZZ"},{"@type":"BreadcrumbList","@id":"https:\/\/kaani.net\/tuotteet\/lepotuolit-ja-sohvat\/inside-original-sohvat-kotimaiset-sohvat\/#breadcrumb","itemListElement":[{"@type":"ListItem","position":1,"name":"Etusivu","item":"https:\/\/kaani.net\/"},{"@type":"ListItem","position":2,"name":"Tuotteet","item":"https:\/\/kaani.net\/tuotteet\/"},{"@type":"ListItem","position":3,"name":"Inside-Original sohvat"}]},{"@type":"WebSite","@id":"https:\/\/kaani.net\/#website","url":"https:\/\/kaani.net\/","name":"Kaani","description":"See the future!","publisher":{"@id":"https:\/\/kaani.net\/#organization"},"potentialAction":[{"@type":"SearchAction","target":{"@type":"EntryPoint","urlTemplate":"https:\/\/kaani.net\/?s={search_term_string}"},"query-input":{"@type":"PropertyValueSpecification","valueRequired":true,"valueName":"search_term_string"}}],"inLanguage":"en-US"},{"@type":"Organization","@id":"https:\/\/kaani.net\/#organization","name":"Kaani","url":"https:\/\/kaani.net\/","logo":{"@type":"ImageObject","inLanguage":"en-US","@id":"https:\/\/kaani.net\/#\/schema\/logo\/image\/","url":"https:\/\/kaani.net\/wp-content\/uploads\/2017\/09\/cropped-123_kaani_logoS-2-1.jpg","contentUrl":"https:\/\/kaani.net\/wp-content\/uploads\/2017\/09\/cropped-123_kaani_logoS-2-1.jpg","width":184,"height":80,"caption":"Kaani"},"image":{"@id":"https:\/\/kaani.net\/#\/schema\/logo\/image\/"}}]}},"_links":{"self":[{"href":"https:\/\/kaani.net\/en\/wp-json\/wp\/v2\/product\/9603","targetHints":{"allow":["GET"]}}],"collection":[{"href":"https:\/\/kaani.net\/en\/wp-json\/wp\/v2\/product"}],"about":[{"href":"https:\/\/kaani.net\/en\/wp-json\/wp\/v2\/types\/product"}],"wp:featuredmedia":[{"embeddable":true,"href":"https:\/\/kaani.net\/en\/wp-json\/wp\/v2\/media\/4571"}],"wp:attachment":[{"href":"https:\/\/kaani.net\/en\/wp-json\/wp\/v2\/media?parent=9603"}],"wp:term":[{"taxonomy":"product_brand","embeddable":true,"href":"https:\/\/kaani.net\/en\/wp-json\/wp\/v2\/product_brand?post=9603"},{"taxonomy":"product_cat","embeddable":true,"href":"https:\/\/kaani.net\/en\/wp-json\/wp\/v2\/product_cat?post=9603"},{"taxonomy":"product_tag","embeddable":true,"href":"https:\/\/kaani.net\/en\/wp-json\/wp\/v2\/product_tag?post=9603"}],"curies":[{"name":"wp","href":"https:\/\/api.w.org\/{rel}","templated":true}]}}