{"id":9776,"date":"2024-03-16T13:09:38","date_gmt":"2024-03-16T11:09:38","guid":{"rendered":"https:\/\/kaani.net\/?post_type=product&#038;p=9776"},"modified":"2026-02-04T17:08:27","modified_gmt":"2026-02-04T15:08:27","slug":"123versh-sohvat-kotimaiset-sohvat","status":"publish","type":"product","link":"https:\/\/kaani.net\/en\/tuotteet\/123-tuoteperhe\/123versh-sohvat-kotimaiset-sohvat\/","title":{"rendered":"123versH sohva (Original ja Lazy)"},"content":{"rendered":"<p><strong>123<\/strong><br \/>\n123 is Kaani's new and already very extensive product family. 123 products have a plain design and a clear Scandinavian line.<br \/>\nBy means of 123 products, you can create a fresh appearance for your home or office.<br \/>\nOnly the high-class raw materials are used in the production of 123 products.<\/p>","protected":false},"excerpt":{"rendered":"<p>This is a new product and the page is being updated. New pictures and product information are coming!<\/p>\n<p>The 123versH sofa's set and easy chairs are available with different upholstery options.<\/p>\n<p>Haluatko istua ryhdikk\u00e4\u00e4mmin vai l\u00f6h\u00f6ill\u00e4 mukavasti? Kaksi eri istuinsyvyytt\u00e4;<strong> Original ja Lazy<\/strong><\/p>\n<p>Millaisen istumakorkeuden haluat? Kolme jalkakorkeutta <strong>10, 12<\/strong> ja <strong>15cm<\/strong><\/p>\n<p>Tykk\u00e4\u00e4tk\u00f6 kapeammista vai leveist\u00e4 k\u00e4sinojista? Kolme eri k\u00e4sinojan paksuutta <strong>4, 8<\/strong> ja <strong>15cm<\/strong><\/p>\n<p>What kind of padding do you want? You can choose foam in different stiffnesses and Kaani Softmix padding<\/p>\n<p>Jalan muoto? Valittavissa <strong>kulmikkaat<\/strong> <strong>5*5cm<\/strong> ja <strong>py\u00f6re\u00e4t 7,6cm<\/strong><\/p>\n<p>Millainen verhoilumateriaali? Kaanilla on ns. <strong>vapaat kankaat<\/strong> ja <strong>nahat.<\/strong> Materiaaleissa ja v\u00e4reiss\u00e4 l\u00f6ytyy!<\/p>\n<p>Sofa's length? There are a lot of standard dimensions and also special measurements.<\/p>\n<p>Form? Straight sofa and corner options. Armrests and divan. Footstool \u2026\u2026 anything!<\/p>\n<p><strong>Note! <\/strong>123versH on vaihdettava huppuverhoilu my\u00f6s rungoissa. Runkojen materiaali on massiivipuuta ja vaneria. Jousitusvy\u00f6 on erikoisvahva ja kitisem\u00e4t\u00f6n materiaali.<\/p>\n<p>&nbsp;<\/p>\n<p><strong>123versH-Original<\/strong> (ns. normaali istuinsyvyys)\u00a0 82cm syvyys \/ 84cm korkeus \/ 43cm istuinkorkeus<\/p>\n<p><strong>123versH-Lazy<\/strong> (ns. suurempi istuinsyvyys) 100cm syvyys \/ 84cm korkeus \/ 43cm istuinkokeus<\/p>\n<p><strong>Lepotuolin leveys: <\/strong>63cm \/ 71cm \/ 85cm<\/p>\n<p><strong>Rahi: <\/strong>54*54cm \/ 54*70cm \/ 54*100cm \/ 70*70cm \/ 70*100cm \/ 100*100cm<\/p>\n<p>&nbsp;<\/p>\n<p>The best way to get information about this new product is from our store in Turku, by phone or email.<\/p>\n<p>Olethan yhteydess\u00e4 meihin joko puhelimitse <strong>044 906 4050<\/strong> tai s\u00e4hk\u00f6postilla <strong>info@kaani.net<\/strong> t\u00e4t\u00e4 tuotetta tilatessa.<\/p>\n<p><strong><a href=\"https:\/\/kaani.net\/en\/materiaalit\/\">Materiaalit t\u00e4st\u00e4<\/a><\/strong><\/p>\n<p>Materiaali- ja v\u00e4rivaihtoehtoja Kaanilla on lukematon m\u00e4\u00e4r\u00e4. Siksi l\u00e4het\u00e4 tilauksesi yhteydess\u00e4 meille s\u00e4hk\u00f6postiin seuraavat tiedot:<\/p>\n<p><em>Ter\u00e4sosien v\u00e4ri \/ Kankaan nimi ja v\u00e4ri \/ <\/em><em>Puuosien materiaali (koivu \/ tammi \/ maalattu) ja pintak\u00e4sittely.<\/em><\/p>\n<p>&nbsp;<\/p>\n<p>&nbsp;<\/p>\n<p><em>\u00a0<\/em><\/p>","protected":false},"featured_media":15430,"template":"","meta":{"om_disable_all_campaigns":false,"_monsterinsights_skip_tracking":false,"_monsterinsights_sitenote_active":false,"_monsterinsights_sitenote_note":"","_monsterinsights_sitenote_category":0,"_uf_show_specific_survey":0,"_uf_disable_surveys":false},"product_brand":[],"product_cat":[723,109],"product_tag":[110,212,887,111,244,756,823],"class_list":{"0":"post-9776","1":"product","2":"type-product","3":"status-publish","4":"has-post-thumbnail","6":"product_cat-lepotuolit-ja-sohvat","7":"product_cat-123-tuoteperhe","8":"product_tag-110","9":"product_tag-kaani","10":"product_tag-kotimainen-sohva","11":"product_tag-lepotuoli","12":"product_tag-nojatuoli","13":"product_tag-sohva","14":"product_tag-sohva-ja-lepotuoli","16":"first","17":"instock","18":"taxable","19":"shipping-taxable","20":"product-type-simple"},"yoast_head":"<!-- This site is optimized with the Yoast SEO plugin v26.7 - https:\/\/yoast.com\/wordpress\/plugins\/seo\/ -->\n<title>123versH sohva (Original ja Lazy) - Kaani<\/title>\n<meta name=\"description\" content=\"123 sohvat ja lepotuolit. Vaihdettava huppuverhoilu my\u00f6s rungoissa. Runkojen materiaali on massiivipuuta ja vaneria. Kotimainen ja laadukas sohva Turusta.\" \/>\n<meta name=\"robots\" content=\"index, follow, max-snippet:-1, max-image-preview:large, max-video-preview:-1\" \/>\n<link rel=\"canonical\" href=\"https:\/\/kaani.net\/en\/tuotteet\/123-tuoteperhe\/123versh-sohvat-kotimaiset-sohvat\/\" \/>\n<meta property=\"og:locale\" content=\"en_US\" \/>\n<meta property=\"og:type\" content=\"article\" \/>\n<meta property=\"og:title\" content=\"123versH sohva (Original ja Lazy) - Kaani\" \/>\n<meta property=\"og:description\" content=\"123 sohvat ja lepotuolit. Vaihdettava huppuverhoilu my\u00f6s rungoissa. Runkojen materiaali on massiivipuuta ja vaneria. Kotimainen ja laadukas sohva Turusta.\" \/>\n<meta property=\"og:url\" content=\"https:\/\/kaani.net\/en\/tuotteet\/123-tuoteperhe\/123versh-sohvat-kotimaiset-sohvat\/\" \/>\n<meta property=\"og:site_name\" content=\"Kaani\" \/>\n<meta property=\"article:modified_time\" content=\"2026-02-04T15:08:27+00:00\" \/>\n<meta property=\"og:image\" content=\"https:\/\/kaani.net\/wp-content\/uploads\/2024\/03\/123versH-Lazy.png\" \/>\n\t<meta property=\"og:image:width\" content=\"1024\" \/>\n\t<meta property=\"og:image:height\" content=\"1024\" \/>\n\t<meta property=\"og:image:type\" content=\"image\/png\" \/>\n<meta name=\"twitter:label1\" content=\"Est. reading time\" \/>\n\t<meta name=\"twitter:data1\" content=\"1 minute\" \/>\n<script type=\"application\/ld+json\" class=\"yoast-schema-graph\">{\"@context\":\"https:\/\/schema.org\",\"@graph\":[{\"@type\":\"WebPage\",\"@id\":\"https:\/\/kaani.net\/tuotteet\/123-tuoteperhe\/123versh-sohvat-kotimaiset-sohvat\/\",\"url\":\"https:\/\/kaani.net\/tuotteet\/123-tuoteperhe\/123versh-sohvat-kotimaiset-sohvat\/\",\"name\":\"123versH sohva (Original ja Lazy) - Kaani\",\"isPartOf\":{\"@id\":\"https:\/\/kaani.net\/#website\"},\"primaryImageOfPage\":{\"@id\":\"https:\/\/kaani.net\/tuotteet\/123-tuoteperhe\/123versh-sohvat-kotimaiset-sohvat\/#primaryimage\"},\"image\":{\"@id\":\"https:\/\/kaani.net\/tuotteet\/123-tuoteperhe\/123versh-sohvat-kotimaiset-sohvat\/#primaryimage\"},\"thumbnailUrl\":\"https:\/\/kaani.net\/wp-content\/uploads\/2024\/03\/123versH-Lazy.png\",\"datePublished\":\"2024-03-16T11:09:38+00:00\",\"dateModified\":\"2026-02-04T15:08:27+00:00\",\"description\":\"123 sohvat ja lepotuolit. Vaihdettava huppuverhoilu my\u00f6s rungoissa. Runkojen materiaali on massiivipuuta ja vaneria. Kotimainen ja laadukas sohva Turusta.\",\"breadcrumb\":{\"@id\":\"https:\/\/kaani.net\/tuotteet\/123-tuoteperhe\/123versh-sohvat-kotimaiset-sohvat\/#breadcrumb\"},\"inLanguage\":\"en-US\",\"potentialAction\":[{\"@type\":\"ReadAction\",\"target\":[\"https:\/\/kaani.net\/tuotteet\/123-tuoteperhe\/123versh-sohvat-kotimaiset-sohvat\/\"]}]},{\"@type\":\"ImageObject\",\"inLanguage\":\"en-US\",\"@id\":\"https:\/\/kaani.net\/tuotteet\/123-tuoteperhe\/123versh-sohvat-kotimaiset-sohvat\/#primaryimage\",\"url\":\"https:\/\/kaani.net\/wp-content\/uploads\/2024\/03\/123versH-Lazy.png\",\"contentUrl\":\"https:\/\/kaani.net\/wp-content\/uploads\/2024\/03\/123versH-Lazy.png\",\"width\":1024,\"height\":1024,\"caption\":\"Haluatko istua ryhdikk\u00e4\u00e4mmin vai l\u00f6h\u00f6ill\u00e4 mukavasti? Kaksi eri istuinsyvyytt\u00e4; Original ja Lazy Millaisen istumakorkeuden haluat? Kolme jalkakorkeutta 10, 12 ja 15cm Tykk\u00e4\u00e4tk\u00f6 kapeammista vai leveist\u00e4 k\u00e4sinojista? Kolme eri k\u00e4sinojan paksuutta 4, 8 ja 15cm Millaiset pehmusteet haluat? Valittavissa vaahtomuovi eri j\u00e4ykkyydet ja Kaani Softmix pehmusteet Jalan muoto? Valittavissa kulmikkaat 5*5cm ja py\u00f6re\u00e4t 7,6cm Millainen verhoilumateriaali? Kaanilla on ns. vapaat kankaat ja nahat. Materiaaleissa ja v\u00e4reiss\u00e4 l\u00f6ytyy! Sohvan pituus? Vakiomittoja on vaikka kuinka ja erikoismitat sen lis\u00e4ksi. Muoto? Suora sohva ja kulmavaihtoehdot. K\u00e4sinojat ja divaanip\u00e4\u00e4dyt. Rahit \u2026\u2026 mit\u00e4 vain! Huom! 123versH on vaihdettava huppuverhoilu my\u00f6s rungoissa. Runkojen materiaali on massiivipuuta ja vaneria. Jousitusvy\u00f6 on erikoisvahva ja kitisem\u00e4t\u00f6n materiaali.\"},{\"@type\":\"BreadcrumbList\",\"@id\":\"https:\/\/kaani.net\/tuotteet\/123-tuoteperhe\/123versh-sohvat-kotimaiset-sohvat\/#breadcrumb\",\"itemListElement\":[{\"@type\":\"ListItem\",\"position\":1,\"name\":\"Etusivu\",\"item\":\"https:\/\/kaani.net\/\"},{\"@type\":\"ListItem\",\"position\":2,\"name\":\"Tuotteet\",\"item\":\"https:\/\/kaani.net\/tuotteet\/\"},{\"@type\":\"ListItem\",\"position\":3,\"name\":\"123versH sohva (Original ja Lazy)\"}]},{\"@type\":\"WebSite\",\"@id\":\"https:\/\/kaani.net\/#website\",\"url\":\"https:\/\/kaani.net\/\",\"name\":\"Kaani\",\"description\":\"See the future!\",\"publisher\":{\"@id\":\"https:\/\/kaani.net\/#organization\"},\"potentialAction\":[{\"@type\":\"SearchAction\",\"target\":{\"@type\":\"EntryPoint\",\"urlTemplate\":\"https:\/\/kaani.net\/?s={search_term_string}\"},\"query-input\":{\"@type\":\"PropertyValueSpecification\",\"valueRequired\":true,\"valueName\":\"search_term_string\"}}],\"inLanguage\":\"en-US\"},{\"@type\":\"Organization\",\"@id\":\"https:\/\/kaani.net\/#organization\",\"name\":\"Kaani\",\"url\":\"https:\/\/kaani.net\/\",\"logo\":{\"@type\":\"ImageObject\",\"inLanguage\":\"en-US\",\"@id\":\"https:\/\/kaani.net\/#\/schema\/logo\/image\/\",\"url\":\"https:\/\/kaani.net\/wp-content\/uploads\/2017\/09\/cropped-123_kaani_logoS-2-1.jpg\",\"contentUrl\":\"https:\/\/kaani.net\/wp-content\/uploads\/2017\/09\/cropped-123_kaani_logoS-2-1.jpg\",\"width\":184,\"height\":80,\"caption\":\"Kaani\"},\"image\":{\"@id\":\"https:\/\/kaani.net\/#\/schema\/logo\/image\/\"}}]}<\/script>\n<!-- \/ Yoast SEO plugin. -->","yoast_head_json":{"title":"123versH sohva (Original ja Lazy) - Kaani","description":"123 sohvat ja lepotuolit. Vaihdettava huppuverhoilu my\u00f6s rungoissa. Runkojen materiaali on massiivipuuta ja vaneria. Kotimainen ja laadukas sohva Turusta.","robots":{"index":"index","follow":"follow","max-snippet":"max-snippet:-1","max-image-preview":"max-image-preview:large","max-video-preview":"max-video-preview:-1"},"canonical":"https:\/\/kaani.net\/en\/tuotteet\/123-tuoteperhe\/123versh-sohvat-kotimaiset-sohvat\/","og_locale":"en_US","og_type":"article","og_title":"123versH sohva (Original ja Lazy) - Kaani","og_description":"123 sohvat ja lepotuolit. Vaihdettava huppuverhoilu my\u00f6s rungoissa. Runkojen materiaali on massiivipuuta ja vaneria. Kotimainen ja laadukas sohva Turusta.","og_url":"https:\/\/kaani.net\/en\/tuotteet\/123-tuoteperhe\/123versh-sohvat-kotimaiset-sohvat\/","og_site_name":"Kaani","article_modified_time":"2026-02-04T15:08:27+00:00","og_image":[{"width":1024,"height":1024,"url":"https:\/\/kaani.net\/wp-content\/uploads\/2024\/03\/123versH-Lazy.png","type":"image\/png"}],"twitter_misc":{"Est. reading time":"1 minute"},"schema":{"@context":"https:\/\/schema.org","@graph":[{"@type":"WebPage","@id":"https:\/\/kaani.net\/tuotteet\/123-tuoteperhe\/123versh-sohvat-kotimaiset-sohvat\/","url":"https:\/\/kaani.net\/tuotteet\/123-tuoteperhe\/123versh-sohvat-kotimaiset-sohvat\/","name":"123versH sohva (Original ja Lazy) - Kaani","isPartOf":{"@id":"https:\/\/kaani.net\/#website"},"primaryImageOfPage":{"@id":"https:\/\/kaani.net\/tuotteet\/123-tuoteperhe\/123versh-sohvat-kotimaiset-sohvat\/#primaryimage"},"image":{"@id":"https:\/\/kaani.net\/tuotteet\/123-tuoteperhe\/123versh-sohvat-kotimaiset-sohvat\/#primaryimage"},"thumbnailUrl":"https:\/\/kaani.net\/wp-content\/uploads\/2024\/03\/123versH-Lazy.png","datePublished":"2024-03-16T11:09:38+00:00","dateModified":"2026-02-04T15:08:27+00:00","description":"123 sohvat ja lepotuolit. Vaihdettava huppuverhoilu my\u00f6s rungoissa. Runkojen materiaali on massiivipuuta ja vaneria. Kotimainen ja laadukas sohva Turusta.","breadcrumb":{"@id":"https:\/\/kaani.net\/tuotteet\/123-tuoteperhe\/123versh-sohvat-kotimaiset-sohvat\/#breadcrumb"},"inLanguage":"en-US","potentialAction":[{"@type":"ReadAction","target":["https:\/\/kaani.net\/tuotteet\/123-tuoteperhe\/123versh-sohvat-kotimaiset-sohvat\/"]}]},{"@type":"ImageObject","inLanguage":"en-US","@id":"https:\/\/kaani.net\/tuotteet\/123-tuoteperhe\/123versh-sohvat-kotimaiset-sohvat\/#primaryimage","url":"https:\/\/kaani.net\/wp-content\/uploads\/2024\/03\/123versH-Lazy.png","contentUrl":"https:\/\/kaani.net\/wp-content\/uploads\/2024\/03\/123versH-Lazy.png","width":1024,"height":1024,"caption":"Haluatko istua ryhdikk\u00e4\u00e4mmin vai l\u00f6h\u00f6ill\u00e4 mukavasti? Kaksi eri istuinsyvyytt\u00e4; Original ja Lazy Millaisen istumakorkeuden haluat? Kolme jalkakorkeutta 10, 12 ja 15cm Tykk\u00e4\u00e4tk\u00f6 kapeammista vai leveist\u00e4 k\u00e4sinojista? Kolme eri k\u00e4sinojan paksuutta 4, 8 ja 15cm Millaiset pehmusteet haluat? Valittavissa vaahtomuovi eri j\u00e4ykkyydet ja Kaani Softmix pehmusteet Jalan muoto? Valittavissa kulmikkaat 5*5cm ja py\u00f6re\u00e4t 7,6cm Millainen verhoilumateriaali? Kaanilla on ns. vapaat kankaat ja nahat. Materiaaleissa ja v\u00e4reiss\u00e4 l\u00f6ytyy! Sohvan pituus? Vakiomittoja on vaikka kuinka ja erikoismitat sen lis\u00e4ksi. Muoto? Suora sohva ja kulmavaihtoehdot. K\u00e4sinojat ja divaanip\u00e4\u00e4dyt. Rahit \u2026\u2026 mit\u00e4 vain! Huom! 123versH on vaihdettava huppuverhoilu my\u00f6s rungoissa. Runkojen materiaali on massiivipuuta ja vaneria. Jousitusvy\u00f6 on erikoisvahva ja kitisem\u00e4t\u00f6n materiaali."},{"@type":"BreadcrumbList","@id":"https:\/\/kaani.net\/tuotteet\/123-tuoteperhe\/123versh-sohvat-kotimaiset-sohvat\/#breadcrumb","itemListElement":[{"@type":"ListItem","position":1,"name":"Etusivu","item":"https:\/\/kaani.net\/"},{"@type":"ListItem","position":2,"name":"Tuotteet","item":"https:\/\/kaani.net\/tuotteet\/"},{"@type":"ListItem","position":3,"name":"123versH sohva (Original ja Lazy)"}]},{"@type":"WebSite","@id":"https:\/\/kaani.net\/#website","url":"https:\/\/kaani.net\/","name":"Kaani","description":"See the future!","publisher":{"@id":"https:\/\/kaani.net\/#organization"},"potentialAction":[{"@type":"SearchAction","target":{"@type":"EntryPoint","urlTemplate":"https:\/\/kaani.net\/?s={search_term_string}"},"query-input":{"@type":"PropertyValueSpecification","valueRequired":true,"valueName":"search_term_string"}}],"inLanguage":"en-US"},{"@type":"Organization","@id":"https:\/\/kaani.net\/#organization","name":"Kaani","url":"https:\/\/kaani.net\/","logo":{"@type":"ImageObject","inLanguage":"en-US","@id":"https:\/\/kaani.net\/#\/schema\/logo\/image\/","url":"https:\/\/kaani.net\/wp-content\/uploads\/2017\/09\/cropped-123_kaani_logoS-2-1.jpg","contentUrl":"https:\/\/kaani.net\/wp-content\/uploads\/2017\/09\/cropped-123_kaani_logoS-2-1.jpg","width":184,"height":80,"caption":"Kaani"},"image":{"@id":"https:\/\/kaani.net\/#\/schema\/logo\/image\/"}}]}},"_links":{"self":[{"href":"https:\/\/kaani.net\/en\/wp-json\/wp\/v2\/product\/9776","targetHints":{"allow":["GET"]}}],"collection":[{"href":"https:\/\/kaani.net\/en\/wp-json\/wp\/v2\/product"}],"about":[{"href":"https:\/\/kaani.net\/en\/wp-json\/wp\/v2\/types\/product"}],"wp:featuredmedia":[{"embeddable":true,"href":"https:\/\/kaani.net\/en\/wp-json\/wp\/v2\/media\/15430"}],"wp:attachment":[{"href":"https:\/\/kaani.net\/en\/wp-json\/wp\/v2\/media?parent=9776"}],"wp:term":[{"taxonomy":"product_brand","embeddable":true,"href":"https:\/\/kaani.net\/en\/wp-json\/wp\/v2\/product_brand?post=9776"},{"taxonomy":"product_cat","embeddable":true,"href":"https:\/\/kaani.net\/en\/wp-json\/wp\/v2\/product_cat?post=9776"},{"taxonomy":"product_tag","embeddable":true,"href":"https:\/\/kaani.net\/en\/wp-json\/wp\/v2\/product_tag?post=9776"}],"curies":[{"name":"wp","href":"https:\/\/api.w.org\/{rel}","templated":true}]}}